{"id":42595,"date":"2025-07-29T15:58:37","date_gmt":"2025-07-29T13:58:37","guid":{"rendered":"https:\/\/naturalpoland.com\/produkty\/nezarazene\/extrakt-z-brezovych-listu\/"},"modified":"2025-08-07T14:34:47","modified_gmt":"2025-08-07T12:34:47","slug":"extrakt-z-brezovych-listu","status":"publish","type":"product","link":"https:\/\/naturalpoland.com\/cs\/produkty\/rostlinne-vytazky\/extrakt-z-brezovych-listu\/","title":{"rendered":"Extrakt z b\u0159ezov\u00fdch list\u016f"},"content":{"rendered":"<p>Extrakt z b\u0159ezov\u00fdch list\u016f se vyzna\u010duje pr\u016fhlednou slonovinovou barvou a p\u0159irozenou, charakteristickou v\u016fn\u00ed. Je to produkt rozpustn\u00fd ve vod\u011b a \u010d\u00e1ste\u010dn\u011b rozpustn\u00fd v alkoholu, nerozpustn\u00fd v miner\u00e1ln\u00edch olej\u00edch. <\/p>\n<h2>Vlastnosti a pou\u017eit\u00ed extraktu z b\u0159ezov\u00fdch list\u016f<\/h2>\n<p>Extrakt m\u00e1 \u010distic\u00ed, detoxika\u010dn\u00ed a mo\u010dopudn\u00e9 \u00fa\u010dinky. Tradi\u010dn\u011b se pou\u017e\u00edv\u00e1 v p\u0159\u00edpravc\u00edch podporuj\u00edc\u00edch funkci ledvin a jater, urychluj\u00edc\u00edch odstra\u0148ov\u00e1n\u00ed toxin\u016f z t\u011bla a zm\u00edr\u0148uj\u00edc\u00edch z\u00e1n\u011bty. <\/p>\n<p>V kosmetice se pou\u017e\u00edv\u00e1 jako slo\u017eka \u010distic\u00edch, toniza\u010dn\u00edch a adstringentn\u00edch p\u0159\u00edpravk\u016f. Pom\u00e1h\u00e1 zlep\u0161it stav mastn\u00e9 a problematick\u00e9 pleti, p\u016fsob\u00ed antibakteri\u00e1ln\u011b a protiz\u00e1n\u011btliv\u011b. B\u0159ezov\u00fd extrakt m\u016f\u017ee tak\u00e9 podporovat mikrocirkulaci, a t\u00edm p\u0159isp\u00edvat ke zlep\u0161en\u00ed elasticity poko\u017eky a jej\u00ed v\u00fd\u017eivy. D\u00edky p\u0159\u00edrodn\u00edmu p\u016fvodu a jemn\u00e9mu mikrobiologick\u00e9mu profilu je surovina vhodn\u00e1 i pro v\u00fdrobky ur\u010den\u00e9 pro citlivou a podr\u00e1\u017ed\u011bnou poko\u017eku.   <\/p>\n","protected":false},"excerpt":{"rendered":"<p><strong>Extrakt z b\u0159ezov\u00fdch list\u016f<\/strong> se z\u00edsk\u00e1v\u00e1 \u0161etrnou extrakc\u00ed such\u00fdch list\u016f rostliny <em>Betula pubescens<\/em> pomoc\u00ed vodno-glycerinov\u00e9ho roztoku, bez pou\u017eit\u00ed z\u00e1\u0159en\u00ed nebo ethylenoxidu.<\/p>\n","protected":false},"featured_media":42298,"template":"","meta":[],"product_brand":[],"product_cat":[622],"product_tag":[],"class_list":{"0":"post-42595","1":"product","2":"type-product","3":"status-publish","4":"has-post-thumbnail","6":"product_cat-rostlinne-vytazky","7":"pa_czesc-rosliny-listy","8":"pa_metoda-pozyskiwania-extrakce-pomoci-roztoku-vody-a-glycerinu","10":"first","11":"instock","12":"shipping-taxable","13":"product-type-simple"},"yoast_head":"<!-- This site is optimized with the Yoast SEO plugin v27.3 - https:\/\/yoast.com\/product\/yoast-seo-wordpress\/ -->\n<title>Extrakt z b\u0159ezov\u00fdch list\u016f - Velkoobchodn\u00ed distributor<\/title>\n<meta name=\"description\" content=\"Extrakt z b\u0159ezov\u00fdch list\u016f je rostlinn\u00e1 surovina z\u00edskan\u00e1 \u0161etrnou extrakc\u00ed such\u00fdch list\u016f pomoc\u00ed vodno-glycerinov\u00e9ho roztoku.\" \/>\n<meta name=\"robots\" content=\"index, follow, max-snippet:-1, max-image-preview:large, max-video-preview:-1\" \/>\n<link rel=\"canonical\" href=\"https:\/\/naturalpoland.com\/cs\/produkty\/rostlinne-vytazky\/extrakt-z-brezovych-listu\/\" \/>\n<meta property=\"og:locale\" content=\"cs_CZ\" \/>\n<meta property=\"og:type\" content=\"article\" \/>\n<meta property=\"og:title\" content=\"Extrakt z b\u0159ezov\u00fdch list\u016f - Velkoobchodn\u00ed distributor\" \/>\n<meta property=\"og:description\" content=\"Extrakt z b\u0159ezov\u00fdch list\u016f je rostlinn\u00e1 surovina z\u00edskan\u00e1 \u0161etrnou extrakc\u00ed such\u00fdch list\u016f pomoc\u00ed vodno-glycerinov\u00e9ho roztoku.\" \/>\n<meta property=\"og:url\" content=\"https:\/\/naturalpoland.com\/cs\/produkty\/rostlinne-vytazky\/extrakt-z-brezovych-listu\/\" \/>\n<meta property=\"og:site_name\" content=\"NATURAL POLAND - Velkoobchodn\u00ed distributor surovin\" \/>\n<meta property=\"article:publisher\" content=\"https:\/\/www.facebook.com\/naturalpoland.b2b\" \/>\n<meta property=\"article:modified_time\" content=\"2025-08-07T12:34:47+00:00\" \/>\n<meta property=\"og:image\" content=\"https:\/\/naturalpoland.com\/wp-content\/uploads\/ekstrakt-z-lisci-brzozy.webp\" \/>\n\t<meta property=\"og:image:width\" content=\"1024\" \/>\n\t<meta property=\"og:image:height\" content=\"1024\" \/>\n\t<meta property=\"og:image:type\" content=\"image\/webp\" \/>\n<script type=\"application\/ld+json\" class=\"yoast-schema-graph\">{\"@context\":\"https:\\\/\\\/schema.org\",\"@graph\":[{\"@type\":\"WebPage\",\"@id\":\"https:\\\/\\\/naturalpoland.com\\\/cs\\\/produkty\\\/rostlinne-vytazky\\\/extrakt-z-brezovych-listu\\\/\",\"url\":\"https:\\\/\\\/naturalpoland.com\\\/cs\\\/produkty\\\/rostlinne-vytazky\\\/extrakt-z-brezovych-listu\\\/\",\"name\":\"Extrakt z b\u0159ezov\u00fdch list\u016f - Velkoobchodn\u00ed distributor\",\"isPartOf\":{\"@id\":\"https:\\\/\\\/naturalpoland.com\\\/cs\\\/#website\"},\"primaryImageOfPage\":{\"@id\":\"https:\\\/\\\/naturalpoland.com\\\/cs\\\/produkty\\\/rostlinne-vytazky\\\/extrakt-z-brezovych-listu\\\/#primaryimage\"},\"image\":{\"@id\":\"https:\\\/\\\/naturalpoland.com\\\/cs\\\/produkty\\\/rostlinne-vytazky\\\/extrakt-z-brezovych-listu\\\/#primaryimage\"},\"thumbnailUrl\":\"https:\\\/\\\/naturalpoland.com\\\/wp-content\\\/uploads\\\/ekstrakt-z-lisci-brzozy.webp\",\"datePublished\":\"2025-07-29T13:58:37+00:00\",\"dateModified\":\"2025-08-07T12:34:47+00:00\",\"description\":\"Extrakt z b\u0159ezov\u00fdch list\u016f je rostlinn\u00e1 surovina z\u00edskan\u00e1 \u0161etrnou extrakc\u00ed such\u00fdch list\u016f pomoc\u00ed vodno-glycerinov\u00e9ho roztoku.\",\"breadcrumb\":{\"@id\":\"https:\\\/\\\/naturalpoland.com\\\/cs\\\/produkty\\\/rostlinne-vytazky\\\/extrakt-z-brezovych-listu\\\/#breadcrumb\"},\"inLanguage\":\"cs\",\"potentialAction\":[{\"@type\":\"ReadAction\",\"target\":[\"https:\\\/\\\/naturalpoland.com\\\/cs\\\/produkty\\\/rostlinne-vytazky\\\/extrakt-z-brezovych-listu\\\/\"]}]},{\"@type\":\"ImageObject\",\"inLanguage\":\"cs\",\"@id\":\"https:\\\/\\\/naturalpoland.com\\\/cs\\\/produkty\\\/rostlinne-vytazky\\\/extrakt-z-brezovych-listu\\\/#primaryimage\",\"url\":\"https:\\\/\\\/naturalpoland.com\\\/wp-content\\\/uploads\\\/ekstrakt-z-lisci-brzozy.webp\",\"contentUrl\":\"https:\\\/\\\/naturalpoland.com\\\/wp-content\\\/uploads\\\/ekstrakt-z-lisci-brzozy.webp\",\"width\":1024,\"height\":1024,\"caption\":\"ekstrakt z li\u015bci brzozy w formie p\u0142ynnej\"},{\"@type\":\"BreadcrumbList\",\"@id\":\"https:\\\/\\\/naturalpoland.com\\\/cs\\\/produkty\\\/rostlinne-vytazky\\\/extrakt-z-brezovych-listu\\\/#breadcrumb\",\"itemListElement\":[{\"@type\":\"ListItem\",\"position\":1,\"name\":\"Dom\u016f\",\"item\":\"https:\\\/\\\/naturalpoland.com\\\/cs\\\/\"},{\"@type\":\"ListItem\",\"position\":2,\"name\":\"Produkty\",\"item\":\"https:\\\/\\\/naturalpoland.com\\\/cs\\\/produkty\\\/\"},{\"@type\":\"ListItem\",\"position\":3,\"name\":\"Extrakt z b\u0159ezov\u00fdch list\u016f\"}]},{\"@type\":\"WebSite\",\"@id\":\"https:\\\/\\\/naturalpoland.com\\\/cs\\\/#website\",\"url\":\"https:\\\/\\\/naturalpoland.com\\\/cs\\\/\",\"name\":\"NATURAL POLAND - Velkoobchodn\u00ed distributor surovin\",\"description\":\"Surowce dla przemys\u0142u spo\u017cywczego, kosmetycznego i farmaceutycznego\",\"publisher\":{\"@id\":\"https:\\\/\\\/naturalpoland.com\\\/cs\\\/#organization\"},\"potentialAction\":[{\"@type\":\"SearchAction\",\"target\":{\"@type\":\"EntryPoint\",\"urlTemplate\":\"https:\\\/\\\/naturalpoland.com\\\/cs\\\/?s={search_term_string}\"},\"query-input\":{\"@type\":\"PropertyValueSpecification\",\"valueRequired\":true,\"valueName\":\"search_term_string\"}}],\"inLanguage\":\"cs\"},{\"@type\":\"Organization\",\"@id\":\"https:\\\/\\\/naturalpoland.com\\\/cs\\\/#organization\",\"name\":\"Natural Poland\",\"url\":\"https:\\\/\\\/naturalpoland.com\\\/cs\\\/\",\"logo\":{\"@type\":\"ImageObject\",\"inLanguage\":\"cs\",\"@id\":\"https:\\\/\\\/naturalpoland.com\\\/cs\\\/#\\\/schema\\\/logo\\\/image\\\/\",\"url\":\"https:\\\/\\\/naturalpoland.com\\\/wp-content\\\/uploads\\\/2021\\\/05\\\/natural-poland-icon.png\",\"contentUrl\":\"https:\\\/\\\/naturalpoland.com\\\/wp-content\\\/uploads\\\/2021\\\/05\\\/natural-poland-icon.png\",\"width\":512,\"height\":512,\"caption\":\"Natural Poland\"},\"image\":{\"@id\":\"https:\\\/\\\/naturalpoland.com\\\/cs\\\/#\\\/schema\\\/logo\\\/image\\\/\"},\"sameAs\":[\"https:\\\/\\\/www.facebook.com\\\/naturalpoland.b2b\",\"https:\\\/\\\/pl.linkedin.com\\\/company\\\/natural-poland\",\"https:\\\/\\\/www.youtube.com\\\/channel\\\/UCgeGGkvOMahZo-xu_MSEWxg\"]}]}<\/script>\n<!-- \/ Yoast SEO plugin. -->","yoast_head_json":{"title":"Extrakt z b\u0159ezov\u00fdch list\u016f - Velkoobchodn\u00ed distributor","description":"Extrakt z b\u0159ezov\u00fdch list\u016f je rostlinn\u00e1 surovina z\u00edskan\u00e1 \u0161etrnou extrakc\u00ed such\u00fdch list\u016f pomoc\u00ed vodno-glycerinov\u00e9ho roztoku.","robots":{"index":"index","follow":"follow","max-snippet":"max-snippet:-1","max-image-preview":"max-image-preview:large","max-video-preview":"max-video-preview:-1"},"canonical":"https:\/\/naturalpoland.com\/cs\/produkty\/rostlinne-vytazky\/extrakt-z-brezovych-listu\/","og_locale":"cs_CZ","og_type":"article","og_title":"Extrakt z b\u0159ezov\u00fdch list\u016f - Velkoobchodn\u00ed distributor","og_description":"Extrakt z b\u0159ezov\u00fdch list\u016f je rostlinn\u00e1 surovina z\u00edskan\u00e1 \u0161etrnou extrakc\u00ed such\u00fdch list\u016f pomoc\u00ed vodno-glycerinov\u00e9ho roztoku.","og_url":"https:\/\/naturalpoland.com\/cs\/produkty\/rostlinne-vytazky\/extrakt-z-brezovych-listu\/","og_site_name":"NATURAL POLAND - Velkoobchodn\u00ed distributor surovin","article_publisher":"https:\/\/www.facebook.com\/naturalpoland.b2b","article_modified_time":"2025-08-07T12:34:47+00:00","og_image":[{"width":1024,"height":1024,"url":"https:\/\/naturalpoland.com\/wp-content\/uploads\/ekstrakt-z-lisci-brzozy.webp","type":"image\/webp"}],"schema":{"@context":"https:\/\/schema.org","@graph":[{"@type":"WebPage","@id":"https:\/\/naturalpoland.com\/cs\/produkty\/rostlinne-vytazky\/extrakt-z-brezovych-listu\/","url":"https:\/\/naturalpoland.com\/cs\/produkty\/rostlinne-vytazky\/extrakt-z-brezovych-listu\/","name":"Extrakt z b\u0159ezov\u00fdch list\u016f - Velkoobchodn\u00ed distributor","isPartOf":{"@id":"https:\/\/naturalpoland.com\/cs\/#website"},"primaryImageOfPage":{"@id":"https:\/\/naturalpoland.com\/cs\/produkty\/rostlinne-vytazky\/extrakt-z-brezovych-listu\/#primaryimage"},"image":{"@id":"https:\/\/naturalpoland.com\/cs\/produkty\/rostlinne-vytazky\/extrakt-z-brezovych-listu\/#primaryimage"},"thumbnailUrl":"https:\/\/naturalpoland.com\/wp-content\/uploads\/ekstrakt-z-lisci-brzozy.webp","datePublished":"2025-07-29T13:58:37+00:00","dateModified":"2025-08-07T12:34:47+00:00","description":"Extrakt z b\u0159ezov\u00fdch list\u016f je rostlinn\u00e1 surovina z\u00edskan\u00e1 \u0161etrnou extrakc\u00ed such\u00fdch list\u016f pomoc\u00ed vodno-glycerinov\u00e9ho roztoku.","breadcrumb":{"@id":"https:\/\/naturalpoland.com\/cs\/produkty\/rostlinne-vytazky\/extrakt-z-brezovych-listu\/#breadcrumb"},"inLanguage":"cs","potentialAction":[{"@type":"ReadAction","target":["https:\/\/naturalpoland.com\/cs\/produkty\/rostlinne-vytazky\/extrakt-z-brezovych-listu\/"]}]},{"@type":"ImageObject","inLanguage":"cs","@id":"https:\/\/naturalpoland.com\/cs\/produkty\/rostlinne-vytazky\/extrakt-z-brezovych-listu\/#primaryimage","url":"https:\/\/naturalpoland.com\/wp-content\/uploads\/ekstrakt-z-lisci-brzozy.webp","contentUrl":"https:\/\/naturalpoland.com\/wp-content\/uploads\/ekstrakt-z-lisci-brzozy.webp","width":1024,"height":1024,"caption":"ekstrakt z li\u015bci brzozy w formie p\u0142ynnej"},{"@type":"BreadcrumbList","@id":"https:\/\/naturalpoland.com\/cs\/produkty\/rostlinne-vytazky\/extrakt-z-brezovych-listu\/#breadcrumb","itemListElement":[{"@type":"ListItem","position":1,"name":"Dom\u016f","item":"https:\/\/naturalpoland.com\/cs\/"},{"@type":"ListItem","position":2,"name":"Produkty","item":"https:\/\/naturalpoland.com\/cs\/produkty\/"},{"@type":"ListItem","position":3,"name":"Extrakt z b\u0159ezov\u00fdch list\u016f"}]},{"@type":"WebSite","@id":"https:\/\/naturalpoland.com\/cs\/#website","url":"https:\/\/naturalpoland.com\/cs\/","name":"NATURAL POLAND - Velkoobchodn\u00ed distributor surovin","description":"Surowce dla przemys\u0142u spo\u017cywczego, kosmetycznego i farmaceutycznego","publisher":{"@id":"https:\/\/naturalpoland.com\/cs\/#organization"},"potentialAction":[{"@type":"SearchAction","target":{"@type":"EntryPoint","urlTemplate":"https:\/\/naturalpoland.com\/cs\/?s={search_term_string}"},"query-input":{"@type":"PropertyValueSpecification","valueRequired":true,"valueName":"search_term_string"}}],"inLanguage":"cs"},{"@type":"Organization","@id":"https:\/\/naturalpoland.com\/cs\/#organization","name":"Natural Poland","url":"https:\/\/naturalpoland.com\/cs\/","logo":{"@type":"ImageObject","inLanguage":"cs","@id":"https:\/\/naturalpoland.com\/cs\/#\/schema\/logo\/image\/","url":"https:\/\/naturalpoland.com\/wp-content\/uploads\/2021\/05\/natural-poland-icon.png","contentUrl":"https:\/\/naturalpoland.com\/wp-content\/uploads\/2021\/05\/natural-poland-icon.png","width":512,"height":512,"caption":"Natural Poland"},"image":{"@id":"https:\/\/naturalpoland.com\/cs\/#\/schema\/logo\/image\/"},"sameAs":["https:\/\/www.facebook.com\/naturalpoland.b2b","https:\/\/pl.linkedin.com\/company\/natural-poland","https:\/\/www.youtube.com\/channel\/UCgeGGkvOMahZo-xu_MSEWxg"]}]}},"_links":{"self":[{"href":"https:\/\/naturalpoland.com\/cs\/wp-json\/wp\/v2\/product\/42595","targetHints":{"allow":["GET"]}}],"collection":[{"href":"https:\/\/naturalpoland.com\/cs\/wp-json\/wp\/v2\/product"}],"about":[{"href":"https:\/\/naturalpoland.com\/cs\/wp-json\/wp\/v2\/types\/product"}],"wp:featuredmedia":[{"embeddable":true,"href":"https:\/\/naturalpoland.com\/cs\/wp-json\/wp\/v2\/media\/42298"}],"wp:attachment":[{"href":"https:\/\/naturalpoland.com\/cs\/wp-json\/wp\/v2\/media?parent=42595"}],"wp:term":[{"taxonomy":"product_brand","embeddable":true,"href":"https:\/\/naturalpoland.com\/cs\/wp-json\/wp\/v2\/product_brand?post=42595"},{"taxonomy":"product_cat","embeddable":true,"href":"https:\/\/naturalpoland.com\/cs\/wp-json\/wp\/v2\/product_cat?post=42595"},{"taxonomy":"product_tag","embeddable":true,"href":"https:\/\/naturalpoland.com\/cs\/wp-json\/wp\/v2\/product_tag?post=42595"}],"curies":[{"name":"wp","href":"https:\/\/api.w.org\/{rel}","templated":true}]}}