{"id":42624,"date":"2025-08-05T12:22:14","date_gmt":"2025-08-05T10:22:14","guid":{"rendered":"https:\/\/naturalpoland.com\/produkty\/nezarazene\/bananove-aroma\/"},"modified":"2025-08-07T14:46:19","modified_gmt":"2025-08-07T12:46:19","slug":"bananove-aroma","status":"publish","type":"product","link":"https:\/\/naturalpoland.com\/cs\/produkty\/produkty-pro-potravinarsky-prumysl\/aroma\/ovocna-aroma\/bananove-aroma\/","title":{"rendered":"Ban\u00e1nov\u00e9 aroma"},"content":{"rendered":"<p><strong>P\u0159\u00edrodn\u00ed ban\u00e1nov\u00e1 aromata<\/strong> nab\u00edzej\u00ed \u010dist\u00fd, zral\u00fd ovocn\u00fd profil. Verze typu <strong>WONF<\/strong> (With Other Natural Flavors) dostupn\u00e9 <strong>v tekut\u00e9 a pr\u00e1\u0161kov\u00e9 form\u011b<\/strong>, odr\u00e1\u017eej\u00ed sladk\u00fd a zral\u00fd charakter ban\u00e1nu. Jsou odoln\u00e9 v\u016f\u010di vysok\u00fdm teplot\u00e1m, proto se osv\u011bd\u010duj\u00ed v aplikac\u00edch vy\u017eaduj\u00edc\u00edch tepeln\u00e9 zpracov\u00e1n\u00ed, jako jsou pe\u010divo, ty\u010dinky nebo dopl\u0148ky v kapsl\u00edch a tablet\u00e1ch.  <\/p>\n<p><strong>V tekut\u00fdch aromatech<\/strong> dominuje intenzivn\u00ed, sv\u011b\u017e\u00ed a sladk\u00fd profil. Varianty jako \u201e<strong>ban\u00e1nov\u00e1 sladkost<\/strong>\u201c se vyzna\u010duj\u00ed hust\u00fdm, sirupov\u00fdm akcentem, kter\u00fd dod\u00e1v\u00e1 v\u00fdrobk\u016fm hlubok\u00fd, dezertn\u00ed charakter. <strong>Koncentrovan\u00e1<\/strong> verze zachov\u00e1v\u00e1 sv\u011b\u017eest ban\u00e1nu p\u0159i sou\u010dasn\u00e9m zv\u00fd\u0161en\u00ed intenzity chu\u0165ov\u00fdch a vonn\u00fdch vjem\u016f. Kompozice jako <strong>ban\u00e1novo-an\u00fdzov\u00e1<\/strong> vn\u00e1\u0161ej\u00ed neobvykl\u00fd, bylinn\u00fd akcent do klasick\u00e9 ban\u00e1nov\u00e9 noty, zat\u00edmco <strong>ban\u00e1novo-smetanov\u00e1<\/strong> varianta spojuje kr\u00e9mov\u00fd z\u00e1klad s jemnou mandlovou sladkost\u00ed a t\u00f3nem zral\u00e9ho ovoce \u2013 ide\u00e1ln\u00ed pro ml\u00e9\u010dn\u00e9 a cukr\u00e1\u0159sk\u00e9 v\u00fdrobky.   <\/p>\n<p><strong>Pr\u00e1\u0161kov\u00e9 formy aromatu<\/strong> se vyzna\u010duj\u00ed vynikaj\u00edc\u00ed stabilitou a jsou \u010dasto vyu\u017e\u00edv\u00e1ny ve funk\u010dn\u00edch sm\u011bs\u00edch, ty\u010dink\u00e1ch, proteinech a instantn\u00edch potravin\u00e1ch. Li\u0161\u00ed se intenzitou \u2013 od sv\u011b\u017e\u00ed a p\u0159\u00edrodn\u00ed noty po hustou, sirupovou sladkost. <\/p>\n<p>V nab\u00eddce jsou tak\u00e9 <strong>maskuj\u00edc\u00ed aromata<\/strong> \u2013 jak v tekut\u00e9, tak pr\u00e1\u0161kov\u00e9 form\u011b \u2013 kter\u00e9 vyu\u017e\u00edvaj\u00ed hust\u00fd, sladk\u00fd a zral\u00fd charakter ban\u00e1nu k potla\u010den\u00ed nep\u0159\u00edjemn\u00fdch pachut\u00ed v dopl\u0148c\u00edch stravy nebo p\u0159\u00edpravc\u00edch s vysokou koncentrac\u00ed aktivn\u00edch slo\u017eek.<\/p>\n","protected":false},"excerpt":{"rendered":"<p>Ban\u00e1nov\u00e9 aroma je jedn\u00edm z nejrozpoznateln\u011bj\u0161\u00edch a nejobl\u00edben\u011bj\u0161\u00edch vonn\u00fdch a chu\u0165ov\u00fdch profil\u016f, \u0161iroce vyu\u017e\u00edvan\u00fdm v potravin\u00e1\u0159sk\u00e9m, dopl\u0148kov\u00e9m a kosmetick\u00e9m pr\u016fmyslu.<\/p>\n","protected":false},"featured_media":42492,"template":"","meta":{"_acf_changed":false},"product_brand":[],"product_cat":[7586],"product_tag":[],"class_list":{"0":"post-42624","1":"product","2":"type-product","3":"status-publish","4":"has-post-thumbnail","6":"product_cat-ovocna-aroma","8":"first","9":"instock","10":"shipping-taxable","11":"product-type-simple"},"acf":[],"yoast_head":"<!-- This site is optimized with the Yoast SEO plugin v27.5 - https:\/\/yoast.com\/product\/yoast-seo-wordpress\/ -->\n<title>Ban\u00e1nov\u00e9 aroma - Velkoobchodn\u00ed distributor<\/title>\n<meta name=\"robots\" content=\"index, follow, max-snippet:-1, max-image-preview:large, max-video-preview:-1\" \/>\n<link rel=\"canonical\" href=\"https:\/\/naturalpoland.com\/cs\/produkty\/produkty-pro-potravinarsky-prumysl\/aroma\/ovocna-aroma\/bananove-aroma\/\" \/>\n<meta property=\"og:locale\" content=\"cs_CZ\" \/>\n<meta property=\"og:type\" content=\"article\" \/>\n<meta property=\"og:title\" content=\"Ban\u00e1nov\u00e9 aroma - Velkoobchodn\u00ed distributor\" \/>\n<meta property=\"og:description\" content=\"Ban\u00e1nov\u00e9 aroma je jedn\u00edm z nejrozpoznateln\u011bj\u0161\u00edch a nejobl\u00edben\u011bj\u0161\u00edch vonn\u00fdch a chu\u0165ov\u00fdch profil\u016f, \u0161iroce vyu\u017e\u00edvan\u00fdm v potravin\u00e1\u0159sk\u00e9m, dopl\u0148kov\u00e9m a kosmetick\u00e9m pr\u016fmyslu.\" \/>\n<meta property=\"og:url\" content=\"https:\/\/naturalpoland.com\/cs\/produkty\/produkty-pro-potravinarsky-prumysl\/aroma\/ovocna-aroma\/bananove-aroma\/\" \/>\n<meta property=\"og:site_name\" content=\"NATURAL POLAND - Velkoobchodn\u00ed distributor surovin\" \/>\n<meta property=\"article:publisher\" content=\"https:\/\/www.facebook.com\/naturalpoland.b2b\" \/>\n<meta property=\"article:modified_time\" content=\"2025-08-07T12:46:19+00:00\" \/>\n<meta property=\"og:image\" content=\"https:\/\/naturalpoland.com\/wp-content\/uploads\/aromat-bananowy.webp\" \/>\n\t<meta property=\"og:image:width\" content=\"1024\" \/>\n\t<meta property=\"og:image:height\" content=\"1024\" \/>\n\t<meta property=\"og:image:type\" content=\"image\/webp\" \/>\n<script type=\"application\/ld+json\" class=\"yoast-schema-graph\">{\"@context\":\"https:\\\/\\\/schema.org\",\"@graph\":[{\"@type\":\"WebPage\",\"@id\":\"https:\\\/\\\/naturalpoland.com\\\/cs\\\/produkty\\\/produkty-pro-potravinarsky-prumysl\\\/aroma\\\/ovocna-aroma\\\/bananove-aroma\\\/\",\"url\":\"https:\\\/\\\/naturalpoland.com\\\/cs\\\/produkty\\\/produkty-pro-potravinarsky-prumysl\\\/aroma\\\/ovocna-aroma\\\/bananove-aroma\\\/\",\"name\":\"Ban\u00e1nov\u00e9 aroma - Velkoobchodn\u00ed distributor\",\"isPartOf\":{\"@id\":\"https:\\\/\\\/naturalpoland.com\\\/cs\\\/#website\"},\"primaryImageOfPage\":{\"@id\":\"https:\\\/\\\/naturalpoland.com\\\/cs\\\/produkty\\\/produkty-pro-potravinarsky-prumysl\\\/aroma\\\/ovocna-aroma\\\/bananove-aroma\\\/#primaryimage\"},\"image\":{\"@id\":\"https:\\\/\\\/naturalpoland.com\\\/cs\\\/produkty\\\/produkty-pro-potravinarsky-prumysl\\\/aroma\\\/ovocna-aroma\\\/bananove-aroma\\\/#primaryimage\"},\"thumbnailUrl\":\"https:\\\/\\\/naturalpoland.com\\\/wp-content\\\/uploads\\\/aromat-bananowy.webp\",\"datePublished\":\"2025-08-05T10:22:14+00:00\",\"dateModified\":\"2025-08-07T12:46:19+00:00\",\"breadcrumb\":{\"@id\":\"https:\\\/\\\/naturalpoland.com\\\/cs\\\/produkty\\\/produkty-pro-potravinarsky-prumysl\\\/aroma\\\/ovocna-aroma\\\/bananove-aroma\\\/#breadcrumb\"},\"inLanguage\":\"cs\",\"potentialAction\":[{\"@type\":\"ReadAction\",\"target\":[\"https:\\\/\\\/naturalpoland.com\\\/cs\\\/produkty\\\/produkty-pro-potravinarsky-prumysl\\\/aroma\\\/ovocna-aroma\\\/bananove-aroma\\\/\"]}]},{\"@type\":\"ImageObject\",\"inLanguage\":\"cs\",\"@id\":\"https:\\\/\\\/naturalpoland.com\\\/cs\\\/produkty\\\/produkty-pro-potravinarsky-prumysl\\\/aroma\\\/ovocna-aroma\\\/bananove-aroma\\\/#primaryimage\",\"url\":\"https:\\\/\\\/naturalpoland.com\\\/wp-content\\\/uploads\\\/aromat-bananowy.webp\",\"contentUrl\":\"https:\\\/\\\/naturalpoland.com\\\/wp-content\\\/uploads\\\/aromat-bananowy.webp\",\"width\":1024,\"height\":1024,\"caption\":\"aromat bananowy w p\u0142ynie i w proszku\"},{\"@type\":\"BreadcrumbList\",\"@id\":\"https:\\\/\\\/naturalpoland.com\\\/cs\\\/produkty\\\/produkty-pro-potravinarsky-prumysl\\\/aroma\\\/ovocna-aroma\\\/bananove-aroma\\\/#breadcrumb\",\"itemListElement\":[{\"@type\":\"ListItem\",\"position\":1,\"name\":\"Dom\u016f\",\"item\":\"https:\\\/\\\/naturalpoland.com\\\/cs\\\/\"},{\"@type\":\"ListItem\",\"position\":2,\"name\":\"Produkty\",\"item\":\"https:\\\/\\\/naturalpoland.com\\\/cs\\\/produkty\\\/\"},{\"@type\":\"ListItem\",\"position\":3,\"name\":\"Ban\u00e1nov\u00e9 aroma\"}]},{\"@type\":\"WebSite\",\"@id\":\"https:\\\/\\\/naturalpoland.com\\\/cs\\\/#website\",\"url\":\"https:\\\/\\\/naturalpoland.com\\\/cs\\\/\",\"name\":\"NATURAL POLAND - Velkoobchodn\u00ed distributor surovin\",\"description\":\"Surowce dla przemys\u0142u spo\u017cywczego, kosmetycznego i farmaceutycznego\",\"publisher\":{\"@id\":\"https:\\\/\\\/naturalpoland.com\\\/cs\\\/#organization\"},\"potentialAction\":[{\"@type\":\"SearchAction\",\"target\":{\"@type\":\"EntryPoint\",\"urlTemplate\":\"https:\\\/\\\/naturalpoland.com\\\/cs\\\/?s={search_term_string}\"},\"query-input\":{\"@type\":\"PropertyValueSpecification\",\"valueRequired\":true,\"valueName\":\"search_term_string\"}}],\"inLanguage\":\"cs\"},{\"@type\":\"Organization\",\"@id\":\"https:\\\/\\\/naturalpoland.com\\\/cs\\\/#organization\",\"name\":\"Natural Poland\",\"url\":\"https:\\\/\\\/naturalpoland.com\\\/cs\\\/\",\"logo\":{\"@type\":\"ImageObject\",\"inLanguage\":\"cs\",\"@id\":\"https:\\\/\\\/naturalpoland.com\\\/cs\\\/#\\\/schema\\\/logo\\\/image\\\/\",\"url\":\"https:\\\/\\\/naturalpoland.com\\\/wp-content\\\/uploads\\\/2021\\\/05\\\/natural-poland-icon.png\",\"contentUrl\":\"https:\\\/\\\/naturalpoland.com\\\/wp-content\\\/uploads\\\/2021\\\/05\\\/natural-poland-icon.png\",\"width\":512,\"height\":512,\"caption\":\"Natural Poland\"},\"image\":{\"@id\":\"https:\\\/\\\/naturalpoland.com\\\/cs\\\/#\\\/schema\\\/logo\\\/image\\\/\"},\"sameAs\":[\"https:\\\/\\\/www.facebook.com\\\/naturalpoland.b2b\",\"https:\\\/\\\/pl.linkedin.com\\\/company\\\/natural-poland\",\"https:\\\/\\\/www.youtube.com\\\/channel\\\/UCgeGGkvOMahZo-xu_MSEWxg\"]}]}<\/script>\n<!-- \/ Yoast SEO plugin. -->","yoast_head_json":{"title":"Ban\u00e1nov\u00e9 aroma - Velkoobchodn\u00ed distributor","robots":{"index":"index","follow":"follow","max-snippet":"max-snippet:-1","max-image-preview":"max-image-preview:large","max-video-preview":"max-video-preview:-1"},"canonical":"https:\/\/naturalpoland.com\/cs\/produkty\/produkty-pro-potravinarsky-prumysl\/aroma\/ovocna-aroma\/bananove-aroma\/","og_locale":"cs_CZ","og_type":"article","og_title":"Ban\u00e1nov\u00e9 aroma - Velkoobchodn\u00ed distributor","og_description":"Ban\u00e1nov\u00e9 aroma je jedn\u00edm z nejrozpoznateln\u011bj\u0161\u00edch a nejobl\u00edben\u011bj\u0161\u00edch vonn\u00fdch a chu\u0165ov\u00fdch profil\u016f, \u0161iroce vyu\u017e\u00edvan\u00fdm v potravin\u00e1\u0159sk\u00e9m, dopl\u0148kov\u00e9m a kosmetick\u00e9m pr\u016fmyslu.","og_url":"https:\/\/naturalpoland.com\/cs\/produkty\/produkty-pro-potravinarsky-prumysl\/aroma\/ovocna-aroma\/bananove-aroma\/","og_site_name":"NATURAL POLAND - Velkoobchodn\u00ed distributor surovin","article_publisher":"https:\/\/www.facebook.com\/naturalpoland.b2b","article_modified_time":"2025-08-07T12:46:19+00:00","og_image":[{"width":1024,"height":1024,"url":"https:\/\/naturalpoland.com\/wp-content\/uploads\/aromat-bananowy.webp","type":"image\/webp"}],"schema":{"@context":"https:\/\/schema.org","@graph":[{"@type":"WebPage","@id":"https:\/\/naturalpoland.com\/cs\/produkty\/produkty-pro-potravinarsky-prumysl\/aroma\/ovocna-aroma\/bananove-aroma\/","url":"https:\/\/naturalpoland.com\/cs\/produkty\/produkty-pro-potravinarsky-prumysl\/aroma\/ovocna-aroma\/bananove-aroma\/","name":"Ban\u00e1nov\u00e9 aroma - Velkoobchodn\u00ed distributor","isPartOf":{"@id":"https:\/\/naturalpoland.com\/cs\/#website"},"primaryImageOfPage":{"@id":"https:\/\/naturalpoland.com\/cs\/produkty\/produkty-pro-potravinarsky-prumysl\/aroma\/ovocna-aroma\/bananove-aroma\/#primaryimage"},"image":{"@id":"https:\/\/naturalpoland.com\/cs\/produkty\/produkty-pro-potravinarsky-prumysl\/aroma\/ovocna-aroma\/bananove-aroma\/#primaryimage"},"thumbnailUrl":"https:\/\/naturalpoland.com\/wp-content\/uploads\/aromat-bananowy.webp","datePublished":"2025-08-05T10:22:14+00:00","dateModified":"2025-08-07T12:46:19+00:00","breadcrumb":{"@id":"https:\/\/naturalpoland.com\/cs\/produkty\/produkty-pro-potravinarsky-prumysl\/aroma\/ovocna-aroma\/bananove-aroma\/#breadcrumb"},"inLanguage":"cs","potentialAction":[{"@type":"ReadAction","target":["https:\/\/naturalpoland.com\/cs\/produkty\/produkty-pro-potravinarsky-prumysl\/aroma\/ovocna-aroma\/bananove-aroma\/"]}]},{"@type":"ImageObject","inLanguage":"cs","@id":"https:\/\/naturalpoland.com\/cs\/produkty\/produkty-pro-potravinarsky-prumysl\/aroma\/ovocna-aroma\/bananove-aroma\/#primaryimage","url":"https:\/\/naturalpoland.com\/wp-content\/uploads\/aromat-bananowy.webp","contentUrl":"https:\/\/naturalpoland.com\/wp-content\/uploads\/aromat-bananowy.webp","width":1024,"height":1024,"caption":"aromat bananowy w p\u0142ynie i w proszku"},{"@type":"BreadcrumbList","@id":"https:\/\/naturalpoland.com\/cs\/produkty\/produkty-pro-potravinarsky-prumysl\/aroma\/ovocna-aroma\/bananove-aroma\/#breadcrumb","itemListElement":[{"@type":"ListItem","position":1,"name":"Dom\u016f","item":"https:\/\/naturalpoland.com\/cs\/"},{"@type":"ListItem","position":2,"name":"Produkty","item":"https:\/\/naturalpoland.com\/cs\/produkty\/"},{"@type":"ListItem","position":3,"name":"Ban\u00e1nov\u00e9 aroma"}]},{"@type":"WebSite","@id":"https:\/\/naturalpoland.com\/cs\/#website","url":"https:\/\/naturalpoland.com\/cs\/","name":"NATURAL POLAND - Velkoobchodn\u00ed distributor surovin","description":"Surowce dla przemys\u0142u spo\u017cywczego, kosmetycznego i farmaceutycznego","publisher":{"@id":"https:\/\/naturalpoland.com\/cs\/#organization"},"potentialAction":[{"@type":"SearchAction","target":{"@type":"EntryPoint","urlTemplate":"https:\/\/naturalpoland.com\/cs\/?s={search_term_string}"},"query-input":{"@type":"PropertyValueSpecification","valueRequired":true,"valueName":"search_term_string"}}],"inLanguage":"cs"},{"@type":"Organization","@id":"https:\/\/naturalpoland.com\/cs\/#organization","name":"Natural Poland","url":"https:\/\/naturalpoland.com\/cs\/","logo":{"@type":"ImageObject","inLanguage":"cs","@id":"https:\/\/naturalpoland.com\/cs\/#\/schema\/logo\/image\/","url":"https:\/\/naturalpoland.com\/wp-content\/uploads\/2021\/05\/natural-poland-icon.png","contentUrl":"https:\/\/naturalpoland.com\/wp-content\/uploads\/2021\/05\/natural-poland-icon.png","width":512,"height":512,"caption":"Natural Poland"},"image":{"@id":"https:\/\/naturalpoland.com\/cs\/#\/schema\/logo\/image\/"},"sameAs":["https:\/\/www.facebook.com\/naturalpoland.b2b","https:\/\/pl.linkedin.com\/company\/natural-poland","https:\/\/www.youtube.com\/channel\/UCgeGGkvOMahZo-xu_MSEWxg"]}]}},"_links":{"self":[{"href":"https:\/\/naturalpoland.com\/cs\/wp-json\/wp\/v2\/product\/42624","targetHints":{"allow":["GET"]}}],"collection":[{"href":"https:\/\/naturalpoland.com\/cs\/wp-json\/wp\/v2\/product"}],"about":[{"href":"https:\/\/naturalpoland.com\/cs\/wp-json\/wp\/v2\/types\/product"}],"wp:featuredmedia":[{"embeddable":true,"href":"https:\/\/naturalpoland.com\/cs\/wp-json\/wp\/v2\/media\/42492"}],"wp:attachment":[{"href":"https:\/\/naturalpoland.com\/cs\/wp-json\/wp\/v2\/media?parent=42624"}],"wp:term":[{"taxonomy":"product_brand","embeddable":true,"href":"https:\/\/naturalpoland.com\/cs\/wp-json\/wp\/v2\/product_brand?post=42624"},{"taxonomy":"product_cat","embeddable":true,"href":"https:\/\/naturalpoland.com\/cs\/wp-json\/wp\/v2\/product_cat?post=42624"},{"taxonomy":"product_tag","embeddable":true,"href":"https:\/\/naturalpoland.com\/cs\/wp-json\/wp\/v2\/product_tag?post=42624"}],"curies":[{"name":"wp","href":"https:\/\/api.w.org\/{rel}","templated":true}]}}