{"id":42633,"date":"2025-08-05T12:45:55","date_gmt":"2025-08-05T10:45:55","guid":{"rendered":"https:\/\/naturalpoland.com\/produkty\/nezarazene\/smetanove-aroma\/"},"modified":"2025-08-07T14:48:28","modified_gmt":"2025-08-07T12:48:28","slug":"smetanove-aroma","status":"publish","type":"product","link":"https:\/\/naturalpoland.com\/cs\/produkty\/produkty-pro-potravinarsky-prumysl\/aroma\/dezertni-aroma\/smetanove-aroma\/","title":{"rendered":"Smetanov\u00e9 aroma"},"content":{"rendered":"<h2>Typy smetanov\u00fdch aromat<\/h2>\n<p><strong>P\u0159\u00edrodn\u00ed smetanov\u00e9 aroma<\/strong> zachycuje autentick\u00fd, sladk\u00fd charakter smetany s ml\u00e9\u010dn\u00fdm n\u00e1dechem, p\u0159i\u010dem\u017e si zachov\u00e1v\u00e1 odolnost v\u016f\u010di vysok\u00fdm teplot\u00e1m. Je ur\u010deno pro aplikace vy\u017eaduj\u00edc\u00ed tepeln\u00e9 zpracov\u00e1n\u00ed \u2013 v peka\u0159stv\u00ed nebo p\u0159i v\u00fdrob\u011b dopl\u0148k\u016f stravy. <\/p>\n<p><strong>Tekut\u00e1 smetanov\u00e1 aromata<\/strong> zahrnuj\u00ed \u0161irokou \u0161k\u00e1lu profil\u016f, v\u010detn\u011b klasick\u00e9ho pojet\u00ed aromatick\u00e9, oslazen\u00e9 smetany s medov\u00fdmi a mandlov\u00fdmi akcenty, stejn\u011b jako slo\u017eit\u011bj\u0161\u00ed kompozice \u2013 nap\u0159. \u201eCreme de la Creme\u201c, kter\u00e9 kombinuj\u00ed sladkou vanilku a zakysanou smetanu ve stylu vanilkov\u00fdch s\u00fdr\u016f a ml\u00e9\u010dn\u00fdch zmrzlin. Varianty jako \u201eCornish Cream\u201c nebo \u201eSmetanov\u00fd Cukr\u00e1\u0159sk\u00fd\u201c p\u0159in\u00e1\u0161ej\u00ed kr\u00e9mov\u011b-vanilkov\u00e9, citrusov\u00e9 a pi\u0161kotov\u00e9 akcenty, ide\u00e1ln\u00ed pro dezerty, kr\u00e9my a zmrzlin\u00e1\u0159sk\u00e9 v\u00fdrobky.  <\/p>\n<p>K dispozici jsou tak\u00e9 specializovan\u00e9 <strong>verze ur\u010den\u00e9 pro pe\u010den\u00ed<\/strong>, kter\u00e9 se vyzna\u010duj\u00ed sladko-kysel\u00fdm profilem a kr\u00e9movou hloubkou (\u201eSmetanov\u00e9 pro pe\u010den\u00ed \u201e, \u201eKr\u00e9mov\u00e1 smetana\u201c). Koncentrovan\u00e9 varianty umo\u017e\u0148uj\u00ed dos\u00e1hnout intenzivn\u00edho efektu p\u0159i men\u0161\u00edm d\u00e1vkov\u00e1n\u00ed. <\/p>\n<p><strong>Pr\u00e1\u0161kov\u00e9 aromata<\/strong> nab\u00edzej\u00ed vysokou stabilitu a \u0161irok\u00e9 mo\u017enosti pou\u017eit\u00ed v instantn\u00edch pr\u00e1\u0161c\u00edch, dopl\u0148c\u00edch stravy a funk\u010dn\u00edch sm\u011bs\u00edch. Reprodukuj\u00ed charakter sladk\u00e9, medovo-mandlov\u00e9 smetany nebo kysan\u00e9 smetany s intenzivn\u00edm ml\u00e9\u010dn\u00fdm profilem. <\/p>\n<p>Aromatick\u00e9 varianty jsou k dispozici v nosi\u010d\u00edch, jako je glykol a triacetin.<\/p>\n","protected":false},"excerpt":{"rendered":"<p>Smetanov\u00e9 aroma nach\u00e1z\u00ed uplatn\u011bn\u00ed v potravin\u00e1\u0159sk\u00fdch v\u00fdrobc\u00edch \u2013 od ml\u00e9\u010dn\u00fdch v\u00fdrobk\u016f p\u0159es dezerty, a tak\u00e9 v dopl\u0148c\u00edch stravy a pe\u010divu.<\/p>\n","protected":false},"featured_media":42506,"template":"","meta":{"_acf_changed":false},"product_brand":[],"product_cat":[7583],"product_tag":[],"class_list":{"0":"post-42633","1":"product","2":"type-product","3":"status-publish","4":"has-post-thumbnail","6":"product_cat-dezertni-aroma","8":"first","9":"instock","10":"shipping-taxable","11":"product-type-simple"},"acf":[],"yoast_head":"<!-- This site is optimized with the Yoast SEO plugin v27.6 - https:\/\/yoast.com\/product\/yoast-seo-wordpress\/ -->\n<title>Smetanov\u00e9 aroma - Velkoobchodn\u00ed distributor<\/title>\n<meta name=\"description\" content=\"Smetanov\u00e9 aroma je mimo\u0159\u00e1dn\u011b bohat\u00fd a v\u0161estrann\u00fd chu\u0165ov\u00fd a aromatick\u00fd profil, kter\u00fd nach\u00e1z\u00ed uplatn\u011bn\u00ed v \u0161irok\u00e9m spektru potravin\u00e1\u0159sk\u00fdch v\u00fdrobk\u016f.\" \/>\n<meta name=\"robots\" content=\"index, follow, max-snippet:-1, max-image-preview:large, max-video-preview:-1\" \/>\n<link rel=\"canonical\" href=\"https:\/\/naturalpoland.com\/cs\/produkty\/produkty-pro-potravinarsky-prumysl\/aroma\/dezertni-aroma\/smetanove-aroma\/\" \/>\n<meta property=\"og:locale\" content=\"cs_CZ\" \/>\n<meta property=\"og:type\" content=\"article\" \/>\n<meta property=\"og:title\" content=\"Smetanov\u00e9 aroma - Velkoobchodn\u00ed distributor\" \/>\n<meta property=\"og:description\" content=\"Smetanov\u00e9 aroma je mimo\u0159\u00e1dn\u011b bohat\u00fd a v\u0161estrann\u00fd chu\u0165ov\u00fd a aromatick\u00fd profil, kter\u00fd nach\u00e1z\u00ed uplatn\u011bn\u00ed v \u0161irok\u00e9m spektru potravin\u00e1\u0159sk\u00fdch v\u00fdrobk\u016f.\" \/>\n<meta property=\"og:url\" content=\"https:\/\/naturalpoland.com\/cs\/produkty\/produkty-pro-potravinarsky-prumysl\/aroma\/dezertni-aroma\/smetanove-aroma\/\" \/>\n<meta property=\"og:site_name\" content=\"NATURAL POLAND - Velkoobchodn\u00ed distributor surovin\" \/>\n<meta property=\"article:publisher\" content=\"https:\/\/www.facebook.com\/naturalpoland.b2b\" \/>\n<meta property=\"article:modified_time\" content=\"2025-08-07T12:48:28+00:00\" \/>\n<meta property=\"og:image\" content=\"https:\/\/naturalpoland.com\/wp-content\/uploads\/aromay-smietankowy.webp\" \/>\n\t<meta property=\"og:image:width\" content=\"1024\" \/>\n\t<meta property=\"og:image:height\" content=\"1024\" \/>\n\t<meta property=\"og:image:type\" content=\"image\/webp\" \/>\n<script type=\"application\/ld+json\" class=\"yoast-schema-graph\">{\"@context\":\"https:\\\/\\\/schema.org\",\"@graph\":[{\"@type\":\"WebPage\",\"@id\":\"https:\\\/\\\/naturalpoland.com\\\/cs\\\/produkty\\\/produkty-pro-potravinarsky-prumysl\\\/aroma\\\/dezertni-aroma\\\/smetanove-aroma\\\/\",\"url\":\"https:\\\/\\\/naturalpoland.com\\\/cs\\\/produkty\\\/produkty-pro-potravinarsky-prumysl\\\/aroma\\\/dezertni-aroma\\\/smetanove-aroma\\\/\",\"name\":\"Smetanov\u00e9 aroma - Velkoobchodn\u00ed distributor\",\"isPartOf\":{\"@id\":\"https:\\\/\\\/naturalpoland.com\\\/cs\\\/#website\"},\"primaryImageOfPage\":{\"@id\":\"https:\\\/\\\/naturalpoland.com\\\/cs\\\/produkty\\\/produkty-pro-potravinarsky-prumysl\\\/aroma\\\/dezertni-aroma\\\/smetanove-aroma\\\/#primaryimage\"},\"image\":{\"@id\":\"https:\\\/\\\/naturalpoland.com\\\/cs\\\/produkty\\\/produkty-pro-potravinarsky-prumysl\\\/aroma\\\/dezertni-aroma\\\/smetanove-aroma\\\/#primaryimage\"},\"thumbnailUrl\":\"https:\\\/\\\/naturalpoland.com\\\/wp-content\\\/uploads\\\/aromay-smietankowy.webp\",\"datePublished\":\"2025-08-05T10:45:55+00:00\",\"dateModified\":\"2025-08-07T12:48:28+00:00\",\"description\":\"Smetanov\u00e9 aroma je mimo\u0159\u00e1dn\u011b bohat\u00fd a v\u0161estrann\u00fd chu\u0165ov\u00fd a aromatick\u00fd profil, kter\u00fd nach\u00e1z\u00ed uplatn\u011bn\u00ed v \u0161irok\u00e9m spektru potravin\u00e1\u0159sk\u00fdch v\u00fdrobk\u016f.\",\"breadcrumb\":{\"@id\":\"https:\\\/\\\/naturalpoland.com\\\/cs\\\/produkty\\\/produkty-pro-potravinarsky-prumysl\\\/aroma\\\/dezertni-aroma\\\/smetanove-aroma\\\/#breadcrumb\"},\"inLanguage\":\"cs\",\"potentialAction\":[{\"@type\":\"ReadAction\",\"target\":[\"https:\\\/\\\/naturalpoland.com\\\/cs\\\/produkty\\\/produkty-pro-potravinarsky-prumysl\\\/aroma\\\/dezertni-aroma\\\/smetanove-aroma\\\/\"]}]},{\"@type\":\"ImageObject\",\"inLanguage\":\"cs\",\"@id\":\"https:\\\/\\\/naturalpoland.com\\\/cs\\\/produkty\\\/produkty-pro-potravinarsky-prumysl\\\/aroma\\\/dezertni-aroma\\\/smetanove-aroma\\\/#primaryimage\",\"url\":\"https:\\\/\\\/naturalpoland.com\\\/wp-content\\\/uploads\\\/aromay-smietankowy.webp\",\"contentUrl\":\"https:\\\/\\\/naturalpoland.com\\\/wp-content\\\/uploads\\\/aromay-smietankowy.webp\",\"width\":1024,\"height\":1024,\"caption\":\"aromat \u015bmietankowy\"},{\"@type\":\"BreadcrumbList\",\"@id\":\"https:\\\/\\\/naturalpoland.com\\\/cs\\\/produkty\\\/produkty-pro-potravinarsky-prumysl\\\/aroma\\\/dezertni-aroma\\\/smetanove-aroma\\\/#breadcrumb\",\"itemListElement\":[{\"@type\":\"ListItem\",\"position\":1,\"name\":\"Dom\u016f\",\"item\":\"https:\\\/\\\/naturalpoland.com\\\/cs\\\/\"},{\"@type\":\"ListItem\",\"position\":2,\"name\":\"Produkty\",\"item\":\"https:\\\/\\\/naturalpoland.com\\\/cs\\\/produkty\\\/\"},{\"@type\":\"ListItem\",\"position\":3,\"name\":\"Smetanov\u00e9 aroma\"}]},{\"@type\":\"WebSite\",\"@id\":\"https:\\\/\\\/naturalpoland.com\\\/cs\\\/#website\",\"url\":\"https:\\\/\\\/naturalpoland.com\\\/cs\\\/\",\"name\":\"NATURAL POLAND - Velkoobchodn\u00ed distributor surovin\",\"description\":\"Surowce dla przemys\u0142u spo\u017cywczego, kosmetycznego i farmaceutycznego\",\"publisher\":{\"@id\":\"https:\\\/\\\/naturalpoland.com\\\/cs\\\/#organization\"},\"potentialAction\":[{\"@type\":\"SearchAction\",\"target\":{\"@type\":\"EntryPoint\",\"urlTemplate\":\"https:\\\/\\\/naturalpoland.com\\\/cs\\\/?s={search_term_string}\"},\"query-input\":{\"@type\":\"PropertyValueSpecification\",\"valueRequired\":true,\"valueName\":\"search_term_string\"}}],\"inLanguage\":\"cs\"},{\"@type\":\"Organization\",\"@id\":\"https:\\\/\\\/naturalpoland.com\\\/cs\\\/#organization\",\"name\":\"Natural Poland\",\"url\":\"https:\\\/\\\/naturalpoland.com\\\/cs\\\/\",\"logo\":{\"@type\":\"ImageObject\",\"inLanguage\":\"cs\",\"@id\":\"https:\\\/\\\/naturalpoland.com\\\/cs\\\/#\\\/schema\\\/logo\\\/image\\\/\",\"url\":\"https:\\\/\\\/naturalpoland.com\\\/wp-content\\\/uploads\\\/2021\\\/05\\\/natural-poland-icon.png\",\"contentUrl\":\"https:\\\/\\\/naturalpoland.com\\\/wp-content\\\/uploads\\\/2021\\\/05\\\/natural-poland-icon.png\",\"width\":512,\"height\":512,\"caption\":\"Natural Poland\"},\"image\":{\"@id\":\"https:\\\/\\\/naturalpoland.com\\\/cs\\\/#\\\/schema\\\/logo\\\/image\\\/\"},\"sameAs\":[\"https:\\\/\\\/www.facebook.com\\\/naturalpoland.b2b\",\"https:\\\/\\\/pl.linkedin.com\\\/company\\\/natural-poland\",\"https:\\\/\\\/www.youtube.com\\\/channel\\\/UCgeGGkvOMahZo-xu_MSEWxg\"]}]}<\/script>\n<!-- \/ Yoast SEO plugin. -->","yoast_head_json":{"title":"Smetanov\u00e9 aroma - Velkoobchodn\u00ed distributor","description":"Smetanov\u00e9 aroma je mimo\u0159\u00e1dn\u011b bohat\u00fd a v\u0161estrann\u00fd chu\u0165ov\u00fd a aromatick\u00fd profil, kter\u00fd nach\u00e1z\u00ed uplatn\u011bn\u00ed v \u0161irok\u00e9m spektru potravin\u00e1\u0159sk\u00fdch v\u00fdrobk\u016f.","robots":{"index":"index","follow":"follow","max-snippet":"max-snippet:-1","max-image-preview":"max-image-preview:large","max-video-preview":"max-video-preview:-1"},"canonical":"https:\/\/naturalpoland.com\/cs\/produkty\/produkty-pro-potravinarsky-prumysl\/aroma\/dezertni-aroma\/smetanove-aroma\/","og_locale":"cs_CZ","og_type":"article","og_title":"Smetanov\u00e9 aroma - Velkoobchodn\u00ed distributor","og_description":"Smetanov\u00e9 aroma je mimo\u0159\u00e1dn\u011b bohat\u00fd a v\u0161estrann\u00fd chu\u0165ov\u00fd a aromatick\u00fd profil, kter\u00fd nach\u00e1z\u00ed uplatn\u011bn\u00ed v \u0161irok\u00e9m spektru potravin\u00e1\u0159sk\u00fdch v\u00fdrobk\u016f.","og_url":"https:\/\/naturalpoland.com\/cs\/produkty\/produkty-pro-potravinarsky-prumysl\/aroma\/dezertni-aroma\/smetanove-aroma\/","og_site_name":"NATURAL POLAND - Velkoobchodn\u00ed distributor surovin","article_publisher":"https:\/\/www.facebook.com\/naturalpoland.b2b","article_modified_time":"2025-08-07T12:48:28+00:00","og_image":[{"width":1024,"height":1024,"url":"https:\/\/naturalpoland.com\/wp-content\/uploads\/aromay-smietankowy.webp","type":"image\/webp"}],"schema":{"@context":"https:\/\/schema.org","@graph":[{"@type":"WebPage","@id":"https:\/\/naturalpoland.com\/cs\/produkty\/produkty-pro-potravinarsky-prumysl\/aroma\/dezertni-aroma\/smetanove-aroma\/","url":"https:\/\/naturalpoland.com\/cs\/produkty\/produkty-pro-potravinarsky-prumysl\/aroma\/dezertni-aroma\/smetanove-aroma\/","name":"Smetanov\u00e9 aroma - Velkoobchodn\u00ed distributor","isPartOf":{"@id":"https:\/\/naturalpoland.com\/cs\/#website"},"primaryImageOfPage":{"@id":"https:\/\/naturalpoland.com\/cs\/produkty\/produkty-pro-potravinarsky-prumysl\/aroma\/dezertni-aroma\/smetanove-aroma\/#primaryimage"},"image":{"@id":"https:\/\/naturalpoland.com\/cs\/produkty\/produkty-pro-potravinarsky-prumysl\/aroma\/dezertni-aroma\/smetanove-aroma\/#primaryimage"},"thumbnailUrl":"https:\/\/naturalpoland.com\/wp-content\/uploads\/aromay-smietankowy.webp","datePublished":"2025-08-05T10:45:55+00:00","dateModified":"2025-08-07T12:48:28+00:00","description":"Smetanov\u00e9 aroma je mimo\u0159\u00e1dn\u011b bohat\u00fd a v\u0161estrann\u00fd chu\u0165ov\u00fd a aromatick\u00fd profil, kter\u00fd nach\u00e1z\u00ed uplatn\u011bn\u00ed v \u0161irok\u00e9m spektru potravin\u00e1\u0159sk\u00fdch v\u00fdrobk\u016f.","breadcrumb":{"@id":"https:\/\/naturalpoland.com\/cs\/produkty\/produkty-pro-potravinarsky-prumysl\/aroma\/dezertni-aroma\/smetanove-aroma\/#breadcrumb"},"inLanguage":"cs","potentialAction":[{"@type":"ReadAction","target":["https:\/\/naturalpoland.com\/cs\/produkty\/produkty-pro-potravinarsky-prumysl\/aroma\/dezertni-aroma\/smetanove-aroma\/"]}]},{"@type":"ImageObject","inLanguage":"cs","@id":"https:\/\/naturalpoland.com\/cs\/produkty\/produkty-pro-potravinarsky-prumysl\/aroma\/dezertni-aroma\/smetanove-aroma\/#primaryimage","url":"https:\/\/naturalpoland.com\/wp-content\/uploads\/aromay-smietankowy.webp","contentUrl":"https:\/\/naturalpoland.com\/wp-content\/uploads\/aromay-smietankowy.webp","width":1024,"height":1024,"caption":"aromat \u015bmietankowy"},{"@type":"BreadcrumbList","@id":"https:\/\/naturalpoland.com\/cs\/produkty\/produkty-pro-potravinarsky-prumysl\/aroma\/dezertni-aroma\/smetanove-aroma\/#breadcrumb","itemListElement":[{"@type":"ListItem","position":1,"name":"Dom\u016f","item":"https:\/\/naturalpoland.com\/cs\/"},{"@type":"ListItem","position":2,"name":"Produkty","item":"https:\/\/naturalpoland.com\/cs\/produkty\/"},{"@type":"ListItem","position":3,"name":"Smetanov\u00e9 aroma"}]},{"@type":"WebSite","@id":"https:\/\/naturalpoland.com\/cs\/#website","url":"https:\/\/naturalpoland.com\/cs\/","name":"NATURAL POLAND - Velkoobchodn\u00ed distributor surovin","description":"Surowce dla przemys\u0142u spo\u017cywczego, kosmetycznego i farmaceutycznego","publisher":{"@id":"https:\/\/naturalpoland.com\/cs\/#organization"},"potentialAction":[{"@type":"SearchAction","target":{"@type":"EntryPoint","urlTemplate":"https:\/\/naturalpoland.com\/cs\/?s={search_term_string}"},"query-input":{"@type":"PropertyValueSpecification","valueRequired":true,"valueName":"search_term_string"}}],"inLanguage":"cs"},{"@type":"Organization","@id":"https:\/\/naturalpoland.com\/cs\/#organization","name":"Natural Poland","url":"https:\/\/naturalpoland.com\/cs\/","logo":{"@type":"ImageObject","inLanguage":"cs","@id":"https:\/\/naturalpoland.com\/cs\/#\/schema\/logo\/image\/","url":"https:\/\/naturalpoland.com\/wp-content\/uploads\/2021\/05\/natural-poland-icon.png","contentUrl":"https:\/\/naturalpoland.com\/wp-content\/uploads\/2021\/05\/natural-poland-icon.png","width":512,"height":512,"caption":"Natural Poland"},"image":{"@id":"https:\/\/naturalpoland.com\/cs\/#\/schema\/logo\/image\/"},"sameAs":["https:\/\/www.facebook.com\/naturalpoland.b2b","https:\/\/pl.linkedin.com\/company\/natural-poland","https:\/\/www.youtube.com\/channel\/UCgeGGkvOMahZo-xu_MSEWxg"]}]}},"_links":{"self":[{"href":"https:\/\/naturalpoland.com\/cs\/wp-json\/wp\/v2\/product\/42633","targetHints":{"allow":["GET"]}}],"collection":[{"href":"https:\/\/naturalpoland.com\/cs\/wp-json\/wp\/v2\/product"}],"about":[{"href":"https:\/\/naturalpoland.com\/cs\/wp-json\/wp\/v2\/types\/product"}],"wp:featuredmedia":[{"embeddable":true,"href":"https:\/\/naturalpoland.com\/cs\/wp-json\/wp\/v2\/media\/42506"}],"wp:attachment":[{"href":"https:\/\/naturalpoland.com\/cs\/wp-json\/wp\/v2\/media?parent=42633"}],"wp:term":[{"taxonomy":"product_brand","embeddable":true,"href":"https:\/\/naturalpoland.com\/cs\/wp-json\/wp\/v2\/product_brand?post=42633"},{"taxonomy":"product_cat","embeddable":true,"href":"https:\/\/naturalpoland.com\/cs\/wp-json\/wp\/v2\/product_cat?post=42633"},{"taxonomy":"product_tag","embeddable":true,"href":"https:\/\/naturalpoland.com\/cs\/wp-json\/wp\/v2\/product_tag?post=42633"}],"curies":[{"name":"wp","href":"https:\/\/api.w.org\/{rel}","templated":true}]}}