{"id":42964,"date":"2025-08-25T13:57:07","date_gmt":"2025-08-25T11:57:07","guid":{"rendered":"https:\/\/naturalpoland.com\/produkty\/nezarazene\/filtrat-z-fermentace-galactomyces\/"},"modified":"2025-08-26T10:38:02","modified_gmt":"2025-08-26T08:38:02","slug":"filtrat-z-fermentace-galactomyces","status":"publish","type":"product","link":"https:\/\/naturalpoland.com\/cs\/produkty\/produkty-pro-kosmeticky-prumysl\/fermentovane-extrakty\/filtrat-z-fermentace-galactomyces\/","title":{"rendered":"Filtr\u00e1t z fermentace Galactomyces"},"content":{"rendered":"<h2>Vlastnosti a \u00fa\u010dinky:<\/h2>\n<ul>\n<li>Intenzivn\u011b hydratuje poko\u017eku, zlep\u0161uje jej\u00ed pru\u017enost a hebkost<\/li>\n<li>Rozjas\u0148uje a sjednocuje t\u00f3n pleti, redukuje pigmentov\u00e9 skvrny<\/li>\n<li>Posiluje hydrolipidovou bari\u00e9ru a omezuje transepiderm\u00e1ln\u00ed ztr\u00e1tu vody (TEWL)<\/li>\n<li>P\u016fsob\u00ed antioxida\u010dn\u011b, neutralizuje voln\u00e9 radik\u00e1ly a chr\u00e1n\u00ed ko\u017en\u00ed bu\u0148ky<\/li>\n<li>Podporuje boj proti \u010dern\u00fdm te\u010dk\u00e1m a nadm\u011brn\u00e9 produkci ko\u017en\u00edho mazu<\/li>\n<li>Dod\u00e1v\u00e1 pleti z\u00e1\u0159iv\u00fd a zdrav\u00fd vzhled<\/li>\n<\/ul>\n<h2>Pou\u017eit\u00ed:<\/h2>\n<p>Pou\u017e\u00edv\u00e1 se v kosmetice pro dehydratovanou, unavenou ple\u0165 bez lesku, a tak\u00e9 jako slo\u017eka produkt\u016f proti st\u00e1rnut\u00ed a proti akn\u00e9 (tonika, esence, s\u00e9ra, kr\u00e9my).<\/p>\n","protected":false},"excerpt":{"rendered":"<p><strong>Filtr\u00e1t z fermentace Galactomyces<\/strong> je kosmetick\u00e1 surovina z\u00edskan\u00e1 procesem fermentace kvasinek rodu <em>Galactomyces<\/em>. Obsahuje bohatou sadu aktivn\u00edch l\u00e1tek: vitam\u00edn\u016f skupiny B (zejm\u00e9na <a href=\"https:\/\/naturalpoland.com\/cs\/produkty\/produkty-pro-farmaceuticky-a-zdravotnicky-prumysl\/vitaminy\/witamina-b3\/\">niacinamidu \u2013 B3<\/a>), miner\u00e1l\u016f, aminokyselin, enzym\u016f a antioxidant\u016f. <\/p>\n","protected":false},"featured_media":42903,"template":"","meta":[],"product_brand":[],"product_cat":[2689,10346],"product_tag":[],"class_list":{"0":"post-42964","1":"product","2":"type-product","3":"status-publish","4":"has-post-thumbnail","6":"product_cat-fermentovane-extrakty","7":"product_cat-korejske-suroviny","9":"first","10":"instock","11":"shipping-taxable","12":"product-type-simple"},"yoast_head":"<!-- This site is optimized with the Yoast SEO plugin v27.3 - https:\/\/yoast.com\/product\/yoast-seo-wordpress\/ -->\n<title>Filtr\u00e1t z fermentace Galactomyces - Velkoobchodn\u00ed distributor<\/title>\n<meta name=\"description\" content=\"Galactomyces Ferment Filtrate je vysoce cen\u011bn\u00e1 kosmetick\u00e1 slo\u017eka z\u00edskan\u00e1 procesem fermentace kvasinek rodu Galactomyces.\" \/>\n<meta name=\"robots\" content=\"index, follow, max-snippet:-1, max-image-preview:large, max-video-preview:-1\" \/>\n<link rel=\"canonical\" href=\"https:\/\/naturalpoland.com\/cs\/produkty\/produkty-pro-kosmeticky-prumysl\/fermentovane-extrakty\/filtrat-z-fermentace-galactomyces\/\" \/>\n<meta property=\"og:locale\" content=\"cs_CZ\" \/>\n<meta property=\"og:type\" content=\"article\" \/>\n<meta property=\"og:title\" content=\"Filtr\u00e1t z fermentace Galactomyces - Velkoobchodn\u00ed distributor\" \/>\n<meta property=\"og:description\" content=\"Galactomyces Ferment Filtrate je vysoce cen\u011bn\u00e1 kosmetick\u00e1 slo\u017eka z\u00edskan\u00e1 procesem fermentace kvasinek rodu Galactomyces.\" \/>\n<meta property=\"og:url\" content=\"https:\/\/naturalpoland.com\/cs\/produkty\/produkty-pro-kosmeticky-prumysl\/fermentovane-extrakty\/filtrat-z-fermentace-galactomyces\/\" \/>\n<meta property=\"og:site_name\" content=\"NATURAL POLAND - Velkoobchodn\u00ed distributor surovin\" \/>\n<meta property=\"article:publisher\" content=\"https:\/\/www.facebook.com\/naturalpoland.b2b\" \/>\n<meta property=\"article:modified_time\" content=\"2025-08-26T08:38:02+00:00\" \/>\n<meta property=\"og:image\" content=\"https:\/\/naturalpoland.com\/wp-content\/uploads\/filtrat-fermentacyjny-galactomyces.webp\" \/>\n\t<meta property=\"og:image:width\" content=\"1024\" \/>\n\t<meta property=\"og:image:height\" content=\"1024\" \/>\n\t<meta property=\"og:image:type\" content=\"image\/webp\" \/>\n<script type=\"application\/ld+json\" class=\"yoast-schema-graph\">{\"@context\":\"https:\\\/\\\/schema.org\",\"@graph\":[{\"@type\":\"WebPage\",\"@id\":\"https:\\\/\\\/naturalpoland.com\\\/cs\\\/produkty\\\/produkty-pro-kosmeticky-prumysl\\\/fermentovane-extrakty\\\/filtrat-z-fermentace-galactomyces\\\/\",\"url\":\"https:\\\/\\\/naturalpoland.com\\\/cs\\\/produkty\\\/produkty-pro-kosmeticky-prumysl\\\/fermentovane-extrakty\\\/filtrat-z-fermentace-galactomyces\\\/\",\"name\":\"Filtr\u00e1t z fermentace Galactomyces - Velkoobchodn\u00ed distributor\",\"isPartOf\":{\"@id\":\"https:\\\/\\\/naturalpoland.com\\\/cs\\\/#website\"},\"primaryImageOfPage\":{\"@id\":\"https:\\\/\\\/naturalpoland.com\\\/cs\\\/produkty\\\/produkty-pro-kosmeticky-prumysl\\\/fermentovane-extrakty\\\/filtrat-z-fermentace-galactomyces\\\/#primaryimage\"},\"image\":{\"@id\":\"https:\\\/\\\/naturalpoland.com\\\/cs\\\/produkty\\\/produkty-pro-kosmeticky-prumysl\\\/fermentovane-extrakty\\\/filtrat-z-fermentace-galactomyces\\\/#primaryimage\"},\"thumbnailUrl\":\"https:\\\/\\\/naturalpoland.com\\\/wp-content\\\/uploads\\\/filtrat-fermentacyjny-galactomyces.webp\",\"datePublished\":\"2025-08-25T11:57:07+00:00\",\"dateModified\":\"2025-08-26T08:38:02+00:00\",\"description\":\"Galactomyces Ferment Filtrate je vysoce cen\u011bn\u00e1 kosmetick\u00e1 slo\u017eka z\u00edskan\u00e1 procesem fermentace kvasinek rodu Galactomyces.\",\"breadcrumb\":{\"@id\":\"https:\\\/\\\/naturalpoland.com\\\/cs\\\/produkty\\\/produkty-pro-kosmeticky-prumysl\\\/fermentovane-extrakty\\\/filtrat-z-fermentace-galactomyces\\\/#breadcrumb\"},\"inLanguage\":\"cs\",\"potentialAction\":[{\"@type\":\"ReadAction\",\"target\":[\"https:\\\/\\\/naturalpoland.com\\\/cs\\\/produkty\\\/produkty-pro-kosmeticky-prumysl\\\/fermentovane-extrakty\\\/filtrat-z-fermentace-galactomyces\\\/\"]}]},{\"@type\":\"ImageObject\",\"inLanguage\":\"cs\",\"@id\":\"https:\\\/\\\/naturalpoland.com\\\/cs\\\/produkty\\\/produkty-pro-kosmeticky-prumysl\\\/fermentovane-extrakty\\\/filtrat-z-fermentace-galactomyces\\\/#primaryimage\",\"url\":\"https:\\\/\\\/naturalpoland.com\\\/wp-content\\\/uploads\\\/filtrat-fermentacyjny-galactomyces.webp\",\"contentUrl\":\"https:\\\/\\\/naturalpoland.com\\\/wp-content\\\/uploads\\\/filtrat-fermentacyjny-galactomyces.webp\",\"width\":1024,\"height\":1024,\"caption\":\"Filtrat fermentacyjny Galactomyces\"},{\"@type\":\"BreadcrumbList\",\"@id\":\"https:\\\/\\\/naturalpoland.com\\\/cs\\\/produkty\\\/produkty-pro-kosmeticky-prumysl\\\/fermentovane-extrakty\\\/filtrat-z-fermentace-galactomyces\\\/#breadcrumb\",\"itemListElement\":[{\"@type\":\"ListItem\",\"position\":1,\"name\":\"Dom\u016f\",\"item\":\"https:\\\/\\\/naturalpoland.com\\\/cs\\\/\"},{\"@type\":\"ListItem\",\"position\":2,\"name\":\"Produkty\",\"item\":\"https:\\\/\\\/naturalpoland.com\\\/cs\\\/produkty\\\/\"},{\"@type\":\"ListItem\",\"position\":3,\"name\":\"Filtr\u00e1t z fermentace Galactomyces\"}]},{\"@type\":\"WebSite\",\"@id\":\"https:\\\/\\\/naturalpoland.com\\\/cs\\\/#website\",\"url\":\"https:\\\/\\\/naturalpoland.com\\\/cs\\\/\",\"name\":\"NATURAL POLAND - Velkoobchodn\u00ed distributor surovin\",\"description\":\"Surowce dla przemys\u0142u spo\u017cywczego, kosmetycznego i farmaceutycznego\",\"publisher\":{\"@id\":\"https:\\\/\\\/naturalpoland.com\\\/cs\\\/#organization\"},\"potentialAction\":[{\"@type\":\"SearchAction\",\"target\":{\"@type\":\"EntryPoint\",\"urlTemplate\":\"https:\\\/\\\/naturalpoland.com\\\/cs\\\/?s={search_term_string}\"},\"query-input\":{\"@type\":\"PropertyValueSpecification\",\"valueRequired\":true,\"valueName\":\"search_term_string\"}}],\"inLanguage\":\"cs\"},{\"@type\":\"Organization\",\"@id\":\"https:\\\/\\\/naturalpoland.com\\\/cs\\\/#organization\",\"name\":\"Natural Poland\",\"url\":\"https:\\\/\\\/naturalpoland.com\\\/cs\\\/\",\"logo\":{\"@type\":\"ImageObject\",\"inLanguage\":\"cs\",\"@id\":\"https:\\\/\\\/naturalpoland.com\\\/cs\\\/#\\\/schema\\\/logo\\\/image\\\/\",\"url\":\"https:\\\/\\\/naturalpoland.com\\\/wp-content\\\/uploads\\\/2021\\\/05\\\/natural-poland-icon.png\",\"contentUrl\":\"https:\\\/\\\/naturalpoland.com\\\/wp-content\\\/uploads\\\/2021\\\/05\\\/natural-poland-icon.png\",\"width\":512,\"height\":512,\"caption\":\"Natural Poland\"},\"image\":{\"@id\":\"https:\\\/\\\/naturalpoland.com\\\/cs\\\/#\\\/schema\\\/logo\\\/image\\\/\"},\"sameAs\":[\"https:\\\/\\\/www.facebook.com\\\/naturalpoland.b2b\",\"https:\\\/\\\/pl.linkedin.com\\\/company\\\/natural-poland\",\"https:\\\/\\\/www.youtube.com\\\/channel\\\/UCgeGGkvOMahZo-xu_MSEWxg\"]}]}<\/script>\n<!-- \/ Yoast SEO plugin. -->","yoast_head_json":{"title":"Filtr\u00e1t z fermentace Galactomyces - Velkoobchodn\u00ed distributor","description":"Galactomyces Ferment Filtrate je vysoce cen\u011bn\u00e1 kosmetick\u00e1 slo\u017eka z\u00edskan\u00e1 procesem fermentace kvasinek rodu Galactomyces.","robots":{"index":"index","follow":"follow","max-snippet":"max-snippet:-1","max-image-preview":"max-image-preview:large","max-video-preview":"max-video-preview:-1"},"canonical":"https:\/\/naturalpoland.com\/cs\/produkty\/produkty-pro-kosmeticky-prumysl\/fermentovane-extrakty\/filtrat-z-fermentace-galactomyces\/","og_locale":"cs_CZ","og_type":"article","og_title":"Filtr\u00e1t z fermentace Galactomyces - Velkoobchodn\u00ed distributor","og_description":"Galactomyces Ferment Filtrate je vysoce cen\u011bn\u00e1 kosmetick\u00e1 slo\u017eka z\u00edskan\u00e1 procesem fermentace kvasinek rodu Galactomyces.","og_url":"https:\/\/naturalpoland.com\/cs\/produkty\/produkty-pro-kosmeticky-prumysl\/fermentovane-extrakty\/filtrat-z-fermentace-galactomyces\/","og_site_name":"NATURAL POLAND - Velkoobchodn\u00ed distributor surovin","article_publisher":"https:\/\/www.facebook.com\/naturalpoland.b2b","article_modified_time":"2025-08-26T08:38:02+00:00","og_image":[{"width":1024,"height":1024,"url":"https:\/\/naturalpoland.com\/wp-content\/uploads\/filtrat-fermentacyjny-galactomyces.webp","type":"image\/webp"}],"schema":{"@context":"https:\/\/schema.org","@graph":[{"@type":"WebPage","@id":"https:\/\/naturalpoland.com\/cs\/produkty\/produkty-pro-kosmeticky-prumysl\/fermentovane-extrakty\/filtrat-z-fermentace-galactomyces\/","url":"https:\/\/naturalpoland.com\/cs\/produkty\/produkty-pro-kosmeticky-prumysl\/fermentovane-extrakty\/filtrat-z-fermentace-galactomyces\/","name":"Filtr\u00e1t z fermentace Galactomyces - Velkoobchodn\u00ed distributor","isPartOf":{"@id":"https:\/\/naturalpoland.com\/cs\/#website"},"primaryImageOfPage":{"@id":"https:\/\/naturalpoland.com\/cs\/produkty\/produkty-pro-kosmeticky-prumysl\/fermentovane-extrakty\/filtrat-z-fermentace-galactomyces\/#primaryimage"},"image":{"@id":"https:\/\/naturalpoland.com\/cs\/produkty\/produkty-pro-kosmeticky-prumysl\/fermentovane-extrakty\/filtrat-z-fermentace-galactomyces\/#primaryimage"},"thumbnailUrl":"https:\/\/naturalpoland.com\/wp-content\/uploads\/filtrat-fermentacyjny-galactomyces.webp","datePublished":"2025-08-25T11:57:07+00:00","dateModified":"2025-08-26T08:38:02+00:00","description":"Galactomyces Ferment Filtrate je vysoce cen\u011bn\u00e1 kosmetick\u00e1 slo\u017eka z\u00edskan\u00e1 procesem fermentace kvasinek rodu Galactomyces.","breadcrumb":{"@id":"https:\/\/naturalpoland.com\/cs\/produkty\/produkty-pro-kosmeticky-prumysl\/fermentovane-extrakty\/filtrat-z-fermentace-galactomyces\/#breadcrumb"},"inLanguage":"cs","potentialAction":[{"@type":"ReadAction","target":["https:\/\/naturalpoland.com\/cs\/produkty\/produkty-pro-kosmeticky-prumysl\/fermentovane-extrakty\/filtrat-z-fermentace-galactomyces\/"]}]},{"@type":"ImageObject","inLanguage":"cs","@id":"https:\/\/naturalpoland.com\/cs\/produkty\/produkty-pro-kosmeticky-prumysl\/fermentovane-extrakty\/filtrat-z-fermentace-galactomyces\/#primaryimage","url":"https:\/\/naturalpoland.com\/wp-content\/uploads\/filtrat-fermentacyjny-galactomyces.webp","contentUrl":"https:\/\/naturalpoland.com\/wp-content\/uploads\/filtrat-fermentacyjny-galactomyces.webp","width":1024,"height":1024,"caption":"Filtrat fermentacyjny Galactomyces"},{"@type":"BreadcrumbList","@id":"https:\/\/naturalpoland.com\/cs\/produkty\/produkty-pro-kosmeticky-prumysl\/fermentovane-extrakty\/filtrat-z-fermentace-galactomyces\/#breadcrumb","itemListElement":[{"@type":"ListItem","position":1,"name":"Dom\u016f","item":"https:\/\/naturalpoland.com\/cs\/"},{"@type":"ListItem","position":2,"name":"Produkty","item":"https:\/\/naturalpoland.com\/cs\/produkty\/"},{"@type":"ListItem","position":3,"name":"Filtr\u00e1t z fermentace Galactomyces"}]},{"@type":"WebSite","@id":"https:\/\/naturalpoland.com\/cs\/#website","url":"https:\/\/naturalpoland.com\/cs\/","name":"NATURAL POLAND - Velkoobchodn\u00ed distributor surovin","description":"Surowce dla przemys\u0142u spo\u017cywczego, kosmetycznego i farmaceutycznego","publisher":{"@id":"https:\/\/naturalpoland.com\/cs\/#organization"},"potentialAction":[{"@type":"SearchAction","target":{"@type":"EntryPoint","urlTemplate":"https:\/\/naturalpoland.com\/cs\/?s={search_term_string}"},"query-input":{"@type":"PropertyValueSpecification","valueRequired":true,"valueName":"search_term_string"}}],"inLanguage":"cs"},{"@type":"Organization","@id":"https:\/\/naturalpoland.com\/cs\/#organization","name":"Natural Poland","url":"https:\/\/naturalpoland.com\/cs\/","logo":{"@type":"ImageObject","inLanguage":"cs","@id":"https:\/\/naturalpoland.com\/cs\/#\/schema\/logo\/image\/","url":"https:\/\/naturalpoland.com\/wp-content\/uploads\/2021\/05\/natural-poland-icon.png","contentUrl":"https:\/\/naturalpoland.com\/wp-content\/uploads\/2021\/05\/natural-poland-icon.png","width":512,"height":512,"caption":"Natural Poland"},"image":{"@id":"https:\/\/naturalpoland.com\/cs\/#\/schema\/logo\/image\/"},"sameAs":["https:\/\/www.facebook.com\/naturalpoland.b2b","https:\/\/pl.linkedin.com\/company\/natural-poland","https:\/\/www.youtube.com\/channel\/UCgeGGkvOMahZo-xu_MSEWxg"]}]}},"_links":{"self":[{"href":"https:\/\/naturalpoland.com\/cs\/wp-json\/wp\/v2\/product\/42964","targetHints":{"allow":["GET"]}}],"collection":[{"href":"https:\/\/naturalpoland.com\/cs\/wp-json\/wp\/v2\/product"}],"about":[{"href":"https:\/\/naturalpoland.com\/cs\/wp-json\/wp\/v2\/types\/product"}],"wp:featuredmedia":[{"embeddable":true,"href":"https:\/\/naturalpoland.com\/cs\/wp-json\/wp\/v2\/media\/42903"}],"wp:attachment":[{"href":"https:\/\/naturalpoland.com\/cs\/wp-json\/wp\/v2\/media?parent=42964"}],"wp:term":[{"taxonomy":"product_brand","embeddable":true,"href":"https:\/\/naturalpoland.com\/cs\/wp-json\/wp\/v2\/product_brand?post=42964"},{"taxonomy":"product_cat","embeddable":true,"href":"https:\/\/naturalpoland.com\/cs\/wp-json\/wp\/v2\/product_cat?post=42964"},{"taxonomy":"product_tag","embeddable":true,"href":"https:\/\/naturalpoland.com\/cs\/wp-json\/wp\/v2\/product_tag?post=42964"}],"curies":[{"name":"wp","href":"https:\/\/api.w.org\/{rel}","templated":true}]}}