{"id":42979,"date":"2025-08-25T14:11:00","date_gmt":"2025-08-25T12:11:00","guid":{"rendered":"https:\/\/naturalpoland.com\/produkty\/nezarazene\/fermentacni-lyzaty-bifida\/"},"modified":"2025-08-26T10:39:06","modified_gmt":"2025-08-26T08:39:06","slug":"fermentacni-lyzaty-bifida","status":"publish","type":"product","link":"https:\/\/naturalpoland.com\/cs\/produkty\/produkty-pro-kosmeticky-prumysl\/fermentovane-extrakty\/fermentacni-lyzaty-bifida\/","title":{"rendered":"Fermenta\u010dn\u00ed lyz\u00e1ty Bifida"},"content":{"rendered":"<h2>Vlastnosti a \u00fa\u010dinky:<\/h2>\n<ul>\n<li>Regeneruje a posiluje ochrannou bari\u00e9ru poko\u017eky<\/li>\n<li>Zvy\u0161uje odolnost poko\u017eky v\u016f\u010di oxidativn\u00edmu stresu, zne\u010di\u0161t\u011bn\u00ed a UV z\u00e1\u0159en\u00ed<\/li>\n<li>Sni\u017euje nadreaktivitu poko\u017eky, zklid\u0148uje podr\u00e1\u017ed\u011bn\u00ed<\/li>\n<li>Stimuluje regenera\u010dn\u00ed procesy a obnovu bun\u011bk<\/li>\n<li>Redukuje zn\u00e1mky st\u00e1rnut\u00ed, zlep\u0161uje pru\u017enost a vyhlazen\u00ed<\/li>\n<\/ul>\n<h2>Pou\u017eit\u00ed:<\/h2>\n<p>Ide\u00e1ln\u00ed pro obnovuj\u00edc\u00ed, zklid\u0148uj\u00edc\u00ed a anti-aging kosmetiku \u2013 zejm\u00e9na pro citlivou, reaktivn\u00ed a po\u0161kozenou poko\u017eku. Nach\u00e1z\u00ed uplatn\u011bn\u00ed v kr\u00e9mech, esenc\u00edch, s\u00e9rech, produktech po dermatologick\u00fdch z\u00e1kroc\u00edch. <\/p>\n","protected":false},"excerpt":{"rendered":"<p><strong>Fermenta\u010dn\u00ed lyz\u00e1ty Bifida<\/strong> jsou biotechnologicky z\u00edskan\u00e9 probiotikum z\u00edskan\u00e9 fermentac\u00ed bakteri\u00ed <em>Bifidobacterium<\/em>. Je to slo\u017eka s prok\u00e1zan\u00fdm \u00fa\u010dinkem podporuj\u00edc\u00edm p\u0159irozen\u00fd mikrobiom poko\u017eky a regeneraci epidermis. <\/p>\n","protected":false},"featured_media":42917,"template":"","meta":[],"product_brand":[],"product_cat":[2689,10346],"product_tag":[],"class_list":{"0":"post-42979","1":"product","2":"type-product","3":"status-publish","4":"has-post-thumbnail","6":"product_cat-fermentovane-extrakty","7":"product_cat-korejske-suroviny","9":"first","10":"instock","11":"shipping-taxable","12":"product-type-simple"},"yoast_head":"<!-- This site is optimized with the Yoast SEO plugin v27.3 - https:\/\/yoast.com\/product\/yoast-seo-wordpress\/ -->\n<title>Fermenta\u010dn\u00ed lyz\u00e1ty Bifida - Velkoobchodn\u00ed distributor<\/title>\n<meta name=\"description\" content=\"Fermenta\u010dn\u00ed lyz\u00e1ty Bifida jsou biotechnologicky z\u00edskan\u00e9 probiotikum z\u00edskan\u00e9 fermentac\u00ed bakteri\u00ed Bifidobacterium.\" \/>\n<meta name=\"robots\" content=\"index, follow, max-snippet:-1, max-image-preview:large, max-video-preview:-1\" \/>\n<link rel=\"canonical\" href=\"https:\/\/naturalpoland.com\/cs\/produkty\/produkty-pro-kosmeticky-prumysl\/fermentovane-extrakty\/fermentacni-lyzaty-bifida\/\" \/>\n<meta property=\"og:locale\" content=\"cs_CZ\" \/>\n<meta property=\"og:type\" content=\"article\" \/>\n<meta property=\"og:title\" content=\"Fermenta\u010dn\u00ed lyz\u00e1ty Bifida - Velkoobchodn\u00ed distributor\" \/>\n<meta property=\"og:description\" content=\"Fermenta\u010dn\u00ed lyz\u00e1ty Bifida jsou biotechnologicky z\u00edskan\u00e9 probiotikum z\u00edskan\u00e9 fermentac\u00ed bakteri\u00ed Bifidobacterium.\" \/>\n<meta property=\"og:url\" content=\"https:\/\/naturalpoland.com\/cs\/produkty\/produkty-pro-kosmeticky-prumysl\/fermentovane-extrakty\/fermentacni-lyzaty-bifida\/\" \/>\n<meta property=\"og:site_name\" content=\"NATURAL POLAND - Velkoobchodn\u00ed distributor surovin\" \/>\n<meta property=\"article:publisher\" content=\"https:\/\/www.facebook.com\/naturalpoland.b2b\" \/>\n<meta property=\"article:modified_time\" content=\"2025-08-26T08:39:06+00:00\" \/>\n<meta property=\"og:image\" content=\"https:\/\/naturalpoland.com\/wp-content\/uploads\/lizaty-fermentacyjne-bifida.webp\" \/>\n\t<meta property=\"og:image:width\" content=\"350\" \/>\n\t<meta property=\"og:image:height\" content=\"350\" \/>\n\t<meta property=\"og:image:type\" content=\"image\/webp\" \/>\n<script type=\"application\/ld+json\" class=\"yoast-schema-graph\">{\"@context\":\"https:\\\/\\\/schema.org\",\"@graph\":[{\"@type\":\"WebPage\",\"@id\":\"https:\\\/\\\/naturalpoland.com\\\/cs\\\/produkty\\\/produkty-pro-kosmeticky-prumysl\\\/fermentovane-extrakty\\\/fermentacni-lyzaty-bifida\\\/\",\"url\":\"https:\\\/\\\/naturalpoland.com\\\/cs\\\/produkty\\\/produkty-pro-kosmeticky-prumysl\\\/fermentovane-extrakty\\\/fermentacni-lyzaty-bifida\\\/\",\"name\":\"Fermenta\u010dn\u00ed lyz\u00e1ty Bifida - Velkoobchodn\u00ed distributor\",\"isPartOf\":{\"@id\":\"https:\\\/\\\/naturalpoland.com\\\/cs\\\/#website\"},\"primaryImageOfPage\":{\"@id\":\"https:\\\/\\\/naturalpoland.com\\\/cs\\\/produkty\\\/produkty-pro-kosmeticky-prumysl\\\/fermentovane-extrakty\\\/fermentacni-lyzaty-bifida\\\/#primaryimage\"},\"image\":{\"@id\":\"https:\\\/\\\/naturalpoland.com\\\/cs\\\/produkty\\\/produkty-pro-kosmeticky-prumysl\\\/fermentovane-extrakty\\\/fermentacni-lyzaty-bifida\\\/#primaryimage\"},\"thumbnailUrl\":\"https:\\\/\\\/naturalpoland.com\\\/wp-content\\\/uploads\\\/lizaty-fermentacyjne-bifida.webp\",\"datePublished\":\"2025-08-25T12:11:00+00:00\",\"dateModified\":\"2025-08-26T08:39:06+00:00\",\"description\":\"Fermenta\u010dn\u00ed lyz\u00e1ty Bifida jsou biotechnologicky z\u00edskan\u00e9 probiotikum z\u00edskan\u00e9 fermentac\u00ed bakteri\u00ed Bifidobacterium.\",\"breadcrumb\":{\"@id\":\"https:\\\/\\\/naturalpoland.com\\\/cs\\\/produkty\\\/produkty-pro-kosmeticky-prumysl\\\/fermentovane-extrakty\\\/fermentacni-lyzaty-bifida\\\/#breadcrumb\"},\"inLanguage\":\"cs\",\"potentialAction\":[{\"@type\":\"ReadAction\",\"target\":[\"https:\\\/\\\/naturalpoland.com\\\/cs\\\/produkty\\\/produkty-pro-kosmeticky-prumysl\\\/fermentovane-extrakty\\\/fermentacni-lyzaty-bifida\\\/\"]}]},{\"@type\":\"ImageObject\",\"inLanguage\":\"cs\",\"@id\":\"https:\\\/\\\/naturalpoland.com\\\/cs\\\/produkty\\\/produkty-pro-kosmeticky-prumysl\\\/fermentovane-extrakty\\\/fermentacni-lyzaty-bifida\\\/#primaryimage\",\"url\":\"https:\\\/\\\/naturalpoland.com\\\/wp-content\\\/uploads\\\/lizaty-fermentacyjne-bifida.webp\",\"contentUrl\":\"https:\\\/\\\/naturalpoland.com\\\/wp-content\\\/uploads\\\/lizaty-fermentacyjne-bifida.webp\",\"width\":350,\"height\":350,\"caption\":\"Lizaty fermentacyjne Bifida\"},{\"@type\":\"BreadcrumbList\",\"@id\":\"https:\\\/\\\/naturalpoland.com\\\/cs\\\/produkty\\\/produkty-pro-kosmeticky-prumysl\\\/fermentovane-extrakty\\\/fermentacni-lyzaty-bifida\\\/#breadcrumb\",\"itemListElement\":[{\"@type\":\"ListItem\",\"position\":1,\"name\":\"Dom\u016f\",\"item\":\"https:\\\/\\\/naturalpoland.com\\\/cs\\\/\"},{\"@type\":\"ListItem\",\"position\":2,\"name\":\"Produkty\",\"item\":\"https:\\\/\\\/naturalpoland.com\\\/cs\\\/produkty\\\/\"},{\"@type\":\"ListItem\",\"position\":3,\"name\":\"Fermenta\u010dn\u00ed lyz\u00e1ty Bifida\"}]},{\"@type\":\"WebSite\",\"@id\":\"https:\\\/\\\/naturalpoland.com\\\/cs\\\/#website\",\"url\":\"https:\\\/\\\/naturalpoland.com\\\/cs\\\/\",\"name\":\"NATURAL POLAND - Velkoobchodn\u00ed distributor surovin\",\"description\":\"Surowce dla przemys\u0142u spo\u017cywczego, kosmetycznego i farmaceutycznego\",\"publisher\":{\"@id\":\"https:\\\/\\\/naturalpoland.com\\\/cs\\\/#organization\"},\"potentialAction\":[{\"@type\":\"SearchAction\",\"target\":{\"@type\":\"EntryPoint\",\"urlTemplate\":\"https:\\\/\\\/naturalpoland.com\\\/cs\\\/?s={search_term_string}\"},\"query-input\":{\"@type\":\"PropertyValueSpecification\",\"valueRequired\":true,\"valueName\":\"search_term_string\"}}],\"inLanguage\":\"cs\"},{\"@type\":\"Organization\",\"@id\":\"https:\\\/\\\/naturalpoland.com\\\/cs\\\/#organization\",\"name\":\"Natural Poland\",\"url\":\"https:\\\/\\\/naturalpoland.com\\\/cs\\\/\",\"logo\":{\"@type\":\"ImageObject\",\"inLanguage\":\"cs\",\"@id\":\"https:\\\/\\\/naturalpoland.com\\\/cs\\\/#\\\/schema\\\/logo\\\/image\\\/\",\"url\":\"https:\\\/\\\/naturalpoland.com\\\/wp-content\\\/uploads\\\/2021\\\/05\\\/natural-poland-icon.png\",\"contentUrl\":\"https:\\\/\\\/naturalpoland.com\\\/wp-content\\\/uploads\\\/2021\\\/05\\\/natural-poland-icon.png\",\"width\":512,\"height\":512,\"caption\":\"Natural Poland\"},\"image\":{\"@id\":\"https:\\\/\\\/naturalpoland.com\\\/cs\\\/#\\\/schema\\\/logo\\\/image\\\/\"},\"sameAs\":[\"https:\\\/\\\/www.facebook.com\\\/naturalpoland.b2b\",\"https:\\\/\\\/pl.linkedin.com\\\/company\\\/natural-poland\",\"https:\\\/\\\/www.youtube.com\\\/channel\\\/UCgeGGkvOMahZo-xu_MSEWxg\"]}]}<\/script>\n<!-- \/ Yoast SEO plugin. -->","yoast_head_json":{"title":"Fermenta\u010dn\u00ed lyz\u00e1ty Bifida - Velkoobchodn\u00ed distributor","description":"Fermenta\u010dn\u00ed lyz\u00e1ty Bifida jsou biotechnologicky z\u00edskan\u00e9 probiotikum z\u00edskan\u00e9 fermentac\u00ed bakteri\u00ed Bifidobacterium.","robots":{"index":"index","follow":"follow","max-snippet":"max-snippet:-1","max-image-preview":"max-image-preview:large","max-video-preview":"max-video-preview:-1"},"canonical":"https:\/\/naturalpoland.com\/cs\/produkty\/produkty-pro-kosmeticky-prumysl\/fermentovane-extrakty\/fermentacni-lyzaty-bifida\/","og_locale":"cs_CZ","og_type":"article","og_title":"Fermenta\u010dn\u00ed lyz\u00e1ty Bifida - Velkoobchodn\u00ed distributor","og_description":"Fermenta\u010dn\u00ed lyz\u00e1ty Bifida jsou biotechnologicky z\u00edskan\u00e9 probiotikum z\u00edskan\u00e9 fermentac\u00ed bakteri\u00ed Bifidobacterium.","og_url":"https:\/\/naturalpoland.com\/cs\/produkty\/produkty-pro-kosmeticky-prumysl\/fermentovane-extrakty\/fermentacni-lyzaty-bifida\/","og_site_name":"NATURAL POLAND - Velkoobchodn\u00ed distributor surovin","article_publisher":"https:\/\/www.facebook.com\/naturalpoland.b2b","article_modified_time":"2025-08-26T08:39:06+00:00","og_image":[{"width":350,"height":350,"url":"https:\/\/naturalpoland.com\/wp-content\/uploads\/lizaty-fermentacyjne-bifida.webp","type":"image\/webp"}],"schema":{"@context":"https:\/\/schema.org","@graph":[{"@type":"WebPage","@id":"https:\/\/naturalpoland.com\/cs\/produkty\/produkty-pro-kosmeticky-prumysl\/fermentovane-extrakty\/fermentacni-lyzaty-bifida\/","url":"https:\/\/naturalpoland.com\/cs\/produkty\/produkty-pro-kosmeticky-prumysl\/fermentovane-extrakty\/fermentacni-lyzaty-bifida\/","name":"Fermenta\u010dn\u00ed lyz\u00e1ty Bifida - Velkoobchodn\u00ed distributor","isPartOf":{"@id":"https:\/\/naturalpoland.com\/cs\/#website"},"primaryImageOfPage":{"@id":"https:\/\/naturalpoland.com\/cs\/produkty\/produkty-pro-kosmeticky-prumysl\/fermentovane-extrakty\/fermentacni-lyzaty-bifida\/#primaryimage"},"image":{"@id":"https:\/\/naturalpoland.com\/cs\/produkty\/produkty-pro-kosmeticky-prumysl\/fermentovane-extrakty\/fermentacni-lyzaty-bifida\/#primaryimage"},"thumbnailUrl":"https:\/\/naturalpoland.com\/wp-content\/uploads\/lizaty-fermentacyjne-bifida.webp","datePublished":"2025-08-25T12:11:00+00:00","dateModified":"2025-08-26T08:39:06+00:00","description":"Fermenta\u010dn\u00ed lyz\u00e1ty Bifida jsou biotechnologicky z\u00edskan\u00e9 probiotikum z\u00edskan\u00e9 fermentac\u00ed bakteri\u00ed Bifidobacterium.","breadcrumb":{"@id":"https:\/\/naturalpoland.com\/cs\/produkty\/produkty-pro-kosmeticky-prumysl\/fermentovane-extrakty\/fermentacni-lyzaty-bifida\/#breadcrumb"},"inLanguage":"cs","potentialAction":[{"@type":"ReadAction","target":["https:\/\/naturalpoland.com\/cs\/produkty\/produkty-pro-kosmeticky-prumysl\/fermentovane-extrakty\/fermentacni-lyzaty-bifida\/"]}]},{"@type":"ImageObject","inLanguage":"cs","@id":"https:\/\/naturalpoland.com\/cs\/produkty\/produkty-pro-kosmeticky-prumysl\/fermentovane-extrakty\/fermentacni-lyzaty-bifida\/#primaryimage","url":"https:\/\/naturalpoland.com\/wp-content\/uploads\/lizaty-fermentacyjne-bifida.webp","contentUrl":"https:\/\/naturalpoland.com\/wp-content\/uploads\/lizaty-fermentacyjne-bifida.webp","width":350,"height":350,"caption":"Lizaty fermentacyjne Bifida"},{"@type":"BreadcrumbList","@id":"https:\/\/naturalpoland.com\/cs\/produkty\/produkty-pro-kosmeticky-prumysl\/fermentovane-extrakty\/fermentacni-lyzaty-bifida\/#breadcrumb","itemListElement":[{"@type":"ListItem","position":1,"name":"Dom\u016f","item":"https:\/\/naturalpoland.com\/cs\/"},{"@type":"ListItem","position":2,"name":"Produkty","item":"https:\/\/naturalpoland.com\/cs\/produkty\/"},{"@type":"ListItem","position":3,"name":"Fermenta\u010dn\u00ed lyz\u00e1ty Bifida"}]},{"@type":"WebSite","@id":"https:\/\/naturalpoland.com\/cs\/#website","url":"https:\/\/naturalpoland.com\/cs\/","name":"NATURAL POLAND - Velkoobchodn\u00ed distributor surovin","description":"Surowce dla przemys\u0142u spo\u017cywczego, kosmetycznego i farmaceutycznego","publisher":{"@id":"https:\/\/naturalpoland.com\/cs\/#organization"},"potentialAction":[{"@type":"SearchAction","target":{"@type":"EntryPoint","urlTemplate":"https:\/\/naturalpoland.com\/cs\/?s={search_term_string}"},"query-input":{"@type":"PropertyValueSpecification","valueRequired":true,"valueName":"search_term_string"}}],"inLanguage":"cs"},{"@type":"Organization","@id":"https:\/\/naturalpoland.com\/cs\/#organization","name":"Natural Poland","url":"https:\/\/naturalpoland.com\/cs\/","logo":{"@type":"ImageObject","inLanguage":"cs","@id":"https:\/\/naturalpoland.com\/cs\/#\/schema\/logo\/image\/","url":"https:\/\/naturalpoland.com\/wp-content\/uploads\/2021\/05\/natural-poland-icon.png","contentUrl":"https:\/\/naturalpoland.com\/wp-content\/uploads\/2021\/05\/natural-poland-icon.png","width":512,"height":512,"caption":"Natural Poland"},"image":{"@id":"https:\/\/naturalpoland.com\/cs\/#\/schema\/logo\/image\/"},"sameAs":["https:\/\/www.facebook.com\/naturalpoland.b2b","https:\/\/pl.linkedin.com\/company\/natural-poland","https:\/\/www.youtube.com\/channel\/UCgeGGkvOMahZo-xu_MSEWxg"]}]}},"_links":{"self":[{"href":"https:\/\/naturalpoland.com\/cs\/wp-json\/wp\/v2\/product\/42979","targetHints":{"allow":["GET"]}}],"collection":[{"href":"https:\/\/naturalpoland.com\/cs\/wp-json\/wp\/v2\/product"}],"about":[{"href":"https:\/\/naturalpoland.com\/cs\/wp-json\/wp\/v2\/types\/product"}],"wp:featuredmedia":[{"embeddable":true,"href":"https:\/\/naturalpoland.com\/cs\/wp-json\/wp\/v2\/media\/42917"}],"wp:attachment":[{"href":"https:\/\/naturalpoland.com\/cs\/wp-json\/wp\/v2\/media?parent=42979"}],"wp:term":[{"taxonomy":"product_brand","embeddable":true,"href":"https:\/\/naturalpoland.com\/cs\/wp-json\/wp\/v2\/product_brand?post=42979"},{"taxonomy":"product_cat","embeddable":true,"href":"https:\/\/naturalpoland.com\/cs\/wp-json\/wp\/v2\/product_cat?post=42979"},{"taxonomy":"product_tag","embeddable":true,"href":"https:\/\/naturalpoland.com\/cs\/wp-json\/wp\/v2\/product_tag?post=42979"}],"curies":[{"name":"wp","href":"https:\/\/api.w.org\/{rel}","templated":true}]}}