{"id":43114,"date":"2025-08-26T12:45:29","date_gmt":"2025-08-26T10:45:29","guid":{"rendered":"https:\/\/naturalpoland.com\/produkty\/nezarazene\/mlecne-aroma\/"},"modified":"2025-08-27T12:54:25","modified_gmt":"2025-08-27T10:54:25","slug":"mlecne-aroma","status":"publish","type":"product","link":"https:\/\/naturalpoland.com\/cs\/produkty\/produkty-pro-potravinarsky-prumysl\/aroma\/jina-aroma\/mlecne-aroma\/","title":{"rendered":"Ml\u00e9\u010dn\u00e9 aroma"},"content":{"rendered":"<p>Ml\u00e9\u010dn\u00e1 aromata jsou spojov\u00e1na s dom\u00e1c\u00edm teplem, sladkost\u00ed a kr\u00e9movou konzistenc\u00ed. Ide\u00e1ln\u011b se hod\u00ed k jin\u00fdm dezertn\u00edm a ml\u00e9\u010dn\u00fdm t\u00f3n\u016fm. V nab\u00eddce Natural Poland naleznete r\u016fzn\u00e9 varianty ml\u00e9\u010dn\u00e9ho aroma \u2013 jak <strong>p\u0159\u00edrodn\u00ed<\/strong>, <strong>tekut\u00e9<\/strong>, tak i &lt;strong&#8220;&gt;pr\u00e1\u0161kov\u00e9 \u2013 kter\u00e9 se li\u0161\u00ed senzorick\u00fdm profilem, intenzitou a pou\u017eit\u00edm:  <\/p>\n<ol>\n<li><strong>Verze va\u0159en\u00e9ho ml\u00e9ka (p\u0159\u00edrodn\u00ed, tekut\u00e1)<\/strong> reprodukuje sladk\u00fd, tepl\u00fd charakter dlouho va\u0159en\u00e9ho ml\u00e9ka, s patrn\u00fdmi t\u00f3ny neslazen\u00e9ho kondenzovan\u00e9ho ml\u00e9ka. Jedn\u00e1 se o klasick\u00e9, h\u0159ejiv\u00e9 aroma, kter\u00e9 se skv\u011ble hod\u00ed do ml\u00e9\u010dn\u00fdch dezert\u016f, ka\u0161\u00ed, zmrzlin, n\u00e1poj\u016f a produkt\u016f pro d\u011bti. <\/li>\n<li><strong>Ml\u00e9\u010dno-vanilkov\u00e1 zmrzlina<\/strong> je kombinac\u00ed va\u0159en\u00e9ho ml\u00e9ka s jemn\u00fdm vanilkov\u00fdm t\u00f3nem. Vytv\u00e1\u0159\u00ed tepl\u00fd, jemn\u00fd a lehce dezertn\u00ed chu\u0165ov\u00fd profil \u2013 ide\u00e1ln\u00ed pro zmrzliny, ml\u00e9\u010dn\u00e9 ty\u010dinky, p\u011bny a instantn\u00ed produkty. Nosi\u010dem je glykol, co\u017e umo\u017e\u0148uje snadn\u00e9 zaveden\u00ed aroma do receptur.  <\/li>\n<li><strong>Ml\u00e9\u010dn\u00fd koncentrovan\u00fd<\/strong> p\u0159in\u00e1\u0161\u00ed sladkokysel\u00fd profil v typu p\u0159\u00edrodn\u00edho jogurtu s jemn\u00fdm akcentem va\u0159en\u00e9ho ml\u00e9ka. Tato varianta se hod\u00ed do dopl\u0148k\u016f stravy, funk\u010dn\u00edch n\u00e1poj\u016f, ml\u00e9\u010dn\u00fdch sva\u010din a produkt\u016f z kategorie fit. <\/li>\n<li><strong>Aroma tepl\u00e9ho ml\u00e9ka<\/strong> odd\u00e1v\u00e1 charakter \u010derstv\u011b oh\u0159\u00e1t\u00e9ho ml\u00e9ka \u2013 jemn\u00e9ho, sladk\u00e9ho, lehk\u00e9ho. Nach\u00e1z\u00ed uplatn\u011bn\u00ed mj. v produktech pro d\u011bti, ml\u00e9\u010dn\u00fdch koktejlech, pediatrick\u00fdch dopl\u0148c\u00edch a proteinov\u00fdch n\u00e1poj\u00edch.  <\/li>\n<li><strong>Aroma kondenzovan\u00e9ho ml\u00e9ka (tekut\u00e9)<\/strong> nab\u00edz\u00ed hlubok\u00fd, kr\u00e9mov\u00fd, v\u00fdrazn\u011b sladk\u00fd chu\u0165ov\u00fd profil p\u0159ipom\u00ednaj\u00edc\u00ed zahu\u0161t\u011bn\u00e9 ml\u00e9ko, zn\u00e1m\u00e9 z tradi\u010dn\u00edch dezert\u016f. Toto aroma se skv\u011ble hod\u00ed do pe\u010diva, ml\u00e9\u010dn\u00fdch kr\u00e9m\u016f, zmrzlin, pudink\u016f a n\u00e1poj\u016f v pr\u00e1\u0161ku. <\/li>\n<li><strong>Pr\u00e1\u0161kov\u00e1 verze kondenzovan\u00e9ho ml\u00e9ka<\/strong> zachov\u00e1v\u00e1 stejn\u00fd senzorick\u00fd profil, ale v pohodln\u00e9 such\u00e9 form\u011b, ide\u00e1ln\u00ed pro aplikaci v dopl\u0148c\u00edch, instantn\u00edch sm\u011bs\u00edch, proteinov\u00fdch ty\u010dink\u00e1ch \u010di produktech pro sportovce.<\/li>\n<\/ol>\n<p>V\u0161echna ml\u00e9\u010dn\u00e1 aromata v nab\u00eddce jsou dostupn\u00e1 v r\u016fzn\u00fdch nosi\u010d\u00edch (<strong>glykol, triacetin<\/strong>) a p\u0159izp\u016fsoben\u00e1 technologick\u00fdm po\u017eadavk\u016fm, jako je odolnost v\u016f\u010di teplot\u011b, stabilita v tukov\u00fdch nebo vodn\u00edch prost\u0159ed\u00edch.<\/p>\n","protected":false},"excerpt":{"rendered":"<p><strong>Ml\u00e9\u010dn\u00e1 aromata<\/strong> jsou jedny z nejuniverz\u00e1ln\u011bj\u0161\u00edch a nejvyhled\u00e1van\u011bj\u0161\u00edch chu\u0165ov\u011b-vonn\u00fdch p\u0159\u00edsad v potravin\u00e1\u0159sk\u00e9m, farmaceutick\u00e9m a suplementa\u010dn\u00edm pr\u016fmyslu.<\/p>\n","protected":false},"featured_media":43069,"template":"","meta":[],"product_brand":[],"product_cat":[7588],"product_tag":[],"class_list":{"0":"post-43114","1":"product","2":"type-product","3":"status-publish","4":"has-post-thumbnail","6":"product_cat-jina-aroma","8":"first","9":"instock","10":"shipping-taxable","11":"product-type-simple"},"yoast_head":"<!-- This site is optimized with the Yoast SEO plugin v27.3 - https:\/\/yoast.com\/product\/yoast-seo-wordpress\/ -->\n<title>Ml\u00e9\u010dn\u00e9 aroma - Velkoobchodn\u00ed distributor<\/title>\n<meta name=\"description\" content=\"Ml\u00e9\u010dn\u00e9 aroma se vyskytuje v mnoha variant\u00e1ch. V nab\u00eddce m\u00e1me jak p\u0159\u00edrodn\u00ed, tekut\u00e9, tak i pr\u00e1\u0161kov\u00e9, kter\u00e9 se li\u0161\u00ed senzorick\u00fdm profilem.\" \/>\n<meta name=\"robots\" content=\"index, follow, max-snippet:-1, max-image-preview:large, max-video-preview:-1\" \/>\n<link rel=\"canonical\" href=\"https:\/\/naturalpoland.com\/cs\/produkty\/produkty-pro-potravinarsky-prumysl\/aroma\/jina-aroma\/mlecne-aroma\/\" \/>\n<meta property=\"og:locale\" content=\"cs_CZ\" \/>\n<meta property=\"og:type\" content=\"article\" \/>\n<meta property=\"og:title\" content=\"Ml\u00e9\u010dn\u00e9 aroma - Velkoobchodn\u00ed distributor\" \/>\n<meta property=\"og:description\" content=\"Ml\u00e9\u010dn\u00e9 aroma se vyskytuje v mnoha variant\u00e1ch. V nab\u00eddce m\u00e1me jak p\u0159\u00edrodn\u00ed, tekut\u00e9, tak i pr\u00e1\u0161kov\u00e9, kter\u00e9 se li\u0161\u00ed senzorick\u00fdm profilem.\" \/>\n<meta property=\"og:url\" content=\"https:\/\/naturalpoland.com\/cs\/produkty\/produkty-pro-potravinarsky-prumysl\/aroma\/jina-aroma\/mlecne-aroma\/\" \/>\n<meta property=\"og:site_name\" content=\"NATURAL POLAND - Velkoobchodn\u00ed distributor surovin\" \/>\n<meta property=\"article:publisher\" content=\"https:\/\/www.facebook.com\/naturalpoland.b2b\" \/>\n<meta property=\"article:modified_time\" content=\"2025-08-27T10:54:25+00:00\" \/>\n<meta property=\"og:image\" content=\"https:\/\/naturalpoland.com\/wp-content\/uploads\/aromat-mleczny.webp\" \/>\n\t<meta property=\"og:image:width\" content=\"1024\" \/>\n\t<meta property=\"og:image:height\" content=\"1024\" \/>\n\t<meta property=\"og:image:type\" content=\"image\/webp\" \/>\n<script type=\"application\/ld+json\" class=\"yoast-schema-graph\">{\"@context\":\"https:\\\/\\\/schema.org\",\"@graph\":[{\"@type\":\"WebPage\",\"@id\":\"https:\\\/\\\/naturalpoland.com\\\/cs\\\/produkty\\\/produkty-pro-potravinarsky-prumysl\\\/aroma\\\/jina-aroma\\\/mlecne-aroma\\\/\",\"url\":\"https:\\\/\\\/naturalpoland.com\\\/cs\\\/produkty\\\/produkty-pro-potravinarsky-prumysl\\\/aroma\\\/jina-aroma\\\/mlecne-aroma\\\/\",\"name\":\"Ml\u00e9\u010dn\u00e9 aroma - Velkoobchodn\u00ed distributor\",\"isPartOf\":{\"@id\":\"https:\\\/\\\/naturalpoland.com\\\/cs\\\/#website\"},\"primaryImageOfPage\":{\"@id\":\"https:\\\/\\\/naturalpoland.com\\\/cs\\\/produkty\\\/produkty-pro-potravinarsky-prumysl\\\/aroma\\\/jina-aroma\\\/mlecne-aroma\\\/#primaryimage\"},\"image\":{\"@id\":\"https:\\\/\\\/naturalpoland.com\\\/cs\\\/produkty\\\/produkty-pro-potravinarsky-prumysl\\\/aroma\\\/jina-aroma\\\/mlecne-aroma\\\/#primaryimage\"},\"thumbnailUrl\":\"https:\\\/\\\/naturalpoland.com\\\/wp-content\\\/uploads\\\/aromat-mleczny.webp\",\"datePublished\":\"2025-08-26T10:45:29+00:00\",\"dateModified\":\"2025-08-27T10:54:25+00:00\",\"description\":\"Ml\u00e9\u010dn\u00e9 aroma se vyskytuje v mnoha variant\u00e1ch. V nab\u00eddce m\u00e1me jak p\u0159\u00edrodn\u00ed, tekut\u00e9, tak i pr\u00e1\u0161kov\u00e9, kter\u00e9 se li\u0161\u00ed senzorick\u00fdm profilem.\",\"breadcrumb\":{\"@id\":\"https:\\\/\\\/naturalpoland.com\\\/cs\\\/produkty\\\/produkty-pro-potravinarsky-prumysl\\\/aroma\\\/jina-aroma\\\/mlecne-aroma\\\/#breadcrumb\"},\"inLanguage\":\"cs\",\"potentialAction\":[{\"@type\":\"ReadAction\",\"target\":[\"https:\\\/\\\/naturalpoland.com\\\/cs\\\/produkty\\\/produkty-pro-potravinarsky-prumysl\\\/aroma\\\/jina-aroma\\\/mlecne-aroma\\\/\"]}]},{\"@type\":\"ImageObject\",\"inLanguage\":\"cs\",\"@id\":\"https:\\\/\\\/naturalpoland.com\\\/cs\\\/produkty\\\/produkty-pro-potravinarsky-prumysl\\\/aroma\\\/jina-aroma\\\/mlecne-aroma\\\/#primaryimage\",\"url\":\"https:\\\/\\\/naturalpoland.com\\\/wp-content\\\/uploads\\\/aromat-mleczny.webp\",\"contentUrl\":\"https:\\\/\\\/naturalpoland.com\\\/wp-content\\\/uploads\\\/aromat-mleczny.webp\",\"width\":1024,\"height\":1024,\"caption\":\"aromat mleczny\"},{\"@type\":\"BreadcrumbList\",\"@id\":\"https:\\\/\\\/naturalpoland.com\\\/cs\\\/produkty\\\/produkty-pro-potravinarsky-prumysl\\\/aroma\\\/jina-aroma\\\/mlecne-aroma\\\/#breadcrumb\",\"itemListElement\":[{\"@type\":\"ListItem\",\"position\":1,\"name\":\"Dom\u016f\",\"item\":\"https:\\\/\\\/naturalpoland.com\\\/cs\\\/\"},{\"@type\":\"ListItem\",\"position\":2,\"name\":\"Produkty\",\"item\":\"https:\\\/\\\/naturalpoland.com\\\/cs\\\/produkty\\\/\"},{\"@type\":\"ListItem\",\"position\":3,\"name\":\"Ml\u00e9\u010dn\u00e9 aroma\"}]},{\"@type\":\"WebSite\",\"@id\":\"https:\\\/\\\/naturalpoland.com\\\/cs\\\/#website\",\"url\":\"https:\\\/\\\/naturalpoland.com\\\/cs\\\/\",\"name\":\"NATURAL POLAND - Velkoobchodn\u00ed distributor surovin\",\"description\":\"Surowce dla przemys\u0142u spo\u017cywczego, kosmetycznego i farmaceutycznego\",\"publisher\":{\"@id\":\"https:\\\/\\\/naturalpoland.com\\\/cs\\\/#organization\"},\"potentialAction\":[{\"@type\":\"SearchAction\",\"target\":{\"@type\":\"EntryPoint\",\"urlTemplate\":\"https:\\\/\\\/naturalpoland.com\\\/cs\\\/?s={search_term_string}\"},\"query-input\":{\"@type\":\"PropertyValueSpecification\",\"valueRequired\":true,\"valueName\":\"search_term_string\"}}],\"inLanguage\":\"cs\"},{\"@type\":\"Organization\",\"@id\":\"https:\\\/\\\/naturalpoland.com\\\/cs\\\/#organization\",\"name\":\"Natural Poland\",\"url\":\"https:\\\/\\\/naturalpoland.com\\\/cs\\\/\",\"logo\":{\"@type\":\"ImageObject\",\"inLanguage\":\"cs\",\"@id\":\"https:\\\/\\\/naturalpoland.com\\\/cs\\\/#\\\/schema\\\/logo\\\/image\\\/\",\"url\":\"https:\\\/\\\/naturalpoland.com\\\/wp-content\\\/uploads\\\/2021\\\/05\\\/natural-poland-icon.png\",\"contentUrl\":\"https:\\\/\\\/naturalpoland.com\\\/wp-content\\\/uploads\\\/2021\\\/05\\\/natural-poland-icon.png\",\"width\":512,\"height\":512,\"caption\":\"Natural Poland\"},\"image\":{\"@id\":\"https:\\\/\\\/naturalpoland.com\\\/cs\\\/#\\\/schema\\\/logo\\\/image\\\/\"},\"sameAs\":[\"https:\\\/\\\/www.facebook.com\\\/naturalpoland.b2b\",\"https:\\\/\\\/pl.linkedin.com\\\/company\\\/natural-poland\",\"https:\\\/\\\/www.youtube.com\\\/channel\\\/UCgeGGkvOMahZo-xu_MSEWxg\"]}]}<\/script>\n<!-- \/ Yoast SEO plugin. -->","yoast_head_json":{"title":"Ml\u00e9\u010dn\u00e9 aroma - Velkoobchodn\u00ed distributor","description":"Ml\u00e9\u010dn\u00e9 aroma se vyskytuje v mnoha variant\u00e1ch. V nab\u00eddce m\u00e1me jak p\u0159\u00edrodn\u00ed, tekut\u00e9, tak i pr\u00e1\u0161kov\u00e9, kter\u00e9 se li\u0161\u00ed senzorick\u00fdm profilem.","robots":{"index":"index","follow":"follow","max-snippet":"max-snippet:-1","max-image-preview":"max-image-preview:large","max-video-preview":"max-video-preview:-1"},"canonical":"https:\/\/naturalpoland.com\/cs\/produkty\/produkty-pro-potravinarsky-prumysl\/aroma\/jina-aroma\/mlecne-aroma\/","og_locale":"cs_CZ","og_type":"article","og_title":"Ml\u00e9\u010dn\u00e9 aroma - Velkoobchodn\u00ed distributor","og_description":"Ml\u00e9\u010dn\u00e9 aroma se vyskytuje v mnoha variant\u00e1ch. V nab\u00eddce m\u00e1me jak p\u0159\u00edrodn\u00ed, tekut\u00e9, tak i pr\u00e1\u0161kov\u00e9, kter\u00e9 se li\u0161\u00ed senzorick\u00fdm profilem.","og_url":"https:\/\/naturalpoland.com\/cs\/produkty\/produkty-pro-potravinarsky-prumysl\/aroma\/jina-aroma\/mlecne-aroma\/","og_site_name":"NATURAL POLAND - Velkoobchodn\u00ed distributor surovin","article_publisher":"https:\/\/www.facebook.com\/naturalpoland.b2b","article_modified_time":"2025-08-27T10:54:25+00:00","og_image":[{"width":1024,"height":1024,"url":"https:\/\/naturalpoland.com\/wp-content\/uploads\/aromat-mleczny.webp","type":"image\/webp"}],"schema":{"@context":"https:\/\/schema.org","@graph":[{"@type":"WebPage","@id":"https:\/\/naturalpoland.com\/cs\/produkty\/produkty-pro-potravinarsky-prumysl\/aroma\/jina-aroma\/mlecne-aroma\/","url":"https:\/\/naturalpoland.com\/cs\/produkty\/produkty-pro-potravinarsky-prumysl\/aroma\/jina-aroma\/mlecne-aroma\/","name":"Ml\u00e9\u010dn\u00e9 aroma - Velkoobchodn\u00ed distributor","isPartOf":{"@id":"https:\/\/naturalpoland.com\/cs\/#website"},"primaryImageOfPage":{"@id":"https:\/\/naturalpoland.com\/cs\/produkty\/produkty-pro-potravinarsky-prumysl\/aroma\/jina-aroma\/mlecne-aroma\/#primaryimage"},"image":{"@id":"https:\/\/naturalpoland.com\/cs\/produkty\/produkty-pro-potravinarsky-prumysl\/aroma\/jina-aroma\/mlecne-aroma\/#primaryimage"},"thumbnailUrl":"https:\/\/naturalpoland.com\/wp-content\/uploads\/aromat-mleczny.webp","datePublished":"2025-08-26T10:45:29+00:00","dateModified":"2025-08-27T10:54:25+00:00","description":"Ml\u00e9\u010dn\u00e9 aroma se vyskytuje v mnoha variant\u00e1ch. V nab\u00eddce m\u00e1me jak p\u0159\u00edrodn\u00ed, tekut\u00e9, tak i pr\u00e1\u0161kov\u00e9, kter\u00e9 se li\u0161\u00ed senzorick\u00fdm profilem.","breadcrumb":{"@id":"https:\/\/naturalpoland.com\/cs\/produkty\/produkty-pro-potravinarsky-prumysl\/aroma\/jina-aroma\/mlecne-aroma\/#breadcrumb"},"inLanguage":"cs","potentialAction":[{"@type":"ReadAction","target":["https:\/\/naturalpoland.com\/cs\/produkty\/produkty-pro-potravinarsky-prumysl\/aroma\/jina-aroma\/mlecne-aroma\/"]}]},{"@type":"ImageObject","inLanguage":"cs","@id":"https:\/\/naturalpoland.com\/cs\/produkty\/produkty-pro-potravinarsky-prumysl\/aroma\/jina-aroma\/mlecne-aroma\/#primaryimage","url":"https:\/\/naturalpoland.com\/wp-content\/uploads\/aromat-mleczny.webp","contentUrl":"https:\/\/naturalpoland.com\/wp-content\/uploads\/aromat-mleczny.webp","width":1024,"height":1024,"caption":"aromat mleczny"},{"@type":"BreadcrumbList","@id":"https:\/\/naturalpoland.com\/cs\/produkty\/produkty-pro-potravinarsky-prumysl\/aroma\/jina-aroma\/mlecne-aroma\/#breadcrumb","itemListElement":[{"@type":"ListItem","position":1,"name":"Dom\u016f","item":"https:\/\/naturalpoland.com\/cs\/"},{"@type":"ListItem","position":2,"name":"Produkty","item":"https:\/\/naturalpoland.com\/cs\/produkty\/"},{"@type":"ListItem","position":3,"name":"Ml\u00e9\u010dn\u00e9 aroma"}]},{"@type":"WebSite","@id":"https:\/\/naturalpoland.com\/cs\/#website","url":"https:\/\/naturalpoland.com\/cs\/","name":"NATURAL POLAND - Velkoobchodn\u00ed distributor surovin","description":"Surowce dla przemys\u0142u spo\u017cywczego, kosmetycznego i farmaceutycznego","publisher":{"@id":"https:\/\/naturalpoland.com\/cs\/#organization"},"potentialAction":[{"@type":"SearchAction","target":{"@type":"EntryPoint","urlTemplate":"https:\/\/naturalpoland.com\/cs\/?s={search_term_string}"},"query-input":{"@type":"PropertyValueSpecification","valueRequired":true,"valueName":"search_term_string"}}],"inLanguage":"cs"},{"@type":"Organization","@id":"https:\/\/naturalpoland.com\/cs\/#organization","name":"Natural Poland","url":"https:\/\/naturalpoland.com\/cs\/","logo":{"@type":"ImageObject","inLanguage":"cs","@id":"https:\/\/naturalpoland.com\/cs\/#\/schema\/logo\/image\/","url":"https:\/\/naturalpoland.com\/wp-content\/uploads\/2021\/05\/natural-poland-icon.png","contentUrl":"https:\/\/naturalpoland.com\/wp-content\/uploads\/2021\/05\/natural-poland-icon.png","width":512,"height":512,"caption":"Natural Poland"},"image":{"@id":"https:\/\/naturalpoland.com\/cs\/#\/schema\/logo\/image\/"},"sameAs":["https:\/\/www.facebook.com\/naturalpoland.b2b","https:\/\/pl.linkedin.com\/company\/natural-poland","https:\/\/www.youtube.com\/channel\/UCgeGGkvOMahZo-xu_MSEWxg"]}]}},"_links":{"self":[{"href":"https:\/\/naturalpoland.com\/cs\/wp-json\/wp\/v2\/product\/43114","targetHints":{"allow":["GET"]}}],"collection":[{"href":"https:\/\/naturalpoland.com\/cs\/wp-json\/wp\/v2\/product"}],"about":[{"href":"https:\/\/naturalpoland.com\/cs\/wp-json\/wp\/v2\/types\/product"}],"wp:featuredmedia":[{"embeddable":true,"href":"https:\/\/naturalpoland.com\/cs\/wp-json\/wp\/v2\/media\/43069"}],"wp:attachment":[{"href":"https:\/\/naturalpoland.com\/cs\/wp-json\/wp\/v2\/media?parent=43114"}],"wp:term":[{"taxonomy":"product_brand","embeddable":true,"href":"https:\/\/naturalpoland.com\/cs\/wp-json\/wp\/v2\/product_brand?post=43114"},{"taxonomy":"product_cat","embeddable":true,"href":"https:\/\/naturalpoland.com\/cs\/wp-json\/wp\/v2\/product_cat?post=43114"},{"taxonomy":"product_tag","embeddable":true,"href":"https:\/\/naturalpoland.com\/cs\/wp-json\/wp\/v2\/product_tag?post=43114"}],"curies":[{"name":"wp","href":"https:\/\/api.w.org\/{rel}","templated":true}]}}