{"id":43357,"date":"2025-09-04T12:18:43","date_gmt":"2025-09-04T10:18:43","guid":{"rendered":"https:\/\/naturalpoland.com\/produkty\/nezarazene\/boruvkove-aroma\/"},"modified":"2025-09-26T11:17:23","modified_gmt":"2025-09-26T09:17:23","slug":"boruvkove-aroma","status":"publish","type":"product","link":"https:\/\/naturalpoland.com\/cs\/produkty\/produkty-pro-potravinarsky-prumysl\/aroma\/ovocna-aroma\/boruvkove-aroma\/","title":{"rendered":"Bor\u016fvkov\u00e9 aroma"},"content":{"rendered":"<p>Bor\u016fvkov\u00e9 aroma je dostupn\u00e9 v tekut\u00e9 a pr\u00e1\u0161kov\u00e9 form\u011b v n\u011bkolika variant\u00e1ch.<\/p>\n<p>Ve <strong>tekut\u00e9 p\u0159\u00edrodn\u00ed verzi<\/strong> se aroma vyzna\u010duje hlubok\u00fdm, \u010derstv\u00fdm charakterem bor\u016fvkov\u00e9ho ovoce s jemn\u00fdm akcentem lesn\u00edho podrostu. Je odoln\u00e9 v\u016f\u010di vysok\u00e9 teplot\u011b, d\u00edky \u010demu\u017e m\u016f\u017ee b\u00fdt \u00fasp\u011b\u0161n\u011b pou\u017e\u00edv\u00e1no v pe\u010den\u00fdch, va\u0159en\u00fdch a pasterizovan\u00fdch produktech. Ide\u00e1ln\u00ed do d\u017eem\u016f, dezert\u016f, ovocn\u00fdch v\u00fdrobk\u016f a n\u00e1poj\u016f.  <\/p>\n<p>Aroma <strong>bor\u016fvkovo-jogurtov\u00e9<\/strong> je chutn\u00e9 spojen\u00ed \u010derstv\u00fdch, sladk\u00fdch bor\u016fvek a p\u0159\u00edrodn\u00edho jogurtu \u2013 vyv\u00e1\u017een\u00e1, lehce nakysl\u00e1 kompozice s p\u0159\u00edjemn\u00fdm, ml\u00e9\u010dn\u011b-ovocn\u00fdm fini\u0161em. <strong>Bor\u016fvkovo-smetanov\u00e1<\/strong> varianta naopak okouzluje kr\u00e9movou hloubkou \u2013 spojuje tu\u010dnou, kyselou smetanu se zralou, sladkou bor\u016fvkou, co\u017e z n\u00ed \u010din\u00ed v\u00fdjime\u010dn\u00fd dopln\u011bk do zmrzlin, jogurt\u016f a ml\u00e9\u010dn\u00fdch v\u00fdrobk\u016f. <\/p>\n<p><strong>V pr\u00e1\u0161kov\u00e9 form\u011b<\/strong> je dostupn\u00e1 p\u0159\u00edrodn\u00ed verze aromatu s klasick\u00fdm charakterem \u010derstv\u011b nasb\u00edran\u00fdch bor\u016fvek se subtiln\u00ed lesn\u00ed notou. V\u00fdborn\u011b se osv\u011bd\u010duje v sypk\u00fdch sm\u011bs\u00edch, instantn\u00edch produktech a pr\u00e1\u0161kov\u00fdch dopl\u0148c\u00edch stravy. Varianta <strong>ar\u00f3niovo-bor\u016fvkov\u00e1<\/strong> nab\u00edz\u00ed jedine\u010dn\u00e9 spojen\u00ed trpk\u00e9ho ar\u00f3niov\u00e9ho d\u017eusu s bohatou chut\u00ed bor\u016fvkov\u00e9ho ovoce \u2013 ide\u00e1ln\u00ed do funk\u010dn\u00edch n\u00e1poj\u016f \u010di ovocn\u00fdch ty\u010dinek.  <\/p>\n<p>Varianta <strong>bor\u016fvkov\u00e1 d\u017eemov\u00e1<\/strong> je pln\u00e1, sladk\u00e1 kompozice inspirovan\u00e1 \u010dernou bor\u016fvkou s lesn\u00edmi prvky, kter\u00e1 se osv\u011bd\u010d\u00ed v cukr\u00e1\u0159sk\u00fdch v\u00fdrobc\u00edch. Dostupn\u00e1 je tak\u00e9 <strong>maskuj\u00edc\u00ed verze<\/strong> \u2013 subtiln\u00ed aroma \u010derstv\u00fdch bor\u016fvek s lesn\u00edm podrostem, vyvinut\u00e9 s ohledem na neutralizaci ne\u017e\u00e1douc\u00edch chu\u0165ov\u00fdch t\u00f3n\u016f ve funk\u010dn\u00edch produktech a dopl\u0148c\u00edch stravy. <\/p>\n","protected":false},"excerpt":{"rendered":"<p>Bor\u016fvkov\u00e9 aroma je slo\u017eit\u00fd a v\u00edcerozm\u011brn\u00fd chu\u0165ov\u011b-vonn\u00fd profil, kter\u00fd dokonale vystihuje charakter \u010derstv\u00fdch, zral\u00fdch evropsk\u00fdch bor\u016fvek.<\/p>\n","protected":false},"featured_media":43358,"template":"","meta":{"_acf_changed":false},"product_brand":[],"product_cat":[7586],"product_tag":[],"class_list":{"0":"post-43357","1":"product","2":"type-product","3":"status-publish","4":"has-post-thumbnail","6":"product_cat-ovocna-aroma","8":"first","9":"instock","10":"shipping-taxable","11":"product-type-simple"},"acf":[],"yoast_head":"<!-- This site is optimized with the Yoast SEO plugin v27.6 - https:\/\/yoast.com\/product\/yoast-seo-wordpress\/ -->\n<title>Bor\u016fvkov\u00e9 aroma - Velkoobchodn\u00ed distributor<\/title>\n<meta name=\"description\" content=\"Bor\u016fvkov\u00e9 aroma je slo\u017eit\u00fd a v\u00edcerozm\u011brn\u00fd chu\u0165ov\u011b-vonn\u00fd profil, kter\u00fd dokonale vystihuje charakter \u010derstv\u00fdch, zral\u00fdch evropsk\u00fdch bor\u016fvek.\" \/>\n<meta name=\"robots\" content=\"index, follow, max-snippet:-1, max-image-preview:large, max-video-preview:-1\" \/>\n<link rel=\"canonical\" href=\"https:\/\/naturalpoland.com\/cs\/produkty\/produkty-pro-potravinarsky-prumysl\/aroma\/ovocna-aroma\/boruvkove-aroma\/\" \/>\n<meta property=\"og:locale\" content=\"cs_CZ\" \/>\n<meta property=\"og:type\" content=\"article\" \/>\n<meta property=\"og:title\" content=\"Bor\u016fvkov\u00e9 aroma - Velkoobchodn\u00ed distributor\" \/>\n<meta property=\"og:description\" content=\"Bor\u016fvkov\u00e9 aroma je slo\u017eit\u00fd a v\u00edcerozm\u011brn\u00fd chu\u0165ov\u011b-vonn\u00fd profil, kter\u00fd dokonale vystihuje charakter \u010derstv\u00fdch, zral\u00fdch evropsk\u00fdch bor\u016fvek.\" \/>\n<meta property=\"og:url\" content=\"https:\/\/naturalpoland.com\/cs\/produkty\/produkty-pro-potravinarsky-prumysl\/aroma\/ovocna-aroma\/boruvkove-aroma\/\" \/>\n<meta property=\"og:site_name\" content=\"NATURAL POLAND - Velkoobchodn\u00ed distributor surovin\" \/>\n<meta property=\"article:publisher\" content=\"https:\/\/www.facebook.com\/naturalpoland.b2b\" \/>\n<meta property=\"article:modified_time\" content=\"2025-09-26T09:17:23+00:00\" \/>\n<meta property=\"og:image\" content=\"https:\/\/naturalpoland.com\/wp-content\/uploads\/aromat-jagodowy.webp\" \/>\n\t<meta property=\"og:image:width\" content=\"1024\" \/>\n\t<meta property=\"og:image:height\" content=\"1024\" \/>\n\t<meta property=\"og:image:type\" content=\"image\/webp\" \/>\n<script type=\"application\/ld+json\" class=\"yoast-schema-graph\">{\"@context\":\"https:\\\/\\\/schema.org\",\"@graph\":[{\"@type\":\"WebPage\",\"@id\":\"https:\\\/\\\/naturalpoland.com\\\/cs\\\/produkty\\\/produkty-pro-potravinarsky-prumysl\\\/aroma\\\/ovocna-aroma\\\/boruvkove-aroma\\\/\",\"url\":\"https:\\\/\\\/naturalpoland.com\\\/cs\\\/produkty\\\/produkty-pro-potravinarsky-prumysl\\\/aroma\\\/ovocna-aroma\\\/boruvkove-aroma\\\/\",\"name\":\"Bor\u016fvkov\u00e9 aroma - Velkoobchodn\u00ed distributor\",\"isPartOf\":{\"@id\":\"https:\\\/\\\/naturalpoland.com\\\/cs\\\/#website\"},\"primaryImageOfPage\":{\"@id\":\"https:\\\/\\\/naturalpoland.com\\\/cs\\\/produkty\\\/produkty-pro-potravinarsky-prumysl\\\/aroma\\\/ovocna-aroma\\\/boruvkove-aroma\\\/#primaryimage\"},\"image\":{\"@id\":\"https:\\\/\\\/naturalpoland.com\\\/cs\\\/produkty\\\/produkty-pro-potravinarsky-prumysl\\\/aroma\\\/ovocna-aroma\\\/boruvkove-aroma\\\/#primaryimage\"},\"thumbnailUrl\":\"https:\\\/\\\/naturalpoland.com\\\/wp-content\\\/uploads\\\/aromat-jagodowy.webp\",\"datePublished\":\"2025-09-04T10:18:43+00:00\",\"dateModified\":\"2025-09-26T09:17:23+00:00\",\"description\":\"Bor\u016fvkov\u00e9 aroma je slo\u017eit\u00fd a v\u00edcerozm\u011brn\u00fd chu\u0165ov\u011b-vonn\u00fd profil, kter\u00fd dokonale vystihuje charakter \u010derstv\u00fdch, zral\u00fdch evropsk\u00fdch bor\u016fvek.\",\"breadcrumb\":{\"@id\":\"https:\\\/\\\/naturalpoland.com\\\/cs\\\/produkty\\\/produkty-pro-potravinarsky-prumysl\\\/aroma\\\/ovocna-aroma\\\/boruvkove-aroma\\\/#breadcrumb\"},\"inLanguage\":\"cs\",\"potentialAction\":[{\"@type\":\"ReadAction\",\"target\":[\"https:\\\/\\\/naturalpoland.com\\\/cs\\\/produkty\\\/produkty-pro-potravinarsky-prumysl\\\/aroma\\\/ovocna-aroma\\\/boruvkove-aroma\\\/\"]}]},{\"@type\":\"ImageObject\",\"inLanguage\":\"cs\",\"@id\":\"https:\\\/\\\/naturalpoland.com\\\/cs\\\/produkty\\\/produkty-pro-potravinarsky-prumysl\\\/aroma\\\/ovocna-aroma\\\/boruvkove-aroma\\\/#primaryimage\",\"url\":\"https:\\\/\\\/naturalpoland.com\\\/wp-content\\\/uploads\\\/aromat-jagodowy.webp\",\"contentUrl\":\"https:\\\/\\\/naturalpoland.com\\\/wp-content\\\/uploads\\\/aromat-jagodowy.webp\",\"width\":1024,\"height\":1024,\"caption\":\"bor\u016fvkov\u00e9 aroma\"},{\"@type\":\"BreadcrumbList\",\"@id\":\"https:\\\/\\\/naturalpoland.com\\\/cs\\\/produkty\\\/produkty-pro-potravinarsky-prumysl\\\/aroma\\\/ovocna-aroma\\\/boruvkove-aroma\\\/#breadcrumb\",\"itemListElement\":[{\"@type\":\"ListItem\",\"position\":1,\"name\":\"Dom\u016f\",\"item\":\"https:\\\/\\\/naturalpoland.com\\\/cs\\\/\"},{\"@type\":\"ListItem\",\"position\":2,\"name\":\"Produkty\",\"item\":\"https:\\\/\\\/naturalpoland.com\\\/cs\\\/produkty\\\/\"},{\"@type\":\"ListItem\",\"position\":3,\"name\":\"Bor\u016fvkov\u00e9 aroma\"}]},{\"@type\":\"WebSite\",\"@id\":\"https:\\\/\\\/naturalpoland.com\\\/cs\\\/#website\",\"url\":\"https:\\\/\\\/naturalpoland.com\\\/cs\\\/\",\"name\":\"NATURAL POLAND - Velkoobchodn\u00ed distributor surovin\",\"description\":\"Surowce dla przemys\u0142u spo\u017cywczego, kosmetycznego i farmaceutycznego\",\"publisher\":{\"@id\":\"https:\\\/\\\/naturalpoland.com\\\/cs\\\/#organization\"},\"potentialAction\":[{\"@type\":\"SearchAction\",\"target\":{\"@type\":\"EntryPoint\",\"urlTemplate\":\"https:\\\/\\\/naturalpoland.com\\\/cs\\\/?s={search_term_string}\"},\"query-input\":{\"@type\":\"PropertyValueSpecification\",\"valueRequired\":true,\"valueName\":\"search_term_string\"}}],\"inLanguage\":\"cs\"},{\"@type\":\"Organization\",\"@id\":\"https:\\\/\\\/naturalpoland.com\\\/cs\\\/#organization\",\"name\":\"Natural Poland\",\"url\":\"https:\\\/\\\/naturalpoland.com\\\/cs\\\/\",\"logo\":{\"@type\":\"ImageObject\",\"inLanguage\":\"cs\",\"@id\":\"https:\\\/\\\/naturalpoland.com\\\/cs\\\/#\\\/schema\\\/logo\\\/image\\\/\",\"url\":\"https:\\\/\\\/naturalpoland.com\\\/wp-content\\\/uploads\\\/2021\\\/05\\\/natural-poland-icon.png\",\"contentUrl\":\"https:\\\/\\\/naturalpoland.com\\\/wp-content\\\/uploads\\\/2021\\\/05\\\/natural-poland-icon.png\",\"width\":512,\"height\":512,\"caption\":\"Natural Poland\"},\"image\":{\"@id\":\"https:\\\/\\\/naturalpoland.com\\\/cs\\\/#\\\/schema\\\/logo\\\/image\\\/\"},\"sameAs\":[\"https:\\\/\\\/www.facebook.com\\\/naturalpoland.b2b\",\"https:\\\/\\\/pl.linkedin.com\\\/company\\\/natural-poland\",\"https:\\\/\\\/www.youtube.com\\\/channel\\\/UCgeGGkvOMahZo-xu_MSEWxg\"]}]}<\/script>\n<!-- \/ Yoast SEO plugin. -->","yoast_head_json":{"title":"Bor\u016fvkov\u00e9 aroma - Velkoobchodn\u00ed distributor","description":"Bor\u016fvkov\u00e9 aroma je slo\u017eit\u00fd a v\u00edcerozm\u011brn\u00fd chu\u0165ov\u011b-vonn\u00fd profil, kter\u00fd dokonale vystihuje charakter \u010derstv\u00fdch, zral\u00fdch evropsk\u00fdch bor\u016fvek.","robots":{"index":"index","follow":"follow","max-snippet":"max-snippet:-1","max-image-preview":"max-image-preview:large","max-video-preview":"max-video-preview:-1"},"canonical":"https:\/\/naturalpoland.com\/cs\/produkty\/produkty-pro-potravinarsky-prumysl\/aroma\/ovocna-aroma\/boruvkove-aroma\/","og_locale":"cs_CZ","og_type":"article","og_title":"Bor\u016fvkov\u00e9 aroma - Velkoobchodn\u00ed distributor","og_description":"Bor\u016fvkov\u00e9 aroma je slo\u017eit\u00fd a v\u00edcerozm\u011brn\u00fd chu\u0165ov\u011b-vonn\u00fd profil, kter\u00fd dokonale vystihuje charakter \u010derstv\u00fdch, zral\u00fdch evropsk\u00fdch bor\u016fvek.","og_url":"https:\/\/naturalpoland.com\/cs\/produkty\/produkty-pro-potravinarsky-prumysl\/aroma\/ovocna-aroma\/boruvkove-aroma\/","og_site_name":"NATURAL POLAND - Velkoobchodn\u00ed distributor surovin","article_publisher":"https:\/\/www.facebook.com\/naturalpoland.b2b","article_modified_time":"2025-09-26T09:17:23+00:00","og_image":[{"width":1024,"height":1024,"url":"https:\/\/naturalpoland.com\/wp-content\/uploads\/aromat-jagodowy.webp","type":"image\/webp"}],"schema":{"@context":"https:\/\/schema.org","@graph":[{"@type":"WebPage","@id":"https:\/\/naturalpoland.com\/cs\/produkty\/produkty-pro-potravinarsky-prumysl\/aroma\/ovocna-aroma\/boruvkove-aroma\/","url":"https:\/\/naturalpoland.com\/cs\/produkty\/produkty-pro-potravinarsky-prumysl\/aroma\/ovocna-aroma\/boruvkove-aroma\/","name":"Bor\u016fvkov\u00e9 aroma - Velkoobchodn\u00ed distributor","isPartOf":{"@id":"https:\/\/naturalpoland.com\/cs\/#website"},"primaryImageOfPage":{"@id":"https:\/\/naturalpoland.com\/cs\/produkty\/produkty-pro-potravinarsky-prumysl\/aroma\/ovocna-aroma\/boruvkove-aroma\/#primaryimage"},"image":{"@id":"https:\/\/naturalpoland.com\/cs\/produkty\/produkty-pro-potravinarsky-prumysl\/aroma\/ovocna-aroma\/boruvkove-aroma\/#primaryimage"},"thumbnailUrl":"https:\/\/naturalpoland.com\/wp-content\/uploads\/aromat-jagodowy.webp","datePublished":"2025-09-04T10:18:43+00:00","dateModified":"2025-09-26T09:17:23+00:00","description":"Bor\u016fvkov\u00e9 aroma je slo\u017eit\u00fd a v\u00edcerozm\u011brn\u00fd chu\u0165ov\u011b-vonn\u00fd profil, kter\u00fd dokonale vystihuje charakter \u010derstv\u00fdch, zral\u00fdch evropsk\u00fdch bor\u016fvek.","breadcrumb":{"@id":"https:\/\/naturalpoland.com\/cs\/produkty\/produkty-pro-potravinarsky-prumysl\/aroma\/ovocna-aroma\/boruvkove-aroma\/#breadcrumb"},"inLanguage":"cs","potentialAction":[{"@type":"ReadAction","target":["https:\/\/naturalpoland.com\/cs\/produkty\/produkty-pro-potravinarsky-prumysl\/aroma\/ovocna-aroma\/boruvkove-aroma\/"]}]},{"@type":"ImageObject","inLanguage":"cs","@id":"https:\/\/naturalpoland.com\/cs\/produkty\/produkty-pro-potravinarsky-prumysl\/aroma\/ovocna-aroma\/boruvkove-aroma\/#primaryimage","url":"https:\/\/naturalpoland.com\/wp-content\/uploads\/aromat-jagodowy.webp","contentUrl":"https:\/\/naturalpoland.com\/wp-content\/uploads\/aromat-jagodowy.webp","width":1024,"height":1024,"caption":"bor\u016fvkov\u00e9 aroma"},{"@type":"BreadcrumbList","@id":"https:\/\/naturalpoland.com\/cs\/produkty\/produkty-pro-potravinarsky-prumysl\/aroma\/ovocna-aroma\/boruvkove-aroma\/#breadcrumb","itemListElement":[{"@type":"ListItem","position":1,"name":"Dom\u016f","item":"https:\/\/naturalpoland.com\/cs\/"},{"@type":"ListItem","position":2,"name":"Produkty","item":"https:\/\/naturalpoland.com\/cs\/produkty\/"},{"@type":"ListItem","position":3,"name":"Bor\u016fvkov\u00e9 aroma"}]},{"@type":"WebSite","@id":"https:\/\/naturalpoland.com\/cs\/#website","url":"https:\/\/naturalpoland.com\/cs\/","name":"NATURAL POLAND - Velkoobchodn\u00ed distributor surovin","description":"Surowce dla przemys\u0142u spo\u017cywczego, kosmetycznego i farmaceutycznego","publisher":{"@id":"https:\/\/naturalpoland.com\/cs\/#organization"},"potentialAction":[{"@type":"SearchAction","target":{"@type":"EntryPoint","urlTemplate":"https:\/\/naturalpoland.com\/cs\/?s={search_term_string}"},"query-input":{"@type":"PropertyValueSpecification","valueRequired":true,"valueName":"search_term_string"}}],"inLanguage":"cs"},{"@type":"Organization","@id":"https:\/\/naturalpoland.com\/cs\/#organization","name":"Natural Poland","url":"https:\/\/naturalpoland.com\/cs\/","logo":{"@type":"ImageObject","inLanguage":"cs","@id":"https:\/\/naturalpoland.com\/cs\/#\/schema\/logo\/image\/","url":"https:\/\/naturalpoland.com\/wp-content\/uploads\/2021\/05\/natural-poland-icon.png","contentUrl":"https:\/\/naturalpoland.com\/wp-content\/uploads\/2021\/05\/natural-poland-icon.png","width":512,"height":512,"caption":"Natural Poland"},"image":{"@id":"https:\/\/naturalpoland.com\/cs\/#\/schema\/logo\/image\/"},"sameAs":["https:\/\/www.facebook.com\/naturalpoland.b2b","https:\/\/pl.linkedin.com\/company\/natural-poland","https:\/\/www.youtube.com\/channel\/UCgeGGkvOMahZo-xu_MSEWxg"]}]}},"_links":{"self":[{"href":"https:\/\/naturalpoland.com\/cs\/wp-json\/wp\/v2\/product\/43357","targetHints":{"allow":["GET"]}}],"collection":[{"href":"https:\/\/naturalpoland.com\/cs\/wp-json\/wp\/v2\/product"}],"about":[{"href":"https:\/\/naturalpoland.com\/cs\/wp-json\/wp\/v2\/types\/product"}],"wp:featuredmedia":[{"embeddable":true,"href":"https:\/\/naturalpoland.com\/cs\/wp-json\/wp\/v2\/media\/43358"}],"wp:attachment":[{"href":"https:\/\/naturalpoland.com\/cs\/wp-json\/wp\/v2\/media?parent=43357"}],"wp:term":[{"taxonomy":"product_brand","embeddable":true,"href":"https:\/\/naturalpoland.com\/cs\/wp-json\/wp\/v2\/product_brand?post=43357"},{"taxonomy":"product_cat","embeddable":true,"href":"https:\/\/naturalpoland.com\/cs\/wp-json\/wp\/v2\/product_cat?post=43357"},{"taxonomy":"product_tag","embeddable":true,"href":"https:\/\/naturalpoland.com\/cs\/wp-json\/wp\/v2\/product_tag?post=43357"}],"curies":[{"name":"wp","href":"https:\/\/api.w.org\/{rel}","templated":true}]}}