{"id":43435,"date":"2025-09-04T14:34:28","date_gmt":"2025-09-04T12:34:28","guid":{"rendered":"https:\/\/naturalpoland.com\/produkty\/nezarazene\/bazalkovy-olej\/"},"modified":"2025-09-26T11:23:12","modified_gmt":"2025-09-26T09:23:12","slug":"bazalkovy-olej","status":"publish","type":"product","link":"https:\/\/naturalpoland.com\/cs\/produkty\/produkty-pro-kosmeticky-prumysl\/esencialni-oleje\/bazalkovy-olej\/","title":{"rendered":"Bazalkov\u00fd olej"},"content":{"rendered":"<p>Bazalkov\u00fd olej obsahuje vysok\u00fd obsah aktivn\u00edch l\u00e1tek, jako je linalool, methylchavicol (estragol), eugenol nebo cineol, v z\u00e1vislosti na chemotypu. Je nab\u00edzen v n\u011bkolika aromaticko-chemick\u00fdch variant\u00e1ch. <\/p>\n<h2>Pou\u017eit\u00ed bazalkov\u00e9ho oleje:<\/h2>\n<p>V p\u0159\u00edrodn\u00ed kosmetice a dermokosmetice se bazalkov\u00fd olej pou\u017e\u00edv\u00e1 jako <strong>\u010distic\u00ed, detoxika\u010dn\u00ed a toniza\u010dn\u00ed slo\u017eka<\/strong>. D\u00edky antiseptick\u00fdm a osv\u011b\u017euj\u00edc\u00edm \u00fa\u010dink\u016fm se pou\u017e\u00edv\u00e1 v p\u0159\u00edpravc\u00edch pro mastnou a sm\u00ed\u0161enou ple\u0165, tonic\u00edch, myc\u00edch gelech, balz\u00e1mech a mas\u00e1\u017en\u00edch olej\u00edch. V aromaterapii se pou\u017e\u00edv\u00e1 k aromatizaci prostoru podporuj\u00edc\u00edho du\u0161evn\u00ed a tv\u016fr\u010d\u00ed pr\u00e1ci \u2013 zlep\u0161uje koncentraci, podporuje kognitivn\u00ed procesy a sni\u017euje stres.  <\/p>\n<p>V suplementaci m\u016f\u017ee b\u00fdt bazalkov\u00fd olej pou\u017e\u00edv\u00e1n jako aktivn\u00ed slo\u017eka ve formul\u00edch podporuj\u00edc\u00edch imunitu, d\u00fdchac\u00ed syst\u00e9m, tr\u00e1ven\u00ed a celkovou regeneraci organismu. Jeho antibakteri\u00e1ln\u00ed a spasmolytick\u00e9 vlastnosti jej \u010din\u00ed u\u017eite\u010dn\u00fdm tak\u00e9 v receptur\u00e1ch s funk\u010dn\u00edm \u00fa\u010dinkem. <\/p>\n<h2>Varianty esenci\u00e1ln\u00edho oleje z bazalky:<\/h2>\n<p>V z\u00e1vislosti na technologick\u00fdch po\u017eadavc\u00edch a o\u010dek\u00e1van\u00e9m senzorick\u00e9m efektu jsou k dispozici r\u016fzn\u00e9 typy oleje:<\/p>\n<ul>\n<li><strong>Klasick\u00fd bazalkov\u00fd olej<\/strong> \u2013 sv\u011b\u017e\u00ed, bylinn\u00fd, univerz\u00e1ln\u00ed aromatick\u00fd profil, doporu\u010den\u00fd pro kosmetiku a wellness produkty.<\/li>\n<li><strong>Bazalkov\u00fd olej linaloolov\u00fd (Grand Vert)<\/strong> \u2013 jemn\u011bj\u0161\u00ed v\u016fn\u011b, dominantn\u00ed t\u00f3n linaloolu, doporu\u010den\u00fd pro zklid\u0148uj\u00edc\u00ed a pe\u010duj\u00edc\u00ed formule.<\/li>\n<li><strong>Tropick\u00fd bazalkov\u00fd olej<\/strong> \u2013 intenzivn\u011bj\u0161\u00ed, ko\u0159en\u011bn\u00e1 v\u016fn\u011b s v\u00fdraznou notou estragolu, doporu\u010den\u00fd pro aromaterapeutick\u00e9 pou\u017eit\u00ed a mas\u00e1\u017ee.<\/li>\n<li><strong>Tropick\u00fd bazalkov\u00fd olej ct. methyl chavicol <\/strong>  \u2013 vysok\u00fd pod\u00edl methylchavicolu, ur\u010den\u00fd pro specializovan\u00e9 receptury.<\/li>\n<\/ul>\n<p>&nbsp;<\/p>\n<p>&nbsp;<\/p>\n","protected":false},"excerpt":{"rendered":"<p><strong>Bazalkov\u00fd olej<\/strong> (INCI: <em>Ocimum Basilicum Oil<\/em>) je 100% p\u0159\u00edrodn\u00ed esenci\u00e1ln\u00ed olej z\u00edsk\u00e1van\u00fd procesem parn\u00ed destilace z list\u016f a kv\u011bt\u016f bazalky. Produkt vykazuje vysokou biologickou aktivitu a siln\u00e9 aromatick\u00e9 a funk\u010dn\u00ed vlastnosti. <\/p>\n","protected":false},"featured_media":43436,"template":"","meta":[],"product_brand":[],"product_cat":[6262],"product_tag":[],"class_list":{"0":"post-43435","1":"product","2":"type-product","3":"status-publish","4":"has-post-thumbnail","6":"product_cat-esencialni-oleje","7":"pa_czesc-rosliny-listy","9":"first","10":"instock","11":"shipping-taxable","12":"product-type-simple"},"yoast_head":"<!-- This site is optimized with the Yoast SEO plugin v27.3 - https:\/\/yoast.com\/product\/yoast-seo-wordpress\/ -->\n<title>Bazalkov\u00fd olej - Velkoobchodn\u00ed distributor<\/title>\n<meta name=\"description\" content=\"Bazalkov\u00fd olej je vysoce kvalitn\u00ed p\u0159\u00edrodn\u00ed esenci\u00e1ln\u00ed olej z\u00edsk\u00e1van\u00fd procesem parn\u00ed destilace z list\u016f a kv\u011bt\u016f bazalky prav\u00e9.\" \/>\n<meta name=\"robots\" content=\"index, follow, max-snippet:-1, max-image-preview:large, max-video-preview:-1\" \/>\n<link rel=\"canonical\" href=\"https:\/\/naturalpoland.com\/cs\/produkty\/produkty-pro-kosmeticky-prumysl\/esencialni-oleje\/bazalkovy-olej\/\" \/>\n<meta property=\"og:locale\" content=\"cs_CZ\" \/>\n<meta property=\"og:type\" content=\"article\" \/>\n<meta property=\"og:title\" content=\"Bazalkov\u00fd olej - Velkoobchodn\u00ed distributor\" \/>\n<meta property=\"og:description\" content=\"Bazalkov\u00fd olej je vysoce kvalitn\u00ed p\u0159\u00edrodn\u00ed esenci\u00e1ln\u00ed olej z\u00edsk\u00e1van\u00fd procesem parn\u00ed destilace z list\u016f a kv\u011bt\u016f bazalky prav\u00e9.\" \/>\n<meta property=\"og:url\" content=\"https:\/\/naturalpoland.com\/cs\/produkty\/produkty-pro-kosmeticky-prumysl\/esencialni-oleje\/bazalkovy-olej\/\" \/>\n<meta property=\"og:site_name\" content=\"NATURAL POLAND - Velkoobchodn\u00ed distributor surovin\" \/>\n<meta property=\"article:publisher\" content=\"https:\/\/www.facebook.com\/naturalpoland.b2b\" \/>\n<meta property=\"article:modified_time\" content=\"2025-09-26T09:23:12+00:00\" \/>\n<meta property=\"og:image\" content=\"https:\/\/naturalpoland.com\/wp-content\/uploads\/olejek-bazyliowy.webp\" \/>\n\t<meta property=\"og:image:width\" content=\"1024\" \/>\n\t<meta property=\"og:image:height\" content=\"1024\" \/>\n\t<meta property=\"og:image:type\" content=\"image\/webp\" \/>\n<script type=\"application\/ld+json\" class=\"yoast-schema-graph\">{\"@context\":\"https:\\\/\\\/schema.org\",\"@graph\":[{\"@type\":\"WebPage\",\"@id\":\"https:\\\/\\\/naturalpoland.com\\\/cs\\\/produkty\\\/produkty-pro-kosmeticky-prumysl\\\/esencialni-oleje\\\/bazalkovy-olej\\\/\",\"url\":\"https:\\\/\\\/naturalpoland.com\\\/cs\\\/produkty\\\/produkty-pro-kosmeticky-prumysl\\\/esencialni-oleje\\\/bazalkovy-olej\\\/\",\"name\":\"Bazalkov\u00fd olej - Velkoobchodn\u00ed distributor\",\"isPartOf\":{\"@id\":\"https:\\\/\\\/naturalpoland.com\\\/cs\\\/#website\"},\"primaryImageOfPage\":{\"@id\":\"https:\\\/\\\/naturalpoland.com\\\/cs\\\/produkty\\\/produkty-pro-kosmeticky-prumysl\\\/esencialni-oleje\\\/bazalkovy-olej\\\/#primaryimage\"},\"image\":{\"@id\":\"https:\\\/\\\/naturalpoland.com\\\/cs\\\/produkty\\\/produkty-pro-kosmeticky-prumysl\\\/esencialni-oleje\\\/bazalkovy-olej\\\/#primaryimage\"},\"thumbnailUrl\":\"https:\\\/\\\/naturalpoland.com\\\/wp-content\\\/uploads\\\/olejek-bazyliowy.webp\",\"datePublished\":\"2025-09-04T12:34:28+00:00\",\"dateModified\":\"2025-09-26T09:23:12+00:00\",\"description\":\"Bazalkov\u00fd olej je vysoce kvalitn\u00ed p\u0159\u00edrodn\u00ed esenci\u00e1ln\u00ed olej z\u00edsk\u00e1van\u00fd procesem parn\u00ed destilace z list\u016f a kv\u011bt\u016f bazalky prav\u00e9.\",\"breadcrumb\":{\"@id\":\"https:\\\/\\\/naturalpoland.com\\\/cs\\\/produkty\\\/produkty-pro-kosmeticky-prumysl\\\/esencialni-oleje\\\/bazalkovy-olej\\\/#breadcrumb\"},\"inLanguage\":\"cs\",\"potentialAction\":[{\"@type\":\"ReadAction\",\"target\":[\"https:\\\/\\\/naturalpoland.com\\\/cs\\\/produkty\\\/produkty-pro-kosmeticky-prumysl\\\/esencialni-oleje\\\/bazalkovy-olej\\\/\"]}]},{\"@type\":\"ImageObject\",\"inLanguage\":\"cs\",\"@id\":\"https:\\\/\\\/naturalpoland.com\\\/cs\\\/produkty\\\/produkty-pro-kosmeticky-prumysl\\\/esencialni-oleje\\\/bazalkovy-olej\\\/#primaryimage\",\"url\":\"https:\\\/\\\/naturalpoland.com\\\/wp-content\\\/uploads\\\/olejek-bazyliowy.webp\",\"contentUrl\":\"https:\\\/\\\/naturalpoland.com\\\/wp-content\\\/uploads\\\/olejek-bazyliowy.webp\",\"width\":1024,\"height\":1024,\"caption\":\"bazalkov\u00fd olej\"},{\"@type\":\"BreadcrumbList\",\"@id\":\"https:\\\/\\\/naturalpoland.com\\\/cs\\\/produkty\\\/produkty-pro-kosmeticky-prumysl\\\/esencialni-oleje\\\/bazalkovy-olej\\\/#breadcrumb\",\"itemListElement\":[{\"@type\":\"ListItem\",\"position\":1,\"name\":\"Dom\u016f\",\"item\":\"https:\\\/\\\/naturalpoland.com\\\/cs\\\/\"},{\"@type\":\"ListItem\",\"position\":2,\"name\":\"Produkty\",\"item\":\"https:\\\/\\\/naturalpoland.com\\\/cs\\\/produkty\\\/\"},{\"@type\":\"ListItem\",\"position\":3,\"name\":\"Bazalkov\u00fd olej\"}]},{\"@type\":\"WebSite\",\"@id\":\"https:\\\/\\\/naturalpoland.com\\\/cs\\\/#website\",\"url\":\"https:\\\/\\\/naturalpoland.com\\\/cs\\\/\",\"name\":\"NATURAL POLAND - Velkoobchodn\u00ed distributor surovin\",\"description\":\"Surowce dla przemys\u0142u spo\u017cywczego, kosmetycznego i farmaceutycznego\",\"publisher\":{\"@id\":\"https:\\\/\\\/naturalpoland.com\\\/cs\\\/#organization\"},\"potentialAction\":[{\"@type\":\"SearchAction\",\"target\":{\"@type\":\"EntryPoint\",\"urlTemplate\":\"https:\\\/\\\/naturalpoland.com\\\/cs\\\/?s={search_term_string}\"},\"query-input\":{\"@type\":\"PropertyValueSpecification\",\"valueRequired\":true,\"valueName\":\"search_term_string\"}}],\"inLanguage\":\"cs\"},{\"@type\":\"Organization\",\"@id\":\"https:\\\/\\\/naturalpoland.com\\\/cs\\\/#organization\",\"name\":\"Natural Poland\",\"url\":\"https:\\\/\\\/naturalpoland.com\\\/cs\\\/\",\"logo\":{\"@type\":\"ImageObject\",\"inLanguage\":\"cs\",\"@id\":\"https:\\\/\\\/naturalpoland.com\\\/cs\\\/#\\\/schema\\\/logo\\\/image\\\/\",\"url\":\"https:\\\/\\\/naturalpoland.com\\\/wp-content\\\/uploads\\\/2021\\\/05\\\/natural-poland-icon.png\",\"contentUrl\":\"https:\\\/\\\/naturalpoland.com\\\/wp-content\\\/uploads\\\/2021\\\/05\\\/natural-poland-icon.png\",\"width\":512,\"height\":512,\"caption\":\"Natural Poland\"},\"image\":{\"@id\":\"https:\\\/\\\/naturalpoland.com\\\/cs\\\/#\\\/schema\\\/logo\\\/image\\\/\"},\"sameAs\":[\"https:\\\/\\\/www.facebook.com\\\/naturalpoland.b2b\",\"https:\\\/\\\/pl.linkedin.com\\\/company\\\/natural-poland\",\"https:\\\/\\\/www.youtube.com\\\/channel\\\/UCgeGGkvOMahZo-xu_MSEWxg\"]}]}<\/script>\n<!-- \/ Yoast SEO plugin. -->","yoast_head_json":{"title":"Bazalkov\u00fd olej - Velkoobchodn\u00ed distributor","description":"Bazalkov\u00fd olej je vysoce kvalitn\u00ed p\u0159\u00edrodn\u00ed esenci\u00e1ln\u00ed olej z\u00edsk\u00e1van\u00fd procesem parn\u00ed destilace z list\u016f a kv\u011bt\u016f bazalky prav\u00e9.","robots":{"index":"index","follow":"follow","max-snippet":"max-snippet:-1","max-image-preview":"max-image-preview:large","max-video-preview":"max-video-preview:-1"},"canonical":"https:\/\/naturalpoland.com\/cs\/produkty\/produkty-pro-kosmeticky-prumysl\/esencialni-oleje\/bazalkovy-olej\/","og_locale":"cs_CZ","og_type":"article","og_title":"Bazalkov\u00fd olej - Velkoobchodn\u00ed distributor","og_description":"Bazalkov\u00fd olej je vysoce kvalitn\u00ed p\u0159\u00edrodn\u00ed esenci\u00e1ln\u00ed olej z\u00edsk\u00e1van\u00fd procesem parn\u00ed destilace z list\u016f a kv\u011bt\u016f bazalky prav\u00e9.","og_url":"https:\/\/naturalpoland.com\/cs\/produkty\/produkty-pro-kosmeticky-prumysl\/esencialni-oleje\/bazalkovy-olej\/","og_site_name":"NATURAL POLAND - Velkoobchodn\u00ed distributor surovin","article_publisher":"https:\/\/www.facebook.com\/naturalpoland.b2b","article_modified_time":"2025-09-26T09:23:12+00:00","og_image":[{"width":1024,"height":1024,"url":"https:\/\/naturalpoland.com\/wp-content\/uploads\/olejek-bazyliowy.webp","type":"image\/webp"}],"schema":{"@context":"https:\/\/schema.org","@graph":[{"@type":"WebPage","@id":"https:\/\/naturalpoland.com\/cs\/produkty\/produkty-pro-kosmeticky-prumysl\/esencialni-oleje\/bazalkovy-olej\/","url":"https:\/\/naturalpoland.com\/cs\/produkty\/produkty-pro-kosmeticky-prumysl\/esencialni-oleje\/bazalkovy-olej\/","name":"Bazalkov\u00fd olej - Velkoobchodn\u00ed distributor","isPartOf":{"@id":"https:\/\/naturalpoland.com\/cs\/#website"},"primaryImageOfPage":{"@id":"https:\/\/naturalpoland.com\/cs\/produkty\/produkty-pro-kosmeticky-prumysl\/esencialni-oleje\/bazalkovy-olej\/#primaryimage"},"image":{"@id":"https:\/\/naturalpoland.com\/cs\/produkty\/produkty-pro-kosmeticky-prumysl\/esencialni-oleje\/bazalkovy-olej\/#primaryimage"},"thumbnailUrl":"https:\/\/naturalpoland.com\/wp-content\/uploads\/olejek-bazyliowy.webp","datePublished":"2025-09-04T12:34:28+00:00","dateModified":"2025-09-26T09:23:12+00:00","description":"Bazalkov\u00fd olej je vysoce kvalitn\u00ed p\u0159\u00edrodn\u00ed esenci\u00e1ln\u00ed olej z\u00edsk\u00e1van\u00fd procesem parn\u00ed destilace z list\u016f a kv\u011bt\u016f bazalky prav\u00e9.","breadcrumb":{"@id":"https:\/\/naturalpoland.com\/cs\/produkty\/produkty-pro-kosmeticky-prumysl\/esencialni-oleje\/bazalkovy-olej\/#breadcrumb"},"inLanguage":"cs","potentialAction":[{"@type":"ReadAction","target":["https:\/\/naturalpoland.com\/cs\/produkty\/produkty-pro-kosmeticky-prumysl\/esencialni-oleje\/bazalkovy-olej\/"]}]},{"@type":"ImageObject","inLanguage":"cs","@id":"https:\/\/naturalpoland.com\/cs\/produkty\/produkty-pro-kosmeticky-prumysl\/esencialni-oleje\/bazalkovy-olej\/#primaryimage","url":"https:\/\/naturalpoland.com\/wp-content\/uploads\/olejek-bazyliowy.webp","contentUrl":"https:\/\/naturalpoland.com\/wp-content\/uploads\/olejek-bazyliowy.webp","width":1024,"height":1024,"caption":"bazalkov\u00fd olej"},{"@type":"BreadcrumbList","@id":"https:\/\/naturalpoland.com\/cs\/produkty\/produkty-pro-kosmeticky-prumysl\/esencialni-oleje\/bazalkovy-olej\/#breadcrumb","itemListElement":[{"@type":"ListItem","position":1,"name":"Dom\u016f","item":"https:\/\/naturalpoland.com\/cs\/"},{"@type":"ListItem","position":2,"name":"Produkty","item":"https:\/\/naturalpoland.com\/cs\/produkty\/"},{"@type":"ListItem","position":3,"name":"Bazalkov\u00fd olej"}]},{"@type":"WebSite","@id":"https:\/\/naturalpoland.com\/cs\/#website","url":"https:\/\/naturalpoland.com\/cs\/","name":"NATURAL POLAND - Velkoobchodn\u00ed distributor surovin","description":"Surowce dla przemys\u0142u spo\u017cywczego, kosmetycznego i farmaceutycznego","publisher":{"@id":"https:\/\/naturalpoland.com\/cs\/#organization"},"potentialAction":[{"@type":"SearchAction","target":{"@type":"EntryPoint","urlTemplate":"https:\/\/naturalpoland.com\/cs\/?s={search_term_string}"},"query-input":{"@type":"PropertyValueSpecification","valueRequired":true,"valueName":"search_term_string"}}],"inLanguage":"cs"},{"@type":"Organization","@id":"https:\/\/naturalpoland.com\/cs\/#organization","name":"Natural Poland","url":"https:\/\/naturalpoland.com\/cs\/","logo":{"@type":"ImageObject","inLanguage":"cs","@id":"https:\/\/naturalpoland.com\/cs\/#\/schema\/logo\/image\/","url":"https:\/\/naturalpoland.com\/wp-content\/uploads\/2021\/05\/natural-poland-icon.png","contentUrl":"https:\/\/naturalpoland.com\/wp-content\/uploads\/2021\/05\/natural-poland-icon.png","width":512,"height":512,"caption":"Natural Poland"},"image":{"@id":"https:\/\/naturalpoland.com\/cs\/#\/schema\/logo\/image\/"},"sameAs":["https:\/\/www.facebook.com\/naturalpoland.b2b","https:\/\/pl.linkedin.com\/company\/natural-poland","https:\/\/www.youtube.com\/channel\/UCgeGGkvOMahZo-xu_MSEWxg"]}]}},"_links":{"self":[{"href":"https:\/\/naturalpoland.com\/cs\/wp-json\/wp\/v2\/product\/43435","targetHints":{"allow":["GET"]}}],"collection":[{"href":"https:\/\/naturalpoland.com\/cs\/wp-json\/wp\/v2\/product"}],"about":[{"href":"https:\/\/naturalpoland.com\/cs\/wp-json\/wp\/v2\/types\/product"}],"wp:featuredmedia":[{"embeddable":true,"href":"https:\/\/naturalpoland.com\/cs\/wp-json\/wp\/v2\/media\/43436"}],"wp:attachment":[{"href":"https:\/\/naturalpoland.com\/cs\/wp-json\/wp\/v2\/media?parent=43435"}],"wp:term":[{"taxonomy":"product_brand","embeddable":true,"href":"https:\/\/naturalpoland.com\/cs\/wp-json\/wp\/v2\/product_brand?post=43435"},{"taxonomy":"product_cat","embeddable":true,"href":"https:\/\/naturalpoland.com\/cs\/wp-json\/wp\/v2\/product_cat?post=43435"},{"taxonomy":"product_tag","embeddable":true,"href":"https:\/\/naturalpoland.com\/cs\/wp-json\/wp\/v2\/product_tag?post=43435"}],"curies":[{"name":"wp","href":"https:\/\/api.w.org\/{rel}","templated":true}]}}