{"id":43610,"date":"2025-10-06T13:55:55","date_gmt":"2025-10-06T11:55:55","guid":{"rendered":"https:\/\/naturalpoland.com\/produkty\/nezarazene\/olej-z-tygrich-orechu-tigernut-oil\/"},"modified":"2025-10-22T10:06:00","modified_gmt":"2025-10-22T08:06:00","slug":"olej-z-tygrich-orechu-tigernut-oil","status":"publish","type":"product","link":"https:\/\/naturalpoland.com\/cs\/produkty\/produkty-pro-kosmeticky-prumysl\/kosmeticke-oleje\/olej-z-tygrich-orechu-tigernut-oil\/","title":{"rendered":"Olej z tyg\u0159\u00edch o\u0159ech\u016f (Tigernut Oil)"},"content":{"rendered":"<h2>Vlastnosti a \u00fa\u010dinky<\/h2>\n<p>Olej z <em>Cyperus esculentus<\/em> se vyzna\u010duje vysok\u00fdm obsahem <strong>kyseliny olejov\u00e9<\/strong> a p\u0159\u00edtomnost\u00ed <strong>kyseliny linolov\u00e9 a palmitov\u00e9<\/strong>. D\u00edky tomu vykazuje vlastnosti: <\/p>\n<ul>\n<li><strong>v\u00fd\u017eivn\u00e9 a regenera\u010dn\u00ed<\/strong> \u2013 podporuje obnovu lipidov\u00e9 bari\u00e9ry poko\u017eky, zvy\u0161uje jej\u00ed pru\u017enost a m\u011bkkost,<\/li>\n<li><strong>hydrata\u010dn\u00ed a ochrann\u00e9<\/strong> \u2013 omezuje ztr\u00e1tu vody (TEWL), vytv\u00e1\u0159\u00ed jemn\u00fd ochrann\u00fd film,<\/li>\n<li><strong>antioxida\u010dn\u00ed<\/strong> \u2013 obsah nenasycen\u00fdch mastn\u00fdch kyselin podporuje neutralizaci voln\u00fdch radik\u00e1l\u016f,<\/li>\n<li><strong>zklid\u0148uj\u00edc\u00ed a pe\u010duj\u00edc\u00ed<\/strong> \u2013 olej je dob\u0159e sn\u00e1\u0161en i suchou a citlivou poko\u017ekou.<\/li>\n<\/ul>\n<p>D\u00edky n\u00edzk\u00e9 kyselosti (cca 0,54%) a oxida\u010dn\u00ed stabilit\u011b (peroxidov\u00e9 \u010d\u00edslo 7meq O\u2082\/kg) si olej zachov\u00e1v\u00e1 trvanlivost a fyzik\u00e1ln\u011b-chemickou \u010distotu, co\u017e z n\u011bj \u010din\u00ed vynikaj\u00edc\u00ed komponent do receptur vy\u017eaduj\u00edc\u00edch vysoce kvalitn\u00ed rostlinn\u00e9 lipidy.<\/p>\n<h2>Pou\u017eit\u00ed v kosmetice<\/h2>\n<p>Tigernut Oil se osv\u011bd\u010duje jako slo\u017eka tukov\u00e9 f\u00e1ze ve formulac\u00edch:<\/p>\n<ul>\n<li>kr\u00e9m\u016f a balz\u00e1m\u016f na t\u011blo,<\/li>\n<li>p\u0159\u00edpravk\u016f na p\u00e9\u010di o obli\u010dej a krk,<\/li>\n<li>olej\u00ed\u010dk\u016f na mas\u00e1\u017e a p\u00e9\u010di o suchou poko\u017eku,<\/li>\n<li>produkt\u016f na p\u00e9\u010di o vlasy a poko\u017eku hlavy \u2013 zlep\u0161uje lesk, m\u011bkkost a hydrataci,<\/li>\n<li>p\u0159\u00edrodn\u00edch a vegansk\u00fdch kosmetick\u00fdch p\u0159\u00edpravk\u016f, kde je \u017e\u00e1douc\u00ed surovina s n\u00edzk\u00fdm stupn\u011bm zpracov\u00e1n\u00ed.<\/li>\n<\/ul>\n<p>Olej m\u016f\u017ee b\u00fdt tak\u00e9 pou\u017e\u00edv\u00e1n jako <strong>nosi\u010d aktivn\u00edch l\u00e1tek<\/strong> v anti-aging p\u0159\u00edpravc\u00edch, produktech zklid\u0148uj\u00edc\u00edch podr\u00e1\u017ed\u011bn\u00ed nebo v emulz\u00edch O\/W.<\/p>\n","protected":false},"excerpt":{"rendered":"<p>Organick\u00fd <strong>olej z tyg\u0159\u00edch o\u0159ech\u016f<\/strong> (Tigernut Oil) se z\u00edsk\u00e1v\u00e1 procesem lisov\u00e1n\u00ed ko\u0159en\u016f <em>Cyperus esculentus<\/em> \u2013 rostliny zn\u00e1m\u00e9 tak\u00e9 jako &#8222;zemn\u00ed mandle&#8220; nebo &#8222;chufa&#8220;. Jedn\u00e1 se o surovinu rostlinn\u00e9ho p\u016fvodu s unik\u00e1tn\u00edm lipidov\u00fdm profilem, pou\u017e\u00edvanou v p\u0159\u00edrodn\u00ed kosmetice a pr\u00e9miov\u00fdch pe\u010duj\u00edc\u00edch produktech. <\/p>\n","protected":false},"featured_media":43615,"template":"","meta":{"_acf_changed":false},"product_brand":[],"product_cat":[636],"product_tag":[],"class_list":{"0":"post-43610","1":"product","2":"type-product","3":"status-publish","4":"has-post-thumbnail","6":"product_cat-kosmeticke-oleje","7":"pa_metoda-pozyskiwania-lisovani-za-studena","9":"first","10":"instock","11":"shipping-taxable","12":"product-type-simple"},"acf":[],"yoast_head":"<!-- This site is optimized with the Yoast SEO plugin v27.5 - https:\/\/yoast.com\/product\/yoast-seo-wordpress\/ -->\n<title>Olej z tyg\u0159\u00edch o\u0159ech\u016f - Velkoobchodn\u00ed distributor<\/title>\n<meta name=\"description\" content=\"Organick\u00fd olej z tyg\u0159\u00edch o\u0159ech\u016f (INCI: Cyperus esculentus Root Oil) \u2013 p\u0159\u00edrodn\u00ed kosmetick\u00e1 surovina s vysok\u00fdm obsahem kyseliny olejov\u00e9.\" \/>\n<meta name=\"robots\" content=\"index, follow, max-snippet:-1, max-image-preview:large, max-video-preview:-1\" \/>\n<link rel=\"canonical\" href=\"https:\/\/naturalpoland.com\/cs\/produkty\/produkty-pro-kosmeticky-prumysl\/kosmeticke-oleje\/olej-z-tygrich-orechu-tigernut-oil\/\" \/>\n<meta property=\"og:locale\" content=\"cs_CZ\" \/>\n<meta property=\"og:type\" content=\"article\" \/>\n<meta property=\"og:title\" content=\"Olej z tyg\u0159\u00edch o\u0159ech\u016f - Velkoobchodn\u00ed distributor\" \/>\n<meta property=\"og:description\" content=\"Organick\u00fd olej z tyg\u0159\u00edch o\u0159ech\u016f (INCI: Cyperus esculentus Root Oil) \u2013 p\u0159\u00edrodn\u00ed kosmetick\u00e1 surovina s vysok\u00fdm obsahem kyseliny olejov\u00e9.\" \/>\n<meta property=\"og:url\" content=\"https:\/\/naturalpoland.com\/cs\/produkty\/produkty-pro-kosmeticky-prumysl\/kosmeticke-oleje\/olej-z-tygrich-orechu-tigernut-oil\/\" \/>\n<meta property=\"og:site_name\" content=\"NATURAL POLAND - Velkoobchodn\u00ed distributor surovin\" \/>\n<meta property=\"article:publisher\" content=\"https:\/\/www.facebook.com\/naturalpoland.b2b\" \/>\n<meta property=\"article:modified_time\" content=\"2025-10-22T08:06:00+00:00\" \/>\n<meta property=\"og:image\" content=\"https:\/\/naturalpoland.com\/wp-content\/uploads\/tigernut-oil.webp\" \/>\n\t<meta property=\"og:image:width\" content=\"1024\" \/>\n\t<meta property=\"og:image:height\" content=\"1024\" \/>\n\t<meta property=\"og:image:type\" content=\"image\/webp\" \/>\n<script type=\"application\/ld+json\" class=\"yoast-schema-graph\">{\"@context\":\"https:\\\/\\\/schema.org\",\"@graph\":[{\"@type\":\"WebPage\",\"@id\":\"https:\\\/\\\/naturalpoland.com\\\/cs\\\/produkty\\\/produkty-pro-kosmeticky-prumysl\\\/kosmeticke-oleje\\\/olej-z-tygrich-orechu-tigernut-oil\\\/\",\"url\":\"https:\\\/\\\/naturalpoland.com\\\/cs\\\/produkty\\\/produkty-pro-kosmeticky-prumysl\\\/kosmeticke-oleje\\\/olej-z-tygrich-orechu-tigernut-oil\\\/\",\"name\":\"Olej z tyg\u0159\u00edch o\u0159ech\u016f - Velkoobchodn\u00ed distributor\",\"isPartOf\":{\"@id\":\"https:\\\/\\\/naturalpoland.com\\\/cs\\\/#website\"},\"primaryImageOfPage\":{\"@id\":\"https:\\\/\\\/naturalpoland.com\\\/cs\\\/produkty\\\/produkty-pro-kosmeticky-prumysl\\\/kosmeticke-oleje\\\/olej-z-tygrich-orechu-tigernut-oil\\\/#primaryimage\"},\"image\":{\"@id\":\"https:\\\/\\\/naturalpoland.com\\\/cs\\\/produkty\\\/produkty-pro-kosmeticky-prumysl\\\/kosmeticke-oleje\\\/olej-z-tygrich-orechu-tigernut-oil\\\/#primaryimage\"},\"thumbnailUrl\":\"https:\\\/\\\/naturalpoland.com\\\/wp-content\\\/uploads\\\/tigernut-oil.webp\",\"datePublished\":\"2025-10-06T11:55:55+00:00\",\"dateModified\":\"2025-10-22T08:06:00+00:00\",\"description\":\"Organick\u00fd olej z tyg\u0159\u00edch o\u0159ech\u016f (INCI: Cyperus esculentus Root Oil) \u2013 p\u0159\u00edrodn\u00ed kosmetick\u00e1 surovina s vysok\u00fdm obsahem kyseliny olejov\u00e9.\",\"breadcrumb\":{\"@id\":\"https:\\\/\\\/naturalpoland.com\\\/cs\\\/produkty\\\/produkty-pro-kosmeticky-prumysl\\\/kosmeticke-oleje\\\/olej-z-tygrich-orechu-tigernut-oil\\\/#breadcrumb\"},\"inLanguage\":\"cs\",\"potentialAction\":[{\"@type\":\"ReadAction\",\"target\":[\"https:\\\/\\\/naturalpoland.com\\\/cs\\\/produkty\\\/produkty-pro-kosmeticky-prumysl\\\/kosmeticke-oleje\\\/olej-z-tygrich-orechu-tigernut-oil\\\/\"]}]},{\"@type\":\"ImageObject\",\"inLanguage\":\"cs\",\"@id\":\"https:\\\/\\\/naturalpoland.com\\\/cs\\\/produkty\\\/produkty-pro-kosmeticky-prumysl\\\/kosmeticke-oleje\\\/olej-z-tygrich-orechu-tigernut-oil\\\/#primaryimage\",\"url\":\"https:\\\/\\\/naturalpoland.com\\\/wp-content\\\/uploads\\\/tigernut-oil.webp\",\"contentUrl\":\"https:\\\/\\\/naturalpoland.com\\\/wp-content\\\/uploads\\\/tigernut-oil.webp\",\"width\":1024,\"height\":1024,\"caption\":\"Tigernut Oil\"},{\"@type\":\"BreadcrumbList\",\"@id\":\"https:\\\/\\\/naturalpoland.com\\\/cs\\\/produkty\\\/produkty-pro-kosmeticky-prumysl\\\/kosmeticke-oleje\\\/olej-z-tygrich-orechu-tigernut-oil\\\/#breadcrumb\",\"itemListElement\":[{\"@type\":\"ListItem\",\"position\":1,\"name\":\"Dom\u016f\",\"item\":\"https:\\\/\\\/naturalpoland.com\\\/cs\\\/\"},{\"@type\":\"ListItem\",\"position\":2,\"name\":\"Produkty\",\"item\":\"https:\\\/\\\/naturalpoland.com\\\/cs\\\/produkty\\\/\"},{\"@type\":\"ListItem\",\"position\":3,\"name\":\"Olej z tyg\u0159\u00edch o\u0159ech\u016f (Tigernut Oil)\"}]},{\"@type\":\"WebSite\",\"@id\":\"https:\\\/\\\/naturalpoland.com\\\/cs\\\/#website\",\"url\":\"https:\\\/\\\/naturalpoland.com\\\/cs\\\/\",\"name\":\"NATURAL POLAND - Velkoobchodn\u00ed distributor surovin\",\"description\":\"Surowce dla przemys\u0142u spo\u017cywczego, kosmetycznego i farmaceutycznego\",\"publisher\":{\"@id\":\"https:\\\/\\\/naturalpoland.com\\\/cs\\\/#organization\"},\"potentialAction\":[{\"@type\":\"SearchAction\",\"target\":{\"@type\":\"EntryPoint\",\"urlTemplate\":\"https:\\\/\\\/naturalpoland.com\\\/cs\\\/?s={search_term_string}\"},\"query-input\":{\"@type\":\"PropertyValueSpecification\",\"valueRequired\":true,\"valueName\":\"search_term_string\"}}],\"inLanguage\":\"cs\"},{\"@type\":\"Organization\",\"@id\":\"https:\\\/\\\/naturalpoland.com\\\/cs\\\/#organization\",\"name\":\"Natural Poland\",\"url\":\"https:\\\/\\\/naturalpoland.com\\\/cs\\\/\",\"logo\":{\"@type\":\"ImageObject\",\"inLanguage\":\"cs\",\"@id\":\"https:\\\/\\\/naturalpoland.com\\\/cs\\\/#\\\/schema\\\/logo\\\/image\\\/\",\"url\":\"https:\\\/\\\/naturalpoland.com\\\/wp-content\\\/uploads\\\/2021\\\/05\\\/natural-poland-icon.png\",\"contentUrl\":\"https:\\\/\\\/naturalpoland.com\\\/wp-content\\\/uploads\\\/2021\\\/05\\\/natural-poland-icon.png\",\"width\":512,\"height\":512,\"caption\":\"Natural Poland\"},\"image\":{\"@id\":\"https:\\\/\\\/naturalpoland.com\\\/cs\\\/#\\\/schema\\\/logo\\\/image\\\/\"},\"sameAs\":[\"https:\\\/\\\/www.facebook.com\\\/naturalpoland.b2b\",\"https:\\\/\\\/pl.linkedin.com\\\/company\\\/natural-poland\",\"https:\\\/\\\/www.youtube.com\\\/channel\\\/UCgeGGkvOMahZo-xu_MSEWxg\"]}]}<\/script>\n<!-- \/ Yoast SEO plugin. -->","yoast_head_json":{"title":"Olej z tyg\u0159\u00edch o\u0159ech\u016f - Velkoobchodn\u00ed distributor","description":"Organick\u00fd olej z tyg\u0159\u00edch o\u0159ech\u016f (INCI: Cyperus esculentus Root Oil) \u2013 p\u0159\u00edrodn\u00ed kosmetick\u00e1 surovina s vysok\u00fdm obsahem kyseliny olejov\u00e9.","robots":{"index":"index","follow":"follow","max-snippet":"max-snippet:-1","max-image-preview":"max-image-preview:large","max-video-preview":"max-video-preview:-1"},"canonical":"https:\/\/naturalpoland.com\/cs\/produkty\/produkty-pro-kosmeticky-prumysl\/kosmeticke-oleje\/olej-z-tygrich-orechu-tigernut-oil\/","og_locale":"cs_CZ","og_type":"article","og_title":"Olej z tyg\u0159\u00edch o\u0159ech\u016f - Velkoobchodn\u00ed distributor","og_description":"Organick\u00fd olej z tyg\u0159\u00edch o\u0159ech\u016f (INCI: Cyperus esculentus Root Oil) \u2013 p\u0159\u00edrodn\u00ed kosmetick\u00e1 surovina s vysok\u00fdm obsahem kyseliny olejov\u00e9.","og_url":"https:\/\/naturalpoland.com\/cs\/produkty\/produkty-pro-kosmeticky-prumysl\/kosmeticke-oleje\/olej-z-tygrich-orechu-tigernut-oil\/","og_site_name":"NATURAL POLAND - Velkoobchodn\u00ed distributor surovin","article_publisher":"https:\/\/www.facebook.com\/naturalpoland.b2b","article_modified_time":"2025-10-22T08:06:00+00:00","og_image":[{"width":1024,"height":1024,"url":"https:\/\/naturalpoland.com\/wp-content\/uploads\/tigernut-oil.webp","type":"image\/webp"}],"schema":{"@context":"https:\/\/schema.org","@graph":[{"@type":"WebPage","@id":"https:\/\/naturalpoland.com\/cs\/produkty\/produkty-pro-kosmeticky-prumysl\/kosmeticke-oleje\/olej-z-tygrich-orechu-tigernut-oil\/","url":"https:\/\/naturalpoland.com\/cs\/produkty\/produkty-pro-kosmeticky-prumysl\/kosmeticke-oleje\/olej-z-tygrich-orechu-tigernut-oil\/","name":"Olej z tyg\u0159\u00edch o\u0159ech\u016f - Velkoobchodn\u00ed distributor","isPartOf":{"@id":"https:\/\/naturalpoland.com\/cs\/#website"},"primaryImageOfPage":{"@id":"https:\/\/naturalpoland.com\/cs\/produkty\/produkty-pro-kosmeticky-prumysl\/kosmeticke-oleje\/olej-z-tygrich-orechu-tigernut-oil\/#primaryimage"},"image":{"@id":"https:\/\/naturalpoland.com\/cs\/produkty\/produkty-pro-kosmeticky-prumysl\/kosmeticke-oleje\/olej-z-tygrich-orechu-tigernut-oil\/#primaryimage"},"thumbnailUrl":"https:\/\/naturalpoland.com\/wp-content\/uploads\/tigernut-oil.webp","datePublished":"2025-10-06T11:55:55+00:00","dateModified":"2025-10-22T08:06:00+00:00","description":"Organick\u00fd olej z tyg\u0159\u00edch o\u0159ech\u016f (INCI: Cyperus esculentus Root Oil) \u2013 p\u0159\u00edrodn\u00ed kosmetick\u00e1 surovina s vysok\u00fdm obsahem kyseliny olejov\u00e9.","breadcrumb":{"@id":"https:\/\/naturalpoland.com\/cs\/produkty\/produkty-pro-kosmeticky-prumysl\/kosmeticke-oleje\/olej-z-tygrich-orechu-tigernut-oil\/#breadcrumb"},"inLanguage":"cs","potentialAction":[{"@type":"ReadAction","target":["https:\/\/naturalpoland.com\/cs\/produkty\/produkty-pro-kosmeticky-prumysl\/kosmeticke-oleje\/olej-z-tygrich-orechu-tigernut-oil\/"]}]},{"@type":"ImageObject","inLanguage":"cs","@id":"https:\/\/naturalpoland.com\/cs\/produkty\/produkty-pro-kosmeticky-prumysl\/kosmeticke-oleje\/olej-z-tygrich-orechu-tigernut-oil\/#primaryimage","url":"https:\/\/naturalpoland.com\/wp-content\/uploads\/tigernut-oil.webp","contentUrl":"https:\/\/naturalpoland.com\/wp-content\/uploads\/tigernut-oil.webp","width":1024,"height":1024,"caption":"Tigernut Oil"},{"@type":"BreadcrumbList","@id":"https:\/\/naturalpoland.com\/cs\/produkty\/produkty-pro-kosmeticky-prumysl\/kosmeticke-oleje\/olej-z-tygrich-orechu-tigernut-oil\/#breadcrumb","itemListElement":[{"@type":"ListItem","position":1,"name":"Dom\u016f","item":"https:\/\/naturalpoland.com\/cs\/"},{"@type":"ListItem","position":2,"name":"Produkty","item":"https:\/\/naturalpoland.com\/cs\/produkty\/"},{"@type":"ListItem","position":3,"name":"Olej z tyg\u0159\u00edch o\u0159ech\u016f (Tigernut Oil)"}]},{"@type":"WebSite","@id":"https:\/\/naturalpoland.com\/cs\/#website","url":"https:\/\/naturalpoland.com\/cs\/","name":"NATURAL POLAND - Velkoobchodn\u00ed distributor surovin","description":"Surowce dla przemys\u0142u spo\u017cywczego, kosmetycznego i farmaceutycznego","publisher":{"@id":"https:\/\/naturalpoland.com\/cs\/#organization"},"potentialAction":[{"@type":"SearchAction","target":{"@type":"EntryPoint","urlTemplate":"https:\/\/naturalpoland.com\/cs\/?s={search_term_string}"},"query-input":{"@type":"PropertyValueSpecification","valueRequired":true,"valueName":"search_term_string"}}],"inLanguage":"cs"},{"@type":"Organization","@id":"https:\/\/naturalpoland.com\/cs\/#organization","name":"Natural Poland","url":"https:\/\/naturalpoland.com\/cs\/","logo":{"@type":"ImageObject","inLanguage":"cs","@id":"https:\/\/naturalpoland.com\/cs\/#\/schema\/logo\/image\/","url":"https:\/\/naturalpoland.com\/wp-content\/uploads\/2021\/05\/natural-poland-icon.png","contentUrl":"https:\/\/naturalpoland.com\/wp-content\/uploads\/2021\/05\/natural-poland-icon.png","width":512,"height":512,"caption":"Natural Poland"},"image":{"@id":"https:\/\/naturalpoland.com\/cs\/#\/schema\/logo\/image\/"},"sameAs":["https:\/\/www.facebook.com\/naturalpoland.b2b","https:\/\/pl.linkedin.com\/company\/natural-poland","https:\/\/www.youtube.com\/channel\/UCgeGGkvOMahZo-xu_MSEWxg"]}]}},"_links":{"self":[{"href":"https:\/\/naturalpoland.com\/cs\/wp-json\/wp\/v2\/product\/43610","targetHints":{"allow":["GET"]}}],"collection":[{"href":"https:\/\/naturalpoland.com\/cs\/wp-json\/wp\/v2\/product"}],"about":[{"href":"https:\/\/naturalpoland.com\/cs\/wp-json\/wp\/v2\/types\/product"}],"wp:featuredmedia":[{"embeddable":true,"href":"https:\/\/naturalpoland.com\/cs\/wp-json\/wp\/v2\/media\/43615"}],"wp:attachment":[{"href":"https:\/\/naturalpoland.com\/cs\/wp-json\/wp\/v2\/media?parent=43610"}],"wp:term":[{"taxonomy":"product_brand","embeddable":true,"href":"https:\/\/naturalpoland.com\/cs\/wp-json\/wp\/v2\/product_brand?post=43610"},{"taxonomy":"product_cat","embeddable":true,"href":"https:\/\/naturalpoland.com\/cs\/wp-json\/wp\/v2\/product_cat?post=43610"},{"taxonomy":"product_tag","embeddable":true,"href":"https:\/\/naturalpoland.com\/cs\/wp-json\/wp\/v2\/product_tag?post=43610"}],"curies":[{"name":"wp","href":"https:\/\/api.w.org\/{rel}","templated":true}]}}