{"id":43815,"date":"2025-10-30T15:27:08","date_gmt":"2025-10-30T14:27:08","guid":{"rendered":"https:\/\/naturalpoland.com\/produkty\/nezarazene\/karob-v-prasku\/"},"modified":"2025-11-05T14:16:46","modified_gmt":"2025-11-05T13:16:46","slug":"karob-v-prasku","status":"publish","type":"product","link":"https:\/\/naturalpoland.com\/cs\/produkty\/produkty-pro-potravinarsky-prumysl\/suroviny-pro-vyrobu\/karob-v-prasku\/","title":{"rendered":"Karob v pr\u00e1\u0161ku"},"content":{"rendered":"<p>Nab\u00edz\u00edme tento produkt ve form\u011b jemn\u011b mlet\u00e9ho pr\u00e1\u0161ku hn\u011bd\u00e9 barvy s charakteristickou, lehce sladkou chut\u00ed. Je ur\u010den pro pou\u017eit\u00ed v potravin\u00e1\u0159sk\u00e9m a suplementa\u010dn\u00edm pr\u016fmyslu. Jeho granulace odpov\u00edd\u00e1 norm\u011b 80 mesh, co\u017e zaji\u0161\u0165uje dobrou sypkost a snadn\u00e9 m\u00edch\u00e1n\u00ed s ostatn\u00edmi slo\u017ekami.  <\/p>\n<p>Produkt se vyzna\u010duje n\u00edzk\u00fdm obsahem vlhkosti a popela. Testy tak\u00e9 potvrzuj\u00ed soulad s mikrobiologick\u00fdmi normami. <\/p>\n<h2>Pou\u017eit\u00ed<\/h2>\n<p>Karob v pr\u00e1\u0161ku nach\u00e1z\u00ed \u0161irok\u00e9 uplatn\u011bn\u00ed jako p\u0159\u00edrodn\u00ed slo\u017eka p\u0159i v\u00fdrob\u011b funk\u010dn\u00edch potravin, ty\u010dinek, dopl\u0148k\u016f stravy a zdrav\u00fdch n\u00e1hra\u017eek kakaa. D\u00edky sv\u00fdm organoleptick\u00fdm vlastnostem a mikrobiologick\u00e9 stabilit\u011b m\u016f\u017ee b\u00fdt pou\u017e\u00edv\u00e1n jak <strong>v such\u00fdch form\u00e1ch<\/strong> (kapsle, pr\u00e1\u0161ky), tak v receptur\u00e1ch vy\u017eaduj\u00edc\u00edch <strong>dobrou rozpustnost a rovnom\u011brn\u00e9 rozprost\u0159en\u00ed<\/strong>. <\/p>\n<p>Obsa\u017een\u00e9 <strong>p\u0159\u00edrodn\u00ed cukry a vl\u00e1knina<\/strong> v karobu podporuj\u00ed fungov\u00e1n\u00ed tr\u00e1vic\u00edho syst\u00e9mu. Jeho jemn\u00e1 chu\u0165 umo\u017e\u0148uje jeho pou\u017eit\u00ed tak\u00e9 v produktech ur\u010den\u00fdch <strong>pro d\u011bti a citliv\u00e9 osoby<\/strong>. <\/p>\n","protected":false},"excerpt":{"rendered":"<p><strong>Karob<\/strong>, zn\u00e1m\u00fd tak\u00e9 jako <strong>svatoj\u00e1nsk\u00fd chl\u00e9b<\/strong>, je p\u0159\u00edrodn\u00ed rostlinn\u00fd produkt z\u00edsk\u00e1van\u00fd ze semen lusk\u016f stromu <em>Ceratonia siliqua L<\/em>.<\/p>\n","protected":false},"featured_media":43816,"template":"","meta":{"_acf_changed":false},"product_brand":[],"product_cat":[641],"product_tag":[],"class_list":{"0":"post-43815","1":"product","2":"type-product","3":"status-publish","4":"has-post-thumbnail","6":"product_cat-suroviny-pro-vyrobu","7":"pa_czesc-rosliny-semena","9":"first","10":"instock","11":"shipping-taxable","12":"product-type-simple"},"acf":[],"yoast_head":"<!-- This site is optimized with the Yoast SEO plugin v27.6 - https:\/\/yoast.com\/product\/yoast-seo-wordpress\/ -->\n<title>Karob v pr\u00e1\u0161ku - Velkoobchodn\u00ed distributor<\/title>\n<meta name=\"description\" content=\"Karob v pr\u00e1\u0161ku (Ceratonia siliqua) \u2013 p\u0159\u00edrodn\u00ed potravin\u00e1\u0159sk\u00e1 slo\u017eka ve form\u011b jemn\u00e9ho hn\u011bd\u00e9ho pr\u00e1\u0161ku. Pou\u017e\u00edv\u00e1 se v dopl\u0148c\u00edch stravy a funk\u010dn\u00edch potravin\u00e1ch.\" \/>\n<meta name=\"robots\" content=\"index, follow, max-snippet:-1, max-image-preview:large, max-video-preview:-1\" \/>\n<link rel=\"canonical\" href=\"https:\/\/naturalpoland.com\/cs\/produkty\/produkty-pro-potravinarsky-prumysl\/suroviny-pro-vyrobu\/karob-v-prasku\/\" \/>\n<meta property=\"og:locale\" content=\"cs_CZ\" \/>\n<meta property=\"og:type\" content=\"article\" \/>\n<meta property=\"og:title\" content=\"Karob v pr\u00e1\u0161ku - Velkoobchodn\u00ed distributor\" \/>\n<meta property=\"og:description\" content=\"Karob v pr\u00e1\u0161ku (Ceratonia siliqua) \u2013 p\u0159\u00edrodn\u00ed potravin\u00e1\u0159sk\u00e1 slo\u017eka ve form\u011b jemn\u00e9ho hn\u011bd\u00e9ho pr\u00e1\u0161ku. Pou\u017e\u00edv\u00e1 se v dopl\u0148c\u00edch stravy a funk\u010dn\u00edch potravin\u00e1ch.\" \/>\n<meta property=\"og:url\" content=\"https:\/\/naturalpoland.com\/cs\/produkty\/produkty-pro-potravinarsky-prumysl\/suroviny-pro-vyrobu\/karob-v-prasku\/\" \/>\n<meta property=\"og:site_name\" content=\"NATURAL POLAND - Velkoobchodn\u00ed distributor surovin\" \/>\n<meta property=\"article:publisher\" content=\"https:\/\/www.facebook.com\/naturalpoland.b2b\" \/>\n<meta property=\"article:modified_time\" content=\"2025-11-05T13:16:46+00:00\" \/>\n<meta property=\"og:image\" content=\"https:\/\/naturalpoland.com\/wp-content\/uploads\/karob-w-proszku.webp\" \/>\n\t<meta property=\"og:image:width\" content=\"1024\" \/>\n\t<meta property=\"og:image:height\" content=\"1024\" \/>\n\t<meta property=\"og:image:type\" content=\"image\/webp\" \/>\n<script type=\"application\/ld+json\" class=\"yoast-schema-graph\">{\"@context\":\"https:\\\/\\\/schema.org\",\"@graph\":[{\"@type\":\"WebPage\",\"@id\":\"https:\\\/\\\/naturalpoland.com\\\/cs\\\/produkty\\\/produkty-pro-potravinarsky-prumysl\\\/suroviny-pro-vyrobu\\\/karob-v-prasku\\\/\",\"url\":\"https:\\\/\\\/naturalpoland.com\\\/cs\\\/produkty\\\/produkty-pro-potravinarsky-prumysl\\\/suroviny-pro-vyrobu\\\/karob-v-prasku\\\/\",\"name\":\"Karob v pr\u00e1\u0161ku - Velkoobchodn\u00ed distributor\",\"isPartOf\":{\"@id\":\"https:\\\/\\\/naturalpoland.com\\\/cs\\\/#website\"},\"primaryImageOfPage\":{\"@id\":\"https:\\\/\\\/naturalpoland.com\\\/cs\\\/produkty\\\/produkty-pro-potravinarsky-prumysl\\\/suroviny-pro-vyrobu\\\/karob-v-prasku\\\/#primaryimage\"},\"image\":{\"@id\":\"https:\\\/\\\/naturalpoland.com\\\/cs\\\/produkty\\\/produkty-pro-potravinarsky-prumysl\\\/suroviny-pro-vyrobu\\\/karob-v-prasku\\\/#primaryimage\"},\"thumbnailUrl\":\"https:\\\/\\\/naturalpoland.com\\\/wp-content\\\/uploads\\\/karob-w-proszku.webp\",\"datePublished\":\"2025-10-30T14:27:08+00:00\",\"dateModified\":\"2025-11-05T13:16:46+00:00\",\"description\":\"Karob v pr\u00e1\u0161ku (Ceratonia siliqua) \u2013 p\u0159\u00edrodn\u00ed potravin\u00e1\u0159sk\u00e1 slo\u017eka ve form\u011b jemn\u00e9ho hn\u011bd\u00e9ho pr\u00e1\u0161ku. Pou\u017e\u00edv\u00e1 se v dopl\u0148c\u00edch stravy a funk\u010dn\u00edch potravin\u00e1ch.\",\"breadcrumb\":{\"@id\":\"https:\\\/\\\/naturalpoland.com\\\/cs\\\/produkty\\\/produkty-pro-potravinarsky-prumysl\\\/suroviny-pro-vyrobu\\\/karob-v-prasku\\\/#breadcrumb\"},\"inLanguage\":\"cs\",\"potentialAction\":[{\"@type\":\"ReadAction\",\"target\":[\"https:\\\/\\\/naturalpoland.com\\\/cs\\\/produkty\\\/produkty-pro-potravinarsky-prumysl\\\/suroviny-pro-vyrobu\\\/karob-v-prasku\\\/\"]}]},{\"@type\":\"ImageObject\",\"inLanguage\":\"cs\",\"@id\":\"https:\\\/\\\/naturalpoland.com\\\/cs\\\/produkty\\\/produkty-pro-potravinarsky-prumysl\\\/suroviny-pro-vyrobu\\\/karob-v-prasku\\\/#primaryimage\",\"url\":\"https:\\\/\\\/naturalpoland.com\\\/wp-content\\\/uploads\\\/karob-w-proszku.webp\",\"contentUrl\":\"https:\\\/\\\/naturalpoland.com\\\/wp-content\\\/uploads\\\/karob-w-proszku.webp\",\"width\":1024,\"height\":1024,\"caption\":\"karob v pr\u00e1\u0161ku\"},{\"@type\":\"BreadcrumbList\",\"@id\":\"https:\\\/\\\/naturalpoland.com\\\/cs\\\/produkty\\\/produkty-pro-potravinarsky-prumysl\\\/suroviny-pro-vyrobu\\\/karob-v-prasku\\\/#breadcrumb\",\"itemListElement\":[{\"@type\":\"ListItem\",\"position\":1,\"name\":\"Dom\u016f\",\"item\":\"https:\\\/\\\/naturalpoland.com\\\/cs\\\/\"},{\"@type\":\"ListItem\",\"position\":2,\"name\":\"Produkty\",\"item\":\"https:\\\/\\\/naturalpoland.com\\\/cs\\\/produkty\\\/\"},{\"@type\":\"ListItem\",\"position\":3,\"name\":\"Karob v pr\u00e1\u0161ku\"}]},{\"@type\":\"WebSite\",\"@id\":\"https:\\\/\\\/naturalpoland.com\\\/cs\\\/#website\",\"url\":\"https:\\\/\\\/naturalpoland.com\\\/cs\\\/\",\"name\":\"NATURAL POLAND - Velkoobchodn\u00ed distributor surovin\",\"description\":\"Surowce dla przemys\u0142u spo\u017cywczego, kosmetycznego i farmaceutycznego\",\"publisher\":{\"@id\":\"https:\\\/\\\/naturalpoland.com\\\/cs\\\/#organization\"},\"potentialAction\":[{\"@type\":\"SearchAction\",\"target\":{\"@type\":\"EntryPoint\",\"urlTemplate\":\"https:\\\/\\\/naturalpoland.com\\\/cs\\\/?s={search_term_string}\"},\"query-input\":{\"@type\":\"PropertyValueSpecification\",\"valueRequired\":true,\"valueName\":\"search_term_string\"}}],\"inLanguage\":\"cs\"},{\"@type\":\"Organization\",\"@id\":\"https:\\\/\\\/naturalpoland.com\\\/cs\\\/#organization\",\"name\":\"Natural Poland\",\"url\":\"https:\\\/\\\/naturalpoland.com\\\/cs\\\/\",\"logo\":{\"@type\":\"ImageObject\",\"inLanguage\":\"cs\",\"@id\":\"https:\\\/\\\/naturalpoland.com\\\/cs\\\/#\\\/schema\\\/logo\\\/image\\\/\",\"url\":\"https:\\\/\\\/naturalpoland.com\\\/wp-content\\\/uploads\\\/2021\\\/05\\\/natural-poland-icon.png\",\"contentUrl\":\"https:\\\/\\\/naturalpoland.com\\\/wp-content\\\/uploads\\\/2021\\\/05\\\/natural-poland-icon.png\",\"width\":512,\"height\":512,\"caption\":\"Natural Poland\"},\"image\":{\"@id\":\"https:\\\/\\\/naturalpoland.com\\\/cs\\\/#\\\/schema\\\/logo\\\/image\\\/\"},\"sameAs\":[\"https:\\\/\\\/www.facebook.com\\\/naturalpoland.b2b\",\"https:\\\/\\\/pl.linkedin.com\\\/company\\\/natural-poland\",\"https:\\\/\\\/www.youtube.com\\\/channel\\\/UCgeGGkvOMahZo-xu_MSEWxg\"]}]}<\/script>\n<!-- \/ Yoast SEO plugin. -->","yoast_head_json":{"title":"Karob v pr\u00e1\u0161ku - Velkoobchodn\u00ed distributor","description":"Karob v pr\u00e1\u0161ku (Ceratonia siliqua) \u2013 p\u0159\u00edrodn\u00ed potravin\u00e1\u0159sk\u00e1 slo\u017eka ve form\u011b jemn\u00e9ho hn\u011bd\u00e9ho pr\u00e1\u0161ku. Pou\u017e\u00edv\u00e1 se v dopl\u0148c\u00edch stravy a funk\u010dn\u00edch potravin\u00e1ch.","robots":{"index":"index","follow":"follow","max-snippet":"max-snippet:-1","max-image-preview":"max-image-preview:large","max-video-preview":"max-video-preview:-1"},"canonical":"https:\/\/naturalpoland.com\/cs\/produkty\/produkty-pro-potravinarsky-prumysl\/suroviny-pro-vyrobu\/karob-v-prasku\/","og_locale":"cs_CZ","og_type":"article","og_title":"Karob v pr\u00e1\u0161ku - Velkoobchodn\u00ed distributor","og_description":"Karob v pr\u00e1\u0161ku (Ceratonia siliqua) \u2013 p\u0159\u00edrodn\u00ed potravin\u00e1\u0159sk\u00e1 slo\u017eka ve form\u011b jemn\u00e9ho hn\u011bd\u00e9ho pr\u00e1\u0161ku. Pou\u017e\u00edv\u00e1 se v dopl\u0148c\u00edch stravy a funk\u010dn\u00edch potravin\u00e1ch.","og_url":"https:\/\/naturalpoland.com\/cs\/produkty\/produkty-pro-potravinarsky-prumysl\/suroviny-pro-vyrobu\/karob-v-prasku\/","og_site_name":"NATURAL POLAND - Velkoobchodn\u00ed distributor surovin","article_publisher":"https:\/\/www.facebook.com\/naturalpoland.b2b","article_modified_time":"2025-11-05T13:16:46+00:00","og_image":[{"width":1024,"height":1024,"url":"https:\/\/naturalpoland.com\/wp-content\/uploads\/karob-w-proszku.webp","type":"image\/webp"}],"schema":{"@context":"https:\/\/schema.org","@graph":[{"@type":"WebPage","@id":"https:\/\/naturalpoland.com\/cs\/produkty\/produkty-pro-potravinarsky-prumysl\/suroviny-pro-vyrobu\/karob-v-prasku\/","url":"https:\/\/naturalpoland.com\/cs\/produkty\/produkty-pro-potravinarsky-prumysl\/suroviny-pro-vyrobu\/karob-v-prasku\/","name":"Karob v pr\u00e1\u0161ku - Velkoobchodn\u00ed distributor","isPartOf":{"@id":"https:\/\/naturalpoland.com\/cs\/#website"},"primaryImageOfPage":{"@id":"https:\/\/naturalpoland.com\/cs\/produkty\/produkty-pro-potravinarsky-prumysl\/suroviny-pro-vyrobu\/karob-v-prasku\/#primaryimage"},"image":{"@id":"https:\/\/naturalpoland.com\/cs\/produkty\/produkty-pro-potravinarsky-prumysl\/suroviny-pro-vyrobu\/karob-v-prasku\/#primaryimage"},"thumbnailUrl":"https:\/\/naturalpoland.com\/wp-content\/uploads\/karob-w-proszku.webp","datePublished":"2025-10-30T14:27:08+00:00","dateModified":"2025-11-05T13:16:46+00:00","description":"Karob v pr\u00e1\u0161ku (Ceratonia siliqua) \u2013 p\u0159\u00edrodn\u00ed potravin\u00e1\u0159sk\u00e1 slo\u017eka ve form\u011b jemn\u00e9ho hn\u011bd\u00e9ho pr\u00e1\u0161ku. Pou\u017e\u00edv\u00e1 se v dopl\u0148c\u00edch stravy a funk\u010dn\u00edch potravin\u00e1ch.","breadcrumb":{"@id":"https:\/\/naturalpoland.com\/cs\/produkty\/produkty-pro-potravinarsky-prumysl\/suroviny-pro-vyrobu\/karob-v-prasku\/#breadcrumb"},"inLanguage":"cs","potentialAction":[{"@type":"ReadAction","target":["https:\/\/naturalpoland.com\/cs\/produkty\/produkty-pro-potravinarsky-prumysl\/suroviny-pro-vyrobu\/karob-v-prasku\/"]}]},{"@type":"ImageObject","inLanguage":"cs","@id":"https:\/\/naturalpoland.com\/cs\/produkty\/produkty-pro-potravinarsky-prumysl\/suroviny-pro-vyrobu\/karob-v-prasku\/#primaryimage","url":"https:\/\/naturalpoland.com\/wp-content\/uploads\/karob-w-proszku.webp","contentUrl":"https:\/\/naturalpoland.com\/wp-content\/uploads\/karob-w-proszku.webp","width":1024,"height":1024,"caption":"karob v pr\u00e1\u0161ku"},{"@type":"BreadcrumbList","@id":"https:\/\/naturalpoland.com\/cs\/produkty\/produkty-pro-potravinarsky-prumysl\/suroviny-pro-vyrobu\/karob-v-prasku\/#breadcrumb","itemListElement":[{"@type":"ListItem","position":1,"name":"Dom\u016f","item":"https:\/\/naturalpoland.com\/cs\/"},{"@type":"ListItem","position":2,"name":"Produkty","item":"https:\/\/naturalpoland.com\/cs\/produkty\/"},{"@type":"ListItem","position":3,"name":"Karob v pr\u00e1\u0161ku"}]},{"@type":"WebSite","@id":"https:\/\/naturalpoland.com\/cs\/#website","url":"https:\/\/naturalpoland.com\/cs\/","name":"NATURAL POLAND - Velkoobchodn\u00ed distributor surovin","description":"Surowce dla przemys\u0142u spo\u017cywczego, kosmetycznego i farmaceutycznego","publisher":{"@id":"https:\/\/naturalpoland.com\/cs\/#organization"},"potentialAction":[{"@type":"SearchAction","target":{"@type":"EntryPoint","urlTemplate":"https:\/\/naturalpoland.com\/cs\/?s={search_term_string}"},"query-input":{"@type":"PropertyValueSpecification","valueRequired":true,"valueName":"search_term_string"}}],"inLanguage":"cs"},{"@type":"Organization","@id":"https:\/\/naturalpoland.com\/cs\/#organization","name":"Natural Poland","url":"https:\/\/naturalpoland.com\/cs\/","logo":{"@type":"ImageObject","inLanguage":"cs","@id":"https:\/\/naturalpoland.com\/cs\/#\/schema\/logo\/image\/","url":"https:\/\/naturalpoland.com\/wp-content\/uploads\/2021\/05\/natural-poland-icon.png","contentUrl":"https:\/\/naturalpoland.com\/wp-content\/uploads\/2021\/05\/natural-poland-icon.png","width":512,"height":512,"caption":"Natural Poland"},"image":{"@id":"https:\/\/naturalpoland.com\/cs\/#\/schema\/logo\/image\/"},"sameAs":["https:\/\/www.facebook.com\/naturalpoland.b2b","https:\/\/pl.linkedin.com\/company\/natural-poland","https:\/\/www.youtube.com\/channel\/UCgeGGkvOMahZo-xu_MSEWxg"]}]}},"_links":{"self":[{"href":"https:\/\/naturalpoland.com\/cs\/wp-json\/wp\/v2\/product\/43815","targetHints":{"allow":["GET"]}}],"collection":[{"href":"https:\/\/naturalpoland.com\/cs\/wp-json\/wp\/v2\/product"}],"about":[{"href":"https:\/\/naturalpoland.com\/cs\/wp-json\/wp\/v2\/types\/product"}],"wp:featuredmedia":[{"embeddable":true,"href":"https:\/\/naturalpoland.com\/cs\/wp-json\/wp\/v2\/media\/43816"}],"wp:attachment":[{"href":"https:\/\/naturalpoland.com\/cs\/wp-json\/wp\/v2\/media?parent=43815"}],"wp:term":[{"taxonomy":"product_brand","embeddable":true,"href":"https:\/\/naturalpoland.com\/cs\/wp-json\/wp\/v2\/product_brand?post=43815"},{"taxonomy":"product_cat","embeddable":true,"href":"https:\/\/naturalpoland.com\/cs\/wp-json\/wp\/v2\/product_cat?post=43815"},{"taxonomy":"product_tag","embeddable":true,"href":"https:\/\/naturalpoland.com\/cs\/wp-json\/wp\/v2\/product_tag?post=43815"}],"curies":[{"name":"wp","href":"https:\/\/api.w.org\/{rel}","templated":true}]}}