{"id":43973,"date":"2025-12-09T11:38:11","date_gmt":"2025-12-09T10:38:11","guid":{"rendered":"https:\/\/naturalpoland.com\/produkty\/nezarazene\/cica-pdrn\/"},"modified":"2025-12-09T12:25:46","modified_gmt":"2025-12-09T11:25:46","slug":"cica-pdrn","status":"publish","type":"product","link":"https:\/\/naturalpoland.com\/cs\/produkty\/produkty-pro-kosmeticky-prumysl\/ucinne-latky\/cica-pdrn\/","title":{"rendered":"CICA PDRN"},"content":{"rendered":"<p>CICA PDRN je modern\u00ed regenera\u010dn\u00ed surovina pr\u00e9miov\u00e9 t\u0159\u00eddy vyvinut\u00e1 v Ji\u017en\u00ed Koreji \u2013 jednom z glob\u00e1ln\u00edch center kosmetick\u00fdch inovac\u00ed. Formule byla navr\u017eena tak, aby sou\u010dasn\u011b poskytovala zklid\u0148uj\u00edc\u00ed \u00fa\u010dinek charakteristick\u00fd pro Centella asiatica a vysokou regenera\u010dn\u00ed aktivitu sodn\u00e9 DNA (Sodium DNA). <\/p>\n<p>Slo\u017een\u00ed t\u00e9to suroviny obsahuje vodu, extrakt z Centella asiatica (5%), Sodium DNA (0,0005% \/ 5ppm) a 1,2-hexanediol jako jemn\u00fd humektant a stabiliza\u010dn\u00ed slo\u017eku. Tato kompozice zaji\u0161\u0165uje synergick\u00fd proregenera\u010dn\u00ed, protiz\u00e1n\u011btliv\u00fd \u00fa\u010dinek a podporuje hojen\u00ed k\u016f\u017ee. <\/p>\n<h2>Vlastnosti a mechanismus \u00fa\u010dinku CICA PDRN<\/h2>\n<p><strong>1. Regenerace tk\u00e1n\u00ed a hojen\u00ed po\u0161kozen\u00ed<\/strong><\/p>\n<p>PDRN je polymer DNA o hmotnosti 65\u2013325&nbsp;kDa, kter\u00fd aktivuje <strong>receptor adenosinu A2A<\/strong> p\u0159\u00edtomn\u00fd na povrchu ko\u017en\u00edch bun\u011bk. Stimulace tohoto receptoru spou\u0161t\u00ed repara\u010dn\u00ed procesy, urychluje proliferaci fibroblast\u016f a podporuje p\u0159irozenou regeneraci tk\u00e1n\u00ed. <\/p>\n<p>Slo\u017eka tak\u00e9 vykazuje \u00fa\u010dinek proti ischemii tk\u00e1n\u00ed, <strong>podporuje angiogenezi<\/strong> a <strong>stimuluje synt\u00e9zu kolagenu<\/strong>, co\u017e je d\u016fle\u017eit\u00e9 v produktech proti st\u00e1rnut\u00ed a po dermatologick\u00fdch z\u00e1kroc\u00edch.<\/p>\n<p><strong>2. Protiz\u00e1n\u011btliv\u00fd a zklid\u0148uj\u00edc\u00ed \u00fa\u010dinek<\/strong><\/p>\n<p>Centella asiatica je bohat\u00e1 na triterpenoidy, jako jsou <strong>asiaticoside<\/strong> a <strong>madecassoside<\/strong>, zn\u00e1m\u00e9 sv\u00fdm siln\u00fdm protiz\u00e1n\u011btliv\u00fdm \u00fa\u010dinkem. V kombinaci s PDRN surovina efektivn\u011b redukuje z\u00e1n\u011btliv\u00e9 reakce a podporuje zklidn\u011bn\u00ed podr\u00e1\u017ed\u011bn\u00ed zp\u016fsoben\u00e9ho environment\u00e1ln\u00edm stresem, UV z\u00e1\u0159en\u00edm nebo kosmetick\u00fdmi z\u00e1kroky. <\/p>\n<p><strong>Sn\u00ed\u017een\u00ed exprese z\u00e1n\u011btliv\u00fdch marker\u016f<\/strong> (NF-\u03baB, IL-1, TNF-\u03b1, COX-2) a <strong>sn\u00ed\u017een\u00ed aktivity MMP<\/strong> se projevuje ochranou kolagenu p\u0159ed degradac\u00ed a zlep\u0161en\u00edm pru\u017enosti k\u016f\u017ee.<\/p>\n<p><strong>3. Zlep\u0161en\u00ed pru\u017enosti, hydratace a struktury k\u016f\u017ee<\/strong><\/p>\n<p>Surovina zlep\u0161uje hydrataci k\u016f\u017ee d\u00edky p\u0159\u00edtomnosti <strong>extraktu z Centella asiatica<\/strong> a <strong>slo\u017eek s aktivitou humektant\u016f<\/strong>. Z\u00e1rove\u0148 stimuluje synt\u00e9zu kolagenu a elastinu zv\u00fd\u0161en\u00edm aktivity SOD a sn\u00ed\u017een\u00edm aktivity NADPH oxid\u00e1zy, p\u0159i\u010dem\u017e je doprov\u00e1zena tak\u00e9 redukc\u00ed synt\u00e9zy melaninu. <\/p>\n<p>V\u00fdsledkem pou\u017eit\u00ed slo\u017eky je zv\u00fd\u0161en\u00e1 pru\u017enost k\u016f\u017ee, vyhlazen\u00ed jemn\u00fdch vr\u00e1sek a redukce viditelnosti p\u00f3r\u016f.<\/p>\n<p><strong>4. Podpora redukce jizev a pigmentov\u00fdch skvrn<\/strong><\/p>\n<p>D\u00edky regenera\u010dn\u00edm vlastnostem a modulaci z\u00e1n\u011btliv\u00fdch proces\u016f nach\u00e1z\u00ed CICA PDRN uplatn\u011bn\u00ed v produktech podporuj\u00edc\u00edch <strong>sn\u00ed\u017een\u00ed viditelnosti jizev, poz\u00e1n\u011btliv\u00fdch hyperpigmentac\u00ed a stop po akn\u00e9<\/strong>. Tento mechanismus vypl\u00fdv\u00e1 z <strong>regulace exprese MITF<\/strong> a <strong>aktivity tyrosin\u00e1zy<\/strong> \u2013 kl\u00ed\u010dov\u00fdch prvk\u016f pigmenta\u010dn\u00edch proces\u016f k\u016f\u017ee. <\/p>\n<h2>Pou\u017eit\u00ed CICA PDRN v kosmetice<\/h2>\n<p>CICA PDRN p\u0159edstavuje multifunk\u010dn\u00ed slo\u017eku doporu\u010denou pro produkty:<\/p>\n<ul>\n<li><strong>regenera\u010dn\u00ed kosmetika<\/strong> \u2013 s\u00e9ra obnovuj\u00edc\u00ed bari\u00e9ru, repara\u010dn\u00ed kr\u00e9my, k\u00fary po dermatologick\u00fdch z\u00e1kroc\u00edch,<\/li>\n<li><strong>anti-aging kosmetika<\/strong> \u2013 formule redukuj\u00edc\u00ed vr\u00e1sky, zlep\u0161uj\u00edc\u00ed pevnost a pru\u017enost,<\/li>\n<li><strong>kosmetika pro citlivou ple\u0165<\/strong> \u2013 zklid\u0148uj\u00edc\u00ed kr\u00e9my a emulze, produkty zm\u00edr\u0148uj\u00edc\u00ed zarudnut\u00ed,<\/li>\n<li><strong>kosmetika pro problematickou ple\u0165<\/strong> \u2013 podpora hojen\u00ed zm\u011bn, redukce jizev a pigmentov\u00fdch skvrn,<\/li>\n<li><strong>dermatologick\u00e9 a profesion\u00e1ln\u00ed produkty<\/strong> \u2013 poz\u00e1krokov\u00e9 masky, ampule, produkty pro salonn\u00ed pou\u017eit\u00ed,<\/li>\n<li><strong>p\u00e9\u010de o t\u011blo<\/strong> \u2013 regenera\u010dn\u00ed balz\u00e1my, produkty pro podr\u00e1\u017ed\u011bnou poko\u017eku.<\/li>\n<\/ul>\n<p>Vzhledem k \u0161irok\u00e9mu spektru \u00fa\u010dink\u016f a velmi n\u00edzk\u00e9 koncentraci aktivn\u00ed DNA (5ppm) se surovina dob\u0159e p\u0159izp\u016fsobuje jak lehk\u00fdm emulz\u00edm, tak bohat\u0161\u00edm kr\u00e9mov\u00fdm formulac\u00edm.<\/p>\n<p>&nbsp;<\/p>\n","protected":false},"excerpt":{"rendered":"<p><strong>CICA PDRN<\/strong> je pokro\u010dil\u00fd bioaktivn\u00ed komplex kombinuj\u00edc\u00ed <a href=\"https:\/\/naturalpoland.com\/cs\/produkty\/produkty-pro-farmaceuticky-a-zdravotnicky-prumysl\/pridavky-k-doplnkum-stravy\/extract-from-vacrota-asiatic\/\"><strong>extrakt Centella asiatica<\/strong><\/a> s <strong>polydeoxiribonukleotidy<\/strong> (PDRN) z\u00edskan\u00fdmi ze stejn\u00e9 rostliny.<\/p>\n","protected":false},"featured_media":43974,"template":"","meta":{"_acf_changed":false},"product_brand":[],"product_cat":[10346,1505],"product_tag":[],"class_list":{"0":"post-43973","1":"product","2":"type-product","3":"status-publish","4":"has-post-thumbnail","6":"product_cat-korejske-suroviny","7":"product_cat-ucinne-latky","8":"pa_skladnik-aktywny-extrakt-centella-asiatica","9":"pa_skladnik-aktywny-sodium-dna","11":"first","12":"instock","13":"shipping-taxable","14":"product-type-simple"},"acf":[],"yoast_head":"<!-- This site is optimized with the Yoast SEO plugin v27.4 - https:\/\/yoast.com\/product\/yoast-seo-wordpress\/ -->\n<title>CICA PDRN - Velkoobchodn\u00ed distributor<\/title>\n<meta name=\"description\" content=\"CICA PDRN \u2013 korejsk\u00e1 regenera\u010dn\u00ed surovina kombinuj\u00edc\u00ed Centella asiatica a PDRN. Podporuje hojen\u00ed, zlep\u0161uje pru\u017enost a redukuje z\u00e1n\u011bty k\u016f\u017ee.\" \/>\n<meta name=\"robots\" content=\"index, follow, max-snippet:-1, max-image-preview:large, max-video-preview:-1\" \/>\n<link rel=\"canonical\" href=\"https:\/\/naturalpoland.com\/cs\/produkty\/produkty-pro-kosmeticky-prumysl\/ucinne-latky\/cica-pdrn\/\" \/>\n<meta property=\"og:locale\" content=\"cs_CZ\" \/>\n<meta property=\"og:type\" content=\"article\" \/>\n<meta property=\"og:title\" content=\"CICA PDRN - Velkoobchodn\u00ed distributor\" \/>\n<meta property=\"og:description\" content=\"CICA PDRN \u2013 korejsk\u00e1 regenera\u010dn\u00ed surovina kombinuj\u00edc\u00ed Centella asiatica a PDRN. Podporuje hojen\u00ed, zlep\u0161uje pru\u017enost a redukuje z\u00e1n\u011bty k\u016f\u017ee.\" \/>\n<meta property=\"og:url\" content=\"https:\/\/naturalpoland.com\/cs\/produkty\/produkty-pro-kosmeticky-prumysl\/ucinne-latky\/cica-pdrn\/\" \/>\n<meta property=\"og:site_name\" content=\"NATURAL POLAND - Velkoobchodn\u00ed distributor surovin\" \/>\n<meta property=\"article:publisher\" content=\"https:\/\/www.facebook.com\/naturalpoland.b2b\" \/>\n<meta property=\"article:modified_time\" content=\"2025-12-09T11:25:46+00:00\" \/>\n<meta property=\"og:image\" content=\"https:\/\/naturalpoland.com\/wp-content\/uploads\/cica-pdrn.webp\" \/>\n\t<meta property=\"og:image:width\" content=\"1024\" \/>\n\t<meta property=\"og:image:height\" content=\"1024\" \/>\n\t<meta property=\"og:image:type\" content=\"image\/webp\" \/>\n<script type=\"application\/ld+json\" class=\"yoast-schema-graph\">{\"@context\":\"https:\\\/\\\/schema.org\",\"@graph\":[{\"@type\":\"WebPage\",\"@id\":\"https:\\\/\\\/naturalpoland.com\\\/cs\\\/produkty\\\/produkty-pro-kosmeticky-prumysl\\\/ucinne-latky\\\/cica-pdrn\\\/\",\"url\":\"https:\\\/\\\/naturalpoland.com\\\/cs\\\/produkty\\\/produkty-pro-kosmeticky-prumysl\\\/ucinne-latky\\\/cica-pdrn\\\/\",\"name\":\"CICA PDRN - Velkoobchodn\u00ed distributor\",\"isPartOf\":{\"@id\":\"https:\\\/\\\/naturalpoland.com\\\/cs\\\/#website\"},\"primaryImageOfPage\":{\"@id\":\"https:\\\/\\\/naturalpoland.com\\\/cs\\\/produkty\\\/produkty-pro-kosmeticky-prumysl\\\/ucinne-latky\\\/cica-pdrn\\\/#primaryimage\"},\"image\":{\"@id\":\"https:\\\/\\\/naturalpoland.com\\\/cs\\\/produkty\\\/produkty-pro-kosmeticky-prumysl\\\/ucinne-latky\\\/cica-pdrn\\\/#primaryimage\"},\"thumbnailUrl\":\"https:\\\/\\\/naturalpoland.com\\\/wp-content\\\/uploads\\\/cica-pdrn.webp\",\"datePublished\":\"2025-12-09T10:38:11+00:00\",\"dateModified\":\"2025-12-09T11:25:46+00:00\",\"description\":\"CICA PDRN \u2013 korejsk\u00e1 regenera\u010dn\u00ed surovina kombinuj\u00edc\u00ed Centella asiatica a PDRN. Podporuje hojen\u00ed, zlep\u0161uje pru\u017enost a redukuje z\u00e1n\u011bty k\u016f\u017ee.\",\"breadcrumb\":{\"@id\":\"https:\\\/\\\/naturalpoland.com\\\/cs\\\/produkty\\\/produkty-pro-kosmeticky-prumysl\\\/ucinne-latky\\\/cica-pdrn\\\/#breadcrumb\"},\"inLanguage\":\"cs\",\"potentialAction\":[{\"@type\":\"ReadAction\",\"target\":[\"https:\\\/\\\/naturalpoland.com\\\/cs\\\/produkty\\\/produkty-pro-kosmeticky-prumysl\\\/ucinne-latky\\\/cica-pdrn\\\/\"]}]},{\"@type\":\"ImageObject\",\"inLanguage\":\"cs\",\"@id\":\"https:\\\/\\\/naturalpoland.com\\\/cs\\\/produkty\\\/produkty-pro-kosmeticky-prumysl\\\/ucinne-latky\\\/cica-pdrn\\\/#primaryimage\",\"url\":\"https:\\\/\\\/naturalpoland.com\\\/wp-content\\\/uploads\\\/cica-pdrn.webp\",\"contentUrl\":\"https:\\\/\\\/naturalpoland.com\\\/wp-content\\\/uploads\\\/cica-pdrn.webp\",\"width\":1024,\"height\":1024,\"caption\":\"CICA PDRN\"},{\"@type\":\"BreadcrumbList\",\"@id\":\"https:\\\/\\\/naturalpoland.com\\\/cs\\\/produkty\\\/produkty-pro-kosmeticky-prumysl\\\/ucinne-latky\\\/cica-pdrn\\\/#breadcrumb\",\"itemListElement\":[{\"@type\":\"ListItem\",\"position\":1,\"name\":\"Dom\u016f\",\"item\":\"https:\\\/\\\/naturalpoland.com\\\/cs\\\/\"},{\"@type\":\"ListItem\",\"position\":2,\"name\":\"Produkty\",\"item\":\"https:\\\/\\\/naturalpoland.com\\\/cs\\\/produkty\\\/\"},{\"@type\":\"ListItem\",\"position\":3,\"name\":\"CICA PDRN\"}]},{\"@type\":\"WebSite\",\"@id\":\"https:\\\/\\\/naturalpoland.com\\\/cs\\\/#website\",\"url\":\"https:\\\/\\\/naturalpoland.com\\\/cs\\\/\",\"name\":\"NATURAL POLAND - Velkoobchodn\u00ed distributor surovin\",\"description\":\"Surowce dla przemys\u0142u spo\u017cywczego, kosmetycznego i farmaceutycznego\",\"publisher\":{\"@id\":\"https:\\\/\\\/naturalpoland.com\\\/cs\\\/#organization\"},\"potentialAction\":[{\"@type\":\"SearchAction\",\"target\":{\"@type\":\"EntryPoint\",\"urlTemplate\":\"https:\\\/\\\/naturalpoland.com\\\/cs\\\/?s={search_term_string}\"},\"query-input\":{\"@type\":\"PropertyValueSpecification\",\"valueRequired\":true,\"valueName\":\"search_term_string\"}}],\"inLanguage\":\"cs\"},{\"@type\":\"Organization\",\"@id\":\"https:\\\/\\\/naturalpoland.com\\\/cs\\\/#organization\",\"name\":\"Natural Poland\",\"url\":\"https:\\\/\\\/naturalpoland.com\\\/cs\\\/\",\"logo\":{\"@type\":\"ImageObject\",\"inLanguage\":\"cs\",\"@id\":\"https:\\\/\\\/naturalpoland.com\\\/cs\\\/#\\\/schema\\\/logo\\\/image\\\/\",\"url\":\"https:\\\/\\\/naturalpoland.com\\\/wp-content\\\/uploads\\\/2021\\\/05\\\/natural-poland-icon.png\",\"contentUrl\":\"https:\\\/\\\/naturalpoland.com\\\/wp-content\\\/uploads\\\/2021\\\/05\\\/natural-poland-icon.png\",\"width\":512,\"height\":512,\"caption\":\"Natural Poland\"},\"image\":{\"@id\":\"https:\\\/\\\/naturalpoland.com\\\/cs\\\/#\\\/schema\\\/logo\\\/image\\\/\"},\"sameAs\":[\"https:\\\/\\\/www.facebook.com\\\/naturalpoland.b2b\",\"https:\\\/\\\/pl.linkedin.com\\\/company\\\/natural-poland\",\"https:\\\/\\\/www.youtube.com\\\/channel\\\/UCgeGGkvOMahZo-xu_MSEWxg\"]}]}<\/script>\n<!-- \/ Yoast SEO plugin. -->","yoast_head_json":{"title":"CICA PDRN - Velkoobchodn\u00ed distributor","description":"CICA PDRN \u2013 korejsk\u00e1 regenera\u010dn\u00ed surovina kombinuj\u00edc\u00ed Centella asiatica a PDRN. Podporuje hojen\u00ed, zlep\u0161uje pru\u017enost a redukuje z\u00e1n\u011bty k\u016f\u017ee.","robots":{"index":"index","follow":"follow","max-snippet":"max-snippet:-1","max-image-preview":"max-image-preview:large","max-video-preview":"max-video-preview:-1"},"canonical":"https:\/\/naturalpoland.com\/cs\/produkty\/produkty-pro-kosmeticky-prumysl\/ucinne-latky\/cica-pdrn\/","og_locale":"cs_CZ","og_type":"article","og_title":"CICA PDRN - Velkoobchodn\u00ed distributor","og_description":"CICA PDRN \u2013 korejsk\u00e1 regenera\u010dn\u00ed surovina kombinuj\u00edc\u00ed Centella asiatica a PDRN. Podporuje hojen\u00ed, zlep\u0161uje pru\u017enost a redukuje z\u00e1n\u011bty k\u016f\u017ee.","og_url":"https:\/\/naturalpoland.com\/cs\/produkty\/produkty-pro-kosmeticky-prumysl\/ucinne-latky\/cica-pdrn\/","og_site_name":"NATURAL POLAND - Velkoobchodn\u00ed distributor surovin","article_publisher":"https:\/\/www.facebook.com\/naturalpoland.b2b","article_modified_time":"2025-12-09T11:25:46+00:00","og_image":[{"width":1024,"height":1024,"url":"https:\/\/naturalpoland.com\/wp-content\/uploads\/cica-pdrn.webp","type":"image\/webp"}],"schema":{"@context":"https:\/\/schema.org","@graph":[{"@type":"WebPage","@id":"https:\/\/naturalpoland.com\/cs\/produkty\/produkty-pro-kosmeticky-prumysl\/ucinne-latky\/cica-pdrn\/","url":"https:\/\/naturalpoland.com\/cs\/produkty\/produkty-pro-kosmeticky-prumysl\/ucinne-latky\/cica-pdrn\/","name":"CICA PDRN - Velkoobchodn\u00ed distributor","isPartOf":{"@id":"https:\/\/naturalpoland.com\/cs\/#website"},"primaryImageOfPage":{"@id":"https:\/\/naturalpoland.com\/cs\/produkty\/produkty-pro-kosmeticky-prumysl\/ucinne-latky\/cica-pdrn\/#primaryimage"},"image":{"@id":"https:\/\/naturalpoland.com\/cs\/produkty\/produkty-pro-kosmeticky-prumysl\/ucinne-latky\/cica-pdrn\/#primaryimage"},"thumbnailUrl":"https:\/\/naturalpoland.com\/wp-content\/uploads\/cica-pdrn.webp","datePublished":"2025-12-09T10:38:11+00:00","dateModified":"2025-12-09T11:25:46+00:00","description":"CICA PDRN \u2013 korejsk\u00e1 regenera\u010dn\u00ed surovina kombinuj\u00edc\u00ed Centella asiatica a PDRN. Podporuje hojen\u00ed, zlep\u0161uje pru\u017enost a redukuje z\u00e1n\u011bty k\u016f\u017ee.","breadcrumb":{"@id":"https:\/\/naturalpoland.com\/cs\/produkty\/produkty-pro-kosmeticky-prumysl\/ucinne-latky\/cica-pdrn\/#breadcrumb"},"inLanguage":"cs","potentialAction":[{"@type":"ReadAction","target":["https:\/\/naturalpoland.com\/cs\/produkty\/produkty-pro-kosmeticky-prumysl\/ucinne-latky\/cica-pdrn\/"]}]},{"@type":"ImageObject","inLanguage":"cs","@id":"https:\/\/naturalpoland.com\/cs\/produkty\/produkty-pro-kosmeticky-prumysl\/ucinne-latky\/cica-pdrn\/#primaryimage","url":"https:\/\/naturalpoland.com\/wp-content\/uploads\/cica-pdrn.webp","contentUrl":"https:\/\/naturalpoland.com\/wp-content\/uploads\/cica-pdrn.webp","width":1024,"height":1024,"caption":"CICA PDRN"},{"@type":"BreadcrumbList","@id":"https:\/\/naturalpoland.com\/cs\/produkty\/produkty-pro-kosmeticky-prumysl\/ucinne-latky\/cica-pdrn\/#breadcrumb","itemListElement":[{"@type":"ListItem","position":1,"name":"Dom\u016f","item":"https:\/\/naturalpoland.com\/cs\/"},{"@type":"ListItem","position":2,"name":"Produkty","item":"https:\/\/naturalpoland.com\/cs\/produkty\/"},{"@type":"ListItem","position":3,"name":"CICA PDRN"}]},{"@type":"WebSite","@id":"https:\/\/naturalpoland.com\/cs\/#website","url":"https:\/\/naturalpoland.com\/cs\/","name":"NATURAL POLAND - Velkoobchodn\u00ed distributor surovin","description":"Surowce dla przemys\u0142u spo\u017cywczego, kosmetycznego i farmaceutycznego","publisher":{"@id":"https:\/\/naturalpoland.com\/cs\/#organization"},"potentialAction":[{"@type":"SearchAction","target":{"@type":"EntryPoint","urlTemplate":"https:\/\/naturalpoland.com\/cs\/?s={search_term_string}"},"query-input":{"@type":"PropertyValueSpecification","valueRequired":true,"valueName":"search_term_string"}}],"inLanguage":"cs"},{"@type":"Organization","@id":"https:\/\/naturalpoland.com\/cs\/#organization","name":"Natural Poland","url":"https:\/\/naturalpoland.com\/cs\/","logo":{"@type":"ImageObject","inLanguage":"cs","@id":"https:\/\/naturalpoland.com\/cs\/#\/schema\/logo\/image\/","url":"https:\/\/naturalpoland.com\/wp-content\/uploads\/2021\/05\/natural-poland-icon.png","contentUrl":"https:\/\/naturalpoland.com\/wp-content\/uploads\/2021\/05\/natural-poland-icon.png","width":512,"height":512,"caption":"Natural Poland"},"image":{"@id":"https:\/\/naturalpoland.com\/cs\/#\/schema\/logo\/image\/"},"sameAs":["https:\/\/www.facebook.com\/naturalpoland.b2b","https:\/\/pl.linkedin.com\/company\/natural-poland","https:\/\/www.youtube.com\/channel\/UCgeGGkvOMahZo-xu_MSEWxg"]}]}},"_links":{"self":[{"href":"https:\/\/naturalpoland.com\/cs\/wp-json\/wp\/v2\/product\/43973","targetHints":{"allow":["GET"]}}],"collection":[{"href":"https:\/\/naturalpoland.com\/cs\/wp-json\/wp\/v2\/product"}],"about":[{"href":"https:\/\/naturalpoland.com\/cs\/wp-json\/wp\/v2\/types\/product"}],"wp:featuredmedia":[{"embeddable":true,"href":"https:\/\/naturalpoland.com\/cs\/wp-json\/wp\/v2\/media\/43974"}],"wp:attachment":[{"href":"https:\/\/naturalpoland.com\/cs\/wp-json\/wp\/v2\/media?parent=43973"}],"wp:term":[{"taxonomy":"product_brand","embeddable":true,"href":"https:\/\/naturalpoland.com\/cs\/wp-json\/wp\/v2\/product_brand?post=43973"},{"taxonomy":"product_cat","embeddable":true,"href":"https:\/\/naturalpoland.com\/cs\/wp-json\/wp\/v2\/product_cat?post=43973"},{"taxonomy":"product_tag","embeddable":true,"href":"https:\/\/naturalpoland.com\/cs\/wp-json\/wp\/v2\/product_tag?post=43973"}],"curies":[{"name":"wp","href":"https:\/\/api.w.org\/{rel}","templated":true}]}}