{"id":44005,"date":"2025-12-09T12:05:02","date_gmt":"2025-12-09T11:05:02","guid":{"rendered":"https:\/\/naturalpoland.com\/produkty\/nezarazene\/komplex-fytoretinolu\/"},"modified":"2025-12-09T14:18:46","modified_gmt":"2025-12-09T13:18:46","slug":"komplex-fytoretinolu","status":"publish","type":"product","link":"https:\/\/naturalpoland.com\/cs\/produkty\/produkty-pro-kosmeticky-prumysl\/ucinne-latky\/komplex-fytoretinolu\/","title":{"rendered":"Komplex fytoretinolu"},"content":{"rendered":"<p>Formule komplexu fytoretinolu je zalo\u017eena na <strong>extraktu z rostliny Crithmum maritimum<\/strong> (tzv. rostlinn\u00fd retinol, &#8222;Zelen\u00fd Retinol&#8220;), <strong>extraktu z \u010do\u010dky <em>Lens esculenta<\/em><\/strong> a <strong>extraktu z ko\u0159ene mrkve <em>Daucus carota sativa<\/em><\/strong>. Tyto slo\u017eky tvo\u0159\u00ed synergick\u00fd komplex podporuj\u00edc\u00ed elasticitu poko\u017eky, zvy\u0161uj\u00edc\u00ed \u00farove\u0148 hydratace a zlep\u0161uj\u00edc\u00ed viditelnost vr\u00e1sek bez rizika podr\u00e1\u017ed\u011bn\u00ed typick\u00e9ho pro retinoidy. <\/p>\n<p>D\u00edky kombinaci v\u00fd\u017eivn\u00fdch fytoslou\u010denin, miner\u00e1l\u016f a p\u0159\u00edrodn\u00edch antioxidant\u016f vykazuje surovina vysokou \u00fa\u010dinnost v p\u00e9\u010di o zralou, unavenou, dehydrovanou a povadlou poko\u017eku. Jej\u00ed jemn\u00fd profil ji \u010din\u00ed vhodnou i pro formulace ur\u010den\u00e9 pro citlivou poko\u017eku. <\/p>\n<h2>Vlastnosti komplexu fytoretinolu<\/h2>\n<p><strong>1. Vyhlazen\u00ed vr\u00e1sek a zlep\u0161en\u00ed elasticity<\/strong><\/p>\n<p>Komplex \u00fa\u010dinn\u011b zvy\u0161uje elasticitu poko\u017eky a viditeln\u011b zlep\u0161uje jej\u00ed strukturu, podporuje procesy obnovy epidermis a p\u016fsob\u00ed proti vr\u00e1sk\u00e1m. Extrakt z Crithmum maritimum, bohat\u00fd na fenolick\u00e9 slou\u010deniny a vitam\u00edny, je uzn\u00e1v\u00e1n jako <strong>p\u0159\u00edrodn\u00ed alternativa retinolu<\/strong> \u2013 podporuje bun\u011b\u010dnou obnovu a zlep\u0161uje pevnost, p\u0159itom nevyvol\u00e1v\u00e1 efekt olupov\u00e1n\u00ed. <\/p>\n<p><strong>2. Antioxida\u010dn\u00ed a antiglika\u010dn\u00ed p\u016fsoben\u00ed<\/strong><\/p>\n<p>Komplex p\u0159isp\u00edv\u00e1 k ochran\u011b kolagenov\u00fdch vl\u00e1ken a zpomalen\u00ed proces\u016f st\u00e1rnut\u00ed poko\u017eky. Antioxidanty p\u0159\u00edtomn\u00e9 v extraktu z mrkve (karotenoidy) a \u010do\u010dky sni\u017euj\u00ed oxidativn\u00ed stres a podporuj\u00ed ochrannou bari\u00e9ru poko\u017eky. <\/p>\n<p><strong>3. Hydratace a zlep\u0161en\u00ed hladkosti poko\u017eky<\/strong><\/p>\n<p>Surovina zaji\u0161\u0165uje hydrata\u010dn\u00ed p\u016fsoben\u00ed d\u00edky p\u0159\u00edtomnosti extraktu z Lens esculenta, kter\u00fd zabra\u0148uje transepiderm\u00e1ln\u00ed ztr\u00e1t\u011b vody (TEWL) a podporuje hydrolipidovou rovnov\u00e1hu. V\u00fdsledkem je m\u011bk\u010d\u00ed, hlad\u0161\u00ed a revitalizovan\u00e1 poko\u017eka. <\/p>\n<p><strong>4. Pos\u00edlen\u00ed ochrann\u00e9 bari\u00e9ry<\/strong><\/p>\n<p>Lipidy, vitam\u00edny a mikroelementy obsa\u017een\u00e9 v surovin\u011b posiluj\u00ed ochrannou funkci epidermis a podporuj\u00ed regenera\u010dn\u00ed procesy. Pravideln\u00e9 pou\u017e\u00edv\u00e1n\u00ed produkt\u016f s komplexem fytoretinolu m\u016f\u017ee zlep\u0161ovat odolnost poko\u017eky v\u016f\u010di p\u016fsoben\u00ed vn\u011bj\u0161\u00edch faktor\u016f. <\/p>\n<h2>Pou\u017eit\u00ed v kosmetice<\/h2>\n<p>Komplex fytoretinolu je v\u0161estrannou aktivn\u00ed slo\u017ekou doporu\u010denou do formulac\u00ed:<\/p>\n<ul>\n<li>kr\u00e9m\u016f proti vr\u00e1sk\u00e1m a zpev\u0148uj\u00edc\u00edch,<\/li>\n<li>anti-aging s\u00e9r,<\/li>\n<li>no\u010dn\u00edch kr\u00e9m\u016f podporuj\u00edc\u00edch bun\u011b\u010dnou obnovu,<\/li>\n<li>kosmetiky pro citlivou poko\u017eku pot\u0159ebuj\u00edc\u00ed jemnou alternativu retinolu,<\/li>\n<li>produkt\u016f rozjas\u0148uj\u00edc\u00edch a zlep\u0161uj\u00edc\u00edch kolorit,<\/li>\n<li>v\u00fd\u017eivn\u00e9 a regenera\u010dn\u00ed kosmetiky,<\/li>\n<li>p\u00e9\u010de o suchou, dehydrovanou a drsnou poko\u017eku.<\/li>\n<\/ul>\n<p>Vzhledem k jemn\u00e9mu charakteru rostlinn\u00fdch slo\u017eek se surovina osv\u011bd\u010d\u00ed jak v produktech ka\u017edodenn\u00ed p\u00e9\u010de, tak v koncentrovan\u011bj\u0161\u00edch pr\u00e9miov\u00fdch formul\u00edch.<\/p>\n","protected":false},"excerpt":{"rendered":"<p><strong>Komplex fytoretinolu<\/strong> je pokro\u010dil\u00e1 kosmetick\u00e1 surovina kombinuj\u00edc\u00ed rostlinn\u00e9 extrakty s dokumentovan\u00fdm anti-aging a vyhlazuj\u00edc\u00edm p\u016fsoben\u00edm.<\/p>\n","protected":false},"featured_media":44009,"template":"","meta":{"_acf_changed":false},"product_brand":[],"product_cat":[10346,1505],"product_tag":[],"class_list":{"0":"post-44005","1":"product","2":"type-product","3":"status-publish","4":"has-post-thumbnail","6":"product_cat-korejske-suroviny","7":"product_cat-ucinne-latky","9":"first","10":"instock","11":"shipping-taxable","12":"product-type-simple"},"acf":[],"yoast_head":"<!-- This site is optimized with the Yoast SEO plugin v27.4 - https:\/\/yoast.com\/product\/yoast-seo-wordpress\/ -->\n<title>Komplex fytoretinolu - Velkoobchodn\u00ed distributor<\/title>\n<meta name=\"description\" content=\"Komplex fytoretinolu \u2013 rostlinn\u00e1 alternativa retinolu. Vyhlazuje vr\u00e1sky, zlep\u0161uje elasticitu, p\u016fsob\u00ed antioxida\u010dn\u011b a intenzivn\u011b hydratuje poko\u017eku.\" \/>\n<meta name=\"robots\" content=\"index, follow, max-snippet:-1, max-image-preview:large, max-video-preview:-1\" \/>\n<link rel=\"canonical\" href=\"https:\/\/naturalpoland.com\/cs\/produkty\/produkty-pro-kosmeticky-prumysl\/ucinne-latky\/komplex-fytoretinolu\/\" \/>\n<meta property=\"og:locale\" content=\"cs_CZ\" \/>\n<meta property=\"og:type\" content=\"article\" \/>\n<meta property=\"og:title\" content=\"Komplex fytoretinolu - Velkoobchodn\u00ed distributor\" \/>\n<meta property=\"og:description\" content=\"Komplex fytoretinolu \u2013 rostlinn\u00e1 alternativa retinolu. Vyhlazuje vr\u00e1sky, zlep\u0161uje elasticitu, p\u016fsob\u00ed antioxida\u010dn\u011b a intenzivn\u011b hydratuje poko\u017eku.\" \/>\n<meta property=\"og:url\" content=\"https:\/\/naturalpoland.com\/cs\/produkty\/produkty-pro-kosmeticky-prumysl\/ucinne-latky\/komplex-fytoretinolu\/\" \/>\n<meta property=\"og:site_name\" content=\"NATURAL POLAND - Velkoobchodn\u00ed distributor surovin\" \/>\n<meta property=\"article:publisher\" content=\"https:\/\/www.facebook.com\/naturalpoland.b2b\" \/>\n<meta property=\"article:modified_time\" content=\"2025-12-09T13:18:46+00:00\" \/>\n<meta property=\"og:image\" content=\"https:\/\/naturalpoland.com\/wp-content\/uploads\/kompleks-fitoretinolu.webp\" \/>\n\t<meta property=\"og:image:width\" content=\"1024\" \/>\n\t<meta property=\"og:image:height\" content=\"1024\" \/>\n\t<meta property=\"og:image:type\" content=\"image\/webp\" \/>\n<script type=\"application\/ld+json\" class=\"yoast-schema-graph\">{\"@context\":\"https:\\\/\\\/schema.org\",\"@graph\":[{\"@type\":\"WebPage\",\"@id\":\"https:\\\/\\\/naturalpoland.com\\\/cs\\\/produkty\\\/produkty-pro-kosmeticky-prumysl\\\/ucinne-latky\\\/komplex-fytoretinolu\\\/\",\"url\":\"https:\\\/\\\/naturalpoland.com\\\/cs\\\/produkty\\\/produkty-pro-kosmeticky-prumysl\\\/ucinne-latky\\\/komplex-fytoretinolu\\\/\",\"name\":\"Komplex fytoretinolu - Velkoobchodn\u00ed distributor\",\"isPartOf\":{\"@id\":\"https:\\\/\\\/naturalpoland.com\\\/cs\\\/#website\"},\"primaryImageOfPage\":{\"@id\":\"https:\\\/\\\/naturalpoland.com\\\/cs\\\/produkty\\\/produkty-pro-kosmeticky-prumysl\\\/ucinne-latky\\\/komplex-fytoretinolu\\\/#primaryimage\"},\"image\":{\"@id\":\"https:\\\/\\\/naturalpoland.com\\\/cs\\\/produkty\\\/produkty-pro-kosmeticky-prumysl\\\/ucinne-latky\\\/komplex-fytoretinolu\\\/#primaryimage\"},\"thumbnailUrl\":\"https:\\\/\\\/naturalpoland.com\\\/wp-content\\\/uploads\\\/kompleks-fitoretinolu.webp\",\"datePublished\":\"2025-12-09T11:05:02+00:00\",\"dateModified\":\"2025-12-09T13:18:46+00:00\",\"description\":\"Komplex fytoretinolu \u2013 rostlinn\u00e1 alternativa retinolu. Vyhlazuje vr\u00e1sky, zlep\u0161uje elasticitu, p\u016fsob\u00ed antioxida\u010dn\u011b a intenzivn\u011b hydratuje poko\u017eku.\",\"breadcrumb\":{\"@id\":\"https:\\\/\\\/naturalpoland.com\\\/cs\\\/produkty\\\/produkty-pro-kosmeticky-prumysl\\\/ucinne-latky\\\/komplex-fytoretinolu\\\/#breadcrumb\"},\"inLanguage\":\"cs\",\"potentialAction\":[{\"@type\":\"ReadAction\",\"target\":[\"https:\\\/\\\/naturalpoland.com\\\/cs\\\/produkty\\\/produkty-pro-kosmeticky-prumysl\\\/ucinne-latky\\\/komplex-fytoretinolu\\\/\"]}]},{\"@type\":\"ImageObject\",\"inLanguage\":\"cs\",\"@id\":\"https:\\\/\\\/naturalpoland.com\\\/cs\\\/produkty\\\/produkty-pro-kosmeticky-prumysl\\\/ucinne-latky\\\/komplex-fytoretinolu\\\/#primaryimage\",\"url\":\"https:\\\/\\\/naturalpoland.com\\\/wp-content\\\/uploads\\\/kompleks-fitoretinolu.webp\",\"contentUrl\":\"https:\\\/\\\/naturalpoland.com\\\/wp-content\\\/uploads\\\/kompleks-fitoretinolu.webp\",\"width\":1024,\"height\":1024,\"caption\":\"Komplex fytoretinolu\"},{\"@type\":\"BreadcrumbList\",\"@id\":\"https:\\\/\\\/naturalpoland.com\\\/cs\\\/produkty\\\/produkty-pro-kosmeticky-prumysl\\\/ucinne-latky\\\/komplex-fytoretinolu\\\/#breadcrumb\",\"itemListElement\":[{\"@type\":\"ListItem\",\"position\":1,\"name\":\"Dom\u016f\",\"item\":\"https:\\\/\\\/naturalpoland.com\\\/cs\\\/\"},{\"@type\":\"ListItem\",\"position\":2,\"name\":\"Produkty\",\"item\":\"https:\\\/\\\/naturalpoland.com\\\/cs\\\/produkty\\\/\"},{\"@type\":\"ListItem\",\"position\":3,\"name\":\"Komplex fytoretinolu\"}]},{\"@type\":\"WebSite\",\"@id\":\"https:\\\/\\\/naturalpoland.com\\\/cs\\\/#website\",\"url\":\"https:\\\/\\\/naturalpoland.com\\\/cs\\\/\",\"name\":\"NATURAL POLAND - Velkoobchodn\u00ed distributor surovin\",\"description\":\"Surowce dla przemys\u0142u spo\u017cywczego, kosmetycznego i farmaceutycznego\",\"publisher\":{\"@id\":\"https:\\\/\\\/naturalpoland.com\\\/cs\\\/#organization\"},\"potentialAction\":[{\"@type\":\"SearchAction\",\"target\":{\"@type\":\"EntryPoint\",\"urlTemplate\":\"https:\\\/\\\/naturalpoland.com\\\/cs\\\/?s={search_term_string}\"},\"query-input\":{\"@type\":\"PropertyValueSpecification\",\"valueRequired\":true,\"valueName\":\"search_term_string\"}}],\"inLanguage\":\"cs\"},{\"@type\":\"Organization\",\"@id\":\"https:\\\/\\\/naturalpoland.com\\\/cs\\\/#organization\",\"name\":\"Natural Poland\",\"url\":\"https:\\\/\\\/naturalpoland.com\\\/cs\\\/\",\"logo\":{\"@type\":\"ImageObject\",\"inLanguage\":\"cs\",\"@id\":\"https:\\\/\\\/naturalpoland.com\\\/cs\\\/#\\\/schema\\\/logo\\\/image\\\/\",\"url\":\"https:\\\/\\\/naturalpoland.com\\\/wp-content\\\/uploads\\\/2021\\\/05\\\/natural-poland-icon.png\",\"contentUrl\":\"https:\\\/\\\/naturalpoland.com\\\/wp-content\\\/uploads\\\/2021\\\/05\\\/natural-poland-icon.png\",\"width\":512,\"height\":512,\"caption\":\"Natural Poland\"},\"image\":{\"@id\":\"https:\\\/\\\/naturalpoland.com\\\/cs\\\/#\\\/schema\\\/logo\\\/image\\\/\"},\"sameAs\":[\"https:\\\/\\\/www.facebook.com\\\/naturalpoland.b2b\",\"https:\\\/\\\/pl.linkedin.com\\\/company\\\/natural-poland\",\"https:\\\/\\\/www.youtube.com\\\/channel\\\/UCgeGGkvOMahZo-xu_MSEWxg\"]}]}<\/script>\n<!-- \/ Yoast SEO plugin. -->","yoast_head_json":{"title":"Komplex fytoretinolu - Velkoobchodn\u00ed distributor","description":"Komplex fytoretinolu \u2013 rostlinn\u00e1 alternativa retinolu. Vyhlazuje vr\u00e1sky, zlep\u0161uje elasticitu, p\u016fsob\u00ed antioxida\u010dn\u011b a intenzivn\u011b hydratuje poko\u017eku.","robots":{"index":"index","follow":"follow","max-snippet":"max-snippet:-1","max-image-preview":"max-image-preview:large","max-video-preview":"max-video-preview:-1"},"canonical":"https:\/\/naturalpoland.com\/cs\/produkty\/produkty-pro-kosmeticky-prumysl\/ucinne-latky\/komplex-fytoretinolu\/","og_locale":"cs_CZ","og_type":"article","og_title":"Komplex fytoretinolu - Velkoobchodn\u00ed distributor","og_description":"Komplex fytoretinolu \u2013 rostlinn\u00e1 alternativa retinolu. Vyhlazuje vr\u00e1sky, zlep\u0161uje elasticitu, p\u016fsob\u00ed antioxida\u010dn\u011b a intenzivn\u011b hydratuje poko\u017eku.","og_url":"https:\/\/naturalpoland.com\/cs\/produkty\/produkty-pro-kosmeticky-prumysl\/ucinne-latky\/komplex-fytoretinolu\/","og_site_name":"NATURAL POLAND - Velkoobchodn\u00ed distributor surovin","article_publisher":"https:\/\/www.facebook.com\/naturalpoland.b2b","article_modified_time":"2025-12-09T13:18:46+00:00","og_image":[{"width":1024,"height":1024,"url":"https:\/\/naturalpoland.com\/wp-content\/uploads\/kompleks-fitoretinolu.webp","type":"image\/webp"}],"schema":{"@context":"https:\/\/schema.org","@graph":[{"@type":"WebPage","@id":"https:\/\/naturalpoland.com\/cs\/produkty\/produkty-pro-kosmeticky-prumysl\/ucinne-latky\/komplex-fytoretinolu\/","url":"https:\/\/naturalpoland.com\/cs\/produkty\/produkty-pro-kosmeticky-prumysl\/ucinne-latky\/komplex-fytoretinolu\/","name":"Komplex fytoretinolu - Velkoobchodn\u00ed distributor","isPartOf":{"@id":"https:\/\/naturalpoland.com\/cs\/#website"},"primaryImageOfPage":{"@id":"https:\/\/naturalpoland.com\/cs\/produkty\/produkty-pro-kosmeticky-prumysl\/ucinne-latky\/komplex-fytoretinolu\/#primaryimage"},"image":{"@id":"https:\/\/naturalpoland.com\/cs\/produkty\/produkty-pro-kosmeticky-prumysl\/ucinne-latky\/komplex-fytoretinolu\/#primaryimage"},"thumbnailUrl":"https:\/\/naturalpoland.com\/wp-content\/uploads\/kompleks-fitoretinolu.webp","datePublished":"2025-12-09T11:05:02+00:00","dateModified":"2025-12-09T13:18:46+00:00","description":"Komplex fytoretinolu \u2013 rostlinn\u00e1 alternativa retinolu. Vyhlazuje vr\u00e1sky, zlep\u0161uje elasticitu, p\u016fsob\u00ed antioxida\u010dn\u011b a intenzivn\u011b hydratuje poko\u017eku.","breadcrumb":{"@id":"https:\/\/naturalpoland.com\/cs\/produkty\/produkty-pro-kosmeticky-prumysl\/ucinne-latky\/komplex-fytoretinolu\/#breadcrumb"},"inLanguage":"cs","potentialAction":[{"@type":"ReadAction","target":["https:\/\/naturalpoland.com\/cs\/produkty\/produkty-pro-kosmeticky-prumysl\/ucinne-latky\/komplex-fytoretinolu\/"]}]},{"@type":"ImageObject","inLanguage":"cs","@id":"https:\/\/naturalpoland.com\/cs\/produkty\/produkty-pro-kosmeticky-prumysl\/ucinne-latky\/komplex-fytoretinolu\/#primaryimage","url":"https:\/\/naturalpoland.com\/wp-content\/uploads\/kompleks-fitoretinolu.webp","contentUrl":"https:\/\/naturalpoland.com\/wp-content\/uploads\/kompleks-fitoretinolu.webp","width":1024,"height":1024,"caption":"Komplex fytoretinolu"},{"@type":"BreadcrumbList","@id":"https:\/\/naturalpoland.com\/cs\/produkty\/produkty-pro-kosmeticky-prumysl\/ucinne-latky\/komplex-fytoretinolu\/#breadcrumb","itemListElement":[{"@type":"ListItem","position":1,"name":"Dom\u016f","item":"https:\/\/naturalpoland.com\/cs\/"},{"@type":"ListItem","position":2,"name":"Produkty","item":"https:\/\/naturalpoland.com\/cs\/produkty\/"},{"@type":"ListItem","position":3,"name":"Komplex fytoretinolu"}]},{"@type":"WebSite","@id":"https:\/\/naturalpoland.com\/cs\/#website","url":"https:\/\/naturalpoland.com\/cs\/","name":"NATURAL POLAND - Velkoobchodn\u00ed distributor surovin","description":"Surowce dla przemys\u0142u spo\u017cywczego, kosmetycznego i farmaceutycznego","publisher":{"@id":"https:\/\/naturalpoland.com\/cs\/#organization"},"potentialAction":[{"@type":"SearchAction","target":{"@type":"EntryPoint","urlTemplate":"https:\/\/naturalpoland.com\/cs\/?s={search_term_string}"},"query-input":{"@type":"PropertyValueSpecification","valueRequired":true,"valueName":"search_term_string"}}],"inLanguage":"cs"},{"@type":"Organization","@id":"https:\/\/naturalpoland.com\/cs\/#organization","name":"Natural Poland","url":"https:\/\/naturalpoland.com\/cs\/","logo":{"@type":"ImageObject","inLanguage":"cs","@id":"https:\/\/naturalpoland.com\/cs\/#\/schema\/logo\/image\/","url":"https:\/\/naturalpoland.com\/wp-content\/uploads\/2021\/05\/natural-poland-icon.png","contentUrl":"https:\/\/naturalpoland.com\/wp-content\/uploads\/2021\/05\/natural-poland-icon.png","width":512,"height":512,"caption":"Natural Poland"},"image":{"@id":"https:\/\/naturalpoland.com\/cs\/#\/schema\/logo\/image\/"},"sameAs":["https:\/\/www.facebook.com\/naturalpoland.b2b","https:\/\/pl.linkedin.com\/company\/natural-poland","https:\/\/www.youtube.com\/channel\/UCgeGGkvOMahZo-xu_MSEWxg"]}]}},"_links":{"self":[{"href":"https:\/\/naturalpoland.com\/cs\/wp-json\/wp\/v2\/product\/44005","targetHints":{"allow":["GET"]}}],"collection":[{"href":"https:\/\/naturalpoland.com\/cs\/wp-json\/wp\/v2\/product"}],"about":[{"href":"https:\/\/naturalpoland.com\/cs\/wp-json\/wp\/v2\/types\/product"}],"wp:featuredmedia":[{"embeddable":true,"href":"https:\/\/naturalpoland.com\/cs\/wp-json\/wp\/v2\/media\/44009"}],"wp:attachment":[{"href":"https:\/\/naturalpoland.com\/cs\/wp-json\/wp\/v2\/media?parent=44005"}],"wp:term":[{"taxonomy":"product_brand","embeddable":true,"href":"https:\/\/naturalpoland.com\/cs\/wp-json\/wp\/v2\/product_brand?post=44005"},{"taxonomy":"product_cat","embeddable":true,"href":"https:\/\/naturalpoland.com\/cs\/wp-json\/wp\/v2\/product_cat?post=44005"},{"taxonomy":"product_tag","embeddable":true,"href":"https:\/\/naturalpoland.com\/cs\/wp-json\/wp\/v2\/product_tag?post=44005"}],"curies":[{"name":"wp","href":"https:\/\/api.w.org\/{rel}","templated":true}]}}