{"id":44095,"date":"2025-12-11T12:33:57","date_gmt":"2025-12-11T11:33:57","guid":{"rendered":"https:\/\/naturalpoland.com\/produkty\/nezarazene\/papain\/"},"modified":"2025-12-18T13:14:56","modified_gmt":"2025-12-18T12:14:56","slug":"papain","status":"publish","type":"product","link":"https:\/\/naturalpoland.com\/cs\/produkty\/produkty-pro-potravinarsky-prumysl\/enzymy-cs\/papain\/","title":{"rendered":"Papain"},"content":{"rendered":"<p>Papain se vyskytuje ve form\u011b b\u00edl\u00e9ho, jemn\u011b krystalick\u00e9ho pr\u00e1\u0161ku s charakteristickou, p\u0159\u00edrodn\u00ed v\u016fn\u00ed a chut\u00ed. Obsah vody v produktu nep\u0159esahuje 7 %. D\u00edky sv\u00e9 form\u011b se surovina snadno rozptyluje ve formulac\u00edch, co\u017e je d\u016fle\u017eit\u00e9 jak pro kosmetick\u00e9 produkty, tak pro dopl\u0148ky stravy.  <\/p>\n<p>Papain je v kosmetice cen\u011bn <strong>pro sv\u00e9 exfolia\u010dn\u00ed vlastnosti<\/strong> \u2013 p\u016fsob\u00ed jako p\u0159\u00edrodn\u00ed <strong>keratolytick\u00fd enzym<\/strong>, jemn\u011b odstra\u0148uje odum\u0159el\u00e9 bu\u0148ky poko\u017eky, vyhlazuje povrch k\u016f\u017ee a zlep\u0161uje jej\u00ed barevn\u00fd t\u00f3n. Ve formulac\u00edch pro p\u00e9\u010di o ple\u0165 a t\u011blo p\u0159isp\u00edv\u00e1 ke zlep\u0161en\u00ed hydratace, zv\u00fd\u0161en\u00ed m\u011bkkosti a vyhlazen\u00ed. \u00dasp\u011b\u0161n\u011b se pou\u017e\u00edv\u00e1 v enzymatick\u00fdch peeling\u00e1ch, mask\u00e1ch, produktech na akn\u00e9 a tak\u00e9 v p\u0159\u00edpravc\u00edch zm\u011bk\u010duj\u00edc\u00edch k\u016f\u017ei nohou a rukou.  <\/p>\n<p><strong>V potravin\u00e1\u0159sk\u00e9m a nutraceutick\u00e9m pr\u016fmyslu<\/strong> papain funguje jako p\u0159\u00edrodn\u00ed enzym podporuj\u00edc\u00ed tr\u00e1ven\u00ed b\u00edlkovin a je slo\u017ekou tr\u00e1vic\u00edch dopl\u0148k\u016f.<\/p>\n","protected":false},"excerpt":{"rendered":"<p><strong>Papain<\/strong> je p\u0159\u00edrodn\u00ed proteolytick\u00fd enzym z\u00edsk\u00e1van\u00fd z plod\u016f pap\u00e1ji (<em>Carica papaya<\/em>), \u0161iroce pou\u017e\u00edvan\u00fd v kosmetice, potravin\u00e1\u0159sk\u00e9m pr\u016fmyslu a suplementaci d\u00edky sv\u00e9 schopnosti rozkl\u00e1dat b\u00edlkoviny. M\u00e1 velmi vysokou enzymatickou aktivitu na \u00farovni min. 700 000 IU\/g.  <\/p>\n","protected":false},"featured_media":44096,"template":"","meta":{"_acf_changed":false},"product_brand":[],"product_cat":[2701,1505],"product_tag":[],"class_list":{"0":"post-44095","1":"product","2":"type-product","3":"status-publish","4":"has-post-thumbnail","6":"product_cat-enzymy-cs","7":"product_cat-ucinne-latky","9":"first","10":"instock","11":"shipping-taxable","12":"product-type-simple"},"acf":[],"yoast_head":"<!-- This site is optimized with the Yoast SEO plugin v27.5 - https:\/\/yoast.com\/product\/yoast-seo-wordpress\/ -->\n<title>Papain - Velkoobchodn\u00ed distributor<\/title>\n<meta name=\"description\" content=\"Papain je surovina s v\u0161estrann\u00fdm vyu\u017eit\u00edm a velmi vysokou enzymatickou aktivitou, kter\u00e1 se uplat\u0148uje v kosmetick\u00e9m a potravin\u00e1\u0159sk\u00e9m pr\u016fmyslu.\" \/>\n<meta name=\"robots\" content=\"index, follow, max-snippet:-1, max-image-preview:large, max-video-preview:-1\" \/>\n<link rel=\"canonical\" href=\"https:\/\/naturalpoland.com\/cs\/produkty\/produkty-pro-potravinarsky-prumysl\/enzymy-cs\/papain\/\" \/>\n<meta property=\"og:locale\" content=\"cs_CZ\" \/>\n<meta property=\"og:type\" content=\"article\" \/>\n<meta property=\"og:title\" content=\"Papain - Velkoobchodn\u00ed distributor\" \/>\n<meta property=\"og:description\" content=\"Papain je surovina s v\u0161estrann\u00fdm vyu\u017eit\u00edm a velmi vysokou enzymatickou aktivitou, kter\u00e1 se uplat\u0148uje v kosmetick\u00e9m a potravin\u00e1\u0159sk\u00e9m pr\u016fmyslu.\" \/>\n<meta property=\"og:url\" content=\"https:\/\/naturalpoland.com\/cs\/produkty\/produkty-pro-potravinarsky-prumysl\/enzymy-cs\/papain\/\" \/>\n<meta property=\"og:site_name\" content=\"NATURAL POLAND - Velkoobchodn\u00ed distributor surovin\" \/>\n<meta property=\"article:publisher\" content=\"https:\/\/www.facebook.com\/naturalpoland.b2b\" \/>\n<meta property=\"article:modified_time\" content=\"2025-12-18T12:14:56+00:00\" \/>\n<meta property=\"og:image\" content=\"https:\/\/naturalpoland.com\/wp-content\/uploads\/papaina.webp\" \/>\n\t<meta property=\"og:image:width\" content=\"1024\" \/>\n\t<meta property=\"og:image:height\" content=\"1024\" \/>\n\t<meta property=\"og:image:type\" content=\"image\/webp\" \/>\n<script type=\"application\/ld+json\" class=\"yoast-schema-graph\">{\"@context\":\"https:\\\/\\\/schema.org\",\"@graph\":[{\"@type\":\"WebPage\",\"@id\":\"https:\\\/\\\/naturalpoland.com\\\/cs\\\/produkty\\\/produkty-pro-potravinarsky-prumysl\\\/enzymy-cs\\\/papain\\\/\",\"url\":\"https:\\\/\\\/naturalpoland.com\\\/cs\\\/produkty\\\/produkty-pro-potravinarsky-prumysl\\\/enzymy-cs\\\/papain\\\/\",\"name\":\"Papain - Velkoobchodn\u00ed distributor\",\"isPartOf\":{\"@id\":\"https:\\\/\\\/naturalpoland.com\\\/cs\\\/#website\"},\"primaryImageOfPage\":{\"@id\":\"https:\\\/\\\/naturalpoland.com\\\/cs\\\/produkty\\\/produkty-pro-potravinarsky-prumysl\\\/enzymy-cs\\\/papain\\\/#primaryimage\"},\"image\":{\"@id\":\"https:\\\/\\\/naturalpoland.com\\\/cs\\\/produkty\\\/produkty-pro-potravinarsky-prumysl\\\/enzymy-cs\\\/papain\\\/#primaryimage\"},\"thumbnailUrl\":\"https:\\\/\\\/naturalpoland.com\\\/wp-content\\\/uploads\\\/papaina.webp\",\"datePublished\":\"2025-12-11T11:33:57+00:00\",\"dateModified\":\"2025-12-18T12:14:56+00:00\",\"description\":\"Papain je surovina s v\u0161estrann\u00fdm vyu\u017eit\u00edm a velmi vysokou enzymatickou aktivitou, kter\u00e1 se uplat\u0148uje v kosmetick\u00e9m a potravin\u00e1\u0159sk\u00e9m pr\u016fmyslu.\",\"breadcrumb\":{\"@id\":\"https:\\\/\\\/naturalpoland.com\\\/cs\\\/produkty\\\/produkty-pro-potravinarsky-prumysl\\\/enzymy-cs\\\/papain\\\/#breadcrumb\"},\"inLanguage\":\"cs\",\"potentialAction\":[{\"@type\":\"ReadAction\",\"target\":[\"https:\\\/\\\/naturalpoland.com\\\/cs\\\/produkty\\\/produkty-pro-potravinarsky-prumysl\\\/enzymy-cs\\\/papain\\\/\"]}]},{\"@type\":\"ImageObject\",\"inLanguage\":\"cs\",\"@id\":\"https:\\\/\\\/naturalpoland.com\\\/cs\\\/produkty\\\/produkty-pro-potravinarsky-prumysl\\\/enzymy-cs\\\/papain\\\/#primaryimage\",\"url\":\"https:\\\/\\\/naturalpoland.com\\\/wp-content\\\/uploads\\\/papaina.webp\",\"contentUrl\":\"https:\\\/\\\/naturalpoland.com\\\/wp-content\\\/uploads\\\/papaina.webp\",\"width\":1024,\"height\":1024,\"caption\":\"papain\"},{\"@type\":\"BreadcrumbList\",\"@id\":\"https:\\\/\\\/naturalpoland.com\\\/cs\\\/produkty\\\/produkty-pro-potravinarsky-prumysl\\\/enzymy-cs\\\/papain\\\/#breadcrumb\",\"itemListElement\":[{\"@type\":\"ListItem\",\"position\":1,\"name\":\"Dom\u016f\",\"item\":\"https:\\\/\\\/naturalpoland.com\\\/cs\\\/\"},{\"@type\":\"ListItem\",\"position\":2,\"name\":\"Produkty\",\"item\":\"https:\\\/\\\/naturalpoland.com\\\/cs\\\/produkty\\\/\"},{\"@type\":\"ListItem\",\"position\":3,\"name\":\"Papain\"}]},{\"@type\":\"WebSite\",\"@id\":\"https:\\\/\\\/naturalpoland.com\\\/cs\\\/#website\",\"url\":\"https:\\\/\\\/naturalpoland.com\\\/cs\\\/\",\"name\":\"NATURAL POLAND - Velkoobchodn\u00ed distributor surovin\",\"description\":\"Surowce dla przemys\u0142u spo\u017cywczego, kosmetycznego i farmaceutycznego\",\"publisher\":{\"@id\":\"https:\\\/\\\/naturalpoland.com\\\/cs\\\/#organization\"},\"potentialAction\":[{\"@type\":\"SearchAction\",\"target\":{\"@type\":\"EntryPoint\",\"urlTemplate\":\"https:\\\/\\\/naturalpoland.com\\\/cs\\\/?s={search_term_string}\"},\"query-input\":{\"@type\":\"PropertyValueSpecification\",\"valueRequired\":true,\"valueName\":\"search_term_string\"}}],\"inLanguage\":\"cs\"},{\"@type\":\"Organization\",\"@id\":\"https:\\\/\\\/naturalpoland.com\\\/cs\\\/#organization\",\"name\":\"Natural Poland\",\"url\":\"https:\\\/\\\/naturalpoland.com\\\/cs\\\/\",\"logo\":{\"@type\":\"ImageObject\",\"inLanguage\":\"cs\",\"@id\":\"https:\\\/\\\/naturalpoland.com\\\/cs\\\/#\\\/schema\\\/logo\\\/image\\\/\",\"url\":\"https:\\\/\\\/naturalpoland.com\\\/wp-content\\\/uploads\\\/2021\\\/05\\\/natural-poland-icon.png\",\"contentUrl\":\"https:\\\/\\\/naturalpoland.com\\\/wp-content\\\/uploads\\\/2021\\\/05\\\/natural-poland-icon.png\",\"width\":512,\"height\":512,\"caption\":\"Natural Poland\"},\"image\":{\"@id\":\"https:\\\/\\\/naturalpoland.com\\\/cs\\\/#\\\/schema\\\/logo\\\/image\\\/\"},\"sameAs\":[\"https:\\\/\\\/www.facebook.com\\\/naturalpoland.b2b\",\"https:\\\/\\\/pl.linkedin.com\\\/company\\\/natural-poland\",\"https:\\\/\\\/www.youtube.com\\\/channel\\\/UCgeGGkvOMahZo-xu_MSEWxg\"]}]}<\/script>\n<!-- \/ Yoast SEO plugin. -->","yoast_head_json":{"title":"Papain - Velkoobchodn\u00ed distributor","description":"Papain je surovina s v\u0161estrann\u00fdm vyu\u017eit\u00edm a velmi vysokou enzymatickou aktivitou, kter\u00e1 se uplat\u0148uje v kosmetick\u00e9m a potravin\u00e1\u0159sk\u00e9m pr\u016fmyslu.","robots":{"index":"index","follow":"follow","max-snippet":"max-snippet:-1","max-image-preview":"max-image-preview:large","max-video-preview":"max-video-preview:-1"},"canonical":"https:\/\/naturalpoland.com\/cs\/produkty\/produkty-pro-potravinarsky-prumysl\/enzymy-cs\/papain\/","og_locale":"cs_CZ","og_type":"article","og_title":"Papain - Velkoobchodn\u00ed distributor","og_description":"Papain je surovina s v\u0161estrann\u00fdm vyu\u017eit\u00edm a velmi vysokou enzymatickou aktivitou, kter\u00e1 se uplat\u0148uje v kosmetick\u00e9m a potravin\u00e1\u0159sk\u00e9m pr\u016fmyslu.","og_url":"https:\/\/naturalpoland.com\/cs\/produkty\/produkty-pro-potravinarsky-prumysl\/enzymy-cs\/papain\/","og_site_name":"NATURAL POLAND - Velkoobchodn\u00ed distributor surovin","article_publisher":"https:\/\/www.facebook.com\/naturalpoland.b2b","article_modified_time":"2025-12-18T12:14:56+00:00","og_image":[{"width":1024,"height":1024,"url":"https:\/\/naturalpoland.com\/wp-content\/uploads\/papaina.webp","type":"image\/webp"}],"schema":{"@context":"https:\/\/schema.org","@graph":[{"@type":"WebPage","@id":"https:\/\/naturalpoland.com\/cs\/produkty\/produkty-pro-potravinarsky-prumysl\/enzymy-cs\/papain\/","url":"https:\/\/naturalpoland.com\/cs\/produkty\/produkty-pro-potravinarsky-prumysl\/enzymy-cs\/papain\/","name":"Papain - Velkoobchodn\u00ed distributor","isPartOf":{"@id":"https:\/\/naturalpoland.com\/cs\/#website"},"primaryImageOfPage":{"@id":"https:\/\/naturalpoland.com\/cs\/produkty\/produkty-pro-potravinarsky-prumysl\/enzymy-cs\/papain\/#primaryimage"},"image":{"@id":"https:\/\/naturalpoland.com\/cs\/produkty\/produkty-pro-potravinarsky-prumysl\/enzymy-cs\/papain\/#primaryimage"},"thumbnailUrl":"https:\/\/naturalpoland.com\/wp-content\/uploads\/papaina.webp","datePublished":"2025-12-11T11:33:57+00:00","dateModified":"2025-12-18T12:14:56+00:00","description":"Papain je surovina s v\u0161estrann\u00fdm vyu\u017eit\u00edm a velmi vysokou enzymatickou aktivitou, kter\u00e1 se uplat\u0148uje v kosmetick\u00e9m a potravin\u00e1\u0159sk\u00e9m pr\u016fmyslu.","breadcrumb":{"@id":"https:\/\/naturalpoland.com\/cs\/produkty\/produkty-pro-potravinarsky-prumysl\/enzymy-cs\/papain\/#breadcrumb"},"inLanguage":"cs","potentialAction":[{"@type":"ReadAction","target":["https:\/\/naturalpoland.com\/cs\/produkty\/produkty-pro-potravinarsky-prumysl\/enzymy-cs\/papain\/"]}]},{"@type":"ImageObject","inLanguage":"cs","@id":"https:\/\/naturalpoland.com\/cs\/produkty\/produkty-pro-potravinarsky-prumysl\/enzymy-cs\/papain\/#primaryimage","url":"https:\/\/naturalpoland.com\/wp-content\/uploads\/papaina.webp","contentUrl":"https:\/\/naturalpoland.com\/wp-content\/uploads\/papaina.webp","width":1024,"height":1024,"caption":"papain"},{"@type":"BreadcrumbList","@id":"https:\/\/naturalpoland.com\/cs\/produkty\/produkty-pro-potravinarsky-prumysl\/enzymy-cs\/papain\/#breadcrumb","itemListElement":[{"@type":"ListItem","position":1,"name":"Dom\u016f","item":"https:\/\/naturalpoland.com\/cs\/"},{"@type":"ListItem","position":2,"name":"Produkty","item":"https:\/\/naturalpoland.com\/cs\/produkty\/"},{"@type":"ListItem","position":3,"name":"Papain"}]},{"@type":"WebSite","@id":"https:\/\/naturalpoland.com\/cs\/#website","url":"https:\/\/naturalpoland.com\/cs\/","name":"NATURAL POLAND - Velkoobchodn\u00ed distributor surovin","description":"Surowce dla przemys\u0142u spo\u017cywczego, kosmetycznego i farmaceutycznego","publisher":{"@id":"https:\/\/naturalpoland.com\/cs\/#organization"},"potentialAction":[{"@type":"SearchAction","target":{"@type":"EntryPoint","urlTemplate":"https:\/\/naturalpoland.com\/cs\/?s={search_term_string}"},"query-input":{"@type":"PropertyValueSpecification","valueRequired":true,"valueName":"search_term_string"}}],"inLanguage":"cs"},{"@type":"Organization","@id":"https:\/\/naturalpoland.com\/cs\/#organization","name":"Natural Poland","url":"https:\/\/naturalpoland.com\/cs\/","logo":{"@type":"ImageObject","inLanguage":"cs","@id":"https:\/\/naturalpoland.com\/cs\/#\/schema\/logo\/image\/","url":"https:\/\/naturalpoland.com\/wp-content\/uploads\/2021\/05\/natural-poland-icon.png","contentUrl":"https:\/\/naturalpoland.com\/wp-content\/uploads\/2021\/05\/natural-poland-icon.png","width":512,"height":512,"caption":"Natural Poland"},"image":{"@id":"https:\/\/naturalpoland.com\/cs\/#\/schema\/logo\/image\/"},"sameAs":["https:\/\/www.facebook.com\/naturalpoland.b2b","https:\/\/pl.linkedin.com\/company\/natural-poland","https:\/\/www.youtube.com\/channel\/UCgeGGkvOMahZo-xu_MSEWxg"]}]}},"_links":{"self":[{"href":"https:\/\/naturalpoland.com\/cs\/wp-json\/wp\/v2\/product\/44095","targetHints":{"allow":["GET"]}}],"collection":[{"href":"https:\/\/naturalpoland.com\/cs\/wp-json\/wp\/v2\/product"}],"about":[{"href":"https:\/\/naturalpoland.com\/cs\/wp-json\/wp\/v2\/types\/product"}],"wp:featuredmedia":[{"embeddable":true,"href":"https:\/\/naturalpoland.com\/cs\/wp-json\/wp\/v2\/media\/44096"}],"wp:attachment":[{"href":"https:\/\/naturalpoland.com\/cs\/wp-json\/wp\/v2\/media?parent=44095"}],"wp:term":[{"taxonomy":"product_brand","embeddable":true,"href":"https:\/\/naturalpoland.com\/cs\/wp-json\/wp\/v2\/product_brand?post=44095"},{"taxonomy":"product_cat","embeddable":true,"href":"https:\/\/naturalpoland.com\/cs\/wp-json\/wp\/v2\/product_cat?post=44095"},{"taxonomy":"product_tag","embeddable":true,"href":"https:\/\/naturalpoland.com\/cs\/wp-json\/wp\/v2\/product_tag?post=44095"}],"curies":[{"name":"wp","href":"https:\/\/api.w.org\/{rel}","templated":true}]}}