{"id":44143,"date":"2025-12-16T13:28:39","date_gmt":"2025-12-16T12:28:39","guid":{"rendered":"https:\/\/naturalpoland.com\/produkty\/nezarazene\/extrakt-z-oregana\/"},"modified":"2025-12-18T13:27:24","modified_gmt":"2025-12-18T12:27:24","slug":"extrakt-z-oregana","status":"publish","type":"product","link":"https:\/\/naturalpoland.com\/cs\/produkty\/rostlinne-vytazky\/extrakt-z-oregana\/","title":{"rendered":"Extrakt z oregana"},"content":{"rendered":"<h2>Vlastnosti a \u00fa\u010dinky extraktu z oregana<\/h2>\n<p>Extrakt z oregana se vyzna\u010duje p\u0159\u00edtomnost\u00ed <strong>polyfenol\u016f<\/strong>, <strong>flavonoid\u016f<\/strong> a <strong>fenolick\u00fdch slou\u010denin<\/strong>, kter\u00e9 jsou zodpov\u011bdn\u00e9 za jeho <strong>antioxida\u010dn\u00ed a ochrann\u00e9 \u00fa\u010dinky<\/strong>. Tyto slou\u010deniny podporuj\u00ed neutralizaci voln\u00fdch radik\u00e1l\u016f a omezuj\u00ed negativn\u00ed vliv environment\u00e1ln\u00edch faktor\u016f na poko\u017eku. <\/p>\n<p>V kosmetick\u00fdch formulac\u00edch extrakt z oregana vykazuje:<\/p>\n<ul>\n<li>\u010distic\u00ed \u00fa\u010dinky a podporu rovnov\u00e1hy pleti,<\/li>\n<li>regula\u010dn\u00ed vlastnosti, zvl\u00e1\u0161t\u011b d\u016fle\u017eit\u00e9 v produktech pro mastnou a sm\u00ed\u0161enou ple\u0165,<\/li>\n<li>podporu p\u0159i udr\u017eov\u00e1n\u00ed spr\u00e1vn\u00e9ho mikroprost\u0159ed\u00ed poko\u017eky a vlasov\u00e9 poko\u017eky,<\/li>\n<li>podp\u016frn\u00e9 \u00fa\u010dinky v kosmetice ur\u010den\u00e9 pro p\u00e9\u010di o problematickou ple\u0165.<\/li>\n<\/ul>\n<p>D\u00edky p\u0159\u00edtomnosti p\u0159\u00edrodn\u00edch rostlinn\u00fdch slou\u010denin s biologickou aktivitou se extrakt z oregana pou\u017e\u00edv\u00e1 tak\u00e9 jako multifunk\u010dn\u00ed slo\u017eka podporuj\u00edc\u00ed stabilitu a funk\u010dnost receptur.<\/p>\n<h2>Pou\u017eit\u00ed extraktu z oregana<\/h2>\n<p>Extrakt z oregana nach\u00e1z\u00ed \u0161irok\u00e9 vyu\u017eit\u00ed jako kosmetick\u00e1 surovina v produktech jako:<\/p>\n<ul>\n<li>kr\u00e9my a emulze pro p\u00e9\u010di o obli\u010dej a t\u011blo,<\/li>\n<li>tonika, hydrol\u00e1ty a esence s \u010distic\u00edm \u00fa\u010dinkem,<\/li>\n<li>s\u00e9ra a koncentr\u00e1ty na problematickou ple\u0165,<\/li>\n<li>produkty pro p\u00e9\u010di o vlasovou poko\u017eku a vlasy (\u0161ampony, vlasov\u00e1 tonika, masky),<\/li>\n<li>kosmetika pro p\u00e9\u010di o poko\u017eku vystavenou nep\u0159\u00edzniv\u00fdm vn\u011bj\u0161\u00edm vliv\u016fm.<\/li>\n<\/ul>\n<p>Vzhledem k vodn\u00ed povaze extraktu se surovina dob\u0159e integruje s formulacemi zalo\u017een\u00fdmi na vodn\u00ed f\u00e1zi a m\u016f\u017ee b\u00fdt pou\u017eita v produktech s p\u0159\u00edrodn\u00edm a minimalistick\u00fdm slo\u017een\u00edm.<\/p>\n","protected":false},"excerpt":{"rendered":"<p><strong>Extrakt z oregana<\/strong> je p\u0159\u00edrodn\u00ed rostlinn\u00e1 surovina z\u00edsk\u00e1van\u00e1 z list\u016f a kv\u011bt\u016f oregana (<em>Origanum vulgare L.<\/em>), jednoho z nejl\u00e9pe prozkouman\u00fdch druh\u016f aromatick\u00fdch rostlin pou\u017e\u00edvan\u00fdch jak ve fytoterapii, tak v kosmetick\u00e9m pr\u016fmyslu.<\/p>\n","protected":false},"featured_media":44144,"template":"","meta":{"_acf_changed":false},"product_brand":[],"product_cat":[622],"product_tag":[],"class_list":{"0":"post-44143","1":"product","2":"type-product","3":"status-publish","4":"has-post-thumbnail","6":"product_cat-rostlinne-vytazky","7":"pa_czesc-rosliny-kvetiny","8":"pa_czesc-rosliny-listy","10":"first","11":"instock","12":"shipping-taxable","13":"product-type-simple"},"acf":[],"yoast_head":"<!-- This site is optimized with the Yoast SEO plugin v27.5 - https:\/\/yoast.com\/product\/yoast-seo-wordpress\/ -->\n<title>Extrakt z oregana - Velkoobchodn\u00ed distributor<\/title>\n<meta name=\"description\" content=\"Extrakt z oregana je p\u0159\u00edrodn\u00ed kosmetick\u00e1 surovina s antioxida\u010dn\u00edmi a \u010distic\u00edmi \u00fa\u010dinky pro kr\u00e9my, tonika a produkty na problematickou ple\u0165.\" \/>\n<meta name=\"robots\" content=\"index, follow, max-snippet:-1, max-image-preview:large, max-video-preview:-1\" \/>\n<link rel=\"canonical\" href=\"https:\/\/naturalpoland.com\/cs\/produkty\/rostlinne-vytazky\/extrakt-z-oregana\/\" \/>\n<meta property=\"og:locale\" content=\"cs_CZ\" \/>\n<meta property=\"og:type\" content=\"article\" \/>\n<meta property=\"og:title\" content=\"Extrakt z oregana - Velkoobchodn\u00ed distributor\" \/>\n<meta property=\"og:description\" content=\"Extrakt z oregana je p\u0159\u00edrodn\u00ed kosmetick\u00e1 surovina s antioxida\u010dn\u00edmi a \u010distic\u00edmi \u00fa\u010dinky pro kr\u00e9my, tonika a produkty na problematickou ple\u0165.\" \/>\n<meta property=\"og:url\" content=\"https:\/\/naturalpoland.com\/cs\/produkty\/rostlinne-vytazky\/extrakt-z-oregana\/\" \/>\n<meta property=\"og:site_name\" content=\"NATURAL POLAND - Velkoobchodn\u00ed distributor surovin\" \/>\n<meta property=\"article:publisher\" content=\"https:\/\/www.facebook.com\/naturalpoland.b2b\" \/>\n<meta property=\"article:modified_time\" content=\"2025-12-18T12:27:24+00:00\" \/>\n<meta property=\"og:image\" content=\"https:\/\/naturalpoland.com\/wp-content\/uploads\/ekstrakt-z-oregano.webp\" \/>\n\t<meta property=\"og:image:width\" content=\"1024\" \/>\n\t<meta property=\"og:image:height\" content=\"1024\" \/>\n\t<meta property=\"og:image:type\" content=\"image\/webp\" \/>\n<script type=\"application\/ld+json\" class=\"yoast-schema-graph\">{\"@context\":\"https:\\\/\\\/schema.org\",\"@graph\":[{\"@type\":\"WebPage\",\"@id\":\"https:\\\/\\\/naturalpoland.com\\\/cs\\\/produkty\\\/rostlinne-vytazky\\\/extrakt-z-oregana\\\/\",\"url\":\"https:\\\/\\\/naturalpoland.com\\\/cs\\\/produkty\\\/rostlinne-vytazky\\\/extrakt-z-oregana\\\/\",\"name\":\"Extrakt z oregana - Velkoobchodn\u00ed distributor\",\"isPartOf\":{\"@id\":\"https:\\\/\\\/naturalpoland.com\\\/cs\\\/#website\"},\"primaryImageOfPage\":{\"@id\":\"https:\\\/\\\/naturalpoland.com\\\/cs\\\/produkty\\\/rostlinne-vytazky\\\/extrakt-z-oregana\\\/#primaryimage\"},\"image\":{\"@id\":\"https:\\\/\\\/naturalpoland.com\\\/cs\\\/produkty\\\/rostlinne-vytazky\\\/extrakt-z-oregana\\\/#primaryimage\"},\"thumbnailUrl\":\"https:\\\/\\\/naturalpoland.com\\\/wp-content\\\/uploads\\\/ekstrakt-z-oregano.webp\",\"datePublished\":\"2025-12-16T12:28:39+00:00\",\"dateModified\":\"2025-12-18T12:27:24+00:00\",\"description\":\"Extrakt z oregana je p\u0159\u00edrodn\u00ed kosmetick\u00e1 surovina s antioxida\u010dn\u00edmi a \u010distic\u00edmi \u00fa\u010dinky pro kr\u00e9my, tonika a produkty na problematickou ple\u0165.\",\"breadcrumb\":{\"@id\":\"https:\\\/\\\/naturalpoland.com\\\/cs\\\/produkty\\\/rostlinne-vytazky\\\/extrakt-z-oregana\\\/#breadcrumb\"},\"inLanguage\":\"cs\",\"potentialAction\":[{\"@type\":\"ReadAction\",\"target\":[\"https:\\\/\\\/naturalpoland.com\\\/cs\\\/produkty\\\/rostlinne-vytazky\\\/extrakt-z-oregana\\\/\"]}]},{\"@type\":\"ImageObject\",\"inLanguage\":\"cs\",\"@id\":\"https:\\\/\\\/naturalpoland.com\\\/cs\\\/produkty\\\/rostlinne-vytazky\\\/extrakt-z-oregana\\\/#primaryimage\",\"url\":\"https:\\\/\\\/naturalpoland.com\\\/wp-content\\\/uploads\\\/ekstrakt-z-oregano.webp\",\"contentUrl\":\"https:\\\/\\\/naturalpoland.com\\\/wp-content\\\/uploads\\\/ekstrakt-z-oregano.webp\",\"width\":1024,\"height\":1024,\"caption\":\"extrakt z oregana\"},{\"@type\":\"BreadcrumbList\",\"@id\":\"https:\\\/\\\/naturalpoland.com\\\/cs\\\/produkty\\\/rostlinne-vytazky\\\/extrakt-z-oregana\\\/#breadcrumb\",\"itemListElement\":[{\"@type\":\"ListItem\",\"position\":1,\"name\":\"Dom\u016f\",\"item\":\"https:\\\/\\\/naturalpoland.com\\\/cs\\\/\"},{\"@type\":\"ListItem\",\"position\":2,\"name\":\"Produkty\",\"item\":\"https:\\\/\\\/naturalpoland.com\\\/cs\\\/produkty\\\/\"},{\"@type\":\"ListItem\",\"position\":3,\"name\":\"Extrakt z oregana\"}]},{\"@type\":\"WebSite\",\"@id\":\"https:\\\/\\\/naturalpoland.com\\\/cs\\\/#website\",\"url\":\"https:\\\/\\\/naturalpoland.com\\\/cs\\\/\",\"name\":\"NATURAL POLAND - Velkoobchodn\u00ed distributor surovin\",\"description\":\"Surowce dla przemys\u0142u spo\u017cywczego, kosmetycznego i farmaceutycznego\",\"publisher\":{\"@id\":\"https:\\\/\\\/naturalpoland.com\\\/cs\\\/#organization\"},\"potentialAction\":[{\"@type\":\"SearchAction\",\"target\":{\"@type\":\"EntryPoint\",\"urlTemplate\":\"https:\\\/\\\/naturalpoland.com\\\/cs\\\/?s={search_term_string}\"},\"query-input\":{\"@type\":\"PropertyValueSpecification\",\"valueRequired\":true,\"valueName\":\"search_term_string\"}}],\"inLanguage\":\"cs\"},{\"@type\":\"Organization\",\"@id\":\"https:\\\/\\\/naturalpoland.com\\\/cs\\\/#organization\",\"name\":\"Natural Poland\",\"url\":\"https:\\\/\\\/naturalpoland.com\\\/cs\\\/\",\"logo\":{\"@type\":\"ImageObject\",\"inLanguage\":\"cs\",\"@id\":\"https:\\\/\\\/naturalpoland.com\\\/cs\\\/#\\\/schema\\\/logo\\\/image\\\/\",\"url\":\"https:\\\/\\\/naturalpoland.com\\\/wp-content\\\/uploads\\\/2021\\\/05\\\/natural-poland-icon.png\",\"contentUrl\":\"https:\\\/\\\/naturalpoland.com\\\/wp-content\\\/uploads\\\/2021\\\/05\\\/natural-poland-icon.png\",\"width\":512,\"height\":512,\"caption\":\"Natural Poland\"},\"image\":{\"@id\":\"https:\\\/\\\/naturalpoland.com\\\/cs\\\/#\\\/schema\\\/logo\\\/image\\\/\"},\"sameAs\":[\"https:\\\/\\\/www.facebook.com\\\/naturalpoland.b2b\",\"https:\\\/\\\/pl.linkedin.com\\\/company\\\/natural-poland\",\"https:\\\/\\\/www.youtube.com\\\/channel\\\/UCgeGGkvOMahZo-xu_MSEWxg\"]}]}<\/script>\n<!-- \/ Yoast SEO plugin. -->","yoast_head_json":{"title":"Extrakt z oregana - Velkoobchodn\u00ed distributor","description":"Extrakt z oregana je p\u0159\u00edrodn\u00ed kosmetick\u00e1 surovina s antioxida\u010dn\u00edmi a \u010distic\u00edmi \u00fa\u010dinky pro kr\u00e9my, tonika a produkty na problematickou ple\u0165.","robots":{"index":"index","follow":"follow","max-snippet":"max-snippet:-1","max-image-preview":"max-image-preview:large","max-video-preview":"max-video-preview:-1"},"canonical":"https:\/\/naturalpoland.com\/cs\/produkty\/rostlinne-vytazky\/extrakt-z-oregana\/","og_locale":"cs_CZ","og_type":"article","og_title":"Extrakt z oregana - Velkoobchodn\u00ed distributor","og_description":"Extrakt z oregana je p\u0159\u00edrodn\u00ed kosmetick\u00e1 surovina s antioxida\u010dn\u00edmi a \u010distic\u00edmi \u00fa\u010dinky pro kr\u00e9my, tonika a produkty na problematickou ple\u0165.","og_url":"https:\/\/naturalpoland.com\/cs\/produkty\/rostlinne-vytazky\/extrakt-z-oregana\/","og_site_name":"NATURAL POLAND - Velkoobchodn\u00ed distributor surovin","article_publisher":"https:\/\/www.facebook.com\/naturalpoland.b2b","article_modified_time":"2025-12-18T12:27:24+00:00","og_image":[{"width":1024,"height":1024,"url":"https:\/\/naturalpoland.com\/wp-content\/uploads\/ekstrakt-z-oregano.webp","type":"image\/webp"}],"schema":{"@context":"https:\/\/schema.org","@graph":[{"@type":"WebPage","@id":"https:\/\/naturalpoland.com\/cs\/produkty\/rostlinne-vytazky\/extrakt-z-oregana\/","url":"https:\/\/naturalpoland.com\/cs\/produkty\/rostlinne-vytazky\/extrakt-z-oregana\/","name":"Extrakt z oregana - Velkoobchodn\u00ed distributor","isPartOf":{"@id":"https:\/\/naturalpoland.com\/cs\/#website"},"primaryImageOfPage":{"@id":"https:\/\/naturalpoland.com\/cs\/produkty\/rostlinne-vytazky\/extrakt-z-oregana\/#primaryimage"},"image":{"@id":"https:\/\/naturalpoland.com\/cs\/produkty\/rostlinne-vytazky\/extrakt-z-oregana\/#primaryimage"},"thumbnailUrl":"https:\/\/naturalpoland.com\/wp-content\/uploads\/ekstrakt-z-oregano.webp","datePublished":"2025-12-16T12:28:39+00:00","dateModified":"2025-12-18T12:27:24+00:00","description":"Extrakt z oregana je p\u0159\u00edrodn\u00ed kosmetick\u00e1 surovina s antioxida\u010dn\u00edmi a \u010distic\u00edmi \u00fa\u010dinky pro kr\u00e9my, tonika a produkty na problematickou ple\u0165.","breadcrumb":{"@id":"https:\/\/naturalpoland.com\/cs\/produkty\/rostlinne-vytazky\/extrakt-z-oregana\/#breadcrumb"},"inLanguage":"cs","potentialAction":[{"@type":"ReadAction","target":["https:\/\/naturalpoland.com\/cs\/produkty\/rostlinne-vytazky\/extrakt-z-oregana\/"]}]},{"@type":"ImageObject","inLanguage":"cs","@id":"https:\/\/naturalpoland.com\/cs\/produkty\/rostlinne-vytazky\/extrakt-z-oregana\/#primaryimage","url":"https:\/\/naturalpoland.com\/wp-content\/uploads\/ekstrakt-z-oregano.webp","contentUrl":"https:\/\/naturalpoland.com\/wp-content\/uploads\/ekstrakt-z-oregano.webp","width":1024,"height":1024,"caption":"extrakt z oregana"},{"@type":"BreadcrumbList","@id":"https:\/\/naturalpoland.com\/cs\/produkty\/rostlinne-vytazky\/extrakt-z-oregana\/#breadcrumb","itemListElement":[{"@type":"ListItem","position":1,"name":"Dom\u016f","item":"https:\/\/naturalpoland.com\/cs\/"},{"@type":"ListItem","position":2,"name":"Produkty","item":"https:\/\/naturalpoland.com\/cs\/produkty\/"},{"@type":"ListItem","position":3,"name":"Extrakt z oregana"}]},{"@type":"WebSite","@id":"https:\/\/naturalpoland.com\/cs\/#website","url":"https:\/\/naturalpoland.com\/cs\/","name":"NATURAL POLAND - Velkoobchodn\u00ed distributor surovin","description":"Surowce dla przemys\u0142u spo\u017cywczego, kosmetycznego i farmaceutycznego","publisher":{"@id":"https:\/\/naturalpoland.com\/cs\/#organization"},"potentialAction":[{"@type":"SearchAction","target":{"@type":"EntryPoint","urlTemplate":"https:\/\/naturalpoland.com\/cs\/?s={search_term_string}"},"query-input":{"@type":"PropertyValueSpecification","valueRequired":true,"valueName":"search_term_string"}}],"inLanguage":"cs"},{"@type":"Organization","@id":"https:\/\/naturalpoland.com\/cs\/#organization","name":"Natural Poland","url":"https:\/\/naturalpoland.com\/cs\/","logo":{"@type":"ImageObject","inLanguage":"cs","@id":"https:\/\/naturalpoland.com\/cs\/#\/schema\/logo\/image\/","url":"https:\/\/naturalpoland.com\/wp-content\/uploads\/2021\/05\/natural-poland-icon.png","contentUrl":"https:\/\/naturalpoland.com\/wp-content\/uploads\/2021\/05\/natural-poland-icon.png","width":512,"height":512,"caption":"Natural Poland"},"image":{"@id":"https:\/\/naturalpoland.com\/cs\/#\/schema\/logo\/image\/"},"sameAs":["https:\/\/www.facebook.com\/naturalpoland.b2b","https:\/\/pl.linkedin.com\/company\/natural-poland","https:\/\/www.youtube.com\/channel\/UCgeGGkvOMahZo-xu_MSEWxg"]}]}},"_links":{"self":[{"href":"https:\/\/naturalpoland.com\/cs\/wp-json\/wp\/v2\/product\/44143","targetHints":{"allow":["GET"]}}],"collection":[{"href":"https:\/\/naturalpoland.com\/cs\/wp-json\/wp\/v2\/product"}],"about":[{"href":"https:\/\/naturalpoland.com\/cs\/wp-json\/wp\/v2\/types\/product"}],"wp:featuredmedia":[{"embeddable":true,"href":"https:\/\/naturalpoland.com\/cs\/wp-json\/wp\/v2\/media\/44144"}],"wp:attachment":[{"href":"https:\/\/naturalpoland.com\/cs\/wp-json\/wp\/v2\/media?parent=44143"}],"wp:term":[{"taxonomy":"product_brand","embeddable":true,"href":"https:\/\/naturalpoland.com\/cs\/wp-json\/wp\/v2\/product_brand?post=44143"},{"taxonomy":"product_cat","embeddable":true,"href":"https:\/\/naturalpoland.com\/cs\/wp-json\/wp\/v2\/product_cat?post=44143"},{"taxonomy":"product_tag","embeddable":true,"href":"https:\/\/naturalpoland.com\/cs\/wp-json\/wp\/v2\/product_tag?post=44143"}],"curies":[{"name":"wp","href":"https:\/\/api.w.org\/{rel}","templated":true}]}}