{"id":44890,"date":"2025-12-22T16:02:20","date_gmt":"2025-12-22T15:02:20","guid":{"rendered":"https:\/\/naturalpoland.com\/produkty\/nezarazene\/mct-prasek\/"},"modified":"2026-01-13T13:10:35","modified_gmt":"2026-01-13T12:10:35","slug":"mct-prasek","status":"publish","type":"product","link":"https:\/\/naturalpoland.com\/cs\/produkty\/produkty-pro-farmaceuticky-a-zdravotnicky-prumysl\/pridavky-k-doplnkum-stravy\/mct-prasek\/","title":{"rendered":"MCT pr\u00e1\u0161ek"},"content":{"rendered":"<p>MCT pr\u00e1\u0161kov\u00e1 forma nem\u00e1 tendenci ke hrudkovat\u011bn\u00ed ani vlhnut\u00ed a struktura \u010d\u00e1stic z\u016fst\u00e1v\u00e1 b\u011bhem skladov\u00e1n\u00ed homogenn\u00ed.<\/p>\n<h2>\u00da\u010dinky a nutri\u010dn\u00ed kontext<\/h2>\n<p>MCT Powder 70% je zdrojem st\u0159edn\u011b dlouh\u00fdch mastn\u00fdch kyselin (MCT), kter\u00e9 jsou v organismu metabolizov\u00e1ny jinak ne\u017e dlouh\u00e9 mastn\u00e9 kyseliny. Slou\u010deniny C8 a C10 se rychle vst\u0159eb\u00e1vaj\u00ed a jsou transportov\u00e1ny p\u0159\u00edmo do jater, kde jsou vyu\u017e\u00edv\u00e1ny jako <strong>zdroj energie<\/strong>. Proto se surovina pou\u017e\u00edv\u00e1 v produktech ur\u010den\u00fdch pro fyzicky aktivn\u00ed osoby, ve speci\u00e1ln\u00ed v\u00fd\u017eiv\u011b a v diet\u00e1ch s vysok\u00fdm obsahem tuk\u016f. Pr\u00e1\u0161kov\u00e1 forma umo\u017e\u0148uje p\u0159id\u00e1v\u00e1n\u00ed MCT do such\u00fdch sm\u011bs\u00ed a instantn\u00edch produkt\u016f bez nutnosti pou\u017eit\u00ed olej\u016f   <\/p>\n<h2>Pou\u017eit\u00ed<\/h2>\n<p>MCT pr\u00e1\u0161ek se pou\u017e\u00edv\u00e1 jako slo\u017eka:<\/p>\n<ul>\n<li>dopl\u0148k\u016f stravy a funk\u010dn\u00edch sm\u011bs\u00ed,<\/li>\n<li>instantn\u00edch produkt\u016f a pr\u00e1\u0161kov\u00fdch p\u0159\u00edpravk\u016f,<\/li>\n<li>potravin pro zvl\u00e1\u0161tn\u00ed v\u00fd\u017eivu,<\/li>\n<li>technologick\u00fdch formulac\u00ed vy\u017eaduj\u00edc\u00edch lipidy v such\u00e9 form\u011b.<\/li>\n<\/ul>\n","protected":false},"excerpt":{"rendered":"<p><strong>MCT pr\u00e1\u0161ek<\/strong> je funk\u010dn\u00ed surovina ve form\u011b homogenn\u00edho, such\u00e9ho, dob\u0159e sypk\u00e9ho pr\u00e1\u0161ku ur\u010den\u00e9ho pro pr\u016fmyslov\u00e9 pou\u017eit\u00ed. Produkt obsahuje MCT olej, kter\u00fd je sm\u011bs\u00ed st\u0159edn\u011b dlouh\u00fdch mastn\u00fdch kyselin, p\u0159edev\u0161\u00edm kyseliny kaprylov\u00e9 (C8) a kyseliny kaprinov\u00e9 (C10). <\/p>\n","protected":false},"featured_media":44893,"template":"","meta":{"_acf_changed":false},"product_brand":[],"product_cat":[629],"product_tag":[],"class_list":{"0":"post-44890","1":"product","2":"type-product","3":"status-publish","4":"has-post-thumbnail","6":"product_cat-pridavky-k-doplnkum-stravy","8":"first","9":"instock","10":"shipping-taxable","11":"product-type-simple"},"acf":[],"yoast_head":"<!-- This site is optimized with the Yoast SEO plugin v27.4 - https:\/\/yoast.com\/product\/yoast-seo-wordpress\/ -->\n<title>MCT pr\u00e1\u0161ek - Velkoobchodn\u00ed distributor<\/title>\n<meta name=\"description\" content=\"MCT Powder 70% \u2013 pr\u00e1\u0161ek s MCT olejem (C8 a C10). Surovina pro dopl\u0148ky stravy a funk\u010dn\u00ed potraviny. Sypk\u00e1 forma, vysok\u00e1 \u010distota. B2B nab\u00eddka.\" \/>\n<meta name=\"robots\" content=\"index, follow, max-snippet:-1, max-image-preview:large, max-video-preview:-1\" \/>\n<link rel=\"canonical\" href=\"https:\/\/naturalpoland.com\/cs\/produkty\/produkty-pro-farmaceuticky-a-zdravotnicky-prumysl\/pridavky-k-doplnkum-stravy\/mct-prasek\/\" \/>\n<meta property=\"og:locale\" content=\"cs_CZ\" \/>\n<meta property=\"og:type\" content=\"article\" \/>\n<meta property=\"og:title\" content=\"MCT pr\u00e1\u0161ek - Velkoobchodn\u00ed distributor\" \/>\n<meta property=\"og:description\" content=\"MCT Powder 70% \u2013 pr\u00e1\u0161ek s MCT olejem (C8 a C10). Surovina pro dopl\u0148ky stravy a funk\u010dn\u00ed potraviny. Sypk\u00e1 forma, vysok\u00e1 \u010distota. B2B nab\u00eddka.\" \/>\n<meta property=\"og:url\" content=\"https:\/\/naturalpoland.com\/cs\/produkty\/produkty-pro-farmaceuticky-a-zdravotnicky-prumysl\/pridavky-k-doplnkum-stravy\/mct-prasek\/\" \/>\n<meta property=\"og:site_name\" content=\"NATURAL POLAND - Velkoobchodn\u00ed distributor surovin\" \/>\n<meta property=\"article:publisher\" content=\"https:\/\/www.facebook.com\/naturalpoland.b2b\" \/>\n<meta property=\"article:modified_time\" content=\"2026-01-13T12:10:35+00:00\" \/>\n<meta property=\"og:image\" content=\"https:\/\/naturalpoland.com\/wp-content\/uploads\/proszek-mct.webp\" \/>\n\t<meta property=\"og:image:width\" content=\"1024\" \/>\n\t<meta property=\"og:image:height\" content=\"1024\" \/>\n\t<meta property=\"og:image:type\" content=\"image\/webp\" \/>\n<script type=\"application\/ld+json\" class=\"yoast-schema-graph\">{\"@context\":\"https:\\\/\\\/schema.org\",\"@graph\":[{\"@type\":\"WebPage\",\"@id\":\"https:\\\/\\\/naturalpoland.com\\\/cs\\\/produkty\\\/produkty-pro-farmaceuticky-a-zdravotnicky-prumysl\\\/pridavky-k-doplnkum-stravy\\\/mct-prasek\\\/\",\"url\":\"https:\\\/\\\/naturalpoland.com\\\/cs\\\/produkty\\\/produkty-pro-farmaceuticky-a-zdravotnicky-prumysl\\\/pridavky-k-doplnkum-stravy\\\/mct-prasek\\\/\",\"name\":\"MCT pr\u00e1\u0161ek - Velkoobchodn\u00ed distributor\",\"isPartOf\":{\"@id\":\"https:\\\/\\\/naturalpoland.com\\\/cs\\\/#website\"},\"primaryImageOfPage\":{\"@id\":\"https:\\\/\\\/naturalpoland.com\\\/cs\\\/produkty\\\/produkty-pro-farmaceuticky-a-zdravotnicky-prumysl\\\/pridavky-k-doplnkum-stravy\\\/mct-prasek\\\/#primaryimage\"},\"image\":{\"@id\":\"https:\\\/\\\/naturalpoland.com\\\/cs\\\/produkty\\\/produkty-pro-farmaceuticky-a-zdravotnicky-prumysl\\\/pridavky-k-doplnkum-stravy\\\/mct-prasek\\\/#primaryimage\"},\"thumbnailUrl\":\"https:\\\/\\\/naturalpoland.com\\\/wp-content\\\/uploads\\\/proszek-mct.webp\",\"datePublished\":\"2025-12-22T15:02:20+00:00\",\"dateModified\":\"2026-01-13T12:10:35+00:00\",\"description\":\"MCT Powder 70% \u2013 pr\u00e1\u0161ek s MCT olejem (C8 a C10). Surovina pro dopl\u0148ky stravy a funk\u010dn\u00ed potraviny. Sypk\u00e1 forma, vysok\u00e1 \u010distota. B2B nab\u00eddka.\",\"breadcrumb\":{\"@id\":\"https:\\\/\\\/naturalpoland.com\\\/cs\\\/produkty\\\/produkty-pro-farmaceuticky-a-zdravotnicky-prumysl\\\/pridavky-k-doplnkum-stravy\\\/mct-prasek\\\/#breadcrumb\"},\"inLanguage\":\"cs\",\"potentialAction\":[{\"@type\":\"ReadAction\",\"target\":[\"https:\\\/\\\/naturalpoland.com\\\/cs\\\/produkty\\\/produkty-pro-farmaceuticky-a-zdravotnicky-prumysl\\\/pridavky-k-doplnkum-stravy\\\/mct-prasek\\\/\"]}]},{\"@type\":\"ImageObject\",\"inLanguage\":\"cs\",\"@id\":\"https:\\\/\\\/naturalpoland.com\\\/cs\\\/produkty\\\/produkty-pro-farmaceuticky-a-zdravotnicky-prumysl\\\/pridavky-k-doplnkum-stravy\\\/mct-prasek\\\/#primaryimage\",\"url\":\"https:\\\/\\\/naturalpoland.com\\\/wp-content\\\/uploads\\\/proszek-mct.webp\",\"contentUrl\":\"https:\\\/\\\/naturalpoland.com\\\/wp-content\\\/uploads\\\/proszek-mct.webp\",\"width\":1024,\"height\":1024,\"caption\":\"mct pr\u00e1\u0161ek\"},{\"@type\":\"BreadcrumbList\",\"@id\":\"https:\\\/\\\/naturalpoland.com\\\/cs\\\/produkty\\\/produkty-pro-farmaceuticky-a-zdravotnicky-prumysl\\\/pridavky-k-doplnkum-stravy\\\/mct-prasek\\\/#breadcrumb\",\"itemListElement\":[{\"@type\":\"ListItem\",\"position\":1,\"name\":\"Dom\u016f\",\"item\":\"https:\\\/\\\/naturalpoland.com\\\/cs\\\/\"},{\"@type\":\"ListItem\",\"position\":2,\"name\":\"Produkty\",\"item\":\"https:\\\/\\\/naturalpoland.com\\\/cs\\\/produkty\\\/\"},{\"@type\":\"ListItem\",\"position\":3,\"name\":\"MCT pr\u00e1\u0161ek\"}]},{\"@type\":\"WebSite\",\"@id\":\"https:\\\/\\\/naturalpoland.com\\\/cs\\\/#website\",\"url\":\"https:\\\/\\\/naturalpoland.com\\\/cs\\\/\",\"name\":\"NATURAL POLAND - Velkoobchodn\u00ed distributor surovin\",\"description\":\"Surowce dla przemys\u0142u spo\u017cywczego, kosmetycznego i farmaceutycznego\",\"publisher\":{\"@id\":\"https:\\\/\\\/naturalpoland.com\\\/cs\\\/#organization\"},\"potentialAction\":[{\"@type\":\"SearchAction\",\"target\":{\"@type\":\"EntryPoint\",\"urlTemplate\":\"https:\\\/\\\/naturalpoland.com\\\/cs\\\/?s={search_term_string}\"},\"query-input\":{\"@type\":\"PropertyValueSpecification\",\"valueRequired\":true,\"valueName\":\"search_term_string\"}}],\"inLanguage\":\"cs\"},{\"@type\":\"Organization\",\"@id\":\"https:\\\/\\\/naturalpoland.com\\\/cs\\\/#organization\",\"name\":\"Natural Poland\",\"url\":\"https:\\\/\\\/naturalpoland.com\\\/cs\\\/\",\"logo\":{\"@type\":\"ImageObject\",\"inLanguage\":\"cs\",\"@id\":\"https:\\\/\\\/naturalpoland.com\\\/cs\\\/#\\\/schema\\\/logo\\\/image\\\/\",\"url\":\"https:\\\/\\\/naturalpoland.com\\\/wp-content\\\/uploads\\\/2021\\\/05\\\/natural-poland-icon.png\",\"contentUrl\":\"https:\\\/\\\/naturalpoland.com\\\/wp-content\\\/uploads\\\/2021\\\/05\\\/natural-poland-icon.png\",\"width\":512,\"height\":512,\"caption\":\"Natural Poland\"},\"image\":{\"@id\":\"https:\\\/\\\/naturalpoland.com\\\/cs\\\/#\\\/schema\\\/logo\\\/image\\\/\"},\"sameAs\":[\"https:\\\/\\\/www.facebook.com\\\/naturalpoland.b2b\",\"https:\\\/\\\/pl.linkedin.com\\\/company\\\/natural-poland\",\"https:\\\/\\\/www.youtube.com\\\/channel\\\/UCgeGGkvOMahZo-xu_MSEWxg\"]}]}<\/script>\n<!-- \/ Yoast SEO plugin. -->","yoast_head_json":{"title":"MCT pr\u00e1\u0161ek - Velkoobchodn\u00ed distributor","description":"MCT Powder 70% \u2013 pr\u00e1\u0161ek s MCT olejem (C8 a C10). Surovina pro dopl\u0148ky stravy a funk\u010dn\u00ed potraviny. Sypk\u00e1 forma, vysok\u00e1 \u010distota. B2B nab\u00eddka.","robots":{"index":"index","follow":"follow","max-snippet":"max-snippet:-1","max-image-preview":"max-image-preview:large","max-video-preview":"max-video-preview:-1"},"canonical":"https:\/\/naturalpoland.com\/cs\/produkty\/produkty-pro-farmaceuticky-a-zdravotnicky-prumysl\/pridavky-k-doplnkum-stravy\/mct-prasek\/","og_locale":"cs_CZ","og_type":"article","og_title":"MCT pr\u00e1\u0161ek - Velkoobchodn\u00ed distributor","og_description":"MCT Powder 70% \u2013 pr\u00e1\u0161ek s MCT olejem (C8 a C10). Surovina pro dopl\u0148ky stravy a funk\u010dn\u00ed potraviny. Sypk\u00e1 forma, vysok\u00e1 \u010distota. B2B nab\u00eddka.","og_url":"https:\/\/naturalpoland.com\/cs\/produkty\/produkty-pro-farmaceuticky-a-zdravotnicky-prumysl\/pridavky-k-doplnkum-stravy\/mct-prasek\/","og_site_name":"NATURAL POLAND - Velkoobchodn\u00ed distributor surovin","article_publisher":"https:\/\/www.facebook.com\/naturalpoland.b2b","article_modified_time":"2026-01-13T12:10:35+00:00","og_image":[{"width":1024,"height":1024,"url":"https:\/\/naturalpoland.com\/wp-content\/uploads\/proszek-mct.webp","type":"image\/webp"}],"schema":{"@context":"https:\/\/schema.org","@graph":[{"@type":"WebPage","@id":"https:\/\/naturalpoland.com\/cs\/produkty\/produkty-pro-farmaceuticky-a-zdravotnicky-prumysl\/pridavky-k-doplnkum-stravy\/mct-prasek\/","url":"https:\/\/naturalpoland.com\/cs\/produkty\/produkty-pro-farmaceuticky-a-zdravotnicky-prumysl\/pridavky-k-doplnkum-stravy\/mct-prasek\/","name":"MCT pr\u00e1\u0161ek - Velkoobchodn\u00ed distributor","isPartOf":{"@id":"https:\/\/naturalpoland.com\/cs\/#website"},"primaryImageOfPage":{"@id":"https:\/\/naturalpoland.com\/cs\/produkty\/produkty-pro-farmaceuticky-a-zdravotnicky-prumysl\/pridavky-k-doplnkum-stravy\/mct-prasek\/#primaryimage"},"image":{"@id":"https:\/\/naturalpoland.com\/cs\/produkty\/produkty-pro-farmaceuticky-a-zdravotnicky-prumysl\/pridavky-k-doplnkum-stravy\/mct-prasek\/#primaryimage"},"thumbnailUrl":"https:\/\/naturalpoland.com\/wp-content\/uploads\/proszek-mct.webp","datePublished":"2025-12-22T15:02:20+00:00","dateModified":"2026-01-13T12:10:35+00:00","description":"MCT Powder 70% \u2013 pr\u00e1\u0161ek s MCT olejem (C8 a C10). Surovina pro dopl\u0148ky stravy a funk\u010dn\u00ed potraviny. Sypk\u00e1 forma, vysok\u00e1 \u010distota. B2B nab\u00eddka.","breadcrumb":{"@id":"https:\/\/naturalpoland.com\/cs\/produkty\/produkty-pro-farmaceuticky-a-zdravotnicky-prumysl\/pridavky-k-doplnkum-stravy\/mct-prasek\/#breadcrumb"},"inLanguage":"cs","potentialAction":[{"@type":"ReadAction","target":["https:\/\/naturalpoland.com\/cs\/produkty\/produkty-pro-farmaceuticky-a-zdravotnicky-prumysl\/pridavky-k-doplnkum-stravy\/mct-prasek\/"]}]},{"@type":"ImageObject","inLanguage":"cs","@id":"https:\/\/naturalpoland.com\/cs\/produkty\/produkty-pro-farmaceuticky-a-zdravotnicky-prumysl\/pridavky-k-doplnkum-stravy\/mct-prasek\/#primaryimage","url":"https:\/\/naturalpoland.com\/wp-content\/uploads\/proszek-mct.webp","contentUrl":"https:\/\/naturalpoland.com\/wp-content\/uploads\/proszek-mct.webp","width":1024,"height":1024,"caption":"mct pr\u00e1\u0161ek"},{"@type":"BreadcrumbList","@id":"https:\/\/naturalpoland.com\/cs\/produkty\/produkty-pro-farmaceuticky-a-zdravotnicky-prumysl\/pridavky-k-doplnkum-stravy\/mct-prasek\/#breadcrumb","itemListElement":[{"@type":"ListItem","position":1,"name":"Dom\u016f","item":"https:\/\/naturalpoland.com\/cs\/"},{"@type":"ListItem","position":2,"name":"Produkty","item":"https:\/\/naturalpoland.com\/cs\/produkty\/"},{"@type":"ListItem","position":3,"name":"MCT pr\u00e1\u0161ek"}]},{"@type":"WebSite","@id":"https:\/\/naturalpoland.com\/cs\/#website","url":"https:\/\/naturalpoland.com\/cs\/","name":"NATURAL POLAND - Velkoobchodn\u00ed distributor surovin","description":"Surowce dla przemys\u0142u spo\u017cywczego, kosmetycznego i farmaceutycznego","publisher":{"@id":"https:\/\/naturalpoland.com\/cs\/#organization"},"potentialAction":[{"@type":"SearchAction","target":{"@type":"EntryPoint","urlTemplate":"https:\/\/naturalpoland.com\/cs\/?s={search_term_string}"},"query-input":{"@type":"PropertyValueSpecification","valueRequired":true,"valueName":"search_term_string"}}],"inLanguage":"cs"},{"@type":"Organization","@id":"https:\/\/naturalpoland.com\/cs\/#organization","name":"Natural Poland","url":"https:\/\/naturalpoland.com\/cs\/","logo":{"@type":"ImageObject","inLanguage":"cs","@id":"https:\/\/naturalpoland.com\/cs\/#\/schema\/logo\/image\/","url":"https:\/\/naturalpoland.com\/wp-content\/uploads\/2021\/05\/natural-poland-icon.png","contentUrl":"https:\/\/naturalpoland.com\/wp-content\/uploads\/2021\/05\/natural-poland-icon.png","width":512,"height":512,"caption":"Natural Poland"},"image":{"@id":"https:\/\/naturalpoland.com\/cs\/#\/schema\/logo\/image\/"},"sameAs":["https:\/\/www.facebook.com\/naturalpoland.b2b","https:\/\/pl.linkedin.com\/company\/natural-poland","https:\/\/www.youtube.com\/channel\/UCgeGGkvOMahZo-xu_MSEWxg"]}]}},"_links":{"self":[{"href":"https:\/\/naturalpoland.com\/cs\/wp-json\/wp\/v2\/product\/44890","targetHints":{"allow":["GET"]}}],"collection":[{"href":"https:\/\/naturalpoland.com\/cs\/wp-json\/wp\/v2\/product"}],"about":[{"href":"https:\/\/naturalpoland.com\/cs\/wp-json\/wp\/v2\/types\/product"}],"wp:featuredmedia":[{"embeddable":true,"href":"https:\/\/naturalpoland.com\/cs\/wp-json\/wp\/v2\/media\/44893"}],"wp:attachment":[{"href":"https:\/\/naturalpoland.com\/cs\/wp-json\/wp\/v2\/media?parent=44890"}],"wp:term":[{"taxonomy":"product_brand","embeddable":true,"href":"https:\/\/naturalpoland.com\/cs\/wp-json\/wp\/v2\/product_brand?post=44890"},{"taxonomy":"product_cat","embeddable":true,"href":"https:\/\/naturalpoland.com\/cs\/wp-json\/wp\/v2\/product_cat?post=44890"},{"taxonomy":"product_tag","embeddable":true,"href":"https:\/\/naturalpoland.com\/cs\/wp-json\/wp\/v2\/product_tag?post=44890"}],"curies":[{"name":"wp","href":"https:\/\/api.w.org\/{rel}","templated":true}]}}