{"id":44903,"date":"2025-12-22T16:33:23","date_gmt":"2025-12-22T15:33:23","guid":{"rendered":"https:\/\/naturalpoland.com\/produkty\/nezarazene\/extrakt-z-plodu-sipku\/"},"modified":"2026-01-13T13:11:03","modified_gmt":"2026-01-13T12:11:03","slug":"extrakt-z-plodu-sipku","status":"publish","type":"product","link":"https:\/\/naturalpoland.com\/cs\/produkty\/rostlinne-vytazky\/extrakt-z-plodu-sipku\/","title":{"rendered":"Extrakt z plod\u016f \u0161\u00edpku"},"content":{"rendered":"<h2>Charakteristika extraktu<\/h2>\n<p><strong>Plody \u0161\u00edpku<\/strong> pat\u0159\u00ed mezi nejzn\u00e1m\u011bj\u0161\u00ed rostlinn\u00e9 zdroje vitam\u00ednu C. Extrakty z plod\u016f Rosa canina se pou\u017e\u00edvaj\u00ed ve formulac\u00edch, kde je d\u016fle\u017eit\u00e1 p\u0159\u00edtomnost p\u0159\u00edrodn\u00edch slo\u017eek s antioxida\u010dn\u00edm profilem.<\/p>\n<p>Surovina nach\u00e1z\u00ed uplatn\u011bn\u00ed jak v produktech <strong>pe\u010duj\u00edc\u00edch<\/strong> o ple\u0165, tak ve funk\u010dn\u00edch formulac\u00edch, kde je d\u016fle\u017eit\u00e1 vysok\u00e1 koncentrace aktivn\u00ed slo\u017eky rostlinn\u00e9ho p\u016fvodu.<\/p>\n<h2>Pou\u017eit\u00ed<\/h2>\n<p>Extrakt ze \u0161\u00edpku 75% se pou\u017e\u00edv\u00e1 jako slo\u017eka:<\/p>\n<ul>\n<li>ple\u0165ov\u00e9 a t\u011blov\u00e9 kosmetiky,<\/li>\n<li>p\u0159\u00edpravk\u016f s rozjas\u0148uj\u00edc\u00edm a ochrann\u00fdm profilem,<\/li>\n<li>produkt\u016f proti st\u00e1rnut\u00ed,<\/li>\n<li>dopl\u0148k\u016f stravy a pr\u00e1\u0161kov\u00fdch sm\u011bs\u00ed (podle kone\u010dn\u00e9ho ur\u010den\u00ed),<\/li>\n<li>funk\u010dn\u00edch formulac\u00ed zalo\u017een\u00fdch na p\u0159\u00edrodn\u00edch zdroj\u00edch vitam\u00edn\u016f.<\/li>\n<\/ul>\n","protected":false},"excerpt":{"rendered":"<p><strong>Extrakt z plod\u016f \u0161\u00edpku<\/strong> se z\u00edsk\u00e1v\u00e1 z plod\u016f <em>Rosa canina L.<\/em>, kter\u00e9 jsou podrobeny vodn\u00ed extrakci a n\u00e1sledn\u011b standardizov\u00e1ny na vysok\u00fd obsah vitam\u00ednu C. Produkt je ur\u010den pro pr\u016fmyslov\u00e9 pou\u017eit\u00ed jako slo\u017eka kosmetick\u00fdch formulac\u00ed a funk\u010dn\u00edch produkt\u016f.<\/p>\n","protected":false},"featured_media":44904,"template":"","meta":[],"product_brand":[],"product_cat":[622],"product_tag":[],"class_list":{"0":"post-44903","1":"product","2":"type-product","3":"status-publish","4":"has-post-thumbnail","6":"product_cat-rostlinne-vytazky","7":"pa_czesc-rosliny-ovoce","9":"first","10":"instock","11":"shipping-taxable","12":"product-type-simple"},"yoast_head":"<!-- This site is optimized with the Yoast SEO plugin v27.4 - https:\/\/yoast.com\/product\/yoast-seo-wordpress\/ -->\n<title>Extrakt z plod\u016f \u0161\u00edpku - Velkoobchodn\u00ed distributor<\/title>\n<meta name=\"description\" content=\"Extrakt z plod\u016f \u0161\u00edpku 75% (Rosa Canina Fruit Extract) \u2013 p\u0159\u00edrodn\u00ed zdroj vitam\u00ednu C pro kosmetiku a funk\u010dn\u00ed produkty. Surovina B2B.\" \/>\n<meta name=\"robots\" content=\"index, follow, max-snippet:-1, max-image-preview:large, max-video-preview:-1\" \/>\n<link rel=\"canonical\" href=\"https:\/\/naturalpoland.com\/cs\/produkty\/rostlinne-vytazky\/extrakt-z-plodu-sipku\/\" \/>\n<meta property=\"og:locale\" content=\"cs_CZ\" \/>\n<meta property=\"og:type\" content=\"article\" \/>\n<meta property=\"og:title\" content=\"Extrakt z plod\u016f \u0161\u00edpku - Velkoobchodn\u00ed distributor\" \/>\n<meta property=\"og:description\" content=\"Extrakt z plod\u016f \u0161\u00edpku 75% (Rosa Canina Fruit Extract) \u2013 p\u0159\u00edrodn\u00ed zdroj vitam\u00ednu C pro kosmetiku a funk\u010dn\u00ed produkty. Surovina B2B.\" \/>\n<meta property=\"og:url\" content=\"https:\/\/naturalpoland.com\/cs\/produkty\/rostlinne-vytazky\/extrakt-z-plodu-sipku\/\" \/>\n<meta property=\"og:site_name\" content=\"NATURAL POLAND - Velkoobchodn\u00ed distributor surovin\" \/>\n<meta property=\"article:publisher\" content=\"https:\/\/www.facebook.com\/naturalpoland.b2b\" \/>\n<meta property=\"article:modified_time\" content=\"2026-01-13T12:11:03+00:00\" \/>\n<meta property=\"og:image\" content=\"https:\/\/naturalpoland.com\/wp-content\/uploads\/ekstrakt-z-owocow-dzikiej-rozy.webp\" \/>\n\t<meta property=\"og:image:width\" content=\"1024\" \/>\n\t<meta property=\"og:image:height\" content=\"1024\" \/>\n\t<meta property=\"og:image:type\" content=\"image\/webp\" \/>\n<script type=\"application\/ld+json\" class=\"yoast-schema-graph\">{\"@context\":\"https:\\\/\\\/schema.org\",\"@graph\":[{\"@type\":\"WebPage\",\"@id\":\"https:\\\/\\\/naturalpoland.com\\\/cs\\\/produkty\\\/rostlinne-vytazky\\\/extrakt-z-plodu-sipku\\\/\",\"url\":\"https:\\\/\\\/naturalpoland.com\\\/cs\\\/produkty\\\/rostlinne-vytazky\\\/extrakt-z-plodu-sipku\\\/\",\"name\":\"Extrakt z plod\u016f \u0161\u00edpku - Velkoobchodn\u00ed distributor\",\"isPartOf\":{\"@id\":\"https:\\\/\\\/naturalpoland.com\\\/cs\\\/#website\"},\"primaryImageOfPage\":{\"@id\":\"https:\\\/\\\/naturalpoland.com\\\/cs\\\/produkty\\\/rostlinne-vytazky\\\/extrakt-z-plodu-sipku\\\/#primaryimage\"},\"image\":{\"@id\":\"https:\\\/\\\/naturalpoland.com\\\/cs\\\/produkty\\\/rostlinne-vytazky\\\/extrakt-z-plodu-sipku\\\/#primaryimage\"},\"thumbnailUrl\":\"https:\\\/\\\/naturalpoland.com\\\/wp-content\\\/uploads\\\/ekstrakt-z-owocow-dzikiej-rozy.webp\",\"datePublished\":\"2025-12-22T15:33:23+00:00\",\"dateModified\":\"2026-01-13T12:11:03+00:00\",\"description\":\"Extrakt z plod\u016f \u0161\u00edpku 75% (Rosa Canina Fruit Extract) \u2013 p\u0159\u00edrodn\u00ed zdroj vitam\u00ednu C pro kosmetiku a funk\u010dn\u00ed produkty. Surovina B2B.\",\"breadcrumb\":{\"@id\":\"https:\\\/\\\/naturalpoland.com\\\/cs\\\/produkty\\\/rostlinne-vytazky\\\/extrakt-z-plodu-sipku\\\/#breadcrumb\"},\"inLanguage\":\"cs\",\"potentialAction\":[{\"@type\":\"ReadAction\",\"target\":[\"https:\\\/\\\/naturalpoland.com\\\/cs\\\/produkty\\\/rostlinne-vytazky\\\/extrakt-z-plodu-sipku\\\/\"]}]},{\"@type\":\"ImageObject\",\"inLanguage\":\"cs\",\"@id\":\"https:\\\/\\\/naturalpoland.com\\\/cs\\\/produkty\\\/rostlinne-vytazky\\\/extrakt-z-plodu-sipku\\\/#primaryimage\",\"url\":\"https:\\\/\\\/naturalpoland.com\\\/wp-content\\\/uploads\\\/ekstrakt-z-owocow-dzikiej-rozy.webp\",\"contentUrl\":\"https:\\\/\\\/naturalpoland.com\\\/wp-content\\\/uploads\\\/ekstrakt-z-owocow-dzikiej-rozy.webp\",\"width\":1024,\"height\":1024,\"caption\":\"pr\u00e1\u0161kov\u00fd extrakt z plod\u016f \u0161\u00edpku\"},{\"@type\":\"BreadcrumbList\",\"@id\":\"https:\\\/\\\/naturalpoland.com\\\/cs\\\/produkty\\\/rostlinne-vytazky\\\/extrakt-z-plodu-sipku\\\/#breadcrumb\",\"itemListElement\":[{\"@type\":\"ListItem\",\"position\":1,\"name\":\"Dom\u016f\",\"item\":\"https:\\\/\\\/naturalpoland.com\\\/cs\\\/\"},{\"@type\":\"ListItem\",\"position\":2,\"name\":\"Produkty\",\"item\":\"https:\\\/\\\/naturalpoland.com\\\/cs\\\/produkty\\\/\"},{\"@type\":\"ListItem\",\"position\":3,\"name\":\"Extrakt z plod\u016f \u0161\u00edpku\"}]},{\"@type\":\"WebSite\",\"@id\":\"https:\\\/\\\/naturalpoland.com\\\/cs\\\/#website\",\"url\":\"https:\\\/\\\/naturalpoland.com\\\/cs\\\/\",\"name\":\"NATURAL POLAND - Velkoobchodn\u00ed distributor surovin\",\"description\":\"Surowce dla przemys\u0142u spo\u017cywczego, kosmetycznego i farmaceutycznego\",\"publisher\":{\"@id\":\"https:\\\/\\\/naturalpoland.com\\\/cs\\\/#organization\"},\"potentialAction\":[{\"@type\":\"SearchAction\",\"target\":{\"@type\":\"EntryPoint\",\"urlTemplate\":\"https:\\\/\\\/naturalpoland.com\\\/cs\\\/?s={search_term_string}\"},\"query-input\":{\"@type\":\"PropertyValueSpecification\",\"valueRequired\":true,\"valueName\":\"search_term_string\"}}],\"inLanguage\":\"cs\"},{\"@type\":\"Organization\",\"@id\":\"https:\\\/\\\/naturalpoland.com\\\/cs\\\/#organization\",\"name\":\"Natural Poland\",\"url\":\"https:\\\/\\\/naturalpoland.com\\\/cs\\\/\",\"logo\":{\"@type\":\"ImageObject\",\"inLanguage\":\"cs\",\"@id\":\"https:\\\/\\\/naturalpoland.com\\\/cs\\\/#\\\/schema\\\/logo\\\/image\\\/\",\"url\":\"https:\\\/\\\/naturalpoland.com\\\/wp-content\\\/uploads\\\/2021\\\/05\\\/natural-poland-icon.png\",\"contentUrl\":\"https:\\\/\\\/naturalpoland.com\\\/wp-content\\\/uploads\\\/2021\\\/05\\\/natural-poland-icon.png\",\"width\":512,\"height\":512,\"caption\":\"Natural Poland\"},\"image\":{\"@id\":\"https:\\\/\\\/naturalpoland.com\\\/cs\\\/#\\\/schema\\\/logo\\\/image\\\/\"},\"sameAs\":[\"https:\\\/\\\/www.facebook.com\\\/naturalpoland.b2b\",\"https:\\\/\\\/pl.linkedin.com\\\/company\\\/natural-poland\",\"https:\\\/\\\/www.youtube.com\\\/channel\\\/UCgeGGkvOMahZo-xu_MSEWxg\"]}]}<\/script>\n<!-- \/ Yoast SEO plugin. -->","yoast_head_json":{"title":"Extrakt z plod\u016f \u0161\u00edpku - Velkoobchodn\u00ed distributor","description":"Extrakt z plod\u016f \u0161\u00edpku 75% (Rosa Canina Fruit Extract) \u2013 p\u0159\u00edrodn\u00ed zdroj vitam\u00ednu C pro kosmetiku a funk\u010dn\u00ed produkty. Surovina B2B.","robots":{"index":"index","follow":"follow","max-snippet":"max-snippet:-1","max-image-preview":"max-image-preview:large","max-video-preview":"max-video-preview:-1"},"canonical":"https:\/\/naturalpoland.com\/cs\/produkty\/rostlinne-vytazky\/extrakt-z-plodu-sipku\/","og_locale":"cs_CZ","og_type":"article","og_title":"Extrakt z plod\u016f \u0161\u00edpku - Velkoobchodn\u00ed distributor","og_description":"Extrakt z plod\u016f \u0161\u00edpku 75% (Rosa Canina Fruit Extract) \u2013 p\u0159\u00edrodn\u00ed zdroj vitam\u00ednu C pro kosmetiku a funk\u010dn\u00ed produkty. Surovina B2B.","og_url":"https:\/\/naturalpoland.com\/cs\/produkty\/rostlinne-vytazky\/extrakt-z-plodu-sipku\/","og_site_name":"NATURAL POLAND - Velkoobchodn\u00ed distributor surovin","article_publisher":"https:\/\/www.facebook.com\/naturalpoland.b2b","article_modified_time":"2026-01-13T12:11:03+00:00","og_image":[{"width":1024,"height":1024,"url":"https:\/\/naturalpoland.com\/wp-content\/uploads\/ekstrakt-z-owocow-dzikiej-rozy.webp","type":"image\/webp"}],"schema":{"@context":"https:\/\/schema.org","@graph":[{"@type":"WebPage","@id":"https:\/\/naturalpoland.com\/cs\/produkty\/rostlinne-vytazky\/extrakt-z-plodu-sipku\/","url":"https:\/\/naturalpoland.com\/cs\/produkty\/rostlinne-vytazky\/extrakt-z-plodu-sipku\/","name":"Extrakt z plod\u016f \u0161\u00edpku - Velkoobchodn\u00ed distributor","isPartOf":{"@id":"https:\/\/naturalpoland.com\/cs\/#website"},"primaryImageOfPage":{"@id":"https:\/\/naturalpoland.com\/cs\/produkty\/rostlinne-vytazky\/extrakt-z-plodu-sipku\/#primaryimage"},"image":{"@id":"https:\/\/naturalpoland.com\/cs\/produkty\/rostlinne-vytazky\/extrakt-z-plodu-sipku\/#primaryimage"},"thumbnailUrl":"https:\/\/naturalpoland.com\/wp-content\/uploads\/ekstrakt-z-owocow-dzikiej-rozy.webp","datePublished":"2025-12-22T15:33:23+00:00","dateModified":"2026-01-13T12:11:03+00:00","description":"Extrakt z plod\u016f \u0161\u00edpku 75% (Rosa Canina Fruit Extract) \u2013 p\u0159\u00edrodn\u00ed zdroj vitam\u00ednu C pro kosmetiku a funk\u010dn\u00ed produkty. Surovina B2B.","breadcrumb":{"@id":"https:\/\/naturalpoland.com\/cs\/produkty\/rostlinne-vytazky\/extrakt-z-plodu-sipku\/#breadcrumb"},"inLanguage":"cs","potentialAction":[{"@type":"ReadAction","target":["https:\/\/naturalpoland.com\/cs\/produkty\/rostlinne-vytazky\/extrakt-z-plodu-sipku\/"]}]},{"@type":"ImageObject","inLanguage":"cs","@id":"https:\/\/naturalpoland.com\/cs\/produkty\/rostlinne-vytazky\/extrakt-z-plodu-sipku\/#primaryimage","url":"https:\/\/naturalpoland.com\/wp-content\/uploads\/ekstrakt-z-owocow-dzikiej-rozy.webp","contentUrl":"https:\/\/naturalpoland.com\/wp-content\/uploads\/ekstrakt-z-owocow-dzikiej-rozy.webp","width":1024,"height":1024,"caption":"pr\u00e1\u0161kov\u00fd extrakt z plod\u016f \u0161\u00edpku"},{"@type":"BreadcrumbList","@id":"https:\/\/naturalpoland.com\/cs\/produkty\/rostlinne-vytazky\/extrakt-z-plodu-sipku\/#breadcrumb","itemListElement":[{"@type":"ListItem","position":1,"name":"Dom\u016f","item":"https:\/\/naturalpoland.com\/cs\/"},{"@type":"ListItem","position":2,"name":"Produkty","item":"https:\/\/naturalpoland.com\/cs\/produkty\/"},{"@type":"ListItem","position":3,"name":"Extrakt z plod\u016f \u0161\u00edpku"}]},{"@type":"WebSite","@id":"https:\/\/naturalpoland.com\/cs\/#website","url":"https:\/\/naturalpoland.com\/cs\/","name":"NATURAL POLAND - Velkoobchodn\u00ed distributor surovin","description":"Surowce dla przemys\u0142u spo\u017cywczego, kosmetycznego i farmaceutycznego","publisher":{"@id":"https:\/\/naturalpoland.com\/cs\/#organization"},"potentialAction":[{"@type":"SearchAction","target":{"@type":"EntryPoint","urlTemplate":"https:\/\/naturalpoland.com\/cs\/?s={search_term_string}"},"query-input":{"@type":"PropertyValueSpecification","valueRequired":true,"valueName":"search_term_string"}}],"inLanguage":"cs"},{"@type":"Organization","@id":"https:\/\/naturalpoland.com\/cs\/#organization","name":"Natural Poland","url":"https:\/\/naturalpoland.com\/cs\/","logo":{"@type":"ImageObject","inLanguage":"cs","@id":"https:\/\/naturalpoland.com\/cs\/#\/schema\/logo\/image\/","url":"https:\/\/naturalpoland.com\/wp-content\/uploads\/2021\/05\/natural-poland-icon.png","contentUrl":"https:\/\/naturalpoland.com\/wp-content\/uploads\/2021\/05\/natural-poland-icon.png","width":512,"height":512,"caption":"Natural Poland"},"image":{"@id":"https:\/\/naturalpoland.com\/cs\/#\/schema\/logo\/image\/"},"sameAs":["https:\/\/www.facebook.com\/naturalpoland.b2b","https:\/\/pl.linkedin.com\/company\/natural-poland","https:\/\/www.youtube.com\/channel\/UCgeGGkvOMahZo-xu_MSEWxg"]}]}},"_links":{"self":[{"href":"https:\/\/naturalpoland.com\/cs\/wp-json\/wp\/v2\/product\/44903","targetHints":{"allow":["GET"]}}],"collection":[{"href":"https:\/\/naturalpoland.com\/cs\/wp-json\/wp\/v2\/product"}],"about":[{"href":"https:\/\/naturalpoland.com\/cs\/wp-json\/wp\/v2\/types\/product"}],"wp:featuredmedia":[{"embeddable":true,"href":"https:\/\/naturalpoland.com\/cs\/wp-json\/wp\/v2\/media\/44904"}],"wp:attachment":[{"href":"https:\/\/naturalpoland.com\/cs\/wp-json\/wp\/v2\/media?parent=44903"}],"wp:term":[{"taxonomy":"product_brand","embeddable":true,"href":"https:\/\/naturalpoland.com\/cs\/wp-json\/wp\/v2\/product_brand?post=44903"},{"taxonomy":"product_cat","embeddable":true,"href":"https:\/\/naturalpoland.com\/cs\/wp-json\/wp\/v2\/product_cat?post=44903"},{"taxonomy":"product_tag","embeddable":true,"href":"https:\/\/naturalpoland.com\/cs\/wp-json\/wp\/v2\/product_tag?post=44903"}],"curies":[{"name":"wp","href":"https:\/\/api.w.org\/{rel}","templated":true}]}}