{"id":45032,"date":"2026-01-15T13:07:17","date_gmt":"2026-01-15T12:07:17","guid":{"rendered":"https:\/\/naturalpoland.com\/produkty\/nezarazene\/extrakt-z-amarantovych-seminek\/"},"modified":"2026-01-15T13:20:58","modified_gmt":"2026-01-15T12:20:58","slug":"extrakt-z-amarantovych-seminek","status":"publish","type":"product","link":"https:\/\/naturalpoland.com\/cs\/produkty\/rostlinne-vytazky\/extrakt-z-amarantovych-seminek\/","title":{"rendered":"Extrakt z amarantov\u00fdch sem\u00ednek"},"content":{"rendered":"<h2>Charakteristika extraktu<\/h2>\n<p>Superkritick\u00e1 extrakce (SFE) je proces z\u00edsk\u00e1v\u00e1n\u00ed lipidov\u00e9 frakce zam\u011b\u0159en\u00fd na zachov\u00e1n\u00ed slo\u017eek citliv\u00fdch na teplotu a oxidaci p\u0159i sou\u010dasn\u00e9m omezen\u00ed zbytk\u016f rozpou\u0161t\u011bdel. Surovina m\u00e1 charakteristickou olejovou v\u016fni, je nerozpustn\u00e1 ve vod\u011b a je ur\u010dena pro pou\u017eit\u00ed v p\u0159\u00edpravc\u00edch, kde z\u00e1le\u017e\u00ed na senzorick\u00e9m komfortu, podpo\u0159e ko\u017en\u00ed bari\u00e9ry a antioxida\u010dn\u00ed ochran\u011b. <\/p>\n<p>Nejd\u016fle\u017eit\u011bj\u0161\u00ed vlastnost\u00ed tohoto oleje je <strong>obsah skvalenu<\/strong> (CAS 111-02-4) na \u00farovni 6,03 % (specifikace: &gt;6 %). Skvalen je p\u0159irozen\u00e1, fyziologicky kompatibiln\u00ed lipidov\u00e1 slo\u017eka p\u0159\u00edtomn\u00e1 mimo jin\u00e9 v ko\u017en\u00edm mazu, cen\u011bn\u00e1 v kosmetice pro sv\u016fj vliv na m\u011bkkost, pru\u017enost a pocit hydratace poko\u017eky. V p\u0159\u00edpad\u011b amarantov\u00e9ho oleje se skvalen vyskytuje spolu s frakc\u00ed mastn\u00fdch kyselin a tokoferoly.   <\/p>\n<h2>Vlastnosti a \u00fa\u010dinky extraktu z amarantov\u00fdch sem\u00ednek<\/h2>\n<p>Lipidov\u00fd profil extraktu ukazuje na vysok\u00fd obsah nenasycen\u00fdch mastn\u00fdch kyselin, zejm\u00e9na <strong>kyseliny linolov\u00e9 (48,73 %)<\/strong> a <strong>kyseliny olejov\u00e9 (25,36 %)<\/strong>, spolu s pod\u00edlem nasycen\u00fdch frakc\u00ed, jako je <strong>kyselina palmitov\u00e1 (19,62 %)<\/strong> a <strong>stearov\u00e1 (3,45 %)<\/strong>. Toto slo\u017een\u00ed podporuje vytvo\u0159en\u00ed p\u0159\u00edjemn\u00e9, &#8222;v\u00fd\u017eivn\u00e9&#8220; olejov\u00e9 f\u00e1ze: kyselina linolov\u00e1 je typicky spojov\u00e1na s p\u00e9\u010d\u00ed o poko\u017eku vy\u017eaduj\u00edc\u00ed pos\u00edlen\u00ed lipidov\u00e9 vrstvy a zlep\u0161en\u00ed komfortu, zat\u00edmco olejov\u00e1 frakce p\u0159in\u00e1\u0161\u00ed pru\u017enost a dobr\u00e9 aplika\u010dn\u00ed vlastnosti. <\/p>\n<p>Z\u00e1rove\u0148 se surovina vyzna\u010duje <strong>vysok\u00fdm obsahem tokoferol\u016f<\/strong>: \u03b1-tokoferol 759 ppm a \u03b3-tokoferol 413 ppm (p\u0159i po\u017eadavc\u00edch &gt;500 ppm a &gt;100 ppm). Tokoferoly pln\u00ed v p\u0159\u00edpravc\u00edch dvoj\u00ed roli: na jedn\u00e9 stran\u011b jsou p\u0159irozen\u00fdmi antioxidanty podporuj\u00edc\u00edmi ochranu lipid\u016f p\u0159ed oxidac\u00ed, na druh\u00e9 stran\u011b p\u0159edstavuj\u00ed pe\u010duj\u00edc\u00ed slo\u017eku, kter\u00e1 dob\u0159e zapad\u00e1 do konceptu produkt\u016f &#8222;antioxidant care&#8220;. <\/p>\n<p>V technologick\u00e9 praxi se amarantov\u00fd olej \u010dasto vol\u00ed do p\u0159\u00edpravk\u016f, kter\u00e9 maj\u00ed <strong>zlep\u0161ovat m\u011bkkost a pru\u017enost poko\u017eky<\/strong>, posilovat pocit &#8222;lipidov\u00e9 hydratace&#8220; a zvy\u0161ovat komfort such\u00e9 nebo ob\u010dasn\u011b podr\u00e1\u017ed\u011bn\u00e9 poko\u017eky.<\/p>\n<h2>Pou\u017eit\u00ed amarantov\u00e9ho extraktu<\/h2>\n<p>Vzhledem k olejov\u00e9 form\u011b a nerozpustnosti ve vod\u011b se amarantov\u00fd extrakt osv\u011bd\u010duje jako slo\u017eka olejov\u00e9 f\u00e1ze v \u0161irok\u00e9m spektru produkt\u016f. Je p\u0159irozen\u00fdm dopl\u0148kem kr\u00e9m\u016f a emulz\u00ed typu O\/V a V\/O, t\u011blov\u00fdch balz\u00e1m\u016f, pe\u010duj\u00edc\u00edch olej\u016f a olejov\u00fdch s\u00e9r, a tak\u00e9 ochrann\u00fdch p\u0159\u00edpravk\u016f, kde z\u00e1le\u017e\u00ed na zlep\u0161en\u00ed komfortu poko\u017eky a omezen\u00ed pocitu suchosti. Dob\u0159e se hod\u00ed do kosmetiky &#8222;premium lipid care&#8220;, proto\u017ee kombinuje v jedn\u00e9 frakci skvalen, nenasycen\u00e9 mastn\u00e9 kyseliny a tokoferoly.  <\/p>\n<p>V p\u0159\u00edpravc\u00edch na obli\u010dej m\u016f\u017ee tvo\u0159it sou\u010d\u00e1st olejov\u00e9 f\u00e1ze buduj\u00edc\u00ed pocit m\u011bkkosti a vyhlazen\u00ed, zat\u00edmco v produktech na t\u011blo m\u016f\u017ee podporovat efekt v\u00fd\u017eivy a zlep\u0161en\u00ed pru\u017enosti poko\u017eky. Vzhledem k profilu mastn\u00fdch kyselin m\u016f\u017ee b\u00fdt surovina zaj\u00edmav\u00e1 i v p\u00e9\u010di, jej\u00edm\u017e c\u00edlem je pos\u00edlen\u00ed lipidov\u00e9 vrstvy poko\u017eky (nap\u0159. u vysu\u0161en\u00e9 nebo regenerace vy\u017eaduj\u00edc\u00ed poko\u017eky). <\/p>\n<p>&nbsp;<\/p>\n<p>Produkt nem\u00e1 nosi\u010d a je stabilizov\u00e1n p\u0159\u00eddavkem 0,5 % p\u0159\u00edrodn\u00edho rozmar\u00fdnov\u00e9ho antioxidantu (E392). To je zvl\u00e1\u0161t\u011b d\u016fle\u017eit\u00e9 pro ty, kte\u0159\u00ed navrhuj\u00ed receptury zalo\u017een\u00e9 na &#8222;clean label&#8220; a p\u0159\u00edrodn\u00edch antioxida\u010dn\u00edch syst\u00e9mech. <\/p>\n","protected":false},"excerpt":{"rendered":"<p><strong>Extrakt z amarantov\u00fdch sem\u00ednek<\/strong> (Amaranthus caudatus) je zlato\u017elut\u00fd rostlinn\u00fd olej z\u00edsk\u00e1van\u00fd ze such\u00fdch semen metodou superkritick\u00e9 extrakce (SFE).<\/p>\n","protected":false},"featured_media":45033,"template":"","meta":{"_acf_changed":false},"product_brand":[],"product_cat":[622],"product_tag":[],"class_list":{"0":"post-45032","1":"product","2":"type-product","3":"status-publish","4":"has-post-thumbnail","6":"product_cat-rostlinne-vytazky","7":"pa_czesc-rosliny-semena","9":"first","10":"instock","11":"shipping-taxable","12":"product-type-simple"},"acf":[],"yoast_head":"<!-- This site is optimized with the Yoast SEO plugin v27.4 - https:\/\/yoast.com\/product\/yoast-seo-wordpress\/ -->\n<title>Extrakt z amarantov\u00fdch sem\u00ednek - Velkoobchodn\u00ed distributor<\/title>\n<meta name=\"description\" content=\"Amarantov\u00fd olej bohat\u00fd na skvalen a tokoferoly. Zlato\u017elut\u00fd olej pro kosmetick\u00e9 p\u0159\u00edpravky podporuj\u00edc\u00ed pru\u017enost a komfort poko\u017eky.\" \/>\n<meta name=\"robots\" content=\"index, follow, max-snippet:-1, max-image-preview:large, max-video-preview:-1\" \/>\n<link rel=\"canonical\" href=\"https:\/\/naturalpoland.com\/cs\/produkty\/rostlinne-vytazky\/extrakt-z-amarantovych-seminek\/\" \/>\n<meta property=\"og:locale\" content=\"cs_CZ\" \/>\n<meta property=\"og:type\" content=\"article\" \/>\n<meta property=\"og:title\" content=\"Extrakt z amarantov\u00fdch sem\u00ednek - Velkoobchodn\u00ed distributor\" \/>\n<meta property=\"og:description\" content=\"Amarantov\u00fd olej bohat\u00fd na skvalen a tokoferoly. Zlato\u017elut\u00fd olej pro kosmetick\u00e9 p\u0159\u00edpravky podporuj\u00edc\u00ed pru\u017enost a komfort poko\u017eky.\" \/>\n<meta property=\"og:url\" content=\"https:\/\/naturalpoland.com\/cs\/produkty\/rostlinne-vytazky\/extrakt-z-amarantovych-seminek\/\" \/>\n<meta property=\"og:site_name\" content=\"NATURAL POLAND - Velkoobchodn\u00ed distributor surovin\" \/>\n<meta property=\"article:publisher\" content=\"https:\/\/www.facebook.com\/naturalpoland.b2b\" \/>\n<meta property=\"article:modified_time\" content=\"2026-01-15T12:20:58+00:00\" \/>\n<meta property=\"og:image\" content=\"https:\/\/naturalpoland.com\/wp-content\/uploads\/ekstrakt-z-nasion-amarantu.webp\" \/>\n\t<meta property=\"og:image:width\" content=\"1024\" \/>\n\t<meta property=\"og:image:height\" content=\"1024\" \/>\n\t<meta property=\"og:image:type\" content=\"image\/webp\" \/>\n<script type=\"application\/ld+json\" class=\"yoast-schema-graph\">{\"@context\":\"https:\\\/\\\/schema.org\",\"@graph\":[{\"@type\":\"WebPage\",\"@id\":\"https:\\\/\\\/naturalpoland.com\\\/cs\\\/produkty\\\/rostlinne-vytazky\\\/extrakt-z-amarantovych-seminek\\\/\",\"url\":\"https:\\\/\\\/naturalpoland.com\\\/cs\\\/produkty\\\/rostlinne-vytazky\\\/extrakt-z-amarantovych-seminek\\\/\",\"name\":\"Extrakt z amarantov\u00fdch sem\u00ednek - Velkoobchodn\u00ed distributor\",\"isPartOf\":{\"@id\":\"https:\\\/\\\/naturalpoland.com\\\/cs\\\/#website\"},\"primaryImageOfPage\":{\"@id\":\"https:\\\/\\\/naturalpoland.com\\\/cs\\\/produkty\\\/rostlinne-vytazky\\\/extrakt-z-amarantovych-seminek\\\/#primaryimage\"},\"image\":{\"@id\":\"https:\\\/\\\/naturalpoland.com\\\/cs\\\/produkty\\\/rostlinne-vytazky\\\/extrakt-z-amarantovych-seminek\\\/#primaryimage\"},\"thumbnailUrl\":\"https:\\\/\\\/naturalpoland.com\\\/wp-content\\\/uploads\\\/ekstrakt-z-nasion-amarantu.webp\",\"datePublished\":\"2026-01-15T12:07:17+00:00\",\"dateModified\":\"2026-01-15T12:20:58+00:00\",\"description\":\"Amarantov\u00fd olej bohat\u00fd na skvalen a tokoferoly. Zlato\u017elut\u00fd olej pro kosmetick\u00e9 p\u0159\u00edpravky podporuj\u00edc\u00ed pru\u017enost a komfort poko\u017eky.\",\"breadcrumb\":{\"@id\":\"https:\\\/\\\/naturalpoland.com\\\/cs\\\/produkty\\\/rostlinne-vytazky\\\/extrakt-z-amarantovych-seminek\\\/#breadcrumb\"},\"inLanguage\":\"cs\",\"potentialAction\":[{\"@type\":\"ReadAction\",\"target\":[\"https:\\\/\\\/naturalpoland.com\\\/cs\\\/produkty\\\/rostlinne-vytazky\\\/extrakt-z-amarantovych-seminek\\\/\"]}]},{\"@type\":\"ImageObject\",\"inLanguage\":\"cs\",\"@id\":\"https:\\\/\\\/naturalpoland.com\\\/cs\\\/produkty\\\/rostlinne-vytazky\\\/extrakt-z-amarantovych-seminek\\\/#primaryimage\",\"url\":\"https:\\\/\\\/naturalpoland.com\\\/wp-content\\\/uploads\\\/ekstrakt-z-nasion-amarantu.webp\",\"contentUrl\":\"https:\\\/\\\/naturalpoland.com\\\/wp-content\\\/uploads\\\/ekstrakt-z-nasion-amarantu.webp\",\"width\":1024,\"height\":1024,\"caption\":\"extrakt z amarantov\u00fdch sem\u00ednek\"},{\"@type\":\"BreadcrumbList\",\"@id\":\"https:\\\/\\\/naturalpoland.com\\\/cs\\\/produkty\\\/rostlinne-vytazky\\\/extrakt-z-amarantovych-seminek\\\/#breadcrumb\",\"itemListElement\":[{\"@type\":\"ListItem\",\"position\":1,\"name\":\"Dom\u016f\",\"item\":\"https:\\\/\\\/naturalpoland.com\\\/cs\\\/\"},{\"@type\":\"ListItem\",\"position\":2,\"name\":\"Produkty\",\"item\":\"https:\\\/\\\/naturalpoland.com\\\/cs\\\/produkty\\\/\"},{\"@type\":\"ListItem\",\"position\":3,\"name\":\"Extrakt z amarantov\u00fdch sem\u00ednek\"}]},{\"@type\":\"WebSite\",\"@id\":\"https:\\\/\\\/naturalpoland.com\\\/cs\\\/#website\",\"url\":\"https:\\\/\\\/naturalpoland.com\\\/cs\\\/\",\"name\":\"NATURAL POLAND - Velkoobchodn\u00ed distributor surovin\",\"description\":\"Surowce dla przemys\u0142u spo\u017cywczego, kosmetycznego i farmaceutycznego\",\"publisher\":{\"@id\":\"https:\\\/\\\/naturalpoland.com\\\/cs\\\/#organization\"},\"potentialAction\":[{\"@type\":\"SearchAction\",\"target\":{\"@type\":\"EntryPoint\",\"urlTemplate\":\"https:\\\/\\\/naturalpoland.com\\\/cs\\\/?s={search_term_string}\"},\"query-input\":{\"@type\":\"PropertyValueSpecification\",\"valueRequired\":true,\"valueName\":\"search_term_string\"}}],\"inLanguage\":\"cs\"},{\"@type\":\"Organization\",\"@id\":\"https:\\\/\\\/naturalpoland.com\\\/cs\\\/#organization\",\"name\":\"Natural Poland\",\"url\":\"https:\\\/\\\/naturalpoland.com\\\/cs\\\/\",\"logo\":{\"@type\":\"ImageObject\",\"inLanguage\":\"cs\",\"@id\":\"https:\\\/\\\/naturalpoland.com\\\/cs\\\/#\\\/schema\\\/logo\\\/image\\\/\",\"url\":\"https:\\\/\\\/naturalpoland.com\\\/wp-content\\\/uploads\\\/2021\\\/05\\\/natural-poland-icon.png\",\"contentUrl\":\"https:\\\/\\\/naturalpoland.com\\\/wp-content\\\/uploads\\\/2021\\\/05\\\/natural-poland-icon.png\",\"width\":512,\"height\":512,\"caption\":\"Natural Poland\"},\"image\":{\"@id\":\"https:\\\/\\\/naturalpoland.com\\\/cs\\\/#\\\/schema\\\/logo\\\/image\\\/\"},\"sameAs\":[\"https:\\\/\\\/www.facebook.com\\\/naturalpoland.b2b\",\"https:\\\/\\\/pl.linkedin.com\\\/company\\\/natural-poland\",\"https:\\\/\\\/www.youtube.com\\\/channel\\\/UCgeGGkvOMahZo-xu_MSEWxg\"]}]}<\/script>\n<!-- \/ Yoast SEO plugin. -->","yoast_head_json":{"title":"Extrakt z amarantov\u00fdch sem\u00ednek - Velkoobchodn\u00ed distributor","description":"Amarantov\u00fd olej bohat\u00fd na skvalen a tokoferoly. Zlato\u017elut\u00fd olej pro kosmetick\u00e9 p\u0159\u00edpravky podporuj\u00edc\u00ed pru\u017enost a komfort poko\u017eky.","robots":{"index":"index","follow":"follow","max-snippet":"max-snippet:-1","max-image-preview":"max-image-preview:large","max-video-preview":"max-video-preview:-1"},"canonical":"https:\/\/naturalpoland.com\/cs\/produkty\/rostlinne-vytazky\/extrakt-z-amarantovych-seminek\/","og_locale":"cs_CZ","og_type":"article","og_title":"Extrakt z amarantov\u00fdch sem\u00ednek - Velkoobchodn\u00ed distributor","og_description":"Amarantov\u00fd olej bohat\u00fd na skvalen a tokoferoly. Zlato\u017elut\u00fd olej pro kosmetick\u00e9 p\u0159\u00edpravky podporuj\u00edc\u00ed pru\u017enost a komfort poko\u017eky.","og_url":"https:\/\/naturalpoland.com\/cs\/produkty\/rostlinne-vytazky\/extrakt-z-amarantovych-seminek\/","og_site_name":"NATURAL POLAND - Velkoobchodn\u00ed distributor surovin","article_publisher":"https:\/\/www.facebook.com\/naturalpoland.b2b","article_modified_time":"2026-01-15T12:20:58+00:00","og_image":[{"width":1024,"height":1024,"url":"https:\/\/naturalpoland.com\/wp-content\/uploads\/ekstrakt-z-nasion-amarantu.webp","type":"image\/webp"}],"schema":{"@context":"https:\/\/schema.org","@graph":[{"@type":"WebPage","@id":"https:\/\/naturalpoland.com\/cs\/produkty\/rostlinne-vytazky\/extrakt-z-amarantovych-seminek\/","url":"https:\/\/naturalpoland.com\/cs\/produkty\/rostlinne-vytazky\/extrakt-z-amarantovych-seminek\/","name":"Extrakt z amarantov\u00fdch sem\u00ednek - Velkoobchodn\u00ed distributor","isPartOf":{"@id":"https:\/\/naturalpoland.com\/cs\/#website"},"primaryImageOfPage":{"@id":"https:\/\/naturalpoland.com\/cs\/produkty\/rostlinne-vytazky\/extrakt-z-amarantovych-seminek\/#primaryimage"},"image":{"@id":"https:\/\/naturalpoland.com\/cs\/produkty\/rostlinne-vytazky\/extrakt-z-amarantovych-seminek\/#primaryimage"},"thumbnailUrl":"https:\/\/naturalpoland.com\/wp-content\/uploads\/ekstrakt-z-nasion-amarantu.webp","datePublished":"2026-01-15T12:07:17+00:00","dateModified":"2026-01-15T12:20:58+00:00","description":"Amarantov\u00fd olej bohat\u00fd na skvalen a tokoferoly. Zlato\u017elut\u00fd olej pro kosmetick\u00e9 p\u0159\u00edpravky podporuj\u00edc\u00ed pru\u017enost a komfort poko\u017eky.","breadcrumb":{"@id":"https:\/\/naturalpoland.com\/cs\/produkty\/rostlinne-vytazky\/extrakt-z-amarantovych-seminek\/#breadcrumb"},"inLanguage":"cs","potentialAction":[{"@type":"ReadAction","target":["https:\/\/naturalpoland.com\/cs\/produkty\/rostlinne-vytazky\/extrakt-z-amarantovych-seminek\/"]}]},{"@type":"ImageObject","inLanguage":"cs","@id":"https:\/\/naturalpoland.com\/cs\/produkty\/rostlinne-vytazky\/extrakt-z-amarantovych-seminek\/#primaryimage","url":"https:\/\/naturalpoland.com\/wp-content\/uploads\/ekstrakt-z-nasion-amarantu.webp","contentUrl":"https:\/\/naturalpoland.com\/wp-content\/uploads\/ekstrakt-z-nasion-amarantu.webp","width":1024,"height":1024,"caption":"extrakt z amarantov\u00fdch sem\u00ednek"},{"@type":"BreadcrumbList","@id":"https:\/\/naturalpoland.com\/cs\/produkty\/rostlinne-vytazky\/extrakt-z-amarantovych-seminek\/#breadcrumb","itemListElement":[{"@type":"ListItem","position":1,"name":"Dom\u016f","item":"https:\/\/naturalpoland.com\/cs\/"},{"@type":"ListItem","position":2,"name":"Produkty","item":"https:\/\/naturalpoland.com\/cs\/produkty\/"},{"@type":"ListItem","position":3,"name":"Extrakt z amarantov\u00fdch sem\u00ednek"}]},{"@type":"WebSite","@id":"https:\/\/naturalpoland.com\/cs\/#website","url":"https:\/\/naturalpoland.com\/cs\/","name":"NATURAL POLAND - Velkoobchodn\u00ed distributor surovin","description":"Surowce dla przemys\u0142u spo\u017cywczego, kosmetycznego i farmaceutycznego","publisher":{"@id":"https:\/\/naturalpoland.com\/cs\/#organization"},"potentialAction":[{"@type":"SearchAction","target":{"@type":"EntryPoint","urlTemplate":"https:\/\/naturalpoland.com\/cs\/?s={search_term_string}"},"query-input":{"@type":"PropertyValueSpecification","valueRequired":true,"valueName":"search_term_string"}}],"inLanguage":"cs"},{"@type":"Organization","@id":"https:\/\/naturalpoland.com\/cs\/#organization","name":"Natural Poland","url":"https:\/\/naturalpoland.com\/cs\/","logo":{"@type":"ImageObject","inLanguage":"cs","@id":"https:\/\/naturalpoland.com\/cs\/#\/schema\/logo\/image\/","url":"https:\/\/naturalpoland.com\/wp-content\/uploads\/2021\/05\/natural-poland-icon.png","contentUrl":"https:\/\/naturalpoland.com\/wp-content\/uploads\/2021\/05\/natural-poland-icon.png","width":512,"height":512,"caption":"Natural Poland"},"image":{"@id":"https:\/\/naturalpoland.com\/cs\/#\/schema\/logo\/image\/"},"sameAs":["https:\/\/www.facebook.com\/naturalpoland.b2b","https:\/\/pl.linkedin.com\/company\/natural-poland","https:\/\/www.youtube.com\/channel\/UCgeGGkvOMahZo-xu_MSEWxg"]}]}},"_links":{"self":[{"href":"https:\/\/naturalpoland.com\/cs\/wp-json\/wp\/v2\/product\/45032","targetHints":{"allow":["GET"]}}],"collection":[{"href":"https:\/\/naturalpoland.com\/cs\/wp-json\/wp\/v2\/product"}],"about":[{"href":"https:\/\/naturalpoland.com\/cs\/wp-json\/wp\/v2\/types\/product"}],"wp:featuredmedia":[{"embeddable":true,"href":"https:\/\/naturalpoland.com\/cs\/wp-json\/wp\/v2\/media\/45033"}],"wp:attachment":[{"href":"https:\/\/naturalpoland.com\/cs\/wp-json\/wp\/v2\/media?parent=45032"}],"wp:term":[{"taxonomy":"product_brand","embeddable":true,"href":"https:\/\/naturalpoland.com\/cs\/wp-json\/wp\/v2\/product_brand?post=45032"},{"taxonomy":"product_cat","embeddable":true,"href":"https:\/\/naturalpoland.com\/cs\/wp-json\/wp\/v2\/product_cat?post=45032"},{"taxonomy":"product_tag","embeddable":true,"href":"https:\/\/naturalpoland.com\/cs\/wp-json\/wp\/v2\/product_tag?post=45032"}],"curies":[{"name":"wp","href":"https:\/\/api.w.org\/{rel}","templated":true}]}}