{"id":45090,"date":"2026-01-19T12:05:02","date_gmt":"2026-01-19T11:05:02","guid":{"rendered":"https:\/\/naturalpoland.com\/produkty\/nezarazene\/fungalni-pepsin\/"},"modified":"2026-01-19T14:09:16","modified_gmt":"2026-01-19T13:09:16","slug":"fungalni-pepsin","status":"publish","type":"product","link":"https:\/\/naturalpoland.com\/cs\/produkty\/produkty-pro-potravinarsky-prumysl\/enzymy-cs\/fungalni-pepsin\/","title":{"rendered":"Pepsin"},"content":{"rendered":"<h2>Vlastnosti pepsinu<\/h2>\n<p>Pepsin je proteolytick\u00fd enzym s vysokou aktivitou ur\u010den\u00fd pro technologick\u00e9 aplikace v potravin\u00e1\u0159sk\u00e9m pr\u016fmyslu. Jeho hlavn\u00ed funkc\u00ed je <strong>kontrolovan\u00fd rozklad b\u00edlkovin na krat\u0161\u00ed peptidy a aminokyseliny<\/strong>. <\/p>\n<p>Pepsin se vyskytuje ve form\u011b jemn\u00e9ho, sv\u011btl\u00e9ho pr\u00e1\u0161ku, kter\u00fd se snadno d\u00e1vkuje a je snadn\u00e9 ho zav\u00e9st do r\u016fzn\u00fdch technologick\u00fdch syst\u00e9m\u016f. Je vhodn\u00fd pro aplikace vy\u017eaduj\u00edc\u00ed suroviny ne\u017eivo\u010di\u0161n\u00e9ho p\u016fvodu. <\/p>\n<h2>Pou\u017eit\u00ed fung\u00e1ln\u00edho pepsinu<\/h2>\n<p>Pepsin se pou\u017e\u00edv\u00e1 v procesech potravin\u00e1\u0159sk\u00e9ho pr\u016fmyslu, kde je d\u016fle\u017eit\u00e1 kontrolovan\u00e1 hydrol\u00fdza b\u00edlkovin. M\u016f\u017ee b\u00fdt pou\u017eit jako enzym podporuj\u00edc\u00ed technologick\u00e9 procesy, <strong>ovliv\u0148uj\u00edc\u00ed strukturu, funk\u010dnost a vst\u0159ebatelnost b\u00edlkovin<\/strong> v kone\u010dn\u00fdch produktech. <\/p>\n<p>Tato surovina se osv\u011bd\u010duje ve formulac\u00edch, kde je kl\u00ed\u010dov\u00e9 pou\u017eit\u00ed enzym\u016f mikrobiologick\u00e9ho p\u016fvodu, jak z technologick\u00fdch, tak tr\u017en\u00edch d\u016fvod\u016f. Pou\u017e\u00edv\u00e1 se p\u0159i v\u00fdrob\u011b potravin ur\u010den\u00fdch pro trhy, kde jsou d\u016fle\u017eit\u00e9 ot\u00e1zky p\u016fvodu surovin, transparentnosti proces\u016f a eliminace \u017eivo\u010di\u0161n\u00fdch slo\u017eek. <\/p>\n","protected":false},"excerpt":{"rendered":"<p><strong>Fung\u00e1ln\u00ed pepsin<\/strong> je proteolytick\u00fd enzym <span data-olk-copy-source=\"MessageBody\">mikrobiologick\u00e9ho p\u016fvodu<\/span> z\u00edskan\u00fd fermenta\u010dn\u00edm procesem s vyu\u017eit\u00edm mikroorganismu <em>Aspergillus niger<\/em>. P\u0159edstavuje modern\u00ed, mikrobiologickou alternativu ke klasick\u00e9mu <strong><a href=\"https:\/\/naturalpoland.com\/cs\/produkty\/produkty-pro-potravinarsky-prumysl\/enzymy-cs\/mlecne\/pepsin\/\">pepsinu<\/a><\/strong> \u017eivo\u010di\u0161n\u00e9ho p\u016fvodu. <\/p>\n","protected":false},"featured_media":45091,"template":"","meta":{"_acf_changed":false},"product_brand":[],"product_cat":[2701],"product_tag":[],"class_list":{"0":"post-45090","1":"product","2":"type-product","3":"status-publish","4":"has-post-thumbnail","6":"product_cat-enzymy-cs","7":"pa_metoda-pozyskiwania-mikrobiologicka-fermentace","9":"first","10":"instock","11":"shipping-taxable","12":"product-type-simple"},"acf":[],"yoast_head":"<!-- This site is optimized with the Yoast SEO plugin v27.4 - https:\/\/yoast.com\/product\/yoast-seo-wordpress\/ -->\n<title>Pepsin - Velkoobchodn\u00ed distributor<\/title>\n<meta name=\"description\" content=\"Pepsin je proteolytick\u00fd enzym z\u00edskan\u00fd z Aspergillus niger. Mikrobiologick\u00e1 alternativa k \u017eivo\u010di\u0161n\u00e9mu pepsinu v potravin\u00e1\u0159sk\u00e9m pr\u016fmyslu.\" \/>\n<meta name=\"robots\" content=\"index, follow, max-snippet:-1, max-image-preview:large, max-video-preview:-1\" \/>\n<link rel=\"canonical\" href=\"https:\/\/naturalpoland.com\/cs\/produkty\/produkty-pro-potravinarsky-prumysl\/enzymy-cs\/fungalni-pepsin\/\" \/>\n<meta property=\"og:locale\" content=\"cs_CZ\" \/>\n<meta property=\"og:type\" content=\"article\" \/>\n<meta property=\"og:title\" content=\"Pepsin - Velkoobchodn\u00ed distributor\" \/>\n<meta property=\"og:description\" content=\"Pepsin je proteolytick\u00fd enzym z\u00edskan\u00fd z Aspergillus niger. Mikrobiologick\u00e1 alternativa k \u017eivo\u010di\u0161n\u00e9mu pepsinu v potravin\u00e1\u0159sk\u00e9m pr\u016fmyslu.\" \/>\n<meta property=\"og:url\" content=\"https:\/\/naturalpoland.com\/cs\/produkty\/produkty-pro-potravinarsky-prumysl\/enzymy-cs\/fungalni-pepsin\/\" \/>\n<meta property=\"og:site_name\" content=\"NATURAL POLAND - Velkoobchodn\u00ed distributor surovin\" \/>\n<meta property=\"article:publisher\" content=\"https:\/\/www.facebook.com\/naturalpoland.b2b\" \/>\n<meta property=\"article:modified_time\" content=\"2026-01-19T13:09:16+00:00\" \/>\n<meta property=\"og:image\" content=\"https:\/\/naturalpoland.com\/wp-content\/uploads\/pepsyna-fungalna.webp\" \/>\n\t<meta property=\"og:image:width\" content=\"1024\" \/>\n\t<meta property=\"og:image:height\" content=\"1024\" \/>\n\t<meta property=\"og:image:type\" content=\"image\/webp\" \/>\n<script type=\"application\/ld+json\" class=\"yoast-schema-graph\">{\"@context\":\"https:\\\/\\\/schema.org\",\"@graph\":[{\"@type\":\"WebPage\",\"@id\":\"https:\\\/\\\/naturalpoland.com\\\/cs\\\/produkty\\\/produkty-pro-potravinarsky-prumysl\\\/enzymy-cs\\\/fungalni-pepsin\\\/\",\"url\":\"https:\\\/\\\/naturalpoland.com\\\/cs\\\/produkty\\\/produkty-pro-potravinarsky-prumysl\\\/enzymy-cs\\\/fungalni-pepsin\\\/\",\"name\":\"Pepsin - Velkoobchodn\u00ed distributor\",\"isPartOf\":{\"@id\":\"https:\\\/\\\/naturalpoland.com\\\/cs\\\/#website\"},\"primaryImageOfPage\":{\"@id\":\"https:\\\/\\\/naturalpoland.com\\\/cs\\\/produkty\\\/produkty-pro-potravinarsky-prumysl\\\/enzymy-cs\\\/fungalni-pepsin\\\/#primaryimage\"},\"image\":{\"@id\":\"https:\\\/\\\/naturalpoland.com\\\/cs\\\/produkty\\\/produkty-pro-potravinarsky-prumysl\\\/enzymy-cs\\\/fungalni-pepsin\\\/#primaryimage\"},\"thumbnailUrl\":\"https:\\\/\\\/naturalpoland.com\\\/wp-content\\\/uploads\\\/pepsyna-fungalna.webp\",\"datePublished\":\"2026-01-19T11:05:02+00:00\",\"dateModified\":\"2026-01-19T13:09:16+00:00\",\"description\":\"Pepsin je proteolytick\u00fd enzym z\u00edskan\u00fd z Aspergillus niger. Mikrobiologick\u00e1 alternativa k \u017eivo\u010di\u0161n\u00e9mu pepsinu v potravin\u00e1\u0159sk\u00e9m pr\u016fmyslu.\",\"breadcrumb\":{\"@id\":\"https:\\\/\\\/naturalpoland.com\\\/cs\\\/produkty\\\/produkty-pro-potravinarsky-prumysl\\\/enzymy-cs\\\/fungalni-pepsin\\\/#breadcrumb\"},\"inLanguage\":\"cs\",\"potentialAction\":[{\"@type\":\"ReadAction\",\"target\":[\"https:\\\/\\\/naturalpoland.com\\\/cs\\\/produkty\\\/produkty-pro-potravinarsky-prumysl\\\/enzymy-cs\\\/fungalni-pepsin\\\/\"]}]},{\"@type\":\"ImageObject\",\"inLanguage\":\"cs\",\"@id\":\"https:\\\/\\\/naturalpoland.com\\\/cs\\\/produkty\\\/produkty-pro-potravinarsky-prumysl\\\/enzymy-cs\\\/fungalni-pepsin\\\/#primaryimage\",\"url\":\"https:\\\/\\\/naturalpoland.com\\\/wp-content\\\/uploads\\\/pepsyna-fungalna.webp\",\"contentUrl\":\"https:\\\/\\\/naturalpoland.com\\\/wp-content\\\/uploads\\\/pepsyna-fungalna.webp\",\"width\":1024,\"height\":1024,\"caption\":\"fung\u00e1ln\u00ed pepsin\"},{\"@type\":\"BreadcrumbList\",\"@id\":\"https:\\\/\\\/naturalpoland.com\\\/cs\\\/produkty\\\/produkty-pro-potravinarsky-prumysl\\\/enzymy-cs\\\/fungalni-pepsin\\\/#breadcrumb\",\"itemListElement\":[{\"@type\":\"ListItem\",\"position\":1,\"name\":\"Dom\u016f\",\"item\":\"https:\\\/\\\/naturalpoland.com\\\/cs\\\/\"},{\"@type\":\"ListItem\",\"position\":2,\"name\":\"Produkty\",\"item\":\"https:\\\/\\\/naturalpoland.com\\\/cs\\\/produkty\\\/\"},{\"@type\":\"ListItem\",\"position\":3,\"name\":\"Pepsin\"}]},{\"@type\":\"WebSite\",\"@id\":\"https:\\\/\\\/naturalpoland.com\\\/cs\\\/#website\",\"url\":\"https:\\\/\\\/naturalpoland.com\\\/cs\\\/\",\"name\":\"NATURAL POLAND - Velkoobchodn\u00ed distributor surovin\",\"description\":\"Surowce dla przemys\u0142u spo\u017cywczego, kosmetycznego i farmaceutycznego\",\"publisher\":{\"@id\":\"https:\\\/\\\/naturalpoland.com\\\/cs\\\/#organization\"},\"potentialAction\":[{\"@type\":\"SearchAction\",\"target\":{\"@type\":\"EntryPoint\",\"urlTemplate\":\"https:\\\/\\\/naturalpoland.com\\\/cs\\\/?s={search_term_string}\"},\"query-input\":{\"@type\":\"PropertyValueSpecification\",\"valueRequired\":true,\"valueName\":\"search_term_string\"}}],\"inLanguage\":\"cs\"},{\"@type\":\"Organization\",\"@id\":\"https:\\\/\\\/naturalpoland.com\\\/cs\\\/#organization\",\"name\":\"Natural Poland\",\"url\":\"https:\\\/\\\/naturalpoland.com\\\/cs\\\/\",\"logo\":{\"@type\":\"ImageObject\",\"inLanguage\":\"cs\",\"@id\":\"https:\\\/\\\/naturalpoland.com\\\/cs\\\/#\\\/schema\\\/logo\\\/image\\\/\",\"url\":\"https:\\\/\\\/naturalpoland.com\\\/wp-content\\\/uploads\\\/2021\\\/05\\\/natural-poland-icon.png\",\"contentUrl\":\"https:\\\/\\\/naturalpoland.com\\\/wp-content\\\/uploads\\\/2021\\\/05\\\/natural-poland-icon.png\",\"width\":512,\"height\":512,\"caption\":\"Natural Poland\"},\"image\":{\"@id\":\"https:\\\/\\\/naturalpoland.com\\\/cs\\\/#\\\/schema\\\/logo\\\/image\\\/\"},\"sameAs\":[\"https:\\\/\\\/www.facebook.com\\\/naturalpoland.b2b\",\"https:\\\/\\\/pl.linkedin.com\\\/company\\\/natural-poland\",\"https:\\\/\\\/www.youtube.com\\\/channel\\\/UCgeGGkvOMahZo-xu_MSEWxg\"]}]}<\/script>\n<!-- \/ Yoast SEO plugin. -->","yoast_head_json":{"title":"Pepsin - Velkoobchodn\u00ed distributor","description":"Pepsin je proteolytick\u00fd enzym z\u00edskan\u00fd z Aspergillus niger. Mikrobiologick\u00e1 alternativa k \u017eivo\u010di\u0161n\u00e9mu pepsinu v potravin\u00e1\u0159sk\u00e9m pr\u016fmyslu.","robots":{"index":"index","follow":"follow","max-snippet":"max-snippet:-1","max-image-preview":"max-image-preview:large","max-video-preview":"max-video-preview:-1"},"canonical":"https:\/\/naturalpoland.com\/cs\/produkty\/produkty-pro-potravinarsky-prumysl\/enzymy-cs\/fungalni-pepsin\/","og_locale":"cs_CZ","og_type":"article","og_title":"Pepsin - Velkoobchodn\u00ed distributor","og_description":"Pepsin je proteolytick\u00fd enzym z\u00edskan\u00fd z Aspergillus niger. Mikrobiologick\u00e1 alternativa k \u017eivo\u010di\u0161n\u00e9mu pepsinu v potravin\u00e1\u0159sk\u00e9m pr\u016fmyslu.","og_url":"https:\/\/naturalpoland.com\/cs\/produkty\/produkty-pro-potravinarsky-prumysl\/enzymy-cs\/fungalni-pepsin\/","og_site_name":"NATURAL POLAND - Velkoobchodn\u00ed distributor surovin","article_publisher":"https:\/\/www.facebook.com\/naturalpoland.b2b","article_modified_time":"2026-01-19T13:09:16+00:00","og_image":[{"width":1024,"height":1024,"url":"https:\/\/naturalpoland.com\/wp-content\/uploads\/pepsyna-fungalna.webp","type":"image\/webp"}],"schema":{"@context":"https:\/\/schema.org","@graph":[{"@type":"WebPage","@id":"https:\/\/naturalpoland.com\/cs\/produkty\/produkty-pro-potravinarsky-prumysl\/enzymy-cs\/fungalni-pepsin\/","url":"https:\/\/naturalpoland.com\/cs\/produkty\/produkty-pro-potravinarsky-prumysl\/enzymy-cs\/fungalni-pepsin\/","name":"Pepsin - Velkoobchodn\u00ed distributor","isPartOf":{"@id":"https:\/\/naturalpoland.com\/cs\/#website"},"primaryImageOfPage":{"@id":"https:\/\/naturalpoland.com\/cs\/produkty\/produkty-pro-potravinarsky-prumysl\/enzymy-cs\/fungalni-pepsin\/#primaryimage"},"image":{"@id":"https:\/\/naturalpoland.com\/cs\/produkty\/produkty-pro-potravinarsky-prumysl\/enzymy-cs\/fungalni-pepsin\/#primaryimage"},"thumbnailUrl":"https:\/\/naturalpoland.com\/wp-content\/uploads\/pepsyna-fungalna.webp","datePublished":"2026-01-19T11:05:02+00:00","dateModified":"2026-01-19T13:09:16+00:00","description":"Pepsin je proteolytick\u00fd enzym z\u00edskan\u00fd z Aspergillus niger. Mikrobiologick\u00e1 alternativa k \u017eivo\u010di\u0161n\u00e9mu pepsinu v potravin\u00e1\u0159sk\u00e9m pr\u016fmyslu.","breadcrumb":{"@id":"https:\/\/naturalpoland.com\/cs\/produkty\/produkty-pro-potravinarsky-prumysl\/enzymy-cs\/fungalni-pepsin\/#breadcrumb"},"inLanguage":"cs","potentialAction":[{"@type":"ReadAction","target":["https:\/\/naturalpoland.com\/cs\/produkty\/produkty-pro-potravinarsky-prumysl\/enzymy-cs\/fungalni-pepsin\/"]}]},{"@type":"ImageObject","inLanguage":"cs","@id":"https:\/\/naturalpoland.com\/cs\/produkty\/produkty-pro-potravinarsky-prumysl\/enzymy-cs\/fungalni-pepsin\/#primaryimage","url":"https:\/\/naturalpoland.com\/wp-content\/uploads\/pepsyna-fungalna.webp","contentUrl":"https:\/\/naturalpoland.com\/wp-content\/uploads\/pepsyna-fungalna.webp","width":1024,"height":1024,"caption":"fung\u00e1ln\u00ed pepsin"},{"@type":"BreadcrumbList","@id":"https:\/\/naturalpoland.com\/cs\/produkty\/produkty-pro-potravinarsky-prumysl\/enzymy-cs\/fungalni-pepsin\/#breadcrumb","itemListElement":[{"@type":"ListItem","position":1,"name":"Dom\u016f","item":"https:\/\/naturalpoland.com\/cs\/"},{"@type":"ListItem","position":2,"name":"Produkty","item":"https:\/\/naturalpoland.com\/cs\/produkty\/"},{"@type":"ListItem","position":3,"name":"Pepsin"}]},{"@type":"WebSite","@id":"https:\/\/naturalpoland.com\/cs\/#website","url":"https:\/\/naturalpoland.com\/cs\/","name":"NATURAL POLAND - Velkoobchodn\u00ed distributor surovin","description":"Surowce dla przemys\u0142u spo\u017cywczego, kosmetycznego i farmaceutycznego","publisher":{"@id":"https:\/\/naturalpoland.com\/cs\/#organization"},"potentialAction":[{"@type":"SearchAction","target":{"@type":"EntryPoint","urlTemplate":"https:\/\/naturalpoland.com\/cs\/?s={search_term_string}"},"query-input":{"@type":"PropertyValueSpecification","valueRequired":true,"valueName":"search_term_string"}}],"inLanguage":"cs"},{"@type":"Organization","@id":"https:\/\/naturalpoland.com\/cs\/#organization","name":"Natural Poland","url":"https:\/\/naturalpoland.com\/cs\/","logo":{"@type":"ImageObject","inLanguage":"cs","@id":"https:\/\/naturalpoland.com\/cs\/#\/schema\/logo\/image\/","url":"https:\/\/naturalpoland.com\/wp-content\/uploads\/2021\/05\/natural-poland-icon.png","contentUrl":"https:\/\/naturalpoland.com\/wp-content\/uploads\/2021\/05\/natural-poland-icon.png","width":512,"height":512,"caption":"Natural Poland"},"image":{"@id":"https:\/\/naturalpoland.com\/cs\/#\/schema\/logo\/image\/"},"sameAs":["https:\/\/www.facebook.com\/naturalpoland.b2b","https:\/\/pl.linkedin.com\/company\/natural-poland","https:\/\/www.youtube.com\/channel\/UCgeGGkvOMahZo-xu_MSEWxg"]}]}},"_links":{"self":[{"href":"https:\/\/naturalpoland.com\/cs\/wp-json\/wp\/v2\/product\/45090","targetHints":{"allow":["GET"]}}],"collection":[{"href":"https:\/\/naturalpoland.com\/cs\/wp-json\/wp\/v2\/product"}],"about":[{"href":"https:\/\/naturalpoland.com\/cs\/wp-json\/wp\/v2\/types\/product"}],"wp:featuredmedia":[{"embeddable":true,"href":"https:\/\/naturalpoland.com\/cs\/wp-json\/wp\/v2\/media\/45091"}],"wp:attachment":[{"href":"https:\/\/naturalpoland.com\/cs\/wp-json\/wp\/v2\/media?parent=45090"}],"wp:term":[{"taxonomy":"product_brand","embeddable":true,"href":"https:\/\/naturalpoland.com\/cs\/wp-json\/wp\/v2\/product_brand?post=45090"},{"taxonomy":"product_cat","embeddable":true,"href":"https:\/\/naturalpoland.com\/cs\/wp-json\/wp\/v2\/product_cat?post=45090"},{"taxonomy":"product_tag","embeddable":true,"href":"https:\/\/naturalpoland.com\/cs\/wp-json\/wp\/v2\/product_tag?post=45090"}],"curies":[{"name":"wp","href":"https:\/\/api.w.org\/{rel}","templated":true}]}}