{"id":45164,"date":"2026-01-16T15:51:28","date_gmt":"2026-01-16T14:51:28","guid":{"rendered":"https:\/\/naturalpoland.com\/produkty\/nezarazene\/extrakt-z-lemon-myrtle\/"},"modified":"2026-01-19T12:40:06","modified_gmt":"2026-01-19T11:40:06","slug":"extrakt-z-lemon-myrtle","status":"publish","type":"product","link":"https:\/\/naturalpoland.com\/cs\/produkty\/rostlinne-vytazky\/extrakt-z-lemon-myrtle\/","title":{"rendered":"Extrakt z Lemon Myrtle"},"content":{"rendered":"<h2>\u00da\u010dinky a pou\u017eit\u00ed extraktu z Lemon Myrtle:<\/h2>\n<p>Extrakt z Lemon Myrtle (<em>Backhousia citriodora<\/em>) poch\u00e1z\u00ed z list\u016f rostliny p\u016fvodem z Austr\u00e1lie, \u0161iroce zn\u00e1m\u00e9 a zkouman\u00e9 pro sv\u016fj bohat\u00fd profil fytoslou\u010denin, v\u010detn\u011b citrusov\u00fdch aldehyd\u016f jako je citral a dal\u0161\u00edch bioaktivn\u00edch l\u00e1tek. D\u00edky nim extrakt vykazuje n\u00e1sleduj\u00edc\u00ed \u00fa\u010dinky: <\/p>\n<ul>\n<li>antioxida\u010dn\u00ed &#8211; studie nazna\u010duj\u00ed, \u017ee extrakty z list\u016f Lemon Myrtle mohou vykazovat schopnost neutralizovat voln\u00e9 radik\u00e1ly, co\u017e potenci\u00e1ln\u011b p\u0159isp\u00edv\u00e1 k ochran\u011b bun\u011bk p\u0159ed oxida\u010dn\u00edm stresem;<\/li>\n<li>protiz\u00e1n\u011btliv\u00e9 &#8211; v\u00fdta\u017eky z list\u016f Lemon Myrtle mohou ovliv\u0148ovat expresi z\u00e1n\u011btliv\u00fdch medi\u00e1tor\u016f (nap\u0159. sn\u00ed\u017een\u00ed produkce NO nebo proz\u00e1n\u011btliv\u00fdch cytokin\u016f) za ur\u010dit\u00fdch experiment\u00e1ln\u00edch podm\u00ednek in vitro;<\/li>\n<li>antibakteri\u00e1ln\u00ed &#8211; antibakteri\u00e1ln\u00ed a protipl\u00eds\u0148ov\u00e9 \u00fa\u010dinky extraktu jsou p\u0159ipisov\u00e1ny hlavn\u011b p\u0159\u00edtomnosti slou\u010deniny citral a dal\u0161\u00edm aromatick\u00fdm slo\u017ek\u00e1m.<\/li>\n<\/ul>\n<p>Pr\u00e1\u0161kov\u00e1 forma a standardizovan\u00fd stupe\u0148 extrakce podporuj\u00ed vyu\u017eit\u00ed suroviny ve formula\u010dn\u00edch procesech vy\u017eaduj\u00edc\u00edch p\u0159esn\u00e9 d\u00e1vkov\u00e1n\u00ed a opakovatelnost kvalitativn\u00edch parametr\u016f. Kone\u010dn\u00e9 ur\u010den\u00ed extraktu, zp\u016fsob jeho pou\u017eit\u00ed a \u00farove\u0148 d\u00e1vkov\u00e1n\u00ed by m\u011bly b\u00fdt v\u017edy p\u0159izp\u016fsobeny technologick\u00fdm a regula\u010dn\u00edm po\u017eadavk\u016fm specifick\u00fdm pro danou oblast pou\u017eit\u00ed. <\/p>\n<p>&nbsp;<\/p>\n<p>&nbsp;<\/p>\n","protected":false},"excerpt":{"rendered":"<p><strong>Extrakt z Lemon Myrtle<\/strong> je rostlinn\u00e1 surovina z\u00edsk\u00e1van\u00e1 z list\u016f <em>Backhousia citriodora<\/em>, extrahovan\u00e1 vodn\u00ed metodou a n\u00e1sledn\u011b su\u0161en\u00e1, co\u017e umo\u017e\u0148uje z\u00edskat stabiln\u00ed pr\u00e1\u0161kovou formu.<\/p>\n","protected":false},"featured_media":45167,"template":"","meta":{"_acf_changed":false},"product_brand":[],"product_cat":[622],"product_tag":[],"class_list":{"0":"post-45164","1":"product","2":"type-product","3":"status-publish","4":"has-post-thumbnail","6":"product_cat-rostlinne-vytazky","7":"pa_czesc-rosliny-listy","9":"first","10":"instock","11":"shipping-taxable","12":"product-type-simple"},"acf":[],"yoast_head":"<!-- This site is optimized with the Yoast SEO plugin v27.4 - https:\/\/yoast.com\/product\/yoast-seo-wordpress\/ -->\n<title>Extrakt z Lemon Myrtle - Velkoobchodn\u00ed distributor<\/title>\n<meta name=\"description\" content=\"Extrakt z Lemon Myrtle \u2013 rostlinn\u00fd extrakt z list\u016f Backhousia citriodora v pr\u00e1\u0161kov\u00e9 form\u011b. Standardizovan\u00e1 botanick\u00e1 surovina pro dal\u0161\u00ed pou\u017eit\u00ed.\" \/>\n<meta name=\"robots\" content=\"index, follow, max-snippet:-1, max-image-preview:large, max-video-preview:-1\" \/>\n<link rel=\"canonical\" href=\"https:\/\/naturalpoland.com\/cs\/produkty\/rostlinne-vytazky\/extrakt-z-lemon-myrtle\/\" \/>\n<meta property=\"og:locale\" content=\"cs_CZ\" \/>\n<meta property=\"og:type\" content=\"article\" \/>\n<meta property=\"og:title\" content=\"Extrakt z Lemon Myrtle - Velkoobchodn\u00ed distributor\" \/>\n<meta property=\"og:description\" content=\"Extrakt z Lemon Myrtle \u2013 rostlinn\u00fd extrakt z list\u016f Backhousia citriodora v pr\u00e1\u0161kov\u00e9 form\u011b. Standardizovan\u00e1 botanick\u00e1 surovina pro dal\u0161\u00ed pou\u017eit\u00ed.\" \/>\n<meta property=\"og:url\" content=\"https:\/\/naturalpoland.com\/cs\/produkty\/rostlinne-vytazky\/extrakt-z-lemon-myrtle\/\" \/>\n<meta property=\"og:site_name\" content=\"NATURAL POLAND - Velkoobchodn\u00ed distributor surovin\" \/>\n<meta property=\"article:publisher\" content=\"https:\/\/www.facebook.com\/naturalpoland.b2b\" \/>\n<meta property=\"article:modified_time\" content=\"2026-01-19T11:40:06+00:00\" \/>\n<meta property=\"og:image\" content=\"https:\/\/naturalpoland.com\/wp-content\/uploads\/ekstrakt-z-lemon-myrtle.webp\" \/>\n\t<meta property=\"og:image:width\" content=\"1024\" \/>\n\t<meta property=\"og:image:height\" content=\"1024\" \/>\n\t<meta property=\"og:image:type\" content=\"image\/webp\" \/>\n<script type=\"application\/ld+json\" class=\"yoast-schema-graph\">{\"@context\":\"https:\\\/\\\/schema.org\",\"@graph\":[{\"@type\":\"WebPage\",\"@id\":\"https:\\\/\\\/naturalpoland.com\\\/cs\\\/produkty\\\/rostlinne-vytazky\\\/extrakt-z-lemon-myrtle\\\/\",\"url\":\"https:\\\/\\\/naturalpoland.com\\\/cs\\\/produkty\\\/rostlinne-vytazky\\\/extrakt-z-lemon-myrtle\\\/\",\"name\":\"Extrakt z Lemon Myrtle - Velkoobchodn\u00ed distributor\",\"isPartOf\":{\"@id\":\"https:\\\/\\\/naturalpoland.com\\\/cs\\\/#website\"},\"primaryImageOfPage\":{\"@id\":\"https:\\\/\\\/naturalpoland.com\\\/cs\\\/produkty\\\/rostlinne-vytazky\\\/extrakt-z-lemon-myrtle\\\/#primaryimage\"},\"image\":{\"@id\":\"https:\\\/\\\/naturalpoland.com\\\/cs\\\/produkty\\\/rostlinne-vytazky\\\/extrakt-z-lemon-myrtle\\\/#primaryimage\"},\"thumbnailUrl\":\"https:\\\/\\\/naturalpoland.com\\\/wp-content\\\/uploads\\\/ekstrakt-z-lemon-myrtle.webp\",\"datePublished\":\"2026-01-16T14:51:28+00:00\",\"dateModified\":\"2026-01-19T11:40:06+00:00\",\"description\":\"Extrakt z Lemon Myrtle \u2013 rostlinn\u00fd extrakt z list\u016f Backhousia citriodora v pr\u00e1\u0161kov\u00e9 form\u011b. Standardizovan\u00e1 botanick\u00e1 surovina pro dal\u0161\u00ed pou\u017eit\u00ed.\",\"breadcrumb\":{\"@id\":\"https:\\\/\\\/naturalpoland.com\\\/cs\\\/produkty\\\/rostlinne-vytazky\\\/extrakt-z-lemon-myrtle\\\/#breadcrumb\"},\"inLanguage\":\"cs\",\"potentialAction\":[{\"@type\":\"ReadAction\",\"target\":[\"https:\\\/\\\/naturalpoland.com\\\/cs\\\/produkty\\\/rostlinne-vytazky\\\/extrakt-z-lemon-myrtle\\\/\"]}]},{\"@type\":\"ImageObject\",\"inLanguage\":\"cs\",\"@id\":\"https:\\\/\\\/naturalpoland.com\\\/cs\\\/produkty\\\/rostlinne-vytazky\\\/extrakt-z-lemon-myrtle\\\/#primaryimage\",\"url\":\"https:\\\/\\\/naturalpoland.com\\\/wp-content\\\/uploads\\\/ekstrakt-z-lemon-myrtle.webp\",\"contentUrl\":\"https:\\\/\\\/naturalpoland.com\\\/wp-content\\\/uploads\\\/ekstrakt-z-lemon-myrtle.webp\",\"width\":1024,\"height\":1024,\"caption\":\"Extrakt z Lemon Myrtle\"},{\"@type\":\"BreadcrumbList\",\"@id\":\"https:\\\/\\\/naturalpoland.com\\\/cs\\\/produkty\\\/rostlinne-vytazky\\\/extrakt-z-lemon-myrtle\\\/#breadcrumb\",\"itemListElement\":[{\"@type\":\"ListItem\",\"position\":1,\"name\":\"Dom\u016f\",\"item\":\"https:\\\/\\\/naturalpoland.com\\\/cs\\\/\"},{\"@type\":\"ListItem\",\"position\":2,\"name\":\"Produkty\",\"item\":\"https:\\\/\\\/naturalpoland.com\\\/cs\\\/produkty\\\/\"},{\"@type\":\"ListItem\",\"position\":3,\"name\":\"Extrakt z Lemon Myrtle\"}]},{\"@type\":\"WebSite\",\"@id\":\"https:\\\/\\\/naturalpoland.com\\\/cs\\\/#website\",\"url\":\"https:\\\/\\\/naturalpoland.com\\\/cs\\\/\",\"name\":\"NATURAL POLAND - Velkoobchodn\u00ed distributor surovin\",\"description\":\"Surowce dla przemys\u0142u spo\u017cywczego, kosmetycznego i farmaceutycznego\",\"publisher\":{\"@id\":\"https:\\\/\\\/naturalpoland.com\\\/cs\\\/#organization\"},\"potentialAction\":[{\"@type\":\"SearchAction\",\"target\":{\"@type\":\"EntryPoint\",\"urlTemplate\":\"https:\\\/\\\/naturalpoland.com\\\/cs\\\/?s={search_term_string}\"},\"query-input\":{\"@type\":\"PropertyValueSpecification\",\"valueRequired\":true,\"valueName\":\"search_term_string\"}}],\"inLanguage\":\"cs\"},{\"@type\":\"Organization\",\"@id\":\"https:\\\/\\\/naturalpoland.com\\\/cs\\\/#organization\",\"name\":\"Natural Poland\",\"url\":\"https:\\\/\\\/naturalpoland.com\\\/cs\\\/\",\"logo\":{\"@type\":\"ImageObject\",\"inLanguage\":\"cs\",\"@id\":\"https:\\\/\\\/naturalpoland.com\\\/cs\\\/#\\\/schema\\\/logo\\\/image\\\/\",\"url\":\"https:\\\/\\\/naturalpoland.com\\\/wp-content\\\/uploads\\\/2021\\\/05\\\/natural-poland-icon.png\",\"contentUrl\":\"https:\\\/\\\/naturalpoland.com\\\/wp-content\\\/uploads\\\/2021\\\/05\\\/natural-poland-icon.png\",\"width\":512,\"height\":512,\"caption\":\"Natural Poland\"},\"image\":{\"@id\":\"https:\\\/\\\/naturalpoland.com\\\/cs\\\/#\\\/schema\\\/logo\\\/image\\\/\"},\"sameAs\":[\"https:\\\/\\\/www.facebook.com\\\/naturalpoland.b2b\",\"https:\\\/\\\/pl.linkedin.com\\\/company\\\/natural-poland\",\"https:\\\/\\\/www.youtube.com\\\/channel\\\/UCgeGGkvOMahZo-xu_MSEWxg\"]}]}<\/script>\n<!-- \/ Yoast SEO plugin. -->","yoast_head_json":{"title":"Extrakt z Lemon Myrtle - Velkoobchodn\u00ed distributor","description":"Extrakt z Lemon Myrtle \u2013 rostlinn\u00fd extrakt z list\u016f Backhousia citriodora v pr\u00e1\u0161kov\u00e9 form\u011b. Standardizovan\u00e1 botanick\u00e1 surovina pro dal\u0161\u00ed pou\u017eit\u00ed.","robots":{"index":"index","follow":"follow","max-snippet":"max-snippet:-1","max-image-preview":"max-image-preview:large","max-video-preview":"max-video-preview:-1"},"canonical":"https:\/\/naturalpoland.com\/cs\/produkty\/rostlinne-vytazky\/extrakt-z-lemon-myrtle\/","og_locale":"cs_CZ","og_type":"article","og_title":"Extrakt z Lemon Myrtle - Velkoobchodn\u00ed distributor","og_description":"Extrakt z Lemon Myrtle \u2013 rostlinn\u00fd extrakt z list\u016f Backhousia citriodora v pr\u00e1\u0161kov\u00e9 form\u011b. Standardizovan\u00e1 botanick\u00e1 surovina pro dal\u0161\u00ed pou\u017eit\u00ed.","og_url":"https:\/\/naturalpoland.com\/cs\/produkty\/rostlinne-vytazky\/extrakt-z-lemon-myrtle\/","og_site_name":"NATURAL POLAND - Velkoobchodn\u00ed distributor surovin","article_publisher":"https:\/\/www.facebook.com\/naturalpoland.b2b","article_modified_time":"2026-01-19T11:40:06+00:00","og_image":[{"width":1024,"height":1024,"url":"https:\/\/naturalpoland.com\/wp-content\/uploads\/ekstrakt-z-lemon-myrtle.webp","type":"image\/webp"}],"schema":{"@context":"https:\/\/schema.org","@graph":[{"@type":"WebPage","@id":"https:\/\/naturalpoland.com\/cs\/produkty\/rostlinne-vytazky\/extrakt-z-lemon-myrtle\/","url":"https:\/\/naturalpoland.com\/cs\/produkty\/rostlinne-vytazky\/extrakt-z-lemon-myrtle\/","name":"Extrakt z Lemon Myrtle - Velkoobchodn\u00ed distributor","isPartOf":{"@id":"https:\/\/naturalpoland.com\/cs\/#website"},"primaryImageOfPage":{"@id":"https:\/\/naturalpoland.com\/cs\/produkty\/rostlinne-vytazky\/extrakt-z-lemon-myrtle\/#primaryimage"},"image":{"@id":"https:\/\/naturalpoland.com\/cs\/produkty\/rostlinne-vytazky\/extrakt-z-lemon-myrtle\/#primaryimage"},"thumbnailUrl":"https:\/\/naturalpoland.com\/wp-content\/uploads\/ekstrakt-z-lemon-myrtle.webp","datePublished":"2026-01-16T14:51:28+00:00","dateModified":"2026-01-19T11:40:06+00:00","description":"Extrakt z Lemon Myrtle \u2013 rostlinn\u00fd extrakt z list\u016f Backhousia citriodora v pr\u00e1\u0161kov\u00e9 form\u011b. Standardizovan\u00e1 botanick\u00e1 surovina pro dal\u0161\u00ed pou\u017eit\u00ed.","breadcrumb":{"@id":"https:\/\/naturalpoland.com\/cs\/produkty\/rostlinne-vytazky\/extrakt-z-lemon-myrtle\/#breadcrumb"},"inLanguage":"cs","potentialAction":[{"@type":"ReadAction","target":["https:\/\/naturalpoland.com\/cs\/produkty\/rostlinne-vytazky\/extrakt-z-lemon-myrtle\/"]}]},{"@type":"ImageObject","inLanguage":"cs","@id":"https:\/\/naturalpoland.com\/cs\/produkty\/rostlinne-vytazky\/extrakt-z-lemon-myrtle\/#primaryimage","url":"https:\/\/naturalpoland.com\/wp-content\/uploads\/ekstrakt-z-lemon-myrtle.webp","contentUrl":"https:\/\/naturalpoland.com\/wp-content\/uploads\/ekstrakt-z-lemon-myrtle.webp","width":1024,"height":1024,"caption":"Extrakt z Lemon Myrtle"},{"@type":"BreadcrumbList","@id":"https:\/\/naturalpoland.com\/cs\/produkty\/rostlinne-vytazky\/extrakt-z-lemon-myrtle\/#breadcrumb","itemListElement":[{"@type":"ListItem","position":1,"name":"Dom\u016f","item":"https:\/\/naturalpoland.com\/cs\/"},{"@type":"ListItem","position":2,"name":"Produkty","item":"https:\/\/naturalpoland.com\/cs\/produkty\/"},{"@type":"ListItem","position":3,"name":"Extrakt z Lemon Myrtle"}]},{"@type":"WebSite","@id":"https:\/\/naturalpoland.com\/cs\/#website","url":"https:\/\/naturalpoland.com\/cs\/","name":"NATURAL POLAND - Velkoobchodn\u00ed distributor surovin","description":"Surowce dla przemys\u0142u spo\u017cywczego, kosmetycznego i farmaceutycznego","publisher":{"@id":"https:\/\/naturalpoland.com\/cs\/#organization"},"potentialAction":[{"@type":"SearchAction","target":{"@type":"EntryPoint","urlTemplate":"https:\/\/naturalpoland.com\/cs\/?s={search_term_string}"},"query-input":{"@type":"PropertyValueSpecification","valueRequired":true,"valueName":"search_term_string"}}],"inLanguage":"cs"},{"@type":"Organization","@id":"https:\/\/naturalpoland.com\/cs\/#organization","name":"Natural Poland","url":"https:\/\/naturalpoland.com\/cs\/","logo":{"@type":"ImageObject","inLanguage":"cs","@id":"https:\/\/naturalpoland.com\/cs\/#\/schema\/logo\/image\/","url":"https:\/\/naturalpoland.com\/wp-content\/uploads\/2021\/05\/natural-poland-icon.png","contentUrl":"https:\/\/naturalpoland.com\/wp-content\/uploads\/2021\/05\/natural-poland-icon.png","width":512,"height":512,"caption":"Natural Poland"},"image":{"@id":"https:\/\/naturalpoland.com\/cs\/#\/schema\/logo\/image\/"},"sameAs":["https:\/\/www.facebook.com\/naturalpoland.b2b","https:\/\/pl.linkedin.com\/company\/natural-poland","https:\/\/www.youtube.com\/channel\/UCgeGGkvOMahZo-xu_MSEWxg"]}]}},"_links":{"self":[{"href":"https:\/\/naturalpoland.com\/cs\/wp-json\/wp\/v2\/product\/45164","targetHints":{"allow":["GET"]}}],"collection":[{"href":"https:\/\/naturalpoland.com\/cs\/wp-json\/wp\/v2\/product"}],"about":[{"href":"https:\/\/naturalpoland.com\/cs\/wp-json\/wp\/v2\/types\/product"}],"wp:featuredmedia":[{"embeddable":true,"href":"https:\/\/naturalpoland.com\/cs\/wp-json\/wp\/v2\/media\/45167"}],"wp:attachment":[{"href":"https:\/\/naturalpoland.com\/cs\/wp-json\/wp\/v2\/media?parent=45164"}],"wp:term":[{"taxonomy":"product_brand","embeddable":true,"href":"https:\/\/naturalpoland.com\/cs\/wp-json\/wp\/v2\/product_brand?post=45164"},{"taxonomy":"product_cat","embeddable":true,"href":"https:\/\/naturalpoland.com\/cs\/wp-json\/wp\/v2\/product_cat?post=45164"},{"taxonomy":"product_tag","embeddable":true,"href":"https:\/\/naturalpoland.com\/cs\/wp-json\/wp\/v2\/product_tag?post=45164"}],"curies":[{"name":"wp","href":"https:\/\/api.w.org\/{rel}","templated":true}]}}