{"id":46004,"date":"2026-02-17T15:17:18","date_gmt":"2026-02-17T14:17:18","guid":{"rendered":"https:\/\/naturalpoland.com\/produkty\/nezarazene\/colostrum-bovinum-bovinni-mlezivo\/"},"modified":"2026-02-19T12:29:47","modified_gmt":"2026-02-19T11:29:47","slug":"colostrum-bovinum-bovinni-mlezivo","status":"publish","type":"product","link":"https:\/\/naturalpoland.com\/cs\/produkty\/produkty-pro-farmaceuticky-a-zdravotnicky-prumysl\/pridavky-k-doplnkum-stravy\/colostrum-bovinum-bovinni-mlezivo\/","title":{"rendered":"Colostrum Bovinum (bovinn\u00ed mlezivo)"},"content":{"rendered":"<p>Colostrum bovinum je z\u00edsk\u00e1v\u00e1no v\u00fdhradn\u011b z \u010desk\u00fdch farem pod st\u00e1l\u00fdm veterin\u00e1rn\u00edm dohledem. Surovina poch\u00e1z\u00ed z prvn\u00edch hodin po otelen\u00ed, v souladu s platn\u00fdmi p\u0159edpisy EU a z\u00e1sadami dobr\u00fdch \u017eivotn\u00edch podm\u00ednek zv\u00ed\u0159at. Ka\u017ed\u00e1 \u0161ar\u017ee podl\u00e9h\u00e1 podrobn\u00e9 kontrole kvality a mikrobiologick\u00fdm test\u016fm.  <\/p>\n<h2>Vlastnosti Colostra:<\/h2>\n<p>Colostrum Bovinum je p\u0159\u00edrodn\u00ed, biologicky aktivn\u00ed surovina s vysokou koncentrac\u00ed imunoglobulin\u016f, v\u010detn\u011b IgG standardizovan\u00fdch nad 30%. Vyzna\u010duje se vysok\u00fdm obsahem b\u00edlkovin p\u0159i sou\u010dasn\u011b n\u00edzk\u00e9m obsahu tuku. Je slo\u017ekou s vysokou funk\u010dn\u00ed hodnotou d\u00edky p\u0159\u00edtomnosti bioaktivn\u00edch b\u00edlkovin, peptid\u016f, <a href=\"https:\/\/naturalpoland.com\/cs\/produkty\/produkty-pro-farmaceuticky-a-zdravotnicky-prumysl\/pridavky-k-doplnkum-stravy\/laktoferin\/\">laktoferinu<\/a> a p\u0159\u00edrodn\u00edch r\u016fstov\u00fdch faktor\u016f.  <\/p>\n<p>Surovina je rozpustn\u00e1 ve vod\u011b, vykazuje dobrou stabilitu za standardn\u00edch podm\u00ednek skladov\u00e1n\u00ed a spl\u0148uje po\u017eadavky na kvalitu surovin t\u0159\u00eddy Food Grade. Neobsahuje GMO. M\u016f\u017ee b\u00fdt pou\u017eita ve vegetari\u00e1nsk\u00fdch diet\u00e1ch, av\u0161ak vzhledem ke sv\u00e9mu ml\u00e9\u010dn\u00e9mu p\u016fvodu nen\u00ed vhodn\u00e1 pro vegany.  <\/p>\n<p>V\u00fdroba prob\u00edh\u00e1 v z\u00e1vod\u011b s certifikac\u00ed BRCGS Global Standard for Food Safety (\u00farove\u0148 AA), IFS Broker (Higher Level) a zaveden\u00fdm syst\u00e9mem HACCP. Z\u00e1vod m\u00e1 rovn\u011b\u017e certifik\u00e1t ISO 14001:2015 a certifikaci Halal. <\/p>\n<h2>Pou\u017eit\u00ed Colostra:<\/h2>\n<p>Colostrum Bovinum se pou\u017e\u00edv\u00e1 v dopl\u0148c\u00edch stravy a funk\u010dn\u00edch potravin\u00e1ch. Tato surovina podporuje <strong>p\u0159irozen\u00e9 obrann\u00e9 mechanismy organismu<\/strong> a <strong>spr\u00e1vn\u00e9 fungov\u00e1n\u00ed tr\u00e1vic\u00edho traktu<\/strong>. D\u00edky vysok\u00e9mu obsahu bioaktivn\u00edch proteinov\u00fdch frakc\u00ed je s oblibou vyu\u017e\u00edv\u00e1no v produktech ur\u010den\u00fdch pro fyzicky aktivn\u00ed osoby a ve formul\u00edch s regenera\u010dn\u00edm charakterem.  <\/p>\n<p>V kosmetick\u00e9m pr\u016fmyslu se Colostrum pou\u017e\u00edv\u00e1 v p\u0159\u00edpravc\u00edch podporuj\u00edc\u00edch regeneraci poko\u017eky, zlep\u0161en\u00ed jej\u00ed elasticity a obnovu hydrolipidov\u00e9 bari\u00e9ry. Osv\u011bd\u010duje se v dermokosmetice ur\u010den\u00e9 pro p\u00e9\u010di o citlivou, suchou a zralou ple\u0165, a tak\u00e9 ve formul\u00edch s uklid\u0148uj\u00edc\u00edm \u00fa\u010dinkem a podporuj\u00edc\u00edch procesy obnovy. <\/p>\n","protected":false},"excerpt":{"rendered":"<p><strong>Colostrum Bovinum<\/strong> je vysoce kvalitn\u00ed <strong>bovinn\u00ed mlezivo v pr\u00e1\u0161ku<\/strong>, ur\u010den\u00e9 pro pou\u017eit\u00ed v dopl\u0148kov\u00e9m, potravin\u00e1\u0159sk\u00e9m, kosmetick\u00e9m pr\u016fmyslu a ve v\u00fd\u017eiv\u011b zv\u00ed\u0159at. Produkt je standardizov\u00e1n na obsah imunoglobulin\u016f IgG nad 30%, s vysok\u00fdm obsahem b\u00edlkovin (cca 60%) a n\u00edzk\u00fdm obsahem tuku. <\/p>\n","protected":false},"featured_media":46005,"template":"","meta":[],"product_brand":[],"product_cat":[629],"product_tag":[],"class_list":{"0":"post-46004","1":"product","2":"type-product","3":"status-publish","4":"has-post-thumbnail","6":"product_cat-pridavky-k-doplnkum-stravy","8":"first","9":"instock","10":"shipping-taxable","11":"product-type-simple"},"yoast_head":"<!-- This site is optimized with the Yoast SEO plugin v27.3 - https:\/\/yoast.com\/product\/yoast-seo-wordpress\/ -->\n<title>Colostrum Bovinum (bovinn\u00ed mlezivo) - Velkoobchodn\u00ed distributor<\/title>\n<meta name=\"description\" content=\"Colostrum Bovinum \u2013 vysoce kvalitn\u00ed bovinn\u00ed mlezivo v pr\u00e1\u0161ku standardizovan\u00e9 na IgG &gt;30%. Surovina Food Grade pro dopl\u0148ky stravy, potraviny a kosmetiku\" \/>\n<meta name=\"robots\" content=\"index, follow, max-snippet:-1, max-image-preview:large, max-video-preview:-1\" \/>\n<link rel=\"canonical\" href=\"https:\/\/naturalpoland.com\/cs\/produkty\/produkty-pro-farmaceuticky-a-zdravotnicky-prumysl\/pridavky-k-doplnkum-stravy\/colostrum-bovinum-bovinni-mlezivo\/\" \/>\n<meta property=\"og:locale\" content=\"cs_CZ\" \/>\n<meta property=\"og:type\" content=\"article\" \/>\n<meta property=\"og:title\" content=\"Colostrum Bovinum (bovinn\u00ed mlezivo) - Velkoobchodn\u00ed distributor\" \/>\n<meta property=\"og:description\" content=\"Colostrum Bovinum \u2013 vysoce kvalitn\u00ed bovinn\u00ed mlezivo v pr\u00e1\u0161ku standardizovan\u00e9 na IgG &gt;30%. Surovina Food Grade pro dopl\u0148ky stravy, potraviny a kosmetiku\" \/>\n<meta property=\"og:url\" content=\"https:\/\/naturalpoland.com\/cs\/produkty\/produkty-pro-farmaceuticky-a-zdravotnicky-prumysl\/pridavky-k-doplnkum-stravy\/colostrum-bovinum-bovinni-mlezivo\/\" \/>\n<meta property=\"og:site_name\" content=\"NATURAL POLAND - Velkoobchodn\u00ed distributor surovin\" \/>\n<meta property=\"article:publisher\" content=\"https:\/\/www.facebook.com\/naturalpoland.b2b\" \/>\n<meta property=\"article:modified_time\" content=\"2026-02-19T11:29:47+00:00\" \/>\n<meta property=\"og:image\" content=\"https:\/\/naturalpoland.com\/wp-content\/uploads\/kolostrum-2.webp\" \/>\n\t<meta property=\"og:image:width\" content=\"1024\" \/>\n\t<meta property=\"og:image:height\" content=\"1024\" \/>\n\t<meta property=\"og:image:type\" content=\"image\/webp\" \/>\n<script type=\"application\/ld+json\" class=\"yoast-schema-graph\">{\"@context\":\"https:\\\/\\\/schema.org\",\"@graph\":[{\"@type\":\"WebPage\",\"@id\":\"https:\\\/\\\/naturalpoland.com\\\/cs\\\/produkty\\\/produkty-pro-farmaceuticky-a-zdravotnicky-prumysl\\\/pridavky-k-doplnkum-stravy\\\/colostrum-bovinum-bovinni-mlezivo\\\/\",\"url\":\"https:\\\/\\\/naturalpoland.com\\\/cs\\\/produkty\\\/produkty-pro-farmaceuticky-a-zdravotnicky-prumysl\\\/pridavky-k-doplnkum-stravy\\\/colostrum-bovinum-bovinni-mlezivo\\\/\",\"name\":\"Colostrum Bovinum (bovinn\u00ed mlezivo) - Velkoobchodn\u00ed distributor\",\"isPartOf\":{\"@id\":\"https:\\\/\\\/naturalpoland.com\\\/cs\\\/#website\"},\"primaryImageOfPage\":{\"@id\":\"https:\\\/\\\/naturalpoland.com\\\/cs\\\/produkty\\\/produkty-pro-farmaceuticky-a-zdravotnicky-prumysl\\\/pridavky-k-doplnkum-stravy\\\/colostrum-bovinum-bovinni-mlezivo\\\/#primaryimage\"},\"image\":{\"@id\":\"https:\\\/\\\/naturalpoland.com\\\/cs\\\/produkty\\\/produkty-pro-farmaceuticky-a-zdravotnicky-prumysl\\\/pridavky-k-doplnkum-stravy\\\/colostrum-bovinum-bovinni-mlezivo\\\/#primaryimage\"},\"thumbnailUrl\":\"https:\\\/\\\/naturalpoland.com\\\/wp-content\\\/uploads\\\/kolostrum-2.webp\",\"datePublished\":\"2026-02-17T14:17:18+00:00\",\"dateModified\":\"2026-02-19T11:29:47+00:00\",\"description\":\"Colostrum Bovinum \u2013 vysoce kvalitn\u00ed bovinn\u00ed mlezivo v pr\u00e1\u0161ku standardizovan\u00e9 na IgG >30%. Surovina Food Grade pro dopl\u0148ky stravy, potraviny a kosmetiku\",\"breadcrumb\":{\"@id\":\"https:\\\/\\\/naturalpoland.com\\\/cs\\\/produkty\\\/produkty-pro-farmaceuticky-a-zdravotnicky-prumysl\\\/pridavky-k-doplnkum-stravy\\\/colostrum-bovinum-bovinni-mlezivo\\\/#breadcrumb\"},\"inLanguage\":\"cs\",\"potentialAction\":[{\"@type\":\"ReadAction\",\"target\":[\"https:\\\/\\\/naturalpoland.com\\\/cs\\\/produkty\\\/produkty-pro-farmaceuticky-a-zdravotnicky-prumysl\\\/pridavky-k-doplnkum-stravy\\\/colostrum-bovinum-bovinni-mlezivo\\\/\"]}]},{\"@type\":\"ImageObject\",\"inLanguage\":\"cs\",\"@id\":\"https:\\\/\\\/naturalpoland.com\\\/cs\\\/produkty\\\/produkty-pro-farmaceuticky-a-zdravotnicky-prumysl\\\/pridavky-k-doplnkum-stravy\\\/colostrum-bovinum-bovinni-mlezivo\\\/#primaryimage\",\"url\":\"https:\\\/\\\/naturalpoland.com\\\/wp-content\\\/uploads\\\/kolostrum-2.webp\",\"contentUrl\":\"https:\\\/\\\/naturalpoland.com\\\/wp-content\\\/uploads\\\/kolostrum-2.webp\",\"width\":1024,\"height\":1024,\"caption\":\"Colostrum Bovinum\"},{\"@type\":\"BreadcrumbList\",\"@id\":\"https:\\\/\\\/naturalpoland.com\\\/cs\\\/produkty\\\/produkty-pro-farmaceuticky-a-zdravotnicky-prumysl\\\/pridavky-k-doplnkum-stravy\\\/colostrum-bovinum-bovinni-mlezivo\\\/#breadcrumb\",\"itemListElement\":[{\"@type\":\"ListItem\",\"position\":1,\"name\":\"Dom\u016f\",\"item\":\"https:\\\/\\\/naturalpoland.com\\\/cs\\\/\"},{\"@type\":\"ListItem\",\"position\":2,\"name\":\"Produkty\",\"item\":\"https:\\\/\\\/naturalpoland.com\\\/cs\\\/produkty\\\/\"},{\"@type\":\"ListItem\",\"position\":3,\"name\":\"Colostrum Bovinum (bovinn\u00ed mlezivo)\"}]},{\"@type\":\"WebSite\",\"@id\":\"https:\\\/\\\/naturalpoland.com\\\/cs\\\/#website\",\"url\":\"https:\\\/\\\/naturalpoland.com\\\/cs\\\/\",\"name\":\"NATURAL POLAND - Velkoobchodn\u00ed distributor surovin\",\"description\":\"Surowce dla przemys\u0142u spo\u017cywczego, kosmetycznego i farmaceutycznego\",\"publisher\":{\"@id\":\"https:\\\/\\\/naturalpoland.com\\\/cs\\\/#organization\"},\"potentialAction\":[{\"@type\":\"SearchAction\",\"target\":{\"@type\":\"EntryPoint\",\"urlTemplate\":\"https:\\\/\\\/naturalpoland.com\\\/cs\\\/?s={search_term_string}\"},\"query-input\":{\"@type\":\"PropertyValueSpecification\",\"valueRequired\":true,\"valueName\":\"search_term_string\"}}],\"inLanguage\":\"cs\"},{\"@type\":\"Organization\",\"@id\":\"https:\\\/\\\/naturalpoland.com\\\/cs\\\/#organization\",\"name\":\"Natural Poland\",\"url\":\"https:\\\/\\\/naturalpoland.com\\\/cs\\\/\",\"logo\":{\"@type\":\"ImageObject\",\"inLanguage\":\"cs\",\"@id\":\"https:\\\/\\\/naturalpoland.com\\\/cs\\\/#\\\/schema\\\/logo\\\/image\\\/\",\"url\":\"https:\\\/\\\/naturalpoland.com\\\/wp-content\\\/uploads\\\/2021\\\/05\\\/natural-poland-icon.png\",\"contentUrl\":\"https:\\\/\\\/naturalpoland.com\\\/wp-content\\\/uploads\\\/2021\\\/05\\\/natural-poland-icon.png\",\"width\":512,\"height\":512,\"caption\":\"Natural Poland\"},\"image\":{\"@id\":\"https:\\\/\\\/naturalpoland.com\\\/cs\\\/#\\\/schema\\\/logo\\\/image\\\/\"},\"sameAs\":[\"https:\\\/\\\/www.facebook.com\\\/naturalpoland.b2b\",\"https:\\\/\\\/pl.linkedin.com\\\/company\\\/natural-poland\",\"https:\\\/\\\/www.youtube.com\\\/channel\\\/UCgeGGkvOMahZo-xu_MSEWxg\"]}]}<\/script>\n<!-- \/ Yoast SEO plugin. -->","yoast_head_json":{"title":"Colostrum Bovinum (bovinn\u00ed mlezivo) - Velkoobchodn\u00ed distributor","description":"Colostrum Bovinum \u2013 vysoce kvalitn\u00ed bovinn\u00ed mlezivo v pr\u00e1\u0161ku standardizovan\u00e9 na IgG >30%. Surovina Food Grade pro dopl\u0148ky stravy, potraviny a kosmetiku","robots":{"index":"index","follow":"follow","max-snippet":"max-snippet:-1","max-image-preview":"max-image-preview:large","max-video-preview":"max-video-preview:-1"},"canonical":"https:\/\/naturalpoland.com\/cs\/produkty\/produkty-pro-farmaceuticky-a-zdravotnicky-prumysl\/pridavky-k-doplnkum-stravy\/colostrum-bovinum-bovinni-mlezivo\/","og_locale":"cs_CZ","og_type":"article","og_title":"Colostrum Bovinum (bovinn\u00ed mlezivo) - Velkoobchodn\u00ed distributor","og_description":"Colostrum Bovinum \u2013 vysoce kvalitn\u00ed bovinn\u00ed mlezivo v pr\u00e1\u0161ku standardizovan\u00e9 na IgG >30%. Surovina Food Grade pro dopl\u0148ky stravy, potraviny a kosmetiku","og_url":"https:\/\/naturalpoland.com\/cs\/produkty\/produkty-pro-farmaceuticky-a-zdravotnicky-prumysl\/pridavky-k-doplnkum-stravy\/colostrum-bovinum-bovinni-mlezivo\/","og_site_name":"NATURAL POLAND - Velkoobchodn\u00ed distributor surovin","article_publisher":"https:\/\/www.facebook.com\/naturalpoland.b2b","article_modified_time":"2026-02-19T11:29:47+00:00","og_image":[{"width":1024,"height":1024,"url":"https:\/\/naturalpoland.com\/wp-content\/uploads\/kolostrum-2.webp","type":"image\/webp"}],"schema":{"@context":"https:\/\/schema.org","@graph":[{"@type":"WebPage","@id":"https:\/\/naturalpoland.com\/cs\/produkty\/produkty-pro-farmaceuticky-a-zdravotnicky-prumysl\/pridavky-k-doplnkum-stravy\/colostrum-bovinum-bovinni-mlezivo\/","url":"https:\/\/naturalpoland.com\/cs\/produkty\/produkty-pro-farmaceuticky-a-zdravotnicky-prumysl\/pridavky-k-doplnkum-stravy\/colostrum-bovinum-bovinni-mlezivo\/","name":"Colostrum Bovinum (bovinn\u00ed mlezivo) - Velkoobchodn\u00ed distributor","isPartOf":{"@id":"https:\/\/naturalpoland.com\/cs\/#website"},"primaryImageOfPage":{"@id":"https:\/\/naturalpoland.com\/cs\/produkty\/produkty-pro-farmaceuticky-a-zdravotnicky-prumysl\/pridavky-k-doplnkum-stravy\/colostrum-bovinum-bovinni-mlezivo\/#primaryimage"},"image":{"@id":"https:\/\/naturalpoland.com\/cs\/produkty\/produkty-pro-farmaceuticky-a-zdravotnicky-prumysl\/pridavky-k-doplnkum-stravy\/colostrum-bovinum-bovinni-mlezivo\/#primaryimage"},"thumbnailUrl":"https:\/\/naturalpoland.com\/wp-content\/uploads\/kolostrum-2.webp","datePublished":"2026-02-17T14:17:18+00:00","dateModified":"2026-02-19T11:29:47+00:00","description":"Colostrum Bovinum \u2013 vysoce kvalitn\u00ed bovinn\u00ed mlezivo v pr\u00e1\u0161ku standardizovan\u00e9 na IgG >30%. Surovina Food Grade pro dopl\u0148ky stravy, potraviny a kosmetiku","breadcrumb":{"@id":"https:\/\/naturalpoland.com\/cs\/produkty\/produkty-pro-farmaceuticky-a-zdravotnicky-prumysl\/pridavky-k-doplnkum-stravy\/colostrum-bovinum-bovinni-mlezivo\/#breadcrumb"},"inLanguage":"cs","potentialAction":[{"@type":"ReadAction","target":["https:\/\/naturalpoland.com\/cs\/produkty\/produkty-pro-farmaceuticky-a-zdravotnicky-prumysl\/pridavky-k-doplnkum-stravy\/colostrum-bovinum-bovinni-mlezivo\/"]}]},{"@type":"ImageObject","inLanguage":"cs","@id":"https:\/\/naturalpoland.com\/cs\/produkty\/produkty-pro-farmaceuticky-a-zdravotnicky-prumysl\/pridavky-k-doplnkum-stravy\/colostrum-bovinum-bovinni-mlezivo\/#primaryimage","url":"https:\/\/naturalpoland.com\/wp-content\/uploads\/kolostrum-2.webp","contentUrl":"https:\/\/naturalpoland.com\/wp-content\/uploads\/kolostrum-2.webp","width":1024,"height":1024,"caption":"Colostrum Bovinum"},{"@type":"BreadcrumbList","@id":"https:\/\/naturalpoland.com\/cs\/produkty\/produkty-pro-farmaceuticky-a-zdravotnicky-prumysl\/pridavky-k-doplnkum-stravy\/colostrum-bovinum-bovinni-mlezivo\/#breadcrumb","itemListElement":[{"@type":"ListItem","position":1,"name":"Dom\u016f","item":"https:\/\/naturalpoland.com\/cs\/"},{"@type":"ListItem","position":2,"name":"Produkty","item":"https:\/\/naturalpoland.com\/cs\/produkty\/"},{"@type":"ListItem","position":3,"name":"Colostrum Bovinum (bovinn\u00ed mlezivo)"}]},{"@type":"WebSite","@id":"https:\/\/naturalpoland.com\/cs\/#website","url":"https:\/\/naturalpoland.com\/cs\/","name":"NATURAL POLAND - Velkoobchodn\u00ed distributor surovin","description":"Surowce dla przemys\u0142u spo\u017cywczego, kosmetycznego i farmaceutycznego","publisher":{"@id":"https:\/\/naturalpoland.com\/cs\/#organization"},"potentialAction":[{"@type":"SearchAction","target":{"@type":"EntryPoint","urlTemplate":"https:\/\/naturalpoland.com\/cs\/?s={search_term_string}"},"query-input":{"@type":"PropertyValueSpecification","valueRequired":true,"valueName":"search_term_string"}}],"inLanguage":"cs"},{"@type":"Organization","@id":"https:\/\/naturalpoland.com\/cs\/#organization","name":"Natural Poland","url":"https:\/\/naturalpoland.com\/cs\/","logo":{"@type":"ImageObject","inLanguage":"cs","@id":"https:\/\/naturalpoland.com\/cs\/#\/schema\/logo\/image\/","url":"https:\/\/naturalpoland.com\/wp-content\/uploads\/2021\/05\/natural-poland-icon.png","contentUrl":"https:\/\/naturalpoland.com\/wp-content\/uploads\/2021\/05\/natural-poland-icon.png","width":512,"height":512,"caption":"Natural Poland"},"image":{"@id":"https:\/\/naturalpoland.com\/cs\/#\/schema\/logo\/image\/"},"sameAs":["https:\/\/www.facebook.com\/naturalpoland.b2b","https:\/\/pl.linkedin.com\/company\/natural-poland","https:\/\/www.youtube.com\/channel\/UCgeGGkvOMahZo-xu_MSEWxg"]}]}},"_links":{"self":[{"href":"https:\/\/naturalpoland.com\/cs\/wp-json\/wp\/v2\/product\/46004","targetHints":{"allow":["GET"]}}],"collection":[{"href":"https:\/\/naturalpoland.com\/cs\/wp-json\/wp\/v2\/product"}],"about":[{"href":"https:\/\/naturalpoland.com\/cs\/wp-json\/wp\/v2\/types\/product"}],"wp:featuredmedia":[{"embeddable":true,"href":"https:\/\/naturalpoland.com\/cs\/wp-json\/wp\/v2\/media\/46005"}],"wp:attachment":[{"href":"https:\/\/naturalpoland.com\/cs\/wp-json\/wp\/v2\/media?parent=46004"}],"wp:term":[{"taxonomy":"product_brand","embeddable":true,"href":"https:\/\/naturalpoland.com\/cs\/wp-json\/wp\/v2\/product_brand?post=46004"},{"taxonomy":"product_cat","embeddable":true,"href":"https:\/\/naturalpoland.com\/cs\/wp-json\/wp\/v2\/product_cat?post=46004"},{"taxonomy":"product_tag","embeddable":true,"href":"https:\/\/naturalpoland.com\/cs\/wp-json\/wp\/v2\/product_tag?post=46004"}],"curies":[{"name":"wp","href":"https:\/\/api.w.org\/{rel}","templated":true}]}}