{"id":46543,"date":"2026-03-05T13:54:06","date_gmt":"2026-03-05T12:54:06","guid":{"rendered":"https:\/\/naturalpoland.com\/produkty\/nezarazene\/extrakt-z-cekanky\/"},"modified":"2026-03-10T13:27:26","modified_gmt":"2026-03-10T12:27:26","slug":"extrakt-z-cekanky","status":"publish","type":"product","link":"https:\/\/naturalpoland.com\/cs\/produkty\/rostlinne-vytazky\/extrakt-z-cekanky\/","title":{"rendered":"Extrakt z \u010dekanky"},"content":{"rendered":"<h2>Vlastnosti a \u00fa\u010dinky extraktu z \u010dekanky:<\/h2>\n<p><strong>Ko\u0159en \u010dekanky<\/strong> je zn\u00e1m\u00fdm zdrojem \u010detn\u00fdch bioaktivn\u00edch l\u00e1tek, v\u010detn\u011b <a href=\"https:\/\/naturalpoland.com\/cs\/produkty\/produkty-pro-farmaceuticky-a-zdravotnicky-prumysl\/pridavky-k-doplnkum-stravy\/inulin\/\"><strong>inulinu<\/strong><\/a>, <strong>polyfenol\u016f<\/strong>, <strong>fenolick\u00fdch slou\u010denin<\/strong> a <strong>miner\u00e1ln\u00edch l\u00e1tek<\/strong>. Inulin, jako\u017eto p\u0159\u00edrodn\u00ed prebiotikum, je jednou z nejd\u016fle\u017eit\u011bj\u0161\u00edch slo\u017eek \u010dekanky. Tato l\u00e1tka m\u016f\u017ee podporovat rozvoj prosp\u011b\u0161n\u00e9 st\u0159evn\u00ed mikrofl\u00f3ry, proto se suroviny z\u00edsk\u00e1van\u00e9 z \u010dekanky \u010dasto objevuj\u00ed v p\u0159\u00edpravc\u00edch podporuj\u00edc\u00edch spr\u00e1vn\u00e9 fungov\u00e1n\u00ed tr\u00e1vic\u00edho syst\u00e9mu.  <\/p>\n<p>Extrakt z \u010dekanky je cen\u011bn tak\u00e9 pro antioxida\u010dn\u00ed vlastnosti. Obsa\u017een\u00e9 rostlinn\u00e9 l\u00e1tky pom\u00e1haj\u00ed neutralizovat voln\u00e9 radik\u00e1ly a omezovat oxidativn\u00ed stres, kter\u00fd m\u016f\u017ee ovliv\u0148ovat procesy st\u00e1rnut\u00ed bun\u011bk. Z tohoto d\u016fvodu nach\u00e1z\u00ed extrakt uplatn\u011bn\u00ed v produktech zam\u011b\u0159en\u00fdch na bun\u011b\u010dnou ochranu a podporu metabolismu.  <\/p>\n<p>V kosmetice se extrakt z \u010dekanky vyu\u017e\u00edv\u00e1 d\u00edky sv\u00fdm <strong>hydrata\u010dn\u00edm a zklid\u0148uj\u00edc\u00edm vlastnostem<\/strong>. Glycerin obsa\u017een\u00fd v extraktu pom\u00e1h\u00e1 udr\u017eovat odpov\u00eddaj\u00edc\u00ed \u00farove\u0148 hydratace poko\u017eky a rostlinn\u00e9 l\u00e1tky p\u0159\u00edtomn\u00e9 v ko\u0159eni \u010dekanky mohou ovliv\u0148ovat zlep\u0161en\u00ed kondice poko\u017eky a podporovat jej\u00ed p\u0159irozenou ochrannou bari\u00e9ru. Z tohoto d\u016fvodu se extrakt objevuje ve slo\u017een\u00ed kosmetiky ur\u010den\u00e9 pro p\u00e9\u010di o suchou, unavenou a regeneraci vy\u017eaduj\u00edc\u00ed poko\u017eku.  <\/p>\n<p>Extrakt z \u010dekanky m\u016f\u017ee b\u00fdt tak\u00e9 pou\u017e\u00edv\u00e1n v produktech ur\u010den\u00fdch pro p\u00e9\u010di o citlivou poko\u017eku, kde jeho zklid\u0148uj\u00edc\u00ed vlastnosti pom\u00e1haj\u00ed zlep\u0161it komfort poko\u017eky a sn\u00ed\u017eit pocit podr\u00e1\u017ed\u011bn\u00ed.<\/p>\n<h2>Pou\u017eit\u00ed extraktu z \u010dekanky:<\/h2>\n<p>Glycerinovo-vodn\u00ed extrakt z \u010dekanky nach\u00e1z\u00ed uplatn\u011bn\u00ed p\u0159edev\u0161\u00edm v:<\/p>\n<ul>\n<li>hydrata\u010dn\u00ed a regenera\u010dn\u00ed kosmetice,<\/li>\n<li>tonic\u00edch a esenc\u00edch pro p\u00e9\u010di o poko\u017eku,<\/li>\n<li>kr\u00e9mech a s\u00e9rech s antioxida\u010dn\u00edm \u00fa\u010dinkem,<\/li>\n<li>p\u0159\u00edpravc\u00edch podporuj\u00edc\u00edch mikrobiom poko\u017eky,<\/li>\n<li>p\u0159\u00edrodn\u00edch produktech a rostlinn\u00e9 kosmetice.<\/li>\n<\/ul>\n<p>Surovina se dob\u0159e rozpou\u0161t\u00ed \u010d\u00e1ste\u010dn\u011b ve vod\u011b a alkoholu, zat\u00edmco je nerozpustn\u00e1 v miner\u00e1ln\u00edch olej\u00edch. Doporu\u010duje se pro pou\u017eit\u00ed ve vodn\u00edch a hydroalkoholick\u00fdch formulac\u00edch. <\/p>\n<p>Produkt spl\u0148uje mikrobiologick\u00e9 a jakostn\u00ed po\u017eadavky, neobsahuje GMO a nebyl podroben oza\u0159ov\u00e1n\u00ed.<\/p>\n","protected":false},"excerpt":{"rendered":"<p><strong>Extrakt z \u010dekanky<\/strong> se z\u00edsk\u00e1v\u00e1 z ko\u0159ene rostliny <em>Cichorium intybus L.<\/em> Surovina m\u00e1 podobu glycerinovo-vodn\u00edho extraktu, z\u00edsk\u00e1van\u00e9ho extrakc\u00ed su\u0161en\u00e9 rostlinn\u00e9 suroviny sm\u011bs\u00ed vody a glycerinu v pom\u011bru 1:1.<\/p>\n","protected":false},"featured_media":46544,"template":"","meta":{"_acf_changed":false},"product_brand":[],"product_cat":[622],"product_tag":[],"class_list":{"0":"post-46543","1":"product","2":"type-product","3":"status-publish","4":"has-post-thumbnail","6":"product_cat-rostlinne-vytazky","7":"pa_czesc-rosliny-root","9":"first","10":"instock","11":"shipping-taxable","12":"product-type-simple"},"acf":[],"yoast_head":"<!-- This site is optimized with the Yoast SEO plugin v27.5 - https:\/\/yoast.com\/product\/yoast-seo-wordpress\/ -->\n<title>Extrakt z \u010dekanky - Velkoobchodn\u00ed distributor<\/title>\n<meta name=\"description\" content=\"Extrakt z \u010dekanky (Cichorium intybus) je p\u0159\u00edrodn\u00ed rostlinn\u00e1 surovina s hydrata\u010dn\u00edmi a antioxida\u010dn\u00edmi vlastnostmi pro kosmetiku.\" \/>\n<meta name=\"robots\" content=\"index, follow, max-snippet:-1, max-image-preview:large, max-video-preview:-1\" \/>\n<link rel=\"canonical\" href=\"https:\/\/naturalpoland.com\/cs\/produkty\/rostlinne-vytazky\/extrakt-z-cekanky\/\" \/>\n<meta property=\"og:locale\" content=\"cs_CZ\" \/>\n<meta property=\"og:type\" content=\"article\" \/>\n<meta property=\"og:title\" content=\"Extrakt z \u010dekanky - Velkoobchodn\u00ed distributor\" \/>\n<meta property=\"og:description\" content=\"Extrakt z \u010dekanky (Cichorium intybus) je p\u0159\u00edrodn\u00ed rostlinn\u00e1 surovina s hydrata\u010dn\u00edmi a antioxida\u010dn\u00edmi vlastnostmi pro kosmetiku.\" \/>\n<meta property=\"og:url\" content=\"https:\/\/naturalpoland.com\/cs\/produkty\/rostlinne-vytazky\/extrakt-z-cekanky\/\" \/>\n<meta property=\"og:site_name\" content=\"NATURAL POLAND - Velkoobchodn\u00ed distributor surovin\" \/>\n<meta property=\"article:publisher\" content=\"https:\/\/www.facebook.com\/naturalpoland.b2b\" \/>\n<meta property=\"article:modified_time\" content=\"2026-03-10T12:27:26+00:00\" \/>\n<meta property=\"og:image\" content=\"https:\/\/naturalpoland.com\/wp-content\/uploads\/ekstrakt-glicerynowo-wodny-z-cykorii.webp\" \/>\n\t<meta property=\"og:image:width\" content=\"350\" \/>\n\t<meta property=\"og:image:height\" content=\"350\" \/>\n\t<meta property=\"og:image:type\" content=\"image\/webp\" \/>\n<script type=\"application\/ld+json\" class=\"yoast-schema-graph\">{\"@context\":\"https:\\\/\\\/schema.org\",\"@graph\":[{\"@type\":\"WebPage\",\"@id\":\"https:\\\/\\\/naturalpoland.com\\\/cs\\\/produkty\\\/rostlinne-vytazky\\\/extrakt-z-cekanky\\\/\",\"url\":\"https:\\\/\\\/naturalpoland.com\\\/cs\\\/produkty\\\/rostlinne-vytazky\\\/extrakt-z-cekanky\\\/\",\"name\":\"Extrakt z \u010dekanky - Velkoobchodn\u00ed distributor\",\"isPartOf\":{\"@id\":\"https:\\\/\\\/naturalpoland.com\\\/cs\\\/#website\"},\"primaryImageOfPage\":{\"@id\":\"https:\\\/\\\/naturalpoland.com\\\/cs\\\/produkty\\\/rostlinne-vytazky\\\/extrakt-z-cekanky\\\/#primaryimage\"},\"image\":{\"@id\":\"https:\\\/\\\/naturalpoland.com\\\/cs\\\/produkty\\\/rostlinne-vytazky\\\/extrakt-z-cekanky\\\/#primaryimage\"},\"thumbnailUrl\":\"https:\\\/\\\/naturalpoland.com\\\/wp-content\\\/uploads\\\/ekstrakt-glicerynowo-wodny-z-cykorii.webp\",\"datePublished\":\"2026-03-05T12:54:06+00:00\",\"dateModified\":\"2026-03-10T12:27:26+00:00\",\"description\":\"Extrakt z \u010dekanky (Cichorium intybus) je p\u0159\u00edrodn\u00ed rostlinn\u00e1 surovina s hydrata\u010dn\u00edmi a antioxida\u010dn\u00edmi vlastnostmi pro kosmetiku.\",\"breadcrumb\":{\"@id\":\"https:\\\/\\\/naturalpoland.com\\\/cs\\\/produkty\\\/rostlinne-vytazky\\\/extrakt-z-cekanky\\\/#breadcrumb\"},\"inLanguage\":\"cs\",\"potentialAction\":[{\"@type\":\"ReadAction\",\"target\":[\"https:\\\/\\\/naturalpoland.com\\\/cs\\\/produkty\\\/rostlinne-vytazky\\\/extrakt-z-cekanky\\\/\"]}]},{\"@type\":\"ImageObject\",\"inLanguage\":\"cs\",\"@id\":\"https:\\\/\\\/naturalpoland.com\\\/cs\\\/produkty\\\/rostlinne-vytazky\\\/extrakt-z-cekanky\\\/#primaryimage\",\"url\":\"https:\\\/\\\/naturalpoland.com\\\/wp-content\\\/uploads\\\/ekstrakt-glicerynowo-wodny-z-cykorii.webp\",\"contentUrl\":\"https:\\\/\\\/naturalpoland.com\\\/wp-content\\\/uploads\\\/ekstrakt-glicerynowo-wodny-z-cykorii.webp\",\"width\":350,\"height\":350,\"caption\":\"glycerinovo-vodn\u00ed extrakt z \u010dekanky\"},{\"@type\":\"BreadcrumbList\",\"@id\":\"https:\\\/\\\/naturalpoland.com\\\/cs\\\/produkty\\\/rostlinne-vytazky\\\/extrakt-z-cekanky\\\/#breadcrumb\",\"itemListElement\":[{\"@type\":\"ListItem\",\"position\":1,\"name\":\"Dom\u016f\",\"item\":\"https:\\\/\\\/naturalpoland.com\\\/cs\\\/\"},{\"@type\":\"ListItem\",\"position\":2,\"name\":\"Produkty\",\"item\":\"https:\\\/\\\/naturalpoland.com\\\/cs\\\/produkty\\\/\"},{\"@type\":\"ListItem\",\"position\":3,\"name\":\"Extrakt z \u010dekanky\"}]},{\"@type\":\"WebSite\",\"@id\":\"https:\\\/\\\/naturalpoland.com\\\/cs\\\/#website\",\"url\":\"https:\\\/\\\/naturalpoland.com\\\/cs\\\/\",\"name\":\"NATURAL POLAND - Velkoobchodn\u00ed distributor surovin\",\"description\":\"Surowce dla przemys\u0142u spo\u017cywczego, kosmetycznego i farmaceutycznego\",\"publisher\":{\"@id\":\"https:\\\/\\\/naturalpoland.com\\\/cs\\\/#organization\"},\"potentialAction\":[{\"@type\":\"SearchAction\",\"target\":{\"@type\":\"EntryPoint\",\"urlTemplate\":\"https:\\\/\\\/naturalpoland.com\\\/cs\\\/?s={search_term_string}\"},\"query-input\":{\"@type\":\"PropertyValueSpecification\",\"valueRequired\":true,\"valueName\":\"search_term_string\"}}],\"inLanguage\":\"cs\"},{\"@type\":\"Organization\",\"@id\":\"https:\\\/\\\/naturalpoland.com\\\/cs\\\/#organization\",\"name\":\"Natural Poland\",\"url\":\"https:\\\/\\\/naturalpoland.com\\\/cs\\\/\",\"logo\":{\"@type\":\"ImageObject\",\"inLanguage\":\"cs\",\"@id\":\"https:\\\/\\\/naturalpoland.com\\\/cs\\\/#\\\/schema\\\/logo\\\/image\\\/\",\"url\":\"https:\\\/\\\/naturalpoland.com\\\/wp-content\\\/uploads\\\/2021\\\/05\\\/natural-poland-icon.png\",\"contentUrl\":\"https:\\\/\\\/naturalpoland.com\\\/wp-content\\\/uploads\\\/2021\\\/05\\\/natural-poland-icon.png\",\"width\":512,\"height\":512,\"caption\":\"Natural Poland\"},\"image\":{\"@id\":\"https:\\\/\\\/naturalpoland.com\\\/cs\\\/#\\\/schema\\\/logo\\\/image\\\/\"},\"sameAs\":[\"https:\\\/\\\/www.facebook.com\\\/naturalpoland.b2b\",\"https:\\\/\\\/pl.linkedin.com\\\/company\\\/natural-poland\",\"https:\\\/\\\/www.youtube.com\\\/channel\\\/UCgeGGkvOMahZo-xu_MSEWxg\"]}]}<\/script>\n<!-- \/ Yoast SEO plugin. -->","yoast_head_json":{"title":"Extrakt z \u010dekanky - Velkoobchodn\u00ed distributor","description":"Extrakt z \u010dekanky (Cichorium intybus) je p\u0159\u00edrodn\u00ed rostlinn\u00e1 surovina s hydrata\u010dn\u00edmi a antioxida\u010dn\u00edmi vlastnostmi pro kosmetiku.","robots":{"index":"index","follow":"follow","max-snippet":"max-snippet:-1","max-image-preview":"max-image-preview:large","max-video-preview":"max-video-preview:-1"},"canonical":"https:\/\/naturalpoland.com\/cs\/produkty\/rostlinne-vytazky\/extrakt-z-cekanky\/","og_locale":"cs_CZ","og_type":"article","og_title":"Extrakt z \u010dekanky - Velkoobchodn\u00ed distributor","og_description":"Extrakt z \u010dekanky (Cichorium intybus) je p\u0159\u00edrodn\u00ed rostlinn\u00e1 surovina s hydrata\u010dn\u00edmi a antioxida\u010dn\u00edmi vlastnostmi pro kosmetiku.","og_url":"https:\/\/naturalpoland.com\/cs\/produkty\/rostlinne-vytazky\/extrakt-z-cekanky\/","og_site_name":"NATURAL POLAND - Velkoobchodn\u00ed distributor surovin","article_publisher":"https:\/\/www.facebook.com\/naturalpoland.b2b","article_modified_time":"2026-03-10T12:27:26+00:00","og_image":[{"width":350,"height":350,"url":"https:\/\/naturalpoland.com\/wp-content\/uploads\/ekstrakt-glicerynowo-wodny-z-cykorii.webp","type":"image\/webp"}],"schema":{"@context":"https:\/\/schema.org","@graph":[{"@type":"WebPage","@id":"https:\/\/naturalpoland.com\/cs\/produkty\/rostlinne-vytazky\/extrakt-z-cekanky\/","url":"https:\/\/naturalpoland.com\/cs\/produkty\/rostlinne-vytazky\/extrakt-z-cekanky\/","name":"Extrakt z \u010dekanky - Velkoobchodn\u00ed distributor","isPartOf":{"@id":"https:\/\/naturalpoland.com\/cs\/#website"},"primaryImageOfPage":{"@id":"https:\/\/naturalpoland.com\/cs\/produkty\/rostlinne-vytazky\/extrakt-z-cekanky\/#primaryimage"},"image":{"@id":"https:\/\/naturalpoland.com\/cs\/produkty\/rostlinne-vytazky\/extrakt-z-cekanky\/#primaryimage"},"thumbnailUrl":"https:\/\/naturalpoland.com\/wp-content\/uploads\/ekstrakt-glicerynowo-wodny-z-cykorii.webp","datePublished":"2026-03-05T12:54:06+00:00","dateModified":"2026-03-10T12:27:26+00:00","description":"Extrakt z \u010dekanky (Cichorium intybus) je p\u0159\u00edrodn\u00ed rostlinn\u00e1 surovina s hydrata\u010dn\u00edmi a antioxida\u010dn\u00edmi vlastnostmi pro kosmetiku.","breadcrumb":{"@id":"https:\/\/naturalpoland.com\/cs\/produkty\/rostlinne-vytazky\/extrakt-z-cekanky\/#breadcrumb"},"inLanguage":"cs","potentialAction":[{"@type":"ReadAction","target":["https:\/\/naturalpoland.com\/cs\/produkty\/rostlinne-vytazky\/extrakt-z-cekanky\/"]}]},{"@type":"ImageObject","inLanguage":"cs","@id":"https:\/\/naturalpoland.com\/cs\/produkty\/rostlinne-vytazky\/extrakt-z-cekanky\/#primaryimage","url":"https:\/\/naturalpoland.com\/wp-content\/uploads\/ekstrakt-glicerynowo-wodny-z-cykorii.webp","contentUrl":"https:\/\/naturalpoland.com\/wp-content\/uploads\/ekstrakt-glicerynowo-wodny-z-cykorii.webp","width":350,"height":350,"caption":"glycerinovo-vodn\u00ed extrakt z \u010dekanky"},{"@type":"BreadcrumbList","@id":"https:\/\/naturalpoland.com\/cs\/produkty\/rostlinne-vytazky\/extrakt-z-cekanky\/#breadcrumb","itemListElement":[{"@type":"ListItem","position":1,"name":"Dom\u016f","item":"https:\/\/naturalpoland.com\/cs\/"},{"@type":"ListItem","position":2,"name":"Produkty","item":"https:\/\/naturalpoland.com\/cs\/produkty\/"},{"@type":"ListItem","position":3,"name":"Extrakt z \u010dekanky"}]},{"@type":"WebSite","@id":"https:\/\/naturalpoland.com\/cs\/#website","url":"https:\/\/naturalpoland.com\/cs\/","name":"NATURAL POLAND - Velkoobchodn\u00ed distributor surovin","description":"Surowce dla przemys\u0142u spo\u017cywczego, kosmetycznego i farmaceutycznego","publisher":{"@id":"https:\/\/naturalpoland.com\/cs\/#organization"},"potentialAction":[{"@type":"SearchAction","target":{"@type":"EntryPoint","urlTemplate":"https:\/\/naturalpoland.com\/cs\/?s={search_term_string}"},"query-input":{"@type":"PropertyValueSpecification","valueRequired":true,"valueName":"search_term_string"}}],"inLanguage":"cs"},{"@type":"Organization","@id":"https:\/\/naturalpoland.com\/cs\/#organization","name":"Natural Poland","url":"https:\/\/naturalpoland.com\/cs\/","logo":{"@type":"ImageObject","inLanguage":"cs","@id":"https:\/\/naturalpoland.com\/cs\/#\/schema\/logo\/image\/","url":"https:\/\/naturalpoland.com\/wp-content\/uploads\/2021\/05\/natural-poland-icon.png","contentUrl":"https:\/\/naturalpoland.com\/wp-content\/uploads\/2021\/05\/natural-poland-icon.png","width":512,"height":512,"caption":"Natural Poland"},"image":{"@id":"https:\/\/naturalpoland.com\/cs\/#\/schema\/logo\/image\/"},"sameAs":["https:\/\/www.facebook.com\/naturalpoland.b2b","https:\/\/pl.linkedin.com\/company\/natural-poland","https:\/\/www.youtube.com\/channel\/UCgeGGkvOMahZo-xu_MSEWxg"]}]}},"_links":{"self":[{"href":"https:\/\/naturalpoland.com\/cs\/wp-json\/wp\/v2\/product\/46543","targetHints":{"allow":["GET"]}}],"collection":[{"href":"https:\/\/naturalpoland.com\/cs\/wp-json\/wp\/v2\/product"}],"about":[{"href":"https:\/\/naturalpoland.com\/cs\/wp-json\/wp\/v2\/types\/product"}],"wp:featuredmedia":[{"embeddable":true,"href":"https:\/\/naturalpoland.com\/cs\/wp-json\/wp\/v2\/media\/46544"}],"wp:attachment":[{"href":"https:\/\/naturalpoland.com\/cs\/wp-json\/wp\/v2\/media?parent=46543"}],"wp:term":[{"taxonomy":"product_brand","embeddable":true,"href":"https:\/\/naturalpoland.com\/cs\/wp-json\/wp\/v2\/product_brand?post=46543"},{"taxonomy":"product_cat","embeddable":true,"href":"https:\/\/naturalpoland.com\/cs\/wp-json\/wp\/v2\/product_cat?post=46543"},{"taxonomy":"product_tag","embeddable":true,"href":"https:\/\/naturalpoland.com\/cs\/wp-json\/wp\/v2\/product_tag?post=46543"}],"curies":[{"name":"wp","href":"https:\/\/api.w.org\/{rel}","templated":true}]}}