{"id":46551,"date":"2026-03-05T14:14:22","date_gmt":"2026-03-05T13:14:22","guid":{"rendered":"https:\/\/naturalpoland.com\/produkty\/nezarazene\/extrakt-z-kardamomu\/"},"modified":"2026-03-10T13:49:33","modified_gmt":"2026-03-10T12:49:33","slug":"extrakt-z-kardamomu","status":"publish","type":"product","link":"https:\/\/naturalpoland.com\/cs\/produkty\/rostlinne-vytazky\/extrakt-z-kardamomu\/","title":{"rendered":"Extrakt z kardamomu"},"content":{"rendered":"<h2>Vlastnosti a \u00fa\u010dinky extraktu z kardamomu:<\/h2>\n<p>Kardamom je rostlina bohat\u00e1 na p\u0159\u00edrodn\u00ed \u00e9terick\u00e9 oleje, fenolick\u00e9 slou\u010deniny a dal\u0161\u00ed bioaktivn\u00ed slo\u017eky, kter\u00e9 jsou zodpov\u011bdn\u00e9 za jeho intenzivn\u00ed aroma a funk\u010dn\u00ed vlastnosti. Tyto slou\u010deniny vykazuj\u00ed antioxida\u010dn\u00ed \u00fa\u010dinky, pom\u00e1haj\u00ed chr\u00e1nit bu\u0148ky organismu p\u0159ed p\u016fsoben\u00edm voln\u00fdch radik\u00e1l\u016f a oxida\u010dn\u00edm stresem. <\/p>\n<p>Extrakt z kardamomu pozitivn\u011b ovliv\u0148uje tr\u00e1vic\u00ed procesy, a to <strong>zlep\u0161en\u00edm funkce tr\u00e1vic\u00edho syst\u00e9mu<\/strong>, lep\u0161\u00edm vylu\u010dov\u00e1n\u00edm tr\u00e1vic\u00edch \u0161\u0165\u00e1v a zlep\u0161en\u00edm tr\u00e1ven\u00ed po konzumaci t\u011b\u017eko straviteln\u00fdch j\u00eddel.<\/p>\n<p>V kosmetice se extrakt z kardamomu pou\u017e\u00edv\u00e1 jako slo\u017eka p\u0159\u00edpravk\u016f s <strong>osv\u011b\u017euj\u00edc\u00edmi a tonizuj\u00edc\u00edmi<\/strong> \u00fa\u010dinky. Aromatick\u00e9 slou\u010deniny p\u0159\u00edtomn\u00e9 v rostlin\u011b mohou p\u0159isp\u00edvat ke zlep\u0161en\u00ed stavu poko\u017eky a antioxida\u010dn\u00ed vlastnosti pom\u00e1haj\u00ed chr\u00e1nit ji p\u0159ed vlivy prost\u0159ed\u00ed. Glycerin obsa\u017een\u00fd v extraktu nav\u00edc podporuje udr\u017een\u00ed optim\u00e1ln\u00ed \u00farovn\u011b hydratace poko\u017eky.  <\/p>\n<p>Extrakt z kardamomu lze tak\u00e9 pou\u017e\u00edt v aromatick\u00fdch produktech a vonn\u00fdch formulac\u00edch, kde jeho p\u0159irozen\u00e9 ko\u0159en\u011bn\u00e9 aroma dod\u00e1v\u00e1 kompozic\u00edm charakteristick\u00fd, tepl\u00fd vonn\u00fd profil.<\/p>\n<h2>Pou\u017eit\u00ed extraktu z kardamomu:<\/h2>\n<p>Extrakt z kardamomu se pou\u017e\u00edv\u00e1 v mnoha pr\u016fmyslov\u00fdch odv\u011btv\u00edch, mimo jin\u00e9 v:<\/p>\n<ul>\n<li>dopl\u0148c\u00edch stravy podporuj\u00edc\u00edch tr\u00e1ven\u00ed,<\/li>\n<li>potravin\u00e1\u0159sk\u00fdch v\u00fdrobc\u00edch a funk\u010dn\u00edch n\u00e1poj\u00edch,<\/li>\n<li>pe\u010duj\u00edc\u00ed a tonizuj\u00edc\u00ed kosmetice,<\/li>\n<li>aromaterapeutick\u00fdch p\u0159\u00edpravc\u00edch,<\/li>\n<li>p\u0159\u00edrodn\u00edch produktech a rostlinn\u00fdch kosmetick\u00fdch formulac\u00edch.<\/li>\n<\/ul>\n<p>Surovina je dob\u0159e rozpustn\u00e1 ve vod\u011b a \u010d\u00e1ste\u010dn\u011b v alkoholu, av\u0161ak nerozpustn\u00e1 v miner\u00e1ln\u00edch olej\u00edch. Produkt spl\u0148uje mikrobiologick\u00e9 po\u017eadavky a normy pro obsah t\u011b\u017ek\u00fdch kov\u016f a pesticid\u016f, neobsahuje GMO a nebyl oza\u0159ov\u00e1n. <\/p>\n","protected":false},"excerpt":{"rendered":"<p><strong>Extrakt z kardamomu<\/strong> se z\u00edsk\u00e1v\u00e1 ze semen rostliny <em>Elettaria cardamomum<\/em> a m\u00e1 formu glycerino-vodn\u00e9ho extraktu, z\u00edskan\u00e9ho extrakc\u00ed su\u0161en\u00e9 rostlinn\u00e9 suroviny sm\u011bs\u00ed vody a glycerinu v pom\u011bru 1:1.<\/p>\n","protected":false},"featured_media":46552,"template":"","meta":{"_acf_changed":false},"product_brand":[],"product_cat":[622],"product_tag":[],"class_list":{"0":"post-46551","1":"product","2":"type-product","3":"status-publish","4":"has-post-thumbnail","6":"product_cat-rostlinne-vytazky","7":"pa_czesc-rosliny-semena","9":"first","10":"instock","11":"shipping-taxable","12":"product-type-simple"},"acf":[],"yoast_head":"<!-- This site is optimized with the Yoast SEO plugin v27.5 - https:\/\/yoast.com\/product\/yoast-seo-wordpress\/ -->\n<title>Extrakt z kardamomu - Velkoobchodn\u00ed distributor<\/title>\n<meta name=\"description\" content=\"Extrakt z kardamomu (Elettaria cardamomum) je p\u0159\u00edrodn\u00ed rostlinn\u00e1 surovina s aromatick\u00fdmi vlastnostmi a podporuj\u00edc\u00ed tr\u00e1ven\u00ed.\" \/>\n<meta name=\"robots\" content=\"index, follow, max-snippet:-1, max-image-preview:large, max-video-preview:-1\" \/>\n<link rel=\"canonical\" href=\"https:\/\/naturalpoland.com\/cs\/produkty\/rostlinne-vytazky\/extrakt-z-kardamomu\/\" \/>\n<meta property=\"og:locale\" content=\"cs_CZ\" \/>\n<meta property=\"og:type\" content=\"article\" \/>\n<meta property=\"og:title\" content=\"Extrakt z kardamomu - Velkoobchodn\u00ed distributor\" \/>\n<meta property=\"og:description\" content=\"Extrakt z kardamomu (Elettaria cardamomum) je p\u0159\u00edrodn\u00ed rostlinn\u00e1 surovina s aromatick\u00fdmi vlastnostmi a podporuj\u00edc\u00ed tr\u00e1ven\u00ed.\" \/>\n<meta property=\"og:url\" content=\"https:\/\/naturalpoland.com\/cs\/produkty\/rostlinne-vytazky\/extrakt-z-kardamomu\/\" \/>\n<meta property=\"og:site_name\" content=\"NATURAL POLAND - Velkoobchodn\u00ed distributor surovin\" \/>\n<meta property=\"article:publisher\" content=\"https:\/\/www.facebook.com\/naturalpoland.b2b\" \/>\n<meta property=\"article:modified_time\" content=\"2026-03-10T12:49:33+00:00\" \/>\n<meta property=\"og:image\" content=\"https:\/\/naturalpoland.com\/wp-content\/uploads\/ekstrakt-z-kardamonu.webp\" \/>\n\t<meta property=\"og:image:width\" content=\"1024\" \/>\n\t<meta property=\"og:image:height\" content=\"1024\" \/>\n\t<meta property=\"og:image:type\" content=\"image\/webp\" \/>\n<script type=\"application\/ld+json\" class=\"yoast-schema-graph\">{\"@context\":\"https:\\\/\\\/schema.org\",\"@graph\":[{\"@type\":\"WebPage\",\"@id\":\"https:\\\/\\\/naturalpoland.com\\\/cs\\\/produkty\\\/rostlinne-vytazky\\\/extrakt-z-kardamomu\\\/\",\"url\":\"https:\\\/\\\/naturalpoland.com\\\/cs\\\/produkty\\\/rostlinne-vytazky\\\/extrakt-z-kardamomu\\\/\",\"name\":\"Extrakt z kardamomu - Velkoobchodn\u00ed distributor\",\"isPartOf\":{\"@id\":\"https:\\\/\\\/naturalpoland.com\\\/cs\\\/#website\"},\"primaryImageOfPage\":{\"@id\":\"https:\\\/\\\/naturalpoland.com\\\/cs\\\/produkty\\\/rostlinne-vytazky\\\/extrakt-z-kardamomu\\\/#primaryimage\"},\"image\":{\"@id\":\"https:\\\/\\\/naturalpoland.com\\\/cs\\\/produkty\\\/rostlinne-vytazky\\\/extrakt-z-kardamomu\\\/#primaryimage\"},\"thumbnailUrl\":\"https:\\\/\\\/naturalpoland.com\\\/wp-content\\\/uploads\\\/ekstrakt-z-kardamonu.webp\",\"datePublished\":\"2026-03-05T13:14:22+00:00\",\"dateModified\":\"2026-03-10T12:49:33+00:00\",\"description\":\"Extrakt z kardamomu (Elettaria cardamomum) je p\u0159\u00edrodn\u00ed rostlinn\u00e1 surovina s aromatick\u00fdmi vlastnostmi a podporuj\u00edc\u00ed tr\u00e1ven\u00ed.\",\"breadcrumb\":{\"@id\":\"https:\\\/\\\/naturalpoland.com\\\/cs\\\/produkty\\\/rostlinne-vytazky\\\/extrakt-z-kardamomu\\\/#breadcrumb\"},\"inLanguage\":\"cs\",\"potentialAction\":[{\"@type\":\"ReadAction\",\"target\":[\"https:\\\/\\\/naturalpoland.com\\\/cs\\\/produkty\\\/rostlinne-vytazky\\\/extrakt-z-kardamomu\\\/\"]}]},{\"@type\":\"ImageObject\",\"inLanguage\":\"cs\",\"@id\":\"https:\\\/\\\/naturalpoland.com\\\/cs\\\/produkty\\\/rostlinne-vytazky\\\/extrakt-z-kardamomu\\\/#primaryimage\",\"url\":\"https:\\\/\\\/naturalpoland.com\\\/wp-content\\\/uploads\\\/ekstrakt-z-kardamonu.webp\",\"contentUrl\":\"https:\\\/\\\/naturalpoland.com\\\/wp-content\\\/uploads\\\/ekstrakt-z-kardamonu.webp\",\"width\":1024,\"height\":1024,\"caption\":\"glycerino-vodn\u00fd extrakt ze sko\u0159ice\"},{\"@type\":\"BreadcrumbList\",\"@id\":\"https:\\\/\\\/naturalpoland.com\\\/cs\\\/produkty\\\/rostlinne-vytazky\\\/extrakt-z-kardamomu\\\/#breadcrumb\",\"itemListElement\":[{\"@type\":\"ListItem\",\"position\":1,\"name\":\"Dom\u016f\",\"item\":\"https:\\\/\\\/naturalpoland.com\\\/cs\\\/\"},{\"@type\":\"ListItem\",\"position\":2,\"name\":\"Produkty\",\"item\":\"https:\\\/\\\/naturalpoland.com\\\/cs\\\/produkty\\\/\"},{\"@type\":\"ListItem\",\"position\":3,\"name\":\"Extrakt z kardamomu\"}]},{\"@type\":\"WebSite\",\"@id\":\"https:\\\/\\\/naturalpoland.com\\\/cs\\\/#website\",\"url\":\"https:\\\/\\\/naturalpoland.com\\\/cs\\\/\",\"name\":\"NATURAL POLAND - Velkoobchodn\u00ed distributor surovin\",\"description\":\"Surowce dla przemys\u0142u spo\u017cywczego, kosmetycznego i farmaceutycznego\",\"publisher\":{\"@id\":\"https:\\\/\\\/naturalpoland.com\\\/cs\\\/#organization\"},\"potentialAction\":[{\"@type\":\"SearchAction\",\"target\":{\"@type\":\"EntryPoint\",\"urlTemplate\":\"https:\\\/\\\/naturalpoland.com\\\/cs\\\/?s={search_term_string}\"},\"query-input\":{\"@type\":\"PropertyValueSpecification\",\"valueRequired\":true,\"valueName\":\"search_term_string\"}}],\"inLanguage\":\"cs\"},{\"@type\":\"Organization\",\"@id\":\"https:\\\/\\\/naturalpoland.com\\\/cs\\\/#organization\",\"name\":\"Natural Poland\",\"url\":\"https:\\\/\\\/naturalpoland.com\\\/cs\\\/\",\"logo\":{\"@type\":\"ImageObject\",\"inLanguage\":\"cs\",\"@id\":\"https:\\\/\\\/naturalpoland.com\\\/cs\\\/#\\\/schema\\\/logo\\\/image\\\/\",\"url\":\"https:\\\/\\\/naturalpoland.com\\\/wp-content\\\/uploads\\\/2021\\\/05\\\/natural-poland-icon.png\",\"contentUrl\":\"https:\\\/\\\/naturalpoland.com\\\/wp-content\\\/uploads\\\/2021\\\/05\\\/natural-poland-icon.png\",\"width\":512,\"height\":512,\"caption\":\"Natural Poland\"},\"image\":{\"@id\":\"https:\\\/\\\/naturalpoland.com\\\/cs\\\/#\\\/schema\\\/logo\\\/image\\\/\"},\"sameAs\":[\"https:\\\/\\\/www.facebook.com\\\/naturalpoland.b2b\",\"https:\\\/\\\/pl.linkedin.com\\\/company\\\/natural-poland\",\"https:\\\/\\\/www.youtube.com\\\/channel\\\/UCgeGGkvOMahZo-xu_MSEWxg\"]}]}<\/script>\n<!-- \/ Yoast SEO plugin. -->","yoast_head_json":{"title":"Extrakt z kardamomu - Velkoobchodn\u00ed distributor","description":"Extrakt z kardamomu (Elettaria cardamomum) je p\u0159\u00edrodn\u00ed rostlinn\u00e1 surovina s aromatick\u00fdmi vlastnostmi a podporuj\u00edc\u00ed tr\u00e1ven\u00ed.","robots":{"index":"index","follow":"follow","max-snippet":"max-snippet:-1","max-image-preview":"max-image-preview:large","max-video-preview":"max-video-preview:-1"},"canonical":"https:\/\/naturalpoland.com\/cs\/produkty\/rostlinne-vytazky\/extrakt-z-kardamomu\/","og_locale":"cs_CZ","og_type":"article","og_title":"Extrakt z kardamomu - Velkoobchodn\u00ed distributor","og_description":"Extrakt z kardamomu (Elettaria cardamomum) je p\u0159\u00edrodn\u00ed rostlinn\u00e1 surovina s aromatick\u00fdmi vlastnostmi a podporuj\u00edc\u00ed tr\u00e1ven\u00ed.","og_url":"https:\/\/naturalpoland.com\/cs\/produkty\/rostlinne-vytazky\/extrakt-z-kardamomu\/","og_site_name":"NATURAL POLAND - Velkoobchodn\u00ed distributor surovin","article_publisher":"https:\/\/www.facebook.com\/naturalpoland.b2b","article_modified_time":"2026-03-10T12:49:33+00:00","og_image":[{"width":1024,"height":1024,"url":"https:\/\/naturalpoland.com\/wp-content\/uploads\/ekstrakt-z-kardamonu.webp","type":"image\/webp"}],"schema":{"@context":"https:\/\/schema.org","@graph":[{"@type":"WebPage","@id":"https:\/\/naturalpoland.com\/cs\/produkty\/rostlinne-vytazky\/extrakt-z-kardamomu\/","url":"https:\/\/naturalpoland.com\/cs\/produkty\/rostlinne-vytazky\/extrakt-z-kardamomu\/","name":"Extrakt z kardamomu - Velkoobchodn\u00ed distributor","isPartOf":{"@id":"https:\/\/naturalpoland.com\/cs\/#website"},"primaryImageOfPage":{"@id":"https:\/\/naturalpoland.com\/cs\/produkty\/rostlinne-vytazky\/extrakt-z-kardamomu\/#primaryimage"},"image":{"@id":"https:\/\/naturalpoland.com\/cs\/produkty\/rostlinne-vytazky\/extrakt-z-kardamomu\/#primaryimage"},"thumbnailUrl":"https:\/\/naturalpoland.com\/wp-content\/uploads\/ekstrakt-z-kardamonu.webp","datePublished":"2026-03-05T13:14:22+00:00","dateModified":"2026-03-10T12:49:33+00:00","description":"Extrakt z kardamomu (Elettaria cardamomum) je p\u0159\u00edrodn\u00ed rostlinn\u00e1 surovina s aromatick\u00fdmi vlastnostmi a podporuj\u00edc\u00ed tr\u00e1ven\u00ed.","breadcrumb":{"@id":"https:\/\/naturalpoland.com\/cs\/produkty\/rostlinne-vytazky\/extrakt-z-kardamomu\/#breadcrumb"},"inLanguage":"cs","potentialAction":[{"@type":"ReadAction","target":["https:\/\/naturalpoland.com\/cs\/produkty\/rostlinne-vytazky\/extrakt-z-kardamomu\/"]}]},{"@type":"ImageObject","inLanguage":"cs","@id":"https:\/\/naturalpoland.com\/cs\/produkty\/rostlinne-vytazky\/extrakt-z-kardamomu\/#primaryimage","url":"https:\/\/naturalpoland.com\/wp-content\/uploads\/ekstrakt-z-kardamonu.webp","contentUrl":"https:\/\/naturalpoland.com\/wp-content\/uploads\/ekstrakt-z-kardamonu.webp","width":1024,"height":1024,"caption":"glycerino-vodn\u00fd extrakt ze sko\u0159ice"},{"@type":"BreadcrumbList","@id":"https:\/\/naturalpoland.com\/cs\/produkty\/rostlinne-vytazky\/extrakt-z-kardamomu\/#breadcrumb","itemListElement":[{"@type":"ListItem","position":1,"name":"Dom\u016f","item":"https:\/\/naturalpoland.com\/cs\/"},{"@type":"ListItem","position":2,"name":"Produkty","item":"https:\/\/naturalpoland.com\/cs\/produkty\/"},{"@type":"ListItem","position":3,"name":"Extrakt z kardamomu"}]},{"@type":"WebSite","@id":"https:\/\/naturalpoland.com\/cs\/#website","url":"https:\/\/naturalpoland.com\/cs\/","name":"NATURAL POLAND - Velkoobchodn\u00ed distributor surovin","description":"Surowce dla przemys\u0142u spo\u017cywczego, kosmetycznego i farmaceutycznego","publisher":{"@id":"https:\/\/naturalpoland.com\/cs\/#organization"},"potentialAction":[{"@type":"SearchAction","target":{"@type":"EntryPoint","urlTemplate":"https:\/\/naturalpoland.com\/cs\/?s={search_term_string}"},"query-input":{"@type":"PropertyValueSpecification","valueRequired":true,"valueName":"search_term_string"}}],"inLanguage":"cs"},{"@type":"Organization","@id":"https:\/\/naturalpoland.com\/cs\/#organization","name":"Natural Poland","url":"https:\/\/naturalpoland.com\/cs\/","logo":{"@type":"ImageObject","inLanguage":"cs","@id":"https:\/\/naturalpoland.com\/cs\/#\/schema\/logo\/image\/","url":"https:\/\/naturalpoland.com\/wp-content\/uploads\/2021\/05\/natural-poland-icon.png","contentUrl":"https:\/\/naturalpoland.com\/wp-content\/uploads\/2021\/05\/natural-poland-icon.png","width":512,"height":512,"caption":"Natural Poland"},"image":{"@id":"https:\/\/naturalpoland.com\/cs\/#\/schema\/logo\/image\/"},"sameAs":["https:\/\/www.facebook.com\/naturalpoland.b2b","https:\/\/pl.linkedin.com\/company\/natural-poland","https:\/\/www.youtube.com\/channel\/UCgeGGkvOMahZo-xu_MSEWxg"]}]}},"_links":{"self":[{"href":"https:\/\/naturalpoland.com\/cs\/wp-json\/wp\/v2\/product\/46551","targetHints":{"allow":["GET"]}}],"collection":[{"href":"https:\/\/naturalpoland.com\/cs\/wp-json\/wp\/v2\/product"}],"about":[{"href":"https:\/\/naturalpoland.com\/cs\/wp-json\/wp\/v2\/types\/product"}],"wp:featuredmedia":[{"embeddable":true,"href":"https:\/\/naturalpoland.com\/cs\/wp-json\/wp\/v2\/media\/46552"}],"wp:attachment":[{"href":"https:\/\/naturalpoland.com\/cs\/wp-json\/wp\/v2\/media?parent=46551"}],"wp:term":[{"taxonomy":"product_brand","embeddable":true,"href":"https:\/\/naturalpoland.com\/cs\/wp-json\/wp\/v2\/product_brand?post=46551"},{"taxonomy":"product_cat","embeddable":true,"href":"https:\/\/naturalpoland.com\/cs\/wp-json\/wp\/v2\/product_cat?post=46551"},{"taxonomy":"product_tag","embeddable":true,"href":"https:\/\/naturalpoland.com\/cs\/wp-json\/wp\/v2\/product_tag?post=46551"}],"curies":[{"name":"wp","href":"https:\/\/api.w.org\/{rel}","templated":true}]}}