{"id":46719,"date":"2026-03-10T16:03:18","date_gmt":"2026-03-10T15:03:18","guid":{"rendered":"https:\/\/naturalpoland.com\/produkty\/nezarazene\/extrakt-z-pistacii\/"},"modified":"2026-03-12T15:03:00","modified_gmt":"2026-03-12T14:03:00","slug":"extrakt-z-pistacii","status":"publish","type":"product","link":"https:\/\/naturalpoland.com\/cs\/produkty\/rostlinne-vytazky\/extrakt-z-pistacii\/","title":{"rendered":"Extrakt z pist\u00e1ci\u00ed"},"content":{"rendered":"<h2>Vlastnosti a \u00fa\u010dinky extraktu z pist\u00e1ci\u00ed<\/h2>\n<p>Pist\u00e1cie jsou bohat\u00fdm zdrojem mnoha bioaktivn\u00edch slo\u017eek, v\u010detn\u011b antioxidant\u016f, fenolick\u00fdch slou\u010denin a p\u0159\u00edrodn\u00edch fytoslo\u017eek. D\u00edky tomu vykazuje extrakt z pist\u00e1ci\u00ed antioxida\u010dn\u00ed vlastnosti, pom\u00e1h\u00e1 neutralizovat voln\u00e9 radik\u00e1ly a chr\u00e1nit bu\u0148ky p\u0159ed oxidativn\u00edm stresem. <\/p>\n<p>Nejd\u016fle\u017eit\u011bj\u0161\u00edm rozli\u0161ovac\u00edm znakem t\u00e9to suroviny je p\u0159\u00edtomnost rostlinn\u00e9ho melatoninu, kter\u00fd se pod\u00edl\u00ed na regulaci cyklu sp\u00e1nku a bd\u011bn\u00ed. Z tohoto d\u016fvodu se extrakt z pist\u00e1ci\u00ed pou\u017e\u00edv\u00e1 v dopl\u0148c\u00edch stravy ur\u010den\u00fdch pro osoby dbaj\u00edc\u00ed o spr\u00e1vn\u00fd cirkadi\u00e1nn\u00ed rytmus a jako slo\u017eka p\u0159\u00edpravk\u016f podporuj\u00edc\u00edch zdrav\u00fd sp\u00e1nek. <\/p>\n<p>Melatonin m\u016f\u017ee tak\u00e9 ovliv\u0148ovat regenera\u010dn\u00ed procesy organismu prob\u00edhaj\u00edc\u00ed b\u011bhem sp\u00e1nku, proto se slo\u017eky obsahuj\u00edc\u00ed p\u0159\u00edrodn\u00ed zdroje t\u00e9to l\u00e1tky \u010dasto vyu\u017e\u00edvaj\u00ed v p\u0159\u00edpravc\u00edch zam\u011b\u0159en\u00fdch na zlep\u0161en\u00ed kvality no\u010dn\u00edho odpo\u010dinku.<\/p>\n<p>Krom\u011b toho obsahuje extrakt z pist\u00e1ci\u00ed p\u0159\u00edrodn\u00ed \u017eiviny charakteristick\u00e9 pro pist\u00e1ciov\u00e9 o\u0159echy, kter\u00e9 mohou podporovat spr\u00e1vn\u00e9 fungov\u00e1n\u00ed organismu a metabolick\u00e9 procesy.<\/p>\n<h2>Pou\u017eit\u00ed extraktu z pist\u00e1ci\u00ed<\/h2>\n<p>Extrakt z pist\u00e1ci\u00ed nach\u00e1z\u00ed uplatn\u011bn\u00ed p\u0159edev\u0161\u00edm v:<\/p>\n<ul>\n<li>dopl\u0148c\u00edch stravy podporuj\u00edc\u00edch zdrav\u00fd sp\u00e1nek,<\/li>\n<li>p\u0159\u00edpravc\u00edch podporuj\u00edc\u00edch regulaci cirkadi\u00e1nn\u00edho rytmu,<\/li>\n<li>nutraceutick\u00fdch produktech s antioxida\u010dn\u00edm \u00fa\u010dinkem,<\/li>\n<li>funk\u010dn\u00edch sm\u011bs\u00edch typu \u201e<em>sleep support<\/em>\u201c,<\/li>\n<li>pr\u00e1\u0161kov\u00fdch formulac\u00edch a suplementa\u010dn\u00edch kapsl\u00edch.<\/li>\n<\/ul>\n","protected":false},"excerpt":{"rendered":"<p><strong>Extrakt z pist\u00e1ci\u00ed<\/strong> se z\u00edsk\u00e1v\u00e1 ze semen stromu <em>Pistacia vera L.<\/em>, rostliny zn\u00e1m\u00e9 p\u0159edev\u0161\u00edm jako zdroj hodnotn\u00fdch \u017eivin. Extrakt obsahuje standardizovan\u00fd obsah <strong>rostlinn\u00e9ho melatoninu, kter\u00fd se v pist\u00e1ci\u00edch p\u0159irozen\u011b vyskytuje<\/strong> a je biologicky aktivn\u00ed l\u00e1tkou, kter\u00e1 hraje d\u016fle\u017eitou roli v regulaci cirkadi\u00e1nn\u00edho rytmu organismu. <\/p>\n","protected":false},"featured_media":46720,"template":"","meta":{"_acf_changed":false},"product_brand":[],"product_cat":[622],"product_tag":[],"class_list":{"0":"post-46719","1":"product","2":"type-product","3":"status-publish","4":"has-post-thumbnail","6":"product_cat-rostlinne-vytazky","7":"pa_czesc-rosliny-jadro","9":"first","10":"instock","11":"shipping-taxable","12":"product-type-simple"},"acf":[],"yoast_head":"<!-- This site is optimized with the Yoast SEO plugin v27.5 - https:\/\/yoast.com\/product\/yoast-seo-wordpress\/ -->\n<title>Extrakt z pist\u00e1ci\u00ed - Velkoobchodn\u00ed distributor<\/title>\n<meta name=\"description\" content=\"Extrakt z pist\u00e1ci\u00ed standardizovan\u00fd na obsah rostlinn\u00e9ho melatoninu \u2013 surovina pro dopl\u0148ky stravy podporuj\u00edc\u00ed zdrav\u00fd sp\u00e1nek a regulaci cirkadi\u00e1nn\u00edho rytmu.\" \/>\n<meta name=\"robots\" content=\"index, follow, max-snippet:-1, max-image-preview:large, max-video-preview:-1\" \/>\n<link rel=\"canonical\" href=\"https:\/\/naturalpoland.com\/cs\/produkty\/rostlinne-vytazky\/extrakt-z-pistacii\/\" \/>\n<meta property=\"og:locale\" content=\"cs_CZ\" \/>\n<meta property=\"og:type\" content=\"article\" \/>\n<meta property=\"og:title\" content=\"Extrakt z pist\u00e1ci\u00ed - Velkoobchodn\u00ed distributor\" \/>\n<meta property=\"og:description\" content=\"Extrakt z pist\u00e1ci\u00ed standardizovan\u00fd na obsah rostlinn\u00e9ho melatoninu \u2013 surovina pro dopl\u0148ky stravy podporuj\u00edc\u00ed zdrav\u00fd sp\u00e1nek a regulaci cirkadi\u00e1nn\u00edho rytmu.\" \/>\n<meta property=\"og:url\" content=\"https:\/\/naturalpoland.com\/cs\/produkty\/rostlinne-vytazky\/extrakt-z-pistacii\/\" \/>\n<meta property=\"og:site_name\" content=\"NATURAL POLAND - Velkoobchodn\u00ed distributor surovin\" \/>\n<meta property=\"article:publisher\" content=\"https:\/\/www.facebook.com\/naturalpoland.b2b\" \/>\n<meta property=\"article:modified_time\" content=\"2026-03-12T14:03:00+00:00\" \/>\n<meta property=\"og:image\" content=\"https:\/\/naturalpoland.com\/wp-content\/uploads\/ekstrakt-z-pistacji.png\" \/>\n\t<meta property=\"og:image:width\" content=\"1024\" \/>\n\t<meta property=\"og:image:height\" content=\"1024\" \/>\n\t<meta property=\"og:image:type\" content=\"image\/png\" \/>\n<script type=\"application\/ld+json\" class=\"yoast-schema-graph\">{\"@context\":\"https:\\\/\\\/schema.org\",\"@graph\":[{\"@type\":\"WebPage\",\"@id\":\"https:\\\/\\\/naturalpoland.com\\\/cs\\\/produkty\\\/rostlinne-vytazky\\\/extrakt-z-pistacii\\\/\",\"url\":\"https:\\\/\\\/naturalpoland.com\\\/cs\\\/produkty\\\/rostlinne-vytazky\\\/extrakt-z-pistacii\\\/\",\"name\":\"Extrakt z pist\u00e1ci\u00ed - Velkoobchodn\u00ed distributor\",\"isPartOf\":{\"@id\":\"https:\\\/\\\/naturalpoland.com\\\/cs\\\/#website\"},\"primaryImageOfPage\":{\"@id\":\"https:\\\/\\\/naturalpoland.com\\\/cs\\\/produkty\\\/rostlinne-vytazky\\\/extrakt-z-pistacii\\\/#primaryimage\"},\"image\":{\"@id\":\"https:\\\/\\\/naturalpoland.com\\\/cs\\\/produkty\\\/rostlinne-vytazky\\\/extrakt-z-pistacii\\\/#primaryimage\"},\"thumbnailUrl\":\"https:\\\/\\\/naturalpoland.com\\\/wp-content\\\/uploads\\\/ekstrakt-z-pistacji.png\",\"datePublished\":\"2026-03-10T15:03:18+00:00\",\"dateModified\":\"2026-03-12T14:03:00+00:00\",\"description\":\"Extrakt z pist\u00e1ci\u00ed standardizovan\u00fd na obsah rostlinn\u00e9ho melatoninu \u2013 surovina pro dopl\u0148ky stravy podporuj\u00edc\u00ed zdrav\u00fd sp\u00e1nek a regulaci cirkadi\u00e1nn\u00edho rytmu.\",\"breadcrumb\":{\"@id\":\"https:\\\/\\\/naturalpoland.com\\\/cs\\\/produkty\\\/rostlinne-vytazky\\\/extrakt-z-pistacii\\\/#breadcrumb\"},\"inLanguage\":\"cs\",\"potentialAction\":[{\"@type\":\"ReadAction\",\"target\":[\"https:\\\/\\\/naturalpoland.com\\\/cs\\\/produkty\\\/rostlinne-vytazky\\\/extrakt-z-pistacii\\\/\"]}]},{\"@type\":\"ImageObject\",\"inLanguage\":\"cs\",\"@id\":\"https:\\\/\\\/naturalpoland.com\\\/cs\\\/produkty\\\/rostlinne-vytazky\\\/extrakt-z-pistacii\\\/#primaryimage\",\"url\":\"https:\\\/\\\/naturalpoland.com\\\/wp-content\\\/uploads\\\/ekstrakt-z-pistacji.png\",\"contentUrl\":\"https:\\\/\\\/naturalpoland.com\\\/wp-content\\\/uploads\\\/ekstrakt-z-pistacji.png\",\"width\":1024,\"height\":1024,\"caption\":\"extrakt z pist\u00e1ci\u00ed\"},{\"@type\":\"BreadcrumbList\",\"@id\":\"https:\\\/\\\/naturalpoland.com\\\/cs\\\/produkty\\\/rostlinne-vytazky\\\/extrakt-z-pistacii\\\/#breadcrumb\",\"itemListElement\":[{\"@type\":\"ListItem\",\"position\":1,\"name\":\"Dom\u016f\",\"item\":\"https:\\\/\\\/naturalpoland.com\\\/cs\\\/\"},{\"@type\":\"ListItem\",\"position\":2,\"name\":\"Produkty\",\"item\":\"https:\\\/\\\/naturalpoland.com\\\/cs\\\/produkty\\\/\"},{\"@type\":\"ListItem\",\"position\":3,\"name\":\"Extrakt z pist\u00e1ci\u00ed\"}]},{\"@type\":\"WebSite\",\"@id\":\"https:\\\/\\\/naturalpoland.com\\\/cs\\\/#website\",\"url\":\"https:\\\/\\\/naturalpoland.com\\\/cs\\\/\",\"name\":\"NATURAL POLAND - Velkoobchodn\u00ed distributor surovin\",\"description\":\"Surowce dla przemys\u0142u spo\u017cywczego, kosmetycznego i farmaceutycznego\",\"publisher\":{\"@id\":\"https:\\\/\\\/naturalpoland.com\\\/cs\\\/#organization\"},\"potentialAction\":[{\"@type\":\"SearchAction\",\"target\":{\"@type\":\"EntryPoint\",\"urlTemplate\":\"https:\\\/\\\/naturalpoland.com\\\/cs\\\/?s={search_term_string}\"},\"query-input\":{\"@type\":\"PropertyValueSpecification\",\"valueRequired\":true,\"valueName\":\"search_term_string\"}}],\"inLanguage\":\"cs\"},{\"@type\":\"Organization\",\"@id\":\"https:\\\/\\\/naturalpoland.com\\\/cs\\\/#organization\",\"name\":\"Natural Poland\",\"url\":\"https:\\\/\\\/naturalpoland.com\\\/cs\\\/\",\"logo\":{\"@type\":\"ImageObject\",\"inLanguage\":\"cs\",\"@id\":\"https:\\\/\\\/naturalpoland.com\\\/cs\\\/#\\\/schema\\\/logo\\\/image\\\/\",\"url\":\"https:\\\/\\\/naturalpoland.com\\\/wp-content\\\/uploads\\\/2021\\\/05\\\/natural-poland-icon.png\",\"contentUrl\":\"https:\\\/\\\/naturalpoland.com\\\/wp-content\\\/uploads\\\/2021\\\/05\\\/natural-poland-icon.png\",\"width\":512,\"height\":512,\"caption\":\"Natural Poland\"},\"image\":{\"@id\":\"https:\\\/\\\/naturalpoland.com\\\/cs\\\/#\\\/schema\\\/logo\\\/image\\\/\"},\"sameAs\":[\"https:\\\/\\\/www.facebook.com\\\/naturalpoland.b2b\",\"https:\\\/\\\/pl.linkedin.com\\\/company\\\/natural-poland\",\"https:\\\/\\\/www.youtube.com\\\/channel\\\/UCgeGGkvOMahZo-xu_MSEWxg\"]}]}<\/script>\n<!-- \/ Yoast SEO plugin. -->","yoast_head_json":{"title":"Extrakt z pist\u00e1ci\u00ed - Velkoobchodn\u00ed distributor","description":"Extrakt z pist\u00e1ci\u00ed standardizovan\u00fd na obsah rostlinn\u00e9ho melatoninu \u2013 surovina pro dopl\u0148ky stravy podporuj\u00edc\u00ed zdrav\u00fd sp\u00e1nek a regulaci cirkadi\u00e1nn\u00edho rytmu.","robots":{"index":"index","follow":"follow","max-snippet":"max-snippet:-1","max-image-preview":"max-image-preview:large","max-video-preview":"max-video-preview:-1"},"canonical":"https:\/\/naturalpoland.com\/cs\/produkty\/rostlinne-vytazky\/extrakt-z-pistacii\/","og_locale":"cs_CZ","og_type":"article","og_title":"Extrakt z pist\u00e1ci\u00ed - Velkoobchodn\u00ed distributor","og_description":"Extrakt z pist\u00e1ci\u00ed standardizovan\u00fd na obsah rostlinn\u00e9ho melatoninu \u2013 surovina pro dopl\u0148ky stravy podporuj\u00edc\u00ed zdrav\u00fd sp\u00e1nek a regulaci cirkadi\u00e1nn\u00edho rytmu.","og_url":"https:\/\/naturalpoland.com\/cs\/produkty\/rostlinne-vytazky\/extrakt-z-pistacii\/","og_site_name":"NATURAL POLAND - Velkoobchodn\u00ed distributor surovin","article_publisher":"https:\/\/www.facebook.com\/naturalpoland.b2b","article_modified_time":"2026-03-12T14:03:00+00:00","og_image":[{"width":1024,"height":1024,"url":"https:\/\/naturalpoland.com\/wp-content\/uploads\/ekstrakt-z-pistacji.png","type":"image\/png"}],"schema":{"@context":"https:\/\/schema.org","@graph":[{"@type":"WebPage","@id":"https:\/\/naturalpoland.com\/cs\/produkty\/rostlinne-vytazky\/extrakt-z-pistacii\/","url":"https:\/\/naturalpoland.com\/cs\/produkty\/rostlinne-vytazky\/extrakt-z-pistacii\/","name":"Extrakt z pist\u00e1ci\u00ed - Velkoobchodn\u00ed distributor","isPartOf":{"@id":"https:\/\/naturalpoland.com\/cs\/#website"},"primaryImageOfPage":{"@id":"https:\/\/naturalpoland.com\/cs\/produkty\/rostlinne-vytazky\/extrakt-z-pistacii\/#primaryimage"},"image":{"@id":"https:\/\/naturalpoland.com\/cs\/produkty\/rostlinne-vytazky\/extrakt-z-pistacii\/#primaryimage"},"thumbnailUrl":"https:\/\/naturalpoland.com\/wp-content\/uploads\/ekstrakt-z-pistacji.png","datePublished":"2026-03-10T15:03:18+00:00","dateModified":"2026-03-12T14:03:00+00:00","description":"Extrakt z pist\u00e1ci\u00ed standardizovan\u00fd na obsah rostlinn\u00e9ho melatoninu \u2013 surovina pro dopl\u0148ky stravy podporuj\u00edc\u00ed zdrav\u00fd sp\u00e1nek a regulaci cirkadi\u00e1nn\u00edho rytmu.","breadcrumb":{"@id":"https:\/\/naturalpoland.com\/cs\/produkty\/rostlinne-vytazky\/extrakt-z-pistacii\/#breadcrumb"},"inLanguage":"cs","potentialAction":[{"@type":"ReadAction","target":["https:\/\/naturalpoland.com\/cs\/produkty\/rostlinne-vytazky\/extrakt-z-pistacii\/"]}]},{"@type":"ImageObject","inLanguage":"cs","@id":"https:\/\/naturalpoland.com\/cs\/produkty\/rostlinne-vytazky\/extrakt-z-pistacii\/#primaryimage","url":"https:\/\/naturalpoland.com\/wp-content\/uploads\/ekstrakt-z-pistacji.png","contentUrl":"https:\/\/naturalpoland.com\/wp-content\/uploads\/ekstrakt-z-pistacji.png","width":1024,"height":1024,"caption":"extrakt z pist\u00e1ci\u00ed"},{"@type":"BreadcrumbList","@id":"https:\/\/naturalpoland.com\/cs\/produkty\/rostlinne-vytazky\/extrakt-z-pistacii\/#breadcrumb","itemListElement":[{"@type":"ListItem","position":1,"name":"Dom\u016f","item":"https:\/\/naturalpoland.com\/cs\/"},{"@type":"ListItem","position":2,"name":"Produkty","item":"https:\/\/naturalpoland.com\/cs\/produkty\/"},{"@type":"ListItem","position":3,"name":"Extrakt z pist\u00e1ci\u00ed"}]},{"@type":"WebSite","@id":"https:\/\/naturalpoland.com\/cs\/#website","url":"https:\/\/naturalpoland.com\/cs\/","name":"NATURAL POLAND - Velkoobchodn\u00ed distributor surovin","description":"Surowce dla przemys\u0142u spo\u017cywczego, kosmetycznego i farmaceutycznego","publisher":{"@id":"https:\/\/naturalpoland.com\/cs\/#organization"},"potentialAction":[{"@type":"SearchAction","target":{"@type":"EntryPoint","urlTemplate":"https:\/\/naturalpoland.com\/cs\/?s={search_term_string}"},"query-input":{"@type":"PropertyValueSpecification","valueRequired":true,"valueName":"search_term_string"}}],"inLanguage":"cs"},{"@type":"Organization","@id":"https:\/\/naturalpoland.com\/cs\/#organization","name":"Natural Poland","url":"https:\/\/naturalpoland.com\/cs\/","logo":{"@type":"ImageObject","inLanguage":"cs","@id":"https:\/\/naturalpoland.com\/cs\/#\/schema\/logo\/image\/","url":"https:\/\/naturalpoland.com\/wp-content\/uploads\/2021\/05\/natural-poland-icon.png","contentUrl":"https:\/\/naturalpoland.com\/wp-content\/uploads\/2021\/05\/natural-poland-icon.png","width":512,"height":512,"caption":"Natural Poland"},"image":{"@id":"https:\/\/naturalpoland.com\/cs\/#\/schema\/logo\/image\/"},"sameAs":["https:\/\/www.facebook.com\/naturalpoland.b2b","https:\/\/pl.linkedin.com\/company\/natural-poland","https:\/\/www.youtube.com\/channel\/UCgeGGkvOMahZo-xu_MSEWxg"]}]}},"_links":{"self":[{"href":"https:\/\/naturalpoland.com\/cs\/wp-json\/wp\/v2\/product\/46719","targetHints":{"allow":["GET"]}}],"collection":[{"href":"https:\/\/naturalpoland.com\/cs\/wp-json\/wp\/v2\/product"}],"about":[{"href":"https:\/\/naturalpoland.com\/cs\/wp-json\/wp\/v2\/types\/product"}],"wp:featuredmedia":[{"embeddable":true,"href":"https:\/\/naturalpoland.com\/cs\/wp-json\/wp\/v2\/media\/46720"}],"wp:attachment":[{"href":"https:\/\/naturalpoland.com\/cs\/wp-json\/wp\/v2\/media?parent=46719"}],"wp:term":[{"taxonomy":"product_brand","embeddable":true,"href":"https:\/\/naturalpoland.com\/cs\/wp-json\/wp\/v2\/product_brand?post=46719"},{"taxonomy":"product_cat","embeddable":true,"href":"https:\/\/naturalpoland.com\/cs\/wp-json\/wp\/v2\/product_cat?post=46719"},{"taxonomy":"product_tag","embeddable":true,"href":"https:\/\/naturalpoland.com\/cs\/wp-json\/wp\/v2\/product_tag?post=46719"}],"curies":[{"name":"wp","href":"https:\/\/api.w.org\/{rel}","templated":true}]}}