{"id":46902,"date":"2026-03-19T12:26:03","date_gmt":"2026-03-19T11:26:03","guid":{"rendered":"https:\/\/naturalpoland.com\/produkty\/nezarazene\/hydrolyzovany-kruti-protein\/"},"modified":"2026-03-19T16:07:15","modified_gmt":"2026-03-19T15:07:15","slug":"hydrolyzovany-kruti-protein","status":"publish","type":"product","link":"https:\/\/naturalpoland.com\/cs\/produkty\/produkty-pro-potravinarsky-prumysl\/hydrolyzovany-kruti-protein\/","title":{"rendered":"Hydrolyzovan\u00fd kr\u016ft\u00ed protein"},"content":{"rendered":"<h2>Vlastnosti:<\/h2>\n<p>Hydrolyzovan\u00fd kr\u016ft\u00ed protein obsahuje sm\u011bs peptid\u016f, polypeptid\u016f a aminokyselin vznikl\u00fdch kontrolovanou enzymatickou hydrol\u00fdzou. Produkt se vyzna\u010duje velmi dobrou rozpustnost\u00ed a vysokou vst\u0159ebatelnost\u00ed. <\/p>\n<h2>Pou\u017eit\u00ed hydrolyzovan\u00e9ho kr\u016ft\u00edho proteinu:<\/h2>\n<p>Specifick\u00fd chu\u0165ov\u00fd profil, ozna\u010dovan\u00fd jako lehce v\u00fdvarov\u00fd, umo\u017e\u0148uje tomuto hydrolyz\u00e1tu plnit nutri\u010dn\u00ed i senzorickou funkci, zejm\u00e9na v produktech jako jsou pol\u00e9vky, om\u00e1\u010dky nebo potravinov\u00e9 koncentr\u00e1ty. V nutraceutick\u00fdch aplikac\u00edch se vyu\u017e\u00edv\u00e1 jako zdroj b\u00edlkovin s vysokou biologickou hodnotou, zat\u00edmco v potravin\u00e1\u0159sk\u00e9m pr\u016fmyslu m\u016f\u017ee b\u00fdt pou\u017eit jako slo\u017eka obohacuj\u00edc\u00ed produkty o b\u00edlkoviny a zlep\u0161uj\u00edc\u00ed jejich aminokyselinov\u00fd profil. D\u00edky sv\u00e9 funk\u010dnosti nach\u00e1z\u00ed uplatn\u011bn\u00ed tak\u00e9 v produktech pro sportovce a ve speci\u00e1ln\u00ed v\u00fd\u017eiv\u011b.  <\/p>\n<p>Produkt se pou\u017e\u00edv\u00e1 v:<\/p>\n<ul>\n<li>dopl\u0148c\u00edch stravy (vysokoproteinov\u00fdch),<\/li>\n<li>funk\u010dn\u00edch potravin\u00e1ch,<\/li>\n<li>sportovn\u00edch produktech,<\/li>\n<li>pol\u00e9vk\u00e1ch, om\u00e1\u010dk\u00e1ch a chu\u0165ov\u00fdch koncentr\u00e1tech,<\/li>\n<li>krmn\u00fdch produktech.<\/li>\n<\/ul>\n","protected":false},"excerpt":{"rendered":"<p><strong>Hydrolyzovan\u00fd kr\u016ft\u00ed protein<\/strong> vznik\u00e1 kontrolovanou hydrol\u00fdzou svalov\u00fdch b\u00edlkovin. Produkt obsahuje sm\u011bs peptid\u016f, polypeptid\u016f a voln\u00fdch aminokyselin a vyskytuje se ve form\u011b pr\u00e1\u0161ku s charakteristickou, lehce v\u00fdvarovou chut\u00ed. Obsah b\u00edlkovin je \u226585 % a produkt vykazuje vysokou rozpustnost ve vod\u011b.  <\/p>\n","protected":false},"featured_media":46903,"template":"","meta":{"_acf_changed":false},"product_brand":[],"product_cat":[639],"product_tag":[],"class_list":{"0":"post-46902","1":"product","2":"type-product","3":"status-publish","4":"has-post-thumbnail","6":"product_cat-produkty-pro-potravinarsky-prumysl","7":"pa_certyfikaty-brcgs-food","8":"pa_certyfikaty-halal-cs","9":"pa_certyfikaty-ifs-food","10":"pa_certyfikaty-ifs-logistics","12":"first","13":"instock","14":"shipping-taxable","15":"product-type-simple"},"acf":[],"yoast_head":"<!-- This site is optimized with the Yoast SEO plugin v27.5 - https:\/\/yoast.com\/product\/yoast-seo-wordpress\/ -->\n<title>Hydrolyzovan\u00fd kr\u016ft\u00ed protein - Velkoobchodn\u00ed distributor<\/title>\n<meta name=\"description\" content=\"Hydrolyzovan\u00fd kr\u016ft\u00ed protein (\u226585 % b\u00edlkovin) \u2013 surovina pro dopl\u0148ky stravy, funk\u010dn\u00ed potraviny a vysokoproteinov\u00e9 produkty s dobrou rozpustnost\u00ed.\" \/>\n<meta name=\"robots\" content=\"index, follow, max-snippet:-1, max-image-preview:large, max-video-preview:-1\" \/>\n<link rel=\"canonical\" href=\"https:\/\/naturalpoland.com\/cs\/produkty\/produkty-pro-potravinarsky-prumysl\/hydrolyzovany-kruti-protein\/\" \/>\n<meta property=\"og:locale\" content=\"cs_CZ\" \/>\n<meta property=\"og:type\" content=\"article\" \/>\n<meta property=\"og:title\" content=\"Hydrolyzovan\u00fd kr\u016ft\u00ed protein - Velkoobchodn\u00ed distributor\" \/>\n<meta property=\"og:description\" content=\"Hydrolyzovan\u00fd kr\u016ft\u00ed protein (\u226585 % b\u00edlkovin) \u2013 surovina pro dopl\u0148ky stravy, funk\u010dn\u00ed potraviny a vysokoproteinov\u00e9 produkty s dobrou rozpustnost\u00ed.\" \/>\n<meta property=\"og:url\" content=\"https:\/\/naturalpoland.com\/cs\/produkty\/produkty-pro-potravinarsky-prumysl\/hydrolyzovany-kruti-protein\/\" \/>\n<meta property=\"og:site_name\" content=\"NATURAL POLAND - Velkoobchodn\u00ed distributor surovin\" \/>\n<meta property=\"article:publisher\" content=\"https:\/\/www.facebook.com\/naturalpoland.b2b\" \/>\n<meta property=\"article:modified_time\" content=\"2026-03-19T15:07:15+00:00\" \/>\n<meta property=\"og:image\" content=\"https:\/\/naturalpoland.com\/wp-content\/uploads\/hydrolizowane-bialko-z-indyka.webp\" \/>\n\t<meta property=\"og:image:width\" content=\"1024\" \/>\n\t<meta property=\"og:image:height\" content=\"1024\" \/>\n\t<meta property=\"og:image:type\" content=\"image\/webp\" \/>\n<script type=\"application\/ld+json\" class=\"yoast-schema-graph\">{\"@context\":\"https:\\\/\\\/schema.org\",\"@graph\":[{\"@type\":\"WebPage\",\"@id\":\"https:\\\/\\\/naturalpoland.com\\\/cs\\\/produkty\\\/produkty-pro-potravinarsky-prumysl\\\/hydrolyzovany-kruti-protein\\\/\",\"url\":\"https:\\\/\\\/naturalpoland.com\\\/cs\\\/produkty\\\/produkty-pro-potravinarsky-prumysl\\\/hydrolyzovany-kruti-protein\\\/\",\"name\":\"Hydrolyzovan\u00fd kr\u016ft\u00ed protein - Velkoobchodn\u00ed distributor\",\"isPartOf\":{\"@id\":\"https:\\\/\\\/naturalpoland.com\\\/cs\\\/#website\"},\"primaryImageOfPage\":{\"@id\":\"https:\\\/\\\/naturalpoland.com\\\/cs\\\/produkty\\\/produkty-pro-potravinarsky-prumysl\\\/hydrolyzovany-kruti-protein\\\/#primaryimage\"},\"image\":{\"@id\":\"https:\\\/\\\/naturalpoland.com\\\/cs\\\/produkty\\\/produkty-pro-potravinarsky-prumysl\\\/hydrolyzovany-kruti-protein\\\/#primaryimage\"},\"thumbnailUrl\":\"https:\\\/\\\/naturalpoland.com\\\/wp-content\\\/uploads\\\/hydrolizowane-bialko-z-indyka.webp\",\"datePublished\":\"2026-03-19T11:26:03+00:00\",\"dateModified\":\"2026-03-19T15:07:15+00:00\",\"description\":\"Hydrolyzovan\u00fd kr\u016ft\u00ed protein (\u226585 % b\u00edlkovin) \u2013 surovina pro dopl\u0148ky stravy, funk\u010dn\u00ed potraviny a vysokoproteinov\u00e9 produkty s dobrou rozpustnost\u00ed.\",\"breadcrumb\":{\"@id\":\"https:\\\/\\\/naturalpoland.com\\\/cs\\\/produkty\\\/produkty-pro-potravinarsky-prumysl\\\/hydrolyzovany-kruti-protein\\\/#breadcrumb\"},\"inLanguage\":\"cs\",\"potentialAction\":[{\"@type\":\"ReadAction\",\"target\":[\"https:\\\/\\\/naturalpoland.com\\\/cs\\\/produkty\\\/produkty-pro-potravinarsky-prumysl\\\/hydrolyzovany-kruti-protein\\\/\"]}]},{\"@type\":\"ImageObject\",\"inLanguage\":\"cs\",\"@id\":\"https:\\\/\\\/naturalpoland.com\\\/cs\\\/produkty\\\/produkty-pro-potravinarsky-prumysl\\\/hydrolyzovany-kruti-protein\\\/#primaryimage\",\"url\":\"https:\\\/\\\/naturalpoland.com\\\/wp-content\\\/uploads\\\/hydrolizowane-bialko-z-indyka.webp\",\"contentUrl\":\"https:\\\/\\\/naturalpoland.com\\\/wp-content\\\/uploads\\\/hydrolizowane-bialko-z-indyka.webp\",\"width\":1024,\"height\":1024,\"caption\":\"hydrolyzovan\u00fd kr\u016ft\u00ed protein\"},{\"@type\":\"BreadcrumbList\",\"@id\":\"https:\\\/\\\/naturalpoland.com\\\/cs\\\/produkty\\\/produkty-pro-potravinarsky-prumysl\\\/hydrolyzovany-kruti-protein\\\/#breadcrumb\",\"itemListElement\":[{\"@type\":\"ListItem\",\"position\":1,\"name\":\"Dom\u016f\",\"item\":\"https:\\\/\\\/naturalpoland.com\\\/cs\\\/\"},{\"@type\":\"ListItem\",\"position\":2,\"name\":\"Produkty\",\"item\":\"https:\\\/\\\/naturalpoland.com\\\/cs\\\/produkty\\\/\"},{\"@type\":\"ListItem\",\"position\":3,\"name\":\"Hydrolyzovan\u00fd kr\u016ft\u00ed protein\"}]},{\"@type\":\"WebSite\",\"@id\":\"https:\\\/\\\/naturalpoland.com\\\/cs\\\/#website\",\"url\":\"https:\\\/\\\/naturalpoland.com\\\/cs\\\/\",\"name\":\"NATURAL POLAND - Velkoobchodn\u00ed distributor surovin\",\"description\":\"Surowce dla przemys\u0142u spo\u017cywczego, kosmetycznego i farmaceutycznego\",\"publisher\":{\"@id\":\"https:\\\/\\\/naturalpoland.com\\\/cs\\\/#organization\"},\"potentialAction\":[{\"@type\":\"SearchAction\",\"target\":{\"@type\":\"EntryPoint\",\"urlTemplate\":\"https:\\\/\\\/naturalpoland.com\\\/cs\\\/?s={search_term_string}\"},\"query-input\":{\"@type\":\"PropertyValueSpecification\",\"valueRequired\":true,\"valueName\":\"search_term_string\"}}],\"inLanguage\":\"cs\"},{\"@type\":\"Organization\",\"@id\":\"https:\\\/\\\/naturalpoland.com\\\/cs\\\/#organization\",\"name\":\"Natural Poland\",\"url\":\"https:\\\/\\\/naturalpoland.com\\\/cs\\\/\",\"logo\":{\"@type\":\"ImageObject\",\"inLanguage\":\"cs\",\"@id\":\"https:\\\/\\\/naturalpoland.com\\\/cs\\\/#\\\/schema\\\/logo\\\/image\\\/\",\"url\":\"https:\\\/\\\/naturalpoland.com\\\/wp-content\\\/uploads\\\/2021\\\/05\\\/natural-poland-icon.png\",\"contentUrl\":\"https:\\\/\\\/naturalpoland.com\\\/wp-content\\\/uploads\\\/2021\\\/05\\\/natural-poland-icon.png\",\"width\":512,\"height\":512,\"caption\":\"Natural Poland\"},\"image\":{\"@id\":\"https:\\\/\\\/naturalpoland.com\\\/cs\\\/#\\\/schema\\\/logo\\\/image\\\/\"},\"sameAs\":[\"https:\\\/\\\/www.facebook.com\\\/naturalpoland.b2b\",\"https:\\\/\\\/pl.linkedin.com\\\/company\\\/natural-poland\",\"https:\\\/\\\/www.youtube.com\\\/channel\\\/UCgeGGkvOMahZo-xu_MSEWxg\"]}]}<\/script>\n<!-- \/ Yoast SEO plugin. -->","yoast_head_json":{"title":"Hydrolyzovan\u00fd kr\u016ft\u00ed protein - Velkoobchodn\u00ed distributor","description":"Hydrolyzovan\u00fd kr\u016ft\u00ed protein (\u226585 % b\u00edlkovin) \u2013 surovina pro dopl\u0148ky stravy, funk\u010dn\u00ed potraviny a vysokoproteinov\u00e9 produkty s dobrou rozpustnost\u00ed.","robots":{"index":"index","follow":"follow","max-snippet":"max-snippet:-1","max-image-preview":"max-image-preview:large","max-video-preview":"max-video-preview:-1"},"canonical":"https:\/\/naturalpoland.com\/cs\/produkty\/produkty-pro-potravinarsky-prumysl\/hydrolyzovany-kruti-protein\/","og_locale":"cs_CZ","og_type":"article","og_title":"Hydrolyzovan\u00fd kr\u016ft\u00ed protein - Velkoobchodn\u00ed distributor","og_description":"Hydrolyzovan\u00fd kr\u016ft\u00ed protein (\u226585 % b\u00edlkovin) \u2013 surovina pro dopl\u0148ky stravy, funk\u010dn\u00ed potraviny a vysokoproteinov\u00e9 produkty s dobrou rozpustnost\u00ed.","og_url":"https:\/\/naturalpoland.com\/cs\/produkty\/produkty-pro-potravinarsky-prumysl\/hydrolyzovany-kruti-protein\/","og_site_name":"NATURAL POLAND - Velkoobchodn\u00ed distributor surovin","article_publisher":"https:\/\/www.facebook.com\/naturalpoland.b2b","article_modified_time":"2026-03-19T15:07:15+00:00","og_image":[{"width":1024,"height":1024,"url":"https:\/\/naturalpoland.com\/wp-content\/uploads\/hydrolizowane-bialko-z-indyka.webp","type":"image\/webp"}],"schema":{"@context":"https:\/\/schema.org","@graph":[{"@type":"WebPage","@id":"https:\/\/naturalpoland.com\/cs\/produkty\/produkty-pro-potravinarsky-prumysl\/hydrolyzovany-kruti-protein\/","url":"https:\/\/naturalpoland.com\/cs\/produkty\/produkty-pro-potravinarsky-prumysl\/hydrolyzovany-kruti-protein\/","name":"Hydrolyzovan\u00fd kr\u016ft\u00ed protein - Velkoobchodn\u00ed distributor","isPartOf":{"@id":"https:\/\/naturalpoland.com\/cs\/#website"},"primaryImageOfPage":{"@id":"https:\/\/naturalpoland.com\/cs\/produkty\/produkty-pro-potravinarsky-prumysl\/hydrolyzovany-kruti-protein\/#primaryimage"},"image":{"@id":"https:\/\/naturalpoland.com\/cs\/produkty\/produkty-pro-potravinarsky-prumysl\/hydrolyzovany-kruti-protein\/#primaryimage"},"thumbnailUrl":"https:\/\/naturalpoland.com\/wp-content\/uploads\/hydrolizowane-bialko-z-indyka.webp","datePublished":"2026-03-19T11:26:03+00:00","dateModified":"2026-03-19T15:07:15+00:00","description":"Hydrolyzovan\u00fd kr\u016ft\u00ed protein (\u226585 % b\u00edlkovin) \u2013 surovina pro dopl\u0148ky stravy, funk\u010dn\u00ed potraviny a vysokoproteinov\u00e9 produkty s dobrou rozpustnost\u00ed.","breadcrumb":{"@id":"https:\/\/naturalpoland.com\/cs\/produkty\/produkty-pro-potravinarsky-prumysl\/hydrolyzovany-kruti-protein\/#breadcrumb"},"inLanguage":"cs","potentialAction":[{"@type":"ReadAction","target":["https:\/\/naturalpoland.com\/cs\/produkty\/produkty-pro-potravinarsky-prumysl\/hydrolyzovany-kruti-protein\/"]}]},{"@type":"ImageObject","inLanguage":"cs","@id":"https:\/\/naturalpoland.com\/cs\/produkty\/produkty-pro-potravinarsky-prumysl\/hydrolyzovany-kruti-protein\/#primaryimage","url":"https:\/\/naturalpoland.com\/wp-content\/uploads\/hydrolizowane-bialko-z-indyka.webp","contentUrl":"https:\/\/naturalpoland.com\/wp-content\/uploads\/hydrolizowane-bialko-z-indyka.webp","width":1024,"height":1024,"caption":"hydrolyzovan\u00fd kr\u016ft\u00ed protein"},{"@type":"BreadcrumbList","@id":"https:\/\/naturalpoland.com\/cs\/produkty\/produkty-pro-potravinarsky-prumysl\/hydrolyzovany-kruti-protein\/#breadcrumb","itemListElement":[{"@type":"ListItem","position":1,"name":"Dom\u016f","item":"https:\/\/naturalpoland.com\/cs\/"},{"@type":"ListItem","position":2,"name":"Produkty","item":"https:\/\/naturalpoland.com\/cs\/produkty\/"},{"@type":"ListItem","position":3,"name":"Hydrolyzovan\u00fd kr\u016ft\u00ed protein"}]},{"@type":"WebSite","@id":"https:\/\/naturalpoland.com\/cs\/#website","url":"https:\/\/naturalpoland.com\/cs\/","name":"NATURAL POLAND - Velkoobchodn\u00ed distributor surovin","description":"Surowce dla przemys\u0142u spo\u017cywczego, kosmetycznego i farmaceutycznego","publisher":{"@id":"https:\/\/naturalpoland.com\/cs\/#organization"},"potentialAction":[{"@type":"SearchAction","target":{"@type":"EntryPoint","urlTemplate":"https:\/\/naturalpoland.com\/cs\/?s={search_term_string}"},"query-input":{"@type":"PropertyValueSpecification","valueRequired":true,"valueName":"search_term_string"}}],"inLanguage":"cs"},{"@type":"Organization","@id":"https:\/\/naturalpoland.com\/cs\/#organization","name":"Natural Poland","url":"https:\/\/naturalpoland.com\/cs\/","logo":{"@type":"ImageObject","inLanguage":"cs","@id":"https:\/\/naturalpoland.com\/cs\/#\/schema\/logo\/image\/","url":"https:\/\/naturalpoland.com\/wp-content\/uploads\/2021\/05\/natural-poland-icon.png","contentUrl":"https:\/\/naturalpoland.com\/wp-content\/uploads\/2021\/05\/natural-poland-icon.png","width":512,"height":512,"caption":"Natural Poland"},"image":{"@id":"https:\/\/naturalpoland.com\/cs\/#\/schema\/logo\/image\/"},"sameAs":["https:\/\/www.facebook.com\/naturalpoland.b2b","https:\/\/pl.linkedin.com\/company\/natural-poland","https:\/\/www.youtube.com\/channel\/UCgeGGkvOMahZo-xu_MSEWxg"]}]}},"_links":{"self":[{"href":"https:\/\/naturalpoland.com\/cs\/wp-json\/wp\/v2\/product\/46902","targetHints":{"allow":["GET"]}}],"collection":[{"href":"https:\/\/naturalpoland.com\/cs\/wp-json\/wp\/v2\/product"}],"about":[{"href":"https:\/\/naturalpoland.com\/cs\/wp-json\/wp\/v2\/types\/product"}],"wp:featuredmedia":[{"embeddable":true,"href":"https:\/\/naturalpoland.com\/cs\/wp-json\/wp\/v2\/media\/46903"}],"wp:attachment":[{"href":"https:\/\/naturalpoland.com\/cs\/wp-json\/wp\/v2\/media?parent=46902"}],"wp:term":[{"taxonomy":"product_brand","embeddable":true,"href":"https:\/\/naturalpoland.com\/cs\/wp-json\/wp\/v2\/product_brand?post=46902"},{"taxonomy":"product_cat","embeddable":true,"href":"https:\/\/naturalpoland.com\/cs\/wp-json\/wp\/v2\/product_cat?post=46902"},{"taxonomy":"product_tag","embeddable":true,"href":"https:\/\/naturalpoland.com\/cs\/wp-json\/wp\/v2\/product_tag?post=46902"}],"curies":[{"name":"wp","href":"https:\/\/api.w.org\/{rel}","templated":true}]}}