{"id":46996,"date":"2026-03-20T13:31:35","date_gmt":"2026-03-20T12:31:35","guid":{"rendered":"https:\/\/naturalpoland.com\/produkty\/nezarazene\/olej-mct-z-kokosu\/"},"modified":"2026-03-20T13:31:41","modified_gmt":"2026-03-20T12:31:41","slug":"olej-mct-z-kokosu","status":"publish","type":"product","link":"https:\/\/naturalpoland.com\/cs\/produkty\/jedle-a-kosmeticke-oleje\/olej-mct-z-kokosu\/","title":{"rendered":"Olej MCT (z kokosu)"},"content":{"rendered":"<h2>Charakteristika oleje MCT<\/h2>\n<p>Olej MCT m\u00e1 podobu \u010dir\u00e9, bezbarv\u00e9 kapaliny s n\u00edzkou viskozitou, bez z\u00e1pachu a chuti. Je ur\u010den pro pou\u017eit\u00ed ve formulac\u00edch potravin\u00e1\u0159sk\u00fdch, suplementa\u010dn\u00edch i kosmetick\u00fdch. Je technologicky p\u0159edv\u00eddatelnou surovinou d\u00edky vysok\u00e9 \u010distot\u011b a oxida\u010dn\u00ed stabilit\u011b (n\u00edzk\u00e1 peroxidov\u00e1 hodnota &lt;0,1 meq O\u2082\/kg).  <\/p>\n<h2>Vlastnosti a p\u016fsoben\u00ed oleje MCT<\/h2>\n<p>Olej MCT se vyzna\u010duje specifick\u00fdm metabolick\u00fdm profilem vypl\u00fdvaj\u00edc\u00edm z p\u0159\u00edtomnosti st\u0159edn\u011b\u0159et\u011bzcov\u00fdch mastn\u00fdch kyselin. Na rozd\u00edl od dlouho\u0159et\u011bzcov\u00fdch tuk\u016f jsou MCT rychle vst\u0159eb\u00e1v\u00e1ny a metabolizov\u00e1ny, co\u017e z nich \u010din\u00ed <strong>snadno dostupn\u00fd zdroj energie<\/strong>. <\/p>\n<p>Obsah kyseliny kaprylov\u00e9 na \u00farovni cca 63 % a kaprinov\u00e9 cca 35 % ovliv\u0148uje funkcionalitu produktu v nutraceutick\u00fdch aplikac\u00edch. Tyto tuky jsou \u010dasto vyu\u017e\u00edv\u00e1ny ve funk\u010dn\u00edch diet\u00e1ch, v\u010detn\u011b <strong>ketogenn\u00ed diety<\/strong>, kde pln\u00ed roli rychle dostupn\u00e9ho energetick\u00e9ho substr\u00e1tu. <\/p>\n<p>Olej MCT je tak\u00e9 cen\u011bn pro svou stabilitu \u2013 n\u00edzk\u00e1 hladina voln\u00fdch mastn\u00fdch kyselin (acid value cca 0,01 mg KOH\/g) a velmi n\u00edzk\u00fd obsah vody (cca 0,02 %) ovliv\u0148uj\u00ed jeho trvanlivost a odolnost v\u016f\u010di oxidaci.<\/p>\n<p>V kosmetice pln\u00ed olej MCT funkci <strong>lehk\u00e9ho emolientu<\/strong> a nosi\u010de aktivn\u00edch l\u00e1tek. D\u00edky n\u00edzk\u00e9 viskozit\u011b se dob\u0159e rozt\u00edr\u00e1, rychle se vst\u0159eb\u00e1v\u00e1 a nezanech\u00e1v\u00e1 mastn\u00fd film na poko\u017ece. Je \u010dasto vyu\u017e\u00edv\u00e1n jako alternativa k t\u011b\u017e\u0161\u00edm rostlinn\u00fdm olej\u016fm.  <\/p>\n<h2>Pou\u017eit\u00ed oleje MCT z kokosu<\/h2>\n<p>Potravin\u00e1\u0159sk\u00fd pr\u016fmysl a dopl\u0148ky stravy<\/p>\n<ul>\n<li>energetick\u00e9 dopl\u0148ky a ketogenn\u00ed produkty,<\/li>\n<li>funk\u010dn\u00ed n\u00e1poje a \u201ebulletproof coffee\u201c<\/li>\n<li>p\u0159\u00eddavky do potravin a nutraceutika,<\/li>\n<li>produkty pro sportovce a aktivn\u00ed osoby.<\/li>\n<\/ul>\n<p>Kosmetika<\/p>\n<ul>\n<li>lehk\u00e9 oleje na t\u011blo a obli\u010dej,<\/li>\n<li>hydrata\u010dn\u00ed a emolientn\u00ed p\u0159\u00edpravky,<\/li>\n<li>nosi\u010d aktivn\u00edch l\u00e1tek v s\u00e9rech a kr\u00e9mech,<\/li>\n<li>mas\u00e1\u017en\u00ed oleje a produkty pro p\u00e9\u010di o vlasy.<\/li>\n<\/ul>\n<p>Technologick\u00e9 aplikace<\/p>\n<ul>\n<li>nosi\u010d aromat a aktivn\u00edch slo\u017eek,<\/li>\n<li>slo\u017eka formulac\u00ed vy\u017eaduj\u00edc\u00edch stabiln\u00ed lipidy,<\/li>\n<li>b\u00e1ze pro produkty s prodlou\u017eenou trvanlivost\u00ed.<\/li>\n<\/ul>\n<h2>Slo\u017een\u00ed mastn\u00fdch kyselin (GC FAME)<\/h2>\n<div class=\"row row-divided\"  id=\"row-1398636154\">\n\n\t<div id=\"col-981287117\" class=\"col medium-1\/2 large-6\"  >\n\t\t\t\t<div class=\"col-inner\"  >\n\t\t\t\n\t\t\t\n<h3>Parametr<\/h3>\n<div class=\"is-divider divider clearfix\" ><\/div>\n<p>Kyselina kapronov\u00e1 (C6:0)<\/p>\n<p>Kyselina kaprylov\u00e1 (C8:0)<\/p>\n<p>Kyselina kaprinov\u00e1 (C10:0)<\/p>\n<p>Kyselina laurov\u00e1 (C12:0)<\/p>\n<p>Kyselina myristov\u00e1 (C14:0)<\/p>\n\t\t<\/div>\n\t\t\t\t\t<\/div>\n\n\t\n\n\t<div id=\"col-1881688380\" class=\"col medium-1\/2 large-6\"  >\n\t\t\t\t<div class=\"col-inner\"  >\n\t\t\t\n\t\t\t\n<h3>V\u00fdsledek<\/h3>\n<div class=\"is-divider divider clearfix\" ><\/div>\n<p>0,3%<\/p>\n<p>63,4%<\/p>\n<p>35,8%<\/p>\n<p>0,5%<\/p>\n<p>0,0%<\/p>\n\t\t<\/div>\n\t\t\t\t\t<\/div>\n\n\t\n<\/div>\n","protected":false},"excerpt":{"rendered":"<p><strong>Olej MCT (Medium Chain Triglycerides)<\/strong> je specializovan\u00fd olej z\u00edsk\u00e1van\u00fd z kokosov\u00e9ho oleje procesem frakcionace, p\u0159i kter\u00e9m se odd\u011bluj\u00ed st\u0159edn\u011b\u0159et\u011bzcov\u00e9 mastn\u00e9 kyseliny. Na rozd\u00edl od klasick\u00e9ho kokosov\u00e9ho oleje tento produkt <strong>obsahuje p\u0159edev\u0161\u00edm triglyceridy kyseliny kaprylov\u00e9<\/strong> (C8) a <strong>kaprinov\u00e9<\/strong> (C10), kter\u00e9 tvo\u0159\u00ed jeho kl\u00ed\u010dovou funk\u010dn\u00ed slo\u017eku. <\/p>\n","protected":false},"featured_media":46997,"template":"","meta":{"_acf_changed":false},"product_brand":[],"product_cat":[625],"product_tag":[],"class_list":{"0":"post-46996","1":"product","2":"type-product","3":"status-publish","4":"has-post-thumbnail","6":"product_cat-jedle-a-kosmeticke-oleje","7":"pa_czesc-rosliny-duznina-kokosu-endosperm-semene-kopra","9":"first","10":"instock","11":"shipping-taxable","12":"product-type-simple"},"acf":[],"yoast_head":"<!-- This site is optimized with the Yoast SEO plugin v27.5 - https:\/\/yoast.com\/product\/yoast-seo-wordpress\/ -->\n<title>Olej MCT (z kokosu) - Velkoobchodn\u00ed distributor<\/title>\n<meta name=\"description\" content=\"Olej MCT z kokosu je snadno straviteln\u00fd tuk s vysok\u00fdm obsahem C8 a C10. Surovina pro dopl\u0148ky stravy, kosmetiku a funk\u010dn\u00ed produkty.\" \/>\n<meta name=\"robots\" content=\"index, follow, max-snippet:-1, max-image-preview:large, max-video-preview:-1\" \/>\n<link rel=\"canonical\" href=\"https:\/\/naturalpoland.com\/cs\/produkty\/jedle-a-kosmeticke-oleje\/olej-mct-z-kokosu\/\" \/>\n<meta property=\"og:locale\" content=\"cs_CZ\" \/>\n<meta property=\"og:type\" content=\"article\" \/>\n<meta property=\"og:title\" content=\"Olej MCT (z kokosu) - Velkoobchodn\u00ed distributor\" \/>\n<meta property=\"og:description\" content=\"Olej MCT z kokosu je snadno straviteln\u00fd tuk s vysok\u00fdm obsahem C8 a C10. Surovina pro dopl\u0148ky stravy, kosmetiku a funk\u010dn\u00ed produkty.\" \/>\n<meta property=\"og:url\" content=\"https:\/\/naturalpoland.com\/cs\/produkty\/jedle-a-kosmeticke-oleje\/olej-mct-z-kokosu\/\" \/>\n<meta property=\"og:site_name\" content=\"NATURAL POLAND - Velkoobchodn\u00ed distributor surovin\" \/>\n<meta property=\"article:publisher\" content=\"https:\/\/www.facebook.com\/naturalpoland.b2b\" \/>\n<meta property=\"article:modified_time\" content=\"2026-03-20T12:31:41+00:00\" \/>\n<meta property=\"og:image\" content=\"https:\/\/naturalpoland.com\/wp-content\/uploads\/olej-mct-z-kokosa.png\" \/>\n\t<meta property=\"og:image:width\" content=\"1024\" \/>\n\t<meta property=\"og:image:height\" content=\"1024\" \/>\n\t<meta property=\"og:image:type\" content=\"image\/png\" \/>\n<script type=\"application\/ld+json\" class=\"yoast-schema-graph\">{\"@context\":\"https:\\\/\\\/schema.org\",\"@graph\":[{\"@type\":\"WebPage\",\"@id\":\"https:\\\/\\\/naturalpoland.com\\\/cs\\\/produkty\\\/jedle-a-kosmeticke-oleje\\\/olej-mct-z-kokosu\\\/\",\"url\":\"https:\\\/\\\/naturalpoland.com\\\/cs\\\/produkty\\\/jedle-a-kosmeticke-oleje\\\/olej-mct-z-kokosu\\\/\",\"name\":\"Olej MCT (z kokosu) - Velkoobchodn\u00ed distributor\",\"isPartOf\":{\"@id\":\"https:\\\/\\\/naturalpoland.com\\\/cs\\\/#website\"},\"primaryImageOfPage\":{\"@id\":\"https:\\\/\\\/naturalpoland.com\\\/cs\\\/produkty\\\/jedle-a-kosmeticke-oleje\\\/olej-mct-z-kokosu\\\/#primaryimage\"},\"image\":{\"@id\":\"https:\\\/\\\/naturalpoland.com\\\/cs\\\/produkty\\\/jedle-a-kosmeticke-oleje\\\/olej-mct-z-kokosu\\\/#primaryimage\"},\"thumbnailUrl\":\"https:\\\/\\\/naturalpoland.com\\\/wp-content\\\/uploads\\\/olej-mct-z-kokosa.png\",\"datePublished\":\"2026-03-20T12:31:35+00:00\",\"dateModified\":\"2026-03-20T12:31:41+00:00\",\"description\":\"Olej MCT z kokosu je snadno straviteln\u00fd tuk s vysok\u00fdm obsahem C8 a C10. Surovina pro dopl\u0148ky stravy, kosmetiku a funk\u010dn\u00ed produkty.\",\"breadcrumb\":{\"@id\":\"https:\\\/\\\/naturalpoland.com\\\/cs\\\/produkty\\\/jedle-a-kosmeticke-oleje\\\/olej-mct-z-kokosu\\\/#breadcrumb\"},\"inLanguage\":\"cs\",\"potentialAction\":[{\"@type\":\"ReadAction\",\"target\":[\"https:\\\/\\\/naturalpoland.com\\\/cs\\\/produkty\\\/jedle-a-kosmeticke-oleje\\\/olej-mct-z-kokosu\\\/\"]}]},{\"@type\":\"ImageObject\",\"inLanguage\":\"cs\",\"@id\":\"https:\\\/\\\/naturalpoland.com\\\/cs\\\/produkty\\\/jedle-a-kosmeticke-oleje\\\/olej-mct-z-kokosu\\\/#primaryimage\",\"url\":\"https:\\\/\\\/naturalpoland.com\\\/wp-content\\\/uploads\\\/olej-mct-z-kokosa.png\",\"contentUrl\":\"https:\\\/\\\/naturalpoland.com\\\/wp-content\\\/uploads\\\/olej-mct-z-kokosa.png\",\"width\":1024,\"height\":1024,\"caption\":\"olej MCT z kokosu\"},{\"@type\":\"BreadcrumbList\",\"@id\":\"https:\\\/\\\/naturalpoland.com\\\/cs\\\/produkty\\\/jedle-a-kosmeticke-oleje\\\/olej-mct-z-kokosu\\\/#breadcrumb\",\"itemListElement\":[{\"@type\":\"ListItem\",\"position\":1,\"name\":\"Dom\u016f\",\"item\":\"https:\\\/\\\/naturalpoland.com\\\/cs\\\/\"},{\"@type\":\"ListItem\",\"position\":2,\"name\":\"Produkty\",\"item\":\"https:\\\/\\\/naturalpoland.com\\\/cs\\\/produkty\\\/\"},{\"@type\":\"ListItem\",\"position\":3,\"name\":\"Olej MCT (z kokosu)\"}]},{\"@type\":\"WebSite\",\"@id\":\"https:\\\/\\\/naturalpoland.com\\\/cs\\\/#website\",\"url\":\"https:\\\/\\\/naturalpoland.com\\\/cs\\\/\",\"name\":\"NATURAL POLAND - Velkoobchodn\u00ed distributor surovin\",\"description\":\"Surowce dla przemys\u0142u spo\u017cywczego, kosmetycznego i farmaceutycznego\",\"publisher\":{\"@id\":\"https:\\\/\\\/naturalpoland.com\\\/cs\\\/#organization\"},\"potentialAction\":[{\"@type\":\"SearchAction\",\"target\":{\"@type\":\"EntryPoint\",\"urlTemplate\":\"https:\\\/\\\/naturalpoland.com\\\/cs\\\/?s={search_term_string}\"},\"query-input\":{\"@type\":\"PropertyValueSpecification\",\"valueRequired\":true,\"valueName\":\"search_term_string\"}}],\"inLanguage\":\"cs\"},{\"@type\":\"Organization\",\"@id\":\"https:\\\/\\\/naturalpoland.com\\\/cs\\\/#organization\",\"name\":\"Natural Poland\",\"url\":\"https:\\\/\\\/naturalpoland.com\\\/cs\\\/\",\"logo\":{\"@type\":\"ImageObject\",\"inLanguage\":\"cs\",\"@id\":\"https:\\\/\\\/naturalpoland.com\\\/cs\\\/#\\\/schema\\\/logo\\\/image\\\/\",\"url\":\"https:\\\/\\\/naturalpoland.com\\\/wp-content\\\/uploads\\\/2021\\\/05\\\/natural-poland-icon.png\",\"contentUrl\":\"https:\\\/\\\/naturalpoland.com\\\/wp-content\\\/uploads\\\/2021\\\/05\\\/natural-poland-icon.png\",\"width\":512,\"height\":512,\"caption\":\"Natural Poland\"},\"image\":{\"@id\":\"https:\\\/\\\/naturalpoland.com\\\/cs\\\/#\\\/schema\\\/logo\\\/image\\\/\"},\"sameAs\":[\"https:\\\/\\\/www.facebook.com\\\/naturalpoland.b2b\",\"https:\\\/\\\/pl.linkedin.com\\\/company\\\/natural-poland\",\"https:\\\/\\\/www.youtube.com\\\/channel\\\/UCgeGGkvOMahZo-xu_MSEWxg\"]}]}<\/script>\n<!-- \/ Yoast SEO plugin. -->","yoast_head_json":{"title":"Olej MCT (z kokosu) - Velkoobchodn\u00ed distributor","description":"Olej MCT z kokosu je snadno straviteln\u00fd tuk s vysok\u00fdm obsahem C8 a C10. Surovina pro dopl\u0148ky stravy, kosmetiku a funk\u010dn\u00ed produkty.","robots":{"index":"index","follow":"follow","max-snippet":"max-snippet:-1","max-image-preview":"max-image-preview:large","max-video-preview":"max-video-preview:-1"},"canonical":"https:\/\/naturalpoland.com\/cs\/produkty\/jedle-a-kosmeticke-oleje\/olej-mct-z-kokosu\/","og_locale":"cs_CZ","og_type":"article","og_title":"Olej MCT (z kokosu) - Velkoobchodn\u00ed distributor","og_description":"Olej MCT z kokosu je snadno straviteln\u00fd tuk s vysok\u00fdm obsahem C8 a C10. Surovina pro dopl\u0148ky stravy, kosmetiku a funk\u010dn\u00ed produkty.","og_url":"https:\/\/naturalpoland.com\/cs\/produkty\/jedle-a-kosmeticke-oleje\/olej-mct-z-kokosu\/","og_site_name":"NATURAL POLAND - Velkoobchodn\u00ed distributor surovin","article_publisher":"https:\/\/www.facebook.com\/naturalpoland.b2b","article_modified_time":"2026-03-20T12:31:41+00:00","og_image":[{"width":1024,"height":1024,"url":"https:\/\/naturalpoland.com\/wp-content\/uploads\/olej-mct-z-kokosa.png","type":"image\/png"}],"schema":{"@context":"https:\/\/schema.org","@graph":[{"@type":"WebPage","@id":"https:\/\/naturalpoland.com\/cs\/produkty\/jedle-a-kosmeticke-oleje\/olej-mct-z-kokosu\/","url":"https:\/\/naturalpoland.com\/cs\/produkty\/jedle-a-kosmeticke-oleje\/olej-mct-z-kokosu\/","name":"Olej MCT (z kokosu) - Velkoobchodn\u00ed distributor","isPartOf":{"@id":"https:\/\/naturalpoland.com\/cs\/#website"},"primaryImageOfPage":{"@id":"https:\/\/naturalpoland.com\/cs\/produkty\/jedle-a-kosmeticke-oleje\/olej-mct-z-kokosu\/#primaryimage"},"image":{"@id":"https:\/\/naturalpoland.com\/cs\/produkty\/jedle-a-kosmeticke-oleje\/olej-mct-z-kokosu\/#primaryimage"},"thumbnailUrl":"https:\/\/naturalpoland.com\/wp-content\/uploads\/olej-mct-z-kokosa.png","datePublished":"2026-03-20T12:31:35+00:00","dateModified":"2026-03-20T12:31:41+00:00","description":"Olej MCT z kokosu je snadno straviteln\u00fd tuk s vysok\u00fdm obsahem C8 a C10. Surovina pro dopl\u0148ky stravy, kosmetiku a funk\u010dn\u00ed produkty.","breadcrumb":{"@id":"https:\/\/naturalpoland.com\/cs\/produkty\/jedle-a-kosmeticke-oleje\/olej-mct-z-kokosu\/#breadcrumb"},"inLanguage":"cs","potentialAction":[{"@type":"ReadAction","target":["https:\/\/naturalpoland.com\/cs\/produkty\/jedle-a-kosmeticke-oleje\/olej-mct-z-kokosu\/"]}]},{"@type":"ImageObject","inLanguage":"cs","@id":"https:\/\/naturalpoland.com\/cs\/produkty\/jedle-a-kosmeticke-oleje\/olej-mct-z-kokosu\/#primaryimage","url":"https:\/\/naturalpoland.com\/wp-content\/uploads\/olej-mct-z-kokosa.png","contentUrl":"https:\/\/naturalpoland.com\/wp-content\/uploads\/olej-mct-z-kokosa.png","width":1024,"height":1024,"caption":"olej MCT z kokosu"},{"@type":"BreadcrumbList","@id":"https:\/\/naturalpoland.com\/cs\/produkty\/jedle-a-kosmeticke-oleje\/olej-mct-z-kokosu\/#breadcrumb","itemListElement":[{"@type":"ListItem","position":1,"name":"Dom\u016f","item":"https:\/\/naturalpoland.com\/cs\/"},{"@type":"ListItem","position":2,"name":"Produkty","item":"https:\/\/naturalpoland.com\/cs\/produkty\/"},{"@type":"ListItem","position":3,"name":"Olej MCT (z kokosu)"}]},{"@type":"WebSite","@id":"https:\/\/naturalpoland.com\/cs\/#website","url":"https:\/\/naturalpoland.com\/cs\/","name":"NATURAL POLAND - Velkoobchodn\u00ed distributor surovin","description":"Surowce dla przemys\u0142u spo\u017cywczego, kosmetycznego i farmaceutycznego","publisher":{"@id":"https:\/\/naturalpoland.com\/cs\/#organization"},"potentialAction":[{"@type":"SearchAction","target":{"@type":"EntryPoint","urlTemplate":"https:\/\/naturalpoland.com\/cs\/?s={search_term_string}"},"query-input":{"@type":"PropertyValueSpecification","valueRequired":true,"valueName":"search_term_string"}}],"inLanguage":"cs"},{"@type":"Organization","@id":"https:\/\/naturalpoland.com\/cs\/#organization","name":"Natural Poland","url":"https:\/\/naturalpoland.com\/cs\/","logo":{"@type":"ImageObject","inLanguage":"cs","@id":"https:\/\/naturalpoland.com\/cs\/#\/schema\/logo\/image\/","url":"https:\/\/naturalpoland.com\/wp-content\/uploads\/2021\/05\/natural-poland-icon.png","contentUrl":"https:\/\/naturalpoland.com\/wp-content\/uploads\/2021\/05\/natural-poland-icon.png","width":512,"height":512,"caption":"Natural Poland"},"image":{"@id":"https:\/\/naturalpoland.com\/cs\/#\/schema\/logo\/image\/"},"sameAs":["https:\/\/www.facebook.com\/naturalpoland.b2b","https:\/\/pl.linkedin.com\/company\/natural-poland","https:\/\/www.youtube.com\/channel\/UCgeGGkvOMahZo-xu_MSEWxg"]}]}},"_links":{"self":[{"href":"https:\/\/naturalpoland.com\/cs\/wp-json\/wp\/v2\/product\/46996","targetHints":{"allow":["GET"]}}],"collection":[{"href":"https:\/\/naturalpoland.com\/cs\/wp-json\/wp\/v2\/product"}],"about":[{"href":"https:\/\/naturalpoland.com\/cs\/wp-json\/wp\/v2\/types\/product"}],"wp:featuredmedia":[{"embeddable":true,"href":"https:\/\/naturalpoland.com\/cs\/wp-json\/wp\/v2\/media\/46997"}],"wp:attachment":[{"href":"https:\/\/naturalpoland.com\/cs\/wp-json\/wp\/v2\/media?parent=46996"}],"wp:term":[{"taxonomy":"product_brand","embeddable":true,"href":"https:\/\/naturalpoland.com\/cs\/wp-json\/wp\/v2\/product_brand?post=46996"},{"taxonomy":"product_cat","embeddable":true,"href":"https:\/\/naturalpoland.com\/cs\/wp-json\/wp\/v2\/product_cat?post=46996"},{"taxonomy":"product_tag","embeddable":true,"href":"https:\/\/naturalpoland.com\/cs\/wp-json\/wp\/v2\/product_tag?post=46996"}],"curies":[{"name":"wp","href":"https:\/\/api.w.org\/{rel}","templated":true}]}}