{"id":47006,"date":"2026-03-12T14:42:25","date_gmt":"2026-03-12T13:42:25","guid":{"rendered":"https:\/\/naturalpoland.com\/produkty\/nezarazene\/kokosove-mleko-v-prasku\/"},"modified":"2026-03-20T13:43:33","modified_gmt":"2026-03-20T12:43:33","slug":"kokosove-mleko-v-prasku","status":"publish","type":"product","link":"https:\/\/naturalpoland.com\/cs\/produkty\/produkty-pro-potravinarsky-prumysl\/suroviny-pro-vyrobu\/kokosove-mleko-v-prasku\/","title":{"rendered":"Kokosov\u00e9 ml\u00e9ko v pr\u00e1\u0161ku"},"content":{"rendered":"<p>Kokosov\u00e9 ml\u00e9ko v pr\u00e1\u0161ku poch\u00e1z\u00ed ze Sr\u00ed Lanky a vyr\u00e1b\u00ed se z organick\u00e9ho kokosov\u00e9ho ml\u00e9ka a organick\u00e9ho tapiokov\u00e9ho maltodextrinu, kter\u00fd stabilizuje strukturu pr\u00e1\u0161ku a usnad\u0148uje jeho rozpou\u0161t\u011bn\u00ed ve vod\u011b. Surovina m\u00e1 podobu b\u00edl\u00e9ho nebo kr\u00e9mov\u00e9ho jemn\u00e9ho pr\u00e1\u0161ku s charakteristickou kokosovou v\u016fn\u00ed a jemnou, kr\u00e9movou chut\u00ed. <\/p>\n<h2>Vlastnosti a \u00fa\u010dinky kokosov\u00e9ho ml\u00e9ka v pr\u00e1\u0161ku<\/h2>\n<p>Kokosov\u00e9 ml\u00e9ko v pr\u00e1\u0161ku obsahuje vysok\u00e9 mno\u017estv\u00ed p\u0159\u00edrodn\u00edch kokosov\u00fdch tuk\u016f, kter\u00e9 jsou zodpov\u011bdn\u00e9 za jeho <strong>kr\u00e9movou konzistenci a intenzivn\u00ed chu\u0165<\/strong>. Obsah tuku v produktu je p\u0159ibli\u017en\u011b 55\u201360 %. Tuk mu dod\u00e1v\u00e1 bohat\u00fd chu\u0165ov\u00fd profil a zaji\u0161\u0165uje, \u017ee se dob\u0159e uplat\u0148uje jako slo\u017eka potravin\u00e1\u0159sk\u00fdch v\u00fdrobk\u016f vy\u017eaduj\u00edc\u00edch kr\u00e9movou texturu.  <\/p>\n<p>Nav\u00edc tuky p\u0159\u00edtomn\u00e9 v kokosov\u00e9m ml\u00e9ce se skl\u00e1daj\u00ed p\u0159ev\u00e1\u017en\u011b z <strong>nasycen\u00fdch mastn\u00fdch kyselin se st\u0159edn\u011b dlouh\u00fdm \u0159et\u011bzcem (MCT)<\/strong>. Ty jsou snadno straviteln\u00e9 organismem a mohou p\u0159edstavovat rychl\u00fd zdroj energie v rostlinn\u00fdch, ketogenn\u00edch diet\u00e1ch a ve funk\u010dn\u00edch produktech. <\/p>\n<p>Produkt dod\u00e1v\u00e1 tak\u00e9 sacharidy a mal\u00e9 mno\u017estv\u00ed b\u00edlkovin. Energetick\u00e1 hodnota je p\u0159ibli\u017en\u011b 684 kcal na 100 g produktu. <\/p>\n<p>Vzhledem ke sv\u00e9mu p\u0159\u00edrodn\u00edmu slo\u017een\u00ed je kokosov\u00e9 ml\u00e9ko v pr\u00e1\u0161ku obl\u00edbenou slo\u017ekou v produktech ur\u010den\u00fdch pro osoby dodr\u017euj\u00edc\u00ed rostlinnou stravu nebo se vyh\u00fdbaj\u00edc\u00ed ml\u00e9\u010dn\u00fdm v\u00fdrobk\u016fm. Neobsahuje GMO a nebyl b\u011bhem v\u00fdroby oza\u0159ov\u00e1n. <\/p>\n<h2>Pou\u017eit\u00ed:<\/h2>\n<p>Kokosov\u00e9 ml\u00e9ko je ur\u010deno pro pou\u017eit\u00ed v potravin\u00e1\u0159sk\u00e9m pr\u016fmyslu, zejm\u00e9na v produktech vy\u017eaduj\u00edc\u00edch kr\u00e9movou konzistenci a p\u0159\u00edrodn\u00ed kokosov\u00e9 aroma.<\/p>\n<p>M\u016f\u017ee b\u00fdt pou\u017eito mimo jin\u00e9 v:<\/p>\n<ul>\n<li>cukr\u00e1\u0159sk\u00fdch v\u00fdrobc\u00edch a dezertech,<\/li>\n<li>zmrzlin\u00e1ch a zmrzlinov\u00fdch sm\u011bs\u00edch,<\/li>\n<li>rostlinn\u00fdch n\u00e1poj\u00edch a koktejlech,<\/li>\n<li>om\u00e1\u010dk\u00e1ch a pokrmech asijsk\u00e9 kuchyn\u011b (nap\u0159. kari),<\/li>\n<li>rostlinn\u00fdch jogurtech,<\/li>\n<li>ty\u010dink\u00e1ch a funk\u010dn\u00edch produktech,<\/li>\n<li>instantn\u00edch sm\u011bs\u00edch a convenience produktech.<\/li>\n<\/ul>\n<p>D\u00edky form\u011b pr\u00e1\u0161ku je surovina snadno skladovateln\u00e1, p\u0159epraviteln\u00e1 a d\u00e1vkovateln\u00e1. Po rozpu\u0161t\u011bn\u00ed ve vod\u011b umo\u017e\u0148uje z\u00edskat kokosov\u00e9 ml\u00e9ko s konzistenc\u00ed podobnou \u010derstv\u00e9mu produktu. <\/p>\n","protected":false},"excerpt":{"rendered":"<p><strong>Kokosov\u00e9 ml\u00e9ko v pr\u00e1\u0161ku<\/strong> je rostlinn\u00e1 potravin\u00e1\u0159sk\u00e1 surovina z\u00edskan\u00e1 z extraktu \u010derstv\u00fdch, zral\u00fdch kokosov\u00fdch o\u0159ech\u016f. V procesu v\u00fdroby je kokosov\u00e9 ml\u00e9ko z\u00edskan\u00e9 z kokosov\u00e9 du\u017einy su\u0161eno rozpra\u0161ov\u00e1n\u00edm (spray drying), co\u017e umo\u017e\u0148uje zachovat jeho p\u0159irozenou chu\u0165, aroma a nutri\u010dn\u00ed hodnoty a z\u00e1rove\u0148 z\u00edskat pohodlnou formu pr\u00e1\u0161ku. <\/p>\n","protected":false},"featured_media":47007,"template":"","meta":{"_acf_changed":false},"product_brand":[],"product_cat":[641],"product_tag":[],"class_list":{"0":"post-47006","1":"product","2":"type-product","3":"status-publish","4":"has-post-thumbnail","6":"product_cat-suroviny-pro-vyrobu","8":"first","9":"instock","10":"shipping-taxable","11":"product-type-simple"},"acf":[],"yoast_head":"<!-- This site is optimized with the Yoast SEO plugin v27.5 - https:\/\/yoast.com\/product\/yoast-seo-wordpress\/ -->\n<title>Kokosov\u00e9 ml\u00e9ko v pr\u00e1\u0161ku - Velkoobchodn\u00ed distributor<\/title>\n<meta name=\"description\" content=\"Organick\u00e9 kokosov\u00e9 ml\u00e9ko v pr\u00e1\u0161ku \u2013 p\u0159\u00edrodn\u00ed rostlinn\u00e1 surovina s kr\u00e9movou chut\u00ed a vysok\u00fdm obsahem tuku pro n\u00e1poje a jin\u00e9 potravin\u00e1\u0159sk\u00e9 v\u00fdrobky.\" \/>\n<meta name=\"robots\" content=\"index, follow, max-snippet:-1, max-image-preview:large, max-video-preview:-1\" \/>\n<link rel=\"canonical\" href=\"https:\/\/naturalpoland.com\/cs\/produkty\/produkty-pro-potravinarsky-prumysl\/suroviny-pro-vyrobu\/kokosove-mleko-v-prasku\/\" \/>\n<meta property=\"og:locale\" content=\"cs_CZ\" \/>\n<meta property=\"og:type\" content=\"article\" \/>\n<meta property=\"og:title\" content=\"Kokosov\u00e9 ml\u00e9ko v pr\u00e1\u0161ku - Velkoobchodn\u00ed distributor\" \/>\n<meta property=\"og:description\" content=\"Organick\u00e9 kokosov\u00e9 ml\u00e9ko v pr\u00e1\u0161ku \u2013 p\u0159\u00edrodn\u00ed rostlinn\u00e1 surovina s kr\u00e9movou chut\u00ed a vysok\u00fdm obsahem tuku pro n\u00e1poje a jin\u00e9 potravin\u00e1\u0159sk\u00e9 v\u00fdrobky.\" \/>\n<meta property=\"og:url\" content=\"https:\/\/naturalpoland.com\/cs\/produkty\/produkty-pro-potravinarsky-prumysl\/suroviny-pro-vyrobu\/kokosove-mleko-v-prasku\/\" \/>\n<meta property=\"og:site_name\" content=\"NATURAL POLAND - Velkoobchodn\u00ed distributor surovin\" \/>\n<meta property=\"article:publisher\" content=\"https:\/\/www.facebook.com\/naturalpoland.b2b\" \/>\n<meta property=\"article:modified_time\" content=\"2026-03-20T12:43:33+00:00\" \/>\n<meta property=\"og:image\" content=\"https:\/\/naturalpoland.com\/wp-content\/uploads\/mleko-kokosowe-w-proszku.png\" \/>\n\t<meta property=\"og:image:width\" content=\"1024\" \/>\n\t<meta property=\"og:image:height\" content=\"1024\" \/>\n\t<meta property=\"og:image:type\" content=\"image\/png\" \/>\n<script type=\"application\/ld+json\" class=\"yoast-schema-graph\">{\"@context\":\"https:\\\/\\\/schema.org\",\"@graph\":[{\"@type\":\"WebPage\",\"@id\":\"https:\\\/\\\/naturalpoland.com\\\/cs\\\/produkty\\\/produkty-pro-potravinarsky-prumysl\\\/suroviny-pro-vyrobu\\\/kokosove-mleko-v-prasku\\\/\",\"url\":\"https:\\\/\\\/naturalpoland.com\\\/cs\\\/produkty\\\/produkty-pro-potravinarsky-prumysl\\\/suroviny-pro-vyrobu\\\/kokosove-mleko-v-prasku\\\/\",\"name\":\"Kokosov\u00e9 ml\u00e9ko v pr\u00e1\u0161ku - Velkoobchodn\u00ed distributor\",\"isPartOf\":{\"@id\":\"https:\\\/\\\/naturalpoland.com\\\/cs\\\/#website\"},\"primaryImageOfPage\":{\"@id\":\"https:\\\/\\\/naturalpoland.com\\\/cs\\\/produkty\\\/produkty-pro-potravinarsky-prumysl\\\/suroviny-pro-vyrobu\\\/kokosove-mleko-v-prasku\\\/#primaryimage\"},\"image\":{\"@id\":\"https:\\\/\\\/naturalpoland.com\\\/cs\\\/produkty\\\/produkty-pro-potravinarsky-prumysl\\\/suroviny-pro-vyrobu\\\/kokosove-mleko-v-prasku\\\/#primaryimage\"},\"thumbnailUrl\":\"https:\\\/\\\/naturalpoland.com\\\/wp-content\\\/uploads\\\/mleko-kokosowe-w-proszku.png\",\"datePublished\":\"2026-03-12T13:42:25+00:00\",\"dateModified\":\"2026-03-20T12:43:33+00:00\",\"description\":\"Organick\u00e9 kokosov\u00e9 ml\u00e9ko v pr\u00e1\u0161ku \u2013 p\u0159\u00edrodn\u00ed rostlinn\u00e1 surovina s kr\u00e9movou chut\u00ed a vysok\u00fdm obsahem tuku pro n\u00e1poje a jin\u00e9 potravin\u00e1\u0159sk\u00e9 v\u00fdrobky.\",\"breadcrumb\":{\"@id\":\"https:\\\/\\\/naturalpoland.com\\\/cs\\\/produkty\\\/produkty-pro-potravinarsky-prumysl\\\/suroviny-pro-vyrobu\\\/kokosove-mleko-v-prasku\\\/#breadcrumb\"},\"inLanguage\":\"cs\",\"potentialAction\":[{\"@type\":\"ReadAction\",\"target\":[\"https:\\\/\\\/naturalpoland.com\\\/cs\\\/produkty\\\/produkty-pro-potravinarsky-prumysl\\\/suroviny-pro-vyrobu\\\/kokosove-mleko-v-prasku\\\/\"]}]},{\"@type\":\"ImageObject\",\"inLanguage\":\"cs\",\"@id\":\"https:\\\/\\\/naturalpoland.com\\\/cs\\\/produkty\\\/produkty-pro-potravinarsky-prumysl\\\/suroviny-pro-vyrobu\\\/kokosove-mleko-v-prasku\\\/#primaryimage\",\"url\":\"https:\\\/\\\/naturalpoland.com\\\/wp-content\\\/uploads\\\/mleko-kokosowe-w-proszku.png\",\"contentUrl\":\"https:\\\/\\\/naturalpoland.com\\\/wp-content\\\/uploads\\\/mleko-kokosowe-w-proszku.png\",\"width\":1024,\"height\":1024,\"caption\":\"kokosov\u00e9 ml\u00e9ko v pr\u00e1\u0161ku\"},{\"@type\":\"BreadcrumbList\",\"@id\":\"https:\\\/\\\/naturalpoland.com\\\/cs\\\/produkty\\\/produkty-pro-potravinarsky-prumysl\\\/suroviny-pro-vyrobu\\\/kokosove-mleko-v-prasku\\\/#breadcrumb\",\"itemListElement\":[{\"@type\":\"ListItem\",\"position\":1,\"name\":\"Dom\u016f\",\"item\":\"https:\\\/\\\/naturalpoland.com\\\/cs\\\/\"},{\"@type\":\"ListItem\",\"position\":2,\"name\":\"Produkty\",\"item\":\"https:\\\/\\\/naturalpoland.com\\\/cs\\\/produkty\\\/\"},{\"@type\":\"ListItem\",\"position\":3,\"name\":\"Kokosov\u00e9 ml\u00e9ko v pr\u00e1\u0161ku\"}]},{\"@type\":\"WebSite\",\"@id\":\"https:\\\/\\\/naturalpoland.com\\\/cs\\\/#website\",\"url\":\"https:\\\/\\\/naturalpoland.com\\\/cs\\\/\",\"name\":\"NATURAL POLAND - Velkoobchodn\u00ed distributor surovin\",\"description\":\"Surowce dla przemys\u0142u spo\u017cywczego, kosmetycznego i farmaceutycznego\",\"publisher\":{\"@id\":\"https:\\\/\\\/naturalpoland.com\\\/cs\\\/#organization\"},\"potentialAction\":[{\"@type\":\"SearchAction\",\"target\":{\"@type\":\"EntryPoint\",\"urlTemplate\":\"https:\\\/\\\/naturalpoland.com\\\/cs\\\/?s={search_term_string}\"},\"query-input\":{\"@type\":\"PropertyValueSpecification\",\"valueRequired\":true,\"valueName\":\"search_term_string\"}}],\"inLanguage\":\"cs\"},{\"@type\":\"Organization\",\"@id\":\"https:\\\/\\\/naturalpoland.com\\\/cs\\\/#organization\",\"name\":\"Natural Poland\",\"url\":\"https:\\\/\\\/naturalpoland.com\\\/cs\\\/\",\"logo\":{\"@type\":\"ImageObject\",\"inLanguage\":\"cs\",\"@id\":\"https:\\\/\\\/naturalpoland.com\\\/cs\\\/#\\\/schema\\\/logo\\\/image\\\/\",\"url\":\"https:\\\/\\\/naturalpoland.com\\\/wp-content\\\/uploads\\\/2021\\\/05\\\/natural-poland-icon.png\",\"contentUrl\":\"https:\\\/\\\/naturalpoland.com\\\/wp-content\\\/uploads\\\/2021\\\/05\\\/natural-poland-icon.png\",\"width\":512,\"height\":512,\"caption\":\"Natural Poland\"},\"image\":{\"@id\":\"https:\\\/\\\/naturalpoland.com\\\/cs\\\/#\\\/schema\\\/logo\\\/image\\\/\"},\"sameAs\":[\"https:\\\/\\\/www.facebook.com\\\/naturalpoland.b2b\",\"https:\\\/\\\/pl.linkedin.com\\\/company\\\/natural-poland\",\"https:\\\/\\\/www.youtube.com\\\/channel\\\/UCgeGGkvOMahZo-xu_MSEWxg\"]}]}<\/script>\n<!-- \/ Yoast SEO plugin. -->","yoast_head_json":{"title":"Kokosov\u00e9 ml\u00e9ko v pr\u00e1\u0161ku - Velkoobchodn\u00ed distributor","description":"Organick\u00e9 kokosov\u00e9 ml\u00e9ko v pr\u00e1\u0161ku \u2013 p\u0159\u00edrodn\u00ed rostlinn\u00e1 surovina s kr\u00e9movou chut\u00ed a vysok\u00fdm obsahem tuku pro n\u00e1poje a jin\u00e9 potravin\u00e1\u0159sk\u00e9 v\u00fdrobky.","robots":{"index":"index","follow":"follow","max-snippet":"max-snippet:-1","max-image-preview":"max-image-preview:large","max-video-preview":"max-video-preview:-1"},"canonical":"https:\/\/naturalpoland.com\/cs\/produkty\/produkty-pro-potravinarsky-prumysl\/suroviny-pro-vyrobu\/kokosove-mleko-v-prasku\/","og_locale":"cs_CZ","og_type":"article","og_title":"Kokosov\u00e9 ml\u00e9ko v pr\u00e1\u0161ku - Velkoobchodn\u00ed distributor","og_description":"Organick\u00e9 kokosov\u00e9 ml\u00e9ko v pr\u00e1\u0161ku \u2013 p\u0159\u00edrodn\u00ed rostlinn\u00e1 surovina s kr\u00e9movou chut\u00ed a vysok\u00fdm obsahem tuku pro n\u00e1poje a jin\u00e9 potravin\u00e1\u0159sk\u00e9 v\u00fdrobky.","og_url":"https:\/\/naturalpoland.com\/cs\/produkty\/produkty-pro-potravinarsky-prumysl\/suroviny-pro-vyrobu\/kokosove-mleko-v-prasku\/","og_site_name":"NATURAL POLAND - Velkoobchodn\u00ed distributor surovin","article_publisher":"https:\/\/www.facebook.com\/naturalpoland.b2b","article_modified_time":"2026-03-20T12:43:33+00:00","og_image":[{"width":1024,"height":1024,"url":"https:\/\/naturalpoland.com\/wp-content\/uploads\/mleko-kokosowe-w-proszku.png","type":"image\/png"}],"schema":{"@context":"https:\/\/schema.org","@graph":[{"@type":"WebPage","@id":"https:\/\/naturalpoland.com\/cs\/produkty\/produkty-pro-potravinarsky-prumysl\/suroviny-pro-vyrobu\/kokosove-mleko-v-prasku\/","url":"https:\/\/naturalpoland.com\/cs\/produkty\/produkty-pro-potravinarsky-prumysl\/suroviny-pro-vyrobu\/kokosove-mleko-v-prasku\/","name":"Kokosov\u00e9 ml\u00e9ko v pr\u00e1\u0161ku - Velkoobchodn\u00ed distributor","isPartOf":{"@id":"https:\/\/naturalpoland.com\/cs\/#website"},"primaryImageOfPage":{"@id":"https:\/\/naturalpoland.com\/cs\/produkty\/produkty-pro-potravinarsky-prumysl\/suroviny-pro-vyrobu\/kokosove-mleko-v-prasku\/#primaryimage"},"image":{"@id":"https:\/\/naturalpoland.com\/cs\/produkty\/produkty-pro-potravinarsky-prumysl\/suroviny-pro-vyrobu\/kokosove-mleko-v-prasku\/#primaryimage"},"thumbnailUrl":"https:\/\/naturalpoland.com\/wp-content\/uploads\/mleko-kokosowe-w-proszku.png","datePublished":"2026-03-12T13:42:25+00:00","dateModified":"2026-03-20T12:43:33+00:00","description":"Organick\u00e9 kokosov\u00e9 ml\u00e9ko v pr\u00e1\u0161ku \u2013 p\u0159\u00edrodn\u00ed rostlinn\u00e1 surovina s kr\u00e9movou chut\u00ed a vysok\u00fdm obsahem tuku pro n\u00e1poje a jin\u00e9 potravin\u00e1\u0159sk\u00e9 v\u00fdrobky.","breadcrumb":{"@id":"https:\/\/naturalpoland.com\/cs\/produkty\/produkty-pro-potravinarsky-prumysl\/suroviny-pro-vyrobu\/kokosove-mleko-v-prasku\/#breadcrumb"},"inLanguage":"cs","potentialAction":[{"@type":"ReadAction","target":["https:\/\/naturalpoland.com\/cs\/produkty\/produkty-pro-potravinarsky-prumysl\/suroviny-pro-vyrobu\/kokosove-mleko-v-prasku\/"]}]},{"@type":"ImageObject","inLanguage":"cs","@id":"https:\/\/naturalpoland.com\/cs\/produkty\/produkty-pro-potravinarsky-prumysl\/suroviny-pro-vyrobu\/kokosove-mleko-v-prasku\/#primaryimage","url":"https:\/\/naturalpoland.com\/wp-content\/uploads\/mleko-kokosowe-w-proszku.png","contentUrl":"https:\/\/naturalpoland.com\/wp-content\/uploads\/mleko-kokosowe-w-proszku.png","width":1024,"height":1024,"caption":"kokosov\u00e9 ml\u00e9ko v pr\u00e1\u0161ku"},{"@type":"BreadcrumbList","@id":"https:\/\/naturalpoland.com\/cs\/produkty\/produkty-pro-potravinarsky-prumysl\/suroviny-pro-vyrobu\/kokosove-mleko-v-prasku\/#breadcrumb","itemListElement":[{"@type":"ListItem","position":1,"name":"Dom\u016f","item":"https:\/\/naturalpoland.com\/cs\/"},{"@type":"ListItem","position":2,"name":"Produkty","item":"https:\/\/naturalpoland.com\/cs\/produkty\/"},{"@type":"ListItem","position":3,"name":"Kokosov\u00e9 ml\u00e9ko v pr\u00e1\u0161ku"}]},{"@type":"WebSite","@id":"https:\/\/naturalpoland.com\/cs\/#website","url":"https:\/\/naturalpoland.com\/cs\/","name":"NATURAL POLAND - Velkoobchodn\u00ed distributor surovin","description":"Surowce dla przemys\u0142u spo\u017cywczego, kosmetycznego i farmaceutycznego","publisher":{"@id":"https:\/\/naturalpoland.com\/cs\/#organization"},"potentialAction":[{"@type":"SearchAction","target":{"@type":"EntryPoint","urlTemplate":"https:\/\/naturalpoland.com\/cs\/?s={search_term_string}"},"query-input":{"@type":"PropertyValueSpecification","valueRequired":true,"valueName":"search_term_string"}}],"inLanguage":"cs"},{"@type":"Organization","@id":"https:\/\/naturalpoland.com\/cs\/#organization","name":"Natural Poland","url":"https:\/\/naturalpoland.com\/cs\/","logo":{"@type":"ImageObject","inLanguage":"cs","@id":"https:\/\/naturalpoland.com\/cs\/#\/schema\/logo\/image\/","url":"https:\/\/naturalpoland.com\/wp-content\/uploads\/2021\/05\/natural-poland-icon.png","contentUrl":"https:\/\/naturalpoland.com\/wp-content\/uploads\/2021\/05\/natural-poland-icon.png","width":512,"height":512,"caption":"Natural Poland"},"image":{"@id":"https:\/\/naturalpoland.com\/cs\/#\/schema\/logo\/image\/"},"sameAs":["https:\/\/www.facebook.com\/naturalpoland.b2b","https:\/\/pl.linkedin.com\/company\/natural-poland","https:\/\/www.youtube.com\/channel\/UCgeGGkvOMahZo-xu_MSEWxg"]}]}},"_links":{"self":[{"href":"https:\/\/naturalpoland.com\/cs\/wp-json\/wp\/v2\/product\/47006","targetHints":{"allow":["GET"]}}],"collection":[{"href":"https:\/\/naturalpoland.com\/cs\/wp-json\/wp\/v2\/product"}],"about":[{"href":"https:\/\/naturalpoland.com\/cs\/wp-json\/wp\/v2\/types\/product"}],"wp:featuredmedia":[{"embeddable":true,"href":"https:\/\/naturalpoland.com\/cs\/wp-json\/wp\/v2\/media\/47007"}],"wp:attachment":[{"href":"https:\/\/naturalpoland.com\/cs\/wp-json\/wp\/v2\/media?parent=47006"}],"wp:term":[{"taxonomy":"product_brand","embeddable":true,"href":"https:\/\/naturalpoland.com\/cs\/wp-json\/wp\/v2\/product_brand?post=47006"},{"taxonomy":"product_cat","embeddable":true,"href":"https:\/\/naturalpoland.com\/cs\/wp-json\/wp\/v2\/product_cat?post=47006"},{"taxonomy":"product_tag","embeddable":true,"href":"https:\/\/naturalpoland.com\/cs\/wp-json\/wp\/v2\/product_tag?post=47006"}],"curies":[{"name":"wp","href":"https:\/\/api.w.org\/{rel}","templated":true}]}}