{"id":47036,"date":"2026-03-20T15:12:25","date_gmt":"2026-03-20T14:12:25","guid":{"rendered":"https:\/\/naturalpoland.com\/produkty\/nezarazene\/butyrat-sodny\/"},"modified":"2026-03-20T15:30:20","modified_gmt":"2026-03-20T14:30:20","slug":"butyrat-sodny","status":"publish","type":"product","link":"https:\/\/naturalpoland.com\/cs\/produkty\/produkty-pro-farmaceuticky-a-zdravotnicky-prumysl\/pridavky-k-doplnkum-stravy\/butyrat-sodny\/","title":{"rendered":"Butyr\u00e1t sodn\u00fd"},"content":{"rendered":"<p>Butyr\u00e1t sodn\u00fd je p\u0159irozen\u011b p\u0159\u00edtomen v tlust\u00e9m st\u0159ev\u011b jako produkt fermentace vl\u00e1kniny st\u0159evn\u00ed mikrobiotou. Ve form\u011b funk\u010dn\u00ed suroviny se pou\u017e\u00edv\u00e1 v dopl\u0148c\u00edch stravy a produktech ur\u010den\u00fdch na podporu tr\u00e1vic\u00edho syst\u00e9mu. <\/p>\n<p>Nab\u00edzen\u00fd produkt je butyr\u00e1t sodn\u00fd v <strong>obalen\u00e9 form\u011b<\/strong>, co\u017e znamen\u00e1, \u017ee aktivn\u00ed l\u00e1tka byla chr\u00e1n\u011bna tukovou vrstvou. To umo\u017e\u0148uje \u0159\u00edzen\u00e9 uvol\u0148ov\u00e1n\u00ed v dal\u0161\u00edch \u00fasec\u00edch tr\u00e1vic\u00edho traktu a omezen\u00ed charakteristick\u00e9ho z\u00e1pachu suroviny. <\/p>\n<h2>Vlastnosti a \u00fa\u010dinky butyr\u00e1tu sodn\u00e9ho:<\/h2>\n<p>Butyr\u00e1t sodn\u00fd se vyu\u017e\u00edv\u00e1 ve formulac\u00edch zam\u011b\u0159en\u00fdch na fungov\u00e1n\u00ed tr\u00e1vic\u00edho traktu. Jako kr\u00e1tko\u0159et\u011bzcov\u00e1 mastn\u00e1 kyselina p\u0159edstavuje p\u0159irozen\u00fd zdroj energie pro bu\u0148ky st\u0159evn\u00edho epitelu, co\u017e ovliv\u0148uje udr\u017een\u00ed spr\u00e1vn\u00e9 struktury a funkce st\u0159evn\u00ed bari\u00e9ry. <\/p>\n<p>Tato l\u00e1tka se pod\u00edl\u00ed na regulaci st\u0159evn\u00edho prost\u0159ed\u00ed prost\u0159ednictv\u00edm vlivu na mikrofl\u00f3ru a pH v oblasti tr\u00e1vic\u00edho traktu. M\u016f\u017ee p\u0159isp\u00edvat k udr\u017een\u00ed mikrobiologick\u00e9 rovnov\u00e1hy st\u0159ev a podporovat rozvoj prosp\u011b\u0161n\u00fdch bakteri\u00ed. Hraje tak\u00e9 d\u016fle\u017eitou roli v procesech spojen\u00fdch s regenerac\u00ed st\u0159evn\u00edho epitelu a udr\u017een\u00edm integrity st\u0159evn\u00ed bari\u00e9ry.  <\/p>\n<p>Pou\u017eit\u00ed obalen\u00e9 formy umo\u017e\u0148uje zv\u00fd\u0161en\u00ed technologick\u00e9 efektivity \u2013 slo\u017eka nepodl\u00e9h\u00e1 rychl\u00e9mu rozkladu v horn\u00edm \u00faseku tr\u00e1vic\u00edho traktu, tak\u017ee m\u016f\u017ee p\u016fsobit v tenk\u00e9m a tlust\u00e9m st\u0159ev\u011b. Nav\u00edc obalen\u00ed omezuje intenzivn\u00ed z\u00e1pach charakteristick\u00fd pro volnou kyselinu m\u00e1selnou. <\/p>\n<h2>Pou\u017eit\u00ed butyr\u00e1tu sodn\u00e9ho:<\/h2>\n<ul>\n<li>dopl\u0148ky stravy typu <em>gut health<\/em>,<\/li>\n<li>p\u0159\u00edpravky podporuj\u00edc\u00ed fungov\u00e1n\u00ed st\u0159ev,<\/li>\n<li>funk\u010dn\u00ed potraviny,<\/li>\n<li>produkty ur\u010den\u00e9 pro osoby pe\u010duj\u00edc\u00ed o st\u0159evn\u00ed mikrobiotu,<\/li>\n<li>veterin\u00e1rn\u00ed a krmiv\u00e1\u0159sk\u00e9 aplikace.<\/li>\n<\/ul>\n<p>Vzhledem ke sv\u00e9 funk\u010dnosti se tato surovina \u010dasto pou\u017e\u00edv\u00e1 v produktech kombinuj\u00edc\u00edch prebiotick\u00e9 a probiotick\u00e9 slo\u017eky.<\/p>\n","protected":false},"excerpt":{"rendered":"<p>Butyr\u00e1t sodn\u00fd je sodn\u00e1 s\u016fl kyseliny m\u00e1seln\u00e9 pat\u0159\u00edc\u00ed do skupiny kr\u00e1tko\u0159et\u011bzcov\u00fdch mastn\u00fdch kyselin (SCFA).<\/p>\n","protected":false},"featured_media":47063,"template":"","meta":{"_acf_changed":false},"product_brand":[],"product_cat":[629],"product_tag":[],"class_list":{"0":"post-47036","1":"product","2":"type-product","3":"status-publish","4":"has-post-thumbnail","6":"product_cat-pridavky-k-doplnkum-stravy","8":"first","9":"instock","10":"shipping-taxable","11":"product-type-simple"},"acf":[],"yoast_head":"<!-- This site is optimized with the Yoast SEO plugin v27.5 - https:\/\/yoast.com\/product\/yoast-seo-wordpress\/ -->\n<title>Butyr\u00e1t sodn\u00fd - Velkoobchodn\u00ed distributor<\/title>\n<meta name=\"description\" content=\"Butyr\u00e1t sodn\u00fd (obalen\u00fd) je surovina pro dopl\u0148ky stravy podporuj\u00edc\u00ed st\u0159eva a mikrobiotu. Stabiln\u00ed forma s \u0159\u00edzen\u00fdm uvol\u0148ov\u00e1n\u00edm a vysokou kvalitou.\" \/>\n<meta name=\"robots\" content=\"index, follow, max-snippet:-1, max-image-preview:large, max-video-preview:-1\" \/>\n<link rel=\"canonical\" href=\"https:\/\/naturalpoland.com\/cs\/produkty\/produkty-pro-farmaceuticky-a-zdravotnicky-prumysl\/pridavky-k-doplnkum-stravy\/butyrat-sodny\/\" \/>\n<meta property=\"og:locale\" content=\"cs_CZ\" \/>\n<meta property=\"og:type\" content=\"article\" \/>\n<meta property=\"og:title\" content=\"Butyr\u00e1t sodn\u00fd - Velkoobchodn\u00ed distributor\" \/>\n<meta property=\"og:description\" content=\"Butyr\u00e1t sodn\u00fd (obalen\u00fd) je surovina pro dopl\u0148ky stravy podporuj\u00edc\u00ed st\u0159eva a mikrobiotu. Stabiln\u00ed forma s \u0159\u00edzen\u00fdm uvol\u0148ov\u00e1n\u00edm a vysokou kvalitou.\" \/>\n<meta property=\"og:url\" content=\"https:\/\/naturalpoland.com\/cs\/produkty\/produkty-pro-farmaceuticky-a-zdravotnicky-prumysl\/pridavky-k-doplnkum-stravy\/butyrat-sodny\/\" \/>\n<meta property=\"og:site_name\" content=\"NATURAL POLAND - Velkoobchodn\u00ed distributor surovin\" \/>\n<meta property=\"article:publisher\" content=\"https:\/\/www.facebook.com\/naturalpoland.b2b\" \/>\n<meta property=\"article:modified_time\" content=\"2026-03-20T14:30:20+00:00\" \/>\n<meta property=\"og:image\" content=\"https:\/\/naturalpoland.com\/wp-content\/uploads\/maslan-sodu-otoczkowany.webp\" \/>\n\t<meta property=\"og:image:width\" content=\"1024\" \/>\n\t<meta property=\"og:image:height\" content=\"1024\" \/>\n\t<meta property=\"og:image:type\" content=\"image\/webp\" \/>\n<script type=\"application\/ld+json\" class=\"yoast-schema-graph\">{\"@context\":\"https:\\\/\\\/schema.org\",\"@graph\":[{\"@type\":\"WebPage\",\"@id\":\"https:\\\/\\\/naturalpoland.com\\\/cs\\\/produkty\\\/produkty-pro-farmaceuticky-a-zdravotnicky-prumysl\\\/pridavky-k-doplnkum-stravy\\\/butyrat-sodny\\\/\",\"url\":\"https:\\\/\\\/naturalpoland.com\\\/cs\\\/produkty\\\/produkty-pro-farmaceuticky-a-zdravotnicky-prumysl\\\/pridavky-k-doplnkum-stravy\\\/butyrat-sodny\\\/\",\"name\":\"Butyr\u00e1t sodn\u00fd - Velkoobchodn\u00ed distributor\",\"isPartOf\":{\"@id\":\"https:\\\/\\\/naturalpoland.com\\\/cs\\\/#website\"},\"primaryImageOfPage\":{\"@id\":\"https:\\\/\\\/naturalpoland.com\\\/cs\\\/produkty\\\/produkty-pro-farmaceuticky-a-zdravotnicky-prumysl\\\/pridavky-k-doplnkum-stravy\\\/butyrat-sodny\\\/#primaryimage\"},\"image\":{\"@id\":\"https:\\\/\\\/naturalpoland.com\\\/cs\\\/produkty\\\/produkty-pro-farmaceuticky-a-zdravotnicky-prumysl\\\/pridavky-k-doplnkum-stravy\\\/butyrat-sodny\\\/#primaryimage\"},\"thumbnailUrl\":\"https:\\\/\\\/naturalpoland.com\\\/wp-content\\\/uploads\\\/maslan-sodu-kapsulkowany.jpg\",\"datePublished\":\"2026-03-20T14:12:25+00:00\",\"dateModified\":\"2026-03-20T14:30:20+00:00\",\"description\":\"Butyr\u00e1t sodn\u00fd (obalen\u00fd) je surovina pro dopl\u0148ky stravy podporuj\u00edc\u00ed st\u0159eva a mikrobiotu. Stabiln\u00ed forma s \u0159\u00edzen\u00fdm uvol\u0148ov\u00e1n\u00edm a vysokou kvalitou.\",\"breadcrumb\":{\"@id\":\"https:\\\/\\\/naturalpoland.com\\\/cs\\\/produkty\\\/produkty-pro-farmaceuticky-a-zdravotnicky-prumysl\\\/pridavky-k-doplnkum-stravy\\\/butyrat-sodny\\\/#breadcrumb\"},\"inLanguage\":\"cs\",\"potentialAction\":[{\"@type\":\"ReadAction\",\"target\":[\"https:\\\/\\\/naturalpoland.com\\\/cs\\\/produkty\\\/produkty-pro-farmaceuticky-a-zdravotnicky-prumysl\\\/pridavky-k-doplnkum-stravy\\\/butyrat-sodny\\\/\"]}]},{\"@type\":\"ImageObject\",\"inLanguage\":\"cs\",\"@id\":\"https:\\\/\\\/naturalpoland.com\\\/cs\\\/produkty\\\/produkty-pro-farmaceuticky-a-zdravotnicky-prumysl\\\/pridavky-k-doplnkum-stravy\\\/butyrat-sodny\\\/#primaryimage\",\"url\":\"https:\\\/\\\/naturalpoland.com\\\/wp-content\\\/uploads\\\/maslan-sodu-kapsulkowany.jpg\",\"contentUrl\":\"https:\\\/\\\/naturalpoland.com\\\/wp-content\\\/uploads\\\/maslan-sodu-kapsulkowany.jpg\",\"width\":1024,\"height\":1024,\"caption\":\"ma\u015blan sodu kapsu\u0142kowany\"},{\"@type\":\"BreadcrumbList\",\"@id\":\"https:\\\/\\\/naturalpoland.com\\\/cs\\\/produkty\\\/produkty-pro-farmaceuticky-a-zdravotnicky-prumysl\\\/pridavky-k-doplnkum-stravy\\\/butyrat-sodny\\\/#breadcrumb\",\"itemListElement\":[{\"@type\":\"ListItem\",\"position\":1,\"name\":\"Dom\u016f\",\"item\":\"https:\\\/\\\/naturalpoland.com\\\/cs\\\/\"},{\"@type\":\"ListItem\",\"position\":2,\"name\":\"Produkty\",\"item\":\"https:\\\/\\\/naturalpoland.com\\\/cs\\\/produkty\\\/\"},{\"@type\":\"ListItem\",\"position\":3,\"name\":\"Butyr\u00e1t sodn\u00fd\"}]},{\"@type\":\"WebSite\",\"@id\":\"https:\\\/\\\/naturalpoland.com\\\/cs\\\/#website\",\"url\":\"https:\\\/\\\/naturalpoland.com\\\/cs\\\/\",\"name\":\"NATURAL POLAND - Velkoobchodn\u00ed distributor surovin\",\"description\":\"Surowce dla przemys\u0142u spo\u017cywczego, kosmetycznego i farmaceutycznego\",\"publisher\":{\"@id\":\"https:\\\/\\\/naturalpoland.com\\\/cs\\\/#organization\"},\"potentialAction\":[{\"@type\":\"SearchAction\",\"target\":{\"@type\":\"EntryPoint\",\"urlTemplate\":\"https:\\\/\\\/naturalpoland.com\\\/cs\\\/?s={search_term_string}\"},\"query-input\":{\"@type\":\"PropertyValueSpecification\",\"valueRequired\":true,\"valueName\":\"search_term_string\"}}],\"inLanguage\":\"cs\"},{\"@type\":\"Organization\",\"@id\":\"https:\\\/\\\/naturalpoland.com\\\/cs\\\/#organization\",\"name\":\"Natural Poland\",\"url\":\"https:\\\/\\\/naturalpoland.com\\\/cs\\\/\",\"logo\":{\"@type\":\"ImageObject\",\"inLanguage\":\"cs\",\"@id\":\"https:\\\/\\\/naturalpoland.com\\\/cs\\\/#\\\/schema\\\/logo\\\/image\\\/\",\"url\":\"https:\\\/\\\/naturalpoland.com\\\/wp-content\\\/uploads\\\/2021\\\/05\\\/natural-poland-icon.png\",\"contentUrl\":\"https:\\\/\\\/naturalpoland.com\\\/wp-content\\\/uploads\\\/2021\\\/05\\\/natural-poland-icon.png\",\"width\":512,\"height\":512,\"caption\":\"Natural Poland\"},\"image\":{\"@id\":\"https:\\\/\\\/naturalpoland.com\\\/cs\\\/#\\\/schema\\\/logo\\\/image\\\/\"},\"sameAs\":[\"https:\\\/\\\/www.facebook.com\\\/naturalpoland.b2b\",\"https:\\\/\\\/pl.linkedin.com\\\/company\\\/natural-poland\",\"https:\\\/\\\/www.youtube.com\\\/channel\\\/UCgeGGkvOMahZo-xu_MSEWxg\"]}]}<\/script>\n<!-- \/ Yoast SEO plugin. -->","yoast_head_json":{"title":"Butyr\u00e1t sodn\u00fd - Velkoobchodn\u00ed distributor","description":"Butyr\u00e1t sodn\u00fd (obalen\u00fd) je surovina pro dopl\u0148ky stravy podporuj\u00edc\u00ed st\u0159eva a mikrobiotu. Stabiln\u00ed forma s \u0159\u00edzen\u00fdm uvol\u0148ov\u00e1n\u00edm a vysokou kvalitou.","robots":{"index":"index","follow":"follow","max-snippet":"max-snippet:-1","max-image-preview":"max-image-preview:large","max-video-preview":"max-video-preview:-1"},"canonical":"https:\/\/naturalpoland.com\/cs\/produkty\/produkty-pro-farmaceuticky-a-zdravotnicky-prumysl\/pridavky-k-doplnkum-stravy\/butyrat-sodny\/","og_locale":"cs_CZ","og_type":"article","og_title":"Butyr\u00e1t sodn\u00fd - Velkoobchodn\u00ed distributor","og_description":"Butyr\u00e1t sodn\u00fd (obalen\u00fd) je surovina pro dopl\u0148ky stravy podporuj\u00edc\u00ed st\u0159eva a mikrobiotu. Stabiln\u00ed forma s \u0159\u00edzen\u00fdm uvol\u0148ov\u00e1n\u00edm a vysokou kvalitou.","og_url":"https:\/\/naturalpoland.com\/cs\/produkty\/produkty-pro-farmaceuticky-a-zdravotnicky-prumysl\/pridavky-k-doplnkum-stravy\/butyrat-sodny\/","og_site_name":"NATURAL POLAND - Velkoobchodn\u00ed distributor surovin","article_publisher":"https:\/\/www.facebook.com\/naturalpoland.b2b","article_modified_time":"2026-03-20T14:30:20+00:00","og_image":[{"width":1024,"height":1024,"url":"https:\/\/naturalpoland.com\/wp-content\/uploads\/maslan-sodu-otoczkowany.webp","type":"image\/webp"}],"schema":{"@context":"https:\/\/schema.org","@graph":[{"@type":"WebPage","@id":"https:\/\/naturalpoland.com\/cs\/produkty\/produkty-pro-farmaceuticky-a-zdravotnicky-prumysl\/pridavky-k-doplnkum-stravy\/butyrat-sodny\/","url":"https:\/\/naturalpoland.com\/cs\/produkty\/produkty-pro-farmaceuticky-a-zdravotnicky-prumysl\/pridavky-k-doplnkum-stravy\/butyrat-sodny\/","name":"Butyr\u00e1t sodn\u00fd - Velkoobchodn\u00ed distributor","isPartOf":{"@id":"https:\/\/naturalpoland.com\/cs\/#website"},"primaryImageOfPage":{"@id":"https:\/\/naturalpoland.com\/cs\/produkty\/produkty-pro-farmaceuticky-a-zdravotnicky-prumysl\/pridavky-k-doplnkum-stravy\/butyrat-sodny\/#primaryimage"},"image":{"@id":"https:\/\/naturalpoland.com\/cs\/produkty\/produkty-pro-farmaceuticky-a-zdravotnicky-prumysl\/pridavky-k-doplnkum-stravy\/butyrat-sodny\/#primaryimage"},"thumbnailUrl":"https:\/\/naturalpoland.com\/wp-content\/uploads\/maslan-sodu-kapsulkowany.jpg","datePublished":"2026-03-20T14:12:25+00:00","dateModified":"2026-03-20T14:30:20+00:00","description":"Butyr\u00e1t sodn\u00fd (obalen\u00fd) je surovina pro dopl\u0148ky stravy podporuj\u00edc\u00ed st\u0159eva a mikrobiotu. Stabiln\u00ed forma s \u0159\u00edzen\u00fdm uvol\u0148ov\u00e1n\u00edm a vysokou kvalitou.","breadcrumb":{"@id":"https:\/\/naturalpoland.com\/cs\/produkty\/produkty-pro-farmaceuticky-a-zdravotnicky-prumysl\/pridavky-k-doplnkum-stravy\/butyrat-sodny\/#breadcrumb"},"inLanguage":"cs","potentialAction":[{"@type":"ReadAction","target":["https:\/\/naturalpoland.com\/cs\/produkty\/produkty-pro-farmaceuticky-a-zdravotnicky-prumysl\/pridavky-k-doplnkum-stravy\/butyrat-sodny\/"]}]},{"@type":"ImageObject","inLanguage":"cs","@id":"https:\/\/naturalpoland.com\/cs\/produkty\/produkty-pro-farmaceuticky-a-zdravotnicky-prumysl\/pridavky-k-doplnkum-stravy\/butyrat-sodny\/#primaryimage","url":"https:\/\/naturalpoland.com\/wp-content\/uploads\/maslan-sodu-kapsulkowany.jpg","contentUrl":"https:\/\/naturalpoland.com\/wp-content\/uploads\/maslan-sodu-kapsulkowany.jpg","width":1024,"height":1024,"caption":"ma\u015blan sodu kapsu\u0142kowany"},{"@type":"BreadcrumbList","@id":"https:\/\/naturalpoland.com\/cs\/produkty\/produkty-pro-farmaceuticky-a-zdravotnicky-prumysl\/pridavky-k-doplnkum-stravy\/butyrat-sodny\/#breadcrumb","itemListElement":[{"@type":"ListItem","position":1,"name":"Dom\u016f","item":"https:\/\/naturalpoland.com\/cs\/"},{"@type":"ListItem","position":2,"name":"Produkty","item":"https:\/\/naturalpoland.com\/cs\/produkty\/"},{"@type":"ListItem","position":3,"name":"Butyr\u00e1t sodn\u00fd"}]},{"@type":"WebSite","@id":"https:\/\/naturalpoland.com\/cs\/#website","url":"https:\/\/naturalpoland.com\/cs\/","name":"NATURAL POLAND - Velkoobchodn\u00ed distributor surovin","description":"Surowce dla przemys\u0142u spo\u017cywczego, kosmetycznego i farmaceutycznego","publisher":{"@id":"https:\/\/naturalpoland.com\/cs\/#organization"},"potentialAction":[{"@type":"SearchAction","target":{"@type":"EntryPoint","urlTemplate":"https:\/\/naturalpoland.com\/cs\/?s={search_term_string}"},"query-input":{"@type":"PropertyValueSpecification","valueRequired":true,"valueName":"search_term_string"}}],"inLanguage":"cs"},{"@type":"Organization","@id":"https:\/\/naturalpoland.com\/cs\/#organization","name":"Natural Poland","url":"https:\/\/naturalpoland.com\/cs\/","logo":{"@type":"ImageObject","inLanguage":"cs","@id":"https:\/\/naturalpoland.com\/cs\/#\/schema\/logo\/image\/","url":"https:\/\/naturalpoland.com\/wp-content\/uploads\/2021\/05\/natural-poland-icon.png","contentUrl":"https:\/\/naturalpoland.com\/wp-content\/uploads\/2021\/05\/natural-poland-icon.png","width":512,"height":512,"caption":"Natural Poland"},"image":{"@id":"https:\/\/naturalpoland.com\/cs\/#\/schema\/logo\/image\/"},"sameAs":["https:\/\/www.facebook.com\/naturalpoland.b2b","https:\/\/pl.linkedin.com\/company\/natural-poland","https:\/\/www.youtube.com\/channel\/UCgeGGkvOMahZo-xu_MSEWxg"]}]}},"_links":{"self":[{"href":"https:\/\/naturalpoland.com\/cs\/wp-json\/wp\/v2\/product\/47036","targetHints":{"allow":["GET"]}}],"collection":[{"href":"https:\/\/naturalpoland.com\/cs\/wp-json\/wp\/v2\/product"}],"about":[{"href":"https:\/\/naturalpoland.com\/cs\/wp-json\/wp\/v2\/types\/product"}],"wp:featuredmedia":[{"embeddable":true,"href":"https:\/\/naturalpoland.com\/cs\/wp-json\/wp\/v2\/media\/47063"}],"wp:attachment":[{"href":"https:\/\/naturalpoland.com\/cs\/wp-json\/wp\/v2\/media?parent=47036"}],"wp:term":[{"taxonomy":"product_brand","embeddable":true,"href":"https:\/\/naturalpoland.com\/cs\/wp-json\/wp\/v2\/product_brand?post=47036"},{"taxonomy":"product_cat","embeddable":true,"href":"https:\/\/naturalpoland.com\/cs\/wp-json\/wp\/v2\/product_cat?post=47036"},{"taxonomy":"product_tag","embeddable":true,"href":"https:\/\/naturalpoland.com\/cs\/wp-json\/wp\/v2\/product_tag?post=47036"}],"curies":[{"name":"wp","href":"https:\/\/api.w.org\/{rel}","templated":true}]}}