{"id":47440,"date":"2026-04-10T16:14:04","date_gmt":"2026-04-10T14:14:04","guid":{"rendered":"https:\/\/naturalpoland.com\/produkty\/nezarazene\/5-mthf\/"},"modified":"2026-04-16T11:52:11","modified_gmt":"2026-04-16T09:52:11","slug":"5-mthf","status":"publish","type":"product","link":"https:\/\/naturalpoland.com\/cs\/produkty\/produkty-pro-farmaceuticky-a-zdravotnicky-prumysl\/vitaminy\/5-mthf\/","title":{"rendered":"5-MTHF"},"content":{"rendered":"<h2>Vlastnosti a \u00fa\u010dinky 5-MTHF:<\/h2>\n<p>5-MTHF hraje d\u016fle\u017eitou roli v jednouhl\u00edkov\u00e9m metabolismu, \u00fa\u010dastn\u00ed se proces\u016f spojen\u00fdch se synt\u00e9zou DNA, bun\u011b\u010dn\u00fdm d\u011blen\u00edm a p\u0159em\u011bnou aminokyselin. Jako aktivn\u00ed forma fol\u00e1tu je p\u0159\u00edmo dostupn\u00fd pro organismus, co\u017e m\u00e1 v\u00fdznam ve formulac\u00edch ur\u010den\u00fdch pro osoby s omezenou schopnost\u00ed p\u0159em\u011bny kyseliny listov\u00e9. <\/p>\n<p>Tato l\u00e1tka se pou\u017e\u00edv\u00e1 v produktech zam\u011b\u0159en\u00fdch na <strong>podporu nervov\u00e9ho syst\u00e9mu a kognitivn\u00edch funkc\u00ed<\/strong>. \u00da\u010dastn\u00ed se p\u0159em\u011bn homocysteinu, co\u017e z n\u011bj \u010din\u00ed slo\u017eku formulac\u00ed pou\u017e\u00edvan\u00fdch v dopl\u0148c\u00edch s \u0161irok\u00fdm celot\u011blov\u00fdm vyu\u017eit\u00edm. <\/p>\n<p>D\u00edky sv\u00e9 stabilit\u011b a biodostupnosti je 5-MTHF preferovanou slo\u017ekou v modern\u00edch dopl\u0148c\u00edch stravy ve srovn\u00e1n\u00ed s klasickou kyselinou listovou.<\/p>\n<h2>Pou\u017eit\u00ed 5-MTHF:<\/h2>\n<ul>\n<li>dopl\u0148ky stravy (vitaminov\u00e9 produkty a komplexy B),<\/li>\n<li>p\u0159\u00edpravky pro t\u011bhotn\u00e9 \u017eeny a \u017eeny pl\u00e1nuj\u00edc\u00ed t\u011bhotenstv\u00ed,<\/li>\n<li>produkty podporuj\u00edc\u00ed nervov\u00fd syst\u00e9m,<\/li>\n<li>funk\u010dn\u00ed potraviny a nutraceutika,<\/li>\n<\/ul>\n<p>D\u00edky dobr\u00e9 stabilit\u011b m\u016f\u017ee b\u00fdt pou\u017e\u00edv\u00e1n v kapsul\u00edch, tablet\u00e1ch i pr\u00e1\u0161kov\u00fdch sm\u011bs\u00edch.<\/p>\n","protected":false},"excerpt":{"rendered":"<p><strong>5-methyltetrahydrofol\u00e1t v\u00e1penat\u00fd<\/strong> je biologicky aktivn\u00ed forma <strong>kyseliny listov\u00e9<\/strong> (<strong>vitaminu B9<\/strong>), vyu\u017e\u00edvan\u00e1 v dopl\u0148c\u00edch stravy a funk\u010dn\u00edch potravin\u00e1ch. Na rozd\u00edl od syntetick\u00e9 kyseliny listov\u00e9 nevy\u017eaduje dal\u0161\u00ed metabolickou konverzi v organismu, d\u00edky \u010demu\u017e m\u016f\u017ee b\u00fdt p\u0159\u00edmo vyu\u017e\u00edv\u00e1n v biochemick\u00fdch procesech. <\/p>\n","protected":false},"featured_media":47442,"template":"","meta":{"_acf_changed":false},"product_brand":[],"product_cat":[631],"product_tag":[],"class_list":{"0":"post-47440","1":"product","2":"type-product","3":"status-publish","4":"has-post-thumbnail","6":"product_cat-vitaminy","8":"first","9":"instock","10":"shipping-taxable","11":"product-type-simple"},"acf":[],"yoast_head":"<!-- This site is optimized with the Yoast SEO plugin v27.4 - https:\/\/yoast.com\/product\/yoast-seo-wordpress\/ -->\n<title>5-MTHF - Velkoobchodn\u00ed distributor<\/title>\n<meta name=\"description\" content=\"5-MTHF (aktivn\u00ed fol\u00e1t) \u2013 biologicky dostupn\u00e1 forma vitaminu B9 s vysokou \u010distotou (USP43). Surovina pro dopl\u0148ky stravy a funk\u010dn\u00ed potraviny.\" \/>\n<meta name=\"robots\" content=\"index, follow, max-snippet:-1, max-image-preview:large, max-video-preview:-1\" \/>\n<link rel=\"canonical\" href=\"https:\/\/naturalpoland.com\/cs\/produkty\/produkty-pro-farmaceuticky-a-zdravotnicky-prumysl\/vitaminy\/5-mthf\/\" \/>\n<meta property=\"og:locale\" content=\"cs_CZ\" \/>\n<meta property=\"og:type\" content=\"article\" \/>\n<meta property=\"og:title\" content=\"5-MTHF - Velkoobchodn\u00ed distributor\" \/>\n<meta property=\"og:description\" content=\"5-MTHF (aktivn\u00ed fol\u00e1t) \u2013 biologicky dostupn\u00e1 forma vitaminu B9 s vysokou \u010distotou (USP43). Surovina pro dopl\u0148ky stravy a funk\u010dn\u00ed potraviny.\" \/>\n<meta property=\"og:url\" content=\"https:\/\/naturalpoland.com\/cs\/produkty\/produkty-pro-farmaceuticky-a-zdravotnicky-prumysl\/vitaminy\/5-mthf\/\" \/>\n<meta property=\"og:site_name\" content=\"NATURAL POLAND - Velkoobchodn\u00ed distributor surovin\" \/>\n<meta property=\"article:publisher\" content=\"https:\/\/www.facebook.com\/naturalpoland.b2b\" \/>\n<meta property=\"article:modified_time\" content=\"2026-04-16T09:52:11+00:00\" \/>\n<meta property=\"og:image\" content=\"https:\/\/naturalpoland.com\/wp-content\/uploads\/5-mthf.png\" \/>\n\t<meta property=\"og:image:width\" content=\"1024\" \/>\n\t<meta property=\"og:image:height\" content=\"1024\" \/>\n\t<meta property=\"og:image:type\" content=\"image\/png\" \/>\n<script type=\"application\/ld+json\" class=\"yoast-schema-graph\">{\"@context\":\"https:\\\/\\\/schema.org\",\"@graph\":[{\"@type\":\"WebPage\",\"@id\":\"https:\\\/\\\/naturalpoland.com\\\/cs\\\/produkty\\\/produkty-pro-farmaceuticky-a-zdravotnicky-prumysl\\\/vitaminy\\\/5-mthf\\\/\",\"url\":\"https:\\\/\\\/naturalpoland.com\\\/cs\\\/produkty\\\/produkty-pro-farmaceuticky-a-zdravotnicky-prumysl\\\/vitaminy\\\/5-mthf\\\/\",\"name\":\"5-MTHF - Velkoobchodn\u00ed distributor\",\"isPartOf\":{\"@id\":\"https:\\\/\\\/naturalpoland.com\\\/cs\\\/#website\"},\"primaryImageOfPage\":{\"@id\":\"https:\\\/\\\/naturalpoland.com\\\/cs\\\/produkty\\\/produkty-pro-farmaceuticky-a-zdravotnicky-prumysl\\\/vitaminy\\\/5-mthf\\\/#primaryimage\"},\"image\":{\"@id\":\"https:\\\/\\\/naturalpoland.com\\\/cs\\\/produkty\\\/produkty-pro-farmaceuticky-a-zdravotnicky-prumysl\\\/vitaminy\\\/5-mthf\\\/#primaryimage\"},\"thumbnailUrl\":\"https:\\\/\\\/naturalpoland.com\\\/wp-content\\\/uploads\\\/5-mthf.png\",\"datePublished\":\"2026-04-10T14:14:04+00:00\",\"dateModified\":\"2026-04-16T09:52:11+00:00\",\"description\":\"5-MTHF (aktivn\u00ed fol\u00e1t) \u2013 biologicky dostupn\u00e1 forma vitaminu B9 s vysokou \u010distotou (USP43). Surovina pro dopl\u0148ky stravy a funk\u010dn\u00ed potraviny.\",\"breadcrumb\":{\"@id\":\"https:\\\/\\\/naturalpoland.com\\\/cs\\\/produkty\\\/produkty-pro-farmaceuticky-a-zdravotnicky-prumysl\\\/vitaminy\\\/5-mthf\\\/#breadcrumb\"},\"inLanguage\":\"cs\",\"potentialAction\":[{\"@type\":\"ReadAction\",\"target\":[\"https:\\\/\\\/naturalpoland.com\\\/cs\\\/produkty\\\/produkty-pro-farmaceuticky-a-zdravotnicky-prumysl\\\/vitaminy\\\/5-mthf\\\/\"]}]},{\"@type\":\"ImageObject\",\"inLanguage\":\"cs\",\"@id\":\"https:\\\/\\\/naturalpoland.com\\\/cs\\\/produkty\\\/produkty-pro-farmaceuticky-a-zdravotnicky-prumysl\\\/vitaminy\\\/5-mthf\\\/#primaryimage\",\"url\":\"https:\\\/\\\/naturalpoland.com\\\/wp-content\\\/uploads\\\/5-mthf.png\",\"contentUrl\":\"https:\\\/\\\/naturalpoland.com\\\/wp-content\\\/uploads\\\/5-mthf.png\",\"width\":1024,\"height\":1024,\"caption\":\"5-MTHF\"},{\"@type\":\"BreadcrumbList\",\"@id\":\"https:\\\/\\\/naturalpoland.com\\\/cs\\\/produkty\\\/produkty-pro-farmaceuticky-a-zdravotnicky-prumysl\\\/vitaminy\\\/5-mthf\\\/#breadcrumb\",\"itemListElement\":[{\"@type\":\"ListItem\",\"position\":1,\"name\":\"Dom\u016f\",\"item\":\"https:\\\/\\\/naturalpoland.com\\\/cs\\\/\"},{\"@type\":\"ListItem\",\"position\":2,\"name\":\"Produkty\",\"item\":\"https:\\\/\\\/naturalpoland.com\\\/cs\\\/produkty\\\/\"},{\"@type\":\"ListItem\",\"position\":3,\"name\":\"5-MTHF\"}]},{\"@type\":\"WebSite\",\"@id\":\"https:\\\/\\\/naturalpoland.com\\\/cs\\\/#website\",\"url\":\"https:\\\/\\\/naturalpoland.com\\\/cs\\\/\",\"name\":\"NATURAL POLAND - Velkoobchodn\u00ed distributor surovin\",\"description\":\"Surowce dla przemys\u0142u spo\u017cywczego, kosmetycznego i farmaceutycznego\",\"publisher\":{\"@id\":\"https:\\\/\\\/naturalpoland.com\\\/cs\\\/#organization\"},\"potentialAction\":[{\"@type\":\"SearchAction\",\"target\":{\"@type\":\"EntryPoint\",\"urlTemplate\":\"https:\\\/\\\/naturalpoland.com\\\/cs\\\/?s={search_term_string}\"},\"query-input\":{\"@type\":\"PropertyValueSpecification\",\"valueRequired\":true,\"valueName\":\"search_term_string\"}}],\"inLanguage\":\"cs\"},{\"@type\":\"Organization\",\"@id\":\"https:\\\/\\\/naturalpoland.com\\\/cs\\\/#organization\",\"name\":\"Natural Poland\",\"url\":\"https:\\\/\\\/naturalpoland.com\\\/cs\\\/\",\"logo\":{\"@type\":\"ImageObject\",\"inLanguage\":\"cs\",\"@id\":\"https:\\\/\\\/naturalpoland.com\\\/cs\\\/#\\\/schema\\\/logo\\\/image\\\/\",\"url\":\"https:\\\/\\\/naturalpoland.com\\\/wp-content\\\/uploads\\\/2021\\\/05\\\/natural-poland-icon.png\",\"contentUrl\":\"https:\\\/\\\/naturalpoland.com\\\/wp-content\\\/uploads\\\/2021\\\/05\\\/natural-poland-icon.png\",\"width\":512,\"height\":512,\"caption\":\"Natural Poland\"},\"image\":{\"@id\":\"https:\\\/\\\/naturalpoland.com\\\/cs\\\/#\\\/schema\\\/logo\\\/image\\\/\"},\"sameAs\":[\"https:\\\/\\\/www.facebook.com\\\/naturalpoland.b2b\",\"https:\\\/\\\/pl.linkedin.com\\\/company\\\/natural-poland\",\"https:\\\/\\\/www.youtube.com\\\/channel\\\/UCgeGGkvOMahZo-xu_MSEWxg\"]}]}<\/script>\n<!-- \/ Yoast SEO plugin. -->","yoast_head_json":{"title":"5-MTHF - Velkoobchodn\u00ed distributor","description":"5-MTHF (aktivn\u00ed fol\u00e1t) \u2013 biologicky dostupn\u00e1 forma vitaminu B9 s vysokou \u010distotou (USP43). Surovina pro dopl\u0148ky stravy a funk\u010dn\u00ed potraviny.","robots":{"index":"index","follow":"follow","max-snippet":"max-snippet:-1","max-image-preview":"max-image-preview:large","max-video-preview":"max-video-preview:-1"},"canonical":"https:\/\/naturalpoland.com\/cs\/produkty\/produkty-pro-farmaceuticky-a-zdravotnicky-prumysl\/vitaminy\/5-mthf\/","og_locale":"cs_CZ","og_type":"article","og_title":"5-MTHF - Velkoobchodn\u00ed distributor","og_description":"5-MTHF (aktivn\u00ed fol\u00e1t) \u2013 biologicky dostupn\u00e1 forma vitaminu B9 s vysokou \u010distotou (USP43). Surovina pro dopl\u0148ky stravy a funk\u010dn\u00ed potraviny.","og_url":"https:\/\/naturalpoland.com\/cs\/produkty\/produkty-pro-farmaceuticky-a-zdravotnicky-prumysl\/vitaminy\/5-mthf\/","og_site_name":"NATURAL POLAND - Velkoobchodn\u00ed distributor surovin","article_publisher":"https:\/\/www.facebook.com\/naturalpoland.b2b","article_modified_time":"2026-04-16T09:52:11+00:00","og_image":[{"width":1024,"height":1024,"url":"https:\/\/naturalpoland.com\/wp-content\/uploads\/5-mthf.png","type":"image\/png"}],"schema":{"@context":"https:\/\/schema.org","@graph":[{"@type":"WebPage","@id":"https:\/\/naturalpoland.com\/cs\/produkty\/produkty-pro-farmaceuticky-a-zdravotnicky-prumysl\/vitaminy\/5-mthf\/","url":"https:\/\/naturalpoland.com\/cs\/produkty\/produkty-pro-farmaceuticky-a-zdravotnicky-prumysl\/vitaminy\/5-mthf\/","name":"5-MTHF - Velkoobchodn\u00ed distributor","isPartOf":{"@id":"https:\/\/naturalpoland.com\/cs\/#website"},"primaryImageOfPage":{"@id":"https:\/\/naturalpoland.com\/cs\/produkty\/produkty-pro-farmaceuticky-a-zdravotnicky-prumysl\/vitaminy\/5-mthf\/#primaryimage"},"image":{"@id":"https:\/\/naturalpoland.com\/cs\/produkty\/produkty-pro-farmaceuticky-a-zdravotnicky-prumysl\/vitaminy\/5-mthf\/#primaryimage"},"thumbnailUrl":"https:\/\/naturalpoland.com\/wp-content\/uploads\/5-mthf.png","datePublished":"2026-04-10T14:14:04+00:00","dateModified":"2026-04-16T09:52:11+00:00","description":"5-MTHF (aktivn\u00ed fol\u00e1t) \u2013 biologicky dostupn\u00e1 forma vitaminu B9 s vysokou \u010distotou (USP43). Surovina pro dopl\u0148ky stravy a funk\u010dn\u00ed potraviny.","breadcrumb":{"@id":"https:\/\/naturalpoland.com\/cs\/produkty\/produkty-pro-farmaceuticky-a-zdravotnicky-prumysl\/vitaminy\/5-mthf\/#breadcrumb"},"inLanguage":"cs","potentialAction":[{"@type":"ReadAction","target":["https:\/\/naturalpoland.com\/cs\/produkty\/produkty-pro-farmaceuticky-a-zdravotnicky-prumysl\/vitaminy\/5-mthf\/"]}]},{"@type":"ImageObject","inLanguage":"cs","@id":"https:\/\/naturalpoland.com\/cs\/produkty\/produkty-pro-farmaceuticky-a-zdravotnicky-prumysl\/vitaminy\/5-mthf\/#primaryimage","url":"https:\/\/naturalpoland.com\/wp-content\/uploads\/5-mthf.png","contentUrl":"https:\/\/naturalpoland.com\/wp-content\/uploads\/5-mthf.png","width":1024,"height":1024,"caption":"5-MTHF"},{"@type":"BreadcrumbList","@id":"https:\/\/naturalpoland.com\/cs\/produkty\/produkty-pro-farmaceuticky-a-zdravotnicky-prumysl\/vitaminy\/5-mthf\/#breadcrumb","itemListElement":[{"@type":"ListItem","position":1,"name":"Dom\u016f","item":"https:\/\/naturalpoland.com\/cs\/"},{"@type":"ListItem","position":2,"name":"Produkty","item":"https:\/\/naturalpoland.com\/cs\/produkty\/"},{"@type":"ListItem","position":3,"name":"5-MTHF"}]},{"@type":"WebSite","@id":"https:\/\/naturalpoland.com\/cs\/#website","url":"https:\/\/naturalpoland.com\/cs\/","name":"NATURAL POLAND - Velkoobchodn\u00ed distributor surovin","description":"Surowce dla przemys\u0142u spo\u017cywczego, kosmetycznego i farmaceutycznego","publisher":{"@id":"https:\/\/naturalpoland.com\/cs\/#organization"},"potentialAction":[{"@type":"SearchAction","target":{"@type":"EntryPoint","urlTemplate":"https:\/\/naturalpoland.com\/cs\/?s={search_term_string}"},"query-input":{"@type":"PropertyValueSpecification","valueRequired":true,"valueName":"search_term_string"}}],"inLanguage":"cs"},{"@type":"Organization","@id":"https:\/\/naturalpoland.com\/cs\/#organization","name":"Natural Poland","url":"https:\/\/naturalpoland.com\/cs\/","logo":{"@type":"ImageObject","inLanguage":"cs","@id":"https:\/\/naturalpoland.com\/cs\/#\/schema\/logo\/image\/","url":"https:\/\/naturalpoland.com\/wp-content\/uploads\/2021\/05\/natural-poland-icon.png","contentUrl":"https:\/\/naturalpoland.com\/wp-content\/uploads\/2021\/05\/natural-poland-icon.png","width":512,"height":512,"caption":"Natural Poland"},"image":{"@id":"https:\/\/naturalpoland.com\/cs\/#\/schema\/logo\/image\/"},"sameAs":["https:\/\/www.facebook.com\/naturalpoland.b2b","https:\/\/pl.linkedin.com\/company\/natural-poland","https:\/\/www.youtube.com\/channel\/UCgeGGkvOMahZo-xu_MSEWxg"]}]}},"_links":{"self":[{"href":"https:\/\/naturalpoland.com\/cs\/wp-json\/wp\/v2\/product\/47440","targetHints":{"allow":["GET"]}}],"collection":[{"href":"https:\/\/naturalpoland.com\/cs\/wp-json\/wp\/v2\/product"}],"about":[{"href":"https:\/\/naturalpoland.com\/cs\/wp-json\/wp\/v2\/types\/product"}],"wp:featuredmedia":[{"embeddable":true,"href":"https:\/\/naturalpoland.com\/cs\/wp-json\/wp\/v2\/media\/47442"}],"wp:attachment":[{"href":"https:\/\/naturalpoland.com\/cs\/wp-json\/wp\/v2\/media?parent=47440"}],"wp:term":[{"taxonomy":"product_brand","embeddable":true,"href":"https:\/\/naturalpoland.com\/cs\/wp-json\/wp\/v2\/product_brand?post=47440"},{"taxonomy":"product_cat","embeddable":true,"href":"https:\/\/naturalpoland.com\/cs\/wp-json\/wp\/v2\/product_cat?post=47440"},{"taxonomy":"product_tag","embeddable":true,"href":"https:\/\/naturalpoland.com\/cs\/wp-json\/wp\/v2\/product_tag?post=47440"}],"curies":[{"name":"wp","href":"https:\/\/api.w.org\/{rel}","templated":true}]}}