{"id":47453,"date":"2026-04-10T16:00:35","date_gmt":"2026-04-10T14:00:35","guid":{"rendered":"https:\/\/naturalpoland.com\/produkty\/nezarazene\/arabinogalaktan\/"},"modified":"2026-04-16T11:52:59","modified_gmt":"2026-04-16T09:52:59","slug":"arabinogalaktan","status":"publish","type":"product","link":"https:\/\/naturalpoland.com\/cs\/produkty\/produkty-pro-farmaceuticky-a-zdravotnicky-prumysl\/pridavky-k-doplnkum-stravy\/arabinogalaktan\/","title":{"rendered":"Arabinogalaktan"},"content":{"rendered":"<h2>Vlastnosti a \u00fa\u010dinky arabinogalaktanu<\/h2>\n<p>Arabinogalaktan pat\u0159\u00ed do skupiny polysacharid\u016f s <strong>prebiotick\u00fdmi vlastnostmi<\/strong>, d\u00edky \u010demu\u017e je cen\u011bnou slo\u017ekou formulac\u00ed zam\u011b\u0159en\u00fdch na st\u0159evn\u00ed mikrobiotu a fungov\u00e1n\u00ed tr\u00e1vic\u00edho syst\u00e9mu. Jako rozpustn\u00e1 vl\u00e1knina m\u016f\u017ee slou\u017eit jako potrava pro prosp\u011b\u0161n\u00e9 st\u0159evn\u00ed bakterie, \u010d\u00edm\u017e ovliv\u0148uje <strong>rovnov\u00e1hu mikrofl\u00f3ry<\/strong>. <\/p>\n<p>Vzhledem ke sv\u00e9 chemick\u00e9 struktu\u0159e m\u016f\u017ee arabinogalaktan tak\u00e9 <strong>ovliv\u0148ovat texturu, stabilitu a technologick\u00e9 vlastnosti produkt\u016f<\/strong>. Je pohodln\u00fd k pou\u017eit\u00ed i p\u0159i vy\u0161\u0161\u00edch koncentrac\u00edch d\u00edky dobr\u00e9 rozpustnosti a n\u00edzk\u00e9 viskozit\u011b. <\/p>\n<p>V nutraceutick\u00fdch produktech se arabinogalaktan pou\u017e\u00edv\u00e1 jako slo\u017eka podporuj\u00edc\u00ed formulace typu \u201egut health\u201c a syst\u00e9mov\u00e9 p\u0159\u00edpravky.<\/p>\n<h2>Pou\u017eit\u00ed extraktu z mod\u0159\u00ednu<\/h2>\n<ul>\n<li>dopl\u0148ky stravy (produkty podporuj\u00edc\u00ed st\u0159evn\u00ed mikrobiotu),<\/li>\n<li>funk\u010dn\u00ed potraviny a n\u00e1poje,<\/li>\n<li>prebiotick\u00e9 produkty,<\/li>\n<li>pr\u00e1\u0161kov\u00e9 a instantn\u00ed formulace,<\/li>\n<li>dietn\u00ed produkty a produkty pro zvl\u00e1\u0161tn\u00ed v\u00fd\u017eivu.<\/li>\n<\/ul>\n<p>Neutr\u00e1ln\u00ed senzorick\u00fd profil umo\u017e\u0148uje jeho pou\u017eit\u00ed ve funk\u010dn\u00edch n\u00e1poj\u00edch, pr\u00e1\u0161kov\u00fdch dopl\u0148c\u00edch a kapsl\u00edch.<\/p>\n","protected":false},"excerpt":{"rendered":"<p><strong>Arabinogalaktan<\/strong> (<strong>extrakt z mod\u0159\u00ednu<\/strong>) je p\u0159\u00edrodn\u00ed rostlinn\u00fd polysacharid z\u00edskan\u00fd ze d\u0159eva mod\u0159\u00ednu (<em>Larix gmelinii<\/em>). Surovina m\u00e1 podobu lehce kr\u00e9mov\u00e9ho pr\u00e1\u0161ku, s velmi dobrou rozpustnost\u00ed a neutr\u00e1ln\u00ed chut\u00ed, vysok\u00e9 \u010distoty, \u0161iroce vyu\u017e\u00edvan\u00e1 v pr\u016fmyslu dopl\u0148k\u016f stravy a funk\u010dn\u00edch potravin. <\/p>\n","protected":false},"featured_media":47454,"template":"","meta":{"_acf_changed":false},"product_brand":[],"product_cat":[629],"product_tag":[],"class_list":{"0":"post-47453","1":"product","2":"type-product","3":"status-publish","4":"has-post-thumbnail","6":"product_cat-pridavky-k-doplnkum-stravy","8":"first","9":"instock","10":"shipping-taxable","11":"product-type-simple"},"acf":[],"yoast_head":"<!-- This site is optimized with the Yoast SEO plugin v27.4 - https:\/\/yoast.com\/product\/yoast-seo-wordpress\/ -->\n<title>Arabinogalaktan - Velkoobchodn\u00ed distributor<\/title>\n<meta name=\"description\" content=\"Arabinogalaktan z mod\u0159\u00ednu je p\u0159\u00edrodn\u00ed rozpustn\u00e1 vl\u00e1knina s prebiotick\u00fdmi vlastnostmi. Surovina pro dopl\u0148ky stravy a funk\u010dn\u00ed potraviny.\" \/>\n<meta name=\"robots\" content=\"index, follow, max-snippet:-1, max-image-preview:large, max-video-preview:-1\" \/>\n<link rel=\"canonical\" href=\"https:\/\/naturalpoland.com\/cs\/produkty\/produkty-pro-farmaceuticky-a-zdravotnicky-prumysl\/pridavky-k-doplnkum-stravy\/arabinogalaktan\/\" \/>\n<meta property=\"og:locale\" content=\"cs_CZ\" \/>\n<meta property=\"og:type\" content=\"article\" \/>\n<meta property=\"og:title\" content=\"Arabinogalaktan - Velkoobchodn\u00ed distributor\" \/>\n<meta property=\"og:description\" content=\"Arabinogalaktan z mod\u0159\u00ednu je p\u0159\u00edrodn\u00ed rozpustn\u00e1 vl\u00e1knina s prebiotick\u00fdmi vlastnostmi. Surovina pro dopl\u0148ky stravy a funk\u010dn\u00ed potraviny.\" \/>\n<meta property=\"og:url\" content=\"https:\/\/naturalpoland.com\/cs\/produkty\/produkty-pro-farmaceuticky-a-zdravotnicky-prumysl\/pridavky-k-doplnkum-stravy\/arabinogalaktan\/\" \/>\n<meta property=\"og:site_name\" content=\"NATURAL POLAND - Velkoobchodn\u00ed distributor surovin\" \/>\n<meta property=\"article:publisher\" content=\"https:\/\/www.facebook.com\/naturalpoland.b2b\" \/>\n<meta property=\"article:modified_time\" content=\"2026-04-16T09:52:59+00:00\" \/>\n<meta property=\"og:image\" content=\"https:\/\/naturalpoland.com\/wp-content\/uploads\/arabinogalaktan.png\" \/>\n\t<meta property=\"og:image:width\" content=\"1024\" \/>\n\t<meta property=\"og:image:height\" content=\"1024\" \/>\n\t<meta property=\"og:image:type\" content=\"image\/png\" \/>\n<script type=\"application\/ld+json\" class=\"yoast-schema-graph\">{\"@context\":\"https:\\\/\\\/schema.org\",\"@graph\":[{\"@type\":\"WebPage\",\"@id\":\"https:\\\/\\\/naturalpoland.com\\\/cs\\\/produkty\\\/produkty-pro-farmaceuticky-a-zdravotnicky-prumysl\\\/pridavky-k-doplnkum-stravy\\\/arabinogalaktan\\\/\",\"url\":\"https:\\\/\\\/naturalpoland.com\\\/cs\\\/produkty\\\/produkty-pro-farmaceuticky-a-zdravotnicky-prumysl\\\/pridavky-k-doplnkum-stravy\\\/arabinogalaktan\\\/\",\"name\":\"Arabinogalaktan - Velkoobchodn\u00ed distributor\",\"isPartOf\":{\"@id\":\"https:\\\/\\\/naturalpoland.com\\\/cs\\\/#website\"},\"primaryImageOfPage\":{\"@id\":\"https:\\\/\\\/naturalpoland.com\\\/cs\\\/produkty\\\/produkty-pro-farmaceuticky-a-zdravotnicky-prumysl\\\/pridavky-k-doplnkum-stravy\\\/arabinogalaktan\\\/#primaryimage\"},\"image\":{\"@id\":\"https:\\\/\\\/naturalpoland.com\\\/cs\\\/produkty\\\/produkty-pro-farmaceuticky-a-zdravotnicky-prumysl\\\/pridavky-k-doplnkum-stravy\\\/arabinogalaktan\\\/#primaryimage\"},\"thumbnailUrl\":\"https:\\\/\\\/naturalpoland.com\\\/wp-content\\\/uploads\\\/arabinogalaktan.png\",\"datePublished\":\"2026-04-10T14:00:35+00:00\",\"dateModified\":\"2026-04-16T09:52:59+00:00\",\"description\":\"Arabinogalaktan z mod\u0159\u00ednu je p\u0159\u00edrodn\u00ed rozpustn\u00e1 vl\u00e1knina s prebiotick\u00fdmi vlastnostmi. Surovina pro dopl\u0148ky stravy a funk\u010dn\u00ed potraviny.\",\"breadcrumb\":{\"@id\":\"https:\\\/\\\/naturalpoland.com\\\/cs\\\/produkty\\\/produkty-pro-farmaceuticky-a-zdravotnicky-prumysl\\\/pridavky-k-doplnkum-stravy\\\/arabinogalaktan\\\/#breadcrumb\"},\"inLanguage\":\"cs\",\"potentialAction\":[{\"@type\":\"ReadAction\",\"target\":[\"https:\\\/\\\/naturalpoland.com\\\/cs\\\/produkty\\\/produkty-pro-farmaceuticky-a-zdravotnicky-prumysl\\\/pridavky-k-doplnkum-stravy\\\/arabinogalaktan\\\/\"]}]},{\"@type\":\"ImageObject\",\"inLanguage\":\"cs\",\"@id\":\"https:\\\/\\\/naturalpoland.com\\\/cs\\\/produkty\\\/produkty-pro-farmaceuticky-a-zdravotnicky-prumysl\\\/pridavky-k-doplnkum-stravy\\\/arabinogalaktan\\\/#primaryimage\",\"url\":\"https:\\\/\\\/naturalpoland.com\\\/wp-content\\\/uploads\\\/arabinogalaktan.png\",\"contentUrl\":\"https:\\\/\\\/naturalpoland.com\\\/wp-content\\\/uploads\\\/arabinogalaktan.png\",\"width\":1024,\"height\":1024,\"caption\":\"Arabinogalaktan\"},{\"@type\":\"BreadcrumbList\",\"@id\":\"https:\\\/\\\/naturalpoland.com\\\/cs\\\/produkty\\\/produkty-pro-farmaceuticky-a-zdravotnicky-prumysl\\\/pridavky-k-doplnkum-stravy\\\/arabinogalaktan\\\/#breadcrumb\",\"itemListElement\":[{\"@type\":\"ListItem\",\"position\":1,\"name\":\"Dom\u016f\",\"item\":\"https:\\\/\\\/naturalpoland.com\\\/cs\\\/\"},{\"@type\":\"ListItem\",\"position\":2,\"name\":\"Produkty\",\"item\":\"https:\\\/\\\/naturalpoland.com\\\/cs\\\/produkty\\\/\"},{\"@type\":\"ListItem\",\"position\":3,\"name\":\"Arabinogalaktan\"}]},{\"@type\":\"WebSite\",\"@id\":\"https:\\\/\\\/naturalpoland.com\\\/cs\\\/#website\",\"url\":\"https:\\\/\\\/naturalpoland.com\\\/cs\\\/\",\"name\":\"NATURAL POLAND - Velkoobchodn\u00ed distributor surovin\",\"description\":\"Surowce dla przemys\u0142u spo\u017cywczego, kosmetycznego i farmaceutycznego\",\"publisher\":{\"@id\":\"https:\\\/\\\/naturalpoland.com\\\/cs\\\/#organization\"},\"potentialAction\":[{\"@type\":\"SearchAction\",\"target\":{\"@type\":\"EntryPoint\",\"urlTemplate\":\"https:\\\/\\\/naturalpoland.com\\\/cs\\\/?s={search_term_string}\"},\"query-input\":{\"@type\":\"PropertyValueSpecification\",\"valueRequired\":true,\"valueName\":\"search_term_string\"}}],\"inLanguage\":\"cs\"},{\"@type\":\"Organization\",\"@id\":\"https:\\\/\\\/naturalpoland.com\\\/cs\\\/#organization\",\"name\":\"Natural Poland\",\"url\":\"https:\\\/\\\/naturalpoland.com\\\/cs\\\/\",\"logo\":{\"@type\":\"ImageObject\",\"inLanguage\":\"cs\",\"@id\":\"https:\\\/\\\/naturalpoland.com\\\/cs\\\/#\\\/schema\\\/logo\\\/image\\\/\",\"url\":\"https:\\\/\\\/naturalpoland.com\\\/wp-content\\\/uploads\\\/2021\\\/05\\\/natural-poland-icon.png\",\"contentUrl\":\"https:\\\/\\\/naturalpoland.com\\\/wp-content\\\/uploads\\\/2021\\\/05\\\/natural-poland-icon.png\",\"width\":512,\"height\":512,\"caption\":\"Natural Poland\"},\"image\":{\"@id\":\"https:\\\/\\\/naturalpoland.com\\\/cs\\\/#\\\/schema\\\/logo\\\/image\\\/\"},\"sameAs\":[\"https:\\\/\\\/www.facebook.com\\\/naturalpoland.b2b\",\"https:\\\/\\\/pl.linkedin.com\\\/company\\\/natural-poland\",\"https:\\\/\\\/www.youtube.com\\\/channel\\\/UCgeGGkvOMahZo-xu_MSEWxg\"]}]}<\/script>\n<!-- \/ Yoast SEO plugin. -->","yoast_head_json":{"title":"Arabinogalaktan - Velkoobchodn\u00ed distributor","description":"Arabinogalaktan z mod\u0159\u00ednu je p\u0159\u00edrodn\u00ed rozpustn\u00e1 vl\u00e1knina s prebiotick\u00fdmi vlastnostmi. Surovina pro dopl\u0148ky stravy a funk\u010dn\u00ed potraviny.","robots":{"index":"index","follow":"follow","max-snippet":"max-snippet:-1","max-image-preview":"max-image-preview:large","max-video-preview":"max-video-preview:-1"},"canonical":"https:\/\/naturalpoland.com\/cs\/produkty\/produkty-pro-farmaceuticky-a-zdravotnicky-prumysl\/pridavky-k-doplnkum-stravy\/arabinogalaktan\/","og_locale":"cs_CZ","og_type":"article","og_title":"Arabinogalaktan - Velkoobchodn\u00ed distributor","og_description":"Arabinogalaktan z mod\u0159\u00ednu je p\u0159\u00edrodn\u00ed rozpustn\u00e1 vl\u00e1knina s prebiotick\u00fdmi vlastnostmi. Surovina pro dopl\u0148ky stravy a funk\u010dn\u00ed potraviny.","og_url":"https:\/\/naturalpoland.com\/cs\/produkty\/produkty-pro-farmaceuticky-a-zdravotnicky-prumysl\/pridavky-k-doplnkum-stravy\/arabinogalaktan\/","og_site_name":"NATURAL POLAND - Velkoobchodn\u00ed distributor surovin","article_publisher":"https:\/\/www.facebook.com\/naturalpoland.b2b","article_modified_time":"2026-04-16T09:52:59+00:00","og_image":[{"width":1024,"height":1024,"url":"https:\/\/naturalpoland.com\/wp-content\/uploads\/arabinogalaktan.png","type":"image\/png"}],"schema":{"@context":"https:\/\/schema.org","@graph":[{"@type":"WebPage","@id":"https:\/\/naturalpoland.com\/cs\/produkty\/produkty-pro-farmaceuticky-a-zdravotnicky-prumysl\/pridavky-k-doplnkum-stravy\/arabinogalaktan\/","url":"https:\/\/naturalpoland.com\/cs\/produkty\/produkty-pro-farmaceuticky-a-zdravotnicky-prumysl\/pridavky-k-doplnkum-stravy\/arabinogalaktan\/","name":"Arabinogalaktan - Velkoobchodn\u00ed distributor","isPartOf":{"@id":"https:\/\/naturalpoland.com\/cs\/#website"},"primaryImageOfPage":{"@id":"https:\/\/naturalpoland.com\/cs\/produkty\/produkty-pro-farmaceuticky-a-zdravotnicky-prumysl\/pridavky-k-doplnkum-stravy\/arabinogalaktan\/#primaryimage"},"image":{"@id":"https:\/\/naturalpoland.com\/cs\/produkty\/produkty-pro-farmaceuticky-a-zdravotnicky-prumysl\/pridavky-k-doplnkum-stravy\/arabinogalaktan\/#primaryimage"},"thumbnailUrl":"https:\/\/naturalpoland.com\/wp-content\/uploads\/arabinogalaktan.png","datePublished":"2026-04-10T14:00:35+00:00","dateModified":"2026-04-16T09:52:59+00:00","description":"Arabinogalaktan z mod\u0159\u00ednu je p\u0159\u00edrodn\u00ed rozpustn\u00e1 vl\u00e1knina s prebiotick\u00fdmi vlastnostmi. Surovina pro dopl\u0148ky stravy a funk\u010dn\u00ed potraviny.","breadcrumb":{"@id":"https:\/\/naturalpoland.com\/cs\/produkty\/produkty-pro-farmaceuticky-a-zdravotnicky-prumysl\/pridavky-k-doplnkum-stravy\/arabinogalaktan\/#breadcrumb"},"inLanguage":"cs","potentialAction":[{"@type":"ReadAction","target":["https:\/\/naturalpoland.com\/cs\/produkty\/produkty-pro-farmaceuticky-a-zdravotnicky-prumysl\/pridavky-k-doplnkum-stravy\/arabinogalaktan\/"]}]},{"@type":"ImageObject","inLanguage":"cs","@id":"https:\/\/naturalpoland.com\/cs\/produkty\/produkty-pro-farmaceuticky-a-zdravotnicky-prumysl\/pridavky-k-doplnkum-stravy\/arabinogalaktan\/#primaryimage","url":"https:\/\/naturalpoland.com\/wp-content\/uploads\/arabinogalaktan.png","contentUrl":"https:\/\/naturalpoland.com\/wp-content\/uploads\/arabinogalaktan.png","width":1024,"height":1024,"caption":"Arabinogalaktan"},{"@type":"BreadcrumbList","@id":"https:\/\/naturalpoland.com\/cs\/produkty\/produkty-pro-farmaceuticky-a-zdravotnicky-prumysl\/pridavky-k-doplnkum-stravy\/arabinogalaktan\/#breadcrumb","itemListElement":[{"@type":"ListItem","position":1,"name":"Dom\u016f","item":"https:\/\/naturalpoland.com\/cs\/"},{"@type":"ListItem","position":2,"name":"Produkty","item":"https:\/\/naturalpoland.com\/cs\/produkty\/"},{"@type":"ListItem","position":3,"name":"Arabinogalaktan"}]},{"@type":"WebSite","@id":"https:\/\/naturalpoland.com\/cs\/#website","url":"https:\/\/naturalpoland.com\/cs\/","name":"NATURAL POLAND - Velkoobchodn\u00ed distributor surovin","description":"Surowce dla przemys\u0142u spo\u017cywczego, kosmetycznego i farmaceutycznego","publisher":{"@id":"https:\/\/naturalpoland.com\/cs\/#organization"},"potentialAction":[{"@type":"SearchAction","target":{"@type":"EntryPoint","urlTemplate":"https:\/\/naturalpoland.com\/cs\/?s={search_term_string}"},"query-input":{"@type":"PropertyValueSpecification","valueRequired":true,"valueName":"search_term_string"}}],"inLanguage":"cs"},{"@type":"Organization","@id":"https:\/\/naturalpoland.com\/cs\/#organization","name":"Natural Poland","url":"https:\/\/naturalpoland.com\/cs\/","logo":{"@type":"ImageObject","inLanguage":"cs","@id":"https:\/\/naturalpoland.com\/cs\/#\/schema\/logo\/image\/","url":"https:\/\/naturalpoland.com\/wp-content\/uploads\/2021\/05\/natural-poland-icon.png","contentUrl":"https:\/\/naturalpoland.com\/wp-content\/uploads\/2021\/05\/natural-poland-icon.png","width":512,"height":512,"caption":"Natural Poland"},"image":{"@id":"https:\/\/naturalpoland.com\/cs\/#\/schema\/logo\/image\/"},"sameAs":["https:\/\/www.facebook.com\/naturalpoland.b2b","https:\/\/pl.linkedin.com\/company\/natural-poland","https:\/\/www.youtube.com\/channel\/UCgeGGkvOMahZo-xu_MSEWxg"]}]}},"_links":{"self":[{"href":"https:\/\/naturalpoland.com\/cs\/wp-json\/wp\/v2\/product\/47453","targetHints":{"allow":["GET"]}}],"collection":[{"href":"https:\/\/naturalpoland.com\/cs\/wp-json\/wp\/v2\/product"}],"about":[{"href":"https:\/\/naturalpoland.com\/cs\/wp-json\/wp\/v2\/types\/product"}],"wp:featuredmedia":[{"embeddable":true,"href":"https:\/\/naturalpoland.com\/cs\/wp-json\/wp\/v2\/media\/47454"}],"wp:attachment":[{"href":"https:\/\/naturalpoland.com\/cs\/wp-json\/wp\/v2\/media?parent=47453"}],"wp:term":[{"taxonomy":"product_brand","embeddable":true,"href":"https:\/\/naturalpoland.com\/cs\/wp-json\/wp\/v2\/product_brand?post=47453"},{"taxonomy":"product_cat","embeddable":true,"href":"https:\/\/naturalpoland.com\/cs\/wp-json\/wp\/v2\/product_cat?post=47453"},{"taxonomy":"product_tag","embeddable":true,"href":"https:\/\/naturalpoland.com\/cs\/wp-json\/wp\/v2\/product_tag?post=47453"}],"curies":[{"name":"wp","href":"https:\/\/api.w.org\/{rel}","templated":true}]}}