{"id":47914,"date":"2026-04-24T16:13:26","date_gmt":"2026-04-24T14:13:26","guid":{"rendered":"https:\/\/naturalpoland.com\/produkty\/nezarazene\/extrakt-z-bergamotu\/"},"modified":"2026-04-28T10:43:14","modified_gmt":"2026-04-28T08:43:14","slug":"extrakt-z-bergamotu","status":"publish","type":"product","link":"https:\/\/naturalpoland.com\/cs\/produkty\/rostlinne-vytazky\/extrakt-z-bergamotu\/","title":{"rendered":"Extrakt z bergamotu"},"content":{"rendered":"<h2>Vlastnosti a \u00fa\u010dinky extraktu z bergamotu:<\/h2>\n<p>Extrakt z bergamotu je zdrojem <strong>p\u0159\u00edrodn\u00edch polyfenol\u016f<\/strong> (\u226525 %), kter\u00e9 pat\u0159\u00ed mezi l\u00e1tky s vysok\u00fdm antioxida\u010dn\u00edm potenci\u00e1lem. Polyfenoly p\u0159\u00edtomn\u00e9 v plodech bergamotu vykazuj\u00ed schopnost neutralizovat voln\u00e9 radik\u00e1ly, co\u017e m\u00e1 v\u00fdznam v: <\/p>\n<ul>\n<li>ochran\u011b bun\u011bk p\u0159ed oxidativn\u00edm stresem,<\/li>\n<li>podpo\u0159e metabolick\u00fdch proces\u016f,<\/li>\n<li>formulac\u00edch s anti-aging \u00fa\u010dinkem v kosmetice.<\/li>\n<\/ul>\n<p>Pou\u017eit\u00ed technologie vodn\u00ed extrakce umo\u017e\u0148uje z\u00edskat profil slo\u017eek vhodn\u00fd pro produkty p\u0159\u00edrodn\u00edho charakteru a &#8222;clean label&#8220;.<\/p>\n<h2>Pou\u017eit\u00ed:<\/h2>\n<p>Extrakt z bergamotu se vyu\u017e\u00edv\u00e1 v dopl\u0148c\u00edch stravy a nutraceutik\u00e1ch, jako jsou <span style=\"color: #333333; font-size: 14.4px;\">p\u0159\u00edpravky podporuj\u00edc\u00ed metabolismus a lipidovou rovnov\u00e1hu a <\/span><span style=\"color: #333333; font-size: 14.4px;\">produkty s antioxida\u010dn\u00edm \u00fa\u010dinkem.<\/span> <\/p>\n<p>V potravin\u00e1\u0159sk\u00e9m pr\u016fmyslu je surovina p\u0159\u00eddavkem do funk\u010dn\u00edch potravin a n\u00e1poj\u016f.<\/p>\n<p>V kosmetick\u00e9m pr\u016fmyslu lze extrakt z bergamotu nal\u00e9zt v produktech anti-aging, kosmetice pro p\u00e9\u010di o poko\u017eku vystaven\u00e9 oxidativn\u00edmu stresu a formulac\u00edch zalo\u017een\u00fdch na rostlinn\u00fdch extraktech.<\/p>\n","protected":false},"excerpt":{"rendered":"<p><strong>Extrakt z bergamotu<\/strong> se z\u00edsk\u00e1v\u00e1 z plod\u016f <em>Citrus bergamia<\/em>, citrusov\u00e9 rostliny p\u011bstovan\u00e9 p\u0159edev\u0161\u00edm v oblastech se st\u0159edomo\u0159sk\u00fdm klimatem. Nab\u00edzen\u00fd extrakt je z\u00edsk\u00e1v\u00e1n metodou vodn\u00ed extrakce a n\u00e1sledn\u011b zahu\u0161t\u011bn do formy pr\u00e1\u0161ku s vysokou koncentrac\u00ed aktivn\u00edch slo\u017eek. <\/p>\n","protected":false},"featured_media":47915,"template":"","meta":{"_acf_changed":false},"product_brand":[],"product_cat":[622],"product_tag":[],"class_list":{"0":"post-47914","1":"product","2":"type-product","3":"status-publish","4":"has-post-thumbnail","6":"product_cat-rostlinne-vytazky","8":"first","9":"instock","10":"shipping-taxable","11":"product-type-simple"},"acf":[],"yoast_head":"<!-- This site is optimized with the Yoast SEO plugin v27.5 - https:\/\/yoast.com\/product\/yoast-seo-wordpress\/ -->\n<title>Extrakt z bergamotu - Velkoobchodn\u00ed distributor<\/title>\n<meta name=\"description\" content=\"Extrakt z bergamotu standardizovan\u00fd na polyfenoly. P\u0159\u00edrodn\u00ed rostlinn\u00e1 surovina pro dopl\u0148ky stravy, kosmetiku a funk\u010dn\u00ed potraviny.\" \/>\n<meta name=\"robots\" content=\"index, follow, max-snippet:-1, max-image-preview:large, max-video-preview:-1\" \/>\n<link rel=\"canonical\" href=\"https:\/\/naturalpoland.com\/cs\/produkty\/rostlinne-vytazky\/extrakt-z-bergamotu\/\" \/>\n<meta property=\"og:locale\" content=\"cs_CZ\" \/>\n<meta property=\"og:type\" content=\"article\" \/>\n<meta property=\"og:title\" content=\"Extrakt z bergamotu - Velkoobchodn\u00ed distributor\" \/>\n<meta property=\"og:description\" content=\"Extrakt z bergamotu standardizovan\u00fd na polyfenoly. P\u0159\u00edrodn\u00ed rostlinn\u00e1 surovina pro dopl\u0148ky stravy, kosmetiku a funk\u010dn\u00ed potraviny.\" \/>\n<meta property=\"og:url\" content=\"https:\/\/naturalpoland.com\/cs\/produkty\/rostlinne-vytazky\/extrakt-z-bergamotu\/\" \/>\n<meta property=\"og:site_name\" content=\"NATURAL POLAND - Velkoobchodn\u00ed distributor surovin\" \/>\n<meta property=\"article:publisher\" content=\"https:\/\/www.facebook.com\/naturalpoland.b2b\" \/>\n<meta property=\"article:modified_time\" content=\"2026-04-28T08:43:14+00:00\" \/>\n<meta property=\"og:image\" content=\"https:\/\/naturalpoland.com\/wp-content\/uploads\/ekstrakt-z-bergamotki.png\" \/>\n\t<meta property=\"og:image:width\" content=\"1024\" \/>\n\t<meta property=\"og:image:height\" content=\"1024\" \/>\n\t<meta property=\"og:image:type\" content=\"image\/png\" \/>\n<script type=\"application\/ld+json\" class=\"yoast-schema-graph\">{\"@context\":\"https:\\\/\\\/schema.org\",\"@graph\":[{\"@type\":\"WebPage\",\"@id\":\"https:\\\/\\\/naturalpoland.com\\\/cs\\\/produkty\\\/rostlinne-vytazky\\\/extrakt-z-bergamotu\\\/\",\"url\":\"https:\\\/\\\/naturalpoland.com\\\/cs\\\/produkty\\\/rostlinne-vytazky\\\/extrakt-z-bergamotu\\\/\",\"name\":\"Extrakt z bergamotu - Velkoobchodn\u00ed distributor\",\"isPartOf\":{\"@id\":\"https:\\\/\\\/naturalpoland.com\\\/cs\\\/#website\"},\"primaryImageOfPage\":{\"@id\":\"https:\\\/\\\/naturalpoland.com\\\/cs\\\/produkty\\\/rostlinne-vytazky\\\/extrakt-z-bergamotu\\\/#primaryimage\"},\"image\":{\"@id\":\"https:\\\/\\\/naturalpoland.com\\\/cs\\\/produkty\\\/rostlinne-vytazky\\\/extrakt-z-bergamotu\\\/#primaryimage\"},\"thumbnailUrl\":\"https:\\\/\\\/naturalpoland.com\\\/wp-content\\\/uploads\\\/ekstrakt-z-bergamotki.png\",\"datePublished\":\"2026-04-24T14:13:26+00:00\",\"dateModified\":\"2026-04-28T08:43:14+00:00\",\"description\":\"Extrakt z bergamotu standardizovan\u00fd na polyfenoly. P\u0159\u00edrodn\u00ed rostlinn\u00e1 surovina pro dopl\u0148ky stravy, kosmetiku a funk\u010dn\u00ed potraviny.\",\"breadcrumb\":{\"@id\":\"https:\\\/\\\/naturalpoland.com\\\/cs\\\/produkty\\\/rostlinne-vytazky\\\/extrakt-z-bergamotu\\\/#breadcrumb\"},\"inLanguage\":\"cs\",\"potentialAction\":[{\"@type\":\"ReadAction\",\"target\":[\"https:\\\/\\\/naturalpoland.com\\\/cs\\\/produkty\\\/rostlinne-vytazky\\\/extrakt-z-bergamotu\\\/\"]}]},{\"@type\":\"ImageObject\",\"inLanguage\":\"cs\",\"@id\":\"https:\\\/\\\/naturalpoland.com\\\/cs\\\/produkty\\\/rostlinne-vytazky\\\/extrakt-z-bergamotu\\\/#primaryimage\",\"url\":\"https:\\\/\\\/naturalpoland.com\\\/wp-content\\\/uploads\\\/ekstrakt-z-bergamotki.png\",\"contentUrl\":\"https:\\\/\\\/naturalpoland.com\\\/wp-content\\\/uploads\\\/ekstrakt-z-bergamotki.png\",\"width\":1024,\"height\":1024,\"caption\":\"extrakt z bergamotu\"},{\"@type\":\"BreadcrumbList\",\"@id\":\"https:\\\/\\\/naturalpoland.com\\\/cs\\\/produkty\\\/rostlinne-vytazky\\\/extrakt-z-bergamotu\\\/#breadcrumb\",\"itemListElement\":[{\"@type\":\"ListItem\",\"position\":1,\"name\":\"Dom\u016f\",\"item\":\"https:\\\/\\\/naturalpoland.com\\\/cs\\\/\"},{\"@type\":\"ListItem\",\"position\":2,\"name\":\"Produkty\",\"item\":\"https:\\\/\\\/naturalpoland.com\\\/cs\\\/produkty\\\/\"},{\"@type\":\"ListItem\",\"position\":3,\"name\":\"Extrakt z bergamotu\"}]},{\"@type\":\"WebSite\",\"@id\":\"https:\\\/\\\/naturalpoland.com\\\/cs\\\/#website\",\"url\":\"https:\\\/\\\/naturalpoland.com\\\/cs\\\/\",\"name\":\"NATURAL POLAND - Velkoobchodn\u00ed distributor surovin\",\"description\":\"Surowce dla przemys\u0142u spo\u017cywczego, kosmetycznego i farmaceutycznego\",\"publisher\":{\"@id\":\"https:\\\/\\\/naturalpoland.com\\\/cs\\\/#organization\"},\"potentialAction\":[{\"@type\":\"SearchAction\",\"target\":{\"@type\":\"EntryPoint\",\"urlTemplate\":\"https:\\\/\\\/naturalpoland.com\\\/cs\\\/?s={search_term_string}\"},\"query-input\":{\"@type\":\"PropertyValueSpecification\",\"valueRequired\":true,\"valueName\":\"search_term_string\"}}],\"inLanguage\":\"cs\"},{\"@type\":\"Organization\",\"@id\":\"https:\\\/\\\/naturalpoland.com\\\/cs\\\/#organization\",\"name\":\"Natural Poland\",\"url\":\"https:\\\/\\\/naturalpoland.com\\\/cs\\\/\",\"logo\":{\"@type\":\"ImageObject\",\"inLanguage\":\"cs\",\"@id\":\"https:\\\/\\\/naturalpoland.com\\\/cs\\\/#\\\/schema\\\/logo\\\/image\\\/\",\"url\":\"https:\\\/\\\/naturalpoland.com\\\/wp-content\\\/uploads\\\/2021\\\/05\\\/natural-poland-icon.png\",\"contentUrl\":\"https:\\\/\\\/naturalpoland.com\\\/wp-content\\\/uploads\\\/2021\\\/05\\\/natural-poland-icon.png\",\"width\":512,\"height\":512,\"caption\":\"Natural Poland\"},\"image\":{\"@id\":\"https:\\\/\\\/naturalpoland.com\\\/cs\\\/#\\\/schema\\\/logo\\\/image\\\/\"},\"sameAs\":[\"https:\\\/\\\/www.facebook.com\\\/naturalpoland.b2b\",\"https:\\\/\\\/pl.linkedin.com\\\/company\\\/natural-poland\",\"https:\\\/\\\/www.youtube.com\\\/channel\\\/UCgeGGkvOMahZo-xu_MSEWxg\"]}]}<\/script>\n<!-- \/ Yoast SEO plugin. -->","yoast_head_json":{"title":"Extrakt z bergamotu - Velkoobchodn\u00ed distributor","description":"Extrakt z bergamotu standardizovan\u00fd na polyfenoly. P\u0159\u00edrodn\u00ed rostlinn\u00e1 surovina pro dopl\u0148ky stravy, kosmetiku a funk\u010dn\u00ed potraviny.","robots":{"index":"index","follow":"follow","max-snippet":"max-snippet:-1","max-image-preview":"max-image-preview:large","max-video-preview":"max-video-preview:-1"},"canonical":"https:\/\/naturalpoland.com\/cs\/produkty\/rostlinne-vytazky\/extrakt-z-bergamotu\/","og_locale":"cs_CZ","og_type":"article","og_title":"Extrakt z bergamotu - Velkoobchodn\u00ed distributor","og_description":"Extrakt z bergamotu standardizovan\u00fd na polyfenoly. P\u0159\u00edrodn\u00ed rostlinn\u00e1 surovina pro dopl\u0148ky stravy, kosmetiku a funk\u010dn\u00ed potraviny.","og_url":"https:\/\/naturalpoland.com\/cs\/produkty\/rostlinne-vytazky\/extrakt-z-bergamotu\/","og_site_name":"NATURAL POLAND - Velkoobchodn\u00ed distributor surovin","article_publisher":"https:\/\/www.facebook.com\/naturalpoland.b2b","article_modified_time":"2026-04-28T08:43:14+00:00","og_image":[{"width":1024,"height":1024,"url":"https:\/\/naturalpoland.com\/wp-content\/uploads\/ekstrakt-z-bergamotki.png","type":"image\/png"}],"schema":{"@context":"https:\/\/schema.org","@graph":[{"@type":"WebPage","@id":"https:\/\/naturalpoland.com\/cs\/produkty\/rostlinne-vytazky\/extrakt-z-bergamotu\/","url":"https:\/\/naturalpoland.com\/cs\/produkty\/rostlinne-vytazky\/extrakt-z-bergamotu\/","name":"Extrakt z bergamotu - Velkoobchodn\u00ed distributor","isPartOf":{"@id":"https:\/\/naturalpoland.com\/cs\/#website"},"primaryImageOfPage":{"@id":"https:\/\/naturalpoland.com\/cs\/produkty\/rostlinne-vytazky\/extrakt-z-bergamotu\/#primaryimage"},"image":{"@id":"https:\/\/naturalpoland.com\/cs\/produkty\/rostlinne-vytazky\/extrakt-z-bergamotu\/#primaryimage"},"thumbnailUrl":"https:\/\/naturalpoland.com\/wp-content\/uploads\/ekstrakt-z-bergamotki.png","datePublished":"2026-04-24T14:13:26+00:00","dateModified":"2026-04-28T08:43:14+00:00","description":"Extrakt z bergamotu standardizovan\u00fd na polyfenoly. P\u0159\u00edrodn\u00ed rostlinn\u00e1 surovina pro dopl\u0148ky stravy, kosmetiku a funk\u010dn\u00ed potraviny.","breadcrumb":{"@id":"https:\/\/naturalpoland.com\/cs\/produkty\/rostlinne-vytazky\/extrakt-z-bergamotu\/#breadcrumb"},"inLanguage":"cs","potentialAction":[{"@type":"ReadAction","target":["https:\/\/naturalpoland.com\/cs\/produkty\/rostlinne-vytazky\/extrakt-z-bergamotu\/"]}]},{"@type":"ImageObject","inLanguage":"cs","@id":"https:\/\/naturalpoland.com\/cs\/produkty\/rostlinne-vytazky\/extrakt-z-bergamotu\/#primaryimage","url":"https:\/\/naturalpoland.com\/wp-content\/uploads\/ekstrakt-z-bergamotki.png","contentUrl":"https:\/\/naturalpoland.com\/wp-content\/uploads\/ekstrakt-z-bergamotki.png","width":1024,"height":1024,"caption":"extrakt z bergamotu"},{"@type":"BreadcrumbList","@id":"https:\/\/naturalpoland.com\/cs\/produkty\/rostlinne-vytazky\/extrakt-z-bergamotu\/#breadcrumb","itemListElement":[{"@type":"ListItem","position":1,"name":"Dom\u016f","item":"https:\/\/naturalpoland.com\/cs\/"},{"@type":"ListItem","position":2,"name":"Produkty","item":"https:\/\/naturalpoland.com\/cs\/produkty\/"},{"@type":"ListItem","position":3,"name":"Extrakt z bergamotu"}]},{"@type":"WebSite","@id":"https:\/\/naturalpoland.com\/cs\/#website","url":"https:\/\/naturalpoland.com\/cs\/","name":"NATURAL POLAND - Velkoobchodn\u00ed distributor surovin","description":"Surowce dla przemys\u0142u spo\u017cywczego, kosmetycznego i farmaceutycznego","publisher":{"@id":"https:\/\/naturalpoland.com\/cs\/#organization"},"potentialAction":[{"@type":"SearchAction","target":{"@type":"EntryPoint","urlTemplate":"https:\/\/naturalpoland.com\/cs\/?s={search_term_string}"},"query-input":{"@type":"PropertyValueSpecification","valueRequired":true,"valueName":"search_term_string"}}],"inLanguage":"cs"},{"@type":"Organization","@id":"https:\/\/naturalpoland.com\/cs\/#organization","name":"Natural Poland","url":"https:\/\/naturalpoland.com\/cs\/","logo":{"@type":"ImageObject","inLanguage":"cs","@id":"https:\/\/naturalpoland.com\/cs\/#\/schema\/logo\/image\/","url":"https:\/\/naturalpoland.com\/wp-content\/uploads\/2021\/05\/natural-poland-icon.png","contentUrl":"https:\/\/naturalpoland.com\/wp-content\/uploads\/2021\/05\/natural-poland-icon.png","width":512,"height":512,"caption":"Natural Poland"},"image":{"@id":"https:\/\/naturalpoland.com\/cs\/#\/schema\/logo\/image\/"},"sameAs":["https:\/\/www.facebook.com\/naturalpoland.b2b","https:\/\/pl.linkedin.com\/company\/natural-poland","https:\/\/www.youtube.com\/channel\/UCgeGGkvOMahZo-xu_MSEWxg"]}]}},"_links":{"self":[{"href":"https:\/\/naturalpoland.com\/cs\/wp-json\/wp\/v2\/product\/47914","targetHints":{"allow":["GET"]}}],"collection":[{"href":"https:\/\/naturalpoland.com\/cs\/wp-json\/wp\/v2\/product"}],"about":[{"href":"https:\/\/naturalpoland.com\/cs\/wp-json\/wp\/v2\/types\/product"}],"wp:featuredmedia":[{"embeddable":true,"href":"https:\/\/naturalpoland.com\/cs\/wp-json\/wp\/v2\/media\/47915"}],"wp:attachment":[{"href":"https:\/\/naturalpoland.com\/cs\/wp-json\/wp\/v2\/media?parent=47914"}],"wp:term":[{"taxonomy":"product_brand","embeddable":true,"href":"https:\/\/naturalpoland.com\/cs\/wp-json\/wp\/v2\/product_brand?post=47914"},{"taxonomy":"product_cat","embeddable":true,"href":"https:\/\/naturalpoland.com\/cs\/wp-json\/wp\/v2\/product_cat?post=47914"},{"taxonomy":"product_tag","embeddable":true,"href":"https:\/\/naturalpoland.com\/cs\/wp-json\/wp\/v2\/product_tag?post=47914"}],"curies":[{"name":"wp","href":"https:\/\/api.w.org\/{rel}","templated":true}]}}