{"id":47984,"date":"2026-04-24T14:55:14","date_gmt":"2026-04-24T12:55:14","guid":{"rendered":"https:\/\/naturalpoland.com\/produkty\/nezarazene\/kukuricne-vlocky-mikronizovane-infracervenym-zarenim\/"},"modified":"2026-04-28T12:06:32","modified_gmt":"2026-04-28T10:06:32","slug":"kukuricne-vlocky-mikronizovane-infracervenym-zarenim","status":"publish","type":"product","link":"https:\/\/naturalpoland.com\/cs\/produkty\/suroviny-pro-krmiva-pro-zvirata\/krmne-suroviny-pro-skot\/kukuricne-vlocky-mikronizovane-infracervenym-zarenim\/","title":{"rendered":"Kuku\u0159i\u010dn\u00e9 vlo\u010dky mikronizovan\u00e9 infra\u010derven\u00fdm z\u00e1\u0159en\u00edm"},"content":{"rendered":"<p>Produkt je ur\u010den zejm\u00e9na pro v\u00fd\u017eivu mlad\u00fdch hospod\u00e1\u0159sk\u00fdch zv\u00ed\u0159at, pro kter\u00e1 m\u00e1 vysok\u00e1 vyu\u017eitelnost \u017eivin kl\u00ed\u010dov\u00fd v\u00fdznam.<\/p>\n<h2>Vlastnosti a \u00fa\u010dinky:<\/h2>\n<p>Kl\u00ed\u010dovou vlastnost\u00ed mikronizovan\u00fdch kuku\u0159i\u010dn\u00fdch vlo\u010dek je <strong>modifikovan\u00e1 struktura \u0161krobu<\/strong>. P\u016fsoben\u00edm vysok\u00e9 teploty a IR z\u00e1\u0159en\u00ed doch\u00e1z\u00ed k jeho rozkladu a bobtn\u00e1n\u00ed, co\u017e usnad\u0148uje p\u016fsoben\u00ed tr\u00e1vic\u00edch enzym\u016f a efektivn\u011bj\u0161\u00ed vyu\u017eit\u00ed energie obsa\u017een\u00e9 v krmivu. <\/p>\n<p>Produkt p\u0159edstavuje koncentrovan\u00fd zdroj snadno vyu\u017eiteln\u00fdch sacharid\u016f a z\u00e1rove\u0148 obsahuje m\u00edrn\u00fd obsah b\u00edlkovin a tuku.<\/p>\n<h2>Analytick\u00e9 slo\u017eky:<\/h2>\n<ul>\n<li>\u0160krob: cca 60 % \u2013 hlavn\u00ed zdroj energie <\/li>\n<li>Hrub\u00fd protein: cca 8,5%<\/li>\n<li>Hrub\u00fd tuk: cca 3,0%<\/li>\n<li>Surov\u00e1 vl\u00e1knina: cca 2,0%<\/li>\n<li>Vlhkost: cca 14,0%<\/li>\n<li>Hrub\u00fd popel: cca 1,3%<\/li>\n<\/ul>\n<p>Vyv\u00e1\u017een\u00fd profil slo\u017eek umo\u017e\u0148uje pou\u017eit\u00ed produktu jak jako energetick\u00e9 komponenty, tak jako dopl\u0148kov\u00e9 slo\u017eky krmn\u00fdch sm\u011bs\u00ed.<\/p>\n<h2>Pou\u017eit\u00ed:<\/h2>\n<p>Mikronizovan\u00e9 kuku\u0159i\u010dn\u00e9 vlo\u010dky nach\u00e1zej\u00ed uplatn\u011bn\u00ed p\u0159edev\u0161\u00edm ve v\u00fd\u017eiv\u011b:<\/p>\n<ul>\n<li>mlad\u00fdch hospod\u00e1\u0159sk\u00fdch zv\u00ed\u0159at (telata, selata, dr\u016fbe\u017e),<\/li>\n<li>zv\u00ed\u0159at vy\u017eaduj\u00edc\u00edch snadno straviteln\u00e9 komponenty diety,<\/li>\n<li>krmn\u00fdch sm\u011bs\u00ed se zv\u00fd\u0161enou energetickou hodnotou.<\/li>\n<\/ul>\n<p>Jejich hlavn\u00ed p\u0159ednost\u00ed je vysok\u00e1 stravitelnost, proto jsou doporu\u010dov\u00e1ny v po\u010d\u00e1te\u010dn\u00edch f\u00e1z\u00edch odchovu, kde je kl\u00ed\u010dov\u00e9 maxim\u00e1ln\u00ed vyu\u017eit\u00ed \u017eivin a omezen\u00ed z\u00e1t\u011b\u017ee tr\u00e1vic\u00edho syst\u00e9mu.<\/p>\n","protected":false},"excerpt":{"rendered":"<p><strong>Mikronizovan\u00e9 kuku\u0159i\u010dn\u00e9 vlo\u010dky<\/strong> jsou krmn\u00e1 surovina z\u00edsk\u00e1van\u00e1 tepelnou \u00fapravou kuku\u0159i\u010dn\u00fdch zrn s vyu\u017eit\u00edm infra\u010derven\u00e9ho z\u00e1\u0159en\u00ed. Tento proces vede k \u017eelatinizaci \u0161krobu, co\u017e v\u00fdrazn\u011b zvy\u0161uje jeho stravitelnost a biodostupnost energie pro zv\u00ed\u0159ata. <\/p>\n","protected":false},"featured_media":47985,"template":"","meta":{"_acf_changed":false},"product_brand":[],"product_cat":[7751],"product_tag":[],"class_list":{"0":"post-47984","1":"product","2":"type-product","3":"status-publish","4":"has-post-thumbnail","6":"product_cat-krmne-suroviny-pro-skot","8":"first","9":"instock","10":"shipping-taxable","11":"product-type-simple"},"acf":[],"yoast_head":"<!-- This site is optimized with the Yoast SEO plugin v27.5 - https:\/\/yoast.com\/product\/yoast-seo-wordpress\/ -->\n<title>Kuku\u0159i\u010dn\u00e9 vlo\u010dky mikronizovan\u00e9 - Velkoobchodn\u00ed distributor<\/title>\n<meta name=\"description\" content=\"Kuku\u0159i\u010dn\u00e9 vlo\u010dky mikronizovan\u00e9 \u2013 vysoce straviteln\u00e1 krmn\u00e1 surovina s vysok\u00fdm obsahem \u0161krobu. Ide\u00e1ln\u00ed zdroj energie pro mlad\u00e1 hospod\u00e1\u0159sk\u00e1 zv\u00ed\u0159ata.\" \/>\n<meta name=\"robots\" content=\"index, follow, max-snippet:-1, max-image-preview:large, max-video-preview:-1\" \/>\n<link rel=\"canonical\" href=\"https:\/\/naturalpoland.com\/cs\/produkty\/suroviny-pro-krmiva-pro-zvirata\/krmne-suroviny-pro-skot\/kukuricne-vlocky-mikronizovane-infracervenym-zarenim\/\" \/>\n<meta property=\"og:locale\" content=\"cs_CZ\" \/>\n<meta property=\"og:type\" content=\"article\" \/>\n<meta property=\"og:title\" content=\"Kuku\u0159i\u010dn\u00e9 vlo\u010dky mikronizovan\u00e9 - Velkoobchodn\u00ed distributor\" \/>\n<meta property=\"og:description\" content=\"Kuku\u0159i\u010dn\u00e9 vlo\u010dky mikronizovan\u00e9 \u2013 vysoce straviteln\u00e1 krmn\u00e1 surovina s vysok\u00fdm obsahem \u0161krobu. Ide\u00e1ln\u00ed zdroj energie pro mlad\u00e1 hospod\u00e1\u0159sk\u00e1 zv\u00ed\u0159ata.\" \/>\n<meta property=\"og:url\" content=\"https:\/\/naturalpoland.com\/cs\/produkty\/suroviny-pro-krmiva-pro-zvirata\/krmne-suroviny-pro-skot\/kukuricne-vlocky-mikronizovane-infracervenym-zarenim\/\" \/>\n<meta property=\"og:site_name\" content=\"NATURAL POLAND - Velkoobchodn\u00ed distributor surovin\" \/>\n<meta property=\"article:publisher\" content=\"https:\/\/www.facebook.com\/naturalpoland.b2b\" \/>\n<meta property=\"article:modified_time\" content=\"2026-04-28T10:06:32+00:00\" \/>\n<meta property=\"og:image\" content=\"https:\/\/naturalpoland.com\/wp-content\/uploads\/platki-kukurydziane-mikronizowane.png\" \/>\n\t<meta property=\"og:image:width\" content=\"1024\" \/>\n\t<meta property=\"og:image:height\" content=\"1024\" \/>\n\t<meta property=\"og:image:type\" content=\"image\/png\" \/>\n<script type=\"application\/ld+json\" class=\"yoast-schema-graph\">{\"@context\":\"https:\\\/\\\/schema.org\",\"@graph\":[{\"@type\":\"WebPage\",\"@id\":\"https:\\\/\\\/naturalpoland.com\\\/cs\\\/produkty\\\/suroviny-pro-krmiva-pro-zvirata\\\/krmne-suroviny-pro-skot\\\/kukuricne-vlocky-mikronizovane-infracervenym-zarenim\\\/\",\"url\":\"https:\\\/\\\/naturalpoland.com\\\/cs\\\/produkty\\\/suroviny-pro-krmiva-pro-zvirata\\\/krmne-suroviny-pro-skot\\\/kukuricne-vlocky-mikronizovane-infracervenym-zarenim\\\/\",\"name\":\"Kuku\u0159i\u010dn\u00e9 vlo\u010dky mikronizovan\u00e9 - Velkoobchodn\u00ed distributor\",\"isPartOf\":{\"@id\":\"https:\\\/\\\/naturalpoland.com\\\/cs\\\/#website\"},\"primaryImageOfPage\":{\"@id\":\"https:\\\/\\\/naturalpoland.com\\\/cs\\\/produkty\\\/suroviny-pro-krmiva-pro-zvirata\\\/krmne-suroviny-pro-skot\\\/kukuricne-vlocky-mikronizovane-infracervenym-zarenim\\\/#primaryimage\"},\"image\":{\"@id\":\"https:\\\/\\\/naturalpoland.com\\\/cs\\\/produkty\\\/suroviny-pro-krmiva-pro-zvirata\\\/krmne-suroviny-pro-skot\\\/kukuricne-vlocky-mikronizovane-infracervenym-zarenim\\\/#primaryimage\"},\"thumbnailUrl\":\"https:\\\/\\\/naturalpoland.com\\\/wp-content\\\/uploads\\\/platki-kukurydziane-mikronizowane.png\",\"datePublished\":\"2026-04-24T12:55:14+00:00\",\"dateModified\":\"2026-04-28T10:06:32+00:00\",\"description\":\"Kuku\u0159i\u010dn\u00e9 vlo\u010dky mikronizovan\u00e9 \u2013 vysoce straviteln\u00e1 krmn\u00e1 surovina s vysok\u00fdm obsahem \u0161krobu. Ide\u00e1ln\u00ed zdroj energie pro mlad\u00e1 hospod\u00e1\u0159sk\u00e1 zv\u00ed\u0159ata.\",\"breadcrumb\":{\"@id\":\"https:\\\/\\\/naturalpoland.com\\\/cs\\\/produkty\\\/suroviny-pro-krmiva-pro-zvirata\\\/krmne-suroviny-pro-skot\\\/kukuricne-vlocky-mikronizovane-infracervenym-zarenim\\\/#breadcrumb\"},\"inLanguage\":\"cs\",\"potentialAction\":[{\"@type\":\"ReadAction\",\"target\":[\"https:\\\/\\\/naturalpoland.com\\\/cs\\\/produkty\\\/suroviny-pro-krmiva-pro-zvirata\\\/krmne-suroviny-pro-skot\\\/kukuricne-vlocky-mikronizovane-infracervenym-zarenim\\\/\"]}]},{\"@type\":\"ImageObject\",\"inLanguage\":\"cs\",\"@id\":\"https:\\\/\\\/naturalpoland.com\\\/cs\\\/produkty\\\/suroviny-pro-krmiva-pro-zvirata\\\/krmne-suroviny-pro-skot\\\/kukuricne-vlocky-mikronizovane-infracervenym-zarenim\\\/#primaryimage\",\"url\":\"https:\\\/\\\/naturalpoland.com\\\/wp-content\\\/uploads\\\/platki-kukurydziane-mikronizowane.png\",\"contentUrl\":\"https:\\\/\\\/naturalpoland.com\\\/wp-content\\\/uploads\\\/platki-kukurydziane-mikronizowane.png\",\"width\":1024,\"height\":1024,\"caption\":\"Kuku\u0159i\u010dn\u00e9 vlo\u010dky mikronizovan\u00e9 infra\u010derven\u00fdm z\u00e1\u0159en\u00edm\"},{\"@type\":\"BreadcrumbList\",\"@id\":\"https:\\\/\\\/naturalpoland.com\\\/cs\\\/produkty\\\/suroviny-pro-krmiva-pro-zvirata\\\/krmne-suroviny-pro-skot\\\/kukuricne-vlocky-mikronizovane-infracervenym-zarenim\\\/#breadcrumb\",\"itemListElement\":[{\"@type\":\"ListItem\",\"position\":1,\"name\":\"Dom\u016f\",\"item\":\"https:\\\/\\\/naturalpoland.com\\\/cs\\\/\"},{\"@type\":\"ListItem\",\"position\":2,\"name\":\"Produkty\",\"item\":\"https:\\\/\\\/naturalpoland.com\\\/cs\\\/produkty\\\/\"},{\"@type\":\"ListItem\",\"position\":3,\"name\":\"Kuku\u0159i\u010dn\u00e9 vlo\u010dky mikronizovan\u00e9 infra\u010derven\u00fdm z\u00e1\u0159en\u00edm\"}]},{\"@type\":\"WebSite\",\"@id\":\"https:\\\/\\\/naturalpoland.com\\\/cs\\\/#website\",\"url\":\"https:\\\/\\\/naturalpoland.com\\\/cs\\\/\",\"name\":\"NATURAL POLAND - Velkoobchodn\u00ed distributor surovin\",\"description\":\"Surowce dla przemys\u0142u spo\u017cywczego, kosmetycznego i farmaceutycznego\",\"publisher\":{\"@id\":\"https:\\\/\\\/naturalpoland.com\\\/cs\\\/#organization\"},\"potentialAction\":[{\"@type\":\"SearchAction\",\"target\":{\"@type\":\"EntryPoint\",\"urlTemplate\":\"https:\\\/\\\/naturalpoland.com\\\/cs\\\/?s={search_term_string}\"},\"query-input\":{\"@type\":\"PropertyValueSpecification\",\"valueRequired\":true,\"valueName\":\"search_term_string\"}}],\"inLanguage\":\"cs\"},{\"@type\":\"Organization\",\"@id\":\"https:\\\/\\\/naturalpoland.com\\\/cs\\\/#organization\",\"name\":\"Natural Poland\",\"url\":\"https:\\\/\\\/naturalpoland.com\\\/cs\\\/\",\"logo\":{\"@type\":\"ImageObject\",\"inLanguage\":\"cs\",\"@id\":\"https:\\\/\\\/naturalpoland.com\\\/cs\\\/#\\\/schema\\\/logo\\\/image\\\/\",\"url\":\"https:\\\/\\\/naturalpoland.com\\\/wp-content\\\/uploads\\\/2021\\\/05\\\/natural-poland-icon.png\",\"contentUrl\":\"https:\\\/\\\/naturalpoland.com\\\/wp-content\\\/uploads\\\/2021\\\/05\\\/natural-poland-icon.png\",\"width\":512,\"height\":512,\"caption\":\"Natural Poland\"},\"image\":{\"@id\":\"https:\\\/\\\/naturalpoland.com\\\/cs\\\/#\\\/schema\\\/logo\\\/image\\\/\"},\"sameAs\":[\"https:\\\/\\\/www.facebook.com\\\/naturalpoland.b2b\",\"https:\\\/\\\/pl.linkedin.com\\\/company\\\/natural-poland\",\"https:\\\/\\\/www.youtube.com\\\/channel\\\/UCgeGGkvOMahZo-xu_MSEWxg\"]}]}<\/script>\n<!-- \/ Yoast SEO plugin. -->","yoast_head_json":{"title":"Kuku\u0159i\u010dn\u00e9 vlo\u010dky mikronizovan\u00e9 - Velkoobchodn\u00ed distributor","description":"Kuku\u0159i\u010dn\u00e9 vlo\u010dky mikronizovan\u00e9 \u2013 vysoce straviteln\u00e1 krmn\u00e1 surovina s vysok\u00fdm obsahem \u0161krobu. Ide\u00e1ln\u00ed zdroj energie pro mlad\u00e1 hospod\u00e1\u0159sk\u00e1 zv\u00ed\u0159ata.","robots":{"index":"index","follow":"follow","max-snippet":"max-snippet:-1","max-image-preview":"max-image-preview:large","max-video-preview":"max-video-preview:-1"},"canonical":"https:\/\/naturalpoland.com\/cs\/produkty\/suroviny-pro-krmiva-pro-zvirata\/krmne-suroviny-pro-skot\/kukuricne-vlocky-mikronizovane-infracervenym-zarenim\/","og_locale":"cs_CZ","og_type":"article","og_title":"Kuku\u0159i\u010dn\u00e9 vlo\u010dky mikronizovan\u00e9 - Velkoobchodn\u00ed distributor","og_description":"Kuku\u0159i\u010dn\u00e9 vlo\u010dky mikronizovan\u00e9 \u2013 vysoce straviteln\u00e1 krmn\u00e1 surovina s vysok\u00fdm obsahem \u0161krobu. Ide\u00e1ln\u00ed zdroj energie pro mlad\u00e1 hospod\u00e1\u0159sk\u00e1 zv\u00ed\u0159ata.","og_url":"https:\/\/naturalpoland.com\/cs\/produkty\/suroviny-pro-krmiva-pro-zvirata\/krmne-suroviny-pro-skot\/kukuricne-vlocky-mikronizovane-infracervenym-zarenim\/","og_site_name":"NATURAL POLAND - Velkoobchodn\u00ed distributor surovin","article_publisher":"https:\/\/www.facebook.com\/naturalpoland.b2b","article_modified_time":"2026-04-28T10:06:32+00:00","og_image":[{"width":1024,"height":1024,"url":"https:\/\/naturalpoland.com\/wp-content\/uploads\/platki-kukurydziane-mikronizowane.png","type":"image\/png"}],"schema":{"@context":"https:\/\/schema.org","@graph":[{"@type":"WebPage","@id":"https:\/\/naturalpoland.com\/cs\/produkty\/suroviny-pro-krmiva-pro-zvirata\/krmne-suroviny-pro-skot\/kukuricne-vlocky-mikronizovane-infracervenym-zarenim\/","url":"https:\/\/naturalpoland.com\/cs\/produkty\/suroviny-pro-krmiva-pro-zvirata\/krmne-suroviny-pro-skot\/kukuricne-vlocky-mikronizovane-infracervenym-zarenim\/","name":"Kuku\u0159i\u010dn\u00e9 vlo\u010dky mikronizovan\u00e9 - Velkoobchodn\u00ed distributor","isPartOf":{"@id":"https:\/\/naturalpoland.com\/cs\/#website"},"primaryImageOfPage":{"@id":"https:\/\/naturalpoland.com\/cs\/produkty\/suroviny-pro-krmiva-pro-zvirata\/krmne-suroviny-pro-skot\/kukuricne-vlocky-mikronizovane-infracervenym-zarenim\/#primaryimage"},"image":{"@id":"https:\/\/naturalpoland.com\/cs\/produkty\/suroviny-pro-krmiva-pro-zvirata\/krmne-suroviny-pro-skot\/kukuricne-vlocky-mikronizovane-infracervenym-zarenim\/#primaryimage"},"thumbnailUrl":"https:\/\/naturalpoland.com\/wp-content\/uploads\/platki-kukurydziane-mikronizowane.png","datePublished":"2026-04-24T12:55:14+00:00","dateModified":"2026-04-28T10:06:32+00:00","description":"Kuku\u0159i\u010dn\u00e9 vlo\u010dky mikronizovan\u00e9 \u2013 vysoce straviteln\u00e1 krmn\u00e1 surovina s vysok\u00fdm obsahem \u0161krobu. Ide\u00e1ln\u00ed zdroj energie pro mlad\u00e1 hospod\u00e1\u0159sk\u00e1 zv\u00ed\u0159ata.","breadcrumb":{"@id":"https:\/\/naturalpoland.com\/cs\/produkty\/suroviny-pro-krmiva-pro-zvirata\/krmne-suroviny-pro-skot\/kukuricne-vlocky-mikronizovane-infracervenym-zarenim\/#breadcrumb"},"inLanguage":"cs","potentialAction":[{"@type":"ReadAction","target":["https:\/\/naturalpoland.com\/cs\/produkty\/suroviny-pro-krmiva-pro-zvirata\/krmne-suroviny-pro-skot\/kukuricne-vlocky-mikronizovane-infracervenym-zarenim\/"]}]},{"@type":"ImageObject","inLanguage":"cs","@id":"https:\/\/naturalpoland.com\/cs\/produkty\/suroviny-pro-krmiva-pro-zvirata\/krmne-suroviny-pro-skot\/kukuricne-vlocky-mikronizovane-infracervenym-zarenim\/#primaryimage","url":"https:\/\/naturalpoland.com\/wp-content\/uploads\/platki-kukurydziane-mikronizowane.png","contentUrl":"https:\/\/naturalpoland.com\/wp-content\/uploads\/platki-kukurydziane-mikronizowane.png","width":1024,"height":1024,"caption":"Kuku\u0159i\u010dn\u00e9 vlo\u010dky mikronizovan\u00e9 infra\u010derven\u00fdm z\u00e1\u0159en\u00edm"},{"@type":"BreadcrumbList","@id":"https:\/\/naturalpoland.com\/cs\/produkty\/suroviny-pro-krmiva-pro-zvirata\/krmne-suroviny-pro-skot\/kukuricne-vlocky-mikronizovane-infracervenym-zarenim\/#breadcrumb","itemListElement":[{"@type":"ListItem","position":1,"name":"Dom\u016f","item":"https:\/\/naturalpoland.com\/cs\/"},{"@type":"ListItem","position":2,"name":"Produkty","item":"https:\/\/naturalpoland.com\/cs\/produkty\/"},{"@type":"ListItem","position":3,"name":"Kuku\u0159i\u010dn\u00e9 vlo\u010dky mikronizovan\u00e9 infra\u010derven\u00fdm z\u00e1\u0159en\u00edm"}]},{"@type":"WebSite","@id":"https:\/\/naturalpoland.com\/cs\/#website","url":"https:\/\/naturalpoland.com\/cs\/","name":"NATURAL POLAND - Velkoobchodn\u00ed distributor surovin","description":"Surowce dla przemys\u0142u spo\u017cywczego, kosmetycznego i farmaceutycznego","publisher":{"@id":"https:\/\/naturalpoland.com\/cs\/#organization"},"potentialAction":[{"@type":"SearchAction","target":{"@type":"EntryPoint","urlTemplate":"https:\/\/naturalpoland.com\/cs\/?s={search_term_string}"},"query-input":{"@type":"PropertyValueSpecification","valueRequired":true,"valueName":"search_term_string"}}],"inLanguage":"cs"},{"@type":"Organization","@id":"https:\/\/naturalpoland.com\/cs\/#organization","name":"Natural Poland","url":"https:\/\/naturalpoland.com\/cs\/","logo":{"@type":"ImageObject","inLanguage":"cs","@id":"https:\/\/naturalpoland.com\/cs\/#\/schema\/logo\/image\/","url":"https:\/\/naturalpoland.com\/wp-content\/uploads\/2021\/05\/natural-poland-icon.png","contentUrl":"https:\/\/naturalpoland.com\/wp-content\/uploads\/2021\/05\/natural-poland-icon.png","width":512,"height":512,"caption":"Natural Poland"},"image":{"@id":"https:\/\/naturalpoland.com\/cs\/#\/schema\/logo\/image\/"},"sameAs":["https:\/\/www.facebook.com\/naturalpoland.b2b","https:\/\/pl.linkedin.com\/company\/natural-poland","https:\/\/www.youtube.com\/channel\/UCgeGGkvOMahZo-xu_MSEWxg"]}]}},"_links":{"self":[{"href":"https:\/\/naturalpoland.com\/cs\/wp-json\/wp\/v2\/product\/47984","targetHints":{"allow":["GET"]}}],"collection":[{"href":"https:\/\/naturalpoland.com\/cs\/wp-json\/wp\/v2\/product"}],"about":[{"href":"https:\/\/naturalpoland.com\/cs\/wp-json\/wp\/v2\/types\/product"}],"wp:featuredmedia":[{"embeddable":true,"href":"https:\/\/naturalpoland.com\/cs\/wp-json\/wp\/v2\/media\/47985"}],"wp:attachment":[{"href":"https:\/\/naturalpoland.com\/cs\/wp-json\/wp\/v2\/media?parent=47984"}],"wp:term":[{"taxonomy":"product_brand","embeddable":true,"href":"https:\/\/naturalpoland.com\/cs\/wp-json\/wp\/v2\/product_brand?post=47984"},{"taxonomy":"product_cat","embeddable":true,"href":"https:\/\/naturalpoland.com\/cs\/wp-json\/wp\/v2\/product_cat?post=47984"},{"taxonomy":"product_tag","embeddable":true,"href":"https:\/\/naturalpoland.com\/cs\/wp-json\/wp\/v2\/product_tag?post=47984"}],"curies":[{"name":"wp","href":"https:\/\/api.w.org\/{rel}","templated":true}]}}