{"id":48004,"date":"2026-04-24T13:47:17","date_gmt":"2026-04-24T11:47:17","guid":{"rendered":"https:\/\/naturalpoland.com\/produkty\/nezarazene\/lneny-pokrutinovy-srot\/"},"modified":"2026-04-28T12:11:25","modified_gmt":"2026-04-28T10:11:25","slug":"lneny-pokrutinovy-srot","status":"publish","type":"product","link":"https:\/\/naturalpoland.com\/cs\/produkty\/suroviny-pro-krmiva-pro-zvirata\/krmne-suroviny-pro-skot\/lneny-pokrutinovy-srot\/","title":{"rendered":"Ln\u011bn\u00fd pokrutinov\u00fd \u0161rot"},"content":{"rendered":"<p>Ln\u011bn\u00fd pokrutinov\u00fd \u0161rot se z\u00edsk\u00e1v\u00e1 ze semen zlat\u00e9ho nebo hn\u011bd\u00e9ho lnu poch\u00e1zej\u00edc\u00edch p\u0159edev\u0161\u00edm z region\u016f v\u00fdchodn\u00ed Evropy a st\u0159edn\u00ed Asie. D\u00edky zachov\u00e1n\u00ed \u010d\u00e1sti tuku a p\u0159\u00edtomnosti p\u0159\u00edrodn\u00edch bioaktivn\u00edch l\u00e1tek je hodnotnou krmivovou slo\u017ekou ve vyv\u00e1\u017een\u00e9 diet\u011b hospod\u00e1\u0159sk\u00fdch zv\u00ed\u0159at. <\/p>\n<h2>Vlastnosti a slo\u017een\u00ed:<\/h2>\n<p>Obsah b\u00edlkovin v surovin\u011b je minim\u00e1ln\u011b 30 %. P\u0159\u00edtomnost zbytkov\u00e9ho ln\u011bn\u00e9ho tuku dod\u00e1v\u00e1 nenasycen\u00e9 mastn\u00e9 kyseliny, v\u010detn\u011b kyseliny alfa-linolenov\u00e9 (omega-3), kter\u00e1 m\u016f\u017ee p\u0159isp\u00edvat ke zlep\u0161en\u00ed nutri\u010dn\u00ed hodnoty krmiva. Tuk v such\u00e9 hmot\u011b je na \u00farovni \u2264 8 %, surov\u00e1 vl\u00e1knina: \u2264 11 % a vlhkost: \u2264 10 %.  <\/p>\n<p>Produkt spl\u0148uje po\u017eadavky na obsah pesticid\u016f v souladu s p\u0159edpisy EU a \u00farovn\u011b t\u011b\u017ek\u00fdch kov\u016f a mykotoxin\u016f jsou udr\u017eov\u00e1ny v r\u00e1mci stanoven\u00fdch bezpe\u010dnostn\u00edch norm.<\/p>\n<h2>Pou\u017eit\u00ed:<\/h2>\n<p>Ln\u011bn\u00fd pokrutinov\u00fd \u0161rot se pou\u017e\u00edv\u00e1 jako:<\/p>\n<ul>\n<li>slo\u017eka krmiv pro skot, prasata a dr\u016fbe\u017e,<\/li>\n<li>p\u0159\u00edsada zvy\u0161uj\u00edc\u00ed obsah b\u00edlkovin ve sm\u011bs\u00edch,<\/li>\n<li>surovina zlep\u0161uj\u00edc\u00ed profil mastn\u00fdch kyselin krmiva.<\/li>\n<\/ul>\n","protected":false},"excerpt":{"rendered":"<p><strong>Ln\u011bn\u00fd pokrutinov\u00fd \u0161rot<\/strong> je vedlej\u0161\u00ed produkt vznikaj\u00edc\u00ed p\u0159i procesu lisov\u00e1n\u00ed oleje ze ln\u011bn\u00fdch semen (<em>Linum usitatissimum<\/em>). P\u0159edstavuje hodnotnou krmivovou surovinu s vysok\u00fdm obsahem b\u00edlkovin a p\u0159\u00edzniv\u00fdm profilem \u017eivin. <\/p>\n","protected":false},"featured_media":48005,"template":"","meta":{"_acf_changed":false},"product_brand":[],"product_cat":[7751],"product_tag":[],"class_list":{"0":"post-48004","1":"product","2":"type-product","3":"status-publish","4":"has-post-thumbnail","6":"product_cat-krmne-suroviny-pro-skot","7":"pa_przeznaczenie-surowca-krmivova-surovina","9":"first","10":"instock","11":"shipping-taxable","12":"product-type-simple"},"acf":[],"yoast_head":"<!-- This site is optimized with the Yoast SEO plugin v27.5 - https:\/\/yoast.com\/product\/yoast-seo-wordpress\/ -->\n<title>Ln\u011bn\u00fd pokrutinov\u00fd \u0161rot - Velkoobchodn\u00ed distributor<\/title>\n<meta name=\"description\" content=\"Ln\u011bn\u00fd pokrutinov\u00fd \u0161rot je vysokob\u00edlkovinn\u00e1 krmivov\u00e1 surovina ze ln\u011bn\u00fdch semen. P\u0159\u00edrodn\u00ed zdroj b\u00edlkovin a omega-3 kyselin do krmn\u00fdch sm\u011bs\u00ed pro zv\u00ed\u0159ata.\" \/>\n<meta name=\"robots\" content=\"index, follow, max-snippet:-1, max-image-preview:large, max-video-preview:-1\" \/>\n<link rel=\"canonical\" href=\"https:\/\/naturalpoland.com\/cs\/produkty\/suroviny-pro-krmiva-pro-zvirata\/krmne-suroviny-pro-skot\/lneny-pokrutinovy-srot\/\" \/>\n<meta property=\"og:locale\" content=\"cs_CZ\" \/>\n<meta property=\"og:type\" content=\"article\" \/>\n<meta property=\"og:title\" content=\"Ln\u011bn\u00fd pokrutinov\u00fd \u0161rot - Velkoobchodn\u00ed distributor\" \/>\n<meta property=\"og:description\" content=\"Ln\u011bn\u00fd pokrutinov\u00fd \u0161rot je vysokob\u00edlkovinn\u00e1 krmivov\u00e1 surovina ze ln\u011bn\u00fdch semen. P\u0159\u00edrodn\u00ed zdroj b\u00edlkovin a omega-3 kyselin do krmn\u00fdch sm\u011bs\u00ed pro zv\u00ed\u0159ata.\" \/>\n<meta property=\"og:url\" content=\"https:\/\/naturalpoland.com\/cs\/produkty\/suroviny-pro-krmiva-pro-zvirata\/krmne-suroviny-pro-skot\/lneny-pokrutinovy-srot\/\" \/>\n<meta property=\"og:site_name\" content=\"NATURAL POLAND - Velkoobchodn\u00ed distributor surovin\" \/>\n<meta property=\"article:publisher\" content=\"https:\/\/www.facebook.com\/naturalpoland.b2b\" \/>\n<meta property=\"article:modified_time\" content=\"2026-04-28T10:11:25+00:00\" \/>\n<meta property=\"og:image\" content=\"https:\/\/naturalpoland.com\/wp-content\/uploads\/makuch-lniany.png\" \/>\n\t<meta property=\"og:image:width\" content=\"1024\" \/>\n\t<meta property=\"og:image:height\" content=\"1024\" \/>\n\t<meta property=\"og:image:type\" content=\"image\/png\" \/>\n<script type=\"application\/ld+json\" class=\"yoast-schema-graph\">{\"@context\":\"https:\\\/\\\/schema.org\",\"@graph\":[{\"@type\":\"WebPage\",\"@id\":\"https:\\\/\\\/naturalpoland.com\\\/cs\\\/produkty\\\/suroviny-pro-krmiva-pro-zvirata\\\/krmne-suroviny-pro-skot\\\/lneny-pokrutinovy-srot\\\/\",\"url\":\"https:\\\/\\\/naturalpoland.com\\\/cs\\\/produkty\\\/suroviny-pro-krmiva-pro-zvirata\\\/krmne-suroviny-pro-skot\\\/lneny-pokrutinovy-srot\\\/\",\"name\":\"Ln\u011bn\u00fd pokrutinov\u00fd \u0161rot - Velkoobchodn\u00ed distributor\",\"isPartOf\":{\"@id\":\"https:\\\/\\\/naturalpoland.com\\\/cs\\\/#website\"},\"primaryImageOfPage\":{\"@id\":\"https:\\\/\\\/naturalpoland.com\\\/cs\\\/produkty\\\/suroviny-pro-krmiva-pro-zvirata\\\/krmne-suroviny-pro-skot\\\/lneny-pokrutinovy-srot\\\/#primaryimage\"},\"image\":{\"@id\":\"https:\\\/\\\/naturalpoland.com\\\/cs\\\/produkty\\\/suroviny-pro-krmiva-pro-zvirata\\\/krmne-suroviny-pro-skot\\\/lneny-pokrutinovy-srot\\\/#primaryimage\"},\"thumbnailUrl\":\"https:\\\/\\\/naturalpoland.com\\\/wp-content\\\/uploads\\\/makuch-lniany.png\",\"datePublished\":\"2026-04-24T11:47:17+00:00\",\"dateModified\":\"2026-04-28T10:11:25+00:00\",\"description\":\"Ln\u011bn\u00fd pokrutinov\u00fd \u0161rot je vysokob\u00edlkovinn\u00e1 krmivov\u00e1 surovina ze ln\u011bn\u00fdch semen. P\u0159\u00edrodn\u00ed zdroj b\u00edlkovin a omega-3 kyselin do krmn\u00fdch sm\u011bs\u00ed pro zv\u00ed\u0159ata.\",\"breadcrumb\":{\"@id\":\"https:\\\/\\\/naturalpoland.com\\\/cs\\\/produkty\\\/suroviny-pro-krmiva-pro-zvirata\\\/krmne-suroviny-pro-skot\\\/lneny-pokrutinovy-srot\\\/#breadcrumb\"},\"inLanguage\":\"cs\",\"potentialAction\":[{\"@type\":\"ReadAction\",\"target\":[\"https:\\\/\\\/naturalpoland.com\\\/cs\\\/produkty\\\/suroviny-pro-krmiva-pro-zvirata\\\/krmne-suroviny-pro-skot\\\/lneny-pokrutinovy-srot\\\/\"]}]},{\"@type\":\"ImageObject\",\"inLanguage\":\"cs\",\"@id\":\"https:\\\/\\\/naturalpoland.com\\\/cs\\\/produkty\\\/suroviny-pro-krmiva-pro-zvirata\\\/krmne-suroviny-pro-skot\\\/lneny-pokrutinovy-srot\\\/#primaryimage\",\"url\":\"https:\\\/\\\/naturalpoland.com\\\/wp-content\\\/uploads\\\/makuch-lniany.png\",\"contentUrl\":\"https:\\\/\\\/naturalpoland.com\\\/wp-content\\\/uploads\\\/makuch-lniany.png\",\"width\":1024,\"height\":1024,\"caption\":\"ln\u011bn\u00fd pokrutinov\u00fd \u0161rot\"},{\"@type\":\"BreadcrumbList\",\"@id\":\"https:\\\/\\\/naturalpoland.com\\\/cs\\\/produkty\\\/suroviny-pro-krmiva-pro-zvirata\\\/krmne-suroviny-pro-skot\\\/lneny-pokrutinovy-srot\\\/#breadcrumb\",\"itemListElement\":[{\"@type\":\"ListItem\",\"position\":1,\"name\":\"Dom\u016f\",\"item\":\"https:\\\/\\\/naturalpoland.com\\\/cs\\\/\"},{\"@type\":\"ListItem\",\"position\":2,\"name\":\"Produkty\",\"item\":\"https:\\\/\\\/naturalpoland.com\\\/cs\\\/produkty\\\/\"},{\"@type\":\"ListItem\",\"position\":3,\"name\":\"Ln\u011bn\u00fd pokrutinov\u00fd \u0161rot\"}]},{\"@type\":\"WebSite\",\"@id\":\"https:\\\/\\\/naturalpoland.com\\\/cs\\\/#website\",\"url\":\"https:\\\/\\\/naturalpoland.com\\\/cs\\\/\",\"name\":\"NATURAL POLAND - Velkoobchodn\u00ed distributor surovin\",\"description\":\"Surowce dla przemys\u0142u spo\u017cywczego, kosmetycznego i farmaceutycznego\",\"publisher\":{\"@id\":\"https:\\\/\\\/naturalpoland.com\\\/cs\\\/#organization\"},\"potentialAction\":[{\"@type\":\"SearchAction\",\"target\":{\"@type\":\"EntryPoint\",\"urlTemplate\":\"https:\\\/\\\/naturalpoland.com\\\/cs\\\/?s={search_term_string}\"},\"query-input\":{\"@type\":\"PropertyValueSpecification\",\"valueRequired\":true,\"valueName\":\"search_term_string\"}}],\"inLanguage\":\"cs\"},{\"@type\":\"Organization\",\"@id\":\"https:\\\/\\\/naturalpoland.com\\\/cs\\\/#organization\",\"name\":\"Natural Poland\",\"url\":\"https:\\\/\\\/naturalpoland.com\\\/cs\\\/\",\"logo\":{\"@type\":\"ImageObject\",\"inLanguage\":\"cs\",\"@id\":\"https:\\\/\\\/naturalpoland.com\\\/cs\\\/#\\\/schema\\\/logo\\\/image\\\/\",\"url\":\"https:\\\/\\\/naturalpoland.com\\\/wp-content\\\/uploads\\\/2021\\\/05\\\/natural-poland-icon.png\",\"contentUrl\":\"https:\\\/\\\/naturalpoland.com\\\/wp-content\\\/uploads\\\/2021\\\/05\\\/natural-poland-icon.png\",\"width\":512,\"height\":512,\"caption\":\"Natural Poland\"},\"image\":{\"@id\":\"https:\\\/\\\/naturalpoland.com\\\/cs\\\/#\\\/schema\\\/logo\\\/image\\\/\"},\"sameAs\":[\"https:\\\/\\\/www.facebook.com\\\/naturalpoland.b2b\",\"https:\\\/\\\/pl.linkedin.com\\\/company\\\/natural-poland\",\"https:\\\/\\\/www.youtube.com\\\/channel\\\/UCgeGGkvOMahZo-xu_MSEWxg\"]}]}<\/script>\n<!-- \/ Yoast SEO plugin. -->","yoast_head_json":{"title":"Ln\u011bn\u00fd pokrutinov\u00fd \u0161rot - Velkoobchodn\u00ed distributor","description":"Ln\u011bn\u00fd pokrutinov\u00fd \u0161rot je vysokob\u00edlkovinn\u00e1 krmivov\u00e1 surovina ze ln\u011bn\u00fdch semen. P\u0159\u00edrodn\u00ed zdroj b\u00edlkovin a omega-3 kyselin do krmn\u00fdch sm\u011bs\u00ed pro zv\u00ed\u0159ata.","robots":{"index":"index","follow":"follow","max-snippet":"max-snippet:-1","max-image-preview":"max-image-preview:large","max-video-preview":"max-video-preview:-1"},"canonical":"https:\/\/naturalpoland.com\/cs\/produkty\/suroviny-pro-krmiva-pro-zvirata\/krmne-suroviny-pro-skot\/lneny-pokrutinovy-srot\/","og_locale":"cs_CZ","og_type":"article","og_title":"Ln\u011bn\u00fd pokrutinov\u00fd \u0161rot - Velkoobchodn\u00ed distributor","og_description":"Ln\u011bn\u00fd pokrutinov\u00fd \u0161rot je vysokob\u00edlkovinn\u00e1 krmivov\u00e1 surovina ze ln\u011bn\u00fdch semen. P\u0159\u00edrodn\u00ed zdroj b\u00edlkovin a omega-3 kyselin do krmn\u00fdch sm\u011bs\u00ed pro zv\u00ed\u0159ata.","og_url":"https:\/\/naturalpoland.com\/cs\/produkty\/suroviny-pro-krmiva-pro-zvirata\/krmne-suroviny-pro-skot\/lneny-pokrutinovy-srot\/","og_site_name":"NATURAL POLAND - Velkoobchodn\u00ed distributor surovin","article_publisher":"https:\/\/www.facebook.com\/naturalpoland.b2b","article_modified_time":"2026-04-28T10:11:25+00:00","og_image":[{"width":1024,"height":1024,"url":"https:\/\/naturalpoland.com\/wp-content\/uploads\/makuch-lniany.png","type":"image\/png"}],"schema":{"@context":"https:\/\/schema.org","@graph":[{"@type":"WebPage","@id":"https:\/\/naturalpoland.com\/cs\/produkty\/suroviny-pro-krmiva-pro-zvirata\/krmne-suroviny-pro-skot\/lneny-pokrutinovy-srot\/","url":"https:\/\/naturalpoland.com\/cs\/produkty\/suroviny-pro-krmiva-pro-zvirata\/krmne-suroviny-pro-skot\/lneny-pokrutinovy-srot\/","name":"Ln\u011bn\u00fd pokrutinov\u00fd \u0161rot - Velkoobchodn\u00ed distributor","isPartOf":{"@id":"https:\/\/naturalpoland.com\/cs\/#website"},"primaryImageOfPage":{"@id":"https:\/\/naturalpoland.com\/cs\/produkty\/suroviny-pro-krmiva-pro-zvirata\/krmne-suroviny-pro-skot\/lneny-pokrutinovy-srot\/#primaryimage"},"image":{"@id":"https:\/\/naturalpoland.com\/cs\/produkty\/suroviny-pro-krmiva-pro-zvirata\/krmne-suroviny-pro-skot\/lneny-pokrutinovy-srot\/#primaryimage"},"thumbnailUrl":"https:\/\/naturalpoland.com\/wp-content\/uploads\/makuch-lniany.png","datePublished":"2026-04-24T11:47:17+00:00","dateModified":"2026-04-28T10:11:25+00:00","description":"Ln\u011bn\u00fd pokrutinov\u00fd \u0161rot je vysokob\u00edlkovinn\u00e1 krmivov\u00e1 surovina ze ln\u011bn\u00fdch semen. P\u0159\u00edrodn\u00ed zdroj b\u00edlkovin a omega-3 kyselin do krmn\u00fdch sm\u011bs\u00ed pro zv\u00ed\u0159ata.","breadcrumb":{"@id":"https:\/\/naturalpoland.com\/cs\/produkty\/suroviny-pro-krmiva-pro-zvirata\/krmne-suroviny-pro-skot\/lneny-pokrutinovy-srot\/#breadcrumb"},"inLanguage":"cs","potentialAction":[{"@type":"ReadAction","target":["https:\/\/naturalpoland.com\/cs\/produkty\/suroviny-pro-krmiva-pro-zvirata\/krmne-suroviny-pro-skot\/lneny-pokrutinovy-srot\/"]}]},{"@type":"ImageObject","inLanguage":"cs","@id":"https:\/\/naturalpoland.com\/cs\/produkty\/suroviny-pro-krmiva-pro-zvirata\/krmne-suroviny-pro-skot\/lneny-pokrutinovy-srot\/#primaryimage","url":"https:\/\/naturalpoland.com\/wp-content\/uploads\/makuch-lniany.png","contentUrl":"https:\/\/naturalpoland.com\/wp-content\/uploads\/makuch-lniany.png","width":1024,"height":1024,"caption":"ln\u011bn\u00fd pokrutinov\u00fd \u0161rot"},{"@type":"BreadcrumbList","@id":"https:\/\/naturalpoland.com\/cs\/produkty\/suroviny-pro-krmiva-pro-zvirata\/krmne-suroviny-pro-skot\/lneny-pokrutinovy-srot\/#breadcrumb","itemListElement":[{"@type":"ListItem","position":1,"name":"Dom\u016f","item":"https:\/\/naturalpoland.com\/cs\/"},{"@type":"ListItem","position":2,"name":"Produkty","item":"https:\/\/naturalpoland.com\/cs\/produkty\/"},{"@type":"ListItem","position":3,"name":"Ln\u011bn\u00fd pokrutinov\u00fd \u0161rot"}]},{"@type":"WebSite","@id":"https:\/\/naturalpoland.com\/cs\/#website","url":"https:\/\/naturalpoland.com\/cs\/","name":"NATURAL POLAND - Velkoobchodn\u00ed distributor surovin","description":"Surowce dla przemys\u0142u spo\u017cywczego, kosmetycznego i farmaceutycznego","publisher":{"@id":"https:\/\/naturalpoland.com\/cs\/#organization"},"potentialAction":[{"@type":"SearchAction","target":{"@type":"EntryPoint","urlTemplate":"https:\/\/naturalpoland.com\/cs\/?s={search_term_string}"},"query-input":{"@type":"PropertyValueSpecification","valueRequired":true,"valueName":"search_term_string"}}],"inLanguage":"cs"},{"@type":"Organization","@id":"https:\/\/naturalpoland.com\/cs\/#organization","name":"Natural Poland","url":"https:\/\/naturalpoland.com\/cs\/","logo":{"@type":"ImageObject","inLanguage":"cs","@id":"https:\/\/naturalpoland.com\/cs\/#\/schema\/logo\/image\/","url":"https:\/\/naturalpoland.com\/wp-content\/uploads\/2021\/05\/natural-poland-icon.png","contentUrl":"https:\/\/naturalpoland.com\/wp-content\/uploads\/2021\/05\/natural-poland-icon.png","width":512,"height":512,"caption":"Natural Poland"},"image":{"@id":"https:\/\/naturalpoland.com\/cs\/#\/schema\/logo\/image\/"},"sameAs":["https:\/\/www.facebook.com\/naturalpoland.b2b","https:\/\/pl.linkedin.com\/company\/natural-poland","https:\/\/www.youtube.com\/channel\/UCgeGGkvOMahZo-xu_MSEWxg"]}]}},"_links":{"self":[{"href":"https:\/\/naturalpoland.com\/cs\/wp-json\/wp\/v2\/product\/48004","targetHints":{"allow":["GET"]}}],"collection":[{"href":"https:\/\/naturalpoland.com\/cs\/wp-json\/wp\/v2\/product"}],"about":[{"href":"https:\/\/naturalpoland.com\/cs\/wp-json\/wp\/v2\/types\/product"}],"wp:featuredmedia":[{"embeddable":true,"href":"https:\/\/naturalpoland.com\/cs\/wp-json\/wp\/v2\/media\/48005"}],"wp:attachment":[{"href":"https:\/\/naturalpoland.com\/cs\/wp-json\/wp\/v2\/media?parent=48004"}],"wp:term":[{"taxonomy":"product_brand","embeddable":true,"href":"https:\/\/naturalpoland.com\/cs\/wp-json\/wp\/v2\/product_brand?post=48004"},{"taxonomy":"product_cat","embeddable":true,"href":"https:\/\/naturalpoland.com\/cs\/wp-json\/wp\/v2\/product_cat?post=48004"},{"taxonomy":"product_tag","embeddable":true,"href":"https:\/\/naturalpoland.com\/cs\/wp-json\/wp\/v2\/product_tag?post=48004"}],"curies":[{"name":"wp","href":"https:\/\/api.w.org\/{rel}","templated":true}]}}