{"id":48022,"date":"2026-04-03T14:54:33","date_gmt":"2026-04-03T12:54:33","guid":{"rendered":"https:\/\/naturalpoland.com\/produkty\/nezarazene\/himalajsky-cedrovy-olej\/"},"modified":"2026-04-28T12:19:41","modified_gmt":"2026-04-28T10:19:41","slug":"himalajsky-cedrovy-olej","status":"publish","type":"product","link":"https:\/\/naturalpoland.com\/cs\/produkty\/produkty-pro-kosmeticky-prumysl\/esencialni-oleje\/himalajsky-cedrovy-olej\/","title":{"rendered":"Himal\u00e1jsk\u00fd cedrov\u00fd olej"},"content":{"rendered":"<h2>Vlastnosti a \u00fa\u010dinky himal\u00e1jsk\u00e9ho cedrov\u00e9ho oleje:<\/h2>\n<p>Himal\u00e1jsk\u00fd cedrov\u00fd olej obsahuje p\u0159\u00edrodn\u00ed aromatick\u00e9 slou\u010deniny z <strong>skupiny seskviterpen\u016f<\/strong>, kter\u00e9 jsou zodpov\u011bdn\u00e9 za jeho charakteristick\u00fd vonn\u00fd profil a funk\u010dn\u00ed vlastnosti ve vonn\u00fdch aplikac\u00edch. <strong>Intenzivn\u00ed, d\u0159evit\u00e9 aroma<\/strong> zaji\u0161\u0165uje, \u017ee tato surovina je vyu\u017e\u00edv\u00e1na ve formulac\u00edch zam\u011b\u0159en\u00fdch na vytv\u00e1\u0159en\u00ed hlubok\u00fdch, balzamick\u00fdch vonn\u00fdch t\u00f3n\u016f. <\/p>\n<p>V aromaterapii se tento olej pou\u017e\u00edv\u00e1 ve vonn\u00fdch kompozic\u00edch podporuj\u00edc\u00edch relaxaci a vytv\u00e1\u0159en\u00ed atmosf\u00e9ry p\u0159isp\u00edvaj\u00edc\u00ed k uklidn\u011bn\u00ed a koncentraci. D\u00edky sv\u00e9mu vonn\u00e9mu profilu se dob\u0159e kombinuje s citrusov\u00fdmi, prysky\u0159i\u010dn\u00fdmi a ko\u0159en\u011bn\u00fdmi oleji. <\/p>\n<p>Himal\u00e1jsk\u00fd cedrov\u00fd olej m\u016f\u017ee b\u00fdt tak\u00e9 pou\u017eit jako vonn\u00e1 slo\u017eka v kosmetice, nicm\u00e9n\u011b jeho pou\u017eit\u00ed v produktech ur\u010den\u00fdch k p\u0159\u00edm\u00e9 aplikaci na poko\u017eku by m\u011blo b\u00fdt v\u017edy p\u0159izp\u016fsobeno platn\u00fdm norm\u00e1m a formula\u010dn\u00edm po\u017eadavk\u016fm.<\/p>\n<h2>Pou\u017eit\u00ed himal\u00e1jsk\u00e9ho cedrov\u00e9ho oleje:<\/h2>\n<p>Himal\u00e1jsk\u00fd cedrov\u00fd olej se pou\u017e\u00edv\u00e1 hlavn\u011b v:<\/p>\n<ul>\n<li>aromaterapii a vonn\u00fdch produktech,<\/li>\n<li>vonn\u00e9 sv\u00ed\u010dky a difuz\u00e9ry,<\/li>\n<li>parf\u00e9mech a vonn\u00fdch kompozic\u00edch,<\/li>\n<li>kosmetice jako vonn\u00e1 slo\u017eka.<\/li>\n<\/ul>\n","protected":false},"excerpt":{"rendered":"<p><strong>Himal\u00e1jsk\u00fd cedrov\u00fd olej<\/strong> se z\u00edsk\u00e1v\u00e1 z d\u0159eva cedru <em><strong>Cedrus deodara<\/strong><\/em> metodou parn\u00ed destilace. Surovina poch\u00e1z\u00ed z Indie a je jedn\u00edm z klasick\u00fdch esenci\u00e1ln\u00edch olej\u016f pou\u017e\u00edvan\u00fdch v aromaterapii a vonn\u00fdch formulac\u00edch. <\/p>\n","protected":false},"featured_media":48023,"template":"","meta":{"_acf_changed":false},"product_brand":[],"product_cat":[6262],"product_tag":[],"class_list":{"0":"post-48022","1":"product","2":"type-product","3":"status-publish","4":"has-post-thumbnail","6":"product_cat-esencialni-oleje","7":"pa_czesc-rosliny-drevita","8":"pa_metoda-pozyskiwania-parni-destilace","10":"first","11":"instock","12":"shipping-taxable","13":"product-type-simple"},"acf":[],"yoast_head":"<!-- This site is optimized with the Yoast SEO plugin v27.5 - https:\/\/yoast.com\/product\/yoast-seo-wordpress\/ -->\n<title>Himal\u00e1jsk\u00fd cedrov\u00fd olej - Velkoobchodn\u00ed distributor<\/title>\n<meta name=\"description\" content=\"Himal\u00e1jsk\u00fd cedrov\u00fd olej (Cedrus deodara) s d\u0159evitou, balzamickou v\u016fn\u00ed. Pro aromaterapii, parf\u00e9my a vonn\u00e9 produkty.\" \/>\n<meta name=\"robots\" content=\"index, follow, max-snippet:-1, max-image-preview:large, max-video-preview:-1\" \/>\n<link rel=\"canonical\" href=\"https:\/\/naturalpoland.com\/cs\/produkty\/produkty-pro-kosmeticky-prumysl\/esencialni-oleje\/himalajsky-cedrovy-olej\/\" \/>\n<meta property=\"og:locale\" content=\"cs_CZ\" \/>\n<meta property=\"og:type\" content=\"article\" \/>\n<meta property=\"og:title\" content=\"Himal\u00e1jsk\u00fd cedrov\u00fd olej - Velkoobchodn\u00ed distributor\" \/>\n<meta property=\"og:description\" content=\"Himal\u00e1jsk\u00fd cedrov\u00fd olej (Cedrus deodara) s d\u0159evitou, balzamickou v\u016fn\u00ed. Pro aromaterapii, parf\u00e9my a vonn\u00e9 produkty.\" \/>\n<meta property=\"og:url\" content=\"https:\/\/naturalpoland.com\/cs\/produkty\/produkty-pro-kosmeticky-prumysl\/esencialni-oleje\/himalajsky-cedrovy-olej\/\" \/>\n<meta property=\"og:site_name\" content=\"NATURAL POLAND - Velkoobchodn\u00ed distributor surovin\" \/>\n<meta property=\"article:publisher\" content=\"https:\/\/www.facebook.com\/naturalpoland.b2b\" \/>\n<meta property=\"article:modified_time\" content=\"2026-04-28T10:19:41+00:00\" \/>\n<meta property=\"og:image\" content=\"https:\/\/naturalpoland.com\/wp-content\/uploads\/olejek-cedrowy-himalajski.png\" \/>\n\t<meta property=\"og:image:width\" content=\"1024\" \/>\n\t<meta property=\"og:image:height\" content=\"1024\" \/>\n\t<meta property=\"og:image:type\" content=\"image\/png\" \/>\n<script type=\"application\/ld+json\" class=\"yoast-schema-graph\">{\"@context\":\"https:\\\/\\\/schema.org\",\"@graph\":[{\"@type\":\"WebPage\",\"@id\":\"https:\\\/\\\/naturalpoland.com\\\/cs\\\/produkty\\\/produkty-pro-kosmeticky-prumysl\\\/esencialni-oleje\\\/himalajsky-cedrovy-olej\\\/\",\"url\":\"https:\\\/\\\/naturalpoland.com\\\/cs\\\/produkty\\\/produkty-pro-kosmeticky-prumysl\\\/esencialni-oleje\\\/himalajsky-cedrovy-olej\\\/\",\"name\":\"Himal\u00e1jsk\u00fd cedrov\u00fd olej - Velkoobchodn\u00ed distributor\",\"isPartOf\":{\"@id\":\"https:\\\/\\\/naturalpoland.com\\\/cs\\\/#website\"},\"primaryImageOfPage\":{\"@id\":\"https:\\\/\\\/naturalpoland.com\\\/cs\\\/produkty\\\/produkty-pro-kosmeticky-prumysl\\\/esencialni-oleje\\\/himalajsky-cedrovy-olej\\\/#primaryimage\"},\"image\":{\"@id\":\"https:\\\/\\\/naturalpoland.com\\\/cs\\\/produkty\\\/produkty-pro-kosmeticky-prumysl\\\/esencialni-oleje\\\/himalajsky-cedrovy-olej\\\/#primaryimage\"},\"thumbnailUrl\":\"https:\\\/\\\/naturalpoland.com\\\/wp-content\\\/uploads\\\/olejek-cedrowy-himalajski.png\",\"datePublished\":\"2026-04-03T12:54:33+00:00\",\"dateModified\":\"2026-04-28T10:19:41+00:00\",\"description\":\"Himal\u00e1jsk\u00fd cedrov\u00fd olej (Cedrus deodara) s d\u0159evitou, balzamickou v\u016fn\u00ed. Pro aromaterapii, parf\u00e9my a vonn\u00e9 produkty.\",\"breadcrumb\":{\"@id\":\"https:\\\/\\\/naturalpoland.com\\\/cs\\\/produkty\\\/produkty-pro-kosmeticky-prumysl\\\/esencialni-oleje\\\/himalajsky-cedrovy-olej\\\/#breadcrumb\"},\"inLanguage\":\"cs\",\"potentialAction\":[{\"@type\":\"ReadAction\",\"target\":[\"https:\\\/\\\/naturalpoland.com\\\/cs\\\/produkty\\\/produkty-pro-kosmeticky-prumysl\\\/esencialni-oleje\\\/himalajsky-cedrovy-olej\\\/\"]}]},{\"@type\":\"ImageObject\",\"inLanguage\":\"cs\",\"@id\":\"https:\\\/\\\/naturalpoland.com\\\/cs\\\/produkty\\\/produkty-pro-kosmeticky-prumysl\\\/esencialni-oleje\\\/himalajsky-cedrovy-olej\\\/#primaryimage\",\"url\":\"https:\\\/\\\/naturalpoland.com\\\/wp-content\\\/uploads\\\/olejek-cedrowy-himalajski.png\",\"contentUrl\":\"https:\\\/\\\/naturalpoland.com\\\/wp-content\\\/uploads\\\/olejek-cedrowy-himalajski.png\",\"width\":1024,\"height\":1024,\"caption\":\"himal\u00e1jsk\u00fd cedrov\u00fd esenci\u00e1ln\u00ed olej\"},{\"@type\":\"BreadcrumbList\",\"@id\":\"https:\\\/\\\/naturalpoland.com\\\/cs\\\/produkty\\\/produkty-pro-kosmeticky-prumysl\\\/esencialni-oleje\\\/himalajsky-cedrovy-olej\\\/#breadcrumb\",\"itemListElement\":[{\"@type\":\"ListItem\",\"position\":1,\"name\":\"Dom\u016f\",\"item\":\"https:\\\/\\\/naturalpoland.com\\\/cs\\\/\"},{\"@type\":\"ListItem\",\"position\":2,\"name\":\"Produkty\",\"item\":\"https:\\\/\\\/naturalpoland.com\\\/cs\\\/produkty\\\/\"},{\"@type\":\"ListItem\",\"position\":3,\"name\":\"Himal\u00e1jsk\u00fd cedrov\u00fd olej\"}]},{\"@type\":\"WebSite\",\"@id\":\"https:\\\/\\\/naturalpoland.com\\\/cs\\\/#website\",\"url\":\"https:\\\/\\\/naturalpoland.com\\\/cs\\\/\",\"name\":\"NATURAL POLAND - Velkoobchodn\u00ed distributor surovin\",\"description\":\"Surowce dla przemys\u0142u spo\u017cywczego, kosmetycznego i farmaceutycznego\",\"publisher\":{\"@id\":\"https:\\\/\\\/naturalpoland.com\\\/cs\\\/#organization\"},\"potentialAction\":[{\"@type\":\"SearchAction\",\"target\":{\"@type\":\"EntryPoint\",\"urlTemplate\":\"https:\\\/\\\/naturalpoland.com\\\/cs\\\/?s={search_term_string}\"},\"query-input\":{\"@type\":\"PropertyValueSpecification\",\"valueRequired\":true,\"valueName\":\"search_term_string\"}}],\"inLanguage\":\"cs\"},{\"@type\":\"Organization\",\"@id\":\"https:\\\/\\\/naturalpoland.com\\\/cs\\\/#organization\",\"name\":\"Natural Poland\",\"url\":\"https:\\\/\\\/naturalpoland.com\\\/cs\\\/\",\"logo\":{\"@type\":\"ImageObject\",\"inLanguage\":\"cs\",\"@id\":\"https:\\\/\\\/naturalpoland.com\\\/cs\\\/#\\\/schema\\\/logo\\\/image\\\/\",\"url\":\"https:\\\/\\\/naturalpoland.com\\\/wp-content\\\/uploads\\\/2021\\\/05\\\/natural-poland-icon.png\",\"contentUrl\":\"https:\\\/\\\/naturalpoland.com\\\/wp-content\\\/uploads\\\/2021\\\/05\\\/natural-poland-icon.png\",\"width\":512,\"height\":512,\"caption\":\"Natural Poland\"},\"image\":{\"@id\":\"https:\\\/\\\/naturalpoland.com\\\/cs\\\/#\\\/schema\\\/logo\\\/image\\\/\"},\"sameAs\":[\"https:\\\/\\\/www.facebook.com\\\/naturalpoland.b2b\",\"https:\\\/\\\/pl.linkedin.com\\\/company\\\/natural-poland\",\"https:\\\/\\\/www.youtube.com\\\/channel\\\/UCgeGGkvOMahZo-xu_MSEWxg\"]}]}<\/script>\n<!-- \/ Yoast SEO plugin. -->","yoast_head_json":{"title":"Himal\u00e1jsk\u00fd cedrov\u00fd olej - Velkoobchodn\u00ed distributor","description":"Himal\u00e1jsk\u00fd cedrov\u00fd olej (Cedrus deodara) s d\u0159evitou, balzamickou v\u016fn\u00ed. Pro aromaterapii, parf\u00e9my a vonn\u00e9 produkty.","robots":{"index":"index","follow":"follow","max-snippet":"max-snippet:-1","max-image-preview":"max-image-preview:large","max-video-preview":"max-video-preview:-1"},"canonical":"https:\/\/naturalpoland.com\/cs\/produkty\/produkty-pro-kosmeticky-prumysl\/esencialni-oleje\/himalajsky-cedrovy-olej\/","og_locale":"cs_CZ","og_type":"article","og_title":"Himal\u00e1jsk\u00fd cedrov\u00fd olej - Velkoobchodn\u00ed distributor","og_description":"Himal\u00e1jsk\u00fd cedrov\u00fd olej (Cedrus deodara) s d\u0159evitou, balzamickou v\u016fn\u00ed. Pro aromaterapii, parf\u00e9my a vonn\u00e9 produkty.","og_url":"https:\/\/naturalpoland.com\/cs\/produkty\/produkty-pro-kosmeticky-prumysl\/esencialni-oleje\/himalajsky-cedrovy-olej\/","og_site_name":"NATURAL POLAND - Velkoobchodn\u00ed distributor surovin","article_publisher":"https:\/\/www.facebook.com\/naturalpoland.b2b","article_modified_time":"2026-04-28T10:19:41+00:00","og_image":[{"width":1024,"height":1024,"url":"https:\/\/naturalpoland.com\/wp-content\/uploads\/olejek-cedrowy-himalajski.png","type":"image\/png"}],"schema":{"@context":"https:\/\/schema.org","@graph":[{"@type":"WebPage","@id":"https:\/\/naturalpoland.com\/cs\/produkty\/produkty-pro-kosmeticky-prumysl\/esencialni-oleje\/himalajsky-cedrovy-olej\/","url":"https:\/\/naturalpoland.com\/cs\/produkty\/produkty-pro-kosmeticky-prumysl\/esencialni-oleje\/himalajsky-cedrovy-olej\/","name":"Himal\u00e1jsk\u00fd cedrov\u00fd olej - Velkoobchodn\u00ed distributor","isPartOf":{"@id":"https:\/\/naturalpoland.com\/cs\/#website"},"primaryImageOfPage":{"@id":"https:\/\/naturalpoland.com\/cs\/produkty\/produkty-pro-kosmeticky-prumysl\/esencialni-oleje\/himalajsky-cedrovy-olej\/#primaryimage"},"image":{"@id":"https:\/\/naturalpoland.com\/cs\/produkty\/produkty-pro-kosmeticky-prumysl\/esencialni-oleje\/himalajsky-cedrovy-olej\/#primaryimage"},"thumbnailUrl":"https:\/\/naturalpoland.com\/wp-content\/uploads\/olejek-cedrowy-himalajski.png","datePublished":"2026-04-03T12:54:33+00:00","dateModified":"2026-04-28T10:19:41+00:00","description":"Himal\u00e1jsk\u00fd cedrov\u00fd olej (Cedrus deodara) s d\u0159evitou, balzamickou v\u016fn\u00ed. Pro aromaterapii, parf\u00e9my a vonn\u00e9 produkty.","breadcrumb":{"@id":"https:\/\/naturalpoland.com\/cs\/produkty\/produkty-pro-kosmeticky-prumysl\/esencialni-oleje\/himalajsky-cedrovy-olej\/#breadcrumb"},"inLanguage":"cs","potentialAction":[{"@type":"ReadAction","target":["https:\/\/naturalpoland.com\/cs\/produkty\/produkty-pro-kosmeticky-prumysl\/esencialni-oleje\/himalajsky-cedrovy-olej\/"]}]},{"@type":"ImageObject","inLanguage":"cs","@id":"https:\/\/naturalpoland.com\/cs\/produkty\/produkty-pro-kosmeticky-prumysl\/esencialni-oleje\/himalajsky-cedrovy-olej\/#primaryimage","url":"https:\/\/naturalpoland.com\/wp-content\/uploads\/olejek-cedrowy-himalajski.png","contentUrl":"https:\/\/naturalpoland.com\/wp-content\/uploads\/olejek-cedrowy-himalajski.png","width":1024,"height":1024,"caption":"himal\u00e1jsk\u00fd cedrov\u00fd esenci\u00e1ln\u00ed olej"},{"@type":"BreadcrumbList","@id":"https:\/\/naturalpoland.com\/cs\/produkty\/produkty-pro-kosmeticky-prumysl\/esencialni-oleje\/himalajsky-cedrovy-olej\/#breadcrumb","itemListElement":[{"@type":"ListItem","position":1,"name":"Dom\u016f","item":"https:\/\/naturalpoland.com\/cs\/"},{"@type":"ListItem","position":2,"name":"Produkty","item":"https:\/\/naturalpoland.com\/cs\/produkty\/"},{"@type":"ListItem","position":3,"name":"Himal\u00e1jsk\u00fd cedrov\u00fd olej"}]},{"@type":"WebSite","@id":"https:\/\/naturalpoland.com\/cs\/#website","url":"https:\/\/naturalpoland.com\/cs\/","name":"NATURAL POLAND - Velkoobchodn\u00ed distributor surovin","description":"Surowce dla przemys\u0142u spo\u017cywczego, kosmetycznego i farmaceutycznego","publisher":{"@id":"https:\/\/naturalpoland.com\/cs\/#organization"},"potentialAction":[{"@type":"SearchAction","target":{"@type":"EntryPoint","urlTemplate":"https:\/\/naturalpoland.com\/cs\/?s={search_term_string}"},"query-input":{"@type":"PropertyValueSpecification","valueRequired":true,"valueName":"search_term_string"}}],"inLanguage":"cs"},{"@type":"Organization","@id":"https:\/\/naturalpoland.com\/cs\/#organization","name":"Natural Poland","url":"https:\/\/naturalpoland.com\/cs\/","logo":{"@type":"ImageObject","inLanguage":"cs","@id":"https:\/\/naturalpoland.com\/cs\/#\/schema\/logo\/image\/","url":"https:\/\/naturalpoland.com\/wp-content\/uploads\/2021\/05\/natural-poland-icon.png","contentUrl":"https:\/\/naturalpoland.com\/wp-content\/uploads\/2021\/05\/natural-poland-icon.png","width":512,"height":512,"caption":"Natural Poland"},"image":{"@id":"https:\/\/naturalpoland.com\/cs\/#\/schema\/logo\/image\/"},"sameAs":["https:\/\/www.facebook.com\/naturalpoland.b2b","https:\/\/pl.linkedin.com\/company\/natural-poland","https:\/\/www.youtube.com\/channel\/UCgeGGkvOMahZo-xu_MSEWxg"]}]}},"_links":{"self":[{"href":"https:\/\/naturalpoland.com\/cs\/wp-json\/wp\/v2\/product\/48022","targetHints":{"allow":["GET"]}}],"collection":[{"href":"https:\/\/naturalpoland.com\/cs\/wp-json\/wp\/v2\/product"}],"about":[{"href":"https:\/\/naturalpoland.com\/cs\/wp-json\/wp\/v2\/types\/product"}],"wp:featuredmedia":[{"embeddable":true,"href":"https:\/\/naturalpoland.com\/cs\/wp-json\/wp\/v2\/media\/48023"}],"wp:attachment":[{"href":"https:\/\/naturalpoland.com\/cs\/wp-json\/wp\/v2\/media?parent=48022"}],"wp:term":[{"taxonomy":"product_brand","embeddable":true,"href":"https:\/\/naturalpoland.com\/cs\/wp-json\/wp\/v2\/product_brand?post=48022"},{"taxonomy":"product_cat","embeddable":true,"href":"https:\/\/naturalpoland.com\/cs\/wp-json\/wp\/v2\/product_cat?post=48022"},{"taxonomy":"product_tag","embeddable":true,"href":"https:\/\/naturalpoland.com\/cs\/wp-json\/wp\/v2\/product_tag?post=48022"}],"curies":[{"name":"wp","href":"https:\/\/api.w.org\/{rel}","templated":true}]}}