{"id":48048,"date":"2026-04-03T14:03:58","date_gmt":"2026-04-03T12:03:58","guid":{"rendered":"https:\/\/naturalpoland.com\/produkty\/nezarazene\/hyaluronat-zinku\/"},"modified":"2026-04-28T12:36:48","modified_gmt":"2026-04-28T10:36:48","slug":"hyaluronat-zinku","status":"publish","type":"product","link":"https:\/\/naturalpoland.com\/cs\/produkty\/produkty-pro-kosmeticky-prumysl\/kosmeticke-suroviny\/hyaluronat-zinku\/","title":{"rendered":"Hyaluron\u00e1t zinku"},"content":{"rendered":"<p>Hyaluron\u00e1t zinku se vyskytuje ve form\u011b b\u00edl\u00e9ho pr\u00e1\u0161ku s vysokou \u010distotou (cca 98,43 %), ur\u010den\u00e9ho pro kosmetick\u00e9 a dermatologick\u00e9 aplikace. Charakterizuje se vysok\u00fdm obsahem kyseliny glukuronov\u00e9 (cca 47,45 %), kter\u00e1 tvo\u0159\u00ed podstatn\u00fd prvek struktury kyseliny hyaluronov\u00e9. Molekulov\u00e1 hmotnost na \u00farovni p\u0159ibli\u017en\u011b 1,15 \u00d7 10\u2076 Da nazna\u010duje vysokomolekul\u00e1rn\u00ed formu suroviny, zodpov\u011bdnou za povrchov\u00e9 a ochrann\u00e9 vlastnosti.  <\/p>\n<h2>Vlastnosti a \u00fa\u010dinky hyaluron\u00e1tu zinku:<\/h2>\n<p>Tato surovina vykazuje synergick\u00fd \u00fa\u010dinek vypl\u00fdvaj\u00edc\u00ed z p\u0159\u00edtomnosti dvou kl\u00ed\u010dov\u00fdch slo\u017eek \u2013 <strong>kyseliny hyaluronov\u00e9<\/strong> a <strong>zinku<\/strong>. Na jedn\u00e9 stran\u011b je zodpov\u011bdn\u00e1 za <strong>intenzivn\u00ed hydrataci pleti<\/strong> d\u00edky schopnosti v\u00e1zat vodu a vytv\u00e1\u0159et ochrannou vrstvu na jej\u00edm povrchu. Na druh\u00e9 stran\u011b zinkov\u00e9 ionty ovliv\u0148uj\u00ed regulaci proces\u016f prob\u00edhaj\u00edc\u00edch v pleti, v\u010detn\u011b <strong>omezen\u00ed nadm\u011brn\u00e9 aktivity mazov\u00fdch \u017el\u00e1z<\/strong> a <strong>zlep\u0161en\u00ed stavu problematick\u00e9 pleti<\/strong>.  <\/p>\n<p>Hyaluron\u00e1t zinku vytv\u00e1\u0159\u00ed na povrchu pleti jemn\u00fd film, kter\u00fd omezuje ztr\u00e1tu vody (TEWL), \u010d\u00edm\u017e zlep\u0161uje elasticitu a vyhlazen\u00ed epidermis. P\u0159\u00edtomnost zinku \u010din\u00ed tuto slo\u017eku obzvl\u00e1\u0161t\u011b cen\u011bnou v p\u0159\u00edpravc\u00edch ur\u010den\u00fdch pro p\u00e9\u010di o mastnou, sm\u00ed\u0161enou a k nedokonalostem n\u00e1chylnou ple\u0165. <\/p>\n<p>Surovina rovn\u011b\u017e vykazuje vlastnosti podporuj\u00edc\u00ed regeneraci pleti a zlep\u0161en\u00ed jej\u00edho celkov\u00e9ho stavu. M\u016f\u017ee b\u00fdt pou\u017eita ve formulac\u00edch zam\u011b\u0159en\u00fdch na <strong>p\u00e9\u010di o citlivou ple\u0165<\/strong>, kter\u00e1 vy\u017eaduje rovnov\u00e1hu mezi hydratac\u00ed a regula\u010dn\u00edm \u00fa\u010dinkem. <\/p>\n<h2>Pou\u017eit\u00ed hyaluron\u00e1tu zinku:<\/h2>\n<p>Hyaluron\u00e1t zinku nach\u00e1z\u00ed uplatn\u011bn\u00ed v \u0161irok\u00e9 \u0161k\u00e1le kosmetick\u00fdch produkt\u016f:<\/p>\n<ul>\n<li>hydrata\u010dn\u00ed kr\u00e9my a s\u00e9ra,<\/li>\n<li>kosmetika pro mastnou a akn\u00f3zn\u00ed ple\u0165,<\/li>\n<li>p\u0159\u00edpravky reguluj\u00edc\u00ed sekreci ko\u017en\u00edho mazu,<\/li>\n<li>dermokosmetika a regenera\u010dn\u00ed produkty,<\/li>\n<li>tonika, emulze a pe\u010duj\u00edc\u00ed gely.<\/li>\n<\/ul>\n<p>D\u00edky <strong>dobr\u00e9 rozpustnosti<\/strong> a stabilit\u011b m\u016f\u017ee b\u00fdt pou\u017eit ve vodn\u00fdch a emulzn\u00edch formulac\u00edch.<\/p>\n","protected":false},"excerpt":{"rendered":"<p><strong>Hyaluron\u00e1t zinku<\/strong> je pokro\u010dil\u00e1 kosmetick\u00e1 surovina, kter\u00e1 je kombinac\u00ed kyseliny hyaluronov\u00e9 s ionty zinku. Spojuje hydrata\u010dn\u00ed a filmotvorn\u00e9 vlastnosti charakteristick\u00e9 pro hyaluron\u00e1t s regula\u010dn\u00edm a ochrann\u00fdm \u00fa\u010dinkem zinku. <\/p>\n","protected":false},"featured_media":48049,"template":"","meta":{"_acf_changed":false},"product_brand":[],"product_cat":[638],"product_tag":[],"class_list":{"0":"post-48048","1":"product","2":"type-product","3":"status-publish","4":"has-post-thumbnail","6":"product_cat-kosmeticke-suroviny","8":"first","9":"instock","10":"shipping-taxable","11":"product-type-simple"},"acf":[],"yoast_head":"<!-- This site is optimized with the Yoast SEO plugin v27.5 - https:\/\/yoast.com\/product\/yoast-seo-wordpress\/ -->\n<title>Hyaluron\u00e1t zinku - Velkoobchodn\u00ed distributor<\/title>\n<meta name=\"description\" content=\"Hyaluron\u00e1t zinku je kombinace kyseliny hyaluronov\u00e9 a zinku s hydrata\u010dn\u00edm a regula\u010dn\u00edm \u00fa\u010dinkem. Kosmetick\u00e1 surovina pro p\u00e9\u010di o mastnou a problematickou ple\u0165.\" \/>\n<meta name=\"robots\" content=\"index, follow, max-snippet:-1, max-image-preview:large, max-video-preview:-1\" \/>\n<link rel=\"canonical\" href=\"https:\/\/naturalpoland.com\/cs\/produkty\/produkty-pro-kosmeticky-prumysl\/kosmeticke-suroviny\/hyaluronat-zinku\/\" \/>\n<meta property=\"og:locale\" content=\"cs_CZ\" \/>\n<meta property=\"og:type\" content=\"article\" \/>\n<meta property=\"og:title\" content=\"Hyaluron\u00e1t zinku - Velkoobchodn\u00ed distributor\" \/>\n<meta property=\"og:description\" content=\"Hyaluron\u00e1t zinku je kombinace kyseliny hyaluronov\u00e9 a zinku s hydrata\u010dn\u00edm a regula\u010dn\u00edm \u00fa\u010dinkem. Kosmetick\u00e1 surovina pro p\u00e9\u010di o mastnou a problematickou ple\u0165.\" \/>\n<meta property=\"og:url\" content=\"https:\/\/naturalpoland.com\/cs\/produkty\/produkty-pro-kosmeticky-prumysl\/kosmeticke-suroviny\/hyaluronat-zinku\/\" \/>\n<meta property=\"og:site_name\" content=\"NATURAL POLAND - Velkoobchodn\u00ed distributor surovin\" \/>\n<meta property=\"article:publisher\" content=\"https:\/\/www.facebook.com\/naturalpoland.b2b\" \/>\n<meta property=\"article:modified_time\" content=\"2026-04-28T10:36:48+00:00\" \/>\n<meta property=\"og:image\" content=\"https:\/\/naturalpoland.com\/wp-content\/uploads\/hialuronian-cynku.png\" \/>\n\t<meta property=\"og:image:width\" content=\"1024\" \/>\n\t<meta property=\"og:image:height\" content=\"1024\" \/>\n\t<meta property=\"og:image:type\" content=\"image\/png\" \/>\n<script type=\"application\/ld+json\" class=\"yoast-schema-graph\">{\"@context\":\"https:\\\/\\\/schema.org\",\"@graph\":[{\"@type\":\"WebPage\",\"@id\":\"https:\\\/\\\/naturalpoland.com\\\/cs\\\/produkty\\\/produkty-pro-kosmeticky-prumysl\\\/kosmeticke-suroviny\\\/hyaluronat-zinku\\\/\",\"url\":\"https:\\\/\\\/naturalpoland.com\\\/cs\\\/produkty\\\/produkty-pro-kosmeticky-prumysl\\\/kosmeticke-suroviny\\\/hyaluronat-zinku\\\/\",\"name\":\"Hyaluron\u00e1t zinku - Velkoobchodn\u00ed distributor\",\"isPartOf\":{\"@id\":\"https:\\\/\\\/naturalpoland.com\\\/cs\\\/#website\"},\"primaryImageOfPage\":{\"@id\":\"https:\\\/\\\/naturalpoland.com\\\/cs\\\/produkty\\\/produkty-pro-kosmeticky-prumysl\\\/kosmeticke-suroviny\\\/hyaluronat-zinku\\\/#primaryimage\"},\"image\":{\"@id\":\"https:\\\/\\\/naturalpoland.com\\\/cs\\\/produkty\\\/produkty-pro-kosmeticky-prumysl\\\/kosmeticke-suroviny\\\/hyaluronat-zinku\\\/#primaryimage\"},\"thumbnailUrl\":\"https:\\\/\\\/naturalpoland.com\\\/wp-content\\\/uploads\\\/hialuronian-cynku.png\",\"datePublished\":\"2026-04-03T12:03:58+00:00\",\"dateModified\":\"2026-04-28T10:36:48+00:00\",\"description\":\"Hyaluron\u00e1t zinku je kombinace kyseliny hyaluronov\u00e9 a zinku s hydrata\u010dn\u00edm a regula\u010dn\u00edm \u00fa\u010dinkem. Kosmetick\u00e1 surovina pro p\u00e9\u010di o mastnou a problematickou ple\u0165.\",\"breadcrumb\":{\"@id\":\"https:\\\/\\\/naturalpoland.com\\\/cs\\\/produkty\\\/produkty-pro-kosmeticky-prumysl\\\/kosmeticke-suroviny\\\/hyaluronat-zinku\\\/#breadcrumb\"},\"inLanguage\":\"cs\",\"potentialAction\":[{\"@type\":\"ReadAction\",\"target\":[\"https:\\\/\\\/naturalpoland.com\\\/cs\\\/produkty\\\/produkty-pro-kosmeticky-prumysl\\\/kosmeticke-suroviny\\\/hyaluronat-zinku\\\/\"]}]},{\"@type\":\"ImageObject\",\"inLanguage\":\"cs\",\"@id\":\"https:\\\/\\\/naturalpoland.com\\\/cs\\\/produkty\\\/produkty-pro-kosmeticky-prumysl\\\/kosmeticke-suroviny\\\/hyaluronat-zinku\\\/#primaryimage\",\"url\":\"https:\\\/\\\/naturalpoland.com\\\/wp-content\\\/uploads\\\/hialuronian-cynku.png\",\"contentUrl\":\"https:\\\/\\\/naturalpoland.com\\\/wp-content\\\/uploads\\\/hialuronian-cynku.png\",\"width\":1024,\"height\":1024,\"caption\":\"hyaluron\u00e1t zinku\"},{\"@type\":\"BreadcrumbList\",\"@id\":\"https:\\\/\\\/naturalpoland.com\\\/cs\\\/produkty\\\/produkty-pro-kosmeticky-prumysl\\\/kosmeticke-suroviny\\\/hyaluronat-zinku\\\/#breadcrumb\",\"itemListElement\":[{\"@type\":\"ListItem\",\"position\":1,\"name\":\"Dom\u016f\",\"item\":\"https:\\\/\\\/naturalpoland.com\\\/cs\\\/\"},{\"@type\":\"ListItem\",\"position\":2,\"name\":\"Produkty\",\"item\":\"https:\\\/\\\/naturalpoland.com\\\/cs\\\/produkty\\\/\"},{\"@type\":\"ListItem\",\"position\":3,\"name\":\"Hyaluron\u00e1t zinku\"}]},{\"@type\":\"WebSite\",\"@id\":\"https:\\\/\\\/naturalpoland.com\\\/cs\\\/#website\",\"url\":\"https:\\\/\\\/naturalpoland.com\\\/cs\\\/\",\"name\":\"NATURAL POLAND - Velkoobchodn\u00ed distributor surovin\",\"description\":\"Surowce dla przemys\u0142u spo\u017cywczego, kosmetycznego i farmaceutycznego\",\"publisher\":{\"@id\":\"https:\\\/\\\/naturalpoland.com\\\/cs\\\/#organization\"},\"potentialAction\":[{\"@type\":\"SearchAction\",\"target\":{\"@type\":\"EntryPoint\",\"urlTemplate\":\"https:\\\/\\\/naturalpoland.com\\\/cs\\\/?s={search_term_string}\"},\"query-input\":{\"@type\":\"PropertyValueSpecification\",\"valueRequired\":true,\"valueName\":\"search_term_string\"}}],\"inLanguage\":\"cs\"},{\"@type\":\"Organization\",\"@id\":\"https:\\\/\\\/naturalpoland.com\\\/cs\\\/#organization\",\"name\":\"Natural Poland\",\"url\":\"https:\\\/\\\/naturalpoland.com\\\/cs\\\/\",\"logo\":{\"@type\":\"ImageObject\",\"inLanguage\":\"cs\",\"@id\":\"https:\\\/\\\/naturalpoland.com\\\/cs\\\/#\\\/schema\\\/logo\\\/image\\\/\",\"url\":\"https:\\\/\\\/naturalpoland.com\\\/wp-content\\\/uploads\\\/2021\\\/05\\\/natural-poland-icon.png\",\"contentUrl\":\"https:\\\/\\\/naturalpoland.com\\\/wp-content\\\/uploads\\\/2021\\\/05\\\/natural-poland-icon.png\",\"width\":512,\"height\":512,\"caption\":\"Natural Poland\"},\"image\":{\"@id\":\"https:\\\/\\\/naturalpoland.com\\\/cs\\\/#\\\/schema\\\/logo\\\/image\\\/\"},\"sameAs\":[\"https:\\\/\\\/www.facebook.com\\\/naturalpoland.b2b\",\"https:\\\/\\\/pl.linkedin.com\\\/company\\\/natural-poland\",\"https:\\\/\\\/www.youtube.com\\\/channel\\\/UCgeGGkvOMahZo-xu_MSEWxg\"]}]}<\/script>\n<!-- \/ Yoast SEO plugin. -->","yoast_head_json":{"title":"Hyaluron\u00e1t zinku - Velkoobchodn\u00ed distributor","description":"Hyaluron\u00e1t zinku je kombinace kyseliny hyaluronov\u00e9 a zinku s hydrata\u010dn\u00edm a regula\u010dn\u00edm \u00fa\u010dinkem. Kosmetick\u00e1 surovina pro p\u00e9\u010di o mastnou a problematickou ple\u0165.","robots":{"index":"index","follow":"follow","max-snippet":"max-snippet:-1","max-image-preview":"max-image-preview:large","max-video-preview":"max-video-preview:-1"},"canonical":"https:\/\/naturalpoland.com\/cs\/produkty\/produkty-pro-kosmeticky-prumysl\/kosmeticke-suroviny\/hyaluronat-zinku\/","og_locale":"cs_CZ","og_type":"article","og_title":"Hyaluron\u00e1t zinku - Velkoobchodn\u00ed distributor","og_description":"Hyaluron\u00e1t zinku je kombinace kyseliny hyaluronov\u00e9 a zinku s hydrata\u010dn\u00edm a regula\u010dn\u00edm \u00fa\u010dinkem. Kosmetick\u00e1 surovina pro p\u00e9\u010di o mastnou a problematickou ple\u0165.","og_url":"https:\/\/naturalpoland.com\/cs\/produkty\/produkty-pro-kosmeticky-prumysl\/kosmeticke-suroviny\/hyaluronat-zinku\/","og_site_name":"NATURAL POLAND - Velkoobchodn\u00ed distributor surovin","article_publisher":"https:\/\/www.facebook.com\/naturalpoland.b2b","article_modified_time":"2026-04-28T10:36:48+00:00","og_image":[{"width":1024,"height":1024,"url":"https:\/\/naturalpoland.com\/wp-content\/uploads\/hialuronian-cynku.png","type":"image\/png"}],"schema":{"@context":"https:\/\/schema.org","@graph":[{"@type":"WebPage","@id":"https:\/\/naturalpoland.com\/cs\/produkty\/produkty-pro-kosmeticky-prumysl\/kosmeticke-suroviny\/hyaluronat-zinku\/","url":"https:\/\/naturalpoland.com\/cs\/produkty\/produkty-pro-kosmeticky-prumysl\/kosmeticke-suroviny\/hyaluronat-zinku\/","name":"Hyaluron\u00e1t zinku - Velkoobchodn\u00ed distributor","isPartOf":{"@id":"https:\/\/naturalpoland.com\/cs\/#website"},"primaryImageOfPage":{"@id":"https:\/\/naturalpoland.com\/cs\/produkty\/produkty-pro-kosmeticky-prumysl\/kosmeticke-suroviny\/hyaluronat-zinku\/#primaryimage"},"image":{"@id":"https:\/\/naturalpoland.com\/cs\/produkty\/produkty-pro-kosmeticky-prumysl\/kosmeticke-suroviny\/hyaluronat-zinku\/#primaryimage"},"thumbnailUrl":"https:\/\/naturalpoland.com\/wp-content\/uploads\/hialuronian-cynku.png","datePublished":"2026-04-03T12:03:58+00:00","dateModified":"2026-04-28T10:36:48+00:00","description":"Hyaluron\u00e1t zinku je kombinace kyseliny hyaluronov\u00e9 a zinku s hydrata\u010dn\u00edm a regula\u010dn\u00edm \u00fa\u010dinkem. Kosmetick\u00e1 surovina pro p\u00e9\u010di o mastnou a problematickou ple\u0165.","breadcrumb":{"@id":"https:\/\/naturalpoland.com\/cs\/produkty\/produkty-pro-kosmeticky-prumysl\/kosmeticke-suroviny\/hyaluronat-zinku\/#breadcrumb"},"inLanguage":"cs","potentialAction":[{"@type":"ReadAction","target":["https:\/\/naturalpoland.com\/cs\/produkty\/produkty-pro-kosmeticky-prumysl\/kosmeticke-suroviny\/hyaluronat-zinku\/"]}]},{"@type":"ImageObject","inLanguage":"cs","@id":"https:\/\/naturalpoland.com\/cs\/produkty\/produkty-pro-kosmeticky-prumysl\/kosmeticke-suroviny\/hyaluronat-zinku\/#primaryimage","url":"https:\/\/naturalpoland.com\/wp-content\/uploads\/hialuronian-cynku.png","contentUrl":"https:\/\/naturalpoland.com\/wp-content\/uploads\/hialuronian-cynku.png","width":1024,"height":1024,"caption":"hyaluron\u00e1t zinku"},{"@type":"BreadcrumbList","@id":"https:\/\/naturalpoland.com\/cs\/produkty\/produkty-pro-kosmeticky-prumysl\/kosmeticke-suroviny\/hyaluronat-zinku\/#breadcrumb","itemListElement":[{"@type":"ListItem","position":1,"name":"Dom\u016f","item":"https:\/\/naturalpoland.com\/cs\/"},{"@type":"ListItem","position":2,"name":"Produkty","item":"https:\/\/naturalpoland.com\/cs\/produkty\/"},{"@type":"ListItem","position":3,"name":"Hyaluron\u00e1t zinku"}]},{"@type":"WebSite","@id":"https:\/\/naturalpoland.com\/cs\/#website","url":"https:\/\/naturalpoland.com\/cs\/","name":"NATURAL POLAND - Velkoobchodn\u00ed distributor surovin","description":"Surowce dla przemys\u0142u spo\u017cywczego, kosmetycznego i farmaceutycznego","publisher":{"@id":"https:\/\/naturalpoland.com\/cs\/#organization"},"potentialAction":[{"@type":"SearchAction","target":{"@type":"EntryPoint","urlTemplate":"https:\/\/naturalpoland.com\/cs\/?s={search_term_string}"},"query-input":{"@type":"PropertyValueSpecification","valueRequired":true,"valueName":"search_term_string"}}],"inLanguage":"cs"},{"@type":"Organization","@id":"https:\/\/naturalpoland.com\/cs\/#organization","name":"Natural Poland","url":"https:\/\/naturalpoland.com\/cs\/","logo":{"@type":"ImageObject","inLanguage":"cs","@id":"https:\/\/naturalpoland.com\/cs\/#\/schema\/logo\/image\/","url":"https:\/\/naturalpoland.com\/wp-content\/uploads\/2021\/05\/natural-poland-icon.png","contentUrl":"https:\/\/naturalpoland.com\/wp-content\/uploads\/2021\/05\/natural-poland-icon.png","width":512,"height":512,"caption":"Natural Poland"},"image":{"@id":"https:\/\/naturalpoland.com\/cs\/#\/schema\/logo\/image\/"},"sameAs":["https:\/\/www.facebook.com\/naturalpoland.b2b","https:\/\/pl.linkedin.com\/company\/natural-poland","https:\/\/www.youtube.com\/channel\/UCgeGGkvOMahZo-xu_MSEWxg"]}]}},"_links":{"self":[{"href":"https:\/\/naturalpoland.com\/cs\/wp-json\/wp\/v2\/product\/48048","targetHints":{"allow":["GET"]}}],"collection":[{"href":"https:\/\/naturalpoland.com\/cs\/wp-json\/wp\/v2\/product"}],"about":[{"href":"https:\/\/naturalpoland.com\/cs\/wp-json\/wp\/v2\/types\/product"}],"wp:featuredmedia":[{"embeddable":true,"href":"https:\/\/naturalpoland.com\/cs\/wp-json\/wp\/v2\/media\/48049"}],"wp:attachment":[{"href":"https:\/\/naturalpoland.com\/cs\/wp-json\/wp\/v2\/media?parent=48048"}],"wp:term":[{"taxonomy":"product_brand","embeddable":true,"href":"https:\/\/naturalpoland.com\/cs\/wp-json\/wp\/v2\/product_brand?post=48048"},{"taxonomy":"product_cat","embeddable":true,"href":"https:\/\/naturalpoland.com\/cs\/wp-json\/wp\/v2\/product_cat?post=48048"},{"taxonomy":"product_tag","embeddable":true,"href":"https:\/\/naturalpoland.com\/cs\/wp-json\/wp\/v2\/product_tag?post=48048"}],"curies":[{"name":"wp","href":"https:\/\/api.w.org\/{rel}","templated":true}]}}