{"id":48084,"date":"2026-04-03T13:44:25","date_gmt":"2026-04-03T11:44:25","guid":{"rendered":"https:\/\/naturalpoland.com\/produkty\/nezarazene\/mleta-zelena-kava\/"},"modified":"2026-04-28T13:00:44","modified_gmt":"2026-04-28T11:00:44","slug":"mleta-zelena-kava","status":"publish","type":"product","link":"https:\/\/naturalpoland.com\/cs\/produkty\/rostlinne-produkty\/mleta-zelena-kava\/","title":{"rendered":"Mlet\u00e1 zelen\u00e1 k\u00e1va"},"content":{"rendered":"<h2>Vlastnosti a \u00fa\u010dinky mlet\u00e9 zelen\u00e9 k\u00e1vy:<\/h2>\n<p>Mlet\u00e1 zelen\u00e1 k\u00e1va m\u00e1 podobu jemn\u00e9ho pr\u00e1\u0161ku \u0161edozelen\u00e9 barvy a charakteristick\u00e9 v\u016fn\u011b. Surovina je vyr\u00e1b\u011bna v Polsku ze zrn poch\u00e1zej\u00edc\u00edch z Braz\u00edlie. <\/p>\n<p>Surovina obsahuje p\u0159\u00edrodn\u00ed bioaktivn\u00ed slou\u010deniny, zejm\u00e9na <strong>kyseliny chlorogenov\u00e9<\/strong> a <strong>kofein<\/strong>, vyu\u017e\u00edvan\u00e9 v produktech zam\u011b\u0159en\u00fdch na energetick\u00fd metabolismus.<\/p>\n<p><strong>Kyselina chlorogenov\u00e1<\/strong> pat\u0159\u00ed do skupiny polyfenol\u016f a vykazuje antioxida\u010dn\u00ed vlastnosti. V dopl\u0148c\u00edch stravy podporuje metabolismus gluk\u00f3zy a lipid\u016f. <\/p>\n<p>V kosmetice m\u00e1 mlet\u00e1 zelen\u00e1 k\u00e1va zpev\u0148uj\u00edc\u00ed a vyhlazuj\u00edc\u00ed \u00fa\u010dinky. D\u00edky kofeinu je tato surovina vyu\u017e\u00edv\u00e1na v p\u0159\u00edpravc\u00edch ur\u010den\u00fdch pro p\u00e9\u010di o poko\u017eku vy\u017eaduj\u00edc\u00ed zlep\u0161en\u00ed tonusu a v anticelulitidov\u00fdch produktech. Antioxida\u010dn\u00ed vlastnosti nav\u00edc podporuj\u00ed ochranu poko\u017eky p\u0159ed environment\u00e1ln\u00edmi faktory.  <\/p>\n<p>Surovina m\u016f\u017ee tak\u00e9 slou\u017eit jako exfolia\u010dn\u00ed slo\u017eka v mechanick\u00fdch peelingech, podporuj\u00edc\u00ed odstran\u011bn\u00ed odum\u0159el\u00fdch ko\u017en\u00edch bun\u011bk a zlep\u0161en\u00ed vzhledu poko\u017eky.<\/p>\n<h2>Pou\u017eit\u00ed mlet\u00e9 zelen\u00e9 k\u00e1vy:<\/h2>\n<p>Mlet\u00e1 zelen\u00e1 k\u00e1va nach\u00e1z\u00ed uplatn\u011bn\u00ed v:<\/p>\n<ul>\n<li>dopl\u0148c\u00edch stravy (produkty podporuj\u00edc\u00ed metabolismus),<\/li>\n<li>funk\u010dn\u00edch potravin\u00e1ch a n\u00e1poj\u00edch,<\/li>\n<li>anticelulitidov\u00e9 a zpev\u0148uj\u00edc\u00ed kosmetice,<\/li>\n<li>peelingech a exfolia\u010dn\u00edch produktech,<\/li>\n<li>p\u0159\u00edrodn\u00ed a rostlinn\u00e9 kosmetice.<\/li>\n<\/ul>\n<p>D\u00edky sv\u00e9 pr\u00e1\u0161kov\u00e9 form\u011b m\u016f\u017ee b\u00fdt snadno za\u010dlen\u011bna do such\u00fdch a polotuh\u00fdch formulac\u00ed.<\/p>\n","protected":false},"excerpt":{"rendered":"<p><strong>Mlet\u00e1 zelen\u00e1 k\u00e1va<\/strong> se z\u00edsk\u00e1v\u00e1 z nepra\u017een\u00fdch k\u00e1vov\u00fdch zrn <em>Coffea arabica<\/em>. Na rozd\u00edl od pra\u017een\u00e9 k\u00e1vy si zachov\u00e1v\u00e1 p\u0159irozen\u00fd profil aktivn\u00edch slo\u017eek p\u0159\u00edtomn\u00fdch v surovin\u011b. Surovina je ur\u010dena pro pou\u017eit\u00ed v dopl\u0148c\u00edch stravy a v kosmetice.  <\/p>\n","protected":false},"featured_media":48085,"template":"","meta":{"_acf_changed":false},"product_brand":[],"product_cat":[642],"product_tag":[],"class_list":{"0":"post-48084","1":"product","2":"type-product","3":"status-publish","4":"has-post-thumbnail","6":"product_cat-rostlinne-produkty","8":"first","9":"instock","10":"shipping-taxable","11":"product-type-simple"},"acf":[],"yoast_head":"<!-- This site is optimized with the Yoast SEO plugin v27.5 - https:\/\/yoast.com\/product\/yoast-seo-wordpress\/ -->\n<title>Mlet\u00e1 zelen\u00e1 k\u00e1va - Velkoobchodn\u00ed distributor<\/title>\n<meta name=\"description\" content=\"Mlet\u00e1 zelen\u00e1 k\u00e1va (Coffea arabica) bohat\u00e1 na kofein a polyfenoly; pou\u017e\u00edvan\u00e1 v dopl\u0148c\u00edch stravy, anticelulitidov\u00e9 kosmetice a funk\u010dn\u00edch produktech\" \/>\n<meta name=\"robots\" content=\"index, follow, max-snippet:-1, max-image-preview:large, max-video-preview:-1\" \/>\n<link rel=\"canonical\" href=\"https:\/\/naturalpoland.com\/cs\/produkty\/rostlinne-produkty\/mleta-zelena-kava\/\" \/>\n<meta property=\"og:locale\" content=\"cs_CZ\" \/>\n<meta property=\"og:type\" content=\"article\" \/>\n<meta property=\"og:title\" content=\"Mlet\u00e1 zelen\u00e1 k\u00e1va - Velkoobchodn\u00ed distributor\" \/>\n<meta property=\"og:description\" content=\"Mlet\u00e1 zelen\u00e1 k\u00e1va (Coffea arabica) bohat\u00e1 na kofein a polyfenoly; pou\u017e\u00edvan\u00e1 v dopl\u0148c\u00edch stravy, anticelulitidov\u00e9 kosmetice a funk\u010dn\u00edch produktech\" \/>\n<meta property=\"og:url\" content=\"https:\/\/naturalpoland.com\/cs\/produkty\/rostlinne-produkty\/mleta-zelena-kava\/\" \/>\n<meta property=\"og:site_name\" content=\"NATURAL POLAND - Velkoobchodn\u00ed distributor surovin\" \/>\n<meta property=\"article:publisher\" content=\"https:\/\/www.facebook.com\/naturalpoland.b2b\" \/>\n<meta property=\"article:modified_time\" content=\"2026-04-28T11:00:44+00:00\" \/>\n<meta property=\"og:image\" content=\"https:\/\/naturalpoland.com\/wp-content\/uploads\/mielona-kawa-zielona.png\" \/>\n\t<meta property=\"og:image:width\" content=\"1024\" \/>\n\t<meta property=\"og:image:height\" content=\"1024\" \/>\n\t<meta property=\"og:image:type\" content=\"image\/png\" \/>\n<script type=\"application\/ld+json\" class=\"yoast-schema-graph\">{\"@context\":\"https:\\\/\\\/schema.org\",\"@graph\":[{\"@type\":\"WebPage\",\"@id\":\"https:\\\/\\\/naturalpoland.com\\\/cs\\\/produkty\\\/rostlinne-produkty\\\/mleta-zelena-kava\\\/\",\"url\":\"https:\\\/\\\/naturalpoland.com\\\/cs\\\/produkty\\\/rostlinne-produkty\\\/mleta-zelena-kava\\\/\",\"name\":\"Mlet\u00e1 zelen\u00e1 k\u00e1va - Velkoobchodn\u00ed distributor\",\"isPartOf\":{\"@id\":\"https:\\\/\\\/naturalpoland.com\\\/cs\\\/#website\"},\"primaryImageOfPage\":{\"@id\":\"https:\\\/\\\/naturalpoland.com\\\/cs\\\/produkty\\\/rostlinne-produkty\\\/mleta-zelena-kava\\\/#primaryimage\"},\"image\":{\"@id\":\"https:\\\/\\\/naturalpoland.com\\\/cs\\\/produkty\\\/rostlinne-produkty\\\/mleta-zelena-kava\\\/#primaryimage\"},\"thumbnailUrl\":\"https:\\\/\\\/naturalpoland.com\\\/wp-content\\\/uploads\\\/mielona-kawa-zielona.png\",\"datePublished\":\"2026-04-03T11:44:25+00:00\",\"dateModified\":\"2026-04-28T11:00:44+00:00\",\"description\":\"Mlet\u00e1 zelen\u00e1 k\u00e1va (Coffea arabica) bohat\u00e1 na kofein a polyfenoly; pou\u017e\u00edvan\u00e1 v dopl\u0148c\u00edch stravy, anticelulitidov\u00e9 kosmetice a funk\u010dn\u00edch produktech\",\"breadcrumb\":{\"@id\":\"https:\\\/\\\/naturalpoland.com\\\/cs\\\/produkty\\\/rostlinne-produkty\\\/mleta-zelena-kava\\\/#breadcrumb\"},\"inLanguage\":\"cs\",\"potentialAction\":[{\"@type\":\"ReadAction\",\"target\":[\"https:\\\/\\\/naturalpoland.com\\\/cs\\\/produkty\\\/rostlinne-produkty\\\/mleta-zelena-kava\\\/\"]}]},{\"@type\":\"ImageObject\",\"inLanguage\":\"cs\",\"@id\":\"https:\\\/\\\/naturalpoland.com\\\/cs\\\/produkty\\\/rostlinne-produkty\\\/mleta-zelena-kava\\\/#primaryimage\",\"url\":\"https:\\\/\\\/naturalpoland.com\\\/wp-content\\\/uploads\\\/mielona-kawa-zielona.png\",\"contentUrl\":\"https:\\\/\\\/naturalpoland.com\\\/wp-content\\\/uploads\\\/mielona-kawa-zielona.png\",\"width\":1024,\"height\":1024,\"caption\":\"mlet\u00e1 zelen\u00e1 k\u00e1va\"},{\"@type\":\"BreadcrumbList\",\"@id\":\"https:\\\/\\\/naturalpoland.com\\\/cs\\\/produkty\\\/rostlinne-produkty\\\/mleta-zelena-kava\\\/#breadcrumb\",\"itemListElement\":[{\"@type\":\"ListItem\",\"position\":1,\"name\":\"Dom\u016f\",\"item\":\"https:\\\/\\\/naturalpoland.com\\\/cs\\\/\"},{\"@type\":\"ListItem\",\"position\":2,\"name\":\"Produkty\",\"item\":\"https:\\\/\\\/naturalpoland.com\\\/cs\\\/produkty\\\/\"},{\"@type\":\"ListItem\",\"position\":3,\"name\":\"Mlet\u00e1 zelen\u00e1 k\u00e1va\"}]},{\"@type\":\"WebSite\",\"@id\":\"https:\\\/\\\/naturalpoland.com\\\/cs\\\/#website\",\"url\":\"https:\\\/\\\/naturalpoland.com\\\/cs\\\/\",\"name\":\"NATURAL POLAND - Velkoobchodn\u00ed distributor surovin\",\"description\":\"Surowce dla przemys\u0142u spo\u017cywczego, kosmetycznego i farmaceutycznego\",\"publisher\":{\"@id\":\"https:\\\/\\\/naturalpoland.com\\\/cs\\\/#organization\"},\"potentialAction\":[{\"@type\":\"SearchAction\",\"target\":{\"@type\":\"EntryPoint\",\"urlTemplate\":\"https:\\\/\\\/naturalpoland.com\\\/cs\\\/?s={search_term_string}\"},\"query-input\":{\"@type\":\"PropertyValueSpecification\",\"valueRequired\":true,\"valueName\":\"search_term_string\"}}],\"inLanguage\":\"cs\"},{\"@type\":\"Organization\",\"@id\":\"https:\\\/\\\/naturalpoland.com\\\/cs\\\/#organization\",\"name\":\"Natural Poland\",\"url\":\"https:\\\/\\\/naturalpoland.com\\\/cs\\\/\",\"logo\":{\"@type\":\"ImageObject\",\"inLanguage\":\"cs\",\"@id\":\"https:\\\/\\\/naturalpoland.com\\\/cs\\\/#\\\/schema\\\/logo\\\/image\\\/\",\"url\":\"https:\\\/\\\/naturalpoland.com\\\/wp-content\\\/uploads\\\/2021\\\/05\\\/natural-poland-icon.png\",\"contentUrl\":\"https:\\\/\\\/naturalpoland.com\\\/wp-content\\\/uploads\\\/2021\\\/05\\\/natural-poland-icon.png\",\"width\":512,\"height\":512,\"caption\":\"Natural Poland\"},\"image\":{\"@id\":\"https:\\\/\\\/naturalpoland.com\\\/cs\\\/#\\\/schema\\\/logo\\\/image\\\/\"},\"sameAs\":[\"https:\\\/\\\/www.facebook.com\\\/naturalpoland.b2b\",\"https:\\\/\\\/pl.linkedin.com\\\/company\\\/natural-poland\",\"https:\\\/\\\/www.youtube.com\\\/channel\\\/UCgeGGkvOMahZo-xu_MSEWxg\"]}]}<\/script>\n<!-- \/ Yoast SEO plugin. -->","yoast_head_json":{"title":"Mlet\u00e1 zelen\u00e1 k\u00e1va - Velkoobchodn\u00ed distributor","description":"Mlet\u00e1 zelen\u00e1 k\u00e1va (Coffea arabica) bohat\u00e1 na kofein a polyfenoly; pou\u017e\u00edvan\u00e1 v dopl\u0148c\u00edch stravy, anticelulitidov\u00e9 kosmetice a funk\u010dn\u00edch produktech","robots":{"index":"index","follow":"follow","max-snippet":"max-snippet:-1","max-image-preview":"max-image-preview:large","max-video-preview":"max-video-preview:-1"},"canonical":"https:\/\/naturalpoland.com\/cs\/produkty\/rostlinne-produkty\/mleta-zelena-kava\/","og_locale":"cs_CZ","og_type":"article","og_title":"Mlet\u00e1 zelen\u00e1 k\u00e1va - Velkoobchodn\u00ed distributor","og_description":"Mlet\u00e1 zelen\u00e1 k\u00e1va (Coffea arabica) bohat\u00e1 na kofein a polyfenoly; pou\u017e\u00edvan\u00e1 v dopl\u0148c\u00edch stravy, anticelulitidov\u00e9 kosmetice a funk\u010dn\u00edch produktech","og_url":"https:\/\/naturalpoland.com\/cs\/produkty\/rostlinne-produkty\/mleta-zelena-kava\/","og_site_name":"NATURAL POLAND - Velkoobchodn\u00ed distributor surovin","article_publisher":"https:\/\/www.facebook.com\/naturalpoland.b2b","article_modified_time":"2026-04-28T11:00:44+00:00","og_image":[{"width":1024,"height":1024,"url":"https:\/\/naturalpoland.com\/wp-content\/uploads\/mielona-kawa-zielona.png","type":"image\/png"}],"schema":{"@context":"https:\/\/schema.org","@graph":[{"@type":"WebPage","@id":"https:\/\/naturalpoland.com\/cs\/produkty\/rostlinne-produkty\/mleta-zelena-kava\/","url":"https:\/\/naturalpoland.com\/cs\/produkty\/rostlinne-produkty\/mleta-zelena-kava\/","name":"Mlet\u00e1 zelen\u00e1 k\u00e1va - Velkoobchodn\u00ed distributor","isPartOf":{"@id":"https:\/\/naturalpoland.com\/cs\/#website"},"primaryImageOfPage":{"@id":"https:\/\/naturalpoland.com\/cs\/produkty\/rostlinne-produkty\/mleta-zelena-kava\/#primaryimage"},"image":{"@id":"https:\/\/naturalpoland.com\/cs\/produkty\/rostlinne-produkty\/mleta-zelena-kava\/#primaryimage"},"thumbnailUrl":"https:\/\/naturalpoland.com\/wp-content\/uploads\/mielona-kawa-zielona.png","datePublished":"2026-04-03T11:44:25+00:00","dateModified":"2026-04-28T11:00:44+00:00","description":"Mlet\u00e1 zelen\u00e1 k\u00e1va (Coffea arabica) bohat\u00e1 na kofein a polyfenoly; pou\u017e\u00edvan\u00e1 v dopl\u0148c\u00edch stravy, anticelulitidov\u00e9 kosmetice a funk\u010dn\u00edch produktech","breadcrumb":{"@id":"https:\/\/naturalpoland.com\/cs\/produkty\/rostlinne-produkty\/mleta-zelena-kava\/#breadcrumb"},"inLanguage":"cs","potentialAction":[{"@type":"ReadAction","target":["https:\/\/naturalpoland.com\/cs\/produkty\/rostlinne-produkty\/mleta-zelena-kava\/"]}]},{"@type":"ImageObject","inLanguage":"cs","@id":"https:\/\/naturalpoland.com\/cs\/produkty\/rostlinne-produkty\/mleta-zelena-kava\/#primaryimage","url":"https:\/\/naturalpoland.com\/wp-content\/uploads\/mielona-kawa-zielona.png","contentUrl":"https:\/\/naturalpoland.com\/wp-content\/uploads\/mielona-kawa-zielona.png","width":1024,"height":1024,"caption":"mlet\u00e1 zelen\u00e1 k\u00e1va"},{"@type":"BreadcrumbList","@id":"https:\/\/naturalpoland.com\/cs\/produkty\/rostlinne-produkty\/mleta-zelena-kava\/#breadcrumb","itemListElement":[{"@type":"ListItem","position":1,"name":"Dom\u016f","item":"https:\/\/naturalpoland.com\/cs\/"},{"@type":"ListItem","position":2,"name":"Produkty","item":"https:\/\/naturalpoland.com\/cs\/produkty\/"},{"@type":"ListItem","position":3,"name":"Mlet\u00e1 zelen\u00e1 k\u00e1va"}]},{"@type":"WebSite","@id":"https:\/\/naturalpoland.com\/cs\/#website","url":"https:\/\/naturalpoland.com\/cs\/","name":"NATURAL POLAND - Velkoobchodn\u00ed distributor surovin","description":"Surowce dla przemys\u0142u spo\u017cywczego, kosmetycznego i farmaceutycznego","publisher":{"@id":"https:\/\/naturalpoland.com\/cs\/#organization"},"potentialAction":[{"@type":"SearchAction","target":{"@type":"EntryPoint","urlTemplate":"https:\/\/naturalpoland.com\/cs\/?s={search_term_string}"},"query-input":{"@type":"PropertyValueSpecification","valueRequired":true,"valueName":"search_term_string"}}],"inLanguage":"cs"},{"@type":"Organization","@id":"https:\/\/naturalpoland.com\/cs\/#organization","name":"Natural Poland","url":"https:\/\/naturalpoland.com\/cs\/","logo":{"@type":"ImageObject","inLanguage":"cs","@id":"https:\/\/naturalpoland.com\/cs\/#\/schema\/logo\/image\/","url":"https:\/\/naturalpoland.com\/wp-content\/uploads\/2021\/05\/natural-poland-icon.png","contentUrl":"https:\/\/naturalpoland.com\/wp-content\/uploads\/2021\/05\/natural-poland-icon.png","width":512,"height":512,"caption":"Natural Poland"},"image":{"@id":"https:\/\/naturalpoland.com\/cs\/#\/schema\/logo\/image\/"},"sameAs":["https:\/\/www.facebook.com\/naturalpoland.b2b","https:\/\/pl.linkedin.com\/company\/natural-poland","https:\/\/www.youtube.com\/channel\/UCgeGGkvOMahZo-xu_MSEWxg"]}]}},"_links":{"self":[{"href":"https:\/\/naturalpoland.com\/cs\/wp-json\/wp\/v2\/product\/48084","targetHints":{"allow":["GET"]}}],"collection":[{"href":"https:\/\/naturalpoland.com\/cs\/wp-json\/wp\/v2\/product"}],"about":[{"href":"https:\/\/naturalpoland.com\/cs\/wp-json\/wp\/v2\/types\/product"}],"wp:featuredmedia":[{"embeddable":true,"href":"https:\/\/naturalpoland.com\/cs\/wp-json\/wp\/v2\/media\/48085"}],"wp:attachment":[{"href":"https:\/\/naturalpoland.com\/cs\/wp-json\/wp\/v2\/media?parent=48084"}],"wp:term":[{"taxonomy":"product_brand","embeddable":true,"href":"https:\/\/naturalpoland.com\/cs\/wp-json\/wp\/v2\/product_brand?post=48084"},{"taxonomy":"product_cat","embeddable":true,"href":"https:\/\/naturalpoland.com\/cs\/wp-json\/wp\/v2\/product_cat?post=48084"},{"taxonomy":"product_tag","embeddable":true,"href":"https:\/\/naturalpoland.com\/cs\/wp-json\/wp\/v2\/product_tag?post=48084"}],"curies":[{"name":"wp","href":"https:\/\/api.w.org\/{rel}","templated":true}]}}