{"id":5216,"date":"2021-05-11T13:47:46","date_gmt":"2021-05-11T11:47:46","guid":{"rendered":"https:\/\/naturalpoland.pl\/produkty\/nezarazene\/melatonin\/"},"modified":"2025-07-31T12:08:50","modified_gmt":"2025-07-31T10:08:50","slug":"melatonina","status":"publish","type":"product","link":"https:\/\/naturalpoland.com\/cs\/produkty\/produkty-pro-farmaceuticky-a-zdravotnicky-prumysl\/pridavky-k-doplnkum-stravy\/melatonina\/","title":{"rendered":"Melatonin"},"content":{"rendered":"<h2>Jak melatonin funguje?<\/h2>\n<p>Melatonin p\u016fsob\u00ed p\u0159edev\u0161\u00edm tak, \u017ee synchronizuje biologick\u00e9 hodiny organismu s cyklem dne a noci. Hladina melatoninu v krvi stoup\u00e1 po setm\u011bn\u00ed, \u010d\u00edm\u017e signalizuje t\u011blu \u010das na sp\u00e1nek, a r\u00e1no kles\u00e1, aby t\u011blo p\u0159ipravila na denn\u00ed aktivitu. Tento hormon nejen zlep\u0161uje kvalitu sp\u00e1nku, ale tak\u00e9 sni\u017euje po\u010det no\u010dn\u00edch probuzen\u00ed. Pou\u017e\u00edv\u00e1 se v boji proti nespavosti a k regulaci sp\u00e1nkov\u00e9ho cyklu, zejm\u00e9na u lid\u00ed pracuj\u00edc\u00edch na sm\u011bny nebo cestuj\u00edc\u00edch p\u0159es \u010dasov\u00e1 p\u00e1sma.   <\/p>\n<p>Krom\u011b regulace denn\u00edho rytmu podporuje melatonin i funkci nervov\u00e9ho syst\u00e9mu a pou\u017e\u00edv\u00e1 se p\u0159i l\u00e9\u010db\u011b poruch sp\u00e1nku spojen\u00fdch se zm\u011bnou \u010dasov\u00fdch p\u00e1sem (jet lag) a p\u0159i poruch\u00e1ch sp\u00e1nku u nevidom\u00fdch osob. D\u00edky siln\u00fdm antioxida\u010dn\u00edm vlastnostem chr\u00e1n\u00ed melatonin bu\u0148ky p\u0159ed oxida\u010dn\u00edm stresem. Tento produkt m\u00e1 p\u0159\u00edzniv\u00fd vliv na zdrav\u00ed mozku a poko\u017eky a sni\u017euje riziko neurodegenerativn\u00edch onemocn\u011bn\u00ed a p\u0159ed\u010dasn\u00e9ho st\u00e1rnut\u00ed. Melatonin tak\u00e9 p\u016fsob\u00ed uklid\u0148uj\u00edc\u00edm zp\u016fsobem na tr\u00e1vic\u00ed syst\u00e9m a sni\u017euje p\u0159\u00edznaky \u017ealude\u010dn\u00edho refluxu.   <\/p>\n<h2>Kde se melatonin vyskytuje?<\/h2>\n<p>Melatonin je p\u0159irozen\u011b syntetizov\u00e1n epif\u00fdzou (\u0161i\u0161inkou) v mozku, ale jeho p\u0159\u00edtomnost byla zji\u0161t\u011bna tak\u00e9 v jin\u00fdch tk\u00e1n\u00edch, jako je tr\u00e1vic\u00ed trakt, s\u00edtnice oka nebo dokonce k\u016f\u017ee. Melatonin lze nal\u00e9zt tak\u00e9 v rostlin\u00e1ch \u2013 nap\u0159. v ko\u0159enech, kv\u011btech a semenech n\u011bkter\u00fdch druh\u016f, kde p\u016fsob\u00ed jako <a href=\"https:\/\/naturalpoland.com\/artykuly\/produkty-naturalne\/moc-antyoksydantow-jak-wlaczyc-je-do-oferty-produktowej\/\">antioxidanty<\/a> v reakci na stresov\u00e9 podm\u00ednky prost\u0159ed\u00ed. <\/p>\n<h2>Pou\u017eit\u00ed melatoninu<\/h2>\n<p>Melatonin se b\u011b\u017en\u011b pou\u017e\u00edv\u00e1 v <strong>dopl\u0148c\u00edch stravy<\/strong> a <strong>farmaceutick\u00fdch p\u0159\u00edpravc\u00edch ur\u010den\u00fdch<\/strong> ke zlep\u0161en\u00ed kvality sp\u00e1nku. D\u00edky sv\u00fdm antioxida\u010dn\u00edm vlastnostem m\u016f\u017ee b\u00fdt tak\u00e9 sou\u010d\u00e1st\u00ed dopl\u0148k\u016f stravy na podporu zdrav\u00ed nervov\u00e9ho a tr\u00e1vic\u00edho syst\u00e9mu a tak\u00e9 sou\u010d\u00e1st\u00ed p\u0159\u00edpravk\u016f na zlep\u0161en\u00ed celkov\u00e9ho zdravotn\u00edho stavu.<\/p>\n<p>D\u00edky sv\u00fdm antioxida\u010dn\u00edm vlastnostem se melatonin pou\u017e\u00edv\u00e1 v kosmetick\u00fdch <strong>p\u0159\u00edpravc\u00edch<\/strong> p\u00e9\u010de o ple\u0165, kter\u00e9 pom\u00e1haj\u00ed chr\u00e1nit p\u0159ed oxida\u010dn\u00edm stresem.<\/p>\n<h3>\u00dalo\u017ei\u0161t\u011b<\/h3>\n<p>Melatonin by m\u011bl b\u00fdt skladov\u00e1n v dob\u0159e uzav\u0159en\u00fdch n\u00e1dob\u00e1ch, mimo dosah vlhkosti a p\u0159\u00edm\u00e9ho slune\u010dn\u00edho z\u00e1\u0159en\u00ed. P\u0159i spr\u00e1vn\u00e9m skladov\u00e1n\u00ed si v\u00fdrobek zachov\u00e1v\u00e1 svou kvalitu po dobu 2 let.<\/p>\n","protected":false},"excerpt":{"rendered":"<p><strong>Melatonin<\/strong>, \u010dasto ozna\u010dovan\u00fd jako \u201ehormon sp\u00e1nku\u201c, je kl\u00ed\u010dov\u00fdm regul\u00e1torem denn\u00edho rytmu a ovliv\u0148uje cyklus sp\u00e1nku a bd\u011bn\u00ed organismu. N\u00e1\u0161 melatonin, s vysokou \u010distotou a farmaceutickou kvalitou (98,5\u2013101,5 % dle HPLC anal\u00fdzy), je dostupn\u00fd ve form\u011b b\u00edl\u00e9ho nebo lehce na\u017eloutl\u00e9ho krystalick\u00e9ho pr\u00e1\u0161ku a spl\u0148uje p\u0159\u00edsn\u00e9 normy USP43. <\/p>\n","protected":false},"featured_media":44020,"template":"","meta":{"_acf_changed":false},"product_brand":[],"product_cat":[629],"product_tag":[],"class_list":{"0":"post-5216","1":"product","2":"type-product","3":"status-publish","4":"has-post-thumbnail","6":"product_cat-pridavky-k-doplnkum-stravy","7":"pa_grupa-substancji-antioxidanty","8":"pa_technologia-technologie-biosneds","10":"first","11":"instock","12":"shipping-taxable","13":"product-type-simple"},"acf":[],"yoast_head":"<!-- This site is optimized with the Yoast SEO plugin v27.4 - https:\/\/yoast.com\/product\/yoast-seo-wordpress\/ -->\n<title>Melatonin - NATURAL POLAND - Velkoobchodn\u00ed distributor surovin<\/title>\n<meta name=\"description\" content=\"Melatonin je kl\u00ed\u010dovou \u0161irokospektr\u00e1ln\u00ed slo\u017ekou, kter\u00e1 podporuje sp\u00e1nek, nervov\u00fd syst\u00e9m a zdrav\u00ed tr\u00e1vic\u00edho traktu.\" \/>\n<meta name=\"robots\" content=\"index, follow, max-snippet:-1, max-image-preview:large, max-video-preview:-1\" \/>\n<link rel=\"canonical\" href=\"https:\/\/naturalpoland.com\/cs\/produkty\/produkty-pro-farmaceuticky-a-zdravotnicky-prumysl\/pridavky-k-doplnkum-stravy\/melatonina\/\" \/>\n<meta property=\"og:locale\" content=\"cs_CZ\" \/>\n<meta property=\"og:type\" content=\"article\" \/>\n<meta property=\"og:title\" content=\"Melatonin - NATURAL POLAND - Velkoobchodn\u00ed distributor surovin\" \/>\n<meta property=\"og:description\" content=\"Melatonin je kl\u00ed\u010dovou \u0161irokospektr\u00e1ln\u00ed slo\u017ekou, kter\u00e1 podporuje sp\u00e1nek, nervov\u00fd syst\u00e9m a zdrav\u00ed tr\u00e1vic\u00edho traktu.\" \/>\n<meta property=\"og:url\" content=\"https:\/\/naturalpoland.com\/cs\/produkty\/produkty-pro-farmaceuticky-a-zdravotnicky-prumysl\/pridavky-k-doplnkum-stravy\/melatonina\/\" \/>\n<meta property=\"og:site_name\" content=\"NATURAL POLAND - Velkoobchodn\u00ed distributor surovin\" \/>\n<meta property=\"article:publisher\" content=\"https:\/\/www.facebook.com\/naturalpoland.b2b\" \/>\n<meta property=\"article:modified_time\" content=\"2025-07-31T10:08:50+00:00\" \/>\n<meta property=\"og:image\" content=\"https:\/\/naturalpoland.com\/wp-content\/uploads\/2021\/05\/melatonin.jpg\" \/>\n\t<meta property=\"og:image:width\" content=\"255\" \/>\n\t<meta property=\"og:image:height\" content=\"198\" \/>\n\t<meta property=\"og:image:type\" content=\"image\/jpeg\" \/>\n<script type=\"application\/ld+json\" class=\"yoast-schema-graph\">{\"@context\":\"https:\\\/\\\/schema.org\",\"@graph\":[{\"@type\":\"WebPage\",\"@id\":\"https:\\\/\\\/naturalpoland.com\\\/cs\\\/produkty\\\/produkty-pro-farmaceuticky-a-zdravotnicky-prumysl\\\/pridavky-k-doplnkum-stravy\\\/melatonina\\\/\",\"url\":\"https:\\\/\\\/naturalpoland.com\\\/cs\\\/produkty\\\/produkty-pro-farmaceuticky-a-zdravotnicky-prumysl\\\/pridavky-k-doplnkum-stravy\\\/melatonina\\\/\",\"name\":\"Melatonin - NATURAL POLAND - Velkoobchodn\u00ed distributor surovin\",\"isPartOf\":{\"@id\":\"https:\\\/\\\/naturalpoland.com\\\/cs\\\/#website\"},\"primaryImageOfPage\":{\"@id\":\"https:\\\/\\\/naturalpoland.com\\\/cs\\\/produkty\\\/produkty-pro-farmaceuticky-a-zdravotnicky-prumysl\\\/pridavky-k-doplnkum-stravy\\\/melatonina\\\/#primaryimage\"},\"image\":{\"@id\":\"https:\\\/\\\/naturalpoland.com\\\/cs\\\/produkty\\\/produkty-pro-farmaceuticky-a-zdravotnicky-prumysl\\\/pridavky-k-doplnkum-stravy\\\/melatonina\\\/#primaryimage\"},\"thumbnailUrl\":\"https:\\\/\\\/naturalpoland.com\\\/wp-content\\\/uploads\\\/melatonina.webp\",\"datePublished\":\"2021-05-11T11:47:46+00:00\",\"dateModified\":\"2025-07-31T10:08:50+00:00\",\"description\":\"Melatonin je kl\u00ed\u010dovou \u0161irokospektr\u00e1ln\u00ed slo\u017ekou, kter\u00e1 podporuje sp\u00e1nek, nervov\u00fd syst\u00e9m a zdrav\u00ed tr\u00e1vic\u00edho traktu.\",\"breadcrumb\":{\"@id\":\"https:\\\/\\\/naturalpoland.com\\\/cs\\\/produkty\\\/produkty-pro-farmaceuticky-a-zdravotnicky-prumysl\\\/pridavky-k-doplnkum-stravy\\\/melatonina\\\/#breadcrumb\"},\"inLanguage\":\"cs\",\"potentialAction\":[{\"@type\":\"ReadAction\",\"target\":[\"https:\\\/\\\/naturalpoland.com\\\/cs\\\/produkty\\\/produkty-pro-farmaceuticky-a-zdravotnicky-prumysl\\\/pridavky-k-doplnkum-stravy\\\/melatonina\\\/\"]}]},{\"@type\":\"ImageObject\",\"inLanguage\":\"cs\",\"@id\":\"https:\\\/\\\/naturalpoland.com\\\/cs\\\/produkty\\\/produkty-pro-farmaceuticky-a-zdravotnicky-prumysl\\\/pridavky-k-doplnkum-stravy\\\/melatonina\\\/#primaryimage\",\"url\":\"https:\\\/\\\/naturalpoland.com\\\/wp-content\\\/uploads\\\/melatonina.webp\",\"contentUrl\":\"https:\\\/\\\/naturalpoland.com\\\/wp-content\\\/uploads\\\/melatonina.webp\",\"width\":1024,\"height\":1024},{\"@type\":\"BreadcrumbList\",\"@id\":\"https:\\\/\\\/naturalpoland.com\\\/cs\\\/produkty\\\/produkty-pro-farmaceuticky-a-zdravotnicky-prumysl\\\/pridavky-k-doplnkum-stravy\\\/melatonina\\\/#breadcrumb\",\"itemListElement\":[{\"@type\":\"ListItem\",\"position\":1,\"name\":\"Dom\u016f\",\"item\":\"https:\\\/\\\/naturalpoland.com\\\/cs\\\/\"},{\"@type\":\"ListItem\",\"position\":2,\"name\":\"Produkty\",\"item\":\"https:\\\/\\\/naturalpoland.com\\\/cs\\\/produkty\\\/\"},{\"@type\":\"ListItem\",\"position\":3,\"name\":\"Melatonin\"}]},{\"@type\":\"WebSite\",\"@id\":\"https:\\\/\\\/naturalpoland.com\\\/cs\\\/#website\",\"url\":\"https:\\\/\\\/naturalpoland.com\\\/cs\\\/\",\"name\":\"NATURAL POLAND - Velkoobchodn\u00ed distributor surovin\",\"description\":\"Surowce dla przemys\u0142u spo\u017cywczego, kosmetycznego i farmaceutycznego\",\"publisher\":{\"@id\":\"https:\\\/\\\/naturalpoland.com\\\/cs\\\/#organization\"},\"potentialAction\":[{\"@type\":\"SearchAction\",\"target\":{\"@type\":\"EntryPoint\",\"urlTemplate\":\"https:\\\/\\\/naturalpoland.com\\\/cs\\\/?s={search_term_string}\"},\"query-input\":{\"@type\":\"PropertyValueSpecification\",\"valueRequired\":true,\"valueName\":\"search_term_string\"}}],\"inLanguage\":\"cs\"},{\"@type\":\"Organization\",\"@id\":\"https:\\\/\\\/naturalpoland.com\\\/cs\\\/#organization\",\"name\":\"Natural Poland\",\"url\":\"https:\\\/\\\/naturalpoland.com\\\/cs\\\/\",\"logo\":{\"@type\":\"ImageObject\",\"inLanguage\":\"cs\",\"@id\":\"https:\\\/\\\/naturalpoland.com\\\/cs\\\/#\\\/schema\\\/logo\\\/image\\\/\",\"url\":\"https:\\\/\\\/naturalpoland.com\\\/wp-content\\\/uploads\\\/2021\\\/05\\\/natural-poland-icon.png\",\"contentUrl\":\"https:\\\/\\\/naturalpoland.com\\\/wp-content\\\/uploads\\\/2021\\\/05\\\/natural-poland-icon.png\",\"width\":512,\"height\":512,\"caption\":\"Natural Poland\"},\"image\":{\"@id\":\"https:\\\/\\\/naturalpoland.com\\\/cs\\\/#\\\/schema\\\/logo\\\/image\\\/\"},\"sameAs\":[\"https:\\\/\\\/www.facebook.com\\\/naturalpoland.b2b\",\"https:\\\/\\\/pl.linkedin.com\\\/company\\\/natural-poland\",\"https:\\\/\\\/www.youtube.com\\\/channel\\\/UCgeGGkvOMahZo-xu_MSEWxg\"]}]}<\/script>\n<!-- \/ Yoast SEO plugin. -->","yoast_head_json":{"title":"Melatonin - NATURAL POLAND - Velkoobchodn\u00ed distributor surovin","description":"Melatonin je kl\u00ed\u010dovou \u0161irokospektr\u00e1ln\u00ed slo\u017ekou, kter\u00e1 podporuje sp\u00e1nek, nervov\u00fd syst\u00e9m a zdrav\u00ed tr\u00e1vic\u00edho traktu.","robots":{"index":"index","follow":"follow","max-snippet":"max-snippet:-1","max-image-preview":"max-image-preview:large","max-video-preview":"max-video-preview:-1"},"canonical":"https:\/\/naturalpoland.com\/cs\/produkty\/produkty-pro-farmaceuticky-a-zdravotnicky-prumysl\/pridavky-k-doplnkum-stravy\/melatonina\/","og_locale":"cs_CZ","og_type":"article","og_title":"Melatonin - NATURAL POLAND - Velkoobchodn\u00ed distributor surovin","og_description":"Melatonin je kl\u00ed\u010dovou \u0161irokospektr\u00e1ln\u00ed slo\u017ekou, kter\u00e1 podporuje sp\u00e1nek, nervov\u00fd syst\u00e9m a zdrav\u00ed tr\u00e1vic\u00edho traktu.","og_url":"https:\/\/naturalpoland.com\/cs\/produkty\/produkty-pro-farmaceuticky-a-zdravotnicky-prumysl\/pridavky-k-doplnkum-stravy\/melatonina\/","og_site_name":"NATURAL POLAND - Velkoobchodn\u00ed distributor surovin","article_publisher":"https:\/\/www.facebook.com\/naturalpoland.b2b","article_modified_time":"2025-07-31T10:08:50+00:00","og_image":[{"width":255,"height":198,"url":"https:\/\/naturalpoland.com\/wp-content\/uploads\/2021\/05\/melatonin.jpg","type":"image\/jpeg"}],"schema":{"@context":"https:\/\/schema.org","@graph":[{"@type":"WebPage","@id":"https:\/\/naturalpoland.com\/cs\/produkty\/produkty-pro-farmaceuticky-a-zdravotnicky-prumysl\/pridavky-k-doplnkum-stravy\/melatonina\/","url":"https:\/\/naturalpoland.com\/cs\/produkty\/produkty-pro-farmaceuticky-a-zdravotnicky-prumysl\/pridavky-k-doplnkum-stravy\/melatonina\/","name":"Melatonin - NATURAL POLAND - Velkoobchodn\u00ed distributor surovin","isPartOf":{"@id":"https:\/\/naturalpoland.com\/cs\/#website"},"primaryImageOfPage":{"@id":"https:\/\/naturalpoland.com\/cs\/produkty\/produkty-pro-farmaceuticky-a-zdravotnicky-prumysl\/pridavky-k-doplnkum-stravy\/melatonina\/#primaryimage"},"image":{"@id":"https:\/\/naturalpoland.com\/cs\/produkty\/produkty-pro-farmaceuticky-a-zdravotnicky-prumysl\/pridavky-k-doplnkum-stravy\/melatonina\/#primaryimage"},"thumbnailUrl":"https:\/\/naturalpoland.com\/wp-content\/uploads\/melatonina.webp","datePublished":"2021-05-11T11:47:46+00:00","dateModified":"2025-07-31T10:08:50+00:00","description":"Melatonin je kl\u00ed\u010dovou \u0161irokospektr\u00e1ln\u00ed slo\u017ekou, kter\u00e1 podporuje sp\u00e1nek, nervov\u00fd syst\u00e9m a zdrav\u00ed tr\u00e1vic\u00edho traktu.","breadcrumb":{"@id":"https:\/\/naturalpoland.com\/cs\/produkty\/produkty-pro-farmaceuticky-a-zdravotnicky-prumysl\/pridavky-k-doplnkum-stravy\/melatonina\/#breadcrumb"},"inLanguage":"cs","potentialAction":[{"@type":"ReadAction","target":["https:\/\/naturalpoland.com\/cs\/produkty\/produkty-pro-farmaceuticky-a-zdravotnicky-prumysl\/pridavky-k-doplnkum-stravy\/melatonina\/"]}]},{"@type":"ImageObject","inLanguage":"cs","@id":"https:\/\/naturalpoland.com\/cs\/produkty\/produkty-pro-farmaceuticky-a-zdravotnicky-prumysl\/pridavky-k-doplnkum-stravy\/melatonina\/#primaryimage","url":"https:\/\/naturalpoland.com\/wp-content\/uploads\/melatonina.webp","contentUrl":"https:\/\/naturalpoland.com\/wp-content\/uploads\/melatonina.webp","width":1024,"height":1024},{"@type":"BreadcrumbList","@id":"https:\/\/naturalpoland.com\/cs\/produkty\/produkty-pro-farmaceuticky-a-zdravotnicky-prumysl\/pridavky-k-doplnkum-stravy\/melatonina\/#breadcrumb","itemListElement":[{"@type":"ListItem","position":1,"name":"Dom\u016f","item":"https:\/\/naturalpoland.com\/cs\/"},{"@type":"ListItem","position":2,"name":"Produkty","item":"https:\/\/naturalpoland.com\/cs\/produkty\/"},{"@type":"ListItem","position":3,"name":"Melatonin"}]},{"@type":"WebSite","@id":"https:\/\/naturalpoland.com\/cs\/#website","url":"https:\/\/naturalpoland.com\/cs\/","name":"NATURAL POLAND - Velkoobchodn\u00ed distributor surovin","description":"Surowce dla przemys\u0142u spo\u017cywczego, kosmetycznego i farmaceutycznego","publisher":{"@id":"https:\/\/naturalpoland.com\/cs\/#organization"},"potentialAction":[{"@type":"SearchAction","target":{"@type":"EntryPoint","urlTemplate":"https:\/\/naturalpoland.com\/cs\/?s={search_term_string}"},"query-input":{"@type":"PropertyValueSpecification","valueRequired":true,"valueName":"search_term_string"}}],"inLanguage":"cs"},{"@type":"Organization","@id":"https:\/\/naturalpoland.com\/cs\/#organization","name":"Natural Poland","url":"https:\/\/naturalpoland.com\/cs\/","logo":{"@type":"ImageObject","inLanguage":"cs","@id":"https:\/\/naturalpoland.com\/cs\/#\/schema\/logo\/image\/","url":"https:\/\/naturalpoland.com\/wp-content\/uploads\/2021\/05\/natural-poland-icon.png","contentUrl":"https:\/\/naturalpoland.com\/wp-content\/uploads\/2021\/05\/natural-poland-icon.png","width":512,"height":512,"caption":"Natural Poland"},"image":{"@id":"https:\/\/naturalpoland.com\/cs\/#\/schema\/logo\/image\/"},"sameAs":["https:\/\/www.facebook.com\/naturalpoland.b2b","https:\/\/pl.linkedin.com\/company\/natural-poland","https:\/\/www.youtube.com\/channel\/UCgeGGkvOMahZo-xu_MSEWxg"]}]}},"_links":{"self":[{"href":"https:\/\/naturalpoland.com\/cs\/wp-json\/wp\/v2\/product\/5216","targetHints":{"allow":["GET"]}}],"collection":[{"href":"https:\/\/naturalpoland.com\/cs\/wp-json\/wp\/v2\/product"}],"about":[{"href":"https:\/\/naturalpoland.com\/cs\/wp-json\/wp\/v2\/types\/product"}],"wp:featuredmedia":[{"embeddable":true,"href":"https:\/\/naturalpoland.com\/cs\/wp-json\/wp\/v2\/media\/44020"}],"wp:attachment":[{"href":"https:\/\/naturalpoland.com\/cs\/wp-json\/wp\/v2\/media?parent=5216"}],"wp:term":[{"taxonomy":"product_brand","embeddable":true,"href":"https:\/\/naturalpoland.com\/cs\/wp-json\/wp\/v2\/product_brand?post=5216"},{"taxonomy":"product_cat","embeddable":true,"href":"https:\/\/naturalpoland.com\/cs\/wp-json\/wp\/v2\/product_cat?post=5216"},{"taxonomy":"product_tag","embeddable":true,"href":"https:\/\/naturalpoland.com\/cs\/wp-json\/wp\/v2\/product_tag?post=5216"}],"curies":[{"name":"wp","href":"https:\/\/api.w.org\/{rel}","templated":true}]}}