{"id":5776,"date":"2021-05-11T13:44:59","date_gmt":"2021-05-11T11:44:59","guid":{"rendered":"https:\/\/naturalpoland.pl\/produkty\/nezarazene\/hyaluronat-sodny\/"},"modified":"2026-02-05T12:09:38","modified_gmt":"2026-02-05T11:09:38","slug":"hyaluronat-sodny","status":"publish","type":"product","link":"https:\/\/naturalpoland.com\/cs\/produkty\/produkty-pro-kosmeticky-prumysl\/kosmeticke-suroviny\/hyaluronat-sodny\/","title":{"rendered":"Hyaluron\u00e1t sodn\u00fd"},"content":{"rendered":"<p>Hyaluron\u00e1t sodn\u00fd je komponentou mnoha kosmetick\u00fdch a l\u00e9ka\u0159sk\u00fdch produkt\u016f d\u00edky sv\u00fdm unik\u00e1tn\u00edm <strong>vlastnostem zadr\u017eov\u00e1n\u00ed vody<\/strong>, co\u017e zaji\u0161\u0165uje poko\u017ece hydrataci a pru\u017enost. Jeho pou\u017eit\u00ed je \u0161irok\u00e9 a pochopen\u00ed r\u016fzn\u00fdch forem hyaluron\u00e1tu sodn\u00e9ho pom\u016f\u017ee p\u0159i v\u00fdb\u011bru nejlep\u0161\u00edho produktu pro konkr\u00e9tn\u00ed pot\u0159eby. <\/p>\n<h2>Formy hyaluron\u00e1tu sodn\u00e9ho dostupn\u00e9 v nab\u00eddce:<\/h2>\n<p><strong>LMW (Low Molecular Weight):<\/strong><\/p>\n<ul>\n<li>LMW1: 8K Da\u201320K Da<\/li>\n<li>LMW2: 20K Da\u201350K Da<\/li>\n<li>LMW3: 50K Da\u2013100K Da<\/li>\n<\/ul>\n<p>Tyto molekuly jsou men\u0161\u00ed, co\u017e jim usnad\u0148uje pronik\u00e1n\u00ed do hlub\u0161\u00edch vrstev poko\u017eky, nab\u00edzej\u00ed intenzivn\u00ed hydrataci a stimulaci produkce vlastn\u00ed kyseliny hyaluronov\u00e9 organismem.<\/p>\n<p><strong>CLMW (Cross-linked Low Molecular Weight):<\/strong><\/p>\n<ul>\n<li>100K~500K Da<\/li>\n<\/ul>\n<p>Vytv\u00e1\u0159\u00ed siln\u011bj\u0161\u00ed a trvalej\u0161\u00ed molekul\u00e1rn\u00ed s\u00edt\u011b, kter\u00e9 d\u00e9le zadr\u017euj\u00ed vlhkost v poko\u017ece a zaji\u0161\u0165uj\u00ed dlouhotrvaj\u00edc\u00ed hydrata\u010dn\u00ed efekty.<\/p>\n<p><strong>CMMW (Medium Molecular Weight):<\/strong><\/p>\n<ul>\n<li>0,5M~0,8M Da<\/li>\n<\/ul>\n<p>Ide\u00e1ln\u00ed rovnov\u00e1ha mezi penetrac\u00ed a dlouhotrvaj\u00edc\u00ed hydratac\u00ed, podporuje elasticitu poko\u017eky a jej\u00ed schopnost regenerace.<\/p>\n<p><strong>MMW (Medium to High Molecular Weight):<\/strong><\/p>\n<ul>\n<li>0,8M~1,5M Da<\/li>\n<\/ul>\n<p>Koncentrovan\u00e9 p\u016fsoben\u00ed na povrchu poko\u017eky, vytv\u00e1\u0159\u00ed ochrannou bari\u00e9ru p\u0159ed \u0161kodliv\u00fdmi vn\u011bj\u0161\u00edmi vlivy.<\/p>\n<p><strong>CHMW (Cross-linked High Molecular Weight):<\/strong><\/p>\n<ul>\n<li>1,5M~1,8M Da<\/li>\n<\/ul>\n<p>Zaji\u0161\u0165uje v\u00fdjime\u010dn\u00e9 viskoelastick\u00e9 vlastnosti, co\u017e je obzvl\u00e1\u0161t\u011b cenn\u00e9 v ortopedick\u00fdch a oftalmologick\u00fdch produktech.<\/p>\n<p><strong>HMW (High Molecular Weight):<\/strong><\/p>\n<ul>\n<li>1,8M~3,0M Da<\/li>\n<\/ul>\n<p>Nab\u00edz\u00ed nejv\u011bt\u0161\u00ed ochranu a nejsiln\u011bj\u0161\u00ed filmotvorn\u00e9 vlastnosti, ide\u00e1ln\u00ed pro aplikace na velmi suchou a po\u0161kozenou poko\u017eku.<\/p>\n<h2>Pou\u017eit\u00ed hyaluron\u00e1tu sodn\u00e9ho:<\/h2>\n<ol>\n<li><strong>Kosmetika:<\/strong>\n<ul>\n<li>Jako p\u0159\u00edsada do kr\u00e9m\u016f, balz\u00e1m\u016f, s\u00e9r a masek hyaluron\u00e1t sodn\u00fd intenzivn\u011b hydratuje, vyhlazuje a zlep\u0161uje celkov\u00fd stav poko\u017eky.<\/li>\n<li>Pou\u017e\u00edv\u00e1 se tak\u00e9 v anti-aging produktech, podporuje redukci jemn\u00fdch linek a vr\u00e1sek.<\/li>\n<\/ul>\n<\/li>\n<li><strong>Estetick\u00e1 medic\u00edna a ortopedie:<\/strong>\n<ul>\n<li>Jako slo\u017eka p\u0159\u00edpravk\u016f zm\u00edr\u0148uj\u00edc\u00edch kloubn\u00ed obt\u00ed\u017ee.<\/li>\n<li>D\u00edky sv\u00fdm viskoelastick\u00fdm vlastnostem se pou\u017e\u00edv\u00e1 tak\u00e9 p\u0159i operac\u00edch oka a v l\u00e9\u010db\u011b revmatick\u00fdch onemocn\u011bn\u00ed.<\/li>\n<\/ul>\n<\/li>\n<li><strong>Farmaceutick\u00e9 aplikace:<\/strong>\n<ul>\n<li>V o\u010dn\u00edch p\u0159\u00edpravc\u00edch a produktech podporuj\u00edc\u00edch hojen\u00ed ran.<\/li>\n<\/ul>\n<\/li>\n<\/ol>\n<p>Hyaluron\u00e1t sodn\u00fd je d\u00edky sv\u00e9mu v\u0161estrann\u00e9mu p\u016fsoben\u00ed nejen \u00fa\u010dinnou kosmetickou slo\u017ekou, ale tak\u00e9 cennou l\u00e1tkou v medic\u00edn\u011b. Produkty s r\u016fzn\u00fdmi molekul\u00e1rn\u00edmi hmotnostmi umo\u017e\u0148uj\u00ed p\u0159izp\u016fsoben\u00ed \u00fa\u010dinku konkr\u00e9tn\u00edm pot\u0159eb\u00e1m, zaji\u0161\u0165uj\u00ed okam\u017eitou hydrataci i dlouhotrvaj\u00edc\u00ed anti-aging efekty. <\/p>\n<p>Viz tak\u00e9: <strong><a href=\"https:\/\/naturalpoland.com\/cs\/produkty\/produkty-pro-kosmeticky-prumysl\/kosmeticke-suroviny\/roztok-kyseliny-hyaluronove-1\/\">Roztok kyseliny hyaluronov\u00e9 (Hyaluronov\u00fd gel) &#8211; Dostupn\u00e9 koncentrace: 1%, 1,5%, 3%, 5%, 7%.<\/a><\/strong><\/p>\n<p>&nbsp;<\/p>\n<h2>Hyaluron\u00e1t sodn\u00fd potravin\u00e1\u0159sk\u00e9 kvality (Food Grade MMW)<\/h2>\n<p>Hyaluron\u00e1t sodn\u00fd potravin\u00e1\u0159sk\u00e9 kvality m\u00e1 st\u0159edn\u00ed molekul\u00e1rn\u00ed hmotnost 0,8\u20131,5 MDa. Poch\u00e1z\u00ed z fermentace <em>Streptococcus zooepidemicus<\/em>. Je sol\u00ed kyseliny hyaluronov\u00e9. <\/p>\n<p>Vyzna\u010duje se v\u00fdbornou rozpustnost\u00ed ve vod\u011b, absenc\u00ed z\u00e1pachu a velmi vysokou pr\u016fzra\u010dnost\u00ed roztoku. Obsahuje minim\u00e1ln\u011b 95% \u010dist\u00e9ho hyaluron\u00e1tu sodn\u00e9ho a nejm\u00e9n\u011b 46% kyseliny glukuronov\u00e9, kter\u00e9 jsou kl\u00ed\u010dov\u00fdmi biologicky aktivn\u00edmi slo\u017ekami. M\u00e1 vysokou tepelnou stabilitu, neobsahuje GMO, nen\u00ed \u017eivo\u010di\u0161n\u00e9ho p\u016fvodu a je vhodn\u00fd pro vegany a vegetari\u00e1ny.  <\/p>\n<p><strong data-start=\"182\" data-end=\"237\">Potravin\u00e1\u0159sk\u00e1 kyselina hyaluronov\u00e1 (ve form\u011b sodn\u00e9 soli)<\/strong> se vyu\u017e\u00edv\u00e1 v dopl\u0148c\u00edch stravy, nutraceutick\u00fdch produktech a zdrav\u00e9 v\u00fd\u017eiv\u011b. Po po\u017eit\u00ed m\u016f\u017ee zvy\u0161ovat hladinu kyseliny hyaluronov\u00e9 v organismu, p\u0159\u00edzniv\u011b ovliv\u0148uje hydrataci poko\u017eky, jej\u00ed elasticitu a m\u011bkkost. P\u016fsob\u00ed tak\u00e9 protektivn\u011b na klouby, zpomaluje procesy st\u00e1rnut\u00ed, podporuje prevenci ateroskler\u00f3zy a m\u016f\u017ee vykazovat neuroprotektivn\u00ed vlastnosti. Peror\u00e1ln\u00ed u\u017e\u00edv\u00e1n\u00ed podporuje tak\u00e9 funkce ob\u011bhov\u00e9ho syst\u00e9mu a m\u016f\u017ee p\u0159edch\u00e1zet degenerativn\u00edm zm\u011bn\u00e1m mozku.   <\/p>\n<p>Produkt se vyzna\u010duje rychl\u00fdm rozpou\u0161t\u011bn\u00edm, mo\u017enost\u00ed kontroly sypn\u00e9 hustoty a vysokou mikrobiologickou \u010distotou. Je doporu\u010den pro pou\u017eit\u00ed v kapsl\u00edch, pr\u00e1\u0161c\u00edch a tablet\u00e1ch jako aktivn\u00ed hydrata\u010dn\u00ed slo\u017eka podporuj\u00edc\u00ed regeneraci tk\u00e1n\u00ed. <\/p>\n","protected":false},"excerpt":{"rendered":"<h4><strong>Hyaluron\u00e1t sodn\u00fd<\/strong>, zn\u00e1m\u00fd tak\u00e9 jako <strong>kyselina hyaluronov\u00e1<\/strong>, je multifunk\u010dn\u00ed slo\u017eka podporuj\u00edc\u00ed zdrav\u00ed a kr\u00e1su.<\/h4>\n","protected":false},"featured_media":38925,"template":"","meta":{"_acf_changed":false},"product_brand":[],"product_cat":[638,629],"product_tag":[],"class_list":{"0":"post-5776","1":"product","2":"type-product","3":"status-publish","4":"has-post-thumbnail","6":"product_cat-kosmeticke-suroviny","7":"product_cat-pridavky-k-doplnkum-stravy","9":"first","10":"instock","11":"shipping-taxable","12":"product-type-simple"},"acf":[],"yoast_head":"<!-- This site is optimized with the Yoast SEO plugin v27.6 - https:\/\/yoast.com\/product\/yoast-seo-wordpress\/ -->\n<title>Hyaluron\u00e1t sodn\u00fd - NATURAL POLAND - Velkoobchodn\u00ed distributor surovin<\/title>\n<meta name=\"description\" content=\"Hyaluron\u00e1t sodn\u00fd je multifunk\u010dn\u00ed l\u00e1tka, zn\u00e1m\u00e1 tak\u00e9 jako kyselina hyaluronov\u00e1, kter\u00e1 je nepostradatelnou slo\u017ekou podporuj\u00edc\u00ed zdrav\u00ed a kr\u00e1su.\" \/>\n<meta name=\"robots\" content=\"index, follow, max-snippet:-1, max-image-preview:large, max-video-preview:-1\" \/>\n<link rel=\"canonical\" href=\"https:\/\/naturalpoland.com\/cs\/produkty\/produkty-pro-kosmeticky-prumysl\/kosmeticke-suroviny\/hyaluronat-sodny\/\" \/>\n<meta property=\"og:locale\" content=\"cs_CZ\" \/>\n<meta property=\"og:type\" content=\"article\" \/>\n<meta property=\"og:title\" content=\"Hyaluron\u00e1t sodn\u00fd - NATURAL POLAND - Velkoobchodn\u00ed distributor surovin\" \/>\n<meta property=\"og:description\" content=\"Hyaluron\u00e1t sodn\u00fd je multifunk\u010dn\u00ed l\u00e1tka, zn\u00e1m\u00e1 tak\u00e9 jako kyselina hyaluronov\u00e1, kter\u00e1 je nepostradatelnou slo\u017ekou podporuj\u00edc\u00ed zdrav\u00ed a kr\u00e1su.\" \/>\n<meta property=\"og:url\" content=\"https:\/\/naturalpoland.com\/cs\/produkty\/produkty-pro-kosmeticky-prumysl\/kosmeticke-suroviny\/hyaluronat-sodny\/\" \/>\n<meta property=\"og:site_name\" content=\"NATURAL POLAND - Velkoobchodn\u00ed distributor surovin\" \/>\n<meta property=\"article:publisher\" content=\"https:\/\/www.facebook.com\/naturalpoland.b2b\" \/>\n<meta property=\"article:modified_time\" content=\"2026-02-05T11:09:38+00:00\" \/>\n<meta property=\"og:image\" content=\"https:\/\/naturalpoland.com\/wp-content\/uploads\/hialuronian-sodu.webp\" \/>\n\t<meta property=\"og:image:width\" content=\"590\" \/>\n\t<meta property=\"og:image:height\" content=\"590\" \/>\n\t<meta property=\"og:image:type\" content=\"image\/webp\" \/>\n<script type=\"application\/ld+json\" class=\"yoast-schema-graph\">{\"@context\":\"https:\\\/\\\/schema.org\",\"@graph\":[{\"@type\":\"WebPage\",\"@id\":\"https:\\\/\\\/naturalpoland.com\\\/cs\\\/produkty\\\/produkty-pro-kosmeticky-prumysl\\\/kosmeticke-suroviny\\\/hyaluronat-sodny\\\/\",\"url\":\"https:\\\/\\\/naturalpoland.com\\\/cs\\\/produkty\\\/produkty-pro-kosmeticky-prumysl\\\/kosmeticke-suroviny\\\/hyaluronat-sodny\\\/\",\"name\":\"Hyaluron\u00e1t sodn\u00fd - NATURAL POLAND - Velkoobchodn\u00ed distributor surovin\",\"isPartOf\":{\"@id\":\"https:\\\/\\\/naturalpoland.com\\\/cs\\\/#website\"},\"primaryImageOfPage\":{\"@id\":\"https:\\\/\\\/naturalpoland.com\\\/cs\\\/produkty\\\/produkty-pro-kosmeticky-prumysl\\\/kosmeticke-suroviny\\\/hyaluronat-sodny\\\/#primaryimage\"},\"image\":{\"@id\":\"https:\\\/\\\/naturalpoland.com\\\/cs\\\/produkty\\\/produkty-pro-kosmeticky-prumysl\\\/kosmeticke-suroviny\\\/hyaluronat-sodny\\\/#primaryimage\"},\"thumbnailUrl\":\"https:\\\/\\\/naturalpoland.com\\\/wp-content\\\/uploads\\\/hialuronian-sodu.webp\",\"datePublished\":\"2021-05-11T11:44:59+00:00\",\"dateModified\":\"2026-02-05T11:09:38+00:00\",\"description\":\"Hyaluron\u00e1t sodn\u00fd je multifunk\u010dn\u00ed l\u00e1tka, zn\u00e1m\u00e1 tak\u00e9 jako kyselina hyaluronov\u00e1, kter\u00e1 je nepostradatelnou slo\u017ekou podporuj\u00edc\u00ed zdrav\u00ed a kr\u00e1su.\",\"breadcrumb\":{\"@id\":\"https:\\\/\\\/naturalpoland.com\\\/cs\\\/produkty\\\/produkty-pro-kosmeticky-prumysl\\\/kosmeticke-suroviny\\\/hyaluronat-sodny\\\/#breadcrumb\"},\"inLanguage\":\"cs\",\"potentialAction\":[{\"@type\":\"ReadAction\",\"target\":[\"https:\\\/\\\/naturalpoland.com\\\/cs\\\/produkty\\\/produkty-pro-kosmeticky-prumysl\\\/kosmeticke-suroviny\\\/hyaluronat-sodny\\\/\"]}]},{\"@type\":\"ImageObject\",\"inLanguage\":\"cs\",\"@id\":\"https:\\\/\\\/naturalpoland.com\\\/cs\\\/produkty\\\/produkty-pro-kosmeticky-prumysl\\\/kosmeticke-suroviny\\\/hyaluronat-sodny\\\/#primaryimage\",\"url\":\"https:\\\/\\\/naturalpoland.com\\\/wp-content\\\/uploads\\\/hialuronian-sodu.webp\",\"contentUrl\":\"https:\\\/\\\/naturalpoland.com\\\/wp-content\\\/uploads\\\/hialuronian-sodu.webp\",\"width\":590,\"height\":590,\"caption\":\"hyaluron\u00e1t sodn\u00fd\"},{\"@type\":\"BreadcrumbList\",\"@id\":\"https:\\\/\\\/naturalpoland.com\\\/cs\\\/produkty\\\/produkty-pro-kosmeticky-prumysl\\\/kosmeticke-suroviny\\\/hyaluronat-sodny\\\/#breadcrumb\",\"itemListElement\":[{\"@type\":\"ListItem\",\"position\":1,\"name\":\"Dom\u016f\",\"item\":\"https:\\\/\\\/naturalpoland.com\\\/cs\\\/\"},{\"@type\":\"ListItem\",\"position\":2,\"name\":\"Produkty\",\"item\":\"https:\\\/\\\/naturalpoland.com\\\/cs\\\/produkty\\\/\"},{\"@type\":\"ListItem\",\"position\":3,\"name\":\"Hyaluron\u00e1t sodn\u00fd\"}]},{\"@type\":\"WebSite\",\"@id\":\"https:\\\/\\\/naturalpoland.com\\\/cs\\\/#website\",\"url\":\"https:\\\/\\\/naturalpoland.com\\\/cs\\\/\",\"name\":\"NATURAL POLAND - Velkoobchodn\u00ed distributor surovin\",\"description\":\"Surowce dla przemys\u0142u spo\u017cywczego, kosmetycznego i farmaceutycznego\",\"publisher\":{\"@id\":\"https:\\\/\\\/naturalpoland.com\\\/cs\\\/#organization\"},\"potentialAction\":[{\"@type\":\"SearchAction\",\"target\":{\"@type\":\"EntryPoint\",\"urlTemplate\":\"https:\\\/\\\/naturalpoland.com\\\/cs\\\/?s={search_term_string}\"},\"query-input\":{\"@type\":\"PropertyValueSpecification\",\"valueRequired\":true,\"valueName\":\"search_term_string\"}}],\"inLanguage\":\"cs\"},{\"@type\":\"Organization\",\"@id\":\"https:\\\/\\\/naturalpoland.com\\\/cs\\\/#organization\",\"name\":\"Natural Poland\",\"url\":\"https:\\\/\\\/naturalpoland.com\\\/cs\\\/\",\"logo\":{\"@type\":\"ImageObject\",\"inLanguage\":\"cs\",\"@id\":\"https:\\\/\\\/naturalpoland.com\\\/cs\\\/#\\\/schema\\\/logo\\\/image\\\/\",\"url\":\"https:\\\/\\\/naturalpoland.com\\\/wp-content\\\/uploads\\\/2021\\\/05\\\/natural-poland-icon.png\",\"contentUrl\":\"https:\\\/\\\/naturalpoland.com\\\/wp-content\\\/uploads\\\/2021\\\/05\\\/natural-poland-icon.png\",\"width\":512,\"height\":512,\"caption\":\"Natural Poland\"},\"image\":{\"@id\":\"https:\\\/\\\/naturalpoland.com\\\/cs\\\/#\\\/schema\\\/logo\\\/image\\\/\"},\"sameAs\":[\"https:\\\/\\\/www.facebook.com\\\/naturalpoland.b2b\",\"https:\\\/\\\/pl.linkedin.com\\\/company\\\/natural-poland\",\"https:\\\/\\\/www.youtube.com\\\/channel\\\/UCgeGGkvOMahZo-xu_MSEWxg\"]}]}<\/script>\n<!-- \/ Yoast SEO plugin. -->","yoast_head_json":{"title":"Hyaluron\u00e1t sodn\u00fd - NATURAL POLAND - Velkoobchodn\u00ed distributor surovin","description":"Hyaluron\u00e1t sodn\u00fd je multifunk\u010dn\u00ed l\u00e1tka, zn\u00e1m\u00e1 tak\u00e9 jako kyselina hyaluronov\u00e1, kter\u00e1 je nepostradatelnou slo\u017ekou podporuj\u00edc\u00ed zdrav\u00ed a kr\u00e1su.","robots":{"index":"index","follow":"follow","max-snippet":"max-snippet:-1","max-image-preview":"max-image-preview:large","max-video-preview":"max-video-preview:-1"},"canonical":"https:\/\/naturalpoland.com\/cs\/produkty\/produkty-pro-kosmeticky-prumysl\/kosmeticke-suroviny\/hyaluronat-sodny\/","og_locale":"cs_CZ","og_type":"article","og_title":"Hyaluron\u00e1t sodn\u00fd - NATURAL POLAND - Velkoobchodn\u00ed distributor surovin","og_description":"Hyaluron\u00e1t sodn\u00fd je multifunk\u010dn\u00ed l\u00e1tka, zn\u00e1m\u00e1 tak\u00e9 jako kyselina hyaluronov\u00e1, kter\u00e1 je nepostradatelnou slo\u017ekou podporuj\u00edc\u00ed zdrav\u00ed a kr\u00e1su.","og_url":"https:\/\/naturalpoland.com\/cs\/produkty\/produkty-pro-kosmeticky-prumysl\/kosmeticke-suroviny\/hyaluronat-sodny\/","og_site_name":"NATURAL POLAND - Velkoobchodn\u00ed distributor surovin","article_publisher":"https:\/\/www.facebook.com\/naturalpoland.b2b","article_modified_time":"2026-02-05T11:09:38+00:00","og_image":[{"width":590,"height":590,"url":"https:\/\/naturalpoland.com\/wp-content\/uploads\/hialuronian-sodu.webp","type":"image\/webp"}],"schema":{"@context":"https:\/\/schema.org","@graph":[{"@type":"WebPage","@id":"https:\/\/naturalpoland.com\/cs\/produkty\/produkty-pro-kosmeticky-prumysl\/kosmeticke-suroviny\/hyaluronat-sodny\/","url":"https:\/\/naturalpoland.com\/cs\/produkty\/produkty-pro-kosmeticky-prumysl\/kosmeticke-suroviny\/hyaluronat-sodny\/","name":"Hyaluron\u00e1t sodn\u00fd - NATURAL POLAND - Velkoobchodn\u00ed distributor surovin","isPartOf":{"@id":"https:\/\/naturalpoland.com\/cs\/#website"},"primaryImageOfPage":{"@id":"https:\/\/naturalpoland.com\/cs\/produkty\/produkty-pro-kosmeticky-prumysl\/kosmeticke-suroviny\/hyaluronat-sodny\/#primaryimage"},"image":{"@id":"https:\/\/naturalpoland.com\/cs\/produkty\/produkty-pro-kosmeticky-prumysl\/kosmeticke-suroviny\/hyaluronat-sodny\/#primaryimage"},"thumbnailUrl":"https:\/\/naturalpoland.com\/wp-content\/uploads\/hialuronian-sodu.webp","datePublished":"2021-05-11T11:44:59+00:00","dateModified":"2026-02-05T11:09:38+00:00","description":"Hyaluron\u00e1t sodn\u00fd je multifunk\u010dn\u00ed l\u00e1tka, zn\u00e1m\u00e1 tak\u00e9 jako kyselina hyaluronov\u00e1, kter\u00e1 je nepostradatelnou slo\u017ekou podporuj\u00edc\u00ed zdrav\u00ed a kr\u00e1su.","breadcrumb":{"@id":"https:\/\/naturalpoland.com\/cs\/produkty\/produkty-pro-kosmeticky-prumysl\/kosmeticke-suroviny\/hyaluronat-sodny\/#breadcrumb"},"inLanguage":"cs","potentialAction":[{"@type":"ReadAction","target":["https:\/\/naturalpoland.com\/cs\/produkty\/produkty-pro-kosmeticky-prumysl\/kosmeticke-suroviny\/hyaluronat-sodny\/"]}]},{"@type":"ImageObject","inLanguage":"cs","@id":"https:\/\/naturalpoland.com\/cs\/produkty\/produkty-pro-kosmeticky-prumysl\/kosmeticke-suroviny\/hyaluronat-sodny\/#primaryimage","url":"https:\/\/naturalpoland.com\/wp-content\/uploads\/hialuronian-sodu.webp","contentUrl":"https:\/\/naturalpoland.com\/wp-content\/uploads\/hialuronian-sodu.webp","width":590,"height":590,"caption":"hyaluron\u00e1t sodn\u00fd"},{"@type":"BreadcrumbList","@id":"https:\/\/naturalpoland.com\/cs\/produkty\/produkty-pro-kosmeticky-prumysl\/kosmeticke-suroviny\/hyaluronat-sodny\/#breadcrumb","itemListElement":[{"@type":"ListItem","position":1,"name":"Dom\u016f","item":"https:\/\/naturalpoland.com\/cs\/"},{"@type":"ListItem","position":2,"name":"Produkty","item":"https:\/\/naturalpoland.com\/cs\/produkty\/"},{"@type":"ListItem","position":3,"name":"Hyaluron\u00e1t sodn\u00fd"}]},{"@type":"WebSite","@id":"https:\/\/naturalpoland.com\/cs\/#website","url":"https:\/\/naturalpoland.com\/cs\/","name":"NATURAL POLAND - Velkoobchodn\u00ed distributor surovin","description":"Surowce dla przemys\u0142u spo\u017cywczego, kosmetycznego i farmaceutycznego","publisher":{"@id":"https:\/\/naturalpoland.com\/cs\/#organization"},"potentialAction":[{"@type":"SearchAction","target":{"@type":"EntryPoint","urlTemplate":"https:\/\/naturalpoland.com\/cs\/?s={search_term_string}"},"query-input":{"@type":"PropertyValueSpecification","valueRequired":true,"valueName":"search_term_string"}}],"inLanguage":"cs"},{"@type":"Organization","@id":"https:\/\/naturalpoland.com\/cs\/#organization","name":"Natural Poland","url":"https:\/\/naturalpoland.com\/cs\/","logo":{"@type":"ImageObject","inLanguage":"cs","@id":"https:\/\/naturalpoland.com\/cs\/#\/schema\/logo\/image\/","url":"https:\/\/naturalpoland.com\/wp-content\/uploads\/2021\/05\/natural-poland-icon.png","contentUrl":"https:\/\/naturalpoland.com\/wp-content\/uploads\/2021\/05\/natural-poland-icon.png","width":512,"height":512,"caption":"Natural Poland"},"image":{"@id":"https:\/\/naturalpoland.com\/cs\/#\/schema\/logo\/image\/"},"sameAs":["https:\/\/www.facebook.com\/naturalpoland.b2b","https:\/\/pl.linkedin.com\/company\/natural-poland","https:\/\/www.youtube.com\/channel\/UCgeGGkvOMahZo-xu_MSEWxg"]}]}},"_links":{"self":[{"href":"https:\/\/naturalpoland.com\/cs\/wp-json\/wp\/v2\/product\/5776","targetHints":{"allow":["GET"]}}],"collection":[{"href":"https:\/\/naturalpoland.com\/cs\/wp-json\/wp\/v2\/product"}],"about":[{"href":"https:\/\/naturalpoland.com\/cs\/wp-json\/wp\/v2\/types\/product"}],"wp:featuredmedia":[{"embeddable":true,"href":"https:\/\/naturalpoland.com\/cs\/wp-json\/wp\/v2\/media\/38925"}],"wp:attachment":[{"href":"https:\/\/naturalpoland.com\/cs\/wp-json\/wp\/v2\/media?parent=5776"}],"wp:term":[{"taxonomy":"product_brand","embeddable":true,"href":"https:\/\/naturalpoland.com\/cs\/wp-json\/wp\/v2\/product_brand?post=5776"},{"taxonomy":"product_cat","embeddable":true,"href":"https:\/\/naturalpoland.com\/cs\/wp-json\/wp\/v2\/product_cat?post=5776"},{"taxonomy":"product_tag","embeddable":true,"href":"https:\/\/naturalpoland.com\/cs\/wp-json\/wp\/v2\/product_tag?post=5776"}],"curies":[{"name":"wp","href":"https:\/\/api.w.org\/{rel}","templated":true}]}}