{"id":5778,"date":"2021-05-21T10:52:44","date_gmt":"2021-08-06T10:07:41","guid":{"rendered":"https:\/\/naturalpoland.pl\/produkty\/nezarazene\/kyselina-azelaova\/"},"modified":"2024-09-10T14:09:33","modified_gmt":"2024-09-10T12:09:33","slug":"kyselina-azelaova","status":"publish","type":"product","link":"https:\/\/naturalpoland.com\/cs\/produkty\/produkty-pro-kosmeticky-prumysl\/kyseliny\/kyselina-azelaova\/","title":{"rendered":"Kyselina azelaov\u00e1"},"content":{"rendered":"<p>Kyselina azelaov\u00e1 m\u00e1 jednoduchou strukturu, skl\u00e1d\u00e1 se pouze z atom\u016f uhl\u00edku, vod\u00edku a kysl\u00edku.<br \/>\nP\u0159irozen\u011b se vyskytuje v p\u0159\u00edrod\u011b, nap\u0159. v obilovin\u00e1ch, jako je p\u0161enice, \u017eito a je\u010dmen.<br \/>\nVyskytuje se v p\u0159\u00edrod\u011b, mimo jin\u00e9 v obilovin\u00e1ch, jako je p\u0161enice, \u017eito a je\u010dmen, a je tak\u00e9 produkov\u00e1na kvasinkou Malassezia furfur, kter\u00e1 je sou\u010d\u00e1st\u00ed p\u0159irozen\u00e9 mikrofl\u00f3ry lidsk\u00e9 k\u016f\u017ee.    <\/p>\n<h2>Vlastnosti a \u00fa\u010dinky kyseliny azelaov\u00e9<\/h2>\n<p>  Kyselina azelaov\u00e1 je \u0161irokospektr\u00e1ln\u00ed slo\u017ekou v dermatologii a kosmetologii:  <\/p>\n<ul>\n<li><strong>P\u016fsob\u00ed protiz\u00e1n\u011btliv\u011b<\/strong> &#8211; zklid\u0148uje <strong>zan\u00edcenou<\/strong> poko\u017eku, sni\u017euje zarudnut\u00ed a otoky, tak\u017ee je \u00fa\u010dinnou slo\u017ekou p\u0159i l\u00e9\u010db\u011b r\u016f\u017eovky a dal\u0161\u00edch z\u00e1n\u011btliv\u00fdch ko\u017en\u00edch onemocn\u011bn\u00ed.<br \/>\nM\u00e1 tak\u00e9 zklid\u0148uj\u00edc\u00ed \u00fa\u010dinek na ple\u0165 s projevy hormon\u00e1ln\u00edho akn\u00e9, sni\u017euje nep\u0159\u00edjemn\u00e9 p\u0159\u00edznaky, jako je sv\u011bd\u011bn\u00ed a p\u00e1len\u00ed. <\/li>\n<li><strong>Antibakteri\u00e1ln\u00ed \u00fa\u010dinek<\/strong> &#8211; potla\u010duje r\u016fst anaerobn\u00edch bakteri\u00ed, jako je <em>Propionibacterium acnes<\/em>, a aerobn\u00edch bakteri\u00ed, jako je <em>Staphylococcus epidermidis<\/em>, kter\u00e9 jsou zodpov\u011bdn\u00e9 za z\u00e1n\u011bty k\u016f\u017ee a akn\u00e9 <em>vulgaris<\/em>.<br \/>\nT\u00edm \u00fa\u010dinn\u011b omezuje tvorbu pup\u00ednk\u016f a \u010dern\u00fdch te\u010dek. <\/li>\n<li><strong>Keratolytick\u00fd a komedolytick\u00fd \u00fa\u010dinek<\/strong> &#8211; m\u00e1 exfolia\u010dn\u00ed vlastnosti, jemn\u011b odlupuje odum\u0159el\u00e9 ko\u017en\u00ed bu\u0148ky a urychluje proces obnovy bun\u011bk.<br \/>\nJeho keratolytick\u00fd \u00fa\u010dinek pom\u00e1h\u00e1 p\u0159edch\u00e1zet ucp\u00e1v\u00e1n\u00ed p\u00f3r\u016f a tvorb\u011b \u010dern\u00fdch te\u010dek a normalizuje proces keratinizace poko\u017eky, co\u017e sni\u017euje po\u010det \u010dern\u00fdch te\u010dek a pup\u00ednk\u016f. <\/li>\n<li><strong>Rozjas\u0148uj\u00edc\u00ed \u00fa\u010dinek<\/strong> &#8211; sni\u017euje aktivitu melanocyt\u016f inhibic\u00ed enzymu tyrozin\u00e1zy, kter\u00fd je zodpov\u011bdn\u00fd za tvorbu melaninu.<br \/>\nT\u00edm \u00fa\u010dinn\u011b zesv\u011btluje poz\u00e1n\u011btliv\u00e9 hyperpigmentace zp\u016fsoben\u00e9 sluncem nebo hormon\u00e1ln\u00edmi zm\u011bnami a sni\u017euje viditelnost st\u00e1vaj\u00edc\u00edch pigmentov\u00fdch skvrn. <\/li>\n<li><strong>Antioxida\u010dn\u00ed \u00fa\u010dinky<\/strong> &#8211; je siln\u00fdm antioxidantem, co\u017e znamen\u00e1, \u017ee neutralizuje voln\u00e9 radik\u00e1ly, kter\u00e9 jsou zodpov\u011bdn\u00e9 za p\u0159ed\u010dasn\u00e9 st\u00e1rnut\u00ed pleti a z\u00e1n\u011bty.<br \/>\nPosiluje tak\u00e9 ochrannou bari\u00e9ru poko\u017eky a p\u016fsob\u00ed proti \u0161kodliv\u00fdm \u00fa\u010dink\u016fm vn\u011bj\u0161\u00edch faktor\u016f. <\/li>\n<li><strong>Seboregula\u010dn\u00ed \u00fa\u010dinek<\/strong> &#8211; reguluje tvorbu ko\u017en\u00edho mazu v mazov\u00fdch \u017el\u00e1z\u00e1ch, zabra\u0148uje jeho nadm\u011brn\u00e9mu vylu\u010dov\u00e1n\u00ed a sni\u017euje riziko vzniku \u010dern\u00fdch te\u010dek.<\/li>\n<\/ul>\n<h2>Pou\u017eit\u00ed kyseliny azelaov\u00e9<\/h2>\n<p>  Kyselina azelaov\u00e1 se hojn\u011b pou\u017e\u00edv\u00e1 v dermatologii a kosmetologii.<br \/>\nJe vhodn\u00e1 pro r\u016fzn\u00e9 typy pleti, v\u010detn\u011b mastn\u00e9 pleti, akn\u00e9, citliv\u00e9 pleti, c\u00e9vn\u00ed pleti a pleti s prvn\u00edmi zn\u00e1mkami st\u00e1rnut\u00ed.<br \/>\nLze ji pou\u017e\u00edvat celoro\u010dn\u011b, proto\u017ee nevykazuje fotosenzibilizuj\u00edc\u00ed vlastnosti.<br \/>\nPou\u017e\u00edv\u00e1 se v p\u0159\u00edpravc\u00edch proti akn\u00e9, rozjas\u0148uj\u00edc\u00edch, reguluj\u00edc\u00edch tvorbu ko\u017en\u00edho mazu a jako antioxidant a protiz\u00e1n\u011btliv\u00fd prost\u0159edek.<br \/>\nKyselina azelaov\u00e1 je slo\u017eka pova\u017eovan\u00e1 za bezpe\u010dnou, ale jej\u00ed pou\u017eit\u00ed m\u016f\u017ee zp\u016fsobit ne\u017e\u00e1douc\u00ed \u00fa\u010dinky, jako je p\u00e1len\u00ed, zarudnut\u00ed, suchost, podr\u00e1\u017ed\u011bn\u00ed, odlupov\u00e1n\u00ed nebo sv\u011bd\u011bn\u00ed v m\u00edst\u011b aplikace.<br \/>\nJej\u00ed pou\u017eit\u00ed se nedoporu\u010duje v p\u0159\u00edpad\u011b aktivn\u00edch ko\u017en\u00edch infekc\u00ed, p\u0159ecitliv\u011blosti na slo\u017eku nebo p\u0159i l\u00e9\u010db\u011b deriv\u00e1ty vitaminu A.     <\/p>\n","protected":false},"excerpt":{"rendered":"<p><strong>Kyselina azelaov\u00e1 (kyselina azelaov\u00e1)<\/strong> je organick\u00e1 chemick\u00e1 slou\u010denina pat\u0159\u00edc\u00ed do skupiny nasycen\u00fdch dikarboxylov\u00fdch kyselin pro pou\u017eit\u00ed u v\u0161ech typ\u016f pleti.<br \/>\nDoporu\u010duje se zejm\u00e9na p\u0159i r\u016f\u017eovce, eryt\u00e9mu nebo hyperpigmentaci. <\/p>\n","protected":false},"featured_media":13100,"template":"","meta":[],"product_brand":[],"product_cat":[5448],"product_tag":[],"class_list":{"0":"post-5778","1":"product","2":"type-product","3":"status-publish","4":"has-post-thumbnail","6":"product_cat-kyseliny","7":"pa_grupa-substancji-antioxidanty","9":"first","10":"instock","11":"shipping-taxable","12":"product-type-simple"},"yoast_head":"<!-- This site is optimized with the Yoast SEO plugin v27.3 - https:\/\/yoast.com\/product\/yoast-seo-wordpress\/ -->\n<title>Kyselina azelaov\u00e1 - NATURAL POLAND - Velkoobchodn\u00ed distributor surovin<\/title>\n<meta name=\"description\" content=\"Kyselina azelaov\u00e1 je univerz\u00e1ln\u00ed slo\u017eka, kter\u00e1 se pou\u017e\u00edv\u00e1 v mnoha kosmetick\u00fdch a dermatologick\u00fdch p\u0159\u00edpravc\u00edch.\" \/>\n<meta name=\"robots\" content=\"index, follow, max-snippet:-1, max-image-preview:large, max-video-preview:-1\" \/>\n<link rel=\"canonical\" href=\"https:\/\/naturalpoland.com\/cs\/produkty\/produkty-pro-kosmeticky-prumysl\/kyseliny\/kyselina-azelaova\/\" \/>\n<meta property=\"og:locale\" content=\"cs_CZ\" \/>\n<meta property=\"og:type\" content=\"article\" \/>\n<meta property=\"og:title\" content=\"Kyselina azelaov\u00e1 - NATURAL POLAND - Velkoobchodn\u00ed distributor surovin\" \/>\n<meta property=\"og:description\" content=\"Kyselina azelaov\u00e1 je univerz\u00e1ln\u00ed slo\u017eka, kter\u00e1 se pou\u017e\u00edv\u00e1 v mnoha kosmetick\u00fdch a dermatologick\u00fdch p\u0159\u00edpravc\u00edch.\" \/>\n<meta property=\"og:url\" content=\"https:\/\/naturalpoland.com\/cs\/produkty\/produkty-pro-kosmeticky-prumysl\/kyseliny\/kyselina-azelaova\/\" \/>\n<meta property=\"og:site_name\" content=\"NATURAL POLAND - Velkoobchodn\u00ed distributor surovin\" \/>\n<meta property=\"article:publisher\" content=\"https:\/\/www.facebook.com\/naturalpoland.b2b\" \/>\n<meta property=\"article:modified_time\" content=\"2024-09-10T12:09:33+00:00\" \/>\n<meta property=\"og:image\" content=\"https:\/\/naturalpoland.com\/wp-content\/uploads\/Kwas-azelainowy.jpg\" \/>\n\t<meta property=\"og:image:width\" content=\"650\" \/>\n\t<meta property=\"og:image:height\" content=\"650\" \/>\n\t<meta property=\"og:image:type\" content=\"image\/jpeg\" \/>\n<script type=\"application\/ld+json\" class=\"yoast-schema-graph\">{\"@context\":\"https:\\\/\\\/schema.org\",\"@graph\":[{\"@type\":\"WebPage\",\"@id\":\"https:\\\/\\\/naturalpoland.com\\\/cs\\\/produkty\\\/produkty-pro-kosmeticky-prumysl\\\/kyseliny\\\/kyselina-azelaova\\\/\",\"url\":\"https:\\\/\\\/naturalpoland.com\\\/cs\\\/produkty\\\/produkty-pro-kosmeticky-prumysl\\\/kyseliny\\\/kyselina-azelaova\\\/\",\"name\":\"Kyselina azelaov\u00e1 - NATURAL POLAND - Velkoobchodn\u00ed distributor surovin\",\"isPartOf\":{\"@id\":\"https:\\\/\\\/naturalpoland.com\\\/cs\\\/#website\"},\"primaryImageOfPage\":{\"@id\":\"https:\\\/\\\/naturalpoland.com\\\/cs\\\/produkty\\\/produkty-pro-kosmeticky-prumysl\\\/kyseliny\\\/kyselina-azelaova\\\/#primaryimage\"},\"image\":{\"@id\":\"https:\\\/\\\/naturalpoland.com\\\/cs\\\/produkty\\\/produkty-pro-kosmeticky-prumysl\\\/kyseliny\\\/kyselina-azelaova\\\/#primaryimage\"},\"thumbnailUrl\":\"https:\\\/\\\/naturalpoland.com\\\/wp-content\\\/uploads\\\/Kwas-azelainowy.jpg\",\"datePublished\":\"2021-08-06T10:07:41+00:00\",\"dateModified\":\"2024-09-10T12:09:33+00:00\",\"description\":\"Kyselina azelaov\u00e1 je univerz\u00e1ln\u00ed slo\u017eka, kter\u00e1 se pou\u017e\u00edv\u00e1 v mnoha kosmetick\u00fdch a dermatologick\u00fdch p\u0159\u00edpravc\u00edch.\",\"breadcrumb\":{\"@id\":\"https:\\\/\\\/naturalpoland.com\\\/cs\\\/produkty\\\/produkty-pro-kosmeticky-prumysl\\\/kyseliny\\\/kyselina-azelaova\\\/#breadcrumb\"},\"inLanguage\":\"cs\",\"potentialAction\":[{\"@type\":\"ReadAction\",\"target\":[\"https:\\\/\\\/naturalpoland.com\\\/cs\\\/produkty\\\/produkty-pro-kosmeticky-prumysl\\\/kyseliny\\\/kyselina-azelaova\\\/\"]}]},{\"@type\":\"ImageObject\",\"inLanguage\":\"cs\",\"@id\":\"https:\\\/\\\/naturalpoland.com\\\/cs\\\/produkty\\\/produkty-pro-kosmeticky-prumysl\\\/kyseliny\\\/kyselina-azelaova\\\/#primaryimage\",\"url\":\"https:\\\/\\\/naturalpoland.com\\\/wp-content\\\/uploads\\\/Kwas-azelainowy.jpg\",\"contentUrl\":\"https:\\\/\\\/naturalpoland.com\\\/wp-content\\\/uploads\\\/Kwas-azelainowy.jpg\",\"width\":650,\"height\":650,\"caption\":\"kwas azelainowy\"},{\"@type\":\"BreadcrumbList\",\"@id\":\"https:\\\/\\\/naturalpoland.com\\\/cs\\\/produkty\\\/produkty-pro-kosmeticky-prumysl\\\/kyseliny\\\/kyselina-azelaova\\\/#breadcrumb\",\"itemListElement\":[{\"@type\":\"ListItem\",\"position\":1,\"name\":\"Dom\u016f\",\"item\":\"https:\\\/\\\/naturalpoland.com\\\/cs\\\/\"},{\"@type\":\"ListItem\",\"position\":2,\"name\":\"Produkty\",\"item\":\"https:\\\/\\\/naturalpoland.com\\\/cs\\\/produkty\\\/\"},{\"@type\":\"ListItem\",\"position\":3,\"name\":\"Kyselina azelaov\u00e1\"}]},{\"@type\":\"WebSite\",\"@id\":\"https:\\\/\\\/naturalpoland.com\\\/cs\\\/#website\",\"url\":\"https:\\\/\\\/naturalpoland.com\\\/cs\\\/\",\"name\":\"NATURAL POLAND - Velkoobchodn\u00ed distributor surovin\",\"description\":\"Surowce dla przemys\u0142u spo\u017cywczego, kosmetycznego i farmaceutycznego\",\"publisher\":{\"@id\":\"https:\\\/\\\/naturalpoland.com\\\/cs\\\/#organization\"},\"potentialAction\":[{\"@type\":\"SearchAction\",\"target\":{\"@type\":\"EntryPoint\",\"urlTemplate\":\"https:\\\/\\\/naturalpoland.com\\\/cs\\\/?s={search_term_string}\"},\"query-input\":{\"@type\":\"PropertyValueSpecification\",\"valueRequired\":true,\"valueName\":\"search_term_string\"}}],\"inLanguage\":\"cs\"},{\"@type\":\"Organization\",\"@id\":\"https:\\\/\\\/naturalpoland.com\\\/cs\\\/#organization\",\"name\":\"Natural Poland\",\"url\":\"https:\\\/\\\/naturalpoland.com\\\/cs\\\/\",\"logo\":{\"@type\":\"ImageObject\",\"inLanguage\":\"cs\",\"@id\":\"https:\\\/\\\/naturalpoland.com\\\/cs\\\/#\\\/schema\\\/logo\\\/image\\\/\",\"url\":\"https:\\\/\\\/naturalpoland.com\\\/wp-content\\\/uploads\\\/2021\\\/05\\\/natural-poland-icon.png\",\"contentUrl\":\"https:\\\/\\\/naturalpoland.com\\\/wp-content\\\/uploads\\\/2021\\\/05\\\/natural-poland-icon.png\",\"width\":512,\"height\":512,\"caption\":\"Natural Poland\"},\"image\":{\"@id\":\"https:\\\/\\\/naturalpoland.com\\\/cs\\\/#\\\/schema\\\/logo\\\/image\\\/\"},\"sameAs\":[\"https:\\\/\\\/www.facebook.com\\\/naturalpoland.b2b\",\"https:\\\/\\\/pl.linkedin.com\\\/company\\\/natural-poland\",\"https:\\\/\\\/www.youtube.com\\\/channel\\\/UCgeGGkvOMahZo-xu_MSEWxg\"]}]}<\/script>\n<!-- \/ Yoast SEO plugin. -->","yoast_head_json":{"title":"Kyselina azelaov\u00e1 - NATURAL POLAND - Velkoobchodn\u00ed distributor surovin","description":"Kyselina azelaov\u00e1 je univerz\u00e1ln\u00ed slo\u017eka, kter\u00e1 se pou\u017e\u00edv\u00e1 v mnoha kosmetick\u00fdch a dermatologick\u00fdch p\u0159\u00edpravc\u00edch.","robots":{"index":"index","follow":"follow","max-snippet":"max-snippet:-1","max-image-preview":"max-image-preview:large","max-video-preview":"max-video-preview:-1"},"canonical":"https:\/\/naturalpoland.com\/cs\/produkty\/produkty-pro-kosmeticky-prumysl\/kyseliny\/kyselina-azelaova\/","og_locale":"cs_CZ","og_type":"article","og_title":"Kyselina azelaov\u00e1 - NATURAL POLAND - Velkoobchodn\u00ed distributor surovin","og_description":"Kyselina azelaov\u00e1 je univerz\u00e1ln\u00ed slo\u017eka, kter\u00e1 se pou\u017e\u00edv\u00e1 v mnoha kosmetick\u00fdch a dermatologick\u00fdch p\u0159\u00edpravc\u00edch.","og_url":"https:\/\/naturalpoland.com\/cs\/produkty\/produkty-pro-kosmeticky-prumysl\/kyseliny\/kyselina-azelaova\/","og_site_name":"NATURAL POLAND - Velkoobchodn\u00ed distributor surovin","article_publisher":"https:\/\/www.facebook.com\/naturalpoland.b2b","article_modified_time":"2024-09-10T12:09:33+00:00","og_image":[{"width":650,"height":650,"url":"https:\/\/naturalpoland.com\/wp-content\/uploads\/Kwas-azelainowy.jpg","type":"image\/jpeg"}],"schema":{"@context":"https:\/\/schema.org","@graph":[{"@type":"WebPage","@id":"https:\/\/naturalpoland.com\/cs\/produkty\/produkty-pro-kosmeticky-prumysl\/kyseliny\/kyselina-azelaova\/","url":"https:\/\/naturalpoland.com\/cs\/produkty\/produkty-pro-kosmeticky-prumysl\/kyseliny\/kyselina-azelaova\/","name":"Kyselina azelaov\u00e1 - NATURAL POLAND - Velkoobchodn\u00ed distributor surovin","isPartOf":{"@id":"https:\/\/naturalpoland.com\/cs\/#website"},"primaryImageOfPage":{"@id":"https:\/\/naturalpoland.com\/cs\/produkty\/produkty-pro-kosmeticky-prumysl\/kyseliny\/kyselina-azelaova\/#primaryimage"},"image":{"@id":"https:\/\/naturalpoland.com\/cs\/produkty\/produkty-pro-kosmeticky-prumysl\/kyseliny\/kyselina-azelaova\/#primaryimage"},"thumbnailUrl":"https:\/\/naturalpoland.com\/wp-content\/uploads\/Kwas-azelainowy.jpg","datePublished":"2021-08-06T10:07:41+00:00","dateModified":"2024-09-10T12:09:33+00:00","description":"Kyselina azelaov\u00e1 je univerz\u00e1ln\u00ed slo\u017eka, kter\u00e1 se pou\u017e\u00edv\u00e1 v mnoha kosmetick\u00fdch a dermatologick\u00fdch p\u0159\u00edpravc\u00edch.","breadcrumb":{"@id":"https:\/\/naturalpoland.com\/cs\/produkty\/produkty-pro-kosmeticky-prumysl\/kyseliny\/kyselina-azelaova\/#breadcrumb"},"inLanguage":"cs","potentialAction":[{"@type":"ReadAction","target":["https:\/\/naturalpoland.com\/cs\/produkty\/produkty-pro-kosmeticky-prumysl\/kyseliny\/kyselina-azelaova\/"]}]},{"@type":"ImageObject","inLanguage":"cs","@id":"https:\/\/naturalpoland.com\/cs\/produkty\/produkty-pro-kosmeticky-prumysl\/kyseliny\/kyselina-azelaova\/#primaryimage","url":"https:\/\/naturalpoland.com\/wp-content\/uploads\/Kwas-azelainowy.jpg","contentUrl":"https:\/\/naturalpoland.com\/wp-content\/uploads\/Kwas-azelainowy.jpg","width":650,"height":650,"caption":"kwas azelainowy"},{"@type":"BreadcrumbList","@id":"https:\/\/naturalpoland.com\/cs\/produkty\/produkty-pro-kosmeticky-prumysl\/kyseliny\/kyselina-azelaova\/#breadcrumb","itemListElement":[{"@type":"ListItem","position":1,"name":"Dom\u016f","item":"https:\/\/naturalpoland.com\/cs\/"},{"@type":"ListItem","position":2,"name":"Produkty","item":"https:\/\/naturalpoland.com\/cs\/produkty\/"},{"@type":"ListItem","position":3,"name":"Kyselina azelaov\u00e1"}]},{"@type":"WebSite","@id":"https:\/\/naturalpoland.com\/cs\/#website","url":"https:\/\/naturalpoland.com\/cs\/","name":"NATURAL POLAND - Velkoobchodn\u00ed distributor surovin","description":"Surowce dla przemys\u0142u spo\u017cywczego, kosmetycznego i farmaceutycznego","publisher":{"@id":"https:\/\/naturalpoland.com\/cs\/#organization"},"potentialAction":[{"@type":"SearchAction","target":{"@type":"EntryPoint","urlTemplate":"https:\/\/naturalpoland.com\/cs\/?s={search_term_string}"},"query-input":{"@type":"PropertyValueSpecification","valueRequired":true,"valueName":"search_term_string"}}],"inLanguage":"cs"},{"@type":"Organization","@id":"https:\/\/naturalpoland.com\/cs\/#organization","name":"Natural Poland","url":"https:\/\/naturalpoland.com\/cs\/","logo":{"@type":"ImageObject","inLanguage":"cs","@id":"https:\/\/naturalpoland.com\/cs\/#\/schema\/logo\/image\/","url":"https:\/\/naturalpoland.com\/wp-content\/uploads\/2021\/05\/natural-poland-icon.png","contentUrl":"https:\/\/naturalpoland.com\/wp-content\/uploads\/2021\/05\/natural-poland-icon.png","width":512,"height":512,"caption":"Natural Poland"},"image":{"@id":"https:\/\/naturalpoland.com\/cs\/#\/schema\/logo\/image\/"},"sameAs":["https:\/\/www.facebook.com\/naturalpoland.b2b","https:\/\/pl.linkedin.com\/company\/natural-poland","https:\/\/www.youtube.com\/channel\/UCgeGGkvOMahZo-xu_MSEWxg"]}]}},"_links":{"self":[{"href":"https:\/\/naturalpoland.com\/cs\/wp-json\/wp\/v2\/product\/5778","targetHints":{"allow":["GET"]}}],"collection":[{"href":"https:\/\/naturalpoland.com\/cs\/wp-json\/wp\/v2\/product"}],"about":[{"href":"https:\/\/naturalpoland.com\/cs\/wp-json\/wp\/v2\/types\/product"}],"wp:featuredmedia":[{"embeddable":true,"href":"https:\/\/naturalpoland.com\/cs\/wp-json\/wp\/v2\/media\/13100"}],"wp:attachment":[{"href":"https:\/\/naturalpoland.com\/cs\/wp-json\/wp\/v2\/media?parent=5778"}],"wp:term":[{"taxonomy":"product_brand","embeddable":true,"href":"https:\/\/naturalpoland.com\/cs\/wp-json\/wp\/v2\/product_brand?post=5778"},{"taxonomy":"product_cat","embeddable":true,"href":"https:\/\/naturalpoland.com\/cs\/wp-json\/wp\/v2\/product_cat?post=5778"},{"taxonomy":"product_tag","embeddable":true,"href":"https:\/\/naturalpoland.com\/cs\/wp-json\/wp\/v2\/product_tag?post=5778"}],"curies":[{"name":"wp","href":"https:\/\/api.w.org\/{rel}","templated":true}]}}