{"id":5780,"date":"2021-05-11T13:46:09","date_gmt":"2021-08-06T10:13:46","guid":{"rendered":"https:\/\/naturalpoland.pl\/produkty\/nezarazene\/list-sladke-ostruziny\/"},"modified":"2021-08-06T12:13:46","modified_gmt":"2021-08-06T10:13:46","slug":"list-sladke-ostruziny","status":"publish","type":"product","link":"https:\/\/naturalpoland.com\/cs\/produkty\/produkty-pro-potravinarsky-prumysl\/suroviny-pro-vyrobu\/list-sladke-ostruziny\/","title":{"rendered":"List sladk\u00e9 ostru\u017einy"},"content":{"rendered":"<p>List sladk\u00e9 ostru\u017einy pat\u0159\u00ed k t\u011bm organick\u00fdm produkt\u016fm, kter\u00e9 jsou v p\u0159\u00edrodn\u00ed medic\u00edn\u011b p\u0159\u00edtomny u\u017e cel\u00e9 generace. N\u00e1lev z jej\u00edch list\u016f dokonale zah\u0159\u00edv\u00e1 a zvy\u0161uje imunitu. Mezi \u00fa\u010dinky n\u00e1levu z list\u016f sladk\u00e9 ostru\u017einy pat\u0159\u00ed p\u016fsoben\u00ed proti bakteri\u00edm, sn\u00ed\u017een\u00ed hladiny gluk\u00f3zy v krvi, stahuj\u00edc\u00ed \u00fa\u010dinek na sliznice, prevence z\u00e1n\u011bt\u016f a blahod\u00e1rn\u00fd \u00fa\u010dinek na tr\u00e1vic\u00ed syst\u00e9m. Pravideln\u00e9 pou\u017e\u00edv\u00e1n\u00ed n\u00e1levu z list\u016f sladk\u00e9 ostru\u017einy p\u0159in\u00e1\u0161\u00ed pozitivn\u00ed v\u00fdsledky pro fungov\u00e1n\u00ed cel\u00e9ho t\u011bla. Je to mimo\u0159\u00e1dn\u011b obl\u00edben\u00fd produkt, s dobrou chut\u00ed a p\u0159edev\u0161\u00edm bezpe\u010dn\u00fd pro ka\u017ed\u00e9ho.    <\/p>\n<p><strong>M\u00e1me 5 let zku\u0161enost\u00ed s dovozem a distribuc\u00ed list\u016f sladk\u00e9 ostru\u017einy.<\/strong><\/p>\n","protected":false},"excerpt":{"rendered":"<p>Plnohodnotn\u00fd 100% list sladk\u00e9 ostru\u017einy (<em>Rubi suavissimi folium<\/em>) cel\u00fd nebo \u0159ezan\u00fd. Bez p\u0159\u00edm\u011bs\u00ed a p\u0159\u00edsad.<\/p>\n<p>List sladk\u00e9 ostru\u017einy se dov\u00e1\u017e\u00ed z centr\u00e1ln\u00ed oblasti \u010c\u00edny, z panensk\u00fdch horsk\u00fdch oblast\u00ed. Plant\u00e1\u017e se nach\u00e1z\u00ed v nezne\u010di\u0161t\u011bn\u00e9 oblasti.<strong>Samostatn\u011b vyb\u00edr\u00e1me a dohl\u00ed\u017e\u00edme na dovoz tohoto produktu.<\/strong> Pravideln\u00e9 n\u00e1v\u0161t\u011bvy a kontroly plant\u00e1\u017ee zaru\u010duj\u00ed nejvy\u0161\u0161\u00ed kvalitu na\u0161\u00ed suroviny.  <\/p>\n<p>&nbsp;<\/p>\n","protected":false},"featured_media":5781,"template":"","meta":{"_acf_changed":false},"product_brand":[],"product_cat":[641],"product_tag":[],"class_list":{"0":"post-5780","1":"product","2":"type-product","3":"status-publish","4":"has-post-thumbnail","6":"product_cat-suroviny-pro-vyrobu","8":"first","9":"instock","10":"shipping-taxable","11":"product-type-simple"},"acf":[],"yoast_head":"<!-- This site is optimized with the Yoast SEO plugin v27.4 - https:\/\/yoast.com\/product\/yoast-seo-wordpress\/ -->\n<title>List sladk\u00e9 ostru\u017einy - Velkoobchodn\u00ed distributor<\/title>\n<meta name=\"robots\" content=\"index, follow, max-snippet:-1, max-image-preview:large, max-video-preview:-1\" \/>\n<link rel=\"canonical\" href=\"https:\/\/naturalpoland.com\/cs\/produkty\/produkty-pro-potravinarsky-prumysl\/suroviny-pro-vyrobu\/list-sladke-ostruziny\/\" \/>\n<meta property=\"og:locale\" content=\"cs_CZ\" \/>\n<meta property=\"og:type\" content=\"article\" \/>\n<meta property=\"og:title\" content=\"List sladk\u00e9 ostru\u017einy - Velkoobchodn\u00ed distributor\" \/>\n<meta property=\"og:description\" content=\"Plnohodnotn\u00fd 100% list sladk\u00e9 ostru\u017einy (Rubi suavissimi folium) cel\u00fd nebo \u0159ezan\u00fd. Bez p\u0159\u00edm\u011bs\u00ed a p\u0159\u00edsad. List sladk\u00e9 ostru\u017einy se dov\u00e1\u017e\u00ed z centr\u00e1ln\u00ed oblasti \u010c\u00edny, z panensk\u00fdch horsk\u00fdch oblast\u00ed. Plant\u00e1\u017e se nach\u00e1z\u00ed v nezne\u010di\u0161t\u011bn\u00e9 oblasti.Samostatn\u011b vyb\u00edr\u00e1me a dohl\u00ed\u017e\u00edme na dovoz tohoto produktu. Pravideln\u00e9 n\u00e1v\u0161t\u011bvy a kontroly plant\u00e1\u017ee zaru\u010duj\u00ed nejvy\u0161\u0161\u00ed kvalitu na\u0161\u00ed suroviny.  &nbsp;\" \/>\n<meta property=\"og:url\" content=\"https:\/\/naturalpoland.com\/cs\/produkty\/produkty-pro-potravinarsky-prumysl\/suroviny-pro-vyrobu\/list-sladke-ostruziny\/\" \/>\n<meta property=\"og:site_name\" content=\"NATURAL POLAND - Velkoobchodn\u00ed distributor surovin\" \/>\n<meta property=\"article:publisher\" content=\"https:\/\/www.facebook.com\/naturalpoland.b2b\" \/>\n<meta property=\"og:image\" content=\"https:\/\/naturalpoland.com\/wp-content\/uploads\/lisc-jezyny-slodkiej.jpg\" \/>\n\t<meta property=\"og:image:width\" content=\"653\" \/>\n\t<meta property=\"og:image:height\" content=\"600\" \/>\n\t<meta property=\"og:image:type\" content=\"image\/jpeg\" \/>\n<script type=\"application\/ld+json\" class=\"yoast-schema-graph\">{\"@context\":\"https:\\\/\\\/schema.org\",\"@graph\":[{\"@type\":\"WebPage\",\"@id\":\"https:\\\/\\\/naturalpoland.com\\\/cs\\\/produkty\\\/produkty-pro-potravinarsky-prumysl\\\/suroviny-pro-vyrobu\\\/list-sladke-ostruziny\\\/\",\"url\":\"https:\\\/\\\/naturalpoland.com\\\/cs\\\/produkty\\\/produkty-pro-potravinarsky-prumysl\\\/suroviny-pro-vyrobu\\\/list-sladke-ostruziny\\\/\",\"name\":\"List sladk\u00e9 ostru\u017einy - Velkoobchodn\u00ed distributor\",\"isPartOf\":{\"@id\":\"https:\\\/\\\/naturalpoland.com\\\/cs\\\/#website\"},\"primaryImageOfPage\":{\"@id\":\"https:\\\/\\\/naturalpoland.com\\\/cs\\\/produkty\\\/produkty-pro-potravinarsky-prumysl\\\/suroviny-pro-vyrobu\\\/list-sladke-ostruziny\\\/#primaryimage\"},\"image\":{\"@id\":\"https:\\\/\\\/naturalpoland.com\\\/cs\\\/produkty\\\/produkty-pro-potravinarsky-prumysl\\\/suroviny-pro-vyrobu\\\/list-sladke-ostruziny\\\/#primaryimage\"},\"thumbnailUrl\":\"https:\\\/\\\/naturalpoland.com\\\/wp-content\\\/uploads\\\/lisc-jezyny-slodkiej.jpg\",\"datePublished\":\"2021-08-06T10:13:46+00:00\",\"breadcrumb\":{\"@id\":\"https:\\\/\\\/naturalpoland.com\\\/cs\\\/produkty\\\/produkty-pro-potravinarsky-prumysl\\\/suroviny-pro-vyrobu\\\/list-sladke-ostruziny\\\/#breadcrumb\"},\"inLanguage\":\"cs\",\"potentialAction\":[{\"@type\":\"ReadAction\",\"target\":[\"https:\\\/\\\/naturalpoland.com\\\/cs\\\/produkty\\\/produkty-pro-potravinarsky-prumysl\\\/suroviny-pro-vyrobu\\\/list-sladke-ostruziny\\\/\"]}]},{\"@type\":\"ImageObject\",\"inLanguage\":\"cs\",\"@id\":\"https:\\\/\\\/naturalpoland.com\\\/cs\\\/produkty\\\/produkty-pro-potravinarsky-prumysl\\\/suroviny-pro-vyrobu\\\/list-sladke-ostruziny\\\/#primaryimage\",\"url\":\"https:\\\/\\\/naturalpoland.com\\\/wp-content\\\/uploads\\\/lisc-jezyny-slodkiej.jpg\",\"contentUrl\":\"https:\\\/\\\/naturalpoland.com\\\/wp-content\\\/uploads\\\/lisc-jezyny-slodkiej.jpg\",\"width\":653,\"height\":600},{\"@type\":\"BreadcrumbList\",\"@id\":\"https:\\\/\\\/naturalpoland.com\\\/cs\\\/produkty\\\/produkty-pro-potravinarsky-prumysl\\\/suroviny-pro-vyrobu\\\/list-sladke-ostruziny\\\/#breadcrumb\",\"itemListElement\":[{\"@type\":\"ListItem\",\"position\":1,\"name\":\"Dom\u016f\",\"item\":\"https:\\\/\\\/naturalpoland.com\\\/cs\\\/\"},{\"@type\":\"ListItem\",\"position\":2,\"name\":\"Produkty\",\"item\":\"https:\\\/\\\/naturalpoland.com\\\/cs\\\/produkty\\\/\"},{\"@type\":\"ListItem\",\"position\":3,\"name\":\"List sladk\u00e9 ostru\u017einy\"}]},{\"@type\":\"WebSite\",\"@id\":\"https:\\\/\\\/naturalpoland.com\\\/cs\\\/#website\",\"url\":\"https:\\\/\\\/naturalpoland.com\\\/cs\\\/\",\"name\":\"NATURAL POLAND - Velkoobchodn\u00ed distributor surovin\",\"description\":\"Surowce dla przemys\u0142u spo\u017cywczego, kosmetycznego i farmaceutycznego\",\"publisher\":{\"@id\":\"https:\\\/\\\/naturalpoland.com\\\/cs\\\/#organization\"},\"potentialAction\":[{\"@type\":\"SearchAction\",\"target\":{\"@type\":\"EntryPoint\",\"urlTemplate\":\"https:\\\/\\\/naturalpoland.com\\\/cs\\\/?s={search_term_string}\"},\"query-input\":{\"@type\":\"PropertyValueSpecification\",\"valueRequired\":true,\"valueName\":\"search_term_string\"}}],\"inLanguage\":\"cs\"},{\"@type\":\"Organization\",\"@id\":\"https:\\\/\\\/naturalpoland.com\\\/cs\\\/#organization\",\"name\":\"Natural Poland\",\"url\":\"https:\\\/\\\/naturalpoland.com\\\/cs\\\/\",\"logo\":{\"@type\":\"ImageObject\",\"inLanguage\":\"cs\",\"@id\":\"https:\\\/\\\/naturalpoland.com\\\/cs\\\/#\\\/schema\\\/logo\\\/image\\\/\",\"url\":\"https:\\\/\\\/naturalpoland.com\\\/wp-content\\\/uploads\\\/2021\\\/05\\\/natural-poland-icon.png\",\"contentUrl\":\"https:\\\/\\\/naturalpoland.com\\\/wp-content\\\/uploads\\\/2021\\\/05\\\/natural-poland-icon.png\",\"width\":512,\"height\":512,\"caption\":\"Natural Poland\"},\"image\":{\"@id\":\"https:\\\/\\\/naturalpoland.com\\\/cs\\\/#\\\/schema\\\/logo\\\/image\\\/\"},\"sameAs\":[\"https:\\\/\\\/www.facebook.com\\\/naturalpoland.b2b\",\"https:\\\/\\\/pl.linkedin.com\\\/company\\\/natural-poland\",\"https:\\\/\\\/www.youtube.com\\\/channel\\\/UCgeGGkvOMahZo-xu_MSEWxg\"]}]}<\/script>\n<!-- \/ Yoast SEO plugin. -->","yoast_head_json":{"title":"List sladk\u00e9 ostru\u017einy - Velkoobchodn\u00ed distributor","robots":{"index":"index","follow":"follow","max-snippet":"max-snippet:-1","max-image-preview":"max-image-preview:large","max-video-preview":"max-video-preview:-1"},"canonical":"https:\/\/naturalpoland.com\/cs\/produkty\/produkty-pro-potravinarsky-prumysl\/suroviny-pro-vyrobu\/list-sladke-ostruziny\/","og_locale":"cs_CZ","og_type":"article","og_title":"List sladk\u00e9 ostru\u017einy - Velkoobchodn\u00ed distributor","og_description":"Plnohodnotn\u00fd 100% list sladk\u00e9 ostru\u017einy (Rubi suavissimi folium) cel\u00fd nebo \u0159ezan\u00fd. Bez p\u0159\u00edm\u011bs\u00ed a p\u0159\u00edsad. List sladk\u00e9 ostru\u017einy se dov\u00e1\u017e\u00ed z centr\u00e1ln\u00ed oblasti \u010c\u00edny, z panensk\u00fdch horsk\u00fdch oblast\u00ed. Plant\u00e1\u017e se nach\u00e1z\u00ed v nezne\u010di\u0161t\u011bn\u00e9 oblasti.Samostatn\u011b vyb\u00edr\u00e1me a dohl\u00ed\u017e\u00edme na dovoz tohoto produktu. Pravideln\u00e9 n\u00e1v\u0161t\u011bvy a kontroly plant\u00e1\u017ee zaru\u010duj\u00ed nejvy\u0161\u0161\u00ed kvalitu na\u0161\u00ed suroviny.  &nbsp;","og_url":"https:\/\/naturalpoland.com\/cs\/produkty\/produkty-pro-potravinarsky-prumysl\/suroviny-pro-vyrobu\/list-sladke-ostruziny\/","og_site_name":"NATURAL POLAND - Velkoobchodn\u00ed distributor surovin","article_publisher":"https:\/\/www.facebook.com\/naturalpoland.b2b","og_image":[{"width":653,"height":600,"url":"https:\/\/naturalpoland.com\/wp-content\/uploads\/lisc-jezyny-slodkiej.jpg","type":"image\/jpeg"}],"schema":{"@context":"https:\/\/schema.org","@graph":[{"@type":"WebPage","@id":"https:\/\/naturalpoland.com\/cs\/produkty\/produkty-pro-potravinarsky-prumysl\/suroviny-pro-vyrobu\/list-sladke-ostruziny\/","url":"https:\/\/naturalpoland.com\/cs\/produkty\/produkty-pro-potravinarsky-prumysl\/suroviny-pro-vyrobu\/list-sladke-ostruziny\/","name":"List sladk\u00e9 ostru\u017einy - Velkoobchodn\u00ed distributor","isPartOf":{"@id":"https:\/\/naturalpoland.com\/cs\/#website"},"primaryImageOfPage":{"@id":"https:\/\/naturalpoland.com\/cs\/produkty\/produkty-pro-potravinarsky-prumysl\/suroviny-pro-vyrobu\/list-sladke-ostruziny\/#primaryimage"},"image":{"@id":"https:\/\/naturalpoland.com\/cs\/produkty\/produkty-pro-potravinarsky-prumysl\/suroviny-pro-vyrobu\/list-sladke-ostruziny\/#primaryimage"},"thumbnailUrl":"https:\/\/naturalpoland.com\/wp-content\/uploads\/lisc-jezyny-slodkiej.jpg","datePublished":"2021-08-06T10:13:46+00:00","breadcrumb":{"@id":"https:\/\/naturalpoland.com\/cs\/produkty\/produkty-pro-potravinarsky-prumysl\/suroviny-pro-vyrobu\/list-sladke-ostruziny\/#breadcrumb"},"inLanguage":"cs","potentialAction":[{"@type":"ReadAction","target":["https:\/\/naturalpoland.com\/cs\/produkty\/produkty-pro-potravinarsky-prumysl\/suroviny-pro-vyrobu\/list-sladke-ostruziny\/"]}]},{"@type":"ImageObject","inLanguage":"cs","@id":"https:\/\/naturalpoland.com\/cs\/produkty\/produkty-pro-potravinarsky-prumysl\/suroviny-pro-vyrobu\/list-sladke-ostruziny\/#primaryimage","url":"https:\/\/naturalpoland.com\/wp-content\/uploads\/lisc-jezyny-slodkiej.jpg","contentUrl":"https:\/\/naturalpoland.com\/wp-content\/uploads\/lisc-jezyny-slodkiej.jpg","width":653,"height":600},{"@type":"BreadcrumbList","@id":"https:\/\/naturalpoland.com\/cs\/produkty\/produkty-pro-potravinarsky-prumysl\/suroviny-pro-vyrobu\/list-sladke-ostruziny\/#breadcrumb","itemListElement":[{"@type":"ListItem","position":1,"name":"Dom\u016f","item":"https:\/\/naturalpoland.com\/cs\/"},{"@type":"ListItem","position":2,"name":"Produkty","item":"https:\/\/naturalpoland.com\/cs\/produkty\/"},{"@type":"ListItem","position":3,"name":"List sladk\u00e9 ostru\u017einy"}]},{"@type":"WebSite","@id":"https:\/\/naturalpoland.com\/cs\/#website","url":"https:\/\/naturalpoland.com\/cs\/","name":"NATURAL POLAND - Velkoobchodn\u00ed distributor surovin","description":"Surowce dla przemys\u0142u spo\u017cywczego, kosmetycznego i farmaceutycznego","publisher":{"@id":"https:\/\/naturalpoland.com\/cs\/#organization"},"potentialAction":[{"@type":"SearchAction","target":{"@type":"EntryPoint","urlTemplate":"https:\/\/naturalpoland.com\/cs\/?s={search_term_string}"},"query-input":{"@type":"PropertyValueSpecification","valueRequired":true,"valueName":"search_term_string"}}],"inLanguage":"cs"},{"@type":"Organization","@id":"https:\/\/naturalpoland.com\/cs\/#organization","name":"Natural Poland","url":"https:\/\/naturalpoland.com\/cs\/","logo":{"@type":"ImageObject","inLanguage":"cs","@id":"https:\/\/naturalpoland.com\/cs\/#\/schema\/logo\/image\/","url":"https:\/\/naturalpoland.com\/wp-content\/uploads\/2021\/05\/natural-poland-icon.png","contentUrl":"https:\/\/naturalpoland.com\/wp-content\/uploads\/2021\/05\/natural-poland-icon.png","width":512,"height":512,"caption":"Natural Poland"},"image":{"@id":"https:\/\/naturalpoland.com\/cs\/#\/schema\/logo\/image\/"},"sameAs":["https:\/\/www.facebook.com\/naturalpoland.b2b","https:\/\/pl.linkedin.com\/company\/natural-poland","https:\/\/www.youtube.com\/channel\/UCgeGGkvOMahZo-xu_MSEWxg"]}]}},"_links":{"self":[{"href":"https:\/\/naturalpoland.com\/cs\/wp-json\/wp\/v2\/product\/5780","targetHints":{"allow":["GET"]}}],"collection":[{"href":"https:\/\/naturalpoland.com\/cs\/wp-json\/wp\/v2\/product"}],"about":[{"href":"https:\/\/naturalpoland.com\/cs\/wp-json\/wp\/v2\/types\/product"}],"wp:featuredmedia":[{"embeddable":true,"href":"https:\/\/naturalpoland.com\/cs\/wp-json\/wp\/v2\/media\/5781"}],"wp:attachment":[{"href":"https:\/\/naturalpoland.com\/cs\/wp-json\/wp\/v2\/media?parent=5780"}],"wp:term":[{"taxonomy":"product_brand","embeddable":true,"href":"https:\/\/naturalpoland.com\/cs\/wp-json\/wp\/v2\/product_brand?post=5780"},{"taxonomy":"product_cat","embeddable":true,"href":"https:\/\/naturalpoland.com\/cs\/wp-json\/wp\/v2\/product_cat?post=5780"},{"taxonomy":"product_tag","embeddable":true,"href":"https:\/\/naturalpoland.com\/cs\/wp-json\/wp\/v2\/product_tag?post=5780"}],"curies":[{"name":"wp","href":"https:\/\/api.w.org\/{rel}","templated":true}]}}