{"id":5785,"date":"2021-05-11T13:48:55","date_gmt":"2021-05-11T11:48:55","guid":{"rendered":"https:\/\/naturalpoland.pl\/produkty\/nezarazene\/arganovy-olej\/"},"modified":"2026-02-19T12:35:47","modified_gmt":"2026-02-19T11:35:47","slug":"arganovy-olej","status":"publish","type":"product","link":"https:\/\/naturalpoland.com\/cs\/produkty\/produkty-pro-kosmeticky-prumysl\/kosmeticke-oleje\/arganovy-olej\/","title":{"rendered":"Arganov\u00fd olej"},"content":{"rendered":"<p>Arganov\u00fd olej se z\u00edsk\u00e1v\u00e1 z jader plod\u016f, kter\u00e9 produkuje arganovn\u00edk <em>Argania spinosa<\/em>. Olej je vz\u00e1cnou a cennou surovinou pro \u0159e\u0161en\u00ed mnoha kosmetick\u00fdch a zdravotn\u00edch probl\u00e9m\u016f. Obsahuje vysok\u00e9 procento esenci\u00e1ln\u00edch mastn\u00fdch kyselin a fenol\u016f. Je odoln\u011bj\u0161\u00ed v\u016f\u010di oxidaci ne\u017e olivov\u00fd olej.   <\/p>\n<p>Arganov\u00fd olej m\u00e1 velk\u00e9 z\u00e1soby vitaminu E, kter\u00fd p\u016fsob\u00ed na organismus <strong>regenera\u010dn\u011b<\/strong> a <strong>zpomaluje proces st\u00e1rnut\u00ed bun\u011bk<\/strong>. Jedn\u00e1 se o p\u0159\u00edrodn\u00ed produkt, kter\u00fd lze pou\u017e\u00edt na jak\u00fdkoli typ pleti nebo vlas\u016f. Je to tak\u00e9 olej vhodn\u00fd pro osoby s alergick\u00fdmi sklony. Arganov\u00fd olej tak\u00e9 pom\u00e1h\u00e1 bojovat proti celulitid\u011b a stri\u00edm. Je mimo\u0159\u00e1dn\u011b cen\u011bn jako samostatn\u00fd pe\u010duj\u00edc\u00ed produkt nebo jako p\u0159\u00edsada do jin\u00e9 kosmetiky. Pravideln\u00e9 pou\u017e\u00edv\u00e1n\u00ed p\u0159in\u00e1\u0161\u00ed v\u00fdsledky v kr\u00e1tk\u00e9m \u010dase.     <\/p>\n<p>V hovorov\u00e9m jazyce je \u010dasto ozna\u010dov\u00e1n jako tekut\u00e9 zlato Maroka nebo jako elix\u00edr ml\u00e1d\u00ed.<\/p>\n<p>&nbsp;<\/p>\n<h2>Chemick\u00e9 slo\u017een\u00ed arganov\u00e9ho oleje<\/h2>\n<p>Tukov\u00e1 frakce arganov\u00e9ho oleje se skl\u00e1d\u00e1 p\u0159edev\u0161\u00edm z v kosmetice cen\u011bn\u00fdch <strong>nenasycen\u00fdch mastn\u00fdch kyselin:<\/strong> kyseliny olejov\u00e9 (42\u201355 %) a linolov\u00e9 (27\u201340 %), s p\u0159\u00eddavkem nasycen\u00e9 kyseliny palmitov\u00e9 (6\u201316 %).<\/p>\n<table>\n<tbody>\n<tr>\n<td>Palmitov\u00e1<\/td>\n<td>C16:0<\/td>\n<td>6 \u2013 16<\/td>\n<\/tr>\n<tr>\n<td>Stearov\u00e1<\/td>\n<td>C18:0<\/td>\n<td>3 \u2013 8<\/td>\n<\/tr>\n<tr>\n<td>Olejov\u00e1<\/td>\n<td>C18:1<\/td>\n<td>42 \u2013 55<\/td>\n<\/tr>\n<tr>\n<td>Linolov\u00e1<\/td>\n<td>C18:2<\/td>\n<td>27 \u2013 40<\/td>\n<\/tr>\n<\/tbody>\n<\/table>\n<p>&nbsp;<\/p>\n<p>V nezm\u00fddelniteln\u00e9 frakci, kter\u00e1 tvo\u0159\u00ed p\u0159ibli\u017en\u011b 1 % oleje, jsou pak p\u0159\u00edtomny <strong>steroly<\/strong>, mezi nimi\u017e dominuj\u00ed spinasterol a \u0161otenol, a tak\u00e9 triterpenov\u00e9 alkoholy, xantofyly, tokoferoly a dal\u0161\u00ed fenolick\u00e9 slou\u010deniny.<\/p>\n<p>Krom\u011b tukov\u00fdch slo\u017eek si zvl\u00e1\u0161tn\u00ed pozornost zaslou\u017e\u00ed <strong>tokoferoly<\/strong> \u2013 deriv\u00e1ty vitaminu E s velmi siln\u00fdmi antioxida\u010dn\u00edmi vlastnostmi. V arganov\u00e9m oleji dominuje \u03b3-tokoferol, p\u0159\u00edtomny jsou tak\u00e9 \u03b1-tokoferol, \u03b2-tokoferol a \u03b4-tokoferol. <\/p>\n<h1>Jak pou\u017e\u00edvat arganov\u00fd olej?<\/h1>\n<p><strong>Arganov\u00fd olej<\/strong> nen\u00ed bezd\u016fvodn\u011b naz\u00fdv\u00e1n tekut\u00fdm zlatem Maroka. Tato v\u00fdjime\u010dn\u00e1 surovina, z\u00edskan\u00e1 z plod\u016f arganovn\u00edk\u016f (<em>Argania spinosa<\/em>) endemick\u00fdch pro Maroko, je jedn\u00edm z nejobt\u00ed\u017en\u011bji dostupn\u00fdch rostlinn\u00fdch olej\u016f na sv\u011bt\u011b. Z\u00e1rove\u0148 je arganov\u00fd olej d\u00edky sv\u00fdm zdrav\u00ed prosp\u011b\u0161n\u00fdm vlastnostem velmi \u017e\u00e1danou surovinou v kosmetice, \u010dasto ozna\u010dovanou jako \u201eelix\u00edr ml\u00e1d\u00ed\u201c.  <\/p>\n<h3>Arganov\u00fd olej v kosmetice<\/h3>\n<p>Arganov\u00fd olej se pou\u017e\u00edv\u00e1 p\u0159edev\u0161\u00edm v kosmetice \u2013 jak samostatn\u011b, tak jako slo\u017eka komplexn\u00edch p\u0159\u00edpravk\u016f. Jeho chemick\u00e9 slo\u017een\u00ed, zahrnuj\u00edc\u00ed jak nenasycen\u00e9 mastn\u00e9 kyseliny, tak slou\u010deniny se siln\u00fdm antioxida\u010dn\u00edm \u00fa\u010dinkem, zaji\u0161\u0165uje jeho pe\u010duj\u00edc\u00ed, vy\u017eivuj\u00edc\u00ed, regenera\u010dn\u00ed \u00fa\u010dinky a tak\u00e9 sni\u017euje sekreci ko\u017en\u00edho mazu. <\/p>\n<h3>Arganov\u00fd olej pou\u017e\u00edvan\u00fd na ple\u0165<\/h3>\n<p>Ji\u017e p\u0159ed stovkami let marock\u00e9 \u017eeny pou\u017e\u00edvaly arganov\u00fd olej v p\u00e9\u010di o ple\u0165, a p\u0159edev\u0161\u00edm v boji proti akn\u00e9, vyr\u00e1\u017ek\u00e1m, jizv\u00e1m po ne\u0161tovic\u00edch a prasklin\u00e1m na k\u016f\u017ei. V sou\u010dasn\u00e9 dob\u011b se toto pou\u017eit\u00ed nejen udr\u017euje, ale bylo tak\u00e9 v\u011bdecky potvrzeno. <\/p>\n<p>Nav\u00edc je arganov\u00fd olej obzvl\u00e1\u0161t\u011b cen\u011bn pro sv\u00e9 <strong>hydrata\u010dn\u00ed a anti-aging vlastnosti<\/strong> \u2013 hydratuje poko\u017eku, neutralizuje voln\u00e9 radik\u00e1ly, p\u016fsob\u00ed vy\u017eivuj\u00edc\u00edm zp\u016fsobem, podporuje regeneraci a zvy\u0161uje elasticitu epidermis. V jeho kosmetick\u00e9m pou\u017eit\u00ed jsou d\u016fle\u017eit\u00e9 tak\u00e9 fyzik\u00e1ln\u011b-chemick\u00e9 vlastnosti suroviny \u2013 m\u00e1 p\u0159\u00edjemnou v\u016fni, je dokonale absorbov\u00e1n poko\u017ekou a rychle se vst\u0159eb\u00e1v\u00e1. <\/p>\n<p>Vzhledem k popsan\u00fdm vlastnostem lze arganov\u00fd olej pou\u017e\u00edt jako slo\u017eku kosmetick\u00fdch p\u0159\u00edpravk\u016f ur\u010den\u00fdch jak pro akn\u00f3zn\u00ed, tak pro po\u0161kozenou a zralou ple\u0165. Krom\u011b kr\u00e9m\u016f, balz\u00e1m\u016f a s\u00e9r s hydrata\u010dn\u00edm, protivr\u00e1skov\u00fdm a vy\u017eivuj\u00edc\u00edm \u00fa\u010dinkem m\u016f\u017ee b\u00fdt tak\u00e9 slo\u017ekou m\u00fddel, p\u011bn na holen\u00ed a tak\u00e9 se pou\u017e\u00edv\u00e1 samostatn\u011b jako mas\u00e1\u017en\u00ed olej. <\/p>\n<h3>Arganov\u00fd olej pou\u017e\u00edvan\u00fd na vlasy a nehty<\/h3>\n<p>V kosmetice lze arganov\u00fd olej pou\u017e\u00edt tak\u00e9 na vlasy a nehty, kter\u00e9 vy\u017eivuje a posiluje. Pou\u017eit\u00ed arganov\u00e9ho oleje na vlasy je spojeno tak\u00e9 s dal\u0161\u00edmi prosp\u011b\u0161n\u00fdmi vlastnostmi \u2013 dod\u00e1v\u00e1 vlas\u016fm lesk, hebkost, revitalizuje poko\u017eku hlavy a omezuje sekreci ko\u017en\u00edho mazu, \u010d\u00edm\u017e chr\u00e1n\u00ed vlasy p\u0159ed nadm\u011brn\u00fdm ma\u0161t\u011bn\u00edm. Lze jej k tomuto \u00fa\u010delu pou\u017e\u00edt jak jako vlasov\u00fd olej, tak jako slo\u017eku \u0161ampon\u016f a kondicion\u00e9r\u016f.  <\/p>\n<h2>Potravin\u00e1\u0159sk\u00e9 pou\u017eit\u00ed arganov\u00e9ho oleje<\/h2>\n<p>Dal\u0161\u00edm <strong>zp\u016fsobem pou\u017eit\u00ed arganov\u00e9ho oleje<\/strong> je jeho za\u0159azen\u00ed do stravy. Navzdory vysok\u00e9 cen\u011b nach\u00e1z\u00ed tato surovina uplatn\u011bn\u00ed i v potravin\u00e1\u0159stv\u00ed. Jeho origin\u00e1ln\u00ed o\u0159echov\u00e1 chu\u0165 a v\u016fn\u011b dod\u00e1vaj\u00ed pokrm\u016fm orient\u00e1ln\u00ed charakter a nav\u00edc jako sou\u010d\u00e1st stravy m\u00e1 i p\u0159\u00edzniv\u00fd vliv na zdrav\u00ed.  <\/p>\n<p>D\u00edky siln\u00e9mu antioxida\u010dn\u00edmu \u00fa\u010dinku a vysok\u00e9mu obsahu nenasycen\u00fdch mastn\u00fdch kyselin, podobn\u011b jako olivov\u00fd olej, se arganov\u00fd olej osv\u011bd\u010duje v <strong>prevenci kardiovaskul\u00e1rn\u00edch onemocn\u011bn\u00ed<\/strong>. Studie potvrzuj\u00ed jeho \u00fa\u010dinnost p\u0159i sni\u017eov\u00e1n\u00ed hladiny cholesterolu a triglycerid\u016f v krvi, hypotenzn\u00ed a antiaterosklerotick\u00e9 \u00fa\u010dinky. <\/p>\n<hr>\n<p><small><strong>Bibliografia:<\/strong><\/small><\/p>\n<p><small>Charrouf Z, Guillaume D. (2008). Argan oil: Occurrence, composition and impact on human health. Eur. J. Lipid Sci. Technol. 110: 632\u2013636 https:\/\/doi.org\/10.1002\/ejlt.200700220<br \/>\nCisowski W, Fecka I, W\u0142odarczyk M. (2017). Owoce arganii (Argania spinosa (L.) Skeels) \u017ar\u00f3d\u0142em oleju t\u0142ustego. Post\u0119py Fitoter. 6: 47-53 http:\/\/www.postepyfitoterapii.pl\/wp-content\/uploads\/2017\/06\/pf_2017_047-053.pdf<br \/>\nGuillaume D, Charrouf Z. (2011). Argan oil and other argan products: Use in dermocosmetology. Eur. J. Lipid Sci. Technol. 113: 403\u2013408 https:\/\/doi.org\/10.1002\/ejlt.201000417<br \/>\nMat\u0142awska I, \u0141ajs I. (2010). Znaczenie spo\u017cywcze, lecznicze i kosmetyczne oleju arganowego. Post\u0119py Fitoter. 2: 106-113 https:\/\/www.czytelniamedyczna.pl\/3547,znaczenie-spozywcze-lecznicze-i-kosmetyczne-oleju-arganowego.html                <\/small><\/p>\n<hr>\n<h5 class=\"author-name uppercase pt-half\">PharmDr. Katarzyna Kimel  <\/h5>\n<p class=\"author-desc small\">Doktorka farmaceutick\u00fdch v\u011bd, jej\u00ed\u017e v\u011bdeck\u00e9 z\u00e1jmy se soust\u0159ed\u00ed na v\u00fdzkum rostlinn\u00fdch l\u00e9\u010div a biologicky aktivn\u00edch l\u00e1tek p\u0159\u00edrodn\u00edho p\u016fvodu. Milovnice cestov\u00e1n\u00ed a tr\u00e1ven\u00ed voln\u00e9ho \u010dasu v p\u0159\u00edrod\u011b. <\/p>\n","protected":false},"excerpt":{"rendered":"<p><strong>Nerafinovan\u00fd arganov\u00fd olej<\/strong> dod\u00e1van\u00fd z Maroka od ov\u011b\u0159en\u00e9ho dodavatele. <strong>Nem\u00e1 nep\u0159\u00edjemn\u00fd z\u00e1pach!<\/strong> Lze jej bez probl\u00e9m\u016f pou\u017e\u00edvat k v\u00fdrob\u011b v\u0161ech druh\u016f kosmetiky. M\u016f\u017eete si b\u00fdt jisti, \u017ee p\u0159i n\u00e1kupu arganov\u00e9ho oleje u n\u00e1s obdr\u017e\u00edte produkt <strong>ne\u0159ed\u011bn\u00fd<\/strong> a p\u0159edev\u0161\u00edm <strong>\u010derstv\u00fd<\/strong>, s vysok\u00fdm obsahem <strong>vitaminu E.<\/strong>  <\/p>\n","protected":false},"featured_media":36019,"template":"","meta":{"_acf_changed":false},"product_brand":[],"product_cat":[625,636],"product_tag":[],"class_list":{"0":"post-5785","1":"product","2":"type-product","3":"status-publish","4":"has-post-thumbnail","6":"product_cat-jedle-a-kosmeticke-oleje","7":"product_cat-kosmeticke-oleje","8":"pa_czesc-rosliny-orech","9":"pa_grupa-substancji-emoliencia","10":"pa_metoda-pozyskiwania-lisovani-za-studena","12":"first","13":"instock","14":"shipping-taxable","15":"product-type-simple"},"acf":[],"yoast_head":"<!-- This site is optimized with the Yoast SEO plugin v27.5 - https:\/\/yoast.com\/product\/yoast-seo-wordpress\/ -->\n<title>Arganov\u00fd olej - NATURAL POLAND - Velkoobchodn\u00ed distributor surovin<\/title>\n<meta name=\"description\" content=\"Arganov\u00fd olej z Maroka od ov\u011b\u0159en\u00e9ho dodavatele. Nem\u00e1 nep\u0159\u00edjemn\u00fd z\u00e1pach! Lze jej bez probl\u00e9m\u016f pou\u017e\u00edvat k v\u00fdrob\u011b kosmetiky.\" \/>\n<meta name=\"robots\" content=\"index, follow, max-snippet:-1, max-image-preview:large, max-video-preview:-1\" \/>\n<link rel=\"canonical\" href=\"https:\/\/naturalpoland.com\/cs\/produkty\/produkty-pro-kosmeticky-prumysl\/kosmeticke-oleje\/arganovy-olej\/\" \/>\n<meta property=\"og:locale\" content=\"cs_CZ\" \/>\n<meta property=\"og:type\" content=\"article\" \/>\n<meta property=\"og:title\" content=\"Arganov\u00fd olej - NATURAL POLAND - Velkoobchodn\u00ed distributor surovin\" \/>\n<meta property=\"og:description\" content=\"Arganov\u00fd olej z Maroka od ov\u011b\u0159en\u00e9ho dodavatele. Nem\u00e1 nep\u0159\u00edjemn\u00fd z\u00e1pach! Lze jej bez probl\u00e9m\u016f pou\u017e\u00edvat k v\u00fdrob\u011b kosmetiky.\" \/>\n<meta property=\"og:url\" content=\"https:\/\/naturalpoland.com\/cs\/produkty\/produkty-pro-kosmeticky-prumysl\/kosmeticke-oleje\/arganovy-olej\/\" \/>\n<meta property=\"og:site_name\" content=\"NATURAL POLAND - Velkoobchodn\u00ed distributor surovin\" \/>\n<meta property=\"article:publisher\" content=\"https:\/\/www.facebook.com\/naturalpoland.b2b\" \/>\n<meta property=\"article:modified_time\" content=\"2026-02-19T11:35:47+00:00\" \/>\n<meta property=\"og:image\" content=\"https:\/\/naturalpoland.com\/wp-content\/uploads\/argan-oil.webp\" \/>\n\t<meta property=\"og:image:width\" content=\"619\" \/>\n\t<meta property=\"og:image:height\" content=\"619\" \/>\n\t<meta property=\"og:image:type\" content=\"image\/webp\" \/>\n<script type=\"application\/ld+json\" class=\"yoast-schema-graph\">{\"@context\":\"https:\\\/\\\/schema.org\",\"@graph\":[{\"@type\":\"WebPage\",\"@id\":\"https:\\\/\\\/naturalpoland.com\\\/cs\\\/produkty\\\/produkty-pro-kosmeticky-prumysl\\\/kosmeticke-oleje\\\/arganovy-olej\\\/\",\"url\":\"https:\\\/\\\/naturalpoland.com\\\/cs\\\/produkty\\\/produkty-pro-kosmeticky-prumysl\\\/kosmeticke-oleje\\\/arganovy-olej\\\/\",\"name\":\"Arganov\u00fd olej - NATURAL POLAND - Velkoobchodn\u00ed distributor surovin\",\"isPartOf\":{\"@id\":\"https:\\\/\\\/naturalpoland.com\\\/cs\\\/#website\"},\"primaryImageOfPage\":{\"@id\":\"https:\\\/\\\/naturalpoland.com\\\/cs\\\/produkty\\\/produkty-pro-kosmeticky-prumysl\\\/kosmeticke-oleje\\\/arganovy-olej\\\/#primaryimage\"},\"image\":{\"@id\":\"https:\\\/\\\/naturalpoland.com\\\/cs\\\/produkty\\\/produkty-pro-kosmeticky-prumysl\\\/kosmeticke-oleje\\\/arganovy-olej\\\/#primaryimage\"},\"thumbnailUrl\":\"https:\\\/\\\/naturalpoland.com\\\/wp-content\\\/uploads\\\/argan-oil.webp\",\"datePublished\":\"2021-05-11T11:48:55+00:00\",\"dateModified\":\"2026-02-19T11:35:47+00:00\",\"description\":\"Arganov\u00fd olej z Maroka od ov\u011b\u0159en\u00e9ho dodavatele. Nem\u00e1 nep\u0159\u00edjemn\u00fd z\u00e1pach! Lze jej bez probl\u00e9m\u016f pou\u017e\u00edvat k v\u00fdrob\u011b kosmetiky.\",\"breadcrumb\":{\"@id\":\"https:\\\/\\\/naturalpoland.com\\\/cs\\\/produkty\\\/produkty-pro-kosmeticky-prumysl\\\/kosmeticke-oleje\\\/arganovy-olej\\\/#breadcrumb\"},\"inLanguage\":\"cs\",\"potentialAction\":[{\"@type\":\"ReadAction\",\"target\":[\"https:\\\/\\\/naturalpoland.com\\\/cs\\\/produkty\\\/produkty-pro-kosmeticky-prumysl\\\/kosmeticke-oleje\\\/arganovy-olej\\\/\"]}]},{\"@type\":\"ImageObject\",\"inLanguage\":\"cs\",\"@id\":\"https:\\\/\\\/naturalpoland.com\\\/cs\\\/produkty\\\/produkty-pro-kosmeticky-prumysl\\\/kosmeticke-oleje\\\/arganovy-olej\\\/#primaryimage\",\"url\":\"https:\\\/\\\/naturalpoland.com\\\/wp-content\\\/uploads\\\/argan-oil.webp\",\"contentUrl\":\"https:\\\/\\\/naturalpoland.com\\\/wp-content\\\/uploads\\\/argan-oil.webp\",\"width\":619,\"height\":619,\"caption\":\"Arganov\u00fd olej\"},{\"@type\":\"BreadcrumbList\",\"@id\":\"https:\\\/\\\/naturalpoland.com\\\/cs\\\/produkty\\\/produkty-pro-kosmeticky-prumysl\\\/kosmeticke-oleje\\\/arganovy-olej\\\/#breadcrumb\",\"itemListElement\":[{\"@type\":\"ListItem\",\"position\":1,\"name\":\"Dom\u016f\",\"item\":\"https:\\\/\\\/naturalpoland.com\\\/cs\\\/\"},{\"@type\":\"ListItem\",\"position\":2,\"name\":\"Produkty\",\"item\":\"https:\\\/\\\/naturalpoland.com\\\/cs\\\/produkty\\\/\"},{\"@type\":\"ListItem\",\"position\":3,\"name\":\"Arganov\u00fd olej\"}]},{\"@type\":\"WebSite\",\"@id\":\"https:\\\/\\\/naturalpoland.com\\\/cs\\\/#website\",\"url\":\"https:\\\/\\\/naturalpoland.com\\\/cs\\\/\",\"name\":\"NATURAL POLAND - Velkoobchodn\u00ed distributor surovin\",\"description\":\"Surowce dla przemys\u0142u spo\u017cywczego, kosmetycznego i farmaceutycznego\",\"publisher\":{\"@id\":\"https:\\\/\\\/naturalpoland.com\\\/cs\\\/#organization\"},\"potentialAction\":[{\"@type\":\"SearchAction\",\"target\":{\"@type\":\"EntryPoint\",\"urlTemplate\":\"https:\\\/\\\/naturalpoland.com\\\/cs\\\/?s={search_term_string}\"},\"query-input\":{\"@type\":\"PropertyValueSpecification\",\"valueRequired\":true,\"valueName\":\"search_term_string\"}}],\"inLanguage\":\"cs\"},{\"@type\":\"Organization\",\"@id\":\"https:\\\/\\\/naturalpoland.com\\\/cs\\\/#organization\",\"name\":\"Natural Poland\",\"url\":\"https:\\\/\\\/naturalpoland.com\\\/cs\\\/\",\"logo\":{\"@type\":\"ImageObject\",\"inLanguage\":\"cs\",\"@id\":\"https:\\\/\\\/naturalpoland.com\\\/cs\\\/#\\\/schema\\\/logo\\\/image\\\/\",\"url\":\"https:\\\/\\\/naturalpoland.com\\\/wp-content\\\/uploads\\\/2021\\\/05\\\/natural-poland-icon.png\",\"contentUrl\":\"https:\\\/\\\/naturalpoland.com\\\/wp-content\\\/uploads\\\/2021\\\/05\\\/natural-poland-icon.png\",\"width\":512,\"height\":512,\"caption\":\"Natural Poland\"},\"image\":{\"@id\":\"https:\\\/\\\/naturalpoland.com\\\/cs\\\/#\\\/schema\\\/logo\\\/image\\\/\"},\"sameAs\":[\"https:\\\/\\\/www.facebook.com\\\/naturalpoland.b2b\",\"https:\\\/\\\/pl.linkedin.com\\\/company\\\/natural-poland\",\"https:\\\/\\\/www.youtube.com\\\/channel\\\/UCgeGGkvOMahZo-xu_MSEWxg\"]}]}<\/script>\n<!-- \/ Yoast SEO plugin. -->","yoast_head_json":{"title":"Arganov\u00fd olej - NATURAL POLAND - Velkoobchodn\u00ed distributor surovin","description":"Arganov\u00fd olej z Maroka od ov\u011b\u0159en\u00e9ho dodavatele. Nem\u00e1 nep\u0159\u00edjemn\u00fd z\u00e1pach! Lze jej bez probl\u00e9m\u016f pou\u017e\u00edvat k v\u00fdrob\u011b kosmetiky.","robots":{"index":"index","follow":"follow","max-snippet":"max-snippet:-1","max-image-preview":"max-image-preview:large","max-video-preview":"max-video-preview:-1"},"canonical":"https:\/\/naturalpoland.com\/cs\/produkty\/produkty-pro-kosmeticky-prumysl\/kosmeticke-oleje\/arganovy-olej\/","og_locale":"cs_CZ","og_type":"article","og_title":"Arganov\u00fd olej - NATURAL POLAND - Velkoobchodn\u00ed distributor surovin","og_description":"Arganov\u00fd olej z Maroka od ov\u011b\u0159en\u00e9ho dodavatele. Nem\u00e1 nep\u0159\u00edjemn\u00fd z\u00e1pach! Lze jej bez probl\u00e9m\u016f pou\u017e\u00edvat k v\u00fdrob\u011b kosmetiky.","og_url":"https:\/\/naturalpoland.com\/cs\/produkty\/produkty-pro-kosmeticky-prumysl\/kosmeticke-oleje\/arganovy-olej\/","og_site_name":"NATURAL POLAND - Velkoobchodn\u00ed distributor surovin","article_publisher":"https:\/\/www.facebook.com\/naturalpoland.b2b","article_modified_time":"2026-02-19T11:35:47+00:00","og_image":[{"width":619,"height":619,"url":"https:\/\/naturalpoland.com\/wp-content\/uploads\/argan-oil.webp","type":"image\/webp"}],"schema":{"@context":"https:\/\/schema.org","@graph":[{"@type":"WebPage","@id":"https:\/\/naturalpoland.com\/cs\/produkty\/produkty-pro-kosmeticky-prumysl\/kosmeticke-oleje\/arganovy-olej\/","url":"https:\/\/naturalpoland.com\/cs\/produkty\/produkty-pro-kosmeticky-prumysl\/kosmeticke-oleje\/arganovy-olej\/","name":"Arganov\u00fd olej - NATURAL POLAND - Velkoobchodn\u00ed distributor surovin","isPartOf":{"@id":"https:\/\/naturalpoland.com\/cs\/#website"},"primaryImageOfPage":{"@id":"https:\/\/naturalpoland.com\/cs\/produkty\/produkty-pro-kosmeticky-prumysl\/kosmeticke-oleje\/arganovy-olej\/#primaryimage"},"image":{"@id":"https:\/\/naturalpoland.com\/cs\/produkty\/produkty-pro-kosmeticky-prumysl\/kosmeticke-oleje\/arganovy-olej\/#primaryimage"},"thumbnailUrl":"https:\/\/naturalpoland.com\/wp-content\/uploads\/argan-oil.webp","datePublished":"2021-05-11T11:48:55+00:00","dateModified":"2026-02-19T11:35:47+00:00","description":"Arganov\u00fd olej z Maroka od ov\u011b\u0159en\u00e9ho dodavatele. Nem\u00e1 nep\u0159\u00edjemn\u00fd z\u00e1pach! Lze jej bez probl\u00e9m\u016f pou\u017e\u00edvat k v\u00fdrob\u011b kosmetiky.","breadcrumb":{"@id":"https:\/\/naturalpoland.com\/cs\/produkty\/produkty-pro-kosmeticky-prumysl\/kosmeticke-oleje\/arganovy-olej\/#breadcrumb"},"inLanguage":"cs","potentialAction":[{"@type":"ReadAction","target":["https:\/\/naturalpoland.com\/cs\/produkty\/produkty-pro-kosmeticky-prumysl\/kosmeticke-oleje\/arganovy-olej\/"]}]},{"@type":"ImageObject","inLanguage":"cs","@id":"https:\/\/naturalpoland.com\/cs\/produkty\/produkty-pro-kosmeticky-prumysl\/kosmeticke-oleje\/arganovy-olej\/#primaryimage","url":"https:\/\/naturalpoland.com\/wp-content\/uploads\/argan-oil.webp","contentUrl":"https:\/\/naturalpoland.com\/wp-content\/uploads\/argan-oil.webp","width":619,"height":619,"caption":"Arganov\u00fd olej"},{"@type":"BreadcrumbList","@id":"https:\/\/naturalpoland.com\/cs\/produkty\/produkty-pro-kosmeticky-prumysl\/kosmeticke-oleje\/arganovy-olej\/#breadcrumb","itemListElement":[{"@type":"ListItem","position":1,"name":"Dom\u016f","item":"https:\/\/naturalpoland.com\/cs\/"},{"@type":"ListItem","position":2,"name":"Produkty","item":"https:\/\/naturalpoland.com\/cs\/produkty\/"},{"@type":"ListItem","position":3,"name":"Arganov\u00fd olej"}]},{"@type":"WebSite","@id":"https:\/\/naturalpoland.com\/cs\/#website","url":"https:\/\/naturalpoland.com\/cs\/","name":"NATURAL POLAND - Velkoobchodn\u00ed distributor surovin","description":"Surowce dla przemys\u0142u spo\u017cywczego, kosmetycznego i farmaceutycznego","publisher":{"@id":"https:\/\/naturalpoland.com\/cs\/#organization"},"potentialAction":[{"@type":"SearchAction","target":{"@type":"EntryPoint","urlTemplate":"https:\/\/naturalpoland.com\/cs\/?s={search_term_string}"},"query-input":{"@type":"PropertyValueSpecification","valueRequired":true,"valueName":"search_term_string"}}],"inLanguage":"cs"},{"@type":"Organization","@id":"https:\/\/naturalpoland.com\/cs\/#organization","name":"Natural Poland","url":"https:\/\/naturalpoland.com\/cs\/","logo":{"@type":"ImageObject","inLanguage":"cs","@id":"https:\/\/naturalpoland.com\/cs\/#\/schema\/logo\/image\/","url":"https:\/\/naturalpoland.com\/wp-content\/uploads\/2021\/05\/natural-poland-icon.png","contentUrl":"https:\/\/naturalpoland.com\/wp-content\/uploads\/2021\/05\/natural-poland-icon.png","width":512,"height":512,"caption":"Natural Poland"},"image":{"@id":"https:\/\/naturalpoland.com\/cs\/#\/schema\/logo\/image\/"},"sameAs":["https:\/\/www.facebook.com\/naturalpoland.b2b","https:\/\/pl.linkedin.com\/company\/natural-poland","https:\/\/www.youtube.com\/channel\/UCgeGGkvOMahZo-xu_MSEWxg"]}]}},"_links":{"self":[{"href":"https:\/\/naturalpoland.com\/cs\/wp-json\/wp\/v2\/product\/5785","targetHints":{"allow":["GET"]}}],"collection":[{"href":"https:\/\/naturalpoland.com\/cs\/wp-json\/wp\/v2\/product"}],"about":[{"href":"https:\/\/naturalpoland.com\/cs\/wp-json\/wp\/v2\/types\/product"}],"wp:featuredmedia":[{"embeddable":true,"href":"https:\/\/naturalpoland.com\/cs\/wp-json\/wp\/v2\/media\/36019"}],"wp:attachment":[{"href":"https:\/\/naturalpoland.com\/cs\/wp-json\/wp\/v2\/media?parent=5785"}],"wp:term":[{"taxonomy":"product_brand","embeddable":true,"href":"https:\/\/naturalpoland.com\/cs\/wp-json\/wp\/v2\/product_brand?post=5785"},{"taxonomy":"product_cat","embeddable":true,"href":"https:\/\/naturalpoland.com\/cs\/wp-json\/wp\/v2\/product_cat?post=5785"},{"taxonomy":"product_tag","embeddable":true,"href":"https:\/\/naturalpoland.com\/cs\/wp-json\/wp\/v2\/product_tag?post=5785"}],"curies":[{"name":"wp","href":"https:\/\/api.w.org\/{rel}","templated":true}]}}