{"id":5788,"date":"2021-07-06T17:06:40","date_gmt":"2021-07-06T15:06:40","guid":{"rendered":"https:\/\/naturalpoland.pl\/produkty\/nezarazene\/jojobovy-olej-golden\/"},"modified":"2021-08-06T12:37:11","modified_gmt":"2021-08-06T10:37:11","slug":"jojobovy-olej-golden","status":"publish","type":"product","link":"https:\/\/naturalpoland.com\/cs\/produkty\/produkty-pro-kosmeticky-prumysl\/kosmeticke-oleje\/jojobovy-olej-golden\/","title":{"rendered":"Jojobov\u00fd olej golden"},"content":{"rendered":"<p>Jojobov\u00fd olej je druh vosku z\u00edsk\u00e1van\u00e9ho z ke\u0159e Simmondsia Chinensis, kter\u00fd roste v Ji\u017en\u00ed Americe, Africe a Asii. Vyzna\u010duje se \u017elutou barvu a nem\u00e1 v\u016fni ani chu\u0165, co\u017e z n\u011bj \u010din\u00ed vynikaj\u00edc\u00ed b\u00e1zi pro mnoho kosmetick\u00fdch p\u0159\u00edpravk\u016f pro p\u00e9\u010di o ple\u0165. <\/p>\n<h3>Profil mastn\u00fdch kyselin:<\/h3>\n<table>\n<tbody>\n<tr>\n<td><strong>MASTN\u00c1 KYSELINA<\/strong><\/td>\n<td><strong>VAZBA<\/strong><\/td>\n<td><strong>NORMA (%)<\/strong><\/td>\n<\/tr>\n<tr>\n<td>Kyselina palmitov\u00e1<\/td>\n<td>C16:0<\/td>\n<td>0,0-3,0<\/td>\n<\/tr>\n<tr>\n<td>Kyselina palmitoolejov\u00e1<\/td>\n<td>C16:1<\/td>\n<td>0,0-3,0<\/td>\n<\/tr>\n<tr>\n<td>Kyselina olejov\u00e1<\/td>\n<td>C18:1<\/td>\n<td>5,0-15,0<\/td>\n<\/tr>\n<tr>\n<td>Kyselina gadolejov\u00e1<\/td>\n<td>C20:1<\/td>\n<td>65,0-80,0<\/td>\n<\/tr>\n<tr>\n<td>Kyselina erukov\u00e1<\/td>\n<td>C22:1<\/td>\n<td>10,0-20,0<\/td>\n<\/tr>\n<\/tbody>\n<\/table>\n","protected":false},"excerpt":{"rendered":"<p>Jojobov\u00fd olej golden je vysoce kvalitn\u00ed rostlinn\u00fd olej pou\u017e\u00edvan\u00fd ve farmaceutick\u00e9m a kosmetick\u00e9m pr\u016fmyslu. Je bohat\u00fdm zdrojem fytosterol\u016f, vitam\u00edn\u016f (A, E a F) a miner\u00e1ln\u00edch l\u00e1tek (selen, zinek, m\u011b\u010f, chrom, j\u00f3d). D\u00edky tomu p\u0159ipom\u00edn\u00e1 slo\u017een\u00ed lidsk\u00e9ho mazu, co\u017e zaru\u010duje regeneraci, pevnost a ochranu poko\u017eky.  <\/p>\n<p>Krom\u011b toho dokonale hydratuje a vy\u017eivuje such\u00e9 a po\u0161kozen\u00e9 vlasy. D\u00edky sv\u00fdm protiz\u00e1n\u011btliv\u00fdm a lubrika\u010dn\u00edm vlastnostem je ide\u00e1ln\u00ed pro lidi s dermatologick\u00fdmi probl\u00e9my, jako je lup\u00e9nka nebo akn\u00e9. <\/p>\n","protected":false},"featured_media":5789,"template":"","meta":[],"product_brand":[],"product_cat":[625,636],"product_tag":[],"class_list":{"0":"post-5788","1":"product","2":"type-product","3":"status-publish","4":"has-post-thumbnail","6":"product_cat-jedle-a-kosmeticke-oleje","7":"product_cat-kosmeticke-oleje","8":"pa_czesc-rosliny-semena","9":"pa_grupa-substancji-emoliencia","10":"pa_metoda-pozyskiwania-lisovani-za-studena","12":"first","13":"instock","14":"shipping-taxable","15":"product-type-simple"},"yoast_head":"<!-- This site is optimized with the Yoast SEO plugin v27.3 - https:\/\/yoast.com\/product\/yoast-seo-wordpress\/ -->\n<title>Jojobov\u00fd olej golden - Velkoobchodn\u00ed distributor<\/title>\n<meta name=\"robots\" content=\"index, follow, max-snippet:-1, max-image-preview:large, max-video-preview:-1\" \/>\n<link rel=\"canonical\" href=\"https:\/\/naturalpoland.com\/cs\/produkty\/produkty-pro-kosmeticky-prumysl\/kosmeticke-oleje\/jojobovy-olej-golden\/\" \/>\n<meta property=\"og:locale\" content=\"cs_CZ\" \/>\n<meta property=\"og:type\" content=\"article\" \/>\n<meta property=\"og:title\" content=\"Jojobov\u00fd olej golden - Velkoobchodn\u00ed distributor\" \/>\n<meta property=\"og:description\" content=\"Jojobov\u00fd olej golden je vysoce kvalitn\u00ed rostlinn\u00fd olej pou\u017e\u00edvan\u00fd ve farmaceutick\u00e9m a kosmetick\u00e9m pr\u016fmyslu. Je bohat\u00fdm zdrojem fytosterol\u016f, vitam\u00edn\u016f (A, E a F) a miner\u00e1ln\u00edch l\u00e1tek (selen, zinek, m\u011b\u010f, chrom, j\u00f3d). D\u00edky tomu p\u0159ipom\u00edn\u00e1 slo\u017een\u00ed lidsk\u00e9ho mazu, co\u017e zaru\u010duje regeneraci, pevnost a ochranu poko\u017eky.  Krom\u011b toho dokonale hydratuje a vy\u017eivuje such\u00e9 a po\u0161kozen\u00e9 vlasy. D\u00edky sv\u00fdm protiz\u00e1n\u011btliv\u00fdm a lubrika\u010dn\u00edm vlastnostem je ide\u00e1ln\u00ed pro lidi s dermatologick\u00fdmi probl\u00e9my, jako je lup\u00e9nka nebo akn\u00e9.\" \/>\n<meta property=\"og:url\" content=\"https:\/\/naturalpoland.com\/cs\/produkty\/produkty-pro-kosmeticky-prumysl\/kosmeticke-oleje\/jojobovy-olej-golden\/\" \/>\n<meta property=\"og:site_name\" content=\"NATURAL POLAND - Velkoobchodn\u00ed distributor surovin\" \/>\n<meta property=\"article:publisher\" content=\"https:\/\/www.facebook.com\/naturalpoland.b2b\" \/>\n<meta property=\"article:modified_time\" content=\"2021-08-06T10:37:11+00:00\" \/>\n<meta property=\"og:image\" content=\"https:\/\/naturalpoland.com\/wp-content\/uploads\/olej-jojoba.jpg\" \/>\n\t<meta property=\"og:image:width\" content=\"600\" \/>\n\t<meta property=\"og:image:height\" content=\"600\" \/>\n\t<meta property=\"og:image:type\" content=\"image\/jpeg\" \/>\n<script type=\"application\/ld+json\" class=\"yoast-schema-graph\">{\"@context\":\"https:\\\/\\\/schema.org\",\"@graph\":[{\"@type\":\"WebPage\",\"@id\":\"https:\\\/\\\/naturalpoland.com\\\/cs\\\/produkty\\\/produkty-pro-kosmeticky-prumysl\\\/kosmeticke-oleje\\\/jojobovy-olej-golden\\\/\",\"url\":\"https:\\\/\\\/naturalpoland.com\\\/cs\\\/produkty\\\/produkty-pro-kosmeticky-prumysl\\\/kosmeticke-oleje\\\/jojobovy-olej-golden\\\/\",\"name\":\"Jojobov\u00fd olej golden - Velkoobchodn\u00ed distributor\",\"isPartOf\":{\"@id\":\"https:\\\/\\\/naturalpoland.com\\\/cs\\\/#website\"},\"primaryImageOfPage\":{\"@id\":\"https:\\\/\\\/naturalpoland.com\\\/cs\\\/produkty\\\/produkty-pro-kosmeticky-prumysl\\\/kosmeticke-oleje\\\/jojobovy-olej-golden\\\/#primaryimage\"},\"image\":{\"@id\":\"https:\\\/\\\/naturalpoland.com\\\/cs\\\/produkty\\\/produkty-pro-kosmeticky-prumysl\\\/kosmeticke-oleje\\\/jojobovy-olej-golden\\\/#primaryimage\"},\"thumbnailUrl\":\"https:\\\/\\\/naturalpoland.com\\\/wp-content\\\/uploads\\\/olej-jojoba.jpg\",\"datePublished\":\"2021-07-06T15:06:40+00:00\",\"dateModified\":\"2021-08-06T10:37:11+00:00\",\"breadcrumb\":{\"@id\":\"https:\\\/\\\/naturalpoland.com\\\/cs\\\/produkty\\\/produkty-pro-kosmeticky-prumysl\\\/kosmeticke-oleje\\\/jojobovy-olej-golden\\\/#breadcrumb\"},\"inLanguage\":\"cs\",\"potentialAction\":[{\"@type\":\"ReadAction\",\"target\":[\"https:\\\/\\\/naturalpoland.com\\\/cs\\\/produkty\\\/produkty-pro-kosmeticky-prumysl\\\/kosmeticke-oleje\\\/jojobovy-olej-golden\\\/\"]}]},{\"@type\":\"ImageObject\",\"inLanguage\":\"cs\",\"@id\":\"https:\\\/\\\/naturalpoland.com\\\/cs\\\/produkty\\\/produkty-pro-kosmeticky-prumysl\\\/kosmeticke-oleje\\\/jojobovy-olej-golden\\\/#primaryimage\",\"url\":\"https:\\\/\\\/naturalpoland.com\\\/wp-content\\\/uploads\\\/olej-jojoba.jpg\",\"contentUrl\":\"https:\\\/\\\/naturalpoland.com\\\/wp-content\\\/uploads\\\/olej-jojoba.jpg\",\"width\":600,\"height\":600,\"caption\":\"Jojobov\u00fd olej golden\"},{\"@type\":\"BreadcrumbList\",\"@id\":\"https:\\\/\\\/naturalpoland.com\\\/cs\\\/produkty\\\/produkty-pro-kosmeticky-prumysl\\\/kosmeticke-oleje\\\/jojobovy-olej-golden\\\/#breadcrumb\",\"itemListElement\":[{\"@type\":\"ListItem\",\"position\":1,\"name\":\"Dom\u016f\",\"item\":\"https:\\\/\\\/naturalpoland.com\\\/cs\\\/\"},{\"@type\":\"ListItem\",\"position\":2,\"name\":\"Produkty\",\"item\":\"https:\\\/\\\/naturalpoland.com\\\/cs\\\/produkty\\\/\"},{\"@type\":\"ListItem\",\"position\":3,\"name\":\"Jojobov\u00fd olej golden\"}]},{\"@type\":\"WebSite\",\"@id\":\"https:\\\/\\\/naturalpoland.com\\\/cs\\\/#website\",\"url\":\"https:\\\/\\\/naturalpoland.com\\\/cs\\\/\",\"name\":\"NATURAL POLAND - Velkoobchodn\u00ed distributor surovin\",\"description\":\"Surowce dla przemys\u0142u spo\u017cywczego, kosmetycznego i farmaceutycznego\",\"publisher\":{\"@id\":\"https:\\\/\\\/naturalpoland.com\\\/cs\\\/#organization\"},\"potentialAction\":[{\"@type\":\"SearchAction\",\"target\":{\"@type\":\"EntryPoint\",\"urlTemplate\":\"https:\\\/\\\/naturalpoland.com\\\/cs\\\/?s={search_term_string}\"},\"query-input\":{\"@type\":\"PropertyValueSpecification\",\"valueRequired\":true,\"valueName\":\"search_term_string\"}}],\"inLanguage\":\"cs\"},{\"@type\":\"Organization\",\"@id\":\"https:\\\/\\\/naturalpoland.com\\\/cs\\\/#organization\",\"name\":\"Natural Poland\",\"url\":\"https:\\\/\\\/naturalpoland.com\\\/cs\\\/\",\"logo\":{\"@type\":\"ImageObject\",\"inLanguage\":\"cs\",\"@id\":\"https:\\\/\\\/naturalpoland.com\\\/cs\\\/#\\\/schema\\\/logo\\\/image\\\/\",\"url\":\"https:\\\/\\\/naturalpoland.com\\\/wp-content\\\/uploads\\\/2021\\\/05\\\/natural-poland-icon.png\",\"contentUrl\":\"https:\\\/\\\/naturalpoland.com\\\/wp-content\\\/uploads\\\/2021\\\/05\\\/natural-poland-icon.png\",\"width\":512,\"height\":512,\"caption\":\"Natural Poland\"},\"image\":{\"@id\":\"https:\\\/\\\/naturalpoland.com\\\/cs\\\/#\\\/schema\\\/logo\\\/image\\\/\"},\"sameAs\":[\"https:\\\/\\\/www.facebook.com\\\/naturalpoland.b2b\",\"https:\\\/\\\/pl.linkedin.com\\\/company\\\/natural-poland\",\"https:\\\/\\\/www.youtube.com\\\/channel\\\/UCgeGGkvOMahZo-xu_MSEWxg\"]}]}<\/script>\n<!-- \/ Yoast SEO plugin. -->","yoast_head_json":{"title":"Jojobov\u00fd olej golden - Velkoobchodn\u00ed distributor","robots":{"index":"index","follow":"follow","max-snippet":"max-snippet:-1","max-image-preview":"max-image-preview:large","max-video-preview":"max-video-preview:-1"},"canonical":"https:\/\/naturalpoland.com\/cs\/produkty\/produkty-pro-kosmeticky-prumysl\/kosmeticke-oleje\/jojobovy-olej-golden\/","og_locale":"cs_CZ","og_type":"article","og_title":"Jojobov\u00fd olej golden - Velkoobchodn\u00ed distributor","og_description":"Jojobov\u00fd olej golden je vysoce kvalitn\u00ed rostlinn\u00fd olej pou\u017e\u00edvan\u00fd ve farmaceutick\u00e9m a kosmetick\u00e9m pr\u016fmyslu. Je bohat\u00fdm zdrojem fytosterol\u016f, vitam\u00edn\u016f (A, E a F) a miner\u00e1ln\u00edch l\u00e1tek (selen, zinek, m\u011b\u010f, chrom, j\u00f3d). D\u00edky tomu p\u0159ipom\u00edn\u00e1 slo\u017een\u00ed lidsk\u00e9ho mazu, co\u017e zaru\u010duje regeneraci, pevnost a ochranu poko\u017eky.  Krom\u011b toho dokonale hydratuje a vy\u017eivuje such\u00e9 a po\u0161kozen\u00e9 vlasy. D\u00edky sv\u00fdm protiz\u00e1n\u011btliv\u00fdm a lubrika\u010dn\u00edm vlastnostem je ide\u00e1ln\u00ed pro lidi s dermatologick\u00fdmi probl\u00e9my, jako je lup\u00e9nka nebo akn\u00e9.","og_url":"https:\/\/naturalpoland.com\/cs\/produkty\/produkty-pro-kosmeticky-prumysl\/kosmeticke-oleje\/jojobovy-olej-golden\/","og_site_name":"NATURAL POLAND - Velkoobchodn\u00ed distributor surovin","article_publisher":"https:\/\/www.facebook.com\/naturalpoland.b2b","article_modified_time":"2021-08-06T10:37:11+00:00","og_image":[{"width":600,"height":600,"url":"https:\/\/naturalpoland.com\/wp-content\/uploads\/olej-jojoba.jpg","type":"image\/jpeg"}],"schema":{"@context":"https:\/\/schema.org","@graph":[{"@type":"WebPage","@id":"https:\/\/naturalpoland.com\/cs\/produkty\/produkty-pro-kosmeticky-prumysl\/kosmeticke-oleje\/jojobovy-olej-golden\/","url":"https:\/\/naturalpoland.com\/cs\/produkty\/produkty-pro-kosmeticky-prumysl\/kosmeticke-oleje\/jojobovy-olej-golden\/","name":"Jojobov\u00fd olej golden - Velkoobchodn\u00ed distributor","isPartOf":{"@id":"https:\/\/naturalpoland.com\/cs\/#website"},"primaryImageOfPage":{"@id":"https:\/\/naturalpoland.com\/cs\/produkty\/produkty-pro-kosmeticky-prumysl\/kosmeticke-oleje\/jojobovy-olej-golden\/#primaryimage"},"image":{"@id":"https:\/\/naturalpoland.com\/cs\/produkty\/produkty-pro-kosmeticky-prumysl\/kosmeticke-oleje\/jojobovy-olej-golden\/#primaryimage"},"thumbnailUrl":"https:\/\/naturalpoland.com\/wp-content\/uploads\/olej-jojoba.jpg","datePublished":"2021-07-06T15:06:40+00:00","dateModified":"2021-08-06T10:37:11+00:00","breadcrumb":{"@id":"https:\/\/naturalpoland.com\/cs\/produkty\/produkty-pro-kosmeticky-prumysl\/kosmeticke-oleje\/jojobovy-olej-golden\/#breadcrumb"},"inLanguage":"cs","potentialAction":[{"@type":"ReadAction","target":["https:\/\/naturalpoland.com\/cs\/produkty\/produkty-pro-kosmeticky-prumysl\/kosmeticke-oleje\/jojobovy-olej-golden\/"]}]},{"@type":"ImageObject","inLanguage":"cs","@id":"https:\/\/naturalpoland.com\/cs\/produkty\/produkty-pro-kosmeticky-prumysl\/kosmeticke-oleje\/jojobovy-olej-golden\/#primaryimage","url":"https:\/\/naturalpoland.com\/wp-content\/uploads\/olej-jojoba.jpg","contentUrl":"https:\/\/naturalpoland.com\/wp-content\/uploads\/olej-jojoba.jpg","width":600,"height":600,"caption":"Jojobov\u00fd olej golden"},{"@type":"BreadcrumbList","@id":"https:\/\/naturalpoland.com\/cs\/produkty\/produkty-pro-kosmeticky-prumysl\/kosmeticke-oleje\/jojobovy-olej-golden\/#breadcrumb","itemListElement":[{"@type":"ListItem","position":1,"name":"Dom\u016f","item":"https:\/\/naturalpoland.com\/cs\/"},{"@type":"ListItem","position":2,"name":"Produkty","item":"https:\/\/naturalpoland.com\/cs\/produkty\/"},{"@type":"ListItem","position":3,"name":"Jojobov\u00fd olej golden"}]},{"@type":"WebSite","@id":"https:\/\/naturalpoland.com\/cs\/#website","url":"https:\/\/naturalpoland.com\/cs\/","name":"NATURAL POLAND - Velkoobchodn\u00ed distributor surovin","description":"Surowce dla przemys\u0142u spo\u017cywczego, kosmetycznego i farmaceutycznego","publisher":{"@id":"https:\/\/naturalpoland.com\/cs\/#organization"},"potentialAction":[{"@type":"SearchAction","target":{"@type":"EntryPoint","urlTemplate":"https:\/\/naturalpoland.com\/cs\/?s={search_term_string}"},"query-input":{"@type":"PropertyValueSpecification","valueRequired":true,"valueName":"search_term_string"}}],"inLanguage":"cs"},{"@type":"Organization","@id":"https:\/\/naturalpoland.com\/cs\/#organization","name":"Natural Poland","url":"https:\/\/naturalpoland.com\/cs\/","logo":{"@type":"ImageObject","inLanguage":"cs","@id":"https:\/\/naturalpoland.com\/cs\/#\/schema\/logo\/image\/","url":"https:\/\/naturalpoland.com\/wp-content\/uploads\/2021\/05\/natural-poland-icon.png","contentUrl":"https:\/\/naturalpoland.com\/wp-content\/uploads\/2021\/05\/natural-poland-icon.png","width":512,"height":512,"caption":"Natural Poland"},"image":{"@id":"https:\/\/naturalpoland.com\/cs\/#\/schema\/logo\/image\/"},"sameAs":["https:\/\/www.facebook.com\/naturalpoland.b2b","https:\/\/pl.linkedin.com\/company\/natural-poland","https:\/\/www.youtube.com\/channel\/UCgeGGkvOMahZo-xu_MSEWxg"]}]}},"_links":{"self":[{"href":"https:\/\/naturalpoland.com\/cs\/wp-json\/wp\/v2\/product\/5788","targetHints":{"allow":["GET"]}}],"collection":[{"href":"https:\/\/naturalpoland.com\/cs\/wp-json\/wp\/v2\/product"}],"about":[{"href":"https:\/\/naturalpoland.com\/cs\/wp-json\/wp\/v2\/types\/product"}],"wp:featuredmedia":[{"embeddable":true,"href":"https:\/\/naturalpoland.com\/cs\/wp-json\/wp\/v2\/media\/5789"}],"wp:attachment":[{"href":"https:\/\/naturalpoland.com\/cs\/wp-json\/wp\/v2\/media?parent=5788"}],"wp:term":[{"taxonomy":"product_brand","embeddable":true,"href":"https:\/\/naturalpoland.com\/cs\/wp-json\/wp\/v2\/product_brand?post=5788"},{"taxonomy":"product_cat","embeddable":true,"href":"https:\/\/naturalpoland.com\/cs\/wp-json\/wp\/v2\/product_cat?post=5788"},{"taxonomy":"product_tag","embeddable":true,"href":"https:\/\/naturalpoland.com\/cs\/wp-json\/wp\/v2\/product_tag?post=5788"}],"curies":[{"name":"wp","href":"https:\/\/api.w.org\/{rel}","templated":true}]}}