{"id":5790,"date":"2021-05-11T13:50:09","date_gmt":"2021-08-06T10:43:15","guid":{"rendered":"https:\/\/naturalpoland.pl\/produkty\/nezarazene\/olej-ze-semen-cerneho-kminu-cernuchy-sete\/"},"modified":"2024-06-13T13:20:42","modified_gmt":"2024-06-13T11:20:42","slug":"olej-ze-semen-cerneho-kminu","status":"publish","type":"product","link":"https:\/\/naturalpoland.com\/cs\/produkty\/produkty-pro-potravinarsky-prumysl\/jedle-oleje\/olej-ze-semen-cerneho-kminu\/","title":{"rendered":"Olej z \u010dern\u00e9ho km\u00ednu"},"content":{"rendered":"<h2>V\u00fdrobn\u00ed proces<\/h2>\n<p>Tento olej <strong>lisovan\u00fd za studena a nerafinovan\u00fd<\/strong> si zachov\u00e1v\u00e1 v\u0161echny cenn\u00e9 \u017eiviny, tak\u017ee je mimo\u0159\u00e1dn\u011b cenn\u00fd pro mnoho pou\u017eit\u00ed. Lisov\u00e1n\u00ed za studena, kter\u00e9 zachov\u00e1v\u00e1 v\u0161echny cenn\u00e9 \u017eiviny a zaji\u0161\u0165uje, \u017ee olej z\u016fst\u00e1v\u00e1 nerafinovan\u00fd a bez chemick\u00fdch p\u0159\u00edsad.<\/p>\n<h2>\u017diviny<\/h2>\n<p>Olej z \u010dern\u00e9ho km\u00ednu obsahuje vysok\u00e9 koncentrace mastn\u00fdch kyselin <strong>Omega-3<\/strong> a <strong>Omega-6<\/strong> a <strong>kyseliny linolov\u00e9<\/strong>, kter\u00e9 jsou zn\u00e1m\u00e9 sv\u00fdmi p\u0159\u00edzniv\u00fdmi \u00fa\u010dinky na kardiovaskul\u00e1rn\u00ed zdrav\u00ed.<br \/>\nKrom\u011b toho obsahuje <strong>thymochinon<\/strong> a <strong>nigellon<\/strong>, bioaktivn\u00ed slou\u010deniny, kter\u00e9 jsou \u00fa\u010dinn\u00e9 p\u0159i l\u00e9\u010db\u011b alergi\u00ed t\u00edm, \u017ee blokuj\u00ed sekreci histaminu. <\/p>\n<h2>Zdravotn\u00ed vlastnosti km\u00ednov\u00e9ho oleje<\/h2>\n<p>Tento produkt se doporu\u010duje zejm\u00e9na t\u011bm, kte\u0159\u00ed cht\u011bj\u00ed kontrolovat hladinu cholesterolu a cukru v krvi.<br \/>\nOlej z \u010dern\u00e9ho km\u00ednu reguluje metabolismus sacharid\u016f a sni\u017euje hladinu cukru po j\u00eddle, tak\u017ee je u\u017eite\u010dn\u00fd p\u0159i prevenci inzul\u00ednov\u00e9 rezistence a diabetu 2. typu.<br \/>\nKrom\u011b toho je d\u00edky sv\u00e9mu antihistaminov\u00e9mu \u00fa\u010dinku podp\u016frn\u00fd p\u0159i l\u00e9\u010db\u011b alergi\u00ed.  <\/p>\n<h2>Kosmetick\u00e9 pou\u017eit\u00ed<\/h2>\n<p>V kosmetick\u00e9m pr\u016fmyslu je olej z \u010dernuchy cen\u011bn pro sv\u00e9 hydrata\u010dn\u00ed, regenera\u010dn\u00ed a protiz\u00e1n\u011btliv\u00e9 vlastnosti.<br \/>\nJe ide\u00e1ln\u00ed pro suchou, citlivou a problematickou ple\u0165.<br \/>\nP\u0159i pravideln\u00e9m pou\u017e\u00edv\u00e1n\u00ed pom\u00e1h\u00e1 zm\u00edr\u0148ovat z\u00e1n\u011bty poko\u017eky a podporuje p\u0159irozen\u00e9 regenera\u010dn\u00ed procesy.  <\/p>\n<h2>Podpora imunitn\u00edho syst\u00e9mu<\/h2>\n<p>Olej ze semen \u010dernuchy tak\u00e9 podporuje imunitn\u00ed syst\u00e9m d\u00edky sv\u00fdm antivirov\u00fdm a antibakteri\u00e1ln\u00edm \u00fa\u010dink\u016fm.<br \/>\nPom\u00e1h\u00e1 chr\u00e1nit t\u011blo p\u0159ed r\u016fzn\u00fdmi patogeny. <\/p>\n<h2>Skladov\u00e1n\u00ed a balen\u00ed<\/h2>\n<p>Olej z \u010dern\u00e9ho km\u00ednu by se m\u011bl skladovat p\u0159i teplot\u011b do 20 \u00b0C, na tmav\u00e9m m\u00edst\u011b, mimo dosah slune\u010dn\u00edho z\u00e1\u0159en\u00ed. Po otev\u0159en\u00ed skladujte v chladni\u010dce. V\u00fdrobek je balen do schv\u00e1len\u00fdch plastov\u00fdch kbel\u00edk\u016f (20 l) a tmav\u00fdch sklen\u011bn\u00fdch lahv\u00ed (250 ml, 500 ml, 1000 ml). Obal je v souladu s na\u0159\u00edzen\u00edm (ES) \u010d. 1935\/2004.<\/p>\n<h3><\/h3>\n<h2>V\u00fd\u017eivov\u00e9 vlastnosti (na 100 g)<\/h2>\n<ul>\n<li><strong>Energetick\u00e1 hodnota<\/strong>: 3620 kJ\/864 kcal<\/li>\n<li><strong>Tuk<\/strong>: 96,2 g\n<ul>\n<li><strong>Nasycen\u00e9 mastn\u00e9 kyseliny:<\/strong> 14.6g<\/li>\n<li><strong>Mononenasycen\u00e9 mastn\u00e9 kyseliny<\/strong>: 23,8 g<\/li>\n<li><strong>Polynenasycen\u00e9 mastn\u00e9 kyseliny<\/strong>: 53,3 g (z toho omega-6: 52,8 g)<\/li>\n<\/ul>\n<\/li>\n<li><strong>Sacharidy:<\/strong> 2,6 g (z toho cukry: 0 g)<\/li>\n<li><strong>B\u00edlkoviny<\/strong>: 0,7 g<\/li>\n<li><strong>S\u016fl:<\/strong> 0 g<\/li>\n<\/ul>\n","protected":false},"excerpt":{"rendered":"<p>Jako velkoobchodn\u00ed distributor oleje ze semen \u010dernuchy nab\u00edz\u00edme produkt nejvy\u0161\u0161\u00ed potravin\u00e1\u0159sk\u00e9 kvality, kter\u00fd se pou\u017e\u00edv\u00e1 v r\u016fzn\u00fdch odv\u011btv\u00edch &#8211; od potravin\u00e1\u0159stv\u00ed p\u0159es farmacii a\u017e po kosmetiku.<\/p>\n","protected":false},"featured_media":7056,"template":"","meta":{"_acf_changed":false},"product_brand":[],"product_cat":[625,640,636],"product_tag":[],"class_list":{"0":"post-5790","1":"product","2":"type-product","3":"status-publish","4":"has-post-thumbnail","6":"product_cat-jedle-a-kosmeticke-oleje","7":"product_cat-jedle-oleje","8":"product_cat-kosmeticke-oleje","9":"pa_czesc-rosliny-semena","10":"pa_metoda-pozyskiwania-lisovani-za-studena","12":"first","13":"instock","14":"shipping-taxable","15":"product-type-simple"},"acf":[],"yoast_head":"<!-- This site is optimized with the Yoast SEO plugin v27.4 - https:\/\/yoast.com\/product\/yoast-seo-wordpress\/ -->\n<title>Olej z \u010dern\u00e9ho km\u00ednu - NATURAL POLAND - Velkoobchodn\u00ed distributor surovin<\/title>\n<meta name=\"description\" content=\"Nigelov\u00fd olej je nerafinovan\u00fd, tak\u017ee si zachov\u00e1v\u00e1 mnoho p\u0159\u00edrodn\u00edch vlastnost\u00ed. V oleji je vysok\u00e1 koncentrace nenasycen\u00fdch kyselin.\" \/>\n<meta name=\"robots\" content=\"index, follow, max-snippet:-1, max-image-preview:large, max-video-preview:-1\" \/>\n<link rel=\"canonical\" href=\"https:\/\/naturalpoland.com\/cs\/produkty\/produkty-pro-potravinarsky-prumysl\/jedle-oleje\/olej-ze-semen-cerneho-kminu\/\" \/>\n<meta property=\"og:locale\" content=\"cs_CZ\" \/>\n<meta property=\"og:type\" content=\"article\" \/>\n<meta property=\"og:title\" content=\"Olej z \u010dern\u00e9ho km\u00ednu - NATURAL POLAND - Velkoobchodn\u00ed distributor surovin\" \/>\n<meta property=\"og:description\" content=\"Nigelov\u00fd olej je nerafinovan\u00fd, tak\u017ee si zachov\u00e1v\u00e1 mnoho p\u0159\u00edrodn\u00edch vlastnost\u00ed. V oleji je vysok\u00e1 koncentrace nenasycen\u00fdch kyselin.\" \/>\n<meta property=\"og:url\" content=\"https:\/\/naturalpoland.com\/cs\/produkty\/produkty-pro-potravinarsky-prumysl\/jedle-oleje\/olej-ze-semen-cerneho-kminu\/\" \/>\n<meta property=\"og:site_name\" content=\"NATURAL POLAND - Velkoobchodn\u00ed distributor surovin\" \/>\n<meta property=\"article:publisher\" content=\"https:\/\/www.facebook.com\/naturalpoland.b2b\" \/>\n<meta property=\"article:modified_time\" content=\"2024-06-13T11:20:42+00:00\" \/>\n<meta property=\"og:image\" content=\"https:\/\/naturalpoland.com\/wp-content\/uploads\/kminek-1.jpg\" \/>\n\t<meta property=\"og:image:width\" content=\"650\" \/>\n\t<meta property=\"og:image:height\" content=\"650\" \/>\n\t<meta property=\"og:image:type\" content=\"image\/jpeg\" \/>\n<script type=\"application\/ld+json\" class=\"yoast-schema-graph\">{\"@context\":\"https:\\\/\\\/schema.org\",\"@graph\":[{\"@type\":\"WebPage\",\"@id\":\"https:\\\/\\\/naturalpoland.com\\\/cs\\\/produkty\\\/produkty-pro-potravinarsky-prumysl\\\/jedle-oleje\\\/olej-ze-semen-cerneho-kminu\\\/\",\"url\":\"https:\\\/\\\/naturalpoland.com\\\/cs\\\/produkty\\\/produkty-pro-potravinarsky-prumysl\\\/jedle-oleje\\\/olej-ze-semen-cerneho-kminu\\\/\",\"name\":\"Olej z \u010dern\u00e9ho km\u00ednu - NATURAL POLAND - Velkoobchodn\u00ed distributor surovin\",\"isPartOf\":{\"@id\":\"https:\\\/\\\/naturalpoland.com\\\/cs\\\/#website\"},\"primaryImageOfPage\":{\"@id\":\"https:\\\/\\\/naturalpoland.com\\\/cs\\\/produkty\\\/produkty-pro-potravinarsky-prumysl\\\/jedle-oleje\\\/olej-ze-semen-cerneho-kminu\\\/#primaryimage\"},\"image\":{\"@id\":\"https:\\\/\\\/naturalpoland.com\\\/cs\\\/produkty\\\/produkty-pro-potravinarsky-prumysl\\\/jedle-oleje\\\/olej-ze-semen-cerneho-kminu\\\/#primaryimage\"},\"thumbnailUrl\":\"https:\\\/\\\/naturalpoland.com\\\/wp-content\\\/uploads\\\/kminek-1.jpg\",\"datePublished\":\"2021-08-06T10:43:15+00:00\",\"dateModified\":\"2024-06-13T11:20:42+00:00\",\"description\":\"Nigelov\u00fd olej je nerafinovan\u00fd, tak\u017ee si zachov\u00e1v\u00e1 mnoho p\u0159\u00edrodn\u00edch vlastnost\u00ed. V oleji je vysok\u00e1 koncentrace nenasycen\u00fdch kyselin.\",\"breadcrumb\":{\"@id\":\"https:\\\/\\\/naturalpoland.com\\\/cs\\\/produkty\\\/produkty-pro-potravinarsky-prumysl\\\/jedle-oleje\\\/olej-ze-semen-cerneho-kminu\\\/#breadcrumb\"},\"inLanguage\":\"cs\",\"potentialAction\":[{\"@type\":\"ReadAction\",\"target\":[\"https:\\\/\\\/naturalpoland.com\\\/cs\\\/produkty\\\/produkty-pro-potravinarsky-prumysl\\\/jedle-oleje\\\/olej-ze-semen-cerneho-kminu\\\/\"]}]},{\"@type\":\"ImageObject\",\"inLanguage\":\"cs\",\"@id\":\"https:\\\/\\\/naturalpoland.com\\\/cs\\\/produkty\\\/produkty-pro-potravinarsky-prumysl\\\/jedle-oleje\\\/olej-ze-semen-cerneho-kminu\\\/#primaryimage\",\"url\":\"https:\\\/\\\/naturalpoland.com\\\/wp-content\\\/uploads\\\/kminek-1.jpg\",\"contentUrl\":\"https:\\\/\\\/naturalpoland.com\\\/wp-content\\\/uploads\\\/kminek-1.jpg\",\"width\":650,\"height\":650,\"caption\":\"Olej z nasion czarnego kminku (czarnuszki siewnej)\"},{\"@type\":\"BreadcrumbList\",\"@id\":\"https:\\\/\\\/naturalpoland.com\\\/cs\\\/produkty\\\/produkty-pro-potravinarsky-prumysl\\\/jedle-oleje\\\/olej-ze-semen-cerneho-kminu\\\/#breadcrumb\",\"itemListElement\":[{\"@type\":\"ListItem\",\"position\":1,\"name\":\"Dom\u016f\",\"item\":\"https:\\\/\\\/naturalpoland.com\\\/cs\\\/\"},{\"@type\":\"ListItem\",\"position\":2,\"name\":\"Produkty\",\"item\":\"https:\\\/\\\/naturalpoland.com\\\/cs\\\/produkty\\\/\"},{\"@type\":\"ListItem\",\"position\":3,\"name\":\"Olej z \u010dern\u00e9ho km\u00ednu\"}]},{\"@type\":\"WebSite\",\"@id\":\"https:\\\/\\\/naturalpoland.com\\\/cs\\\/#website\",\"url\":\"https:\\\/\\\/naturalpoland.com\\\/cs\\\/\",\"name\":\"NATURAL POLAND - Velkoobchodn\u00ed distributor surovin\",\"description\":\"Surowce dla przemys\u0142u spo\u017cywczego, kosmetycznego i farmaceutycznego\",\"publisher\":{\"@id\":\"https:\\\/\\\/naturalpoland.com\\\/cs\\\/#organization\"},\"potentialAction\":[{\"@type\":\"SearchAction\",\"target\":{\"@type\":\"EntryPoint\",\"urlTemplate\":\"https:\\\/\\\/naturalpoland.com\\\/cs\\\/?s={search_term_string}\"},\"query-input\":{\"@type\":\"PropertyValueSpecification\",\"valueRequired\":true,\"valueName\":\"search_term_string\"}}],\"inLanguage\":\"cs\"},{\"@type\":\"Organization\",\"@id\":\"https:\\\/\\\/naturalpoland.com\\\/cs\\\/#organization\",\"name\":\"Natural Poland\",\"url\":\"https:\\\/\\\/naturalpoland.com\\\/cs\\\/\",\"logo\":{\"@type\":\"ImageObject\",\"inLanguage\":\"cs\",\"@id\":\"https:\\\/\\\/naturalpoland.com\\\/cs\\\/#\\\/schema\\\/logo\\\/image\\\/\",\"url\":\"https:\\\/\\\/naturalpoland.com\\\/wp-content\\\/uploads\\\/2021\\\/05\\\/natural-poland-icon.png\",\"contentUrl\":\"https:\\\/\\\/naturalpoland.com\\\/wp-content\\\/uploads\\\/2021\\\/05\\\/natural-poland-icon.png\",\"width\":512,\"height\":512,\"caption\":\"Natural Poland\"},\"image\":{\"@id\":\"https:\\\/\\\/naturalpoland.com\\\/cs\\\/#\\\/schema\\\/logo\\\/image\\\/\"},\"sameAs\":[\"https:\\\/\\\/www.facebook.com\\\/naturalpoland.b2b\",\"https:\\\/\\\/pl.linkedin.com\\\/company\\\/natural-poland\",\"https:\\\/\\\/www.youtube.com\\\/channel\\\/UCgeGGkvOMahZo-xu_MSEWxg\"]}]}<\/script>\n<!-- \/ Yoast SEO plugin. -->","yoast_head_json":{"title":"Olej z \u010dern\u00e9ho km\u00ednu - NATURAL POLAND - Velkoobchodn\u00ed distributor surovin","description":"Nigelov\u00fd olej je nerafinovan\u00fd, tak\u017ee si zachov\u00e1v\u00e1 mnoho p\u0159\u00edrodn\u00edch vlastnost\u00ed. V oleji je vysok\u00e1 koncentrace nenasycen\u00fdch kyselin.","robots":{"index":"index","follow":"follow","max-snippet":"max-snippet:-1","max-image-preview":"max-image-preview:large","max-video-preview":"max-video-preview:-1"},"canonical":"https:\/\/naturalpoland.com\/cs\/produkty\/produkty-pro-potravinarsky-prumysl\/jedle-oleje\/olej-ze-semen-cerneho-kminu\/","og_locale":"cs_CZ","og_type":"article","og_title":"Olej z \u010dern\u00e9ho km\u00ednu - NATURAL POLAND - Velkoobchodn\u00ed distributor surovin","og_description":"Nigelov\u00fd olej je nerafinovan\u00fd, tak\u017ee si zachov\u00e1v\u00e1 mnoho p\u0159\u00edrodn\u00edch vlastnost\u00ed. V oleji je vysok\u00e1 koncentrace nenasycen\u00fdch kyselin.","og_url":"https:\/\/naturalpoland.com\/cs\/produkty\/produkty-pro-potravinarsky-prumysl\/jedle-oleje\/olej-ze-semen-cerneho-kminu\/","og_site_name":"NATURAL POLAND - Velkoobchodn\u00ed distributor surovin","article_publisher":"https:\/\/www.facebook.com\/naturalpoland.b2b","article_modified_time":"2024-06-13T11:20:42+00:00","og_image":[{"width":650,"height":650,"url":"https:\/\/naturalpoland.com\/wp-content\/uploads\/kminek-1.jpg","type":"image\/jpeg"}],"schema":{"@context":"https:\/\/schema.org","@graph":[{"@type":"WebPage","@id":"https:\/\/naturalpoland.com\/cs\/produkty\/produkty-pro-potravinarsky-prumysl\/jedle-oleje\/olej-ze-semen-cerneho-kminu\/","url":"https:\/\/naturalpoland.com\/cs\/produkty\/produkty-pro-potravinarsky-prumysl\/jedle-oleje\/olej-ze-semen-cerneho-kminu\/","name":"Olej z \u010dern\u00e9ho km\u00ednu - NATURAL POLAND - Velkoobchodn\u00ed distributor surovin","isPartOf":{"@id":"https:\/\/naturalpoland.com\/cs\/#website"},"primaryImageOfPage":{"@id":"https:\/\/naturalpoland.com\/cs\/produkty\/produkty-pro-potravinarsky-prumysl\/jedle-oleje\/olej-ze-semen-cerneho-kminu\/#primaryimage"},"image":{"@id":"https:\/\/naturalpoland.com\/cs\/produkty\/produkty-pro-potravinarsky-prumysl\/jedle-oleje\/olej-ze-semen-cerneho-kminu\/#primaryimage"},"thumbnailUrl":"https:\/\/naturalpoland.com\/wp-content\/uploads\/kminek-1.jpg","datePublished":"2021-08-06T10:43:15+00:00","dateModified":"2024-06-13T11:20:42+00:00","description":"Nigelov\u00fd olej je nerafinovan\u00fd, tak\u017ee si zachov\u00e1v\u00e1 mnoho p\u0159\u00edrodn\u00edch vlastnost\u00ed. V oleji je vysok\u00e1 koncentrace nenasycen\u00fdch kyselin.","breadcrumb":{"@id":"https:\/\/naturalpoland.com\/cs\/produkty\/produkty-pro-potravinarsky-prumysl\/jedle-oleje\/olej-ze-semen-cerneho-kminu\/#breadcrumb"},"inLanguage":"cs","potentialAction":[{"@type":"ReadAction","target":["https:\/\/naturalpoland.com\/cs\/produkty\/produkty-pro-potravinarsky-prumysl\/jedle-oleje\/olej-ze-semen-cerneho-kminu\/"]}]},{"@type":"ImageObject","inLanguage":"cs","@id":"https:\/\/naturalpoland.com\/cs\/produkty\/produkty-pro-potravinarsky-prumysl\/jedle-oleje\/olej-ze-semen-cerneho-kminu\/#primaryimage","url":"https:\/\/naturalpoland.com\/wp-content\/uploads\/kminek-1.jpg","contentUrl":"https:\/\/naturalpoland.com\/wp-content\/uploads\/kminek-1.jpg","width":650,"height":650,"caption":"Olej z nasion czarnego kminku (czarnuszki siewnej)"},{"@type":"BreadcrumbList","@id":"https:\/\/naturalpoland.com\/cs\/produkty\/produkty-pro-potravinarsky-prumysl\/jedle-oleje\/olej-ze-semen-cerneho-kminu\/#breadcrumb","itemListElement":[{"@type":"ListItem","position":1,"name":"Dom\u016f","item":"https:\/\/naturalpoland.com\/cs\/"},{"@type":"ListItem","position":2,"name":"Produkty","item":"https:\/\/naturalpoland.com\/cs\/produkty\/"},{"@type":"ListItem","position":3,"name":"Olej z \u010dern\u00e9ho km\u00ednu"}]},{"@type":"WebSite","@id":"https:\/\/naturalpoland.com\/cs\/#website","url":"https:\/\/naturalpoland.com\/cs\/","name":"NATURAL POLAND - Velkoobchodn\u00ed distributor surovin","description":"Surowce dla przemys\u0142u spo\u017cywczego, kosmetycznego i farmaceutycznego","publisher":{"@id":"https:\/\/naturalpoland.com\/cs\/#organization"},"potentialAction":[{"@type":"SearchAction","target":{"@type":"EntryPoint","urlTemplate":"https:\/\/naturalpoland.com\/cs\/?s={search_term_string}"},"query-input":{"@type":"PropertyValueSpecification","valueRequired":true,"valueName":"search_term_string"}}],"inLanguage":"cs"},{"@type":"Organization","@id":"https:\/\/naturalpoland.com\/cs\/#organization","name":"Natural Poland","url":"https:\/\/naturalpoland.com\/cs\/","logo":{"@type":"ImageObject","inLanguage":"cs","@id":"https:\/\/naturalpoland.com\/cs\/#\/schema\/logo\/image\/","url":"https:\/\/naturalpoland.com\/wp-content\/uploads\/2021\/05\/natural-poland-icon.png","contentUrl":"https:\/\/naturalpoland.com\/wp-content\/uploads\/2021\/05\/natural-poland-icon.png","width":512,"height":512,"caption":"Natural Poland"},"image":{"@id":"https:\/\/naturalpoland.com\/cs\/#\/schema\/logo\/image\/"},"sameAs":["https:\/\/www.facebook.com\/naturalpoland.b2b","https:\/\/pl.linkedin.com\/company\/natural-poland","https:\/\/www.youtube.com\/channel\/UCgeGGkvOMahZo-xu_MSEWxg"]}]}},"_links":{"self":[{"href":"https:\/\/naturalpoland.com\/cs\/wp-json\/wp\/v2\/product\/5790","targetHints":{"allow":["GET"]}}],"collection":[{"href":"https:\/\/naturalpoland.com\/cs\/wp-json\/wp\/v2\/product"}],"about":[{"href":"https:\/\/naturalpoland.com\/cs\/wp-json\/wp\/v2\/types\/product"}],"wp:featuredmedia":[{"embeddable":true,"href":"https:\/\/naturalpoland.com\/cs\/wp-json\/wp\/v2\/media\/7056"}],"wp:attachment":[{"href":"https:\/\/naturalpoland.com\/cs\/wp-json\/wp\/v2\/media?parent=5790"}],"wp:term":[{"taxonomy":"product_brand","embeddable":true,"href":"https:\/\/naturalpoland.com\/cs\/wp-json\/wp\/v2\/product_brand?post=5790"},{"taxonomy":"product_cat","embeddable":true,"href":"https:\/\/naturalpoland.com\/cs\/wp-json\/wp\/v2\/product_cat?post=5790"},{"taxonomy":"product_tag","embeddable":true,"href":"https:\/\/naturalpoland.com\/cs\/wp-json\/wp\/v2\/product_tag?post=5790"}],"curies":[{"name":"wp","href":"https:\/\/api.w.org\/{rel}","templated":true}]}}