{"id":5797,"date":"2021-05-11T13:51:43","date_gmt":"2021-08-06T12:49:31","guid":{"rendered":"https:\/\/naturalpoland.pl\/produkty\/nezarazene\/olej-z-opuncie-mexicke\/"},"modified":"2024-04-30T15:21:31","modified_gmt":"2024-04-30T13:21:31","slug":"olej-z-opuncie-mexicke","status":"publish","type":"product","link":"https:\/\/naturalpoland.com\/cs\/produkty\/produkty-pro-kosmeticky-prumysl\/kosmeticke-oleje\/olej-z-opuncie-mexicke\/","title":{"rendered":"Olej z opuncie mexick\u00e9"},"content":{"rendered":"<p>Z\u00edsk\u00e1v\u00e1n\u00ed tohoto oleje je velmi \u010dasov\u011b n\u00e1ro\u010dn\u00e9 a n\u00e1kladn\u00e9, proto\u017ee k v\u00fdrob\u011b jednoho litru oleje je zapot\u0159eb\u00ed t\u00e9m\u011b\u0159 p\u016fl tuny semen opuncie. Takov\u00e9 pom\u011bry d\u011blaj\u00ed z tohoto oleje luxusn\u00ed a z\u0159\u00eddka dostupn\u00fd produkt.<\/p>\n<p>Opunciov\u00fd olej obsahuje nejv\u00edce <a href=\"https:\/\/naturalpoland.com\/cs\/produkty\/produkty-pro-kosmeticky-prumysl\/kosmeticke-suroviny\/vitamin-e\/\">vitaminu E<\/a> ze v\u0161ech kosmetick\u00fdch olej\u016f na trhu (o 150 % v\u00edce ne\u017e <a href=\"https:\/\/naturalpoland.com\/cs\/produkty\/produkty-pro-kosmeticky-prumysl\/kosmeticke-oleje\/arganovy-olej\/\">arganov\u00fd olej<\/a>). Olej ze semen opuncie obsahuje a\u017e 88 % nenasycen\u00fdch mastn\u00fdch kyselin (nejv\u00edce ze v\u0161ech olej\u016f).<\/p>\n<h3><strong>Pou\u017eit\u00ed arganov\u00e9ho oleje<\/strong><\/h3>\n<p>D\u00edky sv\u00fdm jedine\u010dn\u00fdm vlastnostem se opunciov\u00fd olej hojn\u011b vyu\u017e\u00edv\u00e1 v pokro\u010dil\u00fdch kosmetick\u00fdch p\u0159\u00edpravc\u00edch ur\u010den\u00fdch k <strong>intenzivn\u00ed regeneraci, v\u00fd\u017eiv\u011b a hloubkov\u00e9 hydrataci poko\u017eky<\/strong>. Pravideln\u00e9 pou\u017e\u00edv\u00e1n\u00ed tohoto oleje m\u016f\u017ee p\u0159in\u00e9st viditeln\u00e9 v\u00fdsledky ji\u017e za dva t\u00fddny, v\u00fdrazn\u011b zlep\u0161uje pru\u017enost pleti, redukuje vr\u00e1sky a celkov\u011b zlep\u0161uje vzhled a stav pleti. Olej se doporu\u010duje zejm\u00e9na osob\u00e1m se suchou, zralou nebo po\u0161kozenou plet\u00ed, ale d\u00edky sv\u00fdm jemn\u00fdm vlastnostem a vysok\u00e9 sn\u00e1\u0161enlivosti je vhodn\u00fd pro v\u0161echny typy pleti.<\/p>\n<p>Tento jedine\u010dn\u00fd olej prosp\u00edv\u00e1 nejen poko\u017ece. D\u00edky sv\u00fdm vy\u017eivuj\u00edc\u00edm vlastnostem je cen\u011bn\u00e1 i v produktech p\u00e9\u010de o vlasy. Olej ze semen opuncie intenzivn\u011b hydratuje, posiluje vlasy a navrac\u00ed jim p\u0159irozen\u00fd lesk. Je ide\u00e1ln\u00ed slo\u017ekou p\u0159\u00edpravk\u016f na such\u00e9, po\u0161kozen\u00e9 a ne\u017eiv\u00e9 vlasy.<\/p>\n<p>&nbsp;<\/p>\n<h3>Profil mastn\u00fdch kyselin:<\/h3>\n<table>\n<tbody>\n<tr>\n<th>MASTN\u00c1 KYSELINA<\/th>\n<th>VAZBA<\/th>\n<th>NORMA (%)<\/th>\n<th>V\u00ddSLEDEK (%)<\/th>\n<\/tr>\n<tr>\n<td>Kyselina palmitov\u00e1<\/td>\n<td>C16:0<\/td>\n<td>10.00-14.00<\/td>\n<td>10.50<\/td>\n<\/tr>\n<tr>\n<td>Kyselina stearov\u00e1<\/td>\n<td>C18:0<\/td>\n<td>2.50-5.50<\/td>\n<td>2.90<\/td>\n<\/tr>\n<tr>\n<td>Kyselina olejov\u00e1<\/td>\n<td>C18: 1 (n-9)<\/td>\n<td>18.00-30.00<\/td>\n<td>23.40<\/td>\n<\/tr>\n<tr>\n<td>Kyselina linolov\u00e1<\/td>\n<td>C18: 2 (n-6)<\/td>\n<td>55.00-65.00<\/td>\n<td>62.20<\/td>\n<\/tr>\n<tr>\n<td>Kyselina alfalinolenov\u00e1<\/td>\n<td>C18: 3 (n-3)<\/td>\n<td>Max. 1,00<\/td>\n<td>0.50<\/td>\n<\/tr>\n<\/tbody>\n<\/table>\n","protected":false},"excerpt":{"rendered":"<p>Jsme velkoobchodn\u00ed distributor p\u0159\u00edrodn\u00edho oleje ze semen opuncie<em>(Prickly Pear Cactus<\/em> <em>Seed Oil<\/em>). Je to jedna z nejoce\u0148ovan\u011bj\u0161\u00edch surovin v kosmetick\u00e9m pr\u016fmyslu, zn\u00e1m\u00e1 svou v\u00fdjime\u010dnou \u00fa\u010dinnost\u00ed.<\/p>\n","protected":false},"featured_media":5798,"template":"","meta":{"_acf_changed":false},"product_brand":[],"product_cat":[625,636],"product_tag":[],"class_list":{"0":"post-5797","1":"product","2":"type-product","3":"status-publish","4":"has-post-thumbnail","6":"product_cat-jedle-a-kosmeticke-oleje","7":"product_cat-kosmeticke-oleje","8":"pa_czesc-rosliny-semena","9":"pa_metoda-pozyskiwania-lisovani-za-studena","11":"first","12":"instock","13":"shipping-taxable","14":"product-type-simple"},"acf":[],"yoast_head":"<!-- This site is optimized with the Yoast SEO plugin v27.5 - https:\/\/yoast.com\/product\/yoast-seo-wordpress\/ -->\n<title>Olej z opuncie mexick\u00e9 - Velkoobchodn\u00ed distributor<\/title>\n<meta name=\"description\" content=\"Jsme velkoobchodn\u00edm distributorem p\u0159\u00edrodn\u00edho oleje ze semen opuncie mexick\u00e9 (Prickly Pear Cactus Seed Oil). Jeden litr oleje se vyr\u00e1b\u00ed z t\u00e9m\u011b\u0159 p\u016fl tuny semen opuncie mexick\u00e9.\" \/>\n<meta name=\"robots\" content=\"index, follow, max-snippet:-1, max-image-preview:large, max-video-preview:-1\" \/>\n<link rel=\"canonical\" href=\"https:\/\/naturalpoland.com\/cs\/produkty\/produkty-pro-kosmeticky-prumysl\/kosmeticke-oleje\/olej-z-opuncie-mexicke\/\" \/>\n<meta property=\"og:locale\" content=\"cs_CZ\" \/>\n<meta property=\"og:type\" content=\"article\" \/>\n<meta property=\"og:title\" content=\"Olej z opuncie mexick\u00e9 - Velkoobchodn\u00ed distributor\" \/>\n<meta property=\"og:description\" content=\"Jsme velkoobchodn\u00edm distributorem p\u0159\u00edrodn\u00edho oleje ze semen opuncie mexick\u00e9 (Prickly Pear Cactus Seed Oil). Jeden litr oleje se vyr\u00e1b\u00ed z t\u00e9m\u011b\u0159 p\u016fl tuny semen opuncie mexick\u00e9.\" \/>\n<meta property=\"og:url\" content=\"https:\/\/naturalpoland.com\/cs\/produkty\/produkty-pro-kosmeticky-prumysl\/kosmeticke-oleje\/olej-z-opuncie-mexicke\/\" \/>\n<meta property=\"og:site_name\" content=\"NATURAL POLAND - Velkoobchodn\u00ed distributor surovin\" \/>\n<meta property=\"article:publisher\" content=\"https:\/\/www.facebook.com\/naturalpoland.b2b\" \/>\n<meta property=\"article:modified_time\" content=\"2024-04-30T13:21:31+00:00\" \/>\n<meta property=\"og:image\" content=\"https:\/\/naturalpoland.com\/wp-content\/uploads\/2021\/05\/prickly-pear-seed-oil.jpg\" \/>\n\t<meta property=\"og:image:width\" content=\"800\" \/>\n\t<meta property=\"og:image:height\" content=\"800\" \/>\n\t<meta property=\"og:image:type\" content=\"image\/jpeg\" \/>\n<script type=\"application\/ld+json\" class=\"yoast-schema-graph\">{\"@context\":\"https:\\\/\\\/schema.org\",\"@graph\":[{\"@type\":\"WebPage\",\"@id\":\"https:\\\/\\\/naturalpoland.com\\\/cs\\\/produkty\\\/produkty-pro-kosmeticky-prumysl\\\/kosmeticke-oleje\\\/olej-z-opuncie-mexicke\\\/\",\"url\":\"https:\\\/\\\/naturalpoland.com\\\/cs\\\/produkty\\\/produkty-pro-kosmeticky-prumysl\\\/kosmeticke-oleje\\\/olej-z-opuncie-mexicke\\\/\",\"name\":\"Olej z opuncie mexick\u00e9 - Velkoobchodn\u00ed distributor\",\"isPartOf\":{\"@id\":\"https:\\\/\\\/naturalpoland.com\\\/cs\\\/#website\"},\"primaryImageOfPage\":{\"@id\":\"https:\\\/\\\/naturalpoland.com\\\/cs\\\/produkty\\\/produkty-pro-kosmeticky-prumysl\\\/kosmeticke-oleje\\\/olej-z-opuncie-mexicke\\\/#primaryimage\"},\"image\":{\"@id\":\"https:\\\/\\\/naturalpoland.com\\\/cs\\\/produkty\\\/produkty-pro-kosmeticky-prumysl\\\/kosmeticke-oleje\\\/olej-z-opuncie-mexicke\\\/#primaryimage\"},\"thumbnailUrl\":\"https:\\\/\\\/naturalpoland.com\\\/wp-content\\\/uploads\\\/2021\\\/05\\\/prickly-pear-seed-oil.jpg\",\"datePublished\":\"2021-08-06T12:49:31+00:00\",\"dateModified\":\"2024-04-30T13:21:31+00:00\",\"description\":\"Jsme velkoobchodn\u00edm distributorem p\u0159\u00edrodn\u00edho oleje ze semen opuncie mexick\u00e9 (Prickly Pear Cactus Seed Oil). Jeden litr oleje se vyr\u00e1b\u00ed z t\u00e9m\u011b\u0159 p\u016fl tuny semen opuncie mexick\u00e9.\",\"breadcrumb\":{\"@id\":\"https:\\\/\\\/naturalpoland.com\\\/cs\\\/produkty\\\/produkty-pro-kosmeticky-prumysl\\\/kosmeticke-oleje\\\/olej-z-opuncie-mexicke\\\/#breadcrumb\"},\"inLanguage\":\"cs\",\"potentialAction\":[{\"@type\":\"ReadAction\",\"target\":[\"https:\\\/\\\/naturalpoland.com\\\/cs\\\/produkty\\\/produkty-pro-kosmeticky-prumysl\\\/kosmeticke-oleje\\\/olej-z-opuncie-mexicke\\\/\"]}]},{\"@type\":\"ImageObject\",\"inLanguage\":\"cs\",\"@id\":\"https:\\\/\\\/naturalpoland.com\\\/cs\\\/produkty\\\/produkty-pro-kosmeticky-prumysl\\\/kosmeticke-oleje\\\/olej-z-opuncie-mexicke\\\/#primaryimage\",\"url\":\"https:\\\/\\\/naturalpoland.com\\\/wp-content\\\/uploads\\\/2021\\\/05\\\/prickly-pear-seed-oil.jpg\",\"contentUrl\":\"https:\\\/\\\/naturalpoland.com\\\/wp-content\\\/uploads\\\/2021\\\/05\\\/prickly-pear-seed-oil.jpg\",\"width\":800,\"height\":800},{\"@type\":\"BreadcrumbList\",\"@id\":\"https:\\\/\\\/naturalpoland.com\\\/cs\\\/produkty\\\/produkty-pro-kosmeticky-prumysl\\\/kosmeticke-oleje\\\/olej-z-opuncie-mexicke\\\/#breadcrumb\",\"itemListElement\":[{\"@type\":\"ListItem\",\"position\":1,\"name\":\"Dom\u016f\",\"item\":\"https:\\\/\\\/naturalpoland.com\\\/cs\\\/\"},{\"@type\":\"ListItem\",\"position\":2,\"name\":\"Produkty\",\"item\":\"https:\\\/\\\/naturalpoland.com\\\/cs\\\/produkty\\\/\"},{\"@type\":\"ListItem\",\"position\":3,\"name\":\"Olej z opuncie mexick\u00e9\"}]},{\"@type\":\"WebSite\",\"@id\":\"https:\\\/\\\/naturalpoland.com\\\/cs\\\/#website\",\"url\":\"https:\\\/\\\/naturalpoland.com\\\/cs\\\/\",\"name\":\"NATURAL POLAND - Velkoobchodn\u00ed distributor surovin\",\"description\":\"Surowce dla przemys\u0142u spo\u017cywczego, kosmetycznego i farmaceutycznego\",\"publisher\":{\"@id\":\"https:\\\/\\\/naturalpoland.com\\\/cs\\\/#organization\"},\"potentialAction\":[{\"@type\":\"SearchAction\",\"target\":{\"@type\":\"EntryPoint\",\"urlTemplate\":\"https:\\\/\\\/naturalpoland.com\\\/cs\\\/?s={search_term_string}\"},\"query-input\":{\"@type\":\"PropertyValueSpecification\",\"valueRequired\":true,\"valueName\":\"search_term_string\"}}],\"inLanguage\":\"cs\"},{\"@type\":\"Organization\",\"@id\":\"https:\\\/\\\/naturalpoland.com\\\/cs\\\/#organization\",\"name\":\"Natural Poland\",\"url\":\"https:\\\/\\\/naturalpoland.com\\\/cs\\\/\",\"logo\":{\"@type\":\"ImageObject\",\"inLanguage\":\"cs\",\"@id\":\"https:\\\/\\\/naturalpoland.com\\\/cs\\\/#\\\/schema\\\/logo\\\/image\\\/\",\"url\":\"https:\\\/\\\/naturalpoland.com\\\/wp-content\\\/uploads\\\/2021\\\/05\\\/natural-poland-icon.png\",\"contentUrl\":\"https:\\\/\\\/naturalpoland.com\\\/wp-content\\\/uploads\\\/2021\\\/05\\\/natural-poland-icon.png\",\"width\":512,\"height\":512,\"caption\":\"Natural Poland\"},\"image\":{\"@id\":\"https:\\\/\\\/naturalpoland.com\\\/cs\\\/#\\\/schema\\\/logo\\\/image\\\/\"},\"sameAs\":[\"https:\\\/\\\/www.facebook.com\\\/naturalpoland.b2b\",\"https:\\\/\\\/pl.linkedin.com\\\/company\\\/natural-poland\",\"https:\\\/\\\/www.youtube.com\\\/channel\\\/UCgeGGkvOMahZo-xu_MSEWxg\"]}]}<\/script>\n<!-- \/ Yoast SEO plugin. -->","yoast_head_json":{"title":"Olej z opuncie mexick\u00e9 - Velkoobchodn\u00ed distributor","description":"Jsme velkoobchodn\u00edm distributorem p\u0159\u00edrodn\u00edho oleje ze semen opuncie mexick\u00e9 (Prickly Pear Cactus Seed Oil). Jeden litr oleje se vyr\u00e1b\u00ed z t\u00e9m\u011b\u0159 p\u016fl tuny semen opuncie mexick\u00e9.","robots":{"index":"index","follow":"follow","max-snippet":"max-snippet:-1","max-image-preview":"max-image-preview:large","max-video-preview":"max-video-preview:-1"},"canonical":"https:\/\/naturalpoland.com\/cs\/produkty\/produkty-pro-kosmeticky-prumysl\/kosmeticke-oleje\/olej-z-opuncie-mexicke\/","og_locale":"cs_CZ","og_type":"article","og_title":"Olej z opuncie mexick\u00e9 - Velkoobchodn\u00ed distributor","og_description":"Jsme velkoobchodn\u00edm distributorem p\u0159\u00edrodn\u00edho oleje ze semen opuncie mexick\u00e9 (Prickly Pear Cactus Seed Oil). Jeden litr oleje se vyr\u00e1b\u00ed z t\u00e9m\u011b\u0159 p\u016fl tuny semen opuncie mexick\u00e9.","og_url":"https:\/\/naturalpoland.com\/cs\/produkty\/produkty-pro-kosmeticky-prumysl\/kosmeticke-oleje\/olej-z-opuncie-mexicke\/","og_site_name":"NATURAL POLAND - Velkoobchodn\u00ed distributor surovin","article_publisher":"https:\/\/www.facebook.com\/naturalpoland.b2b","article_modified_time":"2024-04-30T13:21:31+00:00","og_image":[{"width":800,"height":800,"url":"https:\/\/naturalpoland.com\/wp-content\/uploads\/2021\/05\/prickly-pear-seed-oil.jpg","type":"image\/jpeg"}],"schema":{"@context":"https:\/\/schema.org","@graph":[{"@type":"WebPage","@id":"https:\/\/naturalpoland.com\/cs\/produkty\/produkty-pro-kosmeticky-prumysl\/kosmeticke-oleje\/olej-z-opuncie-mexicke\/","url":"https:\/\/naturalpoland.com\/cs\/produkty\/produkty-pro-kosmeticky-prumysl\/kosmeticke-oleje\/olej-z-opuncie-mexicke\/","name":"Olej z opuncie mexick\u00e9 - Velkoobchodn\u00ed distributor","isPartOf":{"@id":"https:\/\/naturalpoland.com\/cs\/#website"},"primaryImageOfPage":{"@id":"https:\/\/naturalpoland.com\/cs\/produkty\/produkty-pro-kosmeticky-prumysl\/kosmeticke-oleje\/olej-z-opuncie-mexicke\/#primaryimage"},"image":{"@id":"https:\/\/naturalpoland.com\/cs\/produkty\/produkty-pro-kosmeticky-prumysl\/kosmeticke-oleje\/olej-z-opuncie-mexicke\/#primaryimage"},"thumbnailUrl":"https:\/\/naturalpoland.com\/wp-content\/uploads\/2021\/05\/prickly-pear-seed-oil.jpg","datePublished":"2021-08-06T12:49:31+00:00","dateModified":"2024-04-30T13:21:31+00:00","description":"Jsme velkoobchodn\u00edm distributorem p\u0159\u00edrodn\u00edho oleje ze semen opuncie mexick\u00e9 (Prickly Pear Cactus Seed Oil). Jeden litr oleje se vyr\u00e1b\u00ed z t\u00e9m\u011b\u0159 p\u016fl tuny semen opuncie mexick\u00e9.","breadcrumb":{"@id":"https:\/\/naturalpoland.com\/cs\/produkty\/produkty-pro-kosmeticky-prumysl\/kosmeticke-oleje\/olej-z-opuncie-mexicke\/#breadcrumb"},"inLanguage":"cs","potentialAction":[{"@type":"ReadAction","target":["https:\/\/naturalpoland.com\/cs\/produkty\/produkty-pro-kosmeticky-prumysl\/kosmeticke-oleje\/olej-z-opuncie-mexicke\/"]}]},{"@type":"ImageObject","inLanguage":"cs","@id":"https:\/\/naturalpoland.com\/cs\/produkty\/produkty-pro-kosmeticky-prumysl\/kosmeticke-oleje\/olej-z-opuncie-mexicke\/#primaryimage","url":"https:\/\/naturalpoland.com\/wp-content\/uploads\/2021\/05\/prickly-pear-seed-oil.jpg","contentUrl":"https:\/\/naturalpoland.com\/wp-content\/uploads\/2021\/05\/prickly-pear-seed-oil.jpg","width":800,"height":800},{"@type":"BreadcrumbList","@id":"https:\/\/naturalpoland.com\/cs\/produkty\/produkty-pro-kosmeticky-prumysl\/kosmeticke-oleje\/olej-z-opuncie-mexicke\/#breadcrumb","itemListElement":[{"@type":"ListItem","position":1,"name":"Dom\u016f","item":"https:\/\/naturalpoland.com\/cs\/"},{"@type":"ListItem","position":2,"name":"Produkty","item":"https:\/\/naturalpoland.com\/cs\/produkty\/"},{"@type":"ListItem","position":3,"name":"Olej z opuncie mexick\u00e9"}]},{"@type":"WebSite","@id":"https:\/\/naturalpoland.com\/cs\/#website","url":"https:\/\/naturalpoland.com\/cs\/","name":"NATURAL POLAND - Velkoobchodn\u00ed distributor surovin","description":"Surowce dla przemys\u0142u spo\u017cywczego, kosmetycznego i farmaceutycznego","publisher":{"@id":"https:\/\/naturalpoland.com\/cs\/#organization"},"potentialAction":[{"@type":"SearchAction","target":{"@type":"EntryPoint","urlTemplate":"https:\/\/naturalpoland.com\/cs\/?s={search_term_string}"},"query-input":{"@type":"PropertyValueSpecification","valueRequired":true,"valueName":"search_term_string"}}],"inLanguage":"cs"},{"@type":"Organization","@id":"https:\/\/naturalpoland.com\/cs\/#organization","name":"Natural Poland","url":"https:\/\/naturalpoland.com\/cs\/","logo":{"@type":"ImageObject","inLanguage":"cs","@id":"https:\/\/naturalpoland.com\/cs\/#\/schema\/logo\/image\/","url":"https:\/\/naturalpoland.com\/wp-content\/uploads\/2021\/05\/natural-poland-icon.png","contentUrl":"https:\/\/naturalpoland.com\/wp-content\/uploads\/2021\/05\/natural-poland-icon.png","width":512,"height":512,"caption":"Natural Poland"},"image":{"@id":"https:\/\/naturalpoland.com\/cs\/#\/schema\/logo\/image\/"},"sameAs":["https:\/\/www.facebook.com\/naturalpoland.b2b","https:\/\/pl.linkedin.com\/company\/natural-poland","https:\/\/www.youtube.com\/channel\/UCgeGGkvOMahZo-xu_MSEWxg"]}]}},"_links":{"self":[{"href":"https:\/\/naturalpoland.com\/cs\/wp-json\/wp\/v2\/product\/5797","targetHints":{"allow":["GET"]}}],"collection":[{"href":"https:\/\/naturalpoland.com\/cs\/wp-json\/wp\/v2\/product"}],"about":[{"href":"https:\/\/naturalpoland.com\/cs\/wp-json\/wp\/v2\/types\/product"}],"wp:featuredmedia":[{"embeddable":true,"href":"https:\/\/naturalpoland.com\/cs\/wp-json\/wp\/v2\/media\/5798"}],"wp:attachment":[{"href":"https:\/\/naturalpoland.com\/cs\/wp-json\/wp\/v2\/media?parent=5797"}],"wp:term":[{"taxonomy":"product_brand","embeddable":true,"href":"https:\/\/naturalpoland.com\/cs\/wp-json\/wp\/v2\/product_brand?post=5797"},{"taxonomy":"product_cat","embeddable":true,"href":"https:\/\/naturalpoland.com\/cs\/wp-json\/wp\/v2\/product_cat?post=5797"},{"taxonomy":"product_tag","embeddable":true,"href":"https:\/\/naturalpoland.com\/cs\/wp-json\/wp\/v2\/product_tag?post=5797"}],"curies":[{"name":"wp","href":"https:\/\/api.w.org\/{rel}","templated":true}]}}