{"id":5800,"date":"2021-05-11T13:52:09","date_gmt":"2021-05-11T11:52:09","guid":{"rendered":"https:\/\/naturalpoland.pl\/produkty\/nezarazene\/olej-z-plodu-rakytniku\/"},"modified":"2025-09-09T11:33:36","modified_gmt":"2025-09-09T09:33:36","slug":"olej-z-plodu-rakytniku","status":"publish","type":"product","link":"https:\/\/naturalpoland.com\/cs\/produkty\/produkty-pro-potravinarsky-prumysl\/jedle-oleje\/olej-z-plodu-rakytniku\/","title":{"rendered":"Olej z plodu rakytn\u00edku"},"content":{"rendered":"<p>N\u00e1\u0161 <strong>olej z rakytn\u00edku potravin\u00e1\u0159sk\u00e9 kvality<\/strong> m\u016f\u017ee b\u00fdt vyu\u017e\u00edv\u00e1n v <strong>potravin\u00e1\u0159sk\u00e9m<\/strong> pr\u016fmyslu jako l\u00e9\u010div\u00fd a chu\u0165ov\u00fd produkt a v <strong>kosmetick\u00e9m<\/strong> pr\u016fmyslu v p\u00e9\u010di o poko\u017eku.<\/p>\n<h2>Vlastnosti<\/h2>\n<p>Obsah oleje v du\u017ein\u011b plod\u016f \u010din\u00ed p\u0159ibli\u017en\u011b 1,5-3 % (ve \u010derstv\u00e9 hmotnosti).<br \/>\nOlej z plodu rakytn\u00edku obsahuje mononenasycen\u00e9 mastn\u00e9 kyseliny a karotenoidy a obrovsk\u00e9 mno\u017estv\u00ed tokoferol\u016f, tokotrienol\u016f a rostlinn\u00fdch sterol\u016f.<\/p>\n<p>Oleje ze semen rakytn\u00edku obecn\u00e9ho a z plodu se od sebe li\u0161\u00ed profilem mastn\u00fdch kyselin. Kyselina linolov\u00e1 a kyselina \u03b1-linolenov\u00e1 jsou hlavn\u00edmi mastn\u00fdmi kyselinami v oleji ze semen, zat\u00edmco <strong>olej z plodu rakytn\u00edku obsahuje p\u0159ibli\u017en\u011b 65 % spojen\u00fdch mononenasycen\u00fdch kyselin, kyselin oleopalmitov\u00fdch a nasycen\u00e9 mastn\u00e9 kyseliny &#8211; kyseliny palmitov\u00e9<\/strong>. To zp\u016fsobuje z\u00e1sadn\u00ed rozd\u00edl mezi ob\u011bma oleji z hlediska vzhledu a konzistence.  <\/p>\n<p><strong>Olej z plodu rakytn\u00edku je pr\u016fhledn\u00fd, m\u00e1 tmav\u011b oran\u017eovou barvu a hustou konzistenci<\/strong>. Karotenoidy jsou pigmenty, kter\u00e9 dod\u00e1vaj\u00ed bobuli rakytn\u00edku charakteristickou oran\u017eov\u011b-\u010dervenou barvu, tyto slou\u010deniny se vyskytuj\u00ed ve zna\u010dn\u00fdch mno\u017estv\u00edch v lisovan\u00e9m oleji. Hlavn\u00ed karotenoidy p\u0159\u00edtomn\u00e9 v oleji z plodu rakytn\u00edku jsou betakaroten, zeaxantin a lykopen.  <\/p>\n<p>Olej m\u00e1 charakteristickou, syrovou chu\u0165 s n\u00e1dechem ho\u0159kosti, bez ne\u017e\u00e1douc\u00edch pach\u016f.<\/p>\n<h3>N\u00e1\u0161 olej z plodu rakytn\u00edku m\u00e1 vysokou koncentraci karotenoid\u016f min. 250 mg <\/h3>\n<p><img decoding=\"async\" class=\"size-full wp-image-4159 alignright\" src=\"https:\/\/naturalpoland.com\/wp-content\/uploads\/olej-z-owocu-rokitnika-brokat.jpg\" alt=\"olej z plodu rakytn\u00edku velkoobchod\" width=\"163\" height=\"143\">Olej z rakytn\u00edku se z\u00edsk\u00e1v\u00e1 z plod\u016f t\u00e9to rostliny. Tento produkt je lisovan\u00fd a nerafinovan\u00fd, d\u00edky \u010demu\u017e si zachov\u00e1v\u00e1 mnoho sv\u00fdch p\u0159\u00edrodn\u00edch, zdrav\u00ed prosp\u011b\u0161n\u00fdch vlastnost\u00ed. Olej z plod\u016f rakytn\u00edku je bohat\u00fd na velk\u00e9 mno\u017estv\u00ed nenasycen\u00fdch tuk\u016f, mezi nimi mimo jin\u00e9 na kyselinu oleopalmitoovou, a tak\u00e9 na vitamin C, riboflavin, vitaminy skupiny A, E a B12. Nach\u00e1zej\u00ed se v n\u011bm takov\u00e9 mikroelementy jako selen, \u017eelezo, m\u011b\u010f, fosfor \u010di ho\u0159\u010d\u00edk. Organick\u00fd olej z rakytn\u00edku p\u016fsob\u00ed proti z\u00e1n\u011btliv\u00fdm stav\u016fm tr\u00e1vic\u00edho syst\u00e9mu, sni\u017euje \u017ealude\u010dn\u00ed pot\u00ed\u017ee a tak\u00e9 v\u00fdborn\u011b hydratuje poko\u017eku a br\u00e1n\u00ed jej\u00edmu st\u00e1rnut\u00ed.    <\/p>\n<h2>Zdravotn\u00ed p\u0159\u00ednosy:<\/h2>\n<ol>\n<li>Pom\u00e1h\u00e1 p\u0159i regeneraci poko\u017eky, podporuje hojen\u00ed ran a chr\u00e1n\u00ed poko\u017eku p\u0159ed p\u016fsoben\u00edm voln\u00fdch radik\u00e1l\u016f.<\/li>\n<li>P\u016fsob\u00ed uklid\u0148uj\u00edc\u00edm zp\u016fsobem na podr\u00e1\u017ed\u011bn\u00ed, redukuje zarudnut\u00ed a z\u00e1n\u011btliv\u00e9 stavy poko\u017eky a tak\u00e9 m\u016f\u017ee b\u00fdt pou\u017e\u00edv\u00e1n v p\u00e9\u010di o problematickou, suchou a zralou poko\u017eku.<\/li>\n<li>P\u0159\u00edzniv\u011b ovliv\u0148uje imunitn\u00ed syst\u00e9m, pom\u00e1h\u00e1 p\u0159i ochran\u011b organismu p\u0159ed oxida\u010dn\u00edm stresem.<\/li>\n<\/ol>\n<h2>Pou\u017eit\u00ed:<\/h2>\n<p>V kosmetice lze olej z rakytn\u00edku aplikovat p\u0159\u00edmo na poko\u017eku nebo jako p\u0159\u00edsadu do kosmetiky.<\/p>\n<p>V dopl\u0148c\u00edch stravy podporuje spr\u00e1vn\u00e9 fungov\u00e1n\u00ed tr\u00e1vic\u00edho a imunitn\u00edho syst\u00e9mu.<\/p>\n<p>V potravin\u00e1\u0159sk\u00e9m pr\u016fmyslu m\u016f\u017ee b\u00fdt pou\u017e\u00edv\u00e1n jako jedl\u00fd olej, dod\u00e1vaj\u00edc\u00ed cenn\u00e9 v\u00fd\u017eivn\u00e9 slo\u017eky. Vzhledem ke specifick\u00e9 chuti se nejl\u00e9pe osv\u011bd\u010duje v mal\u00fdch mno\u017estv\u00edch jako p\u0159\u00edsada do sal\u00e1t\u016f a dressing\u016f. <\/p>\n<h4><\/h4>\n","protected":false},"excerpt":{"rendered":"<p>Olej z rakytn\u00edku (Sea Buckthorn Oil) je p\u0159\u00edrodn\u00ed, za studena lisovan\u00fd rostlinn\u00fd olej, poch\u00e1zej\u00edc\u00ed z plod\u016f rakytn\u00edku.<\/p>\n<p>Jsme velkoobchodn\u00edm distributorem tohoto p\u0159\u00edrodn\u00edho oleje<strong> s velmi vysokou koncentrac\u00ed <a href=\"https:\/\/naturalpoland.com\/artykuly\/produkty-naturalne\/karotenoidy-skladniki-ktore-nadaja-olejowi-z-rokitnika-jego-charakterystyczny-blysk\/\">karotenoid\u016f<\/a><\/strong>. Olej z na\u0161\u00ed nab\u00eddky obsahuje minimum 250 mg\/100 g, zat\u00edmco v jin\u00fdch olej\u00edch z rakytn\u00edku p\u0159\u00edtomn\u00fdch na trhu norma \u010din\u00ed 180 mg\/100 g. Tak obrovsk\u00fd obsah v\u00fd\u0161e uveden\u00fdch slou\u010denin zp\u016fsobuje, \u017ee n\u00e1\u0161 olej &#8222;z\u00e1\u0159\u00ed&#8220;, karotenoidy krystalizuj\u00ed v oleji, co\u017e vytv\u00e1\u0159\u00ed opalizuj\u00edc\u00ed, p\u0159\u00edmo &#8222;t\u0159pytiv\u00fd&#8220; efekt.  <\/p>\n<h4><strong>Dostupn\u00e1 mno\u017estv\u00ed: od 20 kg<\/strong><\/h4>\n","protected":false},"featured_media":5801,"template":"","meta":[],"product_brand":[],"product_cat":[625,640,636],"product_tag":[],"class_list":{"0":"post-5800","1":"product","2":"type-product","3":"status-publish","4":"has-post-thumbnail","6":"product_cat-jedle-a-kosmeticke-oleje","7":"product_cat-jedle-oleje","8":"product_cat-kosmeticke-oleje","10":"first","11":"instock","12":"shipping-taxable","13":"product-type-simple"},"yoast_head":"<!-- This site is optimized with the Yoast SEO plugin v27.4 - https:\/\/yoast.com\/product\/yoast-seo-wordpress\/ -->\n<title>Olej z plodu rakytn\u00edku - NATURAL POLAND - Velkoobchodn\u00ed distributor surovin<\/title>\n<meta name=\"description\" content=\"Olej z rakytn\u00edku (Sea Buckthorn Oil) je ur\u010den osob\u00e1m hledaj\u00edc\u00edm p\u0159\u00edrodn\u00ed \u0159e\u0161en\u00ed v ka\u017edodenn\u00ed p\u00e9\u010di a zdrav\u00e9 strav\u011b.\" \/>\n<meta name=\"robots\" content=\"index, follow, max-snippet:-1, max-image-preview:large, max-video-preview:-1\" \/>\n<link rel=\"canonical\" href=\"https:\/\/naturalpoland.com\/cs\/produkty\/produkty-pro-potravinarsky-prumysl\/jedle-oleje\/olej-z-plodu-rakytniku\/\" \/>\n<meta property=\"og:locale\" content=\"cs_CZ\" \/>\n<meta property=\"og:type\" content=\"article\" \/>\n<meta property=\"og:title\" content=\"Olej z plodu rakytn\u00edku - NATURAL POLAND - Velkoobchodn\u00ed distributor surovin\" \/>\n<meta property=\"og:description\" content=\"Olej z rakytn\u00edku (Sea Buckthorn Oil) je ur\u010den osob\u00e1m hledaj\u00edc\u00edm p\u0159\u00edrodn\u00ed \u0159e\u0161en\u00ed v ka\u017edodenn\u00ed p\u00e9\u010di a zdrav\u00e9 strav\u011b.\" \/>\n<meta property=\"og:url\" content=\"https:\/\/naturalpoland.com\/cs\/produkty\/produkty-pro-potravinarsky-prumysl\/jedle-oleje\/olej-z-plodu-rakytniku\/\" \/>\n<meta property=\"og:site_name\" content=\"NATURAL POLAND - Velkoobchodn\u00ed distributor surovin\" \/>\n<meta property=\"article:publisher\" content=\"https:\/\/www.facebook.com\/naturalpoland.b2b\" \/>\n<meta property=\"article:modified_time\" content=\"2025-09-09T09:33:36+00:00\" \/>\n<meta property=\"og:image\" content=\"https:\/\/naturalpoland.com\/wp-content\/uploads\/2021\/05\/olej-z-owocu-rokitnika.jpg\" \/>\n\t<meta property=\"og:image:width\" content=\"800\" \/>\n\t<meta property=\"og:image:height\" content=\"800\" \/>\n\t<meta property=\"og:image:type\" content=\"image\/jpeg\" \/>\n<script type=\"application\/ld+json\" class=\"yoast-schema-graph\">{\"@context\":\"https:\\\/\\\/schema.org\",\"@graph\":[{\"@type\":\"WebPage\",\"@id\":\"https:\\\/\\\/naturalpoland.com\\\/cs\\\/produkty\\\/produkty-pro-potravinarsky-prumysl\\\/jedle-oleje\\\/olej-z-plodu-rakytniku\\\/\",\"url\":\"https:\\\/\\\/naturalpoland.com\\\/cs\\\/produkty\\\/produkty-pro-potravinarsky-prumysl\\\/jedle-oleje\\\/olej-z-plodu-rakytniku\\\/\",\"name\":\"Olej z plodu rakytn\u00edku - NATURAL POLAND - Velkoobchodn\u00ed distributor surovin\",\"isPartOf\":{\"@id\":\"https:\\\/\\\/naturalpoland.com\\\/cs\\\/#website\"},\"primaryImageOfPage\":{\"@id\":\"https:\\\/\\\/naturalpoland.com\\\/cs\\\/produkty\\\/produkty-pro-potravinarsky-prumysl\\\/jedle-oleje\\\/olej-z-plodu-rakytniku\\\/#primaryimage\"},\"image\":{\"@id\":\"https:\\\/\\\/naturalpoland.com\\\/cs\\\/produkty\\\/produkty-pro-potravinarsky-prumysl\\\/jedle-oleje\\\/olej-z-plodu-rakytniku\\\/#primaryimage\"},\"thumbnailUrl\":\"https:\\\/\\\/naturalpoland.com\\\/wp-content\\\/uploads\\\/2021\\\/05\\\/olej-z-owocu-rokitnika.jpg\",\"datePublished\":\"2021-05-11T11:52:09+00:00\",\"dateModified\":\"2025-09-09T09:33:36+00:00\",\"description\":\"Olej z rakytn\u00edku (Sea Buckthorn Oil) je ur\u010den osob\u00e1m hledaj\u00edc\u00edm p\u0159\u00edrodn\u00ed \u0159e\u0161en\u00ed v ka\u017edodenn\u00ed p\u00e9\u010di a zdrav\u00e9 strav\u011b.\",\"breadcrumb\":{\"@id\":\"https:\\\/\\\/naturalpoland.com\\\/cs\\\/produkty\\\/produkty-pro-potravinarsky-prumysl\\\/jedle-oleje\\\/olej-z-plodu-rakytniku\\\/#breadcrumb\"},\"inLanguage\":\"cs\",\"potentialAction\":[{\"@type\":\"ReadAction\",\"target\":[\"https:\\\/\\\/naturalpoland.com\\\/cs\\\/produkty\\\/produkty-pro-potravinarsky-prumysl\\\/jedle-oleje\\\/olej-z-plodu-rakytniku\\\/\"]}]},{\"@type\":\"ImageObject\",\"inLanguage\":\"cs\",\"@id\":\"https:\\\/\\\/naturalpoland.com\\\/cs\\\/produkty\\\/produkty-pro-potravinarsky-prumysl\\\/jedle-oleje\\\/olej-z-plodu-rakytniku\\\/#primaryimage\",\"url\":\"https:\\\/\\\/naturalpoland.com\\\/wp-content\\\/uploads\\\/2021\\\/05\\\/olej-z-owocu-rokitnika.jpg\",\"contentUrl\":\"https:\\\/\\\/naturalpoland.com\\\/wp-content\\\/uploads\\\/2021\\\/05\\\/olej-z-owocu-rokitnika.jpg\",\"width\":800,\"height\":800,\"caption\":\"Olej z plodu rakytn\u00edku\"},{\"@type\":\"BreadcrumbList\",\"@id\":\"https:\\\/\\\/naturalpoland.com\\\/cs\\\/produkty\\\/produkty-pro-potravinarsky-prumysl\\\/jedle-oleje\\\/olej-z-plodu-rakytniku\\\/#breadcrumb\",\"itemListElement\":[{\"@type\":\"ListItem\",\"position\":1,\"name\":\"Dom\u016f\",\"item\":\"https:\\\/\\\/naturalpoland.com\\\/cs\\\/\"},{\"@type\":\"ListItem\",\"position\":2,\"name\":\"Produkty\",\"item\":\"https:\\\/\\\/naturalpoland.com\\\/cs\\\/produkty\\\/\"},{\"@type\":\"ListItem\",\"position\":3,\"name\":\"Olej z plodu rakytn\u00edku\"}]},{\"@type\":\"WebSite\",\"@id\":\"https:\\\/\\\/naturalpoland.com\\\/cs\\\/#website\",\"url\":\"https:\\\/\\\/naturalpoland.com\\\/cs\\\/\",\"name\":\"NATURAL POLAND - Velkoobchodn\u00ed distributor surovin\",\"description\":\"Surowce dla przemys\u0142u spo\u017cywczego, kosmetycznego i farmaceutycznego\",\"publisher\":{\"@id\":\"https:\\\/\\\/naturalpoland.com\\\/cs\\\/#organization\"},\"potentialAction\":[{\"@type\":\"SearchAction\",\"target\":{\"@type\":\"EntryPoint\",\"urlTemplate\":\"https:\\\/\\\/naturalpoland.com\\\/cs\\\/?s={search_term_string}\"},\"query-input\":{\"@type\":\"PropertyValueSpecification\",\"valueRequired\":true,\"valueName\":\"search_term_string\"}}],\"inLanguage\":\"cs\"},{\"@type\":\"Organization\",\"@id\":\"https:\\\/\\\/naturalpoland.com\\\/cs\\\/#organization\",\"name\":\"Natural Poland\",\"url\":\"https:\\\/\\\/naturalpoland.com\\\/cs\\\/\",\"logo\":{\"@type\":\"ImageObject\",\"inLanguage\":\"cs\",\"@id\":\"https:\\\/\\\/naturalpoland.com\\\/cs\\\/#\\\/schema\\\/logo\\\/image\\\/\",\"url\":\"https:\\\/\\\/naturalpoland.com\\\/wp-content\\\/uploads\\\/2021\\\/05\\\/natural-poland-icon.png\",\"contentUrl\":\"https:\\\/\\\/naturalpoland.com\\\/wp-content\\\/uploads\\\/2021\\\/05\\\/natural-poland-icon.png\",\"width\":512,\"height\":512,\"caption\":\"Natural Poland\"},\"image\":{\"@id\":\"https:\\\/\\\/naturalpoland.com\\\/cs\\\/#\\\/schema\\\/logo\\\/image\\\/\"},\"sameAs\":[\"https:\\\/\\\/www.facebook.com\\\/naturalpoland.b2b\",\"https:\\\/\\\/pl.linkedin.com\\\/company\\\/natural-poland\",\"https:\\\/\\\/www.youtube.com\\\/channel\\\/UCgeGGkvOMahZo-xu_MSEWxg\"]}]}<\/script>\n<!-- \/ Yoast SEO plugin. -->","yoast_head_json":{"title":"Olej z plodu rakytn\u00edku - NATURAL POLAND - Velkoobchodn\u00ed distributor surovin","description":"Olej z rakytn\u00edku (Sea Buckthorn Oil) je ur\u010den osob\u00e1m hledaj\u00edc\u00edm p\u0159\u00edrodn\u00ed \u0159e\u0161en\u00ed v ka\u017edodenn\u00ed p\u00e9\u010di a zdrav\u00e9 strav\u011b.","robots":{"index":"index","follow":"follow","max-snippet":"max-snippet:-1","max-image-preview":"max-image-preview:large","max-video-preview":"max-video-preview:-1"},"canonical":"https:\/\/naturalpoland.com\/cs\/produkty\/produkty-pro-potravinarsky-prumysl\/jedle-oleje\/olej-z-plodu-rakytniku\/","og_locale":"cs_CZ","og_type":"article","og_title":"Olej z plodu rakytn\u00edku - NATURAL POLAND - Velkoobchodn\u00ed distributor surovin","og_description":"Olej z rakytn\u00edku (Sea Buckthorn Oil) je ur\u010den osob\u00e1m hledaj\u00edc\u00edm p\u0159\u00edrodn\u00ed \u0159e\u0161en\u00ed v ka\u017edodenn\u00ed p\u00e9\u010di a zdrav\u00e9 strav\u011b.","og_url":"https:\/\/naturalpoland.com\/cs\/produkty\/produkty-pro-potravinarsky-prumysl\/jedle-oleje\/olej-z-plodu-rakytniku\/","og_site_name":"NATURAL POLAND - Velkoobchodn\u00ed distributor surovin","article_publisher":"https:\/\/www.facebook.com\/naturalpoland.b2b","article_modified_time":"2025-09-09T09:33:36+00:00","og_image":[{"width":800,"height":800,"url":"https:\/\/naturalpoland.com\/wp-content\/uploads\/2021\/05\/olej-z-owocu-rokitnika.jpg","type":"image\/jpeg"}],"schema":{"@context":"https:\/\/schema.org","@graph":[{"@type":"WebPage","@id":"https:\/\/naturalpoland.com\/cs\/produkty\/produkty-pro-potravinarsky-prumysl\/jedle-oleje\/olej-z-plodu-rakytniku\/","url":"https:\/\/naturalpoland.com\/cs\/produkty\/produkty-pro-potravinarsky-prumysl\/jedle-oleje\/olej-z-plodu-rakytniku\/","name":"Olej z plodu rakytn\u00edku - NATURAL POLAND - Velkoobchodn\u00ed distributor surovin","isPartOf":{"@id":"https:\/\/naturalpoland.com\/cs\/#website"},"primaryImageOfPage":{"@id":"https:\/\/naturalpoland.com\/cs\/produkty\/produkty-pro-potravinarsky-prumysl\/jedle-oleje\/olej-z-plodu-rakytniku\/#primaryimage"},"image":{"@id":"https:\/\/naturalpoland.com\/cs\/produkty\/produkty-pro-potravinarsky-prumysl\/jedle-oleje\/olej-z-plodu-rakytniku\/#primaryimage"},"thumbnailUrl":"https:\/\/naturalpoland.com\/wp-content\/uploads\/2021\/05\/olej-z-owocu-rokitnika.jpg","datePublished":"2021-05-11T11:52:09+00:00","dateModified":"2025-09-09T09:33:36+00:00","description":"Olej z rakytn\u00edku (Sea Buckthorn Oil) je ur\u010den osob\u00e1m hledaj\u00edc\u00edm p\u0159\u00edrodn\u00ed \u0159e\u0161en\u00ed v ka\u017edodenn\u00ed p\u00e9\u010di a zdrav\u00e9 strav\u011b.","breadcrumb":{"@id":"https:\/\/naturalpoland.com\/cs\/produkty\/produkty-pro-potravinarsky-prumysl\/jedle-oleje\/olej-z-plodu-rakytniku\/#breadcrumb"},"inLanguage":"cs","potentialAction":[{"@type":"ReadAction","target":["https:\/\/naturalpoland.com\/cs\/produkty\/produkty-pro-potravinarsky-prumysl\/jedle-oleje\/olej-z-plodu-rakytniku\/"]}]},{"@type":"ImageObject","inLanguage":"cs","@id":"https:\/\/naturalpoland.com\/cs\/produkty\/produkty-pro-potravinarsky-prumysl\/jedle-oleje\/olej-z-plodu-rakytniku\/#primaryimage","url":"https:\/\/naturalpoland.com\/wp-content\/uploads\/2021\/05\/olej-z-owocu-rokitnika.jpg","contentUrl":"https:\/\/naturalpoland.com\/wp-content\/uploads\/2021\/05\/olej-z-owocu-rokitnika.jpg","width":800,"height":800,"caption":"Olej z plodu rakytn\u00edku"},{"@type":"BreadcrumbList","@id":"https:\/\/naturalpoland.com\/cs\/produkty\/produkty-pro-potravinarsky-prumysl\/jedle-oleje\/olej-z-plodu-rakytniku\/#breadcrumb","itemListElement":[{"@type":"ListItem","position":1,"name":"Dom\u016f","item":"https:\/\/naturalpoland.com\/cs\/"},{"@type":"ListItem","position":2,"name":"Produkty","item":"https:\/\/naturalpoland.com\/cs\/produkty\/"},{"@type":"ListItem","position":3,"name":"Olej z plodu rakytn\u00edku"}]},{"@type":"WebSite","@id":"https:\/\/naturalpoland.com\/cs\/#website","url":"https:\/\/naturalpoland.com\/cs\/","name":"NATURAL POLAND - Velkoobchodn\u00ed distributor surovin","description":"Surowce dla przemys\u0142u spo\u017cywczego, kosmetycznego i farmaceutycznego","publisher":{"@id":"https:\/\/naturalpoland.com\/cs\/#organization"},"potentialAction":[{"@type":"SearchAction","target":{"@type":"EntryPoint","urlTemplate":"https:\/\/naturalpoland.com\/cs\/?s={search_term_string}"},"query-input":{"@type":"PropertyValueSpecification","valueRequired":true,"valueName":"search_term_string"}}],"inLanguage":"cs"},{"@type":"Organization","@id":"https:\/\/naturalpoland.com\/cs\/#organization","name":"Natural Poland","url":"https:\/\/naturalpoland.com\/cs\/","logo":{"@type":"ImageObject","inLanguage":"cs","@id":"https:\/\/naturalpoland.com\/cs\/#\/schema\/logo\/image\/","url":"https:\/\/naturalpoland.com\/wp-content\/uploads\/2021\/05\/natural-poland-icon.png","contentUrl":"https:\/\/naturalpoland.com\/wp-content\/uploads\/2021\/05\/natural-poland-icon.png","width":512,"height":512,"caption":"Natural Poland"},"image":{"@id":"https:\/\/naturalpoland.com\/cs\/#\/schema\/logo\/image\/"},"sameAs":["https:\/\/www.facebook.com\/naturalpoland.b2b","https:\/\/pl.linkedin.com\/company\/natural-poland","https:\/\/www.youtube.com\/channel\/UCgeGGkvOMahZo-xu_MSEWxg"]}]}},"_links":{"self":[{"href":"https:\/\/naturalpoland.com\/cs\/wp-json\/wp\/v2\/product\/5800","targetHints":{"allow":["GET"]}}],"collection":[{"href":"https:\/\/naturalpoland.com\/cs\/wp-json\/wp\/v2\/product"}],"about":[{"href":"https:\/\/naturalpoland.com\/cs\/wp-json\/wp\/v2\/types\/product"}],"wp:featuredmedia":[{"embeddable":true,"href":"https:\/\/naturalpoland.com\/cs\/wp-json\/wp\/v2\/media\/5801"}],"wp:attachment":[{"href":"https:\/\/naturalpoland.com\/cs\/wp-json\/wp\/v2\/media?parent=5800"}],"wp:term":[{"taxonomy":"product_brand","embeddable":true,"href":"https:\/\/naturalpoland.com\/cs\/wp-json\/wp\/v2\/product_brand?post=5800"},{"taxonomy":"product_cat","embeddable":true,"href":"https:\/\/naturalpoland.com\/cs\/wp-json\/wp\/v2\/product_cat?post=5800"},{"taxonomy":"product_tag","embeddable":true,"href":"https:\/\/naturalpoland.com\/cs\/wp-json\/wp\/v2\/product_tag?post=5800"}],"curies":[{"name":"wp","href":"https:\/\/api.w.org\/{rel}","templated":true}]}}