{"id":5803,"date":"2021-05-11T13:52:31","date_gmt":"2021-05-11T11:52:31","guid":{"rendered":"https:\/\/naturalpoland.pl\/produkty\/nezarazene\/olej-z-pecek-tamanu\/"},"modified":"2021-08-06T14:56:29","modified_gmt":"2021-08-06T12:56:29","slug":"olej-z-pecek-tamanu","status":"publish","type":"product","link":"https:\/\/naturalpoland.com\/cs\/produkty\/produkty-pro-kosmeticky-prumysl\/kosmeticke-oleje\/olej-z-pecek-tamanu\/","title":{"rendered":"Olej z pecek tamanu"},"content":{"rendered":"<p>Pravideln\u00e9 pou\u017e\u00edv\u00e1n\u00ed oleje ze pecek tamanu obnov\u00ed lesk poko\u017eky a vlas\u016f a bude dob\u0159e je regenerovat. V p\u0159\u00edpad\u011b poko\u017eky podporuje hojen\u00ed, pom\u00e1h\u00e1 v boji proti akn\u00e9 a m\u00e1 protiz\u00e1n\u011btliv\u00e9 vlastnosti. Je to velmi \u00fa\u010dinn\u00fd produkt a jeho pou\u017eit\u00ed je velmi jednoduch\u00e9. P\u0159i pravideln\u00e9m pou\u017e\u00edv\u00e1n\u00ed by m\u011blo ji\u017e n\u011bkolik kapek p\u0159in\u00e9st prvn\u00ed v\u00fdsledky. V\u00fdrobek je ide\u00e1ln\u00ed pro pou\u017eit\u00ed v dom\u00e1c\u00edm SPA, doporu\u010den\u00fd odborn\u00edky.    <\/p>\n","protected":false},"excerpt":{"rendered":"<p>P\u0159\u00edrodn\u00ed olej tamanu z\u00edsk\u00e1van\u00fd lisov\u00e1n\u00edm semen plod\u016f stromu zvan\u00e9ho gumovn\u00edkem, kter\u00fd se nach\u00e1z\u00ed na ostrovech Tich\u00e9ho oce\u00e1nu. Je ur\u010den k p\u0159\u00edm\u00e9 aplikaci na k\u016f\u017ei nebo vlasy. <\/p>\n","protected":false},"featured_media":45676,"template":"","meta":{"_acf_changed":false},"product_brand":[],"product_cat":[636],"product_tag":[],"class_list":{"0":"post-5803","1":"product","2":"type-product","3":"status-publish","4":"has-post-thumbnail","6":"product_cat-kosmeticke-oleje","7":"pa_czesc-rosliny-semena-ovoce","9":"first","10":"instock","11":"shipping-taxable","12":"product-type-simple"},"acf":[],"yoast_head":"<!-- This site is optimized with the Yoast SEO plugin v27.5 - https:\/\/yoast.com\/product\/yoast-seo-wordpress\/ -->\n<title>Olej z pecek tamanu - Velkoobchodn\u00ed distributor<\/title>\n<meta name=\"description\" content=\"P\u0159\u00edrodn\u00ed olej tamanu z\u00edsk\u00e1van\u00fd lisov\u00e1n\u00edm semen plod\u016f stromu zvan\u00e9ho gumovn\u00edkem, kter\u00fd se nach\u00e1z\u00ed na ostrovech Tich\u00e9ho oce\u00e1nu.\" \/>\n<meta name=\"robots\" content=\"index, follow, max-snippet:-1, max-image-preview:large, max-video-preview:-1\" \/>\n<link rel=\"canonical\" href=\"https:\/\/naturalpoland.com\/cs\/produkty\/produkty-pro-kosmeticky-prumysl\/kosmeticke-oleje\/olej-z-pecek-tamanu\/\" \/>\n<meta property=\"og:locale\" content=\"cs_CZ\" \/>\n<meta property=\"og:type\" content=\"article\" \/>\n<meta property=\"og:title\" content=\"Olej z pecek tamanu - Velkoobchodn\u00ed distributor\" \/>\n<meta property=\"og:description\" content=\"P\u0159\u00edrodn\u00ed olej tamanu z\u00edsk\u00e1van\u00fd lisov\u00e1n\u00edm semen plod\u016f stromu zvan\u00e9ho gumovn\u00edkem, kter\u00fd se nach\u00e1z\u00ed na ostrovech Tich\u00e9ho oce\u00e1nu.\" \/>\n<meta property=\"og:url\" content=\"https:\/\/naturalpoland.com\/cs\/produkty\/produkty-pro-kosmeticky-prumysl\/kosmeticke-oleje\/olej-z-pecek-tamanu\/\" \/>\n<meta property=\"og:site_name\" content=\"NATURAL POLAND - Velkoobchodn\u00ed distributor surovin\" \/>\n<meta property=\"article:publisher\" content=\"https:\/\/www.facebook.com\/naturalpoland.b2b\" \/>\n<meta property=\"article:modified_time\" content=\"2021-08-06T12:56:29+00:00\" \/>\n<meta property=\"og:image\" content=\"https:\/\/naturalpoland.com\/wp-content\/uploads\/2021\/05\/tamanu-seed-oil.jpg\" \/>\n\t<meta property=\"og:image:width\" content=\"769\" \/>\n\t<meta property=\"og:image:height\" content=\"423\" \/>\n\t<meta property=\"og:image:type\" content=\"image\/jpeg\" \/>\n<script type=\"application\/ld+json\" class=\"yoast-schema-graph\">{\"@context\":\"https:\\\/\\\/schema.org\",\"@graph\":[{\"@type\":\"WebPage\",\"@id\":\"https:\\\/\\\/naturalpoland.com\\\/cs\\\/produkty\\\/produkty-pro-kosmeticky-prumysl\\\/kosmeticke-oleje\\\/olej-z-pecek-tamanu\\\/\",\"url\":\"https:\\\/\\\/naturalpoland.com\\\/cs\\\/produkty\\\/produkty-pro-kosmeticky-prumysl\\\/kosmeticke-oleje\\\/olej-z-pecek-tamanu\\\/\",\"name\":\"Olej z pecek tamanu - Velkoobchodn\u00ed distributor\",\"isPartOf\":{\"@id\":\"https:\\\/\\\/naturalpoland.com\\\/cs\\\/#website\"},\"primaryImageOfPage\":{\"@id\":\"https:\\\/\\\/naturalpoland.com\\\/cs\\\/produkty\\\/produkty-pro-kosmeticky-prumysl\\\/kosmeticke-oleje\\\/olej-z-pecek-tamanu\\\/#primaryimage\"},\"image\":{\"@id\":\"https:\\\/\\\/naturalpoland.com\\\/cs\\\/produkty\\\/produkty-pro-kosmeticky-prumysl\\\/kosmeticke-oleje\\\/olej-z-pecek-tamanu\\\/#primaryimage\"},\"thumbnailUrl\":\"https:\\\/\\\/naturalpoland.com\\\/wp-content\\\/uploads\\\/olej-tamanu.webp\",\"datePublished\":\"2021-05-11T11:52:31+00:00\",\"dateModified\":\"2021-08-06T12:56:29+00:00\",\"description\":\"P\u0159\u00edrodn\u00ed olej tamanu z\u00edsk\u00e1van\u00fd lisov\u00e1n\u00edm semen plod\u016f stromu zvan\u00e9ho gumovn\u00edkem, kter\u00fd se nach\u00e1z\u00ed na ostrovech Tich\u00e9ho oce\u00e1nu.\",\"breadcrumb\":{\"@id\":\"https:\\\/\\\/naturalpoland.com\\\/cs\\\/produkty\\\/produkty-pro-kosmeticky-prumysl\\\/kosmeticke-oleje\\\/olej-z-pecek-tamanu\\\/#breadcrumb\"},\"inLanguage\":\"cs\",\"potentialAction\":[{\"@type\":\"ReadAction\",\"target\":[\"https:\\\/\\\/naturalpoland.com\\\/cs\\\/produkty\\\/produkty-pro-kosmeticky-prumysl\\\/kosmeticke-oleje\\\/olej-z-pecek-tamanu\\\/\"]}]},{\"@type\":\"ImageObject\",\"inLanguage\":\"cs\",\"@id\":\"https:\\\/\\\/naturalpoland.com\\\/cs\\\/produkty\\\/produkty-pro-kosmeticky-prumysl\\\/kosmeticke-oleje\\\/olej-z-pecek-tamanu\\\/#primaryimage\",\"url\":\"https:\\\/\\\/naturalpoland.com\\\/wp-content\\\/uploads\\\/olej-tamanu.webp\",\"contentUrl\":\"https:\\\/\\\/naturalpoland.com\\\/wp-content\\\/uploads\\\/olej-tamanu.webp\",\"width\":1024,\"height\":1024,\"caption\":\"olej z nasion tamanu\"},{\"@type\":\"BreadcrumbList\",\"@id\":\"https:\\\/\\\/naturalpoland.com\\\/cs\\\/produkty\\\/produkty-pro-kosmeticky-prumysl\\\/kosmeticke-oleje\\\/olej-z-pecek-tamanu\\\/#breadcrumb\",\"itemListElement\":[{\"@type\":\"ListItem\",\"position\":1,\"name\":\"Dom\u016f\",\"item\":\"https:\\\/\\\/naturalpoland.com\\\/cs\\\/\"},{\"@type\":\"ListItem\",\"position\":2,\"name\":\"Produkty\",\"item\":\"https:\\\/\\\/naturalpoland.com\\\/cs\\\/produkty\\\/\"},{\"@type\":\"ListItem\",\"position\":3,\"name\":\"Olej z pecek tamanu\"}]},{\"@type\":\"WebSite\",\"@id\":\"https:\\\/\\\/naturalpoland.com\\\/cs\\\/#website\",\"url\":\"https:\\\/\\\/naturalpoland.com\\\/cs\\\/\",\"name\":\"NATURAL POLAND - Velkoobchodn\u00ed distributor surovin\",\"description\":\"Surowce dla przemys\u0142u spo\u017cywczego, kosmetycznego i farmaceutycznego\",\"publisher\":{\"@id\":\"https:\\\/\\\/naturalpoland.com\\\/cs\\\/#organization\"},\"potentialAction\":[{\"@type\":\"SearchAction\",\"target\":{\"@type\":\"EntryPoint\",\"urlTemplate\":\"https:\\\/\\\/naturalpoland.com\\\/cs\\\/?s={search_term_string}\"},\"query-input\":{\"@type\":\"PropertyValueSpecification\",\"valueRequired\":true,\"valueName\":\"search_term_string\"}}],\"inLanguage\":\"cs\"},{\"@type\":\"Organization\",\"@id\":\"https:\\\/\\\/naturalpoland.com\\\/cs\\\/#organization\",\"name\":\"Natural Poland\",\"url\":\"https:\\\/\\\/naturalpoland.com\\\/cs\\\/\",\"logo\":{\"@type\":\"ImageObject\",\"inLanguage\":\"cs\",\"@id\":\"https:\\\/\\\/naturalpoland.com\\\/cs\\\/#\\\/schema\\\/logo\\\/image\\\/\",\"url\":\"https:\\\/\\\/naturalpoland.com\\\/wp-content\\\/uploads\\\/2021\\\/05\\\/natural-poland-icon.png\",\"contentUrl\":\"https:\\\/\\\/naturalpoland.com\\\/wp-content\\\/uploads\\\/2021\\\/05\\\/natural-poland-icon.png\",\"width\":512,\"height\":512,\"caption\":\"Natural Poland\"},\"image\":{\"@id\":\"https:\\\/\\\/naturalpoland.com\\\/cs\\\/#\\\/schema\\\/logo\\\/image\\\/\"},\"sameAs\":[\"https:\\\/\\\/www.facebook.com\\\/naturalpoland.b2b\",\"https:\\\/\\\/pl.linkedin.com\\\/company\\\/natural-poland\",\"https:\\\/\\\/www.youtube.com\\\/channel\\\/UCgeGGkvOMahZo-xu_MSEWxg\"]}]}<\/script>\n<!-- \/ Yoast SEO plugin. -->","yoast_head_json":{"title":"Olej z pecek tamanu - Velkoobchodn\u00ed distributor","description":"P\u0159\u00edrodn\u00ed olej tamanu z\u00edsk\u00e1van\u00fd lisov\u00e1n\u00edm semen plod\u016f stromu zvan\u00e9ho gumovn\u00edkem, kter\u00fd se nach\u00e1z\u00ed na ostrovech Tich\u00e9ho oce\u00e1nu.","robots":{"index":"index","follow":"follow","max-snippet":"max-snippet:-1","max-image-preview":"max-image-preview:large","max-video-preview":"max-video-preview:-1"},"canonical":"https:\/\/naturalpoland.com\/cs\/produkty\/produkty-pro-kosmeticky-prumysl\/kosmeticke-oleje\/olej-z-pecek-tamanu\/","og_locale":"cs_CZ","og_type":"article","og_title":"Olej z pecek tamanu - Velkoobchodn\u00ed distributor","og_description":"P\u0159\u00edrodn\u00ed olej tamanu z\u00edsk\u00e1van\u00fd lisov\u00e1n\u00edm semen plod\u016f stromu zvan\u00e9ho gumovn\u00edkem, kter\u00fd se nach\u00e1z\u00ed na ostrovech Tich\u00e9ho oce\u00e1nu.","og_url":"https:\/\/naturalpoland.com\/cs\/produkty\/produkty-pro-kosmeticky-prumysl\/kosmeticke-oleje\/olej-z-pecek-tamanu\/","og_site_name":"NATURAL POLAND - Velkoobchodn\u00ed distributor surovin","article_publisher":"https:\/\/www.facebook.com\/naturalpoland.b2b","article_modified_time":"2021-08-06T12:56:29+00:00","og_image":[{"width":769,"height":423,"url":"https:\/\/naturalpoland.com\/wp-content\/uploads\/2021\/05\/tamanu-seed-oil.jpg","type":"image\/jpeg"}],"schema":{"@context":"https:\/\/schema.org","@graph":[{"@type":"WebPage","@id":"https:\/\/naturalpoland.com\/cs\/produkty\/produkty-pro-kosmeticky-prumysl\/kosmeticke-oleje\/olej-z-pecek-tamanu\/","url":"https:\/\/naturalpoland.com\/cs\/produkty\/produkty-pro-kosmeticky-prumysl\/kosmeticke-oleje\/olej-z-pecek-tamanu\/","name":"Olej z pecek tamanu - Velkoobchodn\u00ed distributor","isPartOf":{"@id":"https:\/\/naturalpoland.com\/cs\/#website"},"primaryImageOfPage":{"@id":"https:\/\/naturalpoland.com\/cs\/produkty\/produkty-pro-kosmeticky-prumysl\/kosmeticke-oleje\/olej-z-pecek-tamanu\/#primaryimage"},"image":{"@id":"https:\/\/naturalpoland.com\/cs\/produkty\/produkty-pro-kosmeticky-prumysl\/kosmeticke-oleje\/olej-z-pecek-tamanu\/#primaryimage"},"thumbnailUrl":"https:\/\/naturalpoland.com\/wp-content\/uploads\/olej-tamanu.webp","datePublished":"2021-05-11T11:52:31+00:00","dateModified":"2021-08-06T12:56:29+00:00","description":"P\u0159\u00edrodn\u00ed olej tamanu z\u00edsk\u00e1van\u00fd lisov\u00e1n\u00edm semen plod\u016f stromu zvan\u00e9ho gumovn\u00edkem, kter\u00fd se nach\u00e1z\u00ed na ostrovech Tich\u00e9ho oce\u00e1nu.","breadcrumb":{"@id":"https:\/\/naturalpoland.com\/cs\/produkty\/produkty-pro-kosmeticky-prumysl\/kosmeticke-oleje\/olej-z-pecek-tamanu\/#breadcrumb"},"inLanguage":"cs","potentialAction":[{"@type":"ReadAction","target":["https:\/\/naturalpoland.com\/cs\/produkty\/produkty-pro-kosmeticky-prumysl\/kosmeticke-oleje\/olej-z-pecek-tamanu\/"]}]},{"@type":"ImageObject","inLanguage":"cs","@id":"https:\/\/naturalpoland.com\/cs\/produkty\/produkty-pro-kosmeticky-prumysl\/kosmeticke-oleje\/olej-z-pecek-tamanu\/#primaryimage","url":"https:\/\/naturalpoland.com\/wp-content\/uploads\/olej-tamanu.webp","contentUrl":"https:\/\/naturalpoland.com\/wp-content\/uploads\/olej-tamanu.webp","width":1024,"height":1024,"caption":"olej z nasion tamanu"},{"@type":"BreadcrumbList","@id":"https:\/\/naturalpoland.com\/cs\/produkty\/produkty-pro-kosmeticky-prumysl\/kosmeticke-oleje\/olej-z-pecek-tamanu\/#breadcrumb","itemListElement":[{"@type":"ListItem","position":1,"name":"Dom\u016f","item":"https:\/\/naturalpoland.com\/cs\/"},{"@type":"ListItem","position":2,"name":"Produkty","item":"https:\/\/naturalpoland.com\/cs\/produkty\/"},{"@type":"ListItem","position":3,"name":"Olej z pecek tamanu"}]},{"@type":"WebSite","@id":"https:\/\/naturalpoland.com\/cs\/#website","url":"https:\/\/naturalpoland.com\/cs\/","name":"NATURAL POLAND - Velkoobchodn\u00ed distributor surovin","description":"Surowce dla przemys\u0142u spo\u017cywczego, kosmetycznego i farmaceutycznego","publisher":{"@id":"https:\/\/naturalpoland.com\/cs\/#organization"},"potentialAction":[{"@type":"SearchAction","target":{"@type":"EntryPoint","urlTemplate":"https:\/\/naturalpoland.com\/cs\/?s={search_term_string}"},"query-input":{"@type":"PropertyValueSpecification","valueRequired":true,"valueName":"search_term_string"}}],"inLanguage":"cs"},{"@type":"Organization","@id":"https:\/\/naturalpoland.com\/cs\/#organization","name":"Natural Poland","url":"https:\/\/naturalpoland.com\/cs\/","logo":{"@type":"ImageObject","inLanguage":"cs","@id":"https:\/\/naturalpoland.com\/cs\/#\/schema\/logo\/image\/","url":"https:\/\/naturalpoland.com\/wp-content\/uploads\/2021\/05\/natural-poland-icon.png","contentUrl":"https:\/\/naturalpoland.com\/wp-content\/uploads\/2021\/05\/natural-poland-icon.png","width":512,"height":512,"caption":"Natural Poland"},"image":{"@id":"https:\/\/naturalpoland.com\/cs\/#\/schema\/logo\/image\/"},"sameAs":["https:\/\/www.facebook.com\/naturalpoland.b2b","https:\/\/pl.linkedin.com\/company\/natural-poland","https:\/\/www.youtube.com\/channel\/UCgeGGkvOMahZo-xu_MSEWxg"]}]}},"_links":{"self":[{"href":"https:\/\/naturalpoland.com\/cs\/wp-json\/wp\/v2\/product\/5803","targetHints":{"allow":["GET"]}}],"collection":[{"href":"https:\/\/naturalpoland.com\/cs\/wp-json\/wp\/v2\/product"}],"about":[{"href":"https:\/\/naturalpoland.com\/cs\/wp-json\/wp\/v2\/types\/product"}],"wp:featuredmedia":[{"embeddable":true,"href":"https:\/\/naturalpoland.com\/cs\/wp-json\/wp\/v2\/media\/45676"}],"wp:attachment":[{"href":"https:\/\/naturalpoland.com\/cs\/wp-json\/wp\/v2\/media?parent=5803"}],"wp:term":[{"taxonomy":"product_brand","embeddable":true,"href":"https:\/\/naturalpoland.com\/cs\/wp-json\/wp\/v2\/product_brand?post=5803"},{"taxonomy":"product_cat","embeddable":true,"href":"https:\/\/naturalpoland.com\/cs\/wp-json\/wp\/v2\/product_cat?post=5803"},{"taxonomy":"product_tag","embeddable":true,"href":"https:\/\/naturalpoland.com\/cs\/wp-json\/wp\/v2\/product_tag?post=5803"}],"curies":[{"name":"wp","href":"https:\/\/api.w.org\/{rel}","templated":true}]}}