{"id":5807,"date":"2021-05-11T13:55:48","date_gmt":"2021-08-06T13:00:07","guid":{"rendered":"https:\/\/naturalpoland.pl\/produkty\/nezarazene\/sci-sodium-cocoyl-isethionate\/"},"modified":"2025-01-10T15:41:36","modified_gmt":"2025-01-10T14:41:36","slug":"sci","status":"publish","type":"product","link":"https:\/\/naturalpoland.com\/cs\/produkty\/produkty-pro-kosmeticky-prumysl\/kosmeticke-suroviny\/sci\/","title":{"rendered":"SCI (Sodium Cocoyl Isethionate)"},"content":{"rendered":"<p>SCI (sodium cocoyl <strong>isethionate<\/strong> ), zn\u00e1m\u00fd tak\u00e9 jako <strong>sodium cocoyl isethionate<\/strong>, je pevn\u00e1 aniontov\u00e1 povrchov\u011b aktivn\u00ed l\u00e1tka. Je \u0161etrn\u00fd k poko\u017ece, vlas\u016fm a o\u010d\u00edm a je ide\u00e1ln\u00ed jako slo\u017eka jemn\u00fdch \u010distic\u00edch p\u0159\u00edpravk\u016f, jako jsou m\u00fddla a myc\u00ed tekutiny. Lze jej pou\u017e\u00edt i v kosmetice pro d\u011bti. V kombinaci s vodou vytv\u00e1\u0159\u00ed SCI kr\u00e1snou, stabiln\u00ed p\u011bnu, kter\u00e1 umoc\u0148uje z\u00e1\u017eitek z koup\u00e1n\u00ed.  <\/p>\n<p>Kocoylisethion\u00e1t sodn\u00fd je biologicky odbourateln\u00fd a ekologick\u00fd produkt. <\/p>\n<p>N\u00e1\u0161 v\u00fdrobek, kter\u00fd je k dispozici ve form\u011b b\u00edl\u00e9ho nebo sv\u011btle \u017elut\u00e9ho pr\u00e1\u0161ku, spl\u0148uje po\u017eadavky na kvalitu potvrzen\u00e9 anal\u00fdzou &#8211; obsahuje v\u00edce ne\u017e 80 % \u00fa\u010dinn\u00fdch l\u00e1tek.<\/p>\n<p>&nbsp;<\/p>\n<p>&nbsp;<\/p>\n","protected":false},"excerpt":{"rendered":"<p>Jsme velkoobchodn\u00edm distributorem <strong>SCI<\/strong>&amp;nbsp;<strong>(Sodium Cocoyl Isethionate)<\/strong>, aniontov\u00e9 povrchov\u011b aktivn\u00ed l\u00e1tky pou\u017e\u00edvan\u00e9 v bezpe\u010dn\u00fdch a p\u0159\u00edrodn\u00edch kosmetick\u00fdch p\u0159\u00edpravc\u00edch.<\/p>\n<p><span style=\"font-size: 14.4px;\">Tato povrchov\u011b aktivn\u00ed l\u00e1tkaje zcela bezpe\u010dn\u00e1 pro lidsk\u00e9 zdrav\u00ed a \u017eivotn\u00ed prost\u0159ed\u00ed.<\/span><\/p>\n","protected":false},"featured_media":36373,"template":"","meta":[],"product_brand":[],"product_cat":[638],"product_tag":[],"class_list":{"0":"post-5807","1":"product","2":"type-product","3":"status-publish","4":"has-post-thumbnail","6":"product_cat-kosmeticke-suroviny","8":"first","9":"instock","10":"shipping-taxable","11":"product-type-simple"},"yoast_head":"<!-- This site is optimized with the Yoast SEO plugin v27.3 - https:\/\/yoast.com\/product\/yoast-seo-wordpress\/ -->\n<title>SCI (Sodium Cocoyl Isethionate) - NATURAL POLAND - Velkoobchodn\u00ed distributor surovin<\/title>\n<meta name=\"description\" content=\"Kocoylisethion\u00e1t sodn\u00fd (SCI) je jemn\u00e1 aniontov\u00e1 povrchov\u011b aktivn\u00ed l\u00e1tka pro v\u00fdrobu p\u0159\u00edrodn\u00ed kosmetiky a jemn\u00fdch \u010distic\u00edch p\u0159\u00edpravk\u016f.\" \/>\n<meta name=\"robots\" content=\"index, follow, max-snippet:-1, max-image-preview:large, max-video-preview:-1\" \/>\n<link rel=\"canonical\" href=\"https:\/\/naturalpoland.com\/cs\/produkty\/produkty-pro-kosmeticky-prumysl\/kosmeticke-suroviny\/sci\/\" \/>\n<meta property=\"og:locale\" content=\"cs_CZ\" \/>\n<meta property=\"og:type\" content=\"article\" \/>\n<meta property=\"og:title\" content=\"SCI (Sodium Cocoyl Isethionate) - NATURAL POLAND - Velkoobchodn\u00ed distributor surovin\" \/>\n<meta property=\"og:description\" content=\"Kocoylisethion\u00e1t sodn\u00fd (SCI) je jemn\u00e1 aniontov\u00e1 povrchov\u011b aktivn\u00ed l\u00e1tka pro v\u00fdrobu p\u0159\u00edrodn\u00ed kosmetiky a jemn\u00fdch \u010distic\u00edch p\u0159\u00edpravk\u016f.\" \/>\n<meta property=\"og:url\" content=\"https:\/\/naturalpoland.com\/cs\/produkty\/produkty-pro-kosmeticky-prumysl\/kosmeticke-suroviny\/sci\/\" \/>\n<meta property=\"og:site_name\" content=\"NATURAL POLAND - Velkoobchodn\u00ed distributor surovin\" \/>\n<meta property=\"article:publisher\" content=\"https:\/\/www.facebook.com\/naturalpoland.b2b\" \/>\n<meta property=\"article:modified_time\" content=\"2025-01-10T14:41:36+00:00\" \/>\n<meta property=\"og:image\" content=\"https:\/\/naturalpoland.com\/wp-content\/uploads\/powder_sodium_cocoyl_isethionate.webp\" \/>\n\t<meta property=\"og:image:width\" content=\"350\" \/>\n\t<meta property=\"og:image:height\" content=\"350\" \/>\n\t<meta property=\"og:image:type\" content=\"image\/webp\" \/>\n<script type=\"application\/ld+json\" class=\"yoast-schema-graph\">{\"@context\":\"https:\\\/\\\/schema.org\",\"@graph\":[{\"@type\":\"WebPage\",\"@id\":\"https:\\\/\\\/naturalpoland.com\\\/cs\\\/produkty\\\/produkty-pro-kosmeticky-prumysl\\\/kosmeticke-suroviny\\\/sci\\\/\",\"url\":\"https:\\\/\\\/naturalpoland.com\\\/cs\\\/produkty\\\/produkty-pro-kosmeticky-prumysl\\\/kosmeticke-suroviny\\\/sci\\\/\",\"name\":\"SCI (Sodium Cocoyl Isethionate) - NATURAL POLAND - Velkoobchodn\u00ed distributor surovin\",\"isPartOf\":{\"@id\":\"https:\\\/\\\/naturalpoland.com\\\/cs\\\/#website\"},\"primaryImageOfPage\":{\"@id\":\"https:\\\/\\\/naturalpoland.com\\\/cs\\\/produkty\\\/produkty-pro-kosmeticky-prumysl\\\/kosmeticke-suroviny\\\/sci\\\/#primaryimage\"},\"image\":{\"@id\":\"https:\\\/\\\/naturalpoland.com\\\/cs\\\/produkty\\\/produkty-pro-kosmeticky-prumysl\\\/kosmeticke-suroviny\\\/sci\\\/#primaryimage\"},\"thumbnailUrl\":\"https:\\\/\\\/naturalpoland.com\\\/wp-content\\\/uploads\\\/powder_sodium_cocoyl_isethionate.webp\",\"datePublished\":\"2021-08-06T13:00:07+00:00\",\"dateModified\":\"2025-01-10T14:41:36+00:00\",\"description\":\"Kocoylisethion\u00e1t sodn\u00fd (SCI) je jemn\u00e1 aniontov\u00e1 povrchov\u011b aktivn\u00ed l\u00e1tka pro v\u00fdrobu p\u0159\u00edrodn\u00ed kosmetiky a jemn\u00fdch \u010distic\u00edch p\u0159\u00edpravk\u016f.\",\"breadcrumb\":{\"@id\":\"https:\\\/\\\/naturalpoland.com\\\/cs\\\/produkty\\\/produkty-pro-kosmeticky-prumysl\\\/kosmeticke-suroviny\\\/sci\\\/#breadcrumb\"},\"inLanguage\":\"cs\",\"potentialAction\":[{\"@type\":\"ReadAction\",\"target\":[\"https:\\\/\\\/naturalpoland.com\\\/cs\\\/produkty\\\/produkty-pro-kosmeticky-prumysl\\\/kosmeticke-suroviny\\\/sci\\\/\"]}]},{\"@type\":\"ImageObject\",\"inLanguage\":\"cs\",\"@id\":\"https:\\\/\\\/naturalpoland.com\\\/cs\\\/produkty\\\/produkty-pro-kosmeticky-prumysl\\\/kosmeticke-suroviny\\\/sci\\\/#primaryimage\",\"url\":\"https:\\\/\\\/naturalpoland.com\\\/wp-content\\\/uploads\\\/powder_sodium_cocoyl_isethionate.webp\",\"contentUrl\":\"https:\\\/\\\/naturalpoland.com\\\/wp-content\\\/uploads\\\/powder_sodium_cocoyl_isethionate.webp\",\"width\":350,\"height\":350,\"caption\":\"proszek Sodium Cocoyl Isethionate (SCI)\"},{\"@type\":\"BreadcrumbList\",\"@id\":\"https:\\\/\\\/naturalpoland.com\\\/cs\\\/produkty\\\/produkty-pro-kosmeticky-prumysl\\\/kosmeticke-suroviny\\\/sci\\\/#breadcrumb\",\"itemListElement\":[{\"@type\":\"ListItem\",\"position\":1,\"name\":\"Dom\u016f\",\"item\":\"https:\\\/\\\/naturalpoland.com\\\/cs\\\/\"},{\"@type\":\"ListItem\",\"position\":2,\"name\":\"Produkty\",\"item\":\"https:\\\/\\\/naturalpoland.com\\\/cs\\\/produkty\\\/\"},{\"@type\":\"ListItem\",\"position\":3,\"name\":\"SCI (Sodium Cocoyl Isethionate)\"}]},{\"@type\":\"WebSite\",\"@id\":\"https:\\\/\\\/naturalpoland.com\\\/cs\\\/#website\",\"url\":\"https:\\\/\\\/naturalpoland.com\\\/cs\\\/\",\"name\":\"NATURAL POLAND - Velkoobchodn\u00ed distributor surovin\",\"description\":\"Surowce dla przemys\u0142u spo\u017cywczego, kosmetycznego i farmaceutycznego\",\"publisher\":{\"@id\":\"https:\\\/\\\/naturalpoland.com\\\/cs\\\/#organization\"},\"potentialAction\":[{\"@type\":\"SearchAction\",\"target\":{\"@type\":\"EntryPoint\",\"urlTemplate\":\"https:\\\/\\\/naturalpoland.com\\\/cs\\\/?s={search_term_string}\"},\"query-input\":{\"@type\":\"PropertyValueSpecification\",\"valueRequired\":true,\"valueName\":\"search_term_string\"}}],\"inLanguage\":\"cs\"},{\"@type\":\"Organization\",\"@id\":\"https:\\\/\\\/naturalpoland.com\\\/cs\\\/#organization\",\"name\":\"Natural Poland\",\"url\":\"https:\\\/\\\/naturalpoland.com\\\/cs\\\/\",\"logo\":{\"@type\":\"ImageObject\",\"inLanguage\":\"cs\",\"@id\":\"https:\\\/\\\/naturalpoland.com\\\/cs\\\/#\\\/schema\\\/logo\\\/image\\\/\",\"url\":\"https:\\\/\\\/naturalpoland.com\\\/wp-content\\\/uploads\\\/2021\\\/05\\\/natural-poland-icon.png\",\"contentUrl\":\"https:\\\/\\\/naturalpoland.com\\\/wp-content\\\/uploads\\\/2021\\\/05\\\/natural-poland-icon.png\",\"width\":512,\"height\":512,\"caption\":\"Natural Poland\"},\"image\":{\"@id\":\"https:\\\/\\\/naturalpoland.com\\\/cs\\\/#\\\/schema\\\/logo\\\/image\\\/\"},\"sameAs\":[\"https:\\\/\\\/www.facebook.com\\\/naturalpoland.b2b\",\"https:\\\/\\\/pl.linkedin.com\\\/company\\\/natural-poland\",\"https:\\\/\\\/www.youtube.com\\\/channel\\\/UCgeGGkvOMahZo-xu_MSEWxg\"]}]}<\/script>\n<!-- \/ Yoast SEO plugin. -->","yoast_head_json":{"title":"SCI (Sodium Cocoyl Isethionate) - NATURAL POLAND - Velkoobchodn\u00ed distributor surovin","description":"Kocoylisethion\u00e1t sodn\u00fd (SCI) je jemn\u00e1 aniontov\u00e1 povrchov\u011b aktivn\u00ed l\u00e1tka pro v\u00fdrobu p\u0159\u00edrodn\u00ed kosmetiky a jemn\u00fdch \u010distic\u00edch p\u0159\u00edpravk\u016f.","robots":{"index":"index","follow":"follow","max-snippet":"max-snippet:-1","max-image-preview":"max-image-preview:large","max-video-preview":"max-video-preview:-1"},"canonical":"https:\/\/naturalpoland.com\/cs\/produkty\/produkty-pro-kosmeticky-prumysl\/kosmeticke-suroviny\/sci\/","og_locale":"cs_CZ","og_type":"article","og_title":"SCI (Sodium Cocoyl Isethionate) - NATURAL POLAND - Velkoobchodn\u00ed distributor surovin","og_description":"Kocoylisethion\u00e1t sodn\u00fd (SCI) je jemn\u00e1 aniontov\u00e1 povrchov\u011b aktivn\u00ed l\u00e1tka pro v\u00fdrobu p\u0159\u00edrodn\u00ed kosmetiky a jemn\u00fdch \u010distic\u00edch p\u0159\u00edpravk\u016f.","og_url":"https:\/\/naturalpoland.com\/cs\/produkty\/produkty-pro-kosmeticky-prumysl\/kosmeticke-suroviny\/sci\/","og_site_name":"NATURAL POLAND - Velkoobchodn\u00ed distributor surovin","article_publisher":"https:\/\/www.facebook.com\/naturalpoland.b2b","article_modified_time":"2025-01-10T14:41:36+00:00","og_image":[{"width":350,"height":350,"url":"https:\/\/naturalpoland.com\/wp-content\/uploads\/powder_sodium_cocoyl_isethionate.webp","type":"image\/webp"}],"schema":{"@context":"https:\/\/schema.org","@graph":[{"@type":"WebPage","@id":"https:\/\/naturalpoland.com\/cs\/produkty\/produkty-pro-kosmeticky-prumysl\/kosmeticke-suroviny\/sci\/","url":"https:\/\/naturalpoland.com\/cs\/produkty\/produkty-pro-kosmeticky-prumysl\/kosmeticke-suroviny\/sci\/","name":"SCI (Sodium Cocoyl Isethionate) - NATURAL POLAND - Velkoobchodn\u00ed distributor surovin","isPartOf":{"@id":"https:\/\/naturalpoland.com\/cs\/#website"},"primaryImageOfPage":{"@id":"https:\/\/naturalpoland.com\/cs\/produkty\/produkty-pro-kosmeticky-prumysl\/kosmeticke-suroviny\/sci\/#primaryimage"},"image":{"@id":"https:\/\/naturalpoland.com\/cs\/produkty\/produkty-pro-kosmeticky-prumysl\/kosmeticke-suroviny\/sci\/#primaryimage"},"thumbnailUrl":"https:\/\/naturalpoland.com\/wp-content\/uploads\/powder_sodium_cocoyl_isethionate.webp","datePublished":"2021-08-06T13:00:07+00:00","dateModified":"2025-01-10T14:41:36+00:00","description":"Kocoylisethion\u00e1t sodn\u00fd (SCI) je jemn\u00e1 aniontov\u00e1 povrchov\u011b aktivn\u00ed l\u00e1tka pro v\u00fdrobu p\u0159\u00edrodn\u00ed kosmetiky a jemn\u00fdch \u010distic\u00edch p\u0159\u00edpravk\u016f.","breadcrumb":{"@id":"https:\/\/naturalpoland.com\/cs\/produkty\/produkty-pro-kosmeticky-prumysl\/kosmeticke-suroviny\/sci\/#breadcrumb"},"inLanguage":"cs","potentialAction":[{"@type":"ReadAction","target":["https:\/\/naturalpoland.com\/cs\/produkty\/produkty-pro-kosmeticky-prumysl\/kosmeticke-suroviny\/sci\/"]}]},{"@type":"ImageObject","inLanguage":"cs","@id":"https:\/\/naturalpoland.com\/cs\/produkty\/produkty-pro-kosmeticky-prumysl\/kosmeticke-suroviny\/sci\/#primaryimage","url":"https:\/\/naturalpoland.com\/wp-content\/uploads\/powder_sodium_cocoyl_isethionate.webp","contentUrl":"https:\/\/naturalpoland.com\/wp-content\/uploads\/powder_sodium_cocoyl_isethionate.webp","width":350,"height":350,"caption":"proszek Sodium Cocoyl Isethionate (SCI)"},{"@type":"BreadcrumbList","@id":"https:\/\/naturalpoland.com\/cs\/produkty\/produkty-pro-kosmeticky-prumysl\/kosmeticke-suroviny\/sci\/#breadcrumb","itemListElement":[{"@type":"ListItem","position":1,"name":"Dom\u016f","item":"https:\/\/naturalpoland.com\/cs\/"},{"@type":"ListItem","position":2,"name":"Produkty","item":"https:\/\/naturalpoland.com\/cs\/produkty\/"},{"@type":"ListItem","position":3,"name":"SCI (Sodium Cocoyl Isethionate)"}]},{"@type":"WebSite","@id":"https:\/\/naturalpoland.com\/cs\/#website","url":"https:\/\/naturalpoland.com\/cs\/","name":"NATURAL POLAND - Velkoobchodn\u00ed distributor surovin","description":"Surowce dla przemys\u0142u spo\u017cywczego, kosmetycznego i farmaceutycznego","publisher":{"@id":"https:\/\/naturalpoland.com\/cs\/#organization"},"potentialAction":[{"@type":"SearchAction","target":{"@type":"EntryPoint","urlTemplate":"https:\/\/naturalpoland.com\/cs\/?s={search_term_string}"},"query-input":{"@type":"PropertyValueSpecification","valueRequired":true,"valueName":"search_term_string"}}],"inLanguage":"cs"},{"@type":"Organization","@id":"https:\/\/naturalpoland.com\/cs\/#organization","name":"Natural Poland","url":"https:\/\/naturalpoland.com\/cs\/","logo":{"@type":"ImageObject","inLanguage":"cs","@id":"https:\/\/naturalpoland.com\/cs\/#\/schema\/logo\/image\/","url":"https:\/\/naturalpoland.com\/wp-content\/uploads\/2021\/05\/natural-poland-icon.png","contentUrl":"https:\/\/naturalpoland.com\/wp-content\/uploads\/2021\/05\/natural-poland-icon.png","width":512,"height":512,"caption":"Natural Poland"},"image":{"@id":"https:\/\/naturalpoland.com\/cs\/#\/schema\/logo\/image\/"},"sameAs":["https:\/\/www.facebook.com\/naturalpoland.b2b","https:\/\/pl.linkedin.com\/company\/natural-poland","https:\/\/www.youtube.com\/channel\/UCgeGGkvOMahZo-xu_MSEWxg"]}]}},"_links":{"self":[{"href":"https:\/\/naturalpoland.com\/cs\/wp-json\/wp\/v2\/product\/5807","targetHints":{"allow":["GET"]}}],"collection":[{"href":"https:\/\/naturalpoland.com\/cs\/wp-json\/wp\/v2\/product"}],"about":[{"href":"https:\/\/naturalpoland.com\/cs\/wp-json\/wp\/v2\/types\/product"}],"wp:featuredmedia":[{"embeddable":true,"href":"https:\/\/naturalpoland.com\/cs\/wp-json\/wp\/v2\/media\/36373"}],"wp:attachment":[{"href":"https:\/\/naturalpoland.com\/cs\/wp-json\/wp\/v2\/media?parent=5807"}],"wp:term":[{"taxonomy":"product_brand","embeddable":true,"href":"https:\/\/naturalpoland.com\/cs\/wp-json\/wp\/v2\/product_brand?post=5807"},{"taxonomy":"product_cat","embeddable":true,"href":"https:\/\/naturalpoland.com\/cs\/wp-json\/wp\/v2\/product_cat?post=5807"},{"taxonomy":"product_tag","embeddable":true,"href":"https:\/\/naturalpoland.com\/cs\/wp-json\/wp\/v2\/product_tag?post=5807"}],"curies":[{"name":"wp","href":"https:\/\/api.w.org\/{rel}","templated":true}]}}