{"id":5813,"date":"2021-05-11T13:56:36","date_gmt":"2021-08-06T13:04:01","guid":{"rendered":"https:\/\/naturalpoland.pl\/produkty\/nezarazene\/spirulina\/"},"modified":"2024-08-23T15:28:13","modified_gmt":"2024-08-23T13:28:13","slug":"spirulina","status":"publish","type":"product","link":"https:\/\/naturalpoland.com\/cs\/produkty\/produkty-pro-farmaceuticky-a-zdravotnicky-prumysl\/pridavky-k-doplnkum-stravy\/spirulina\/","title":{"rendered":"Spirulina"},"content":{"rendered":"<p>Pr\u00e1\u0161ek spiruliny je ve form\u011b jemn\u00e9ho, tmav\u011b zelen\u00e9ho pr\u00e1\u0161ku s charakteristickou jemnou v\u016fn\u00ed.<br \/>\nV\u00fdrobek je 100% p\u0159\u00edrodn\u00ed a neobsahuje \u017e\u00e1dn\u00e9 p\u0159\u00edsady ani konzerva\u010dn\u00ed l\u00e1tky.   <\/p>\n<h2>Vlastnosti<\/h2>\n<p>  Spirulina je z velk\u00e9 \u010d\u00e1sti tvo\u0159ena b\u00edlkovinami (v\u00edce ne\u017e 60 % v su\u0161in\u011b) bohat\u00fdmi na aminokyseliny, kter\u00e9 si lidsk\u00e9 t\u011blo nedok\u00e1\u017ee samo vyrobit.<br \/>\nProto jsou p\u0159\u00edpravky obsahuj\u00edc\u00ed spirulinu velmi obl\u00edben\u00e9 mezi lidmi, kte\u0159\u00ed ze sv\u00e9 ka\u017edodenn\u00ed stravy vynech\u00e1vaj\u00ed maso a \u017eivo\u010di\u0161n\u00e9 produkty.<br \/>\nZbytek, p\u0159ibli\u017en\u011b 30 %, tvo\u0159\u00ed nenasycen\u00e9 mastn\u00e9 kyseliny, vitaminy a miner\u00e1ln\u00ed l\u00e1tky (v\u010detn\u011b chlorofylu a karotenoid\u016f), kter\u00e9 jsou pro \u010dlov\u011bka nezbytn\u00e9.   Spirulina obsahuje p\u0159edev\u0161\u00edm slo\u017eky jako <strong><a href=\"https:\/\/naturalpoland.com\/produkty\/produkty-dla-przemyslu-kosmetycznego\/surowce-kosmetyczne\/witamina-a\/\">vitamin A<\/a><\/strong>B, C, D, E a K, ale tak\u00e9 ho\u0159\u010d\u00edk, \u017eelezo a kyselinu arachidonovou. Nen\u00ed proto t\u011b\u017ek\u00e9 uhodnout, s jakou chut\u00ed lid\u00e9 spirulinu pou\u017e\u00edvaj\u00ed.<br \/>\nI p\u0159es jej\u00ed bohat\u00e9 zdroje v\u0161ak existuj\u00ed v\u00fdznamn\u00e9 kontraindikace jej\u00edho u\u017e\u00edv\u00e1n\u00ed.<br \/>\nP\u0159\u00edpravky obsahuj\u00edc\u00ed spirulinu nesm\u00ed u\u017e\u00edvat t\u011bhotn\u00e9 a koj\u00edc\u00ed \u017eeny, d\u011bti, lid\u00e9 trp\u00edc\u00ed autoimunitn\u00edmi chorobami, fenylketonuri\u00ed nebo pacienti u\u017e\u00edvaj\u00edc\u00ed imunosupresiva \u010di l\u00e9ky na sr\u00e1\u017een\u00ed krve.    <\/p>\n<h2>Pou\u017eit\u00ed:<\/h2>\n<p>  Pr\u00e1\u0161ek spiruliny se b\u011b\u017en\u011b pou\u017e\u00edv\u00e1 jako p\u0159\u00edsada do koktejl\u016f, smoothies, \u0161\u0165\u00e1v a jako slo\u017eka tablet a kapsl\u00ed dopl\u0148k\u016f stravy.<br \/>\nLze jej tak\u00e9 p\u0159id\u00e1vat do r\u016fzn\u00fdch potravin, jako jsou energetick\u00e9 ty\u010dinky, zdrav\u00e9 n\u00e1poje a dezerty, aby dodal dal\u0161\u00ed v\u00fd\u017eivovou hodnotu.<br \/>\nD\u00edky sv\u00fdm antioxida\u010dn\u00edm a detoxika\u010dn\u00edm vlastnostem se spirulina pou\u017e\u00edv\u00e1 tak\u00e9 v kosmetick\u00fdch p\u0159\u00edpravc\u00edch, jako jsou ple\u0165ov\u00e9 masky, kr\u00e9my a p\u0159\u00edpravky pro p\u00e9\u010di o vlasy.  <\/p>\n","protected":false},"excerpt":{"rendered":"<p>Dod\u00e1v\u00e1me firm\u00e1m vysoce kvalitn\u00ed spirulinu.<br \/>\nJedn\u00e1 se o velmi obl\u00edbenou l\u00e1tku, kter\u00e1 vznik\u00e1 z cel\u00e9 biomasy zelenomod\u0159e zbarven\u00fdch \u0159as.<br \/>\nP\u0159\u00edpravky na b\u00e1zi spiruliny maj\u00ed \u0161irokou \u0161k\u00e1lu pou\u017eit\u00ed, d\u00edky \u010demu\u017e je spirulina slo\u017ekou kosmetick\u00fdch v\u00fdrobk\u016f i zn\u00e1m\u00fdch dopl\u0148k\u016f stravy.  <\/p>\n","protected":false},"featured_media":5814,"template":"","meta":{"_acf_changed":false},"product_brand":[],"product_cat":[629],"product_tag":[],"class_list":{"0":"post-5813","1":"product","2":"type-product","3":"status-publish","4":"has-post-thumbnail","6":"product_cat-pridavky-k-doplnkum-stravy","7":"pa_czesc-rosliny-cela-rostlina","9":"first","10":"instock","11":"shipping-taxable","12":"product-type-simple"},"acf":[],"yoast_head":"<!-- This site is optimized with the Yoast SEO plugin v27.4 - https:\/\/yoast.com\/product\/yoast-seo-wordpress\/ -->\n<title>Spirulina - NATURAL POLAND - Velkoobchodn\u00ed distributor surovin<\/title>\n<meta name=\"description\" content=\"Spirulina je dopln\u011bk stravy, kter\u00fd d\u00edky sv\u00e9mu bohatstv\u00ed na b\u00edlkoviny, chlorofyl a dal\u0161\u00ed cenn\u00e9 slo\u017eky podporuje zdrav\u00ed na mnoha \u00farovn\u00edch.\" \/>\n<meta name=\"robots\" content=\"index, follow, max-snippet:-1, max-image-preview:large, max-video-preview:-1\" \/>\n<link rel=\"canonical\" href=\"https:\/\/naturalpoland.com\/cs\/produkty\/produkty-pro-farmaceuticky-a-zdravotnicky-prumysl\/pridavky-k-doplnkum-stravy\/spirulina\/\" \/>\n<meta property=\"og:locale\" content=\"cs_CZ\" \/>\n<meta property=\"og:type\" content=\"article\" \/>\n<meta property=\"og:title\" content=\"Spirulina - NATURAL POLAND - Velkoobchodn\u00ed distributor surovin\" \/>\n<meta property=\"og:description\" content=\"Spirulina je dopln\u011bk stravy, kter\u00fd d\u00edky sv\u00e9mu bohatstv\u00ed na b\u00edlkoviny, chlorofyl a dal\u0161\u00ed cenn\u00e9 slo\u017eky podporuje zdrav\u00ed na mnoha \u00farovn\u00edch.\" \/>\n<meta property=\"og:url\" content=\"https:\/\/naturalpoland.com\/cs\/produkty\/produkty-pro-farmaceuticky-a-zdravotnicky-prumysl\/pridavky-k-doplnkum-stravy\/spirulina\/\" \/>\n<meta property=\"og:site_name\" content=\"NATURAL POLAND - Velkoobchodn\u00ed distributor surovin\" \/>\n<meta property=\"article:publisher\" content=\"https:\/\/www.facebook.com\/naturalpoland.b2b\" \/>\n<meta property=\"article:modified_time\" content=\"2024-08-23T13:28:13+00:00\" \/>\n<meta property=\"og:image\" content=\"https:\/\/naturalpoland.com\/wp-content\/uploads\/2021\/05\/spirulina.jpg\" \/>\n\t<meta property=\"og:image:width\" content=\"1000\" \/>\n\t<meta property=\"og:image:height\" content=\"1000\" \/>\n\t<meta property=\"og:image:type\" content=\"image\/jpeg\" \/>\n<script type=\"application\/ld+json\" class=\"yoast-schema-graph\">{\"@context\":\"https:\\\/\\\/schema.org\",\"@graph\":[{\"@type\":\"WebPage\",\"@id\":\"https:\\\/\\\/naturalpoland.com\\\/cs\\\/produkty\\\/produkty-pro-farmaceuticky-a-zdravotnicky-prumysl\\\/pridavky-k-doplnkum-stravy\\\/spirulina\\\/\",\"url\":\"https:\\\/\\\/naturalpoland.com\\\/cs\\\/produkty\\\/produkty-pro-farmaceuticky-a-zdravotnicky-prumysl\\\/pridavky-k-doplnkum-stravy\\\/spirulina\\\/\",\"name\":\"Spirulina - NATURAL POLAND - Velkoobchodn\u00ed distributor surovin\",\"isPartOf\":{\"@id\":\"https:\\\/\\\/naturalpoland.com\\\/cs\\\/#website\"},\"primaryImageOfPage\":{\"@id\":\"https:\\\/\\\/naturalpoland.com\\\/cs\\\/produkty\\\/produkty-pro-farmaceuticky-a-zdravotnicky-prumysl\\\/pridavky-k-doplnkum-stravy\\\/spirulina\\\/#primaryimage\"},\"image\":{\"@id\":\"https:\\\/\\\/naturalpoland.com\\\/cs\\\/produkty\\\/produkty-pro-farmaceuticky-a-zdravotnicky-prumysl\\\/pridavky-k-doplnkum-stravy\\\/spirulina\\\/#primaryimage\"},\"thumbnailUrl\":\"https:\\\/\\\/naturalpoland.com\\\/wp-content\\\/uploads\\\/2021\\\/05\\\/spirulina.jpg\",\"datePublished\":\"2021-08-06T13:04:01+00:00\",\"dateModified\":\"2024-08-23T13:28:13+00:00\",\"description\":\"Spirulina je dopln\u011bk stravy, kter\u00fd d\u00edky sv\u00e9mu bohatstv\u00ed na b\u00edlkoviny, chlorofyl a dal\u0161\u00ed cenn\u00e9 slo\u017eky podporuje zdrav\u00ed na mnoha \u00farovn\u00edch.\",\"breadcrumb\":{\"@id\":\"https:\\\/\\\/naturalpoland.com\\\/cs\\\/produkty\\\/produkty-pro-farmaceuticky-a-zdravotnicky-prumysl\\\/pridavky-k-doplnkum-stravy\\\/spirulina\\\/#breadcrumb\"},\"inLanguage\":\"cs\",\"potentialAction\":[{\"@type\":\"ReadAction\",\"target\":[\"https:\\\/\\\/naturalpoland.com\\\/cs\\\/produkty\\\/produkty-pro-farmaceuticky-a-zdravotnicky-prumysl\\\/pridavky-k-doplnkum-stravy\\\/spirulina\\\/\"]}]},{\"@type\":\"ImageObject\",\"inLanguage\":\"cs\",\"@id\":\"https:\\\/\\\/naturalpoland.com\\\/cs\\\/produkty\\\/produkty-pro-farmaceuticky-a-zdravotnicky-prumysl\\\/pridavky-k-doplnkum-stravy\\\/spirulina\\\/#primaryimage\",\"url\":\"https:\\\/\\\/naturalpoland.com\\\/wp-content\\\/uploads\\\/2021\\\/05\\\/spirulina.jpg\",\"contentUrl\":\"https:\\\/\\\/naturalpoland.com\\\/wp-content\\\/uploads\\\/2021\\\/05\\\/spirulina.jpg\",\"width\":1000,\"height\":1000},{\"@type\":\"BreadcrumbList\",\"@id\":\"https:\\\/\\\/naturalpoland.com\\\/cs\\\/produkty\\\/produkty-pro-farmaceuticky-a-zdravotnicky-prumysl\\\/pridavky-k-doplnkum-stravy\\\/spirulina\\\/#breadcrumb\",\"itemListElement\":[{\"@type\":\"ListItem\",\"position\":1,\"name\":\"Dom\u016f\",\"item\":\"https:\\\/\\\/naturalpoland.com\\\/cs\\\/\"},{\"@type\":\"ListItem\",\"position\":2,\"name\":\"Produkty\",\"item\":\"https:\\\/\\\/naturalpoland.com\\\/cs\\\/produkty\\\/\"},{\"@type\":\"ListItem\",\"position\":3,\"name\":\"Spirulina\"}]},{\"@type\":\"WebSite\",\"@id\":\"https:\\\/\\\/naturalpoland.com\\\/cs\\\/#website\",\"url\":\"https:\\\/\\\/naturalpoland.com\\\/cs\\\/\",\"name\":\"NATURAL POLAND - Velkoobchodn\u00ed distributor surovin\",\"description\":\"Surowce dla przemys\u0142u spo\u017cywczego, kosmetycznego i farmaceutycznego\",\"publisher\":{\"@id\":\"https:\\\/\\\/naturalpoland.com\\\/cs\\\/#organization\"},\"potentialAction\":[{\"@type\":\"SearchAction\",\"target\":{\"@type\":\"EntryPoint\",\"urlTemplate\":\"https:\\\/\\\/naturalpoland.com\\\/cs\\\/?s={search_term_string}\"},\"query-input\":{\"@type\":\"PropertyValueSpecification\",\"valueRequired\":true,\"valueName\":\"search_term_string\"}}],\"inLanguage\":\"cs\"},{\"@type\":\"Organization\",\"@id\":\"https:\\\/\\\/naturalpoland.com\\\/cs\\\/#organization\",\"name\":\"Natural Poland\",\"url\":\"https:\\\/\\\/naturalpoland.com\\\/cs\\\/\",\"logo\":{\"@type\":\"ImageObject\",\"inLanguage\":\"cs\",\"@id\":\"https:\\\/\\\/naturalpoland.com\\\/cs\\\/#\\\/schema\\\/logo\\\/image\\\/\",\"url\":\"https:\\\/\\\/naturalpoland.com\\\/wp-content\\\/uploads\\\/2021\\\/05\\\/natural-poland-icon.png\",\"contentUrl\":\"https:\\\/\\\/naturalpoland.com\\\/wp-content\\\/uploads\\\/2021\\\/05\\\/natural-poland-icon.png\",\"width\":512,\"height\":512,\"caption\":\"Natural Poland\"},\"image\":{\"@id\":\"https:\\\/\\\/naturalpoland.com\\\/cs\\\/#\\\/schema\\\/logo\\\/image\\\/\"},\"sameAs\":[\"https:\\\/\\\/www.facebook.com\\\/naturalpoland.b2b\",\"https:\\\/\\\/pl.linkedin.com\\\/company\\\/natural-poland\",\"https:\\\/\\\/www.youtube.com\\\/channel\\\/UCgeGGkvOMahZo-xu_MSEWxg\"]}]}<\/script>\n<!-- \/ Yoast SEO plugin. -->","yoast_head_json":{"title":"Spirulina - NATURAL POLAND - Velkoobchodn\u00ed distributor surovin","description":"Spirulina je dopln\u011bk stravy, kter\u00fd d\u00edky sv\u00e9mu bohatstv\u00ed na b\u00edlkoviny, chlorofyl a dal\u0161\u00ed cenn\u00e9 slo\u017eky podporuje zdrav\u00ed na mnoha \u00farovn\u00edch.","robots":{"index":"index","follow":"follow","max-snippet":"max-snippet:-1","max-image-preview":"max-image-preview:large","max-video-preview":"max-video-preview:-1"},"canonical":"https:\/\/naturalpoland.com\/cs\/produkty\/produkty-pro-farmaceuticky-a-zdravotnicky-prumysl\/pridavky-k-doplnkum-stravy\/spirulina\/","og_locale":"cs_CZ","og_type":"article","og_title":"Spirulina - NATURAL POLAND - Velkoobchodn\u00ed distributor surovin","og_description":"Spirulina je dopln\u011bk stravy, kter\u00fd d\u00edky sv\u00e9mu bohatstv\u00ed na b\u00edlkoviny, chlorofyl a dal\u0161\u00ed cenn\u00e9 slo\u017eky podporuje zdrav\u00ed na mnoha \u00farovn\u00edch.","og_url":"https:\/\/naturalpoland.com\/cs\/produkty\/produkty-pro-farmaceuticky-a-zdravotnicky-prumysl\/pridavky-k-doplnkum-stravy\/spirulina\/","og_site_name":"NATURAL POLAND - Velkoobchodn\u00ed distributor surovin","article_publisher":"https:\/\/www.facebook.com\/naturalpoland.b2b","article_modified_time":"2024-08-23T13:28:13+00:00","og_image":[{"width":1000,"height":1000,"url":"https:\/\/naturalpoland.com\/wp-content\/uploads\/2021\/05\/spirulina.jpg","type":"image\/jpeg"}],"schema":{"@context":"https:\/\/schema.org","@graph":[{"@type":"WebPage","@id":"https:\/\/naturalpoland.com\/cs\/produkty\/produkty-pro-farmaceuticky-a-zdravotnicky-prumysl\/pridavky-k-doplnkum-stravy\/spirulina\/","url":"https:\/\/naturalpoland.com\/cs\/produkty\/produkty-pro-farmaceuticky-a-zdravotnicky-prumysl\/pridavky-k-doplnkum-stravy\/spirulina\/","name":"Spirulina - NATURAL POLAND - Velkoobchodn\u00ed distributor surovin","isPartOf":{"@id":"https:\/\/naturalpoland.com\/cs\/#website"},"primaryImageOfPage":{"@id":"https:\/\/naturalpoland.com\/cs\/produkty\/produkty-pro-farmaceuticky-a-zdravotnicky-prumysl\/pridavky-k-doplnkum-stravy\/spirulina\/#primaryimage"},"image":{"@id":"https:\/\/naturalpoland.com\/cs\/produkty\/produkty-pro-farmaceuticky-a-zdravotnicky-prumysl\/pridavky-k-doplnkum-stravy\/spirulina\/#primaryimage"},"thumbnailUrl":"https:\/\/naturalpoland.com\/wp-content\/uploads\/2021\/05\/spirulina.jpg","datePublished":"2021-08-06T13:04:01+00:00","dateModified":"2024-08-23T13:28:13+00:00","description":"Spirulina je dopln\u011bk stravy, kter\u00fd d\u00edky sv\u00e9mu bohatstv\u00ed na b\u00edlkoviny, chlorofyl a dal\u0161\u00ed cenn\u00e9 slo\u017eky podporuje zdrav\u00ed na mnoha \u00farovn\u00edch.","breadcrumb":{"@id":"https:\/\/naturalpoland.com\/cs\/produkty\/produkty-pro-farmaceuticky-a-zdravotnicky-prumysl\/pridavky-k-doplnkum-stravy\/spirulina\/#breadcrumb"},"inLanguage":"cs","potentialAction":[{"@type":"ReadAction","target":["https:\/\/naturalpoland.com\/cs\/produkty\/produkty-pro-farmaceuticky-a-zdravotnicky-prumysl\/pridavky-k-doplnkum-stravy\/spirulina\/"]}]},{"@type":"ImageObject","inLanguage":"cs","@id":"https:\/\/naturalpoland.com\/cs\/produkty\/produkty-pro-farmaceuticky-a-zdravotnicky-prumysl\/pridavky-k-doplnkum-stravy\/spirulina\/#primaryimage","url":"https:\/\/naturalpoland.com\/wp-content\/uploads\/2021\/05\/spirulina.jpg","contentUrl":"https:\/\/naturalpoland.com\/wp-content\/uploads\/2021\/05\/spirulina.jpg","width":1000,"height":1000},{"@type":"BreadcrumbList","@id":"https:\/\/naturalpoland.com\/cs\/produkty\/produkty-pro-farmaceuticky-a-zdravotnicky-prumysl\/pridavky-k-doplnkum-stravy\/spirulina\/#breadcrumb","itemListElement":[{"@type":"ListItem","position":1,"name":"Dom\u016f","item":"https:\/\/naturalpoland.com\/cs\/"},{"@type":"ListItem","position":2,"name":"Produkty","item":"https:\/\/naturalpoland.com\/cs\/produkty\/"},{"@type":"ListItem","position":3,"name":"Spirulina"}]},{"@type":"WebSite","@id":"https:\/\/naturalpoland.com\/cs\/#website","url":"https:\/\/naturalpoland.com\/cs\/","name":"NATURAL POLAND - Velkoobchodn\u00ed distributor surovin","description":"Surowce dla przemys\u0142u spo\u017cywczego, kosmetycznego i farmaceutycznego","publisher":{"@id":"https:\/\/naturalpoland.com\/cs\/#organization"},"potentialAction":[{"@type":"SearchAction","target":{"@type":"EntryPoint","urlTemplate":"https:\/\/naturalpoland.com\/cs\/?s={search_term_string}"},"query-input":{"@type":"PropertyValueSpecification","valueRequired":true,"valueName":"search_term_string"}}],"inLanguage":"cs"},{"@type":"Organization","@id":"https:\/\/naturalpoland.com\/cs\/#organization","name":"Natural Poland","url":"https:\/\/naturalpoland.com\/cs\/","logo":{"@type":"ImageObject","inLanguage":"cs","@id":"https:\/\/naturalpoland.com\/cs\/#\/schema\/logo\/image\/","url":"https:\/\/naturalpoland.com\/wp-content\/uploads\/2021\/05\/natural-poland-icon.png","contentUrl":"https:\/\/naturalpoland.com\/wp-content\/uploads\/2021\/05\/natural-poland-icon.png","width":512,"height":512,"caption":"Natural Poland"},"image":{"@id":"https:\/\/naturalpoland.com\/cs\/#\/schema\/logo\/image\/"},"sameAs":["https:\/\/www.facebook.com\/naturalpoland.b2b","https:\/\/pl.linkedin.com\/company\/natural-poland","https:\/\/www.youtube.com\/channel\/UCgeGGkvOMahZo-xu_MSEWxg"]}]}},"_links":{"self":[{"href":"https:\/\/naturalpoland.com\/cs\/wp-json\/wp\/v2\/product\/5813","targetHints":{"allow":["GET"]}}],"collection":[{"href":"https:\/\/naturalpoland.com\/cs\/wp-json\/wp\/v2\/product"}],"about":[{"href":"https:\/\/naturalpoland.com\/cs\/wp-json\/wp\/v2\/types\/product"}],"wp:featuredmedia":[{"embeddable":true,"href":"https:\/\/naturalpoland.com\/cs\/wp-json\/wp\/v2\/media\/5814"}],"wp:attachment":[{"href":"https:\/\/naturalpoland.com\/cs\/wp-json\/wp\/v2\/media?parent=5813"}],"wp:term":[{"taxonomy":"product_brand","embeddable":true,"href":"https:\/\/naturalpoland.com\/cs\/wp-json\/wp\/v2\/product_brand?post=5813"},{"taxonomy":"product_cat","embeddable":true,"href":"https:\/\/naturalpoland.com\/cs\/wp-json\/wp\/v2\/product_cat?post=5813"},{"taxonomy":"product_tag","embeddable":true,"href":"https:\/\/naturalpoland.com\/cs\/wp-json\/wp\/v2\/product_tag?post=5813"}],"curies":[{"name":"wp","href":"https:\/\/api.w.org\/{rel}","templated":true}]}}