{"id":6930,"date":"2021-05-11T13:46:11","date_gmt":"2021-09-06T11:39:18","guid":{"rendered":"https:\/\/naturalpoland.pl\/produkty\/nezarazene\/macerat-z-hroznovych-semen\/"},"modified":"2021-09-06T13:39:21","modified_gmt":"2021-09-06T11:39:21","slug":"hroznove-semeno-macerat","status":"publish","type":"product","link":"https:\/\/naturalpoland.com\/cs\/produkty\/produkty-pro-kosmeticky-prumysl\/maceraty-cs\/hroznove-semeno-macerat\/","title":{"rendered":"Macer\u00e1t z hroznov\u00fdch semen"},"content":{"rendered":"<p>Tak\u00e9 pro vlasy:<br \/>\nTento macer\u00e1t lze pou\u017e\u00edt na vlasy. Hydratuje je, redukuje krepat\u011bn\u00ed a dod\u00e1v\u00e1 jim zdravou z\u00e1\u0159i. Vyplat\u00ed se pou\u017e\u00edvat ho v p\u00e9\u010di o ple\u0165, kter\u00e1 vy\u017eaduje dodate\u010dn\u00e9 zpevn\u011bn\u00ed nebo jako kosmetiku, aby se zabr\u00e1nilo vzniku stri\u00ed. Je to bezpe\u010dn\u00e9 pro t\u011bhotn\u00e9 \u017eeny. Je vhodn\u00fd pro p\u00e9\u010di o mastnou, sm\u00ed\u0161enou, norm\u00e1ln\u00ed, suchou a zralou ple\u0165.<\/p>\n","protected":false},"excerpt":{"rendered":"<p><strong>Macer\u00e1t z hroznov\u00fdch semen<\/strong> Z\u00edsk\u00e1v\u00e1 se macerac\u00ed hroznov\u00fdch jader a pokrutin v rostlinn\u00e9m oleji. Obsahuje vysokou koncentraci omega-6 mastn\u00fdch kyselin, co\u017e z n\u011bj \u010din\u00ed cennou kosmetickou p\u0159\u00edsadu. Pou\u017eit\u00ed macer\u00e1tu zlep\u0161uje pevnost a pru\u017enost poko\u017eky a dod\u00e1v\u00e1 j\u00ed z\u00e1\u0159iv\u00fd vzhled.<\/p>\n","protected":false},"featured_media":6931,"template":"","meta":{"_acf_changed":false},"product_brand":[],"product_cat":[634],"product_tag":[],"class_list":{"0":"post-6930","1":"product","2":"type-product","3":"status-publish","4":"has-post-thumbnail","6":"product_cat-maceraty-cs","8":"first","9":"instock","10":"shipping-taxable","11":"product-type-simple"},"acf":[],"yoast_head":"<!-- This site is optimized with the Yoast SEO plugin v27.4 - https:\/\/yoast.com\/product\/yoast-seo-wordpress\/ -->\n<title>Macer\u00e1t z hroznov\u00fdch semen - Velkoobchodn\u00ed distributor<\/title>\n<meta name=\"robots\" content=\"index, follow, max-snippet:-1, max-image-preview:large, max-video-preview:-1\" \/>\n<link rel=\"canonical\" href=\"https:\/\/naturalpoland.com\/cs\/produkty\/produkty-pro-kosmeticky-prumysl\/maceraty-cs\/hroznove-semeno-macerat\/\" \/>\n<meta property=\"og:locale\" content=\"cs_CZ\" \/>\n<meta property=\"og:type\" content=\"article\" \/>\n<meta property=\"og:title\" content=\"Macer\u00e1t z hroznov\u00fdch semen - Velkoobchodn\u00ed distributor\" \/>\n<meta property=\"og:description\" content=\"Macer\u00e1t z hroznov\u00fdch semen Z\u00edsk\u00e1v\u00e1 se macerac\u00ed hroznov\u00fdch jader a pokrutin v rostlinn\u00e9m oleji. Obsahuje vysokou koncentraci omega-6 mastn\u00fdch kyselin, co\u017e z n\u011bj \u010din\u00ed cennou kosmetickou p\u0159\u00edsadu. Pou\u017eit\u00ed macer\u00e1tu zlep\u0161uje pevnost a pru\u017enost poko\u017eky a dod\u00e1v\u00e1 j\u00ed z\u00e1\u0159iv\u00fd vzhled.\" \/>\n<meta property=\"og:url\" content=\"https:\/\/naturalpoland.com\/cs\/produkty\/produkty-pro-kosmeticky-prumysl\/maceraty-cs\/hroznove-semeno-macerat\/\" \/>\n<meta property=\"og:site_name\" content=\"NATURAL POLAND - Velkoobchodn\u00ed distributor surovin\" \/>\n<meta property=\"article:publisher\" content=\"https:\/\/www.facebook.com\/naturalpoland.b2b\" \/>\n<meta property=\"article:modified_time\" content=\"2021-09-06T11:39:21+00:00\" \/>\n<meta property=\"og:image\" content=\"https:\/\/naturalpoland.com\/wp-content\/uploads\/2021\/05\/grape-seed-macerate.jpg\" \/>\n\t<meta property=\"og:image:width\" content=\"400\" \/>\n\t<meta property=\"og:image:height\" content=\"385\" \/>\n\t<meta property=\"og:image:type\" content=\"image\/jpeg\" \/>\n<script type=\"application\/ld+json\" class=\"yoast-schema-graph\">{\"@context\":\"https:\\\/\\\/schema.org\",\"@graph\":[{\"@type\":\"WebPage\",\"@id\":\"https:\\\/\\\/naturalpoland.com\\\/cs\\\/produkty\\\/produkty-pro-kosmeticky-prumysl\\\/maceraty-cs\\\/hroznove-semeno-macerat\\\/\",\"url\":\"https:\\\/\\\/naturalpoland.com\\\/cs\\\/produkty\\\/produkty-pro-kosmeticky-prumysl\\\/maceraty-cs\\\/hroznove-semeno-macerat\\\/\",\"name\":\"Macer\u00e1t z hroznov\u00fdch semen - Velkoobchodn\u00ed distributor\",\"isPartOf\":{\"@id\":\"https:\\\/\\\/naturalpoland.com\\\/cs\\\/#website\"},\"primaryImageOfPage\":{\"@id\":\"https:\\\/\\\/naturalpoland.com\\\/cs\\\/produkty\\\/produkty-pro-kosmeticky-prumysl\\\/maceraty-cs\\\/hroznove-semeno-macerat\\\/#primaryimage\"},\"image\":{\"@id\":\"https:\\\/\\\/naturalpoland.com\\\/cs\\\/produkty\\\/produkty-pro-kosmeticky-prumysl\\\/maceraty-cs\\\/hroznove-semeno-macerat\\\/#primaryimage\"},\"thumbnailUrl\":\"https:\\\/\\\/naturalpoland.com\\\/wp-content\\\/uploads\\\/2021\\\/05\\\/grape-seed-macerate.jpg\",\"datePublished\":\"2021-09-06T11:39:18+00:00\",\"dateModified\":\"2021-09-06T11:39:21+00:00\",\"breadcrumb\":{\"@id\":\"https:\\\/\\\/naturalpoland.com\\\/cs\\\/produkty\\\/produkty-pro-kosmeticky-prumysl\\\/maceraty-cs\\\/hroznove-semeno-macerat\\\/#breadcrumb\"},\"inLanguage\":\"cs\",\"potentialAction\":[{\"@type\":\"ReadAction\",\"target\":[\"https:\\\/\\\/naturalpoland.com\\\/cs\\\/produkty\\\/produkty-pro-kosmeticky-prumysl\\\/maceraty-cs\\\/hroznove-semeno-macerat\\\/\"]}]},{\"@type\":\"ImageObject\",\"inLanguage\":\"cs\",\"@id\":\"https:\\\/\\\/naturalpoland.com\\\/cs\\\/produkty\\\/produkty-pro-kosmeticky-prumysl\\\/maceraty-cs\\\/hroznove-semeno-macerat\\\/#primaryimage\",\"url\":\"https:\\\/\\\/naturalpoland.com\\\/wp-content\\\/uploads\\\/2021\\\/05\\\/grape-seed-macerate.jpg\",\"contentUrl\":\"https:\\\/\\\/naturalpoland.com\\\/wp-content\\\/uploads\\\/2021\\\/05\\\/grape-seed-macerate.jpg\",\"width\":400,\"height\":385},{\"@type\":\"BreadcrumbList\",\"@id\":\"https:\\\/\\\/naturalpoland.com\\\/cs\\\/produkty\\\/produkty-pro-kosmeticky-prumysl\\\/maceraty-cs\\\/hroznove-semeno-macerat\\\/#breadcrumb\",\"itemListElement\":[{\"@type\":\"ListItem\",\"position\":1,\"name\":\"Dom\u016f\",\"item\":\"https:\\\/\\\/naturalpoland.com\\\/cs\\\/\"},{\"@type\":\"ListItem\",\"position\":2,\"name\":\"Produkty\",\"item\":\"https:\\\/\\\/naturalpoland.com\\\/cs\\\/produkty\\\/\"},{\"@type\":\"ListItem\",\"position\":3,\"name\":\"Macer\u00e1t z hroznov\u00fdch semen\"}]},{\"@type\":\"WebSite\",\"@id\":\"https:\\\/\\\/naturalpoland.com\\\/cs\\\/#website\",\"url\":\"https:\\\/\\\/naturalpoland.com\\\/cs\\\/\",\"name\":\"NATURAL POLAND - Velkoobchodn\u00ed distributor surovin\",\"description\":\"Surowce dla przemys\u0142u spo\u017cywczego, kosmetycznego i farmaceutycznego\",\"publisher\":{\"@id\":\"https:\\\/\\\/naturalpoland.com\\\/cs\\\/#organization\"},\"potentialAction\":[{\"@type\":\"SearchAction\",\"target\":{\"@type\":\"EntryPoint\",\"urlTemplate\":\"https:\\\/\\\/naturalpoland.com\\\/cs\\\/?s={search_term_string}\"},\"query-input\":{\"@type\":\"PropertyValueSpecification\",\"valueRequired\":true,\"valueName\":\"search_term_string\"}}],\"inLanguage\":\"cs\"},{\"@type\":\"Organization\",\"@id\":\"https:\\\/\\\/naturalpoland.com\\\/cs\\\/#organization\",\"name\":\"Natural Poland\",\"url\":\"https:\\\/\\\/naturalpoland.com\\\/cs\\\/\",\"logo\":{\"@type\":\"ImageObject\",\"inLanguage\":\"cs\",\"@id\":\"https:\\\/\\\/naturalpoland.com\\\/cs\\\/#\\\/schema\\\/logo\\\/image\\\/\",\"url\":\"https:\\\/\\\/naturalpoland.com\\\/wp-content\\\/uploads\\\/2021\\\/05\\\/natural-poland-icon.png\",\"contentUrl\":\"https:\\\/\\\/naturalpoland.com\\\/wp-content\\\/uploads\\\/2021\\\/05\\\/natural-poland-icon.png\",\"width\":512,\"height\":512,\"caption\":\"Natural Poland\"},\"image\":{\"@id\":\"https:\\\/\\\/naturalpoland.com\\\/cs\\\/#\\\/schema\\\/logo\\\/image\\\/\"},\"sameAs\":[\"https:\\\/\\\/www.facebook.com\\\/naturalpoland.b2b\",\"https:\\\/\\\/pl.linkedin.com\\\/company\\\/natural-poland\",\"https:\\\/\\\/www.youtube.com\\\/channel\\\/UCgeGGkvOMahZo-xu_MSEWxg\"]}]}<\/script>\n<!-- \/ Yoast SEO plugin. -->","yoast_head_json":{"title":"Macer\u00e1t z hroznov\u00fdch semen - Velkoobchodn\u00ed distributor","robots":{"index":"index","follow":"follow","max-snippet":"max-snippet:-1","max-image-preview":"max-image-preview:large","max-video-preview":"max-video-preview:-1"},"canonical":"https:\/\/naturalpoland.com\/cs\/produkty\/produkty-pro-kosmeticky-prumysl\/maceraty-cs\/hroznove-semeno-macerat\/","og_locale":"cs_CZ","og_type":"article","og_title":"Macer\u00e1t z hroznov\u00fdch semen - Velkoobchodn\u00ed distributor","og_description":"Macer\u00e1t z hroznov\u00fdch semen Z\u00edsk\u00e1v\u00e1 se macerac\u00ed hroznov\u00fdch jader a pokrutin v rostlinn\u00e9m oleji. Obsahuje vysokou koncentraci omega-6 mastn\u00fdch kyselin, co\u017e z n\u011bj \u010din\u00ed cennou kosmetickou p\u0159\u00edsadu. Pou\u017eit\u00ed macer\u00e1tu zlep\u0161uje pevnost a pru\u017enost poko\u017eky a dod\u00e1v\u00e1 j\u00ed z\u00e1\u0159iv\u00fd vzhled.","og_url":"https:\/\/naturalpoland.com\/cs\/produkty\/produkty-pro-kosmeticky-prumysl\/maceraty-cs\/hroznove-semeno-macerat\/","og_site_name":"NATURAL POLAND - Velkoobchodn\u00ed distributor surovin","article_publisher":"https:\/\/www.facebook.com\/naturalpoland.b2b","article_modified_time":"2021-09-06T11:39:21+00:00","og_image":[{"width":400,"height":385,"url":"https:\/\/naturalpoland.com\/wp-content\/uploads\/2021\/05\/grape-seed-macerate.jpg","type":"image\/jpeg"}],"schema":{"@context":"https:\/\/schema.org","@graph":[{"@type":"WebPage","@id":"https:\/\/naturalpoland.com\/cs\/produkty\/produkty-pro-kosmeticky-prumysl\/maceraty-cs\/hroznove-semeno-macerat\/","url":"https:\/\/naturalpoland.com\/cs\/produkty\/produkty-pro-kosmeticky-prumysl\/maceraty-cs\/hroznove-semeno-macerat\/","name":"Macer\u00e1t z hroznov\u00fdch semen - Velkoobchodn\u00ed distributor","isPartOf":{"@id":"https:\/\/naturalpoland.com\/cs\/#website"},"primaryImageOfPage":{"@id":"https:\/\/naturalpoland.com\/cs\/produkty\/produkty-pro-kosmeticky-prumysl\/maceraty-cs\/hroznove-semeno-macerat\/#primaryimage"},"image":{"@id":"https:\/\/naturalpoland.com\/cs\/produkty\/produkty-pro-kosmeticky-prumysl\/maceraty-cs\/hroznove-semeno-macerat\/#primaryimage"},"thumbnailUrl":"https:\/\/naturalpoland.com\/wp-content\/uploads\/2021\/05\/grape-seed-macerate.jpg","datePublished":"2021-09-06T11:39:18+00:00","dateModified":"2021-09-06T11:39:21+00:00","breadcrumb":{"@id":"https:\/\/naturalpoland.com\/cs\/produkty\/produkty-pro-kosmeticky-prumysl\/maceraty-cs\/hroznove-semeno-macerat\/#breadcrumb"},"inLanguage":"cs","potentialAction":[{"@type":"ReadAction","target":["https:\/\/naturalpoland.com\/cs\/produkty\/produkty-pro-kosmeticky-prumysl\/maceraty-cs\/hroznove-semeno-macerat\/"]}]},{"@type":"ImageObject","inLanguage":"cs","@id":"https:\/\/naturalpoland.com\/cs\/produkty\/produkty-pro-kosmeticky-prumysl\/maceraty-cs\/hroznove-semeno-macerat\/#primaryimage","url":"https:\/\/naturalpoland.com\/wp-content\/uploads\/2021\/05\/grape-seed-macerate.jpg","contentUrl":"https:\/\/naturalpoland.com\/wp-content\/uploads\/2021\/05\/grape-seed-macerate.jpg","width":400,"height":385},{"@type":"BreadcrumbList","@id":"https:\/\/naturalpoland.com\/cs\/produkty\/produkty-pro-kosmeticky-prumysl\/maceraty-cs\/hroznove-semeno-macerat\/#breadcrumb","itemListElement":[{"@type":"ListItem","position":1,"name":"Dom\u016f","item":"https:\/\/naturalpoland.com\/cs\/"},{"@type":"ListItem","position":2,"name":"Produkty","item":"https:\/\/naturalpoland.com\/cs\/produkty\/"},{"@type":"ListItem","position":3,"name":"Macer\u00e1t z hroznov\u00fdch semen"}]},{"@type":"WebSite","@id":"https:\/\/naturalpoland.com\/cs\/#website","url":"https:\/\/naturalpoland.com\/cs\/","name":"NATURAL POLAND - Velkoobchodn\u00ed distributor surovin","description":"Surowce dla przemys\u0142u spo\u017cywczego, kosmetycznego i farmaceutycznego","publisher":{"@id":"https:\/\/naturalpoland.com\/cs\/#organization"},"potentialAction":[{"@type":"SearchAction","target":{"@type":"EntryPoint","urlTemplate":"https:\/\/naturalpoland.com\/cs\/?s={search_term_string}"},"query-input":{"@type":"PropertyValueSpecification","valueRequired":true,"valueName":"search_term_string"}}],"inLanguage":"cs"},{"@type":"Organization","@id":"https:\/\/naturalpoland.com\/cs\/#organization","name":"Natural Poland","url":"https:\/\/naturalpoland.com\/cs\/","logo":{"@type":"ImageObject","inLanguage":"cs","@id":"https:\/\/naturalpoland.com\/cs\/#\/schema\/logo\/image\/","url":"https:\/\/naturalpoland.com\/wp-content\/uploads\/2021\/05\/natural-poland-icon.png","contentUrl":"https:\/\/naturalpoland.com\/wp-content\/uploads\/2021\/05\/natural-poland-icon.png","width":512,"height":512,"caption":"Natural Poland"},"image":{"@id":"https:\/\/naturalpoland.com\/cs\/#\/schema\/logo\/image\/"},"sameAs":["https:\/\/www.facebook.com\/naturalpoland.b2b","https:\/\/pl.linkedin.com\/company\/natural-poland","https:\/\/www.youtube.com\/channel\/UCgeGGkvOMahZo-xu_MSEWxg"]}]}},"_links":{"self":[{"href":"https:\/\/naturalpoland.com\/cs\/wp-json\/wp\/v2\/product\/6930","targetHints":{"allow":["GET"]}}],"collection":[{"href":"https:\/\/naturalpoland.com\/cs\/wp-json\/wp\/v2\/product"}],"about":[{"href":"https:\/\/naturalpoland.com\/cs\/wp-json\/wp\/v2\/types\/product"}],"wp:featuredmedia":[{"embeddable":true,"href":"https:\/\/naturalpoland.com\/cs\/wp-json\/wp\/v2\/media\/6931"}],"wp:attachment":[{"href":"https:\/\/naturalpoland.com\/cs\/wp-json\/wp\/v2\/media?parent=6930"}],"wp:term":[{"taxonomy":"product_brand","embeddable":true,"href":"https:\/\/naturalpoland.com\/cs\/wp-json\/wp\/v2\/product_brand?post=6930"},{"taxonomy":"product_cat","embeddable":true,"href":"https:\/\/naturalpoland.com\/cs\/wp-json\/wp\/v2\/product_cat?post=6930"},{"taxonomy":"product_tag","embeddable":true,"href":"https:\/\/naturalpoland.com\/cs\/wp-json\/wp\/v2\/product_tag?post=6930"}],"curies":[{"name":"wp","href":"https:\/\/api.w.org\/{rel}","templated":true}]}}