{"id":6951,"date":"2021-05-11T13:51:21","date_gmt":"2021-09-07T10:21:59","guid":{"rendered":"https:\/\/naturalpoland.pl\/produkty\/nezarazene\/olej-z-petrzele\/"},"modified":"2024-11-13T13:45:54","modified_gmt":"2024-11-13T12:45:54","slug":"petrzelovy-olej","status":"publish","type":"product","link":"https:\/\/naturalpoland.com\/cs\/produkty\/produkty-pro-potravinarsky-prumysl\/jedle-oleje\/petrzelovy-olej\/","title":{"rendered":"Olej z petr\u017eele"},"content":{"rendered":"<h2>Vlastnosti petr\u017eelov\u00e9ho oleje<\/h2>\n<p>Olej ze semen petr\u017eele obsahuje mnoho \u017eivin, v\u010detn\u011b mononenasycen\u00fdch mastn\u00fdch kyselin, zejm\u00e9na kyseliny olejov\u00e9 (45,8 %) a kyseliny linolov\u00e9 (44,6 %), a tak\u00e9 cenn\u00e9 silice, jako je apiol, myristicin a limonen. <strong>P\u0159i pou\u017eit\u00ed v potravin\u00e1\u0159stv\u00ed<\/strong> olej zlep\u0161uje tr\u00e1ven\u00ed a vst\u0159eb\u00e1v\u00e1n\u00ed potravy. M\u00e1 <strong>\u017elu\u010dopudn\u00fd<\/strong> \u00fa\u010dinek a stimuluje vylu\u010dov\u00e1n\u00ed tr\u00e1vic\u00edch \u0161\u0165\u00e1v. Krom\u011b toho m\u016f\u017ee zm\u00edrnit reflux, z\u00e1cpu a plynatost t\u00edm, \u017ee podporuje peristaltick\u00fd pohyb st\u0159ev. Olej m\u00e1 tak\u00e9 <strong>mo\u010dopudn\u00fd<\/strong> \u00fa\u010dinek, tak\u017ee podporuje \u010di\u0161t\u011bn\u00ed mo\u010dov\u00fdch cest a zvy\u0161uje pr\u016ftok krve ledvinami. Chr\u00e1n\u00ed p\u0159ed infekcemi, sni\u017euje otoky a podporuje detoxika\u010dn\u00ed procesy v t\u011ble. Petr\u017eelov\u00fd olej se nedoporu\u010duje t\u011bhotn\u00fdm a koj\u00edc\u00edm \u017een\u00e1m, proto\u017ee m\u016f\u017ee stimulovat d\u011blo\u017en\u00ed stahy. Nem\u011bl by se tak\u00e9 u\u017e\u00edvat v nadm\u011brn\u00e9m mno\u017estv\u00ed kv\u016fli interakc\u00edm s l\u00e9ky. <strong>P\u0159i kosmetick\u00e9m pou\u017eit\u00ed<\/strong> vykazuje petr\u017eelov\u00fd olej <strong>protiz\u00e1n\u011btliv\u00e9<\/strong> a <strong>antibakteri\u00e1ln\u00ed<\/strong> vlastnosti. Lze jej lok\u00e1ln\u011b aplikovat na posti\u017een\u00e1 m\u00edsta, aby pomohl hojit r\u00e1ny a \u0161kr\u00e1bance a zm\u00edrnil z\u00e1n\u011bt. Olej lze tak\u00e9 pou\u017e\u00edt v kosmetice pro zralou, c\u00e9vnatou a mastnou ple\u0165 ke sjednocen\u00ed t\u00f3nu pleti, hydrataci a rozjasn\u011bn\u00ed pleti. D\u00edky obsahu vitaminu C m\u00e1 olej <strong>depigmenta\u010dn\u00ed<\/strong> \u00fa\u010dinky a tak\u00e9 redukuje tmav\u00e9 kruhy pod o\u010dima a zabarven\u00ed pleti. D\u00edky obsahu kyseliny petrolejov\u00e9 nav\u00edc tento olej podporuje tvorbu kolagenu a elastinu. P\u0159i pou\u017eit\u00ed v t\u011blov\u00e9 kosmetice olej ze semen petr\u017eele zlep\u0161uje krevn\u00ed ob\u011bh a posiluje st\u011bny c\u00e9v, \u010d\u00edm\u017e minimalizuje v\u00fdskyt &#8222;pavou\u010d\u00edch \u017eilek&#8220;. Krom\u011b toho tento p\u0159\u00edpravek stimuluje r\u016fst vlas\u016f, omezuje jejich vypad\u00e1v\u00e1n\u00ed, posiluje vlasov\u00e9 ko\u0159\u00ednky a zlep\u0161uje stav vlas\u016f.<\/p>\n","protected":false},"excerpt":{"rendered":"<p><strong>Petr\u017eelov\u00fd<\/strong> olej je nerafinovan\u00fd olej lisovan\u00fd za studena, kter\u00fd se pou\u017e\u00edv\u00e1 v potravin\u00e1\u0159stv\u00ed, kosmetice a aromaterapii.<\/p>\n","protected":false},"featured_media":37733,"template":"","meta":{"_acf_changed":false},"product_brand":[],"product_cat":[625,640,636],"product_tag":[],"class_list":{"0":"post-6951","1":"product","2":"type-product","3":"status-publish","4":"has-post-thumbnail","6":"product_cat-jedle-a-kosmeticke-oleje","7":"product_cat-jedle-oleje","8":"product_cat-kosmeticke-oleje","9":"pa_czesc-rosliny-semena","10":"pa_metoda-pozyskiwania-lisovani-za-studena","12":"first","13":"instock","14":"shipping-taxable","15":"product-type-simple"},"acf":[],"yoast_head":"<!-- This site is optimized with the Yoast SEO plugin v27.5 - https:\/\/yoast.com\/product\/yoast-seo-wordpress\/ -->\n<title>Olej z petr\u017eele - Velkoobchodn\u00ed distributor surovin NATURAL POLAND - Velkoobchodn\u00ed distributor surovin<\/title>\n<meta name=\"description\" content=\"Petr\u017eelov\u00fd olej je nerafinovan\u00fd olej lisovan\u00fd za studena, kter\u00fd se dob\u0159e pou\u017e\u00edv\u00e1 v potravin\u00e1\u0159stv\u00ed i kosmetice.\" \/>\n<meta name=\"robots\" content=\"index, follow, max-snippet:-1, max-image-preview:large, max-video-preview:-1\" \/>\n<link rel=\"canonical\" href=\"https:\/\/naturalpoland.com\/cs\/produkty\/produkty-pro-potravinarsky-prumysl\/jedle-oleje\/petrzelovy-olej\/\" \/>\n<meta property=\"og:locale\" content=\"cs_CZ\" \/>\n<meta property=\"og:type\" content=\"article\" \/>\n<meta property=\"og:title\" content=\"Olej z petr\u017eele - Velkoobchodn\u00ed distributor surovin NATURAL POLAND - Velkoobchodn\u00ed distributor surovin\" \/>\n<meta property=\"og:description\" content=\"Petr\u017eelov\u00fd olej je nerafinovan\u00fd olej lisovan\u00fd za studena, kter\u00fd se dob\u0159e pou\u017e\u00edv\u00e1 v potravin\u00e1\u0159stv\u00ed i kosmetice.\" \/>\n<meta property=\"og:url\" content=\"https:\/\/naturalpoland.com\/cs\/produkty\/produkty-pro-potravinarsky-prumysl\/jedle-oleje\/petrzelovy-olej\/\" \/>\n<meta property=\"og:site_name\" content=\"NATURAL POLAND - Velkoobchodn\u00ed distributor surovin\" \/>\n<meta property=\"article:publisher\" content=\"https:\/\/www.facebook.com\/naturalpoland.b2b\" \/>\n<meta property=\"article:modified_time\" content=\"2024-11-13T12:45:54+00:00\" \/>\n<meta property=\"og:image\" content=\"https:\/\/naturalpoland.com\/wp-content\/uploads\/olej-z-nasion-pietruszki.webp\" \/>\n\t<meta property=\"og:image:width\" content=\"700\" \/>\n\t<meta property=\"og:image:height\" content=\"700\" \/>\n\t<meta property=\"og:image:type\" content=\"image\/webp\" \/>\n<script type=\"application\/ld+json\" class=\"yoast-schema-graph\">{\"@context\":\"https:\\\/\\\/schema.org\",\"@graph\":[{\"@type\":\"WebPage\",\"@id\":\"https:\\\/\\\/naturalpoland.com\\\/cs\\\/produkty\\\/produkty-pro-potravinarsky-prumysl\\\/jedle-oleje\\\/petrzelovy-olej\\\/\",\"url\":\"https:\\\/\\\/naturalpoland.com\\\/cs\\\/produkty\\\/produkty-pro-potravinarsky-prumysl\\\/jedle-oleje\\\/petrzelovy-olej\\\/\",\"name\":\"Olej z petr\u017eele - Velkoobchodn\u00ed distributor surovin NATURAL POLAND - Velkoobchodn\u00ed distributor surovin\",\"isPartOf\":{\"@id\":\"https:\\\/\\\/naturalpoland.com\\\/cs\\\/#website\"},\"primaryImageOfPage\":{\"@id\":\"https:\\\/\\\/naturalpoland.com\\\/cs\\\/produkty\\\/produkty-pro-potravinarsky-prumysl\\\/jedle-oleje\\\/petrzelovy-olej\\\/#primaryimage\"},\"image\":{\"@id\":\"https:\\\/\\\/naturalpoland.com\\\/cs\\\/produkty\\\/produkty-pro-potravinarsky-prumysl\\\/jedle-oleje\\\/petrzelovy-olej\\\/#primaryimage\"},\"thumbnailUrl\":\"https:\\\/\\\/naturalpoland.com\\\/wp-content\\\/uploads\\\/olej-z-nasion-pietruszki.webp\",\"datePublished\":\"2021-09-07T10:21:59+00:00\",\"dateModified\":\"2024-11-13T12:45:54+00:00\",\"description\":\"Petr\u017eelov\u00fd olej je nerafinovan\u00fd olej lisovan\u00fd za studena, kter\u00fd se dob\u0159e pou\u017e\u00edv\u00e1 v potravin\u00e1\u0159stv\u00ed i kosmetice.\",\"breadcrumb\":{\"@id\":\"https:\\\/\\\/naturalpoland.com\\\/cs\\\/produkty\\\/produkty-pro-potravinarsky-prumysl\\\/jedle-oleje\\\/petrzelovy-olej\\\/#breadcrumb\"},\"inLanguage\":\"cs\",\"potentialAction\":[{\"@type\":\"ReadAction\",\"target\":[\"https:\\\/\\\/naturalpoland.com\\\/cs\\\/produkty\\\/produkty-pro-potravinarsky-prumysl\\\/jedle-oleje\\\/petrzelovy-olej\\\/\"]}]},{\"@type\":\"ImageObject\",\"inLanguage\":\"cs\",\"@id\":\"https:\\\/\\\/naturalpoland.com\\\/cs\\\/produkty\\\/produkty-pro-potravinarsky-prumysl\\\/jedle-oleje\\\/petrzelovy-olej\\\/#primaryimage\",\"url\":\"https:\\\/\\\/naturalpoland.com\\\/wp-content\\\/uploads\\\/olej-z-nasion-pietruszki.webp\",\"contentUrl\":\"https:\\\/\\\/naturalpoland.com\\\/wp-content\\\/uploads\\\/olej-z-nasion-pietruszki.webp\",\"width\":700,\"height\":700,\"caption\":\"Olej z nasion pietruszki\"},{\"@type\":\"BreadcrumbList\",\"@id\":\"https:\\\/\\\/naturalpoland.com\\\/cs\\\/produkty\\\/produkty-pro-potravinarsky-prumysl\\\/jedle-oleje\\\/petrzelovy-olej\\\/#breadcrumb\",\"itemListElement\":[{\"@type\":\"ListItem\",\"position\":1,\"name\":\"Dom\u016f\",\"item\":\"https:\\\/\\\/naturalpoland.com\\\/cs\\\/\"},{\"@type\":\"ListItem\",\"position\":2,\"name\":\"Produkty\",\"item\":\"https:\\\/\\\/naturalpoland.com\\\/cs\\\/produkty\\\/\"},{\"@type\":\"ListItem\",\"position\":3,\"name\":\"Olej z petr\u017eele\"}]},{\"@type\":\"WebSite\",\"@id\":\"https:\\\/\\\/naturalpoland.com\\\/cs\\\/#website\",\"url\":\"https:\\\/\\\/naturalpoland.com\\\/cs\\\/\",\"name\":\"NATURAL POLAND - Velkoobchodn\u00ed distributor surovin\",\"description\":\"Surowce dla przemys\u0142u spo\u017cywczego, kosmetycznego i farmaceutycznego\",\"publisher\":{\"@id\":\"https:\\\/\\\/naturalpoland.com\\\/cs\\\/#organization\"},\"potentialAction\":[{\"@type\":\"SearchAction\",\"target\":{\"@type\":\"EntryPoint\",\"urlTemplate\":\"https:\\\/\\\/naturalpoland.com\\\/cs\\\/?s={search_term_string}\"},\"query-input\":{\"@type\":\"PropertyValueSpecification\",\"valueRequired\":true,\"valueName\":\"search_term_string\"}}],\"inLanguage\":\"cs\"},{\"@type\":\"Organization\",\"@id\":\"https:\\\/\\\/naturalpoland.com\\\/cs\\\/#organization\",\"name\":\"Natural Poland\",\"url\":\"https:\\\/\\\/naturalpoland.com\\\/cs\\\/\",\"logo\":{\"@type\":\"ImageObject\",\"inLanguage\":\"cs\",\"@id\":\"https:\\\/\\\/naturalpoland.com\\\/cs\\\/#\\\/schema\\\/logo\\\/image\\\/\",\"url\":\"https:\\\/\\\/naturalpoland.com\\\/wp-content\\\/uploads\\\/2021\\\/05\\\/natural-poland-icon.png\",\"contentUrl\":\"https:\\\/\\\/naturalpoland.com\\\/wp-content\\\/uploads\\\/2021\\\/05\\\/natural-poland-icon.png\",\"width\":512,\"height\":512,\"caption\":\"Natural Poland\"},\"image\":{\"@id\":\"https:\\\/\\\/naturalpoland.com\\\/cs\\\/#\\\/schema\\\/logo\\\/image\\\/\"},\"sameAs\":[\"https:\\\/\\\/www.facebook.com\\\/naturalpoland.b2b\",\"https:\\\/\\\/pl.linkedin.com\\\/company\\\/natural-poland\",\"https:\\\/\\\/www.youtube.com\\\/channel\\\/UCgeGGkvOMahZo-xu_MSEWxg\"]}]}<\/script>\n<!-- \/ Yoast SEO plugin. -->","yoast_head_json":{"title":"Olej z petr\u017eele - Velkoobchodn\u00ed distributor surovin NATURAL POLAND - Velkoobchodn\u00ed distributor surovin","description":"Petr\u017eelov\u00fd olej je nerafinovan\u00fd olej lisovan\u00fd za studena, kter\u00fd se dob\u0159e pou\u017e\u00edv\u00e1 v potravin\u00e1\u0159stv\u00ed i kosmetice.","robots":{"index":"index","follow":"follow","max-snippet":"max-snippet:-1","max-image-preview":"max-image-preview:large","max-video-preview":"max-video-preview:-1"},"canonical":"https:\/\/naturalpoland.com\/cs\/produkty\/produkty-pro-potravinarsky-prumysl\/jedle-oleje\/petrzelovy-olej\/","og_locale":"cs_CZ","og_type":"article","og_title":"Olej z petr\u017eele - Velkoobchodn\u00ed distributor surovin NATURAL POLAND - Velkoobchodn\u00ed distributor surovin","og_description":"Petr\u017eelov\u00fd olej je nerafinovan\u00fd olej lisovan\u00fd za studena, kter\u00fd se dob\u0159e pou\u017e\u00edv\u00e1 v potravin\u00e1\u0159stv\u00ed i kosmetice.","og_url":"https:\/\/naturalpoland.com\/cs\/produkty\/produkty-pro-potravinarsky-prumysl\/jedle-oleje\/petrzelovy-olej\/","og_site_name":"NATURAL POLAND - Velkoobchodn\u00ed distributor surovin","article_publisher":"https:\/\/www.facebook.com\/naturalpoland.b2b","article_modified_time":"2024-11-13T12:45:54+00:00","og_image":[{"width":700,"height":700,"url":"https:\/\/naturalpoland.com\/wp-content\/uploads\/olej-z-nasion-pietruszki.webp","type":"image\/webp"}],"schema":{"@context":"https:\/\/schema.org","@graph":[{"@type":"WebPage","@id":"https:\/\/naturalpoland.com\/cs\/produkty\/produkty-pro-potravinarsky-prumysl\/jedle-oleje\/petrzelovy-olej\/","url":"https:\/\/naturalpoland.com\/cs\/produkty\/produkty-pro-potravinarsky-prumysl\/jedle-oleje\/petrzelovy-olej\/","name":"Olej z petr\u017eele - Velkoobchodn\u00ed distributor surovin NATURAL POLAND - Velkoobchodn\u00ed distributor surovin","isPartOf":{"@id":"https:\/\/naturalpoland.com\/cs\/#website"},"primaryImageOfPage":{"@id":"https:\/\/naturalpoland.com\/cs\/produkty\/produkty-pro-potravinarsky-prumysl\/jedle-oleje\/petrzelovy-olej\/#primaryimage"},"image":{"@id":"https:\/\/naturalpoland.com\/cs\/produkty\/produkty-pro-potravinarsky-prumysl\/jedle-oleje\/petrzelovy-olej\/#primaryimage"},"thumbnailUrl":"https:\/\/naturalpoland.com\/wp-content\/uploads\/olej-z-nasion-pietruszki.webp","datePublished":"2021-09-07T10:21:59+00:00","dateModified":"2024-11-13T12:45:54+00:00","description":"Petr\u017eelov\u00fd olej je nerafinovan\u00fd olej lisovan\u00fd za studena, kter\u00fd se dob\u0159e pou\u017e\u00edv\u00e1 v potravin\u00e1\u0159stv\u00ed i kosmetice.","breadcrumb":{"@id":"https:\/\/naturalpoland.com\/cs\/produkty\/produkty-pro-potravinarsky-prumysl\/jedle-oleje\/petrzelovy-olej\/#breadcrumb"},"inLanguage":"cs","potentialAction":[{"@type":"ReadAction","target":["https:\/\/naturalpoland.com\/cs\/produkty\/produkty-pro-potravinarsky-prumysl\/jedle-oleje\/petrzelovy-olej\/"]}]},{"@type":"ImageObject","inLanguage":"cs","@id":"https:\/\/naturalpoland.com\/cs\/produkty\/produkty-pro-potravinarsky-prumysl\/jedle-oleje\/petrzelovy-olej\/#primaryimage","url":"https:\/\/naturalpoland.com\/wp-content\/uploads\/olej-z-nasion-pietruszki.webp","contentUrl":"https:\/\/naturalpoland.com\/wp-content\/uploads\/olej-z-nasion-pietruszki.webp","width":700,"height":700,"caption":"Olej z nasion pietruszki"},{"@type":"BreadcrumbList","@id":"https:\/\/naturalpoland.com\/cs\/produkty\/produkty-pro-potravinarsky-prumysl\/jedle-oleje\/petrzelovy-olej\/#breadcrumb","itemListElement":[{"@type":"ListItem","position":1,"name":"Dom\u016f","item":"https:\/\/naturalpoland.com\/cs\/"},{"@type":"ListItem","position":2,"name":"Produkty","item":"https:\/\/naturalpoland.com\/cs\/produkty\/"},{"@type":"ListItem","position":3,"name":"Olej z petr\u017eele"}]},{"@type":"WebSite","@id":"https:\/\/naturalpoland.com\/cs\/#website","url":"https:\/\/naturalpoland.com\/cs\/","name":"NATURAL POLAND - Velkoobchodn\u00ed distributor surovin","description":"Surowce dla przemys\u0142u spo\u017cywczego, kosmetycznego i farmaceutycznego","publisher":{"@id":"https:\/\/naturalpoland.com\/cs\/#organization"},"potentialAction":[{"@type":"SearchAction","target":{"@type":"EntryPoint","urlTemplate":"https:\/\/naturalpoland.com\/cs\/?s={search_term_string}"},"query-input":{"@type":"PropertyValueSpecification","valueRequired":true,"valueName":"search_term_string"}}],"inLanguage":"cs"},{"@type":"Organization","@id":"https:\/\/naturalpoland.com\/cs\/#organization","name":"Natural Poland","url":"https:\/\/naturalpoland.com\/cs\/","logo":{"@type":"ImageObject","inLanguage":"cs","@id":"https:\/\/naturalpoland.com\/cs\/#\/schema\/logo\/image\/","url":"https:\/\/naturalpoland.com\/wp-content\/uploads\/2021\/05\/natural-poland-icon.png","contentUrl":"https:\/\/naturalpoland.com\/wp-content\/uploads\/2021\/05\/natural-poland-icon.png","width":512,"height":512,"caption":"Natural Poland"},"image":{"@id":"https:\/\/naturalpoland.com\/cs\/#\/schema\/logo\/image\/"},"sameAs":["https:\/\/www.facebook.com\/naturalpoland.b2b","https:\/\/pl.linkedin.com\/company\/natural-poland","https:\/\/www.youtube.com\/channel\/UCgeGGkvOMahZo-xu_MSEWxg"]}]}},"_links":{"self":[{"href":"https:\/\/naturalpoland.com\/cs\/wp-json\/wp\/v2\/product\/6951","targetHints":{"allow":["GET"]}}],"collection":[{"href":"https:\/\/naturalpoland.com\/cs\/wp-json\/wp\/v2\/product"}],"about":[{"href":"https:\/\/naturalpoland.com\/cs\/wp-json\/wp\/v2\/types\/product"}],"wp:featuredmedia":[{"embeddable":true,"href":"https:\/\/naturalpoland.com\/cs\/wp-json\/wp\/v2\/media\/37733"}],"wp:attachment":[{"href":"https:\/\/naturalpoland.com\/cs\/wp-json\/wp\/v2\/media?parent=6951"}],"wp:term":[{"taxonomy":"product_brand","embeddable":true,"href":"https:\/\/naturalpoland.com\/cs\/wp-json\/wp\/v2\/product_brand?post=6951"},{"taxonomy":"product_cat","embeddable":true,"href":"https:\/\/naturalpoland.com\/cs\/wp-json\/wp\/v2\/product_cat?post=6951"},{"taxonomy":"product_tag","embeddable":true,"href":"https:\/\/naturalpoland.com\/cs\/wp-json\/wp\/v2\/product_tag?post=6951"}],"curies":[{"name":"wp","href":"https:\/\/api.w.org\/{rel}","templated":true}]}}