{"id":6971,"date":"2021-05-11T13:37:21","date_gmt":"2021-05-11T11:37:21","guid":{"rendered":"https:\/\/naturalpoland.pl\/produkty\/nezarazene\/cholin-citrat\/"},"modified":"2025-09-09T11:14:00","modified_gmt":"2025-09-09T09:14:00","slug":"cholin-citrat","status":"publish","type":"product","link":"https:\/\/naturalpoland.com\/cs\/produkty\/produkty-pro-farmaceuticky-a-zdravotnicky-prumysl\/pridavky-k-doplnkum-stravy\/cholin-citrat\/","title":{"rendered":"Cholin citr\u00e1t"},"content":{"rendered":"<h2>Vlastnosti a \u00fa\u010dinky citr\u00e1tu cholinu<\/h2>\n<p>Citr\u00e1t cholinu hraje d\u016fle\u017eitou roli jako <strong>prekurzor acetylcholinu<\/strong> \u2013 neurotransmiteru kl\u00ed\u010dov\u00e9ho pro fungov\u00e1n\u00ed centr\u00e1ln\u00edho nervov\u00e9ho syst\u00e9mu. \u00da\u010dastn\u00ed se proces\u016f p\u0159enosu nervov\u00fdch impuls\u016f, podporuje kognitivn\u00ed funkce a pam\u011b\u0165ov\u00e9 procesy, zlep\u0161uje koncentraci a schopnost u\u010den\u00ed. <\/p>\n<p>D\u00edky p\u0159\u00edtomnosti acetylov\u00e9 skupiny m\u016f\u017ee tak\u00e9 podporovat <strong>fungov\u00e1n\u00ed mitochondri\u00ed<\/strong> a energetick\u00e9 p\u0159em\u011bny v nervov\u00fdch bu\u0148k\u00e1ch. Je zvl\u00e1\u0161t\u011b doporu\u010dov\u00e1n osob\u00e1m vystaven\u00fdm <strong>psychick\u00e9mu a fyzick\u00e9mu stresu<\/strong>, v\u010detn\u011b star\u0161\u00edch osob, profesn\u011b aktivn\u00edch, \u017e\u00e1k\u016f a student\u016f. <\/p>\n<p>Produkt nen\u00ed klasifikov\u00e1n jako toxick\u00fd, nevykazuje dr\u00e1\u017ediv\u00e9 \u00fa\u010dinky, je dob\u0159e sn\u00e1\u0161en a bezpe\u010dn\u00fd p\u0159i pou\u017eit\u00ed v souladu s ur\u010den\u00edm. Nav\u00edc se vyzna\u010duje n\u00edzk\u00fdm obsahem kontaminace t\u011b\u017ek\u00fdmi kovy (olovo, arsen, kadmium, rtu\u0165) a velmi n\u00edzkou \u00farovn\u00ed vlhkosti (0,12%), co\u017e se prom\u00edt\u00e1 do jeho stability a trvanlivosti p\u0159i skladov\u00e1n\u00ed. <\/p>\n<h2>Pou\u017eit\u00ed<\/h2>\n<p>Citr\u00e1t cholinu nach\u00e1z\u00ed uplatn\u011bn\u00ed v:<\/p>\n<ul>\n<li>Dopl\u0148c\u00edch stravy podporuj\u00edc\u00edch pr\u00e1ci mozku a nervov\u00e9ho syst\u00e9mu<\/li>\n<li>Prepar\u00e1tech podporuj\u00edc\u00edch kognitivn\u00ed schopnosti, pam\u011b\u0165 a koncentraci<\/li>\n<li>Produktech pro seniory a osoby s neurologick\u00fdmi poruchami<\/li>\n<li>Podpo\u0159e organismu b\u011bhem studia, du\u0161evn\u00ed pr\u00e1ce a psychofyzick\u00e9 z\u00e1t\u011b\u017ee<\/li>\n<li>Prepar\u00e1tech podporuj\u00edc\u00edch funkce jater a detoxikaci<\/li>\n<\/ul>\n<p>Jeho kysel\u00e1 chu\u0165 je snadno neutralizov\u00e1na v hotov\u00fdch suplementa\u010dn\u00edch receptur\u00e1ch pomoc\u00ed sladidel nebo chu\u0165ov\u00fdch l\u00e1tek.<\/p>\n","protected":false},"excerpt":{"rendered":"<p><strong>Citr\u00e1t cholinu<\/strong> (Choline Dihydrogen Citrate, CAS: 77-91-8) je chemick\u00e1 slou\u010denina potravin\u00e1\u0159sk\u00e9 t\u0159\u00eddy, kter\u00e1 p\u0159edstavuje spojen\u00ed cholinu a <a href=\"https:\/\/naturalpoland.com\/cs\/produkty\/produkty-pro-potravinarsky-prumysl\/suroviny-pro-vyrobu\/monohydrat-kyseliny-citronove\/\">kyseliny citr\u00f3nov\u00e9<\/a>. V jeho slo\u017een\u00ed se nach\u00e1z\u00ed v\u00edce ne\u017e 98&nbsp;% \u010dist\u00e9 l\u00e1tky p\u0159i obsahu cholinu dosahuj\u00edc\u00edm a\u017e 51&nbsp;%.  To znamen\u00e1, \u017ee p\u0159\u00edpravek obsahuje v\u00edce cholinu ne\u017e bitartr\u00e1tov\u00e1 forma.<\/p>\n","protected":false},"featured_media":42519,"template":"","meta":{"_acf_changed":false},"product_brand":[],"product_cat":[629],"product_tag":[],"class_list":{"0":"post-6971","1":"product","2":"type-product","3":"status-publish","4":"has-post-thumbnail","6":"product_cat-pridavky-k-doplnkum-stravy","8":"first","9":"instock","10":"shipping-taxable","11":"product-type-simple"},"acf":[],"yoast_head":"<!-- This site is optimized with the Yoast SEO plugin v27.4 - https:\/\/yoast.com\/product\/yoast-seo-wordpress\/ -->\n<title>Cholin citr\u00e1t - Velkoobchodn\u00ed distributor<\/title>\n<meta name=\"description\" content=\"Cholin citr\u00e1t je kombinac\u00ed deriv\u00e1tu kyseliny citr\u00f3nov\u00e9 s cholinem. Ve slo\u017een\u00ed produktu tvo\u0159\u00ed cholin 51%, co\u017e je v\u00edce ne\u017e ve form\u011b dihydrogentartr\u00e1tu.\" \/>\n<meta name=\"robots\" content=\"index, follow, max-snippet:-1, max-image-preview:large, max-video-preview:-1\" \/>\n<link rel=\"canonical\" href=\"https:\/\/naturalpoland.com\/cs\/produkty\/produkty-pro-farmaceuticky-a-zdravotnicky-prumysl\/pridavky-k-doplnkum-stravy\/cholin-citrat\/\" \/>\n<meta property=\"og:locale\" content=\"cs_CZ\" \/>\n<meta property=\"og:type\" content=\"article\" \/>\n<meta property=\"og:title\" content=\"Cholin citr\u00e1t - Velkoobchodn\u00ed distributor\" \/>\n<meta property=\"og:description\" content=\"Cholin citr\u00e1t je kombinac\u00ed deriv\u00e1tu kyseliny citr\u00f3nov\u00e9 s cholinem. Ve slo\u017een\u00ed produktu tvo\u0159\u00ed cholin 51%, co\u017e je v\u00edce ne\u017e ve form\u011b dihydrogentartr\u00e1tu.\" \/>\n<meta property=\"og:url\" content=\"https:\/\/naturalpoland.com\/cs\/produkty\/produkty-pro-farmaceuticky-a-zdravotnicky-prumysl\/pridavky-k-doplnkum-stravy\/cholin-citrat\/\" \/>\n<meta property=\"og:site_name\" content=\"NATURAL POLAND - Velkoobchodn\u00ed distributor surovin\" \/>\n<meta property=\"article:publisher\" content=\"https:\/\/www.facebook.com\/naturalpoland.b2b\" \/>\n<meta property=\"article:modified_time\" content=\"2025-09-09T09:14:00+00:00\" \/>\n<meta property=\"og:image\" content=\"https:\/\/naturalpoland.com\/wp-content\/uploads\/cytrynian-choliny.webp\" \/>\n\t<meta property=\"og:image:width\" content=\"1024\" \/>\n\t<meta property=\"og:image:height\" content=\"1024\" \/>\n\t<meta property=\"og:image:type\" content=\"image\/webp\" \/>\n<script type=\"application\/ld+json\" class=\"yoast-schema-graph\">{\"@context\":\"https:\\\/\\\/schema.org\",\"@graph\":[{\"@type\":\"WebPage\",\"@id\":\"https:\\\/\\\/naturalpoland.com\\\/cs\\\/produkty\\\/produkty-pro-farmaceuticky-a-zdravotnicky-prumysl\\\/pridavky-k-doplnkum-stravy\\\/cholin-citrat\\\/\",\"url\":\"https:\\\/\\\/naturalpoland.com\\\/cs\\\/produkty\\\/produkty-pro-farmaceuticky-a-zdravotnicky-prumysl\\\/pridavky-k-doplnkum-stravy\\\/cholin-citrat\\\/\",\"name\":\"Cholin citr\u00e1t - Velkoobchodn\u00ed distributor\",\"isPartOf\":{\"@id\":\"https:\\\/\\\/naturalpoland.com\\\/cs\\\/#website\"},\"primaryImageOfPage\":{\"@id\":\"https:\\\/\\\/naturalpoland.com\\\/cs\\\/produkty\\\/produkty-pro-farmaceuticky-a-zdravotnicky-prumysl\\\/pridavky-k-doplnkum-stravy\\\/cholin-citrat\\\/#primaryimage\"},\"image\":{\"@id\":\"https:\\\/\\\/naturalpoland.com\\\/cs\\\/produkty\\\/produkty-pro-farmaceuticky-a-zdravotnicky-prumysl\\\/pridavky-k-doplnkum-stravy\\\/cholin-citrat\\\/#primaryimage\"},\"thumbnailUrl\":\"https:\\\/\\\/naturalpoland.com\\\/wp-content\\\/uploads\\\/cytrynian-choliny.webp\",\"datePublished\":\"2021-05-11T11:37:21+00:00\",\"dateModified\":\"2025-09-09T09:14:00+00:00\",\"description\":\"Cholin citr\u00e1t je kombinac\u00ed deriv\u00e1tu kyseliny citr\u00f3nov\u00e9 s cholinem. Ve slo\u017een\u00ed produktu tvo\u0159\u00ed cholin 51%, co\u017e je v\u00edce ne\u017e ve form\u011b dihydrogentartr\u00e1tu.\",\"breadcrumb\":{\"@id\":\"https:\\\/\\\/naturalpoland.com\\\/cs\\\/produkty\\\/produkty-pro-farmaceuticky-a-zdravotnicky-prumysl\\\/pridavky-k-doplnkum-stravy\\\/cholin-citrat\\\/#breadcrumb\"},\"inLanguage\":\"cs\",\"potentialAction\":[{\"@type\":\"ReadAction\",\"target\":[\"https:\\\/\\\/naturalpoland.com\\\/cs\\\/produkty\\\/produkty-pro-farmaceuticky-a-zdravotnicky-prumysl\\\/pridavky-k-doplnkum-stravy\\\/cholin-citrat\\\/\"]}]},{\"@type\":\"ImageObject\",\"inLanguage\":\"cs\",\"@id\":\"https:\\\/\\\/naturalpoland.com\\\/cs\\\/produkty\\\/produkty-pro-farmaceuticky-a-zdravotnicky-prumysl\\\/pridavky-k-doplnkum-stravy\\\/cholin-citrat\\\/#primaryimage\",\"url\":\"https:\\\/\\\/naturalpoland.com\\\/wp-content\\\/uploads\\\/cytrynian-choliny.webp\",\"contentUrl\":\"https:\\\/\\\/naturalpoland.com\\\/wp-content\\\/uploads\\\/cytrynian-choliny.webp\",\"width\":1024,\"height\":1024,\"caption\":\"citr\u00e1t cholinu ve form\u011b jemn\u00e9ho krystalick\u00e9ho b\u00edl\u00e9ho pr\u00e1\u0161ku\"},{\"@type\":\"BreadcrumbList\",\"@id\":\"https:\\\/\\\/naturalpoland.com\\\/cs\\\/produkty\\\/produkty-pro-farmaceuticky-a-zdravotnicky-prumysl\\\/pridavky-k-doplnkum-stravy\\\/cholin-citrat\\\/#breadcrumb\",\"itemListElement\":[{\"@type\":\"ListItem\",\"position\":1,\"name\":\"Dom\u016f\",\"item\":\"https:\\\/\\\/naturalpoland.com\\\/cs\\\/\"},{\"@type\":\"ListItem\",\"position\":2,\"name\":\"Produkty\",\"item\":\"https:\\\/\\\/naturalpoland.com\\\/cs\\\/produkty\\\/\"},{\"@type\":\"ListItem\",\"position\":3,\"name\":\"Cholin citr\u00e1t\"}]},{\"@type\":\"WebSite\",\"@id\":\"https:\\\/\\\/naturalpoland.com\\\/cs\\\/#website\",\"url\":\"https:\\\/\\\/naturalpoland.com\\\/cs\\\/\",\"name\":\"NATURAL POLAND - Velkoobchodn\u00ed distributor surovin\",\"description\":\"Surowce dla przemys\u0142u spo\u017cywczego, kosmetycznego i farmaceutycznego\",\"publisher\":{\"@id\":\"https:\\\/\\\/naturalpoland.com\\\/cs\\\/#organization\"},\"potentialAction\":[{\"@type\":\"SearchAction\",\"target\":{\"@type\":\"EntryPoint\",\"urlTemplate\":\"https:\\\/\\\/naturalpoland.com\\\/cs\\\/?s={search_term_string}\"},\"query-input\":{\"@type\":\"PropertyValueSpecification\",\"valueRequired\":true,\"valueName\":\"search_term_string\"}}],\"inLanguage\":\"cs\"},{\"@type\":\"Organization\",\"@id\":\"https:\\\/\\\/naturalpoland.com\\\/cs\\\/#organization\",\"name\":\"Natural Poland\",\"url\":\"https:\\\/\\\/naturalpoland.com\\\/cs\\\/\",\"logo\":{\"@type\":\"ImageObject\",\"inLanguage\":\"cs\",\"@id\":\"https:\\\/\\\/naturalpoland.com\\\/cs\\\/#\\\/schema\\\/logo\\\/image\\\/\",\"url\":\"https:\\\/\\\/naturalpoland.com\\\/wp-content\\\/uploads\\\/2021\\\/05\\\/natural-poland-icon.png\",\"contentUrl\":\"https:\\\/\\\/naturalpoland.com\\\/wp-content\\\/uploads\\\/2021\\\/05\\\/natural-poland-icon.png\",\"width\":512,\"height\":512,\"caption\":\"Natural Poland\"},\"image\":{\"@id\":\"https:\\\/\\\/naturalpoland.com\\\/cs\\\/#\\\/schema\\\/logo\\\/image\\\/\"},\"sameAs\":[\"https:\\\/\\\/www.facebook.com\\\/naturalpoland.b2b\",\"https:\\\/\\\/pl.linkedin.com\\\/company\\\/natural-poland\",\"https:\\\/\\\/www.youtube.com\\\/channel\\\/UCgeGGkvOMahZo-xu_MSEWxg\"]}]}<\/script>\n<!-- \/ Yoast SEO plugin. -->","yoast_head_json":{"title":"Cholin citr\u00e1t - Velkoobchodn\u00ed distributor","description":"Cholin citr\u00e1t je kombinac\u00ed deriv\u00e1tu kyseliny citr\u00f3nov\u00e9 s cholinem. Ve slo\u017een\u00ed produktu tvo\u0159\u00ed cholin 51%, co\u017e je v\u00edce ne\u017e ve form\u011b dihydrogentartr\u00e1tu.","robots":{"index":"index","follow":"follow","max-snippet":"max-snippet:-1","max-image-preview":"max-image-preview:large","max-video-preview":"max-video-preview:-1"},"canonical":"https:\/\/naturalpoland.com\/cs\/produkty\/produkty-pro-farmaceuticky-a-zdravotnicky-prumysl\/pridavky-k-doplnkum-stravy\/cholin-citrat\/","og_locale":"cs_CZ","og_type":"article","og_title":"Cholin citr\u00e1t - Velkoobchodn\u00ed distributor","og_description":"Cholin citr\u00e1t je kombinac\u00ed deriv\u00e1tu kyseliny citr\u00f3nov\u00e9 s cholinem. Ve slo\u017een\u00ed produktu tvo\u0159\u00ed cholin 51%, co\u017e je v\u00edce ne\u017e ve form\u011b dihydrogentartr\u00e1tu.","og_url":"https:\/\/naturalpoland.com\/cs\/produkty\/produkty-pro-farmaceuticky-a-zdravotnicky-prumysl\/pridavky-k-doplnkum-stravy\/cholin-citrat\/","og_site_name":"NATURAL POLAND - Velkoobchodn\u00ed distributor surovin","article_publisher":"https:\/\/www.facebook.com\/naturalpoland.b2b","article_modified_time":"2025-09-09T09:14:00+00:00","og_image":[{"width":1024,"height":1024,"url":"https:\/\/naturalpoland.com\/wp-content\/uploads\/cytrynian-choliny.webp","type":"image\/webp"}],"schema":{"@context":"https:\/\/schema.org","@graph":[{"@type":"WebPage","@id":"https:\/\/naturalpoland.com\/cs\/produkty\/produkty-pro-farmaceuticky-a-zdravotnicky-prumysl\/pridavky-k-doplnkum-stravy\/cholin-citrat\/","url":"https:\/\/naturalpoland.com\/cs\/produkty\/produkty-pro-farmaceuticky-a-zdravotnicky-prumysl\/pridavky-k-doplnkum-stravy\/cholin-citrat\/","name":"Cholin citr\u00e1t - Velkoobchodn\u00ed distributor","isPartOf":{"@id":"https:\/\/naturalpoland.com\/cs\/#website"},"primaryImageOfPage":{"@id":"https:\/\/naturalpoland.com\/cs\/produkty\/produkty-pro-farmaceuticky-a-zdravotnicky-prumysl\/pridavky-k-doplnkum-stravy\/cholin-citrat\/#primaryimage"},"image":{"@id":"https:\/\/naturalpoland.com\/cs\/produkty\/produkty-pro-farmaceuticky-a-zdravotnicky-prumysl\/pridavky-k-doplnkum-stravy\/cholin-citrat\/#primaryimage"},"thumbnailUrl":"https:\/\/naturalpoland.com\/wp-content\/uploads\/cytrynian-choliny.webp","datePublished":"2021-05-11T11:37:21+00:00","dateModified":"2025-09-09T09:14:00+00:00","description":"Cholin citr\u00e1t je kombinac\u00ed deriv\u00e1tu kyseliny citr\u00f3nov\u00e9 s cholinem. Ve slo\u017een\u00ed produktu tvo\u0159\u00ed cholin 51%, co\u017e je v\u00edce ne\u017e ve form\u011b dihydrogentartr\u00e1tu.","breadcrumb":{"@id":"https:\/\/naturalpoland.com\/cs\/produkty\/produkty-pro-farmaceuticky-a-zdravotnicky-prumysl\/pridavky-k-doplnkum-stravy\/cholin-citrat\/#breadcrumb"},"inLanguage":"cs","potentialAction":[{"@type":"ReadAction","target":["https:\/\/naturalpoland.com\/cs\/produkty\/produkty-pro-farmaceuticky-a-zdravotnicky-prumysl\/pridavky-k-doplnkum-stravy\/cholin-citrat\/"]}]},{"@type":"ImageObject","inLanguage":"cs","@id":"https:\/\/naturalpoland.com\/cs\/produkty\/produkty-pro-farmaceuticky-a-zdravotnicky-prumysl\/pridavky-k-doplnkum-stravy\/cholin-citrat\/#primaryimage","url":"https:\/\/naturalpoland.com\/wp-content\/uploads\/cytrynian-choliny.webp","contentUrl":"https:\/\/naturalpoland.com\/wp-content\/uploads\/cytrynian-choliny.webp","width":1024,"height":1024,"caption":"citr\u00e1t cholinu ve form\u011b jemn\u00e9ho krystalick\u00e9ho b\u00edl\u00e9ho pr\u00e1\u0161ku"},{"@type":"BreadcrumbList","@id":"https:\/\/naturalpoland.com\/cs\/produkty\/produkty-pro-farmaceuticky-a-zdravotnicky-prumysl\/pridavky-k-doplnkum-stravy\/cholin-citrat\/#breadcrumb","itemListElement":[{"@type":"ListItem","position":1,"name":"Dom\u016f","item":"https:\/\/naturalpoland.com\/cs\/"},{"@type":"ListItem","position":2,"name":"Produkty","item":"https:\/\/naturalpoland.com\/cs\/produkty\/"},{"@type":"ListItem","position":3,"name":"Cholin citr\u00e1t"}]},{"@type":"WebSite","@id":"https:\/\/naturalpoland.com\/cs\/#website","url":"https:\/\/naturalpoland.com\/cs\/","name":"NATURAL POLAND - Velkoobchodn\u00ed distributor surovin","description":"Surowce dla przemys\u0142u spo\u017cywczego, kosmetycznego i farmaceutycznego","publisher":{"@id":"https:\/\/naturalpoland.com\/cs\/#organization"},"potentialAction":[{"@type":"SearchAction","target":{"@type":"EntryPoint","urlTemplate":"https:\/\/naturalpoland.com\/cs\/?s={search_term_string}"},"query-input":{"@type":"PropertyValueSpecification","valueRequired":true,"valueName":"search_term_string"}}],"inLanguage":"cs"},{"@type":"Organization","@id":"https:\/\/naturalpoland.com\/cs\/#organization","name":"Natural Poland","url":"https:\/\/naturalpoland.com\/cs\/","logo":{"@type":"ImageObject","inLanguage":"cs","@id":"https:\/\/naturalpoland.com\/cs\/#\/schema\/logo\/image\/","url":"https:\/\/naturalpoland.com\/wp-content\/uploads\/2021\/05\/natural-poland-icon.png","contentUrl":"https:\/\/naturalpoland.com\/wp-content\/uploads\/2021\/05\/natural-poland-icon.png","width":512,"height":512,"caption":"Natural Poland"},"image":{"@id":"https:\/\/naturalpoland.com\/cs\/#\/schema\/logo\/image\/"},"sameAs":["https:\/\/www.facebook.com\/naturalpoland.b2b","https:\/\/pl.linkedin.com\/company\/natural-poland","https:\/\/www.youtube.com\/channel\/UCgeGGkvOMahZo-xu_MSEWxg"]}]}},"_links":{"self":[{"href":"https:\/\/naturalpoland.com\/cs\/wp-json\/wp\/v2\/product\/6971","targetHints":{"allow":["GET"]}}],"collection":[{"href":"https:\/\/naturalpoland.com\/cs\/wp-json\/wp\/v2\/product"}],"about":[{"href":"https:\/\/naturalpoland.com\/cs\/wp-json\/wp\/v2\/types\/product"}],"wp:featuredmedia":[{"embeddable":true,"href":"https:\/\/naturalpoland.com\/cs\/wp-json\/wp\/v2\/media\/42519"}],"wp:attachment":[{"href":"https:\/\/naturalpoland.com\/cs\/wp-json\/wp\/v2\/media?parent=6971"}],"wp:term":[{"taxonomy":"product_brand","embeddable":true,"href":"https:\/\/naturalpoland.com\/cs\/wp-json\/wp\/v2\/product_brand?post=6971"},{"taxonomy":"product_cat","embeddable":true,"href":"https:\/\/naturalpoland.com\/cs\/wp-json\/wp\/v2\/product_cat?post=6971"},{"taxonomy":"product_tag","embeddable":true,"href":"https:\/\/naturalpoland.com\/cs\/wp-json\/wp\/v2\/product_tag?post=6971"}],"curies":[{"name":"wp","href":"https:\/\/api.w.org\/{rel}","templated":true}]}}